{"id":17217,"date":"2024-05-18T11:31:03","date_gmt":"2024-05-18T09:31:03","guid":{"rendered":"https:\/\/www.suresms.com\/dk\/?page_id=17217"},"modified":"2024-05-18T11:31:03","modified_gmt":"2024-05-18T09:31:03","slug":"ligacao-sms-4","status":"publish","type":"page","link":"https:\/\/suresms.com\/pt\/integrationer\/cms-content-management-system-sms-integration\/sms-integration-wordpress-wp-sms\/","title":{"rendered":"Integra\u00e7\u00e3o de SMS para WordPress com WP-SMS"},"content":{"rendered":"<!-- Flexy Breadcrumb -->\r\n\t\t\t<div class=\"fbc fbc-page\">\r\n\r\n\t\t\t\t<!-- Breadcrumb wrapper -->\r\n\t\t\t\t<div class=\"fbc-wrap\">\r\n\r\n\t\t\t\t\t<!-- Ordered list-->\r\n\t\t\t\t\t<ol class=\"fbc-items\" itemscope itemtype=\"https:\/\/schema.org\/BreadcrumbList\">\r\n\t\t\t\t\t\t            <li itemprop=\"itemListElement\" itemscope itemtype=\"https:\/\/schema.org\/ListItem\">\r\n                <span itemprop=\"name\">\r\n                    <!-- Home Link -->\r\n                    <a itemprop=\"item\" href=\"https:\/\/suresms.com\/pt\/\">\r\n                    \r\n                                                    <i class=\"fa fa-home\" aria-hidden=\"true\"><\/i>In\u00edcio                    <\/a>\r\n                <\/span>\r\n                <meta itemprop=\"position\" content=\"1\" \/><!-- Meta Position-->\r\n             <\/li><li><span class=\"fbc-separator\">\/<\/span><\/li><li class=\"active\" itemprop=\"itemListElement\" itemscope itemtype=\"https:\/\/schema.org\/ListItem\"><span itemprop=\"name\" title=\"Integra\u00e7\u00e3o de SMS para WordPress com WP-SMS\">Integra\u00e7\u00e3o de SMS para WordPress...<\/span><meta itemprop=\"position\" content=\"2\" \/><\/li>\t\t\t\t\t<\/ol>\r\n\t\t\t\t\t<div class=\"clearfix\"><\/div>\r\n\t\t\t\t<\/div>\r\n\t\t\t<\/div>\r\n\t\t\t\n\t<h1><strong>Integra\u00e7\u00e3o de SMS para WordPress com WP-SMS<\/strong><\/h1>\n\t\t\t\t<img loading=\"lazy\" decoding=\"async\" src=\"https:\/\/www.suresms.com\/dk\/wp-content\/uploads\/2022\/02\/WpSMS-SureSMS-1.png\" alt=\"SMS WordPress com WP-SMS\" itemprop=\"image\" height=\"460\" width=\"1281\" title=\"WpSMS-SureSMS\" onerror=\"this.style.display='none'\"  \/>\n<h2>\n\t\tO que \u00e9 o WP-SMS (e o WordPress)\n\t<\/h2>\n\t<p>O WP-SMS \u00e9 o principal plug-in de SMS para WordPress, e por boas raz\u00f5es. Com uma interface f\u00e1cil de utilizar, uma gama de funcionalidades poderosas e um excelente suporte, o WP-SMS oferece tudo o que precisa para otimizar a sua comunica\u00e7\u00e3o por SMS. E o melhor de tudo? A vers\u00e3o b\u00e1sica \u00e9 totalmente gratuita! Para obter funcionalidades avan\u00e7adas que levem a sua estrat\u00e9gia de SMS para o pr\u00f3ximo n\u00edvel, pode atualizar para a nossa vers\u00e3o Pro. Experimente o WP-SMS hoje e descubra como podemos melhorar a sua comunica\u00e7\u00e3o empresarial.<\/p>\n\t<p><strong>Sem encurtador de URL de marca<\/strong><\/p>\n\t\t\t\t<img loading=\"lazy\" decoding=\"async\" src=\"https:\/\/www.suresms.com\/wp-content\/uploads\/2024\/05\/Uden-url-shortner.png\" alt=\"Sem encurtador de URL\" itemprop=\"image\" height=\"614\" width=\"720\" title=\"Sem encurtador de url\" onerror=\"this.style.display='none'\"  \/>\n\t<p><strong>Enviar SMS a partir do WP-SMS<\/strong><\/p>\n\t\t\t\t<img loading=\"lazy\" decoding=\"async\" src=\"https:\/\/www.suresms.com\/dk\/wp-content\/uploads\/2022\/02\/Wp_SMS-send.png\" alt=\"Captura de ecr\u00e3\" itemprop=\"image\" height=\"1185\" width=\"1359\" title=\"Wp_SMS enviar\" onerror=\"this.style.display='none'\"  \/>\n<h2>\n\t\tWP-SMS e SureSMS\n\t<\/h2>\n\t<p>O plugin WordPress WP-SMS (<a href=\"https:\/\/wp-sms-pro.com\/\">https:\/\/wp-sms-pro.com\/)<\/a> n\u00e3o pode enviar mensagens SMS por si s\u00f3. Para enviar mensagens SMS, o plugin tem de estar ligado a um gateway de SMS, como o SureSMS. O WP-SMS utiliza as muitas possibilidades do WordPress e permite-lhe enviar a partir de muitos locais e plugins diferentes. O gateway de SMS garante que a mensagem \u00e9 entregue ao destinat\u00e1rio.<\/p>\n<p>&nbsp;<\/p>\n<h2>\n\t\tWP-SMS e outros plugins\n\t<\/h2>\n\t<p>Uma das grandes vantagens do WP-SMS s\u00e3o as muitas integra\u00e7\u00f5es com outros plug-ins do WordPress. Abaixo pode ver as muitas integra\u00e7\u00f5es diferentes.<\/p>\n\t\t\t\t\t<a href=\"javascript:void(0);\" id=\"fl-accordion--label-0\" tabindex=\"0\" aria-controls=\"fl-accordion--panel-0\">WooCommerce<\/a>\n\t\t\t\t\t\t\t\t\t\t\t<a href=\"#\" id=\"fl-accordion--icon-0\" tabindex=\"-1\" aria-controls=\"fl-accordion--panel-0\"><i>Expandir<\/i><\/a>\n\t\t\t\t\t<ul role=\"list\">\n<li>Adicionar n\u00famero de telefone na p\u00e1gina de check-out<\/li>\n<li>OTP (One Time Password) verificar o n\u00famero de telem\u00f3vel do cliente<\/li>\n<li>Notificar sobre novos produtos<\/li>\n<li>Notificar o administrador sobre novas encomendas<\/li>\n<li>Notificar os clientes quando efectuam uma encomenda<\/li>\n<li>Notificar os clientes quando ocorrem altera\u00e7\u00f5es na sua encomenda<\/li>\n<\/ul>\n\t\t\t\t\t<a href=\"javascript:void(0);\" id=\"fl-accordion--label-1\" tabindex=\"0\" aria-controls=\"fl-accordion--panel-1\">BuddyPress<\/a>\n\t\t\t\t\t\t\t\t\t\t\t<a href=\"#\" id=\"fl-accordion--icon-1\" tabindex=\"-1\" aria-controls=\"fl-accordion--panel-1\"><i>Expandir<\/i><\/a>\n\t\t\t\t\t<ul>\n<li>Adicionar\/utilizar o campo do n\u00famero de telefone existente em.<\/li>\n<li>Enviar SMS aos utilizadores quando algu\u00e9m os menciona em mensagens<\/li>\n<li>Enviar SMS aos utilizadores quando estes recebem uma resposta a uma atividade ou coment\u00e1rio<\/li>\n<li>Enviar SMS de boas-vindas aos novos utilizadores<\/li>\n<li>Notifica\u00e7\u00f5es SMS privadas<\/li>\n<\/ul>\n\t\t\t\t\t<a href=\"javascript:void(0);\" id=\"fl-accordion--label-2\" tabindex=\"0\" aria-controls=\"fl-accordion--panel-2\">GravityForms<\/a>\n\t\t\t\t\t\t\t\t\t\t\t<a href=\"#\" id=\"fl-accordion--icon-2\" tabindex=\"-1\" aria-controls=\"fl-accordion--panel-2\"><i>Expandir<\/i><\/a>\n\t\t\t\t\t<ul>\n<li>Enviar SMS ao administrador quando algu\u00e9m preenche um formul\u00e1rio<\/li>\n<li>Enviar SMS para um valor de campo quando algu\u00e9m preenche um formul\u00e1rio<br \/>\n(Por exemplo, pode pedir um n\u00famero de telefone e enviar um SMS quando o formul\u00e1rio for aprovado)<\/li>\n<\/ul>\n\t\t\t\t\t<a href=\"javascript:void(0);\" id=\"fl-accordion--label-3\" tabindex=\"0\" aria-controls=\"fl-accordion--panel-3\">Formul\u00e1rio de contacto 7<\/a>\n\t\t\t\t\t\t\t\t\t\t\t<a href=\"#\" id=\"fl-accordion--icon-3\" tabindex=\"-1\" aria-controls=\"fl-accordion--panel-3\"><i>Expandir<\/i><\/a>\n\t\t\t\t\t<ul>\n<li>Enviar SMS ao administrador quando algu\u00e9m preenche um formul\u00e1rio<\/li>\n<li>Enviar SMS para um valor de campo quando algu\u00e9m preenche um formul\u00e1rio<br \/>\n(Por exemplo, pode pedir um n\u00famero de telefone e enviar um SMS quando o formul\u00e1rio for aprovado)<\/li>\n<\/ul>\n\t\t\t\t\t<a href=\"javascript:void(0);\" id=\"fl-accordion--label-4\" tabindex=\"0\" aria-controls=\"fl-accordion--panel-4\">BookingPress<\/a>\n\t\t\t\t\t\t\t\t\t\t\t<a href=\"#\" id=\"fl-accordion--icon-4\" tabindex=\"-1\" aria-controls=\"fl-accordion--panel-4\"><i>Expandir<\/i><\/a>\n\t\t\t\t\t<ul data-sourcepos=\"5:1-11:0\">\n<li data-sourcepos=\"5:1-5:18\">Novas nomea\u00e7\u00f5es<\/li>\n<li data-sourcepos=\"6:1-6:23\">Nomea\u00e7\u00f5es aprovadas<\/li>\n<li data-sourcepos=\"7:1-7:23\">Marca\u00e7\u00f5es canceladas<\/li>\n<li data-sourcepos=\"8:1-8:26\">Marca\u00e7\u00f5es remarcadas<\/li>\n<li data-sourcepos=\"9:1-9:23\">Pr\u00f3ximos compromissos<\/li>\n<li data-sourcepos=\"10:1-11:0\">Faltas \u00e0s consultas<\/li>\n<\/ul>\n\t\t\t\t\t<a href=\"javascript:void(0);\" id=\"fl-accordion--label-5\" tabindex=\"0\" aria-controls=\"fl-accordion--panel-5\">Marca\u00e7\u00f5es do WooCommerce<\/a>\n\t\t\t\t\t\t\t\t\t\t\t<a href=\"#\" id=\"fl-accordion--icon-5\" tabindex=\"-1\" aria-controls=\"fl-accordion--panel-5\"><i>Expandir<\/i><\/a>\n\t\t\t\t\t<ul data-sourcepos=\"5:1-11:0\">\n<li data-sourcepos=\"5:1-5:18\">Novas nomea\u00e7\u00f5es<\/li>\n<li data-sourcepos=\"6:1-6:23\">Nomea\u00e7\u00f5es aprovadas<\/li>\n<li data-sourcepos=\"7:1-7:23\">Marca\u00e7\u00f5es canceladas<\/li>\n<li data-sourcepos=\"8:1-8:26\">Marca\u00e7\u00f5es remarcadas<\/li>\n<li data-sourcepos=\"9:1-9:23\">Pr\u00f3ximos compromissos<\/li>\n<li data-sourcepos=\"10:1-11:0\">Faltas \u00e0s consultas<\/li>\n<\/ul>\n\t\t\t\t\t<a href=\"javascript:void(0);\" id=\"fl-accordion--label-6\" tabindex=\"0\" aria-controls=\"fl-accordion--panel-6\">Calend\u00e1rio de reservas<\/a>\n\t\t\t\t\t\t\t\t\t\t\t<a href=\"#\" id=\"fl-accordion--icon-6\" tabindex=\"-1\" aria-controls=\"fl-accordion--panel-6\"><i>Expandir<\/i><\/a>\n\t\t\t\t\t<ul data-sourcepos=\"5:1-11:0\">\n<li data-sourcepos=\"5:1-5:18\">Novas nomea\u00e7\u00f5es<\/li>\n<li data-sourcepos=\"6:1-6:23\">Nomea\u00e7\u00f5es aprovadas<\/li>\n<li data-sourcepos=\"7:1-7:23\">Marca\u00e7\u00f5es canceladas<\/li>\n<li data-sourcepos=\"8:1-8:26\">Marca\u00e7\u00f5es remarcadas<\/li>\n<li data-sourcepos=\"9:1-9:23\">Pr\u00f3ximos compromissos<\/li>\n<li data-sourcepos=\"10:1-11:0\">Faltas \u00e0s consultas<\/li>\n<\/ul>\n\t\t\t\t\t<a href=\"javascript:void(0);\" id=\"fl-accordion--label-7\" tabindex=\"0\" aria-controls=\"fl-accordion--panel-7\">Ver todas as integra\u00e7\u00f5es aqui<\/a>\n\t\t\t\t\t\t\t\t\t\t\t<a href=\"#\" id=\"fl-accordion--icon-7\" tabindex=\"-1\" aria-controls=\"fl-accordion--panel-7\"><i>Expandir<\/i><\/a>\n\t\t\t\t\t<p><a href=\"https:\/\/wp-sms-pro.com\/product-category\/add-ons\/\" target=\"_blank\" rel=\"noopener\">https:\/\/wp-sms-pro.com\/product-category\/add-ons\/<\/a><\/p>\n<h2>\n\t\tConfigurar o WP-SMS\n\t<\/h2>\n\t<p>Para utilizar o WP-SMS no WordPress, tem de instalar o WP-SMS na sua instala\u00e7\u00e3o do WordPress e depois lig\u00e1-lo \u00e0 sua conta SureSMS. Abaixo pode ler como<\/p>\n<ol>\n<li>Configurar no SureSMS<\/li>\n<li>Instalar o WP-SMS e configur\u00e1-lo<\/li>\n<\/ol>\n<h3>\n\t\tConfigura\u00e7\u00e3o no SureSMS\n\t<\/h3>\n\t<p>Para utilizar o SureSMS a partir do WP-SMS, necessita de uma conta SureSMS e de uma chave API do SureSMS.<\/p>\n<ol>\n<li>Aceda \u00e0 sua conta SureSMS aqui <a href=\"https:\/\/app.suresms.com\" target=\"_blank\" rel=\"noopener\">https:\/\/app.suresms.com<\/a><br \/>\nSe ainda n\u00e3o tem uma conta, pode criar uma aqui <a href=\"https:\/\/suresms.com\/pt\/conta-de-teste-de-sms-gratis\/\" target=\"_blank\" rel=\"noopener\">Criar uma conta SMS Gateway<\/a><\/li>\n<li>Selecionar chaves API no menu<\/li>\n<li>Clique em Options (Op\u00e7\u00f5es) no canto superior direito e selecione \"SureSMS API key\" (Chave da API SureSMS) no menu.<\/li>\n<li>No nome, pode escrever, por exemplo, WP-SMS\/WooCommerce se precisar de utilizar o WP-SMS a partir do WooCommerce<\/li>\n<li>Clique em Guardar<\/li>\n<\/ol>\n\t\t\t\t<img loading=\"lazy\" decoding=\"async\" src=\"https:\/\/www.suresms.com\/wp-content\/uploads\/2024\/05\/SPIKey.png\" alt=\"APIKey\" itemprop=\"image\" height=\"216\" width=\"1045\" title=\"SPIKey\" onerror=\"this.style.display='none'\"  \/>\n\t<p>Copie a chave da API para a ter mais tarde.<\/p>\n<p>O SureSMS j\u00e1 est\u00e1 conclu\u00eddo.<\/p>\n<h3>\n\t\tConfigurar o WP-SMS\n\t<\/h3>\n\t<h3>Instalar e ativar o plugin WP-SMS no seu s\u00edtio WordPress<\/h3>\n<p>Aceda ao painel de controlo do WordPress, encontre a sec\u00e7\u00e3o \"Plugins\", clique em \"Add New\" (Adicionar novo) e procure WP-SMS. Instale e active o plugin.<\/p>\n\t<h3>Configurar o WP-SMS com o seu gateway de SMS<\/h3>\n<p>No painel de defini\u00e7\u00f5es do WP-SMS, introduza as informa\u00e7\u00f5es necess\u00e1rias para integrar o gateway de SMS que escolheu:<\/p>\n<p><strong>Nome do gateway:<\/strong> Selecione SureSMS na lista de gateways suportados<\/p>\n\t\t\t\t<img loading=\"lazy\" decoding=\"async\" src=\"https:\/\/www.suresms.com\/wp-content\/uploads\/2024\/05\/WP-SMS-opsaetning.jpg\" alt=\"Configura\u00e7\u00e3o do WP-SMS\" itemprop=\"image\" height=\"1173\" width=\"1615\" title=\"Configura\u00e7\u00e3o do WP-SMS\" onerror=\"this.style.display='none'\"  \/>\n\t<strong>Nome de utilizador da API<\/strong> Aqui digita-se \"APIkey\" sem aspas<br \/>\n<strong>Palavra-passe da API<\/strong>aqui cola a APIkey que copiou da SureSMS<br \/>\n<strong>N\u00famero do remetente<\/strong>Defina o seu pr\u00f3prio n\u00famero ou um dos IDs de remetente autorizados que tem na sua conta SureSMS (pode ser visto aqui <a href=\"https:\/\/app.suresms.com\/Message\/SenderData\" target=\"_blank\" rel=\"noopener\">https:\/\/app.suresms.com\/Message\/SenderData<\/a>)<br \/>\n<strong>Chave API<\/strong> aqui cola a APIkey que copiou da SureSMS\n<h3>\n\t\tTestar a configura\u00e7\u00e3o\n\t<\/h3>\n\t<p>Est\u00e1 agora pronto para testar a sua integra\u00e7\u00e3o. A forma como a testa depende das integra\u00e7\u00f5es e funcionalidades que escolheu utilizar do WP-SMS. No entanto, depois de ter enviado uma mensagem de texto de teste a partir do m\u00e9todo escolhido, pode ver o estado da sua mensagem no SureSMS no seguinte endere\u00e7o <a href=\"https:\/\/app.suresms.com\/Message\/OutBoundSMS\" target=\"_blank\" rel=\"noopener\">P\u00e1gina de mensagens enviadas no SureSMS<\/a>.<\/p>\n\t\t\t\t<img decoding=\"async\" src=\"https:\/\/www.suresms.com\/dk\/wp-content\/plugins\/bb-plugin\/img\/pixel.png\" alt=\"\" itemprop=\"image\" onerror=\"this.style.display='none'\"  \/>","protected":false},"excerpt":{"rendered":"<p>Integra\u00e7\u00e3o de SMS para WordPress com o WP-SMS O que \u00e9 o WP-SMS (e o WordPress) O WP-SMS \u00e9 o principal plug-in de SMS para WordPress, e por boas raz\u00f5es. Com uma interface f\u00e1cil de utilizar, uma gama de funcionalidades poderosas e um excelente suporte, o WP-SMS oferece tudo o que precisa para otimizar a sua comunica\u00e7\u00e3o por SMS. E a melhor parte? A vers\u00e3o b\u00e1sica \u00e9 completamente... <a title=\"Integra\u00e7\u00e3o de SMS para WordPress com WP-SMS\" class=\"read-more\" href=\"https:\/\/suresms.com\/pt\/integrationer\/cms-content-management-system-sms-integration\/sms-integration-wordpress-wp-sms\/\" aria-label=\"Leia mais sobre Integra\u00e7\u00e3o de SMS para WordPress com WP-SMS\">Rir mas<\/a><\/p>","protected":false},"author":1,"featured_media":0,"parent":14437,"menu_order":12,"comment_status":"closed","ping_status":"closed","template":"","meta":{"_fl_builder_enabled":"1","_fl_builder_data":null,"_fl_builder_draft":null,"_fl_builder_data_settings":null,"_fl_builder_css":"","_fl_builder_css_version":"","_fl_builder_js":"","footnotes":""},"categories":[],"tags":[],"class_list":["post-17217","page","type-page","status-publish"],"yoast_head":"<!-- This site is optimized with the Yoast SEO Premium plugin v27.3 (Yoast SEO v27.3) - https:\/\/yoast.com\/product\/yoast-seo-premium-wordpress\/ -->\r\n<title>SMS integration til WordPress med WP-SMS - gratis konto<\/title>\r\n<meta name=\"description\" content=\"Du kan sende b\u00e5de sms links, billeder, videoer og lydfiler med vores SMS gateway. Uanede muligheder for rigt indhold.\" \/>\r\n<meta name=\"robots\" content=\"index, follow, max-snippet:-1, max-image-preview:large, max-video-preview:-1\" \/>\r\n<link rel=\"canonical\" href=\"https:\/\/suresms.com\/pt\/integracoes\/cms-sistema-de-gestao-de-conteudos-integracao-de-sms\/ligacao-sms-4\/\" \/>\r\n<meta property=\"og:locale\" content=\"pt_PT\" \/>\r\n<meta property=\"og:type\" content=\"article\" \/>\r\n<meta property=\"og:title\" content=\"SMS integration til WordPress med WP-SMS\" \/>\r\n<meta property=\"og:description\" content=\"Du kan sende b\u00e5de sms links, billeder, videoer og lydfiler med vores SMS gateway. Uanede muligheder for rigt indhold.\" \/>\r\n<meta property=\"og:url\" content=\"https:\/\/suresms.com\/pt\/integracoes\/cms-sistema-de-gestao-de-conteudos-integracao-de-sms\/ligacao-sms-4\/\" \/>\r\n<meta property=\"article:publisher\" content=\"https:\/\/www.facebook.com\/p\/SureSMS-100044607956149\/\" \/>\r\n<meta property=\"og:image\" content=\"https:\/\/www.suresms.com\/dk\/wp-content\/uploads\/2022\/02\/WpSMS-SureSMS-1.png\" \/>\r\n<meta name=\"twitter:card\" content=\"summary_large_image\" \/>\r\n<meta name=\"twitter:label1\" content=\"Tempo estimado de leitura\" \/>\n\t<meta name=\"twitter:data1\" content=\"10 minutos\" \/>\r\n<script type=\"application\/ld+json\" class=\"yoast-schema-graph\">{\"@context\":\"https:\\\/\\\/schema.org\",\"@graph\":[{\"@type\":\"WebPage\",\"@id\":\"https:\\\/\\\/suresms.com\\\/dk\\\/integrationer\\\/cms-content-management-system-sms-integration\\\/sms-integration-wordpress-wp-sms\\\/\",\"url\":\"https:\\\/\\\/suresms.com\\\/dk\\\/integrationer\\\/cms-content-management-system-sms-integration\\\/sms-integration-wordpress-wp-sms\\\/\",\"name\":\"SMS integration til WordPress med WP-SMS - gratis konto\",\"isPartOf\":{\"@id\":\"https:\\\/\\\/suresms.com\\\/en\\\/#website\"},\"primaryImageOfPage\":{\"@id\":\"https:\\\/\\\/suresms.com\\\/dk\\\/integrationer\\\/cms-content-management-system-sms-integration\\\/sms-integration-wordpress-wp-sms\\\/#primaryimage\"},\"image\":{\"@id\":\"https:\\\/\\\/suresms.com\\\/dk\\\/integrationer\\\/cms-content-management-system-sms-integration\\\/sms-integration-wordpress-wp-sms\\\/#primaryimage\"},\"thumbnailUrl\":\"https:\\\/\\\/www.suresms.com\\\/dk\\\/wp-content\\\/uploads\\\/2022\\\/02\\\/WpSMS-SureSMS-1.png\",\"datePublished\":\"2024-05-18T09:31:03+00:00\",\"description\":\"Du kan sende b\u00e5de sms links, billeder, videoer og lydfiler med vores SMS gateway. Uanede muligheder for rigt indhold.\",\"breadcrumb\":{\"@id\":\"https:\\\/\\\/suresms.com\\\/dk\\\/integrationer\\\/cms-content-management-system-sms-integration\\\/sms-integration-wordpress-wp-sms\\\/#breadcrumb\"},\"inLanguage\":\"pt-PT\",\"potentialAction\":[{\"@type\":\"ReadAction\",\"target\":[\"https:\\\/\\\/suresms.com\\\/dk\\\/integrationer\\\/cms-content-management-system-sms-integration\\\/sms-integration-wordpress-wp-sms\\\/\"]}]},{\"@type\":\"ImageObject\",\"inLanguage\":\"pt-PT\",\"@id\":\"https:\\\/\\\/suresms.com\\\/dk\\\/integrationer\\\/cms-content-management-system-sms-integration\\\/sms-integration-wordpress-wp-sms\\\/#primaryimage\",\"url\":\"https:\\\/\\\/www.suresms.com\\\/dk\\\/wp-content\\\/uploads\\\/2022\\\/02\\\/WpSMS-SureSMS-1.png\",\"contentUrl\":\"https:\\\/\\\/www.suresms.com\\\/dk\\\/wp-content\\\/uploads\\\/2022\\\/02\\\/WpSMS-SureSMS-1.png\"},{\"@type\":\"BreadcrumbList\",\"@id\":\"https:\\\/\\\/suresms.com\\\/dk\\\/integrationer\\\/cms-content-management-system-sms-integration\\\/sms-integration-wordpress-wp-sms\\\/#breadcrumb\",\"itemListElement\":[{\"@type\":\"ListItem\",\"position\":1,\"name\":\"Home\",\"item\":\"https:\\\/\\\/suresms.com\\\/dk\\\/\"},{\"@type\":\"ListItem\",\"position\":2,\"name\":\"Integrationer\",\"item\":\"https:\\\/\\\/suresms.com\\\/dk\\\/integrationer\\\/\"},{\"@type\":\"ListItem\",\"position\":3,\"name\":\"SMS integration til Content Management Systemer (CMS systemer)\",\"item\":\"https:\\\/\\\/suresms.com\\\/dk\\\/integrationer\\\/cms-content-management-system-sms-integration\\\/\"},{\"@type\":\"ListItem\",\"position\":4,\"name\":\"SMS integration til WordPress med WP-SMS\"}]},{\"@type\":\"WebSite\",\"@id\":\"https:\\\/\\\/suresms.com\\\/en\\\/#website\",\"url\":\"https:\\\/\\\/suresms.com\\\/en\\\/\",\"name\":\"SureSMS\",\"description\":\"Professionel SMS Gateway\",\"publisher\":{\"@id\":\"https:\\\/\\\/suresms.com\\\/en\\\/#organization\"},\"potentialAction\":[{\"@type\":\"SearchAction\",\"target\":{\"@type\":\"EntryPoint\",\"urlTemplate\":\"https:\\\/\\\/suresms.com\\\/en\\\/?s={search_term_string}\"},\"query-input\":{\"@type\":\"PropertyValueSpecification\",\"valueRequired\":true,\"valueName\":\"search_term_string\"}}],\"inLanguage\":\"pt-PT\"},{\"@type\":\"Organization\",\"@id\":\"https:\\\/\\\/suresms.com\\\/en\\\/#organization\",\"name\":\"SureSMS\",\"url\":\"https:\\\/\\\/suresms.com\\\/en\\\/\",\"logo\":{\"@type\":\"ImageObject\",\"inLanguage\":\"pt-PT\",\"@id\":\"https:\\\/\\\/suresms.com\\\/en\\\/#\\\/schema\\\/logo\\\/image\\\/\",\"url\":\"https:\\\/\\\/suresms.com\\\/wp-content\\\/uploads\\\/2024\\\/11\\\/suresms-300x65-1.png\",\"contentUrl\":\"https:\\\/\\\/suresms.com\\\/wp-content\\\/uploads\\\/2024\\\/11\\\/suresms-300x65-1.png\",\"width\":300,\"height\":65,\"caption\":\"SureSMS\"},\"image\":{\"@id\":\"https:\\\/\\\/suresms.com\\\/en\\\/#\\\/schema\\\/logo\\\/image\\\/\"},\"sameAs\":[\"https:\\\/\\\/www.facebook.com\\\/p\\\/SureSMS-100044607956149\\\/\"]}]}<\/script>\r\n<!-- \/ Yoast SEO Premium plugin. -->","yoast_head_json":{"title":"Integra\u00e7\u00e3o de SMS para WordPress com WP-SMS - conta gratuita","description":"Pode enviar links SMS, imagens, v\u00eddeos e ficheiros \u00e1udio com o nosso gateway SMS. Possibilidades infinitas para conte\u00fados ricos.","robots":{"index":"index","follow":"follow","max-snippet":"max-snippet:-1","max-image-preview":"max-image-preview:large","max-video-preview":"max-video-preview:-1"},"canonical":"https:\/\/suresms.com\/pt\/integracoes\/cms-sistema-de-gestao-de-conteudos-integracao-de-sms\/ligacao-sms-4\/","og_locale":"pt_PT","og_type":"article","og_title":"SMS integration til WordPress med WP-SMS","og_description":"Du kan sende b\u00e5de sms links, billeder, videoer og lydfiler med vores SMS gateway. Uanede muligheder for rigt indhold.","og_url":"https:\/\/suresms.com\/pt\/integracoes\/cms-sistema-de-gestao-de-conteudos-integracao-de-sms\/ligacao-sms-4\/","article_publisher":"https:\/\/www.facebook.com\/p\/SureSMS-100044607956149\/","og_image":[{"url":"https:\/\/www.suresms.com\/dk\/wp-content\/uploads\/2022\/02\/WpSMS-SureSMS-1.png","type":"","width":"","height":""}],"twitter_card":"summary_large_image","twitter_misc":{"Tempo estimado de leitura":"10 minutos"},"schema":{"@context":"https:\/\/schema.org","@graph":[{"@type":"WebPage","@id":"https:\/\/suresms.com\/dk\/integrationer\/cms-content-management-system-sms-integration\/sms-integration-wordpress-wp-sms\/","url":"https:\/\/suresms.com\/dk\/integrationer\/cms-content-management-system-sms-integration\/sms-integration-wordpress-wp-sms\/","name":"Integra\u00e7\u00e3o de SMS para WordPress com WP-SMS - conta gratuita","isPartOf":{"@id":"https:\/\/suresms.com\/en\/#website"},"primaryImageOfPage":{"@id":"https:\/\/suresms.com\/dk\/integrationer\/cms-content-management-system-sms-integration\/sms-integration-wordpress-wp-sms\/#primaryimage"},"image":{"@id":"https:\/\/suresms.com\/dk\/integrationer\/cms-content-management-system-sms-integration\/sms-integration-wordpress-wp-sms\/#primaryimage"},"thumbnailUrl":"https:\/\/www.suresms.com\/dk\/wp-content\/uploads\/2022\/02\/WpSMS-SureSMS-1.png","datePublished":"2024-05-18T09:31:03+00:00","description":"Pode enviar links SMS, imagens, v\u00eddeos e ficheiros \u00e1udio com o nosso gateway SMS. Possibilidades infinitas para conte\u00fados ricos.","breadcrumb":{"@id":"https:\/\/suresms.com\/dk\/integrationer\/cms-content-management-system-sms-integration\/sms-integration-wordpress-wp-sms\/#breadcrumb"},"inLanguage":"pt-PT","potentialAction":[{"@type":"ReadAction","target":["https:\/\/suresms.com\/dk\/integrationer\/cms-content-management-system-sms-integration\/sms-integration-wordpress-wp-sms\/"]}]},{"@type":"ImageObject","inLanguage":"pt-PT","@id":"https:\/\/suresms.com\/dk\/integrationer\/cms-content-management-system-sms-integration\/sms-integration-wordpress-wp-sms\/#primaryimage","url":"https:\/\/www.suresms.com\/dk\/wp-content\/uploads\/2022\/02\/WpSMS-SureSMS-1.png","contentUrl":"https:\/\/www.suresms.com\/dk\/wp-content\/uploads\/2022\/02\/WpSMS-SureSMS-1.png"},{"@type":"BreadcrumbList","@id":"https:\/\/suresms.com\/dk\/integrationer\/cms-content-management-system-sms-integration\/sms-integration-wordpress-wp-sms\/#breadcrumb","itemListElement":[{"@type":"ListItem","position":1,"name":"Home","item":"https:\/\/suresms.com\/dk\/"},{"@type":"ListItem","position":2,"name":"Integrationer","item":"https:\/\/suresms.com\/dk\/integrationer\/"},{"@type":"ListItem","position":3,"name":"SMS integration til Content Management Systemer (CMS systemer)","item":"https:\/\/suresms.com\/dk\/integrationer\/cms-content-management-system-sms-integration\/"},{"@type":"ListItem","position":4,"name":"SMS integration til WordPress med WP-SMS"}]},{"@type":"WebSite","@id":"https:\/\/suresms.com\/en\/#website","url":"https:\/\/suresms.com\/en\/","name":"SureSMS","description":"Gateway SMS profissional","publisher":{"@id":"https:\/\/suresms.com\/en\/#organization"},"potentialAction":[{"@type":"SearchAction","target":{"@type":"EntryPoint","urlTemplate":"https:\/\/suresms.com\/en\/?s={search_term_string}"},"query-input":{"@type":"PropertyValueSpecification","valueRequired":true,"valueName":"search_term_string"}}],"inLanguage":"pt-PT"},{"@type":"Organization","@id":"https:\/\/suresms.com\/en\/#organization","name":"SureSMS","url":"https:\/\/suresms.com\/en\/","logo":{"@type":"ImageObject","inLanguage":"pt-PT","@id":"https:\/\/suresms.com\/en\/#\/schema\/logo\/image\/","url":"https:\/\/suresms.com\/wp-content\/uploads\/2024\/11\/suresms-300x65-1.png","contentUrl":"https:\/\/suresms.com\/wp-content\/uploads\/2024\/11\/suresms-300x65-1.png","width":300,"height":65,"caption":"SureSMS"},"image":{"@id":"https:\/\/suresms.com\/en\/#\/schema\/logo\/image\/"},"sameAs":["https:\/\/www.facebook.com\/p\/SureSMS-100044607956149\/"]}]}},"_links":{"self":[{"href":"https:\/\/suresms.com\/pt\/wp-json\/wp\/v2\/pages\/17217","targetHints":{"allow":["GET"]}}],"collection":[{"href":"https:\/\/suresms.com\/pt\/wp-json\/wp\/v2\/pages"}],"about":[{"href":"https:\/\/suresms.com\/pt\/wp-json\/wp\/v2\/types\/page"}],"author":[{"embeddable":true,"href":"https:\/\/suresms.com\/pt\/wp-json\/wp\/v2\/users\/1"}],"replies":[{"embeddable":true,"href":"https:\/\/suresms.com\/pt\/wp-json\/wp\/v2\/comments?post=17217"}],"version-history":[{"count":0,"href":"https:\/\/suresms.com\/pt\/wp-json\/wp\/v2\/pages\/17217\/revisions"}],"up":[{"embeddable":true,"href":"https:\/\/suresms.com\/pt\/wp-json\/wp\/v2\/pages\/14437"}],"wp:attachment":[{"href":"https:\/\/suresms.com\/pt\/wp-json\/wp\/v2\/media?parent=17217"}],"wp:term":[{"taxonomy":"category","embeddable":true,"href":"https:\/\/suresms.com\/pt\/wp-json\/wp\/v2\/categories?post=17217"},{"taxonomy":"post_tag","embeddable":true,"href":"https:\/\/suresms.com\/pt\/wp-json\/wp\/v2\/tags?post=17217"}],"curies":[{"name":"wp","href":"https:\/\/api.w.org\/{rel}","templated":true}]}}