{"id":16816,"date":"2023-03-28T12:23:14","date_gmt":"2023-03-28T10:23:14","guid":{"rendered":"https:\/\/www.suresms.com\/dk\/?page_id=16816"},"modified":"2026-03-25T15:43:19","modified_gmt":"2026-03-25T15:43:19","slug":"klaviyo-sms","status":"publish","type":"page","link":"https:\/\/suresms.com\/pt\/integrationer\/marketing-automation\/klaviyo-sms\/","title":{"rendered":"Integra\u00e7\u00e3o de SMS para Klaviyo"},"content":{"rendered":"<!-- Flexy Breadcrumb -->\r\n\t\t\t<div class=\"fbc fbc-page\">\r\n\r\n\t\t\t\t<!-- Breadcrumb wrapper -->\r\n\t\t\t\t<div class=\"fbc-wrap\">\r\n\r\n\t\t\t\t\t<!-- Ordered list-->\r\n\t\t\t\t\t<ol class=\"fbc-items\" itemscope itemtype=\"https:\/\/schema.org\/BreadcrumbList\">\r\n\t\t\t\t\t\t            <li itemprop=\"itemListElement\" itemscope itemtype=\"https:\/\/schema.org\/ListItem\">\r\n                <span itemprop=\"name\">\r\n                    <!-- Home Link -->\r\n                    <a itemprop=\"item\" href=\"https:\/\/suresms.com\/pt\/\">\r\n                    \r\n                                                    <i class=\"fa fa-home\" aria-hidden=\"true\"><\/i>In\u00edcio                    <\/a>\r\n                <\/span>\r\n                <meta itemprop=\"position\" content=\"1\" \/><!-- Meta Position-->\r\n             <\/li><li><span class=\"fbc-separator\">\/<\/span><\/li><li class=\"active\" itemprop=\"itemListElement\" itemscope itemtype=\"https:\/\/schema.org\/ListItem\"><span itemprop=\"name\" title=\"Integra\u00e7\u00e3o de SMS para Klaviyo\">Integra\u00e7\u00e3o de SMS para Klaviyo<\/span><meta itemprop=\"position\" content=\"2\" \/><\/li>\t\t\t\t\t<\/ol>\r\n\t\t\t\t\t<div class=\"clearfix\"><\/div>\r\n\t\t\t\t<\/div>\r\n\t\t\t<\/div>\r\n\t\t\t\n<figure itemscope itemtype=\"https:\/\/schema.org\/ImageObject\">\n\t\t\t\t<img decoding=\"async\" src=\"https:\/\/suresms.com\/wp-content\/uploads\/2023\/03\/Klaviyo_SureSMS-1-1.png\" alt=\"Integra\u00e7\u00e3o do Klaviyo SMS\" height=\"200\" width=\"980\" title=\"Klaviyo_SureSMS\" onerror=\"this.style.display='none'\" loading=\"lazy\" \/>\n\t<\/figure>\n\t<h1>Otimizar o marketing por e-mail no Klaviyo com o marketing por SMS<\/h1>\n\t<p>O SMS marketing \u00e9 um complemento eficaz das newsletters porque os leitores s\u00e3o contactados v\u00e1rias vezes - e de diferentes formas. E como 90 % de todas as mensagens SMS s\u00e3o lidas em 3 minutos, a atualiza\u00e7\u00e3o com o marketing por SMS \u00e9 particularmente eficaz.<\/p>\n<p>Mesmo que os leitores n\u00e3o tenham autorizado o marketing por SMS, pode - sob certas condi\u00e7\u00f5es - enviar SMS sobre produtos que correspondam a compras anteriores. Se tiverem dado a sua autoriza\u00e7\u00e3o, tem ainda mais op\u00e7\u00f5es. Por exemplo, pode utilizar o remarketing por SMS ou enviar SMS como parte de um fluxo de boas-vindas a novos leitores.<\/p>\n<p>O marketing por SMS na Klaviyo \u00e9 particularmente popular porque a Klaviyo \u00e9 muito adequada para lojas online e \u00e9 f\u00e1cil vender produtos f\u00edsicos atrav\u00e9s de SMS. No entanto, \u00e9 necess\u00e1rio um gateway para enviar SMS aos clientes dinamarqueses ou europeus e, felizmente, pode configurar o SureSMS para este efeito em apenas uma hora.<\/p>\n<h2>\n\t\t\tMuitos benef\u00edcios com SureSMS\t<\/h2>\n\t<p>Pode integrar a SureSMS diretamente na Klaviyo para ter tudo junto no futuro, ou pode sincronizar a Klaviyo e a SureSMS para trabalhar com a parte SMS do seu marketing na SureSMS. Esta \u00faltima op\u00e7\u00e3o oferece v\u00e1rias funcionalidades que n\u00e3o est\u00e3o dispon\u00edveis no Klaviyo.<\/p>\n<p>Por exemplo, pode<\/p>\n<ul> \t\n<li>Ver taxas de abertura e de cliques<\/li>\n\n<li>Anexar ficheiros<\/li>\n\n<li>Incluir a liga\u00e7\u00e3o MobilePay nas mensagens porque a mensagem chega diretamente ao telefone<\/li>\n<\/ul>\n<p>Al\u00e9m disso, o SureSMS \u00e9 o \u00fanico gateway de SMS dinamarqu\u00eas que pode encurtar links para que o nome da loja do remetente seja inclu\u00eddo no novo URL. Isto resulta numa taxa de cliques 35 % mais elevada devido ao valor da marca.<\/p>\n<p>Se utilizar a Shopify ou a Idealshop, pode at\u00e9 ver o benef\u00edcio real de uma campanha, porque a SureSMS mostra tanto os n\u00fameros de vendas puros - como os n\u00fameros de vendas menos o pagamento do SMS.<\/p>\n<p>Naturalmente, o SureSMS tamb\u00e9m tem as carater\u00edsticas habituais das tecnologias concorrentes:<\/p>\n<p>Possibilidade de<\/p>\n<ul> \t\n<li>Nome da empresa como remetente<\/li>\n\n<li>Utilizar emojis<\/li>\n\n<li>Automatizar quando o SMS \u00e9 enviado<\/li>\n<\/ul>\n<h2>\n\t\t\tRegras e legisla\u00e7\u00e3o\t<\/h2>\n\t<p>A conformidade com o RGPD \u00e9 uma obriga\u00e7\u00e3o, e a SureSMS est\u00e1 aqui para ajudar. Incorpor\u00e1mos a op\u00e7\u00e3o legal de cancelar a subscri\u00e7\u00e3o do marketing por SMS, tornando a sua configura\u00e7\u00e3o muito f\u00e1cil.<\/p>\n<h2>\n\t\t\tPre\u00e7os\t<\/h2>\n\t<p>O apoio dinamarqu\u00eas est\u00e1 inclu\u00eddo nos pre\u00e7os abaixo indicados:<\/p>\nPre\u00e7o por SMS na Dinamarca:<br \/>\n0-9,999 mensagens SMS por m\u00eas: 28 \u00f6re<br \/>\n10.000 a 100.000 mensagens SMS por m\u00eas: 25 \u00f6re<br \/>\n100 001 e mais mensagens SMS por m\u00eas: 22 \u00f6re\n<p>Pode ver <a href=\"https:\/\/suresms.com\/pt\/sobre-o-suresms\/precos-e-pagamento\/\">pre\u00e7os internacionais aqui<\/a>.<\/p>\n\t\t<h2>Como funciona o SMS no Klaviyo<\/h2><p>A integra\u00e7\u00e3o do SureSMS com a sua conta Klaviyo pode ser feita de duas formas diferentes:<br \/>1) Pode enviar mensagens SMS diretamente a partir da sua conta Klaviyo.<br \/>2) Pode sincronizar os seus contactos da Klaviyo para a SureSMS ou<\/p>\n\t\t<h3>Enviar SMS diretamente dos fluxos Klaviyo<\/h3><p>\u00c9 poss\u00edvel criar a sua integra\u00e7\u00e3o de SMS entre a Klaviyo SMS e a SureSMS de modo a enviar os seus SMS diretamente da Klaviyo, mas ainda atrav\u00e9s da nossa API SMS. Com esta solu\u00e7\u00e3o, tem todas as suas fun\u00e7\u00f5es de relat\u00f3rio no SureSMS, mas tem de aceder ao sistema Klaviyo para ver o resultado do seu envio.<\/p>\n<p><strong>As vantagens<\/strong> desta solu\u00e7\u00e3o \u00e9 o facto de s\u00f3 precisar de trabalhar numa plataforma. Por conseguinte, esta solu\u00e7\u00e3o \u00e9 adequada se trabalhar muito com SMS como parte das suas automatiza\u00e7\u00f5es.<\/p>\n<p><strong>Desvantagens <\/strong>\u00e9 que se perdem algumas funcionalidades que n\u00e3o s\u00e3o poss\u00edveis no Klaviyo. Por exemplo, esta solu\u00e7\u00e3o n\u00e3o \u00e9 ideal se trabalha muito com envio em massa - enviar muitas mensagens SMS para muitos contactos ao mesmo tempo. Se quiser anexar ficheiros ou se quiser enviar liga\u00e7\u00f5es MobilePay diretamente nas suas mensagens.<\/p>\n\t\t<h3>Sincroniza\u00e7\u00e3o de contactos<\/h3><p>A sincroniza\u00e7\u00e3o dos contactos \u00e9 feita a partir da Klaviyo atrav\u00e9s da integra\u00e7\u00e3o direta Klaviyo-&gt;SureSMS. Isto significa que a SureSMS obt\u00e9m periodicamente novos contactos da Klaviyo e coloca-os num grupo na SureSMS.<\/p>\n<p><strong>As vantagens <\/strong>O que esta solu\u00e7\u00e3o tem de bom \u00e9 o facto de alargar as suas op\u00e7\u00f5es de comunica\u00e7\u00e3o por SMS. No SureSMS, h\u00e1 uma s\u00e9rie de op\u00e7\u00f5es que n\u00e3o est\u00e3o dispon\u00edveis no Klaviyo. Por exemplo, pode ver dados sobre as taxas de abertura e de cliques, e tem a op\u00e7\u00e3o de enviar anexos. Tamb\u00e9m tem a op\u00e7\u00e3o de incluir links MobilePay nas mensagens.<\/p>\n<p><strong>Desvantagens<\/strong> O problema com esta solu\u00e7\u00e3o \u00e9, obviamente, o facto de ter dois sistemas diferentes com a mesma lista e, por conseguinte, ter de trabalhar em duas plataformas diferentes. Isto pode ser inc\u00f3modo, mas raramente \u00e9 um problema para os nossos clientes.<\/p>\n\t<strong>Guia de configura\u00e7\u00e3o da encomenda<br \/>\n<\/strong>Obtenha um guia detalhado sobre como configurar o SureSMS\n\n<div class=\"wpcf7 no-js\" id=\"wpcf7-f13762-o1\" lang=\"en-GB\" dir=\"ltr\" data-wpcf7-id=\"13762\">\n<div class=\"screen-reader-response\"><p role=\"status\" aria-live=\"polite\" aria-atomic=\"true\"><\/p> <ul><\/ul><\/div>\n<form action=\"\/pt\/wp-json\/wp\/v2\/pages\/16816#wpcf7-f13762-o1\" method=\"post\" class=\"wpcf7-form init\" aria-label=\"Formul\u00e1rio de contacto\" novalidate=\"novalidate\" data-status=\"init\" data-trp-original-action=\"\/pt\/wp-json\/wp\/v2\/pages\/16816#wpcf7-f13762-o1\">\n<fieldset class=\"hidden-fields-container\"><input type=\"hidden\" name=\"_wpcf7\" value=\"13762\" \/><input type=\"hidden\" name=\"_wpcf7_version\" value=\"6.1.5\" \/><input type=\"hidden\" name=\"_wpcf7_locale\" value=\"en_GB\" \/><input type=\"hidden\" name=\"_wpcf7_unit_tag\" value=\"wpcf7-f13762-o1\" \/><input type=\"hidden\" name=\"_wpcf7_container_post\" value=\"0\" \/><input type=\"hidden\" name=\"_wpcf7_posted_data_hash\" value=\"\" \/>\n<\/fieldset>\n<p><label><span class=\"wpcf7-form-control-wrap\" data-name=\"your-name\"><input size=\"40\" maxlength=\"400\" class=\"wpcf7-form-control wpcf7-text wpcf7-validates-as-required wpctf7-my-custom-class\" aria-required=\"true\" aria-invalid=\"false\" placeholder=\"O seu nome\" value=\"\" type=\"text\" name=\"your-name\" \/><\/span><\/label>\n<\/p>\n<p><span class=\"wpcf7-form-control-wrap\" data-name=\"email\"><input size=\"40\" maxlength=\"400\" class=\"wpcf7-form-control wpcf7-email wpcf7-validates-as-required wpcf7-text wpcf7-validates-as-email wpctf7-my-custom-class\" aria-required=\"true\" aria-invalid=\"false\" placeholder=\"Correio eletr\u00f3nico*.\" value=\"\" type=\"email\" name=\"email\" \/><\/span>\n<\/p>\n<p><div class=\"cf7-cf-turnstile\" style=\"margin-top: 0px; margin-bottom: -15px;\"> <div id=\"cf-turnstile-cf7-3784736629\" class=\"cf-turnstile\" data-sitekey=\"0x4AAAAAAB8YGArd9ML-HbMW\" data-theme=\"light\" data-language=\"auto\" data-size=\"normal\" data-retry=\"auto\" data-retry-interval=\"1000\" data-refresh-expired=\"auto\" data-action=\"contact-form-7\" data-appearance=\"always\"><\/div> <script>document.addEventListener(\"DOMContentLoaded\", function() { setTimeout(function(){ var e=document.getElementById(\"cf-turnstile-cf7-3784736629\"); e&&!e.innerHTML.trim()&&(turnstile.remove(\"#cf-turnstile-cf7-3784736629\"), turnstile.render(\"#cf-turnstile-cf7-3784736629\", {sitekey:\"0x4AAAAAAB8YGArd9ML-HbMW\"})); }, 100); });<\/script> <br class=\"cf-turnstile-br cf-turnstile-br-cf7-3784736629\"> <style>#cf-turnstile-cf7-3784736629 { margin-left: -15px; }<\/style> <script>document.addEventListener(\"DOMContentLoaded\",function(){document.querySelectorAll('.wpcf7-form').forEach(function(e){e.addEventListener('submit',function(){if(document.getElementById('cf-turnstile-cf7-3784736629')){setTimeout(function(){turnstile.reset('#cf-turnstile-cf7-3784736629');},1000)}})})});<\/script> <\/div><br\/><input class=\"wpcf7-form-control wpcf7-submit has-spinner\" type=\"submit\" value=\"Guia de encomenda\" \/>\n<\/p><div class=\"wpcf7-response-output\" aria-hidden=\"true\"><\/div>\n<input type=\"hidden\" name=\"trp-form-language\" value=\"pt\"\/><\/form>\n<\/div>\n\n\t\t\t<a href=\"https:\/\/calendly.com\/gm--nzwp\/30min\"  target=\"_blank\" rel=\"noopener\">\n\t\t\t\t\t\t\tMarcar uma demonstra\u00e7\u00e3o\n\t\t\t\t\t<\/a>\n\t<p>com Glen<\/p>\n\t<p>Est\u00e1 pronto para experimentar uma integra\u00e7\u00e3o Klaviyo. Com uma conta de teste, \u00e9 gr\u00e1tis para experimentar, gr\u00e1tis para configurar e recebe 50 SMS gr\u00e1tis para come\u00e7ar. Pode optar por receber o guia pormenorizado ou marcar uma reuni\u00e3o para analisarmos a configura\u00e7\u00e3o.<\/p>\n\t<p><strong>Guia de configura\u00e7\u00e3o da encomenda<br \/><\/strong>Obtenha um guia detalhado sobre como configurar a Klaviyo com a SureSMS<\/p>\n\n<div class=\"wpcf7 no-js\" id=\"wpcf7-f13762-o2\" lang=\"en-GB\" dir=\"ltr\" data-wpcf7-id=\"13762\">\n<div class=\"screen-reader-response\"><p role=\"status\" aria-live=\"polite\" aria-atomic=\"true\"><\/p> <ul><\/ul><\/div>\n<form action=\"\/pt\/wp-json\/wp\/v2\/pages\/16816#wpcf7-f13762-o2\" method=\"post\" class=\"wpcf7-form init\" aria-label=\"Formul\u00e1rio de contacto\" novalidate=\"novalidate\" data-status=\"init\" data-trp-original-action=\"\/pt\/wp-json\/wp\/v2\/pages\/16816#wpcf7-f13762-o2\">\n<fieldset class=\"hidden-fields-container\"><input type=\"hidden\" name=\"_wpcf7\" value=\"13762\" \/><input type=\"hidden\" name=\"_wpcf7_version\" value=\"6.1.5\" \/><input type=\"hidden\" name=\"_wpcf7_locale\" value=\"en_GB\" \/><input type=\"hidden\" name=\"_wpcf7_unit_tag\" value=\"wpcf7-f13762-o2\" \/><input type=\"hidden\" name=\"_wpcf7_container_post\" value=\"0\" \/><input type=\"hidden\" name=\"_wpcf7_posted_data_hash\" value=\"\" \/>\n<\/fieldset>\n<p><label><span class=\"wpcf7-form-control-wrap\" data-name=\"your-name\"><input size=\"40\" maxlength=\"400\" class=\"wpcf7-form-control wpcf7-text wpcf7-validates-as-required wpctf7-my-custom-class\" aria-required=\"true\" aria-invalid=\"false\" placeholder=\"O seu nome\" value=\"\" type=\"text\" name=\"your-name\" \/><\/span><\/label>\n<\/p>\n<p><span class=\"wpcf7-form-control-wrap\" data-name=\"email\"><input size=\"40\" maxlength=\"400\" class=\"wpcf7-form-control wpcf7-email wpcf7-validates-as-required wpcf7-text wpcf7-validates-as-email wpctf7-my-custom-class\" aria-required=\"true\" aria-invalid=\"false\" placeholder=\"Correio eletr\u00f3nico*.\" value=\"\" type=\"email\" name=\"email\" \/><\/span>\n<\/p>\n<p><div class=\"cf7-cf-turnstile\" style=\"margin-top: 0px; margin-bottom: -15px;\"> <div id=\"cf-turnstile-cf7-1291271808\" class=\"cf-turnstile\" data-sitekey=\"0x4AAAAAAB8YGArd9ML-HbMW\" data-theme=\"light\" data-language=\"auto\" data-size=\"normal\" data-retry=\"auto\" data-retry-interval=\"1000\" data-refresh-expired=\"auto\" data-action=\"contact-form-7\" data-appearance=\"always\"><\/div> <script>document.addEventListener(\"DOMContentLoaded\", function() { setTimeout(function(){ var e=document.getElementById(\"cf-turnstile-cf7-1291271808\"); e&&!e.innerHTML.trim()&&(turnstile.remove(\"#cf-turnstile-cf7-1291271808\"), turnstile.render(\"#cf-turnstile-cf7-1291271808\", {sitekey:\"0x4AAAAAAB8YGArd9ML-HbMW\"})); }, 100); });<\/script> <br class=\"cf-turnstile-br cf-turnstile-br-cf7-1291271808\"> <style>#cf-turnstile-cf7-1291271808 { margin-left: -15px; }<\/style> <script>document.addEventListener(\"DOMContentLoaded\",function(){document.querySelectorAll('.wpcf7-form').forEach(function(e){e.addEventListener('submit',function(){if(document.getElementById('cf-turnstile-cf7-1291271808')){setTimeout(function(){turnstile.reset('#cf-turnstile-cf7-1291271808');},1000)}})})});<\/script> <\/div><br\/><input class=\"wpcf7-form-control wpcf7-submit has-spinner\" type=\"submit\" value=\"Guia de encomenda\" \/>\n<\/p><div class=\"wpcf7-response-output\" aria-hidden=\"true\"><\/div>\n<input type=\"hidden\" name=\"trp-form-language\" value=\"pt\"\/><\/form>\n<\/div>\n\n<figure itemscope itemtype=\"https:\/\/schema.org\/ImageObject\">\n\t\t\t\t<img decoding=\"async\" src=\"https:\/\/suresms.com\/wp-content\/uploads\/2024\/09\/Glen100x118.png\" alt=\"Glen100x118\" title=\"Glen100x118\" onerror=\"this.style.display='none'\" loading=\"lazy\" \/>\n\t<\/figure>\n\t\t\t<a href=\"https:\/\/calendly.com\/gm--nzwp\/30min\"  target=\"_self\">\n\t\t\t\t\t\t\tMarcar uma demonstra\u00e7\u00e3o\n\t\t\t\t\t<\/a>\n\t<p>com Glen<\/p>","protected":false},"excerpt":{"rendered":"<p>Otimizar o marketing por correio eletr\u00f3nico no Klaviyo com o marketing por SMS O marketing por SMS \u00e9 um complemento eficaz das newsletters porque os leitores s\u00e3o contactados v\u00e1rias vezes - e de diferentes formas. E como 90 % de todas as mensagens SMS s\u00e3o lidas em 3 minutos, a atualiza\u00e7\u00e3o com SMS marketing \u00e9 particularmente eficaz. Mesmo que os leitores n\u00e3o tenham dado autoriza\u00e7\u00e3o para o marketing por SMS, pode... <a title=\"Integra\u00e7\u00e3o de SMS para Klaviyo\" class=\"read-more\" href=\"https:\/\/suresms.com\/pt\/integrationer\/marketing-automation\/klaviyo-sms\/\" aria-label=\"Leia mais sobre Integra\u00e7\u00e3o de SMS para Klaviyo\">Rir mas<\/a><\/p>","protected":false},"author":1,"featured_media":0,"parent":13367,"menu_order":1,"comment_status":"closed","ping_status":"closed","template":"","meta":{"_fl_builder_enabled":"1","_fl_builder_data":null,"_fl_builder_draft":null,"_fl_builder_data_settings":null,"_fl_builder_css":"","_fl_builder_css_version":"","_fl_builder_js":"","footnotes":""},"categories":[],"tags":[],"class_list":["post-16816","page","type-page","status-publish"],"yoast_head":"<!-- This site is optimized with the Yoast SEO Premium plugin v27.3 (Yoast SEO v27.3) - https:\/\/yoast.com\/product\/yoast-seo-premium-wordpress\/ -->\r\n<title>Klaviyo SMS l\u00f8sning til danske og nordiske kunder<\/title>\r\n<meta name=\"description\" content=\"Integrer SMS i Klaviyo i dag, og kom i gang med at skabe v\u00e6rdifulde automations og kampagner! En \u00e5bningsrate p\u00e5 98 %.\" \/>\r\n<meta name=\"robots\" content=\"index, follow, max-snippet:-1, max-image-preview:large, max-video-preview:-1\" \/>\r\n<link rel=\"canonical\" href=\"https:\/\/suresms.com\/pt\/integracoes\/automatizacao-do-marketing\/klaviyo-sms\/\" \/>\r\n<meta property=\"og:locale\" content=\"pt_PT\" \/>\r\n<meta property=\"og:type\" content=\"article\" \/>\r\n<meta property=\"og:title\" content=\"SMS integration til Klaviyo\" \/>\r\n<meta property=\"og:description\" content=\"Integrer SMS i Klaviyo i dag, og kom i gang med at skabe v\u00e6rdifulde automations og kampagner! En \u00e5bningsrate p\u00e5 98 %.\" \/>\r\n<meta property=\"og:url\" content=\"https:\/\/suresms.com\/pt\/integracoes\/automatizacao-do-marketing\/klaviyo-sms\/\" \/>\r\n<meta property=\"article:publisher\" content=\"https:\/\/www.facebook.com\/p\/SureSMS-100044607956149\/\" \/>\r\n<meta property=\"article:modified_time\" content=\"2026-03-25T15:43:19+00:00\" \/>\r\n<meta property=\"og:image\" content=\"https:\/\/suresms.com\/wp-content\/uploads\/2023\/03\/Klaviyo_SureSMS-1-1.png\" \/>\r\n<meta name=\"twitter:card\" content=\"summary_large_image\" \/>\r\n<meta name=\"twitter:label1\" content=\"Tempo estimado de leitura\" \/>\n\t<meta name=\"twitter:data1\" content=\"12 minutos\" \/>\r\n<script type=\"application\/ld+json\" class=\"yoast-schema-graph\">{\"@context\":\"https:\\\/\\\/schema.org\",\"@graph\":[{\"@type\":\"WebPage\",\"@id\":\"https:\\\/\\\/suresms.com\\\/dk\\\/integrationer\\\/marketing-automation\\\/klaviyo-sms\\\/\",\"url\":\"https:\\\/\\\/suresms.com\\\/dk\\\/integrationer\\\/marketing-automation\\\/klaviyo-sms\\\/\",\"name\":\"Klaviyo SMS l\u00f8sning til danske og nordiske kunder\",\"isPartOf\":{\"@id\":\"https:\\\/\\\/suresms.com\\\/en\\\/#website\"},\"primaryImageOfPage\":{\"@id\":\"https:\\\/\\\/suresms.com\\\/dk\\\/integrationer\\\/marketing-automation\\\/klaviyo-sms\\\/#primaryimage\"},\"image\":{\"@id\":\"https:\\\/\\\/suresms.com\\\/dk\\\/integrationer\\\/marketing-automation\\\/klaviyo-sms\\\/#primaryimage\"},\"thumbnailUrl\":\"https:\\\/\\\/suresms.com\\\/wp-content\\\/uploads\\\/2023\\\/03\\\/Klaviyo_SureSMS-1-1.png\",\"datePublished\":\"2023-03-28T10:23:14+00:00\",\"dateModified\":\"2026-03-25T15:43:19+00:00\",\"description\":\"Integrer SMS i Klaviyo i dag, og kom i gang med at skabe v\u00e6rdifulde automations og kampagner! En \u00e5bningsrate p\u00e5 98 %.\",\"breadcrumb\":{\"@id\":\"https:\\\/\\\/suresms.com\\\/dk\\\/integrationer\\\/marketing-automation\\\/klaviyo-sms\\\/#breadcrumb\"},\"inLanguage\":\"pt-PT\",\"potentialAction\":[{\"@type\":\"ReadAction\",\"target\":[\"https:\\\/\\\/suresms.com\\\/dk\\\/integrationer\\\/marketing-automation\\\/klaviyo-sms\\\/\"]}]},{\"@type\":\"ImageObject\",\"inLanguage\":\"pt-PT\",\"@id\":\"https:\\\/\\\/suresms.com\\\/dk\\\/integrationer\\\/marketing-automation\\\/klaviyo-sms\\\/#primaryimage\",\"url\":\"https:\\\/\\\/suresms.com\\\/wp-content\\\/uploads\\\/2023\\\/03\\\/Klaviyo_SureSMS-1-1.png\",\"contentUrl\":\"https:\\\/\\\/suresms.com\\\/wp-content\\\/uploads\\\/2023\\\/03\\\/Klaviyo_SureSMS-1-1.png\"},{\"@type\":\"BreadcrumbList\",\"@id\":\"https:\\\/\\\/suresms.com\\\/dk\\\/integrationer\\\/marketing-automation\\\/klaviyo-sms\\\/#breadcrumb\",\"itemListElement\":[{\"@type\":\"ListItem\",\"position\":1,\"name\":\"Home\",\"item\":\"https:\\\/\\\/suresms.com\\\/dk\\\/\"},{\"@type\":\"ListItem\",\"position\":2,\"name\":\"Integrationer\",\"item\":\"https:\\\/\\\/suresms.com\\\/dk\\\/integrationer\\\/\"},{\"@type\":\"ListItem\",\"position\":3,\"name\":\"SMS integration til Marketing Automation\",\"item\":\"https:\\\/\\\/suresms.com\\\/dk\\\/integrationer\\\/marketing-automation\\\/\"},{\"@type\":\"ListItem\",\"position\":4,\"name\":\"SMS integration til Klaviyo\"}]},{\"@type\":\"WebSite\",\"@id\":\"https:\\\/\\\/suresms.com\\\/en\\\/#website\",\"url\":\"https:\\\/\\\/suresms.com\\\/en\\\/\",\"name\":\"SureSMS\",\"description\":\"Professionel SMS Gateway\",\"publisher\":{\"@id\":\"https:\\\/\\\/suresms.com\\\/en\\\/#organization\"},\"potentialAction\":[{\"@type\":\"SearchAction\",\"target\":{\"@type\":\"EntryPoint\",\"urlTemplate\":\"https:\\\/\\\/suresms.com\\\/en\\\/?s={search_term_string}\"},\"query-input\":{\"@type\":\"PropertyValueSpecification\",\"valueRequired\":true,\"valueName\":\"search_term_string\"}}],\"inLanguage\":\"pt-PT\"},{\"@type\":\"Organization\",\"@id\":\"https:\\\/\\\/suresms.com\\\/en\\\/#organization\",\"name\":\"SureSMS\",\"url\":\"https:\\\/\\\/suresms.com\\\/en\\\/\",\"logo\":{\"@type\":\"ImageObject\",\"inLanguage\":\"pt-PT\",\"@id\":\"https:\\\/\\\/suresms.com\\\/en\\\/#\\\/schema\\\/logo\\\/image\\\/\",\"url\":\"https:\\\/\\\/suresms.com\\\/wp-content\\\/uploads\\\/2024\\\/11\\\/suresms-300x65-1.png\",\"contentUrl\":\"https:\\\/\\\/suresms.com\\\/wp-content\\\/uploads\\\/2024\\\/11\\\/suresms-300x65-1.png\",\"width\":300,\"height\":65,\"caption\":\"SureSMS\"},\"image\":{\"@id\":\"https:\\\/\\\/suresms.com\\\/en\\\/#\\\/schema\\\/logo\\\/image\\\/\"},\"sameAs\":[\"https:\\\/\\\/www.facebook.com\\\/p\\\/SureSMS-100044607956149\\\/\"]}]}<\/script>\r\n<!-- \/ Yoast SEO Premium plugin. -->","yoast_head_json":{"title":"Solu\u00e7\u00e3o SMS da Klaviyo para clientes dinamarqueses e n\u00f3rdicos","description":"Integre o SMS no Klaviyo hoje mesmo e comece a criar automa\u00e7\u00f5es e campanhas valiosas! Uma taxa de abertura de 98 %.","robots":{"index":"index","follow":"follow","max-snippet":"max-snippet:-1","max-image-preview":"max-image-preview:large","max-video-preview":"max-video-preview:-1"},"canonical":"https:\/\/suresms.com\/pt\/integracoes\/automatizacao-do-marketing\/klaviyo-sms\/","og_locale":"pt_PT","og_type":"article","og_title":"SMS integration til Klaviyo","og_description":"Integrer SMS i Klaviyo i dag, og kom i gang med at skabe v\u00e6rdifulde automations og kampagner! En \u00e5bningsrate p\u00e5 98 %.","og_url":"https:\/\/suresms.com\/pt\/integracoes\/automatizacao-do-marketing\/klaviyo-sms\/","article_publisher":"https:\/\/www.facebook.com\/p\/SureSMS-100044607956149\/","article_modified_time":"2026-03-25T15:43:19+00:00","og_image":[{"url":"https:\/\/suresms.com\/wp-content\/uploads\/2023\/03\/Klaviyo_SureSMS-1-1.png","type":"","width":"","height":""}],"twitter_card":"summary_large_image","twitter_misc":{"Tempo estimado de leitura":"12 minutos"},"schema":{"@context":"https:\/\/schema.org","@graph":[{"@type":"WebPage","@id":"https:\/\/suresms.com\/dk\/integrationer\/marketing-automation\/klaviyo-sms\/","url":"https:\/\/suresms.com\/dk\/integrationer\/marketing-automation\/klaviyo-sms\/","name":"Solu\u00e7\u00e3o SMS da Klaviyo para clientes dinamarqueses e n\u00f3rdicos","isPartOf":{"@id":"https:\/\/suresms.com\/en\/#website"},"primaryImageOfPage":{"@id":"https:\/\/suresms.com\/dk\/integrationer\/marketing-automation\/klaviyo-sms\/#primaryimage"},"image":{"@id":"https:\/\/suresms.com\/dk\/integrationer\/marketing-automation\/klaviyo-sms\/#primaryimage"},"thumbnailUrl":"https:\/\/suresms.com\/wp-content\/uploads\/2023\/03\/Klaviyo_SureSMS-1-1.png","datePublished":"2023-03-28T10:23:14+00:00","dateModified":"2026-03-25T15:43:19+00:00","description":"Integre o SMS no Klaviyo hoje mesmo e comece a criar automa\u00e7\u00f5es e campanhas valiosas! Uma taxa de abertura de 98 %.","breadcrumb":{"@id":"https:\/\/suresms.com\/dk\/integrationer\/marketing-automation\/klaviyo-sms\/#breadcrumb"},"inLanguage":"pt-PT","potentialAction":[{"@type":"ReadAction","target":["https:\/\/suresms.com\/dk\/integrationer\/marketing-automation\/klaviyo-sms\/"]}]},{"@type":"ImageObject","inLanguage":"pt-PT","@id":"https:\/\/suresms.com\/dk\/integrationer\/marketing-automation\/klaviyo-sms\/#primaryimage","url":"https:\/\/suresms.com\/wp-content\/uploads\/2023\/03\/Klaviyo_SureSMS-1-1.png","contentUrl":"https:\/\/suresms.com\/wp-content\/uploads\/2023\/03\/Klaviyo_SureSMS-1-1.png"},{"@type":"BreadcrumbList","@id":"https:\/\/suresms.com\/dk\/integrationer\/marketing-automation\/klaviyo-sms\/#breadcrumb","itemListElement":[{"@type":"ListItem","position":1,"name":"Home","item":"https:\/\/suresms.com\/dk\/"},{"@type":"ListItem","position":2,"name":"Integrationer","item":"https:\/\/suresms.com\/dk\/integrationer\/"},{"@type":"ListItem","position":3,"name":"SMS integration til Marketing Automation","item":"https:\/\/suresms.com\/dk\/integrationer\/marketing-automation\/"},{"@type":"ListItem","position":4,"name":"SMS integration til Klaviyo"}]},{"@type":"WebSite","@id":"https:\/\/suresms.com\/en\/#website","url":"https:\/\/suresms.com\/en\/","name":"SureSMS","description":"Gateway SMS profissional","publisher":{"@id":"https:\/\/suresms.com\/en\/#organization"},"potentialAction":[{"@type":"SearchAction","target":{"@type":"EntryPoint","urlTemplate":"https:\/\/suresms.com\/en\/?s={search_term_string}"},"query-input":{"@type":"PropertyValueSpecification","valueRequired":true,"valueName":"search_term_string"}}],"inLanguage":"pt-PT"},{"@type":"Organization","@id":"https:\/\/suresms.com\/en\/#organization","name":"SureSMS","url":"https:\/\/suresms.com\/en\/","logo":{"@type":"ImageObject","inLanguage":"pt-PT","@id":"https:\/\/suresms.com\/en\/#\/schema\/logo\/image\/","url":"https:\/\/suresms.com\/wp-content\/uploads\/2024\/11\/suresms-300x65-1.png","contentUrl":"https:\/\/suresms.com\/wp-content\/uploads\/2024\/11\/suresms-300x65-1.png","width":300,"height":65,"caption":"SureSMS"},"image":{"@id":"https:\/\/suresms.com\/en\/#\/schema\/logo\/image\/"},"sameAs":["https:\/\/www.facebook.com\/p\/SureSMS-100044607956149\/"]}]}},"_links":{"self":[{"href":"https:\/\/suresms.com\/pt\/wp-json\/wp\/v2\/pages\/16816","targetHints":{"allow":["GET"]}}],"collection":[{"href":"https:\/\/suresms.com\/pt\/wp-json\/wp\/v2\/pages"}],"about":[{"href":"https:\/\/suresms.com\/pt\/wp-json\/wp\/v2\/types\/page"}],"author":[{"embeddable":true,"href":"https:\/\/suresms.com\/pt\/wp-json\/wp\/v2\/users\/1"}],"replies":[{"embeddable":true,"href":"https:\/\/suresms.com\/pt\/wp-json\/wp\/v2\/comments?post=16816"}],"version-history":[{"count":5,"href":"https:\/\/suresms.com\/pt\/wp-json\/wp\/v2\/pages\/16816\/revisions"}],"predecessor-version":[{"id":23854,"href":"https:\/\/suresms.com\/pt\/wp-json\/wp\/v2\/pages\/16816\/revisions\/23854"}],"up":[{"embeddable":true,"href":"https:\/\/suresms.com\/pt\/wp-json\/wp\/v2\/pages\/13367"}],"wp:attachment":[{"href":"https:\/\/suresms.com\/pt\/wp-json\/wp\/v2\/media?parent=16816"}],"wp:term":[{"taxonomy":"category","embeddable":true,"href":"https:\/\/suresms.com\/pt\/wp-json\/wp\/v2\/categories?post=16816"},{"taxonomy":"post_tag","embeddable":true,"href":"https:\/\/suresms.com\/pt\/wp-json\/wp\/v2\/tags?post=16816"}],"curies":[{"name":"wp","href":"https:\/\/api.w.org\/{rel}","templated":true}]}}