{"id":16543,"date":"2023-01-25T10:38:05","date_gmt":"2023-01-25T08:38:05","guid":{"rendered":"https:\/\/www.suresms.com\/dk\/?page_id=16543"},"modified":"2024-12-06T13:05:55","modified_gmt":"2024-12-06T13:05:55","slug":"ligacao-sms","status":"publish","type":"page","link":"https:\/\/suresms.com\/pt\/funktioner\/sms-link\/","title":{"rendered":"Liga\u00e7\u00e3o SMS"},"content":{"rendered":"<!-- Flexy Breadcrumb -->\r\n\t\t\t<div class=\"fbc fbc-page\">\r\n\r\n\t\t\t\t<!-- Breadcrumb wrapper -->\r\n\t\t\t\t<div class=\"fbc-wrap\">\r\n\r\n\t\t\t\t\t<!-- Ordered list-->\r\n\t\t\t\t\t<ol class=\"fbc-items\" itemscope itemtype=\"https:\/\/schema.org\/BreadcrumbList\">\r\n\t\t\t\t\t\t            <li itemprop=\"itemListElement\" itemscope itemtype=\"https:\/\/schema.org\/ListItem\">\r\n                <span itemprop=\"name\">\r\n                    <!-- Home Link -->\r\n                    <a itemprop=\"item\" href=\"https:\/\/suresms.com\/pt\/\">\r\n                    \r\n                                                    <i class=\"fa fa-home\" aria-hidden=\"true\"><\/i>In\u00edcio                    <\/a>\r\n                <\/span>\r\n                <meta itemprop=\"position\" content=\"1\" \/><!-- Meta Position-->\r\n             <\/li><li><span class=\"fbc-separator\">\/<\/span><\/li><li class=\"active\" itemprop=\"itemListElement\" itemscope itemtype=\"https:\/\/schema.org\/ListItem\"><span itemprop=\"name\" title=\"Liga\u00e7\u00e3o SMS\">Liga\u00e7\u00e3o SMS<\/span><meta itemprop=\"position\" content=\"2\" \/><\/li>\t\t\t\t\t<\/ol>\r\n\t\t\t\t\t<div class=\"clearfix\"><\/div>\r\n\t\t\t\t<\/div>\r\n\t\t\t<\/div>\r\n\t\t\t\n<h1>\n\t\tLiga\u00e7\u00e3o SMS\n\t<\/h1>\n\t<h4>V\u00eddeos, ficheiros PDF, imagens e liga\u00e7\u00f5es podem ser inclu\u00eddos numa mensagem SMS. \u00c9 t\u00e3o f\u00e1cil como anexar um ficheiro ao enviar um e-mail.<\/h4>\n<p>Com SureSMS tem a oportunidade \u00fanica de enviar links na sua mensagem SMS. Cri\u00e1mos o nosso pr\u00f3prio encurtador de URL que torna poss\u00edvel apresentar v\u00eddeos, ficheiros pdf, imagens e muito mais nas mensagens SMS.<\/p>\n\t<ul>\n\t\t<li>\t\t\t\t\n\t\t<h3>Inserir liga\u00e7\u00e3o nas mensagens<\/h3><p>Tem a op\u00e7\u00e3o de inserir uma hiperliga\u00e7\u00e3o na sua mensagem com o nosso m\u00f3dulo especial de hiperliga\u00e7\u00f5es. Ao utilizar o nosso encurtador de URL, pode criar uma liga\u00e7\u00e3o muito curta e poupar muitos caracteres.<\/p><\/li><li>\t\t\t\t\n\t\t<h3>Utilizar o seu pr\u00f3prio nome de dom\u00ednio<\/h3><p>Com o nosso m\u00f3dulo especial branded-url, tem a possibilidade de criar um link curto nas suas mensagens que contenha o seu pr\u00f3prio nome de dom\u00ednio. Isto resulta geralmente numa taxa de cliques 30% mais elevada porque a sua liga\u00e7\u00e3o \u00e9 mais fi\u00e1vel.\u00a0<\/p><\/li><li>\t\t\t\t\n\t\t<h3>Anexar ficheiros<\/h3><p>Sendo o \u00fanico gateway de SMS dinamarqu\u00eas, o SureSMS permite-lhe inserir ficheiros quando envia um SMS. Pode ser um ficheiro PDF ou um v\u00eddeo, por exemplo.\u00a0<\/p><\/li><li>\t\t\t\t\n\t\t<h3>Liga\u00e7\u00e3o MobilePay<\/h3><p>Se receber pagamentos dos seus destinat\u00e1rios, tamb\u00e9m tem a op\u00e7\u00e3o de inserir uma liga\u00e7\u00e3o MobilePay na mensagem. O utilizador s\u00f3 tem de passar o dedo e o pagamento \u00e9 efectuado.<\/p><\/li><li>\t\t\t\t\n\t\t<h3>Liga\u00e7\u00e3o para descarregar<\/h3><p>Se enviar SMS marketing, \u00e9 obrigat\u00f3rio que as pessoas possam anular a subscri\u00e7\u00e3o da sua lista. Isto \u00e9 facilitado por hiperliga\u00e7\u00f5es na mensagem SMS.<\/p><\/li>\t<\/ul>\n\t<p>Na captura de ecr\u00e3 abaixo, pode ver como \u00e9 f\u00e1cil inserir uma liga\u00e7\u00e3o com o seu pr\u00f3prio URL na mensagem.<\/p>\n\t\t\t\t<img loading=\"lazy\" decoding=\"async\" src=\"https:\/\/suresms.com\/wp-content\/uploads\/2023\/01\/Tilfoej-link-1.png\" alt=\"Adicionar liga\u00e7\u00e3o \u00e0 mensagem\" itemprop=\"image\" height=\"498\" width=\"1416\" title=\"Adicionar liga\u00e7\u00e3o\" onerror=\"this.style.display='none'\"  \/>\n\t<p>Se optar por criar uma liga\u00e7\u00e3o, pode faz\u00ea-lo de duas formas.<\/p>\nPode escrever a liga\u00e7\u00e3o diretamente nas mensagens, por exemplo: https:\/\/mitdomain.dk\/kampagne1.<br \/>\nTamb\u00e9m pode optar por inserir uma liga\u00e7\u00e3o normal. Neste caso, escreve https:\/\/mitdomain.dk\/kampagne1 no campo da liga\u00e7\u00e3o, mas quando o destinat\u00e1rio recebe a mensagem diz https:\/\/a-l.ink\/HdB6sg.\n<p>Ler sobre <a href=\"https:\/\/suresms.com\/pt\/carateristicas\/ligacao-sms-3\/\">URLs de marca aqui<\/a>onde se utiliza uma liga\u00e7\u00e3o com o seguinte aspeto: https:\/\/m.mitfomain.dk\/fhdcd<\/p>\n<p>Quando clicam na hiperliga\u00e7\u00e3o, abre-se uma p\u00e1gina no nosso servidor onde verificamos quem clicou, a partir de que telefone clicaram, que horas s\u00e3o e muito mais. O utilizador \u00e9 ent\u00e3o reencaminhado para o endere\u00e7o final. Isto permite-nos medir quem clicou e comunicar-lhe esse facto.<\/p>\n\t<h2>Rastreio de liga\u00e7\u00f5es no marketing por SMS<\/h2>\n<p>Com a funcionalidade especial de hiperliga\u00e7\u00e3o no nosso remetente de SMS, tamb\u00e9m tem a capacidade de rastrear. Pode ver quem clicou numa hiperliga\u00e7\u00e3o, quanto tempo viram um v\u00eddeo, quantas vezes clicaram e quando. Tudo informa\u00e7\u00f5es valiosas se estiver a fazer marketing.<\/p>\n<ol> \t\n<li>As hiperliga\u00e7\u00f5es mais curtas e mais claras resultam numa taxa de cliques mais elevada: Quando as suas hiperliga\u00e7\u00f5es s\u00e3o mais curtas e mais \"bonitas\", parecem mais cred\u00edveis e transparentes. Isto pode levar a uma taxa m\u00e9dia de cliques mais elevada, uma vez que os destinat\u00e1rios t\u00eam mais probabilidades de clicar na hiperliga\u00e7\u00e3o.<\/li>\n\n<li>Fornece dados valiosos sobre a campanha, tais como taxas de cliques e convers\u00f5es: ao utilizar o seguimento de liga\u00e7\u00f5es nas suas campanhas SMS, obt\u00e9m informa\u00e7\u00f5es valiosas sobre o desempenho das campanhas em termos de taxas de cliques e convers\u00f5es. Este conhecimento pode ser utilizado para planear e otimizar campanhas futuras.<\/li>\n\n<li>Fornece uma vis\u00e3o geral das taxas de rejei\u00e7\u00e3o das campanhas: Ao utilizar links de anula\u00e7\u00e3o de subscri\u00e7\u00e3o, pode ver rapidamente quais as campanhas de que os seus destinat\u00e1rios n\u00e3o gostam. Este conhecimento pode ser utilizado para otimizar futuras campanhas ou abandonar as que n\u00e3o est\u00e3o a ter um bom desempenho. O seguimento de liga\u00e7\u00f5es permite-lhe ver quais das suas campanhas SMS est\u00e3o a ter um bom desempenho e quais poder\u00e3o precisar de mais trabalho no futuro.<\/li>\n<\/ol>\n\t<h2>Cancelar a subscri\u00e7\u00e3o por SMS atrav\u00e9s de uma liga\u00e7\u00e3o<\/h2>\n<p>A liga\u00e7\u00e3o no SMS tamb\u00e9m pode ser utilizada se os destinat\u00e1rios quiserem anular a subscri\u00e7\u00e3o da sua newsletter. Esta hiperliga\u00e7\u00e3o \u00e9 inserida automaticamente se selecionar a marca relevante no momento do envio. Para anular a subscri\u00e7\u00e3o da newsletter, o destinat\u00e1rio s\u00f3 tem de clicar na liga\u00e7\u00e3o.<\/p>\n\t<h4><strong>\u00a0Aqui pode ler alguns exemplos de como os nossos clientes utilizam atualmente a funcionalidade \"Group SMS<\/strong><\/h4>\n\n<ul> \t\n<li>Uma empresa de transportes de m\u00e9dia dimens\u00e3o na Jutl\u00e2ndia utiliza SMS de grupo para enviar tarefas de trabalho aos seus condutores. As mensagens SMS enviadas cont\u00eam informa\u00e7\u00f5es log\u00edsticas sobre as mercadorias, a localiza\u00e7\u00e3o e a recolha.<\/li>\n\n<li>Uma empresa de jogos em linha conquista novos clientes enviando aos seus utilizadores mensagens de texto em grupo com liga\u00e7\u00f5es para poss\u00edveis jogos em linha.<\/li>\n\n<li>Num hospital dinamarqu\u00eas, o diretor da cantina envia regularmente mensagens de texto em grupo ao pessoal afortunado sobre eventos sociais e acontecimentos importantes: \"Hoje h\u00e1 bolo na cantina!\" ou \"Amanh\u00e3 celebramos o ver\u00e3o com um churrasco \u00e0 sexta-feira no p\u00e1tio!\"<\/li>\n<\/ul>","protected":false},"excerpt":{"rendered":"<p>Liga\u00e7\u00e3o SMS \u00c9 poss\u00edvel incluir v\u00eddeos, ficheiros PDF, imagens e liga\u00e7\u00f5es numa mensagem SMS. \u00c9 t\u00e3o f\u00e1cil como anexar um ficheiro ao enviar um e-mail. Com o SureSMS, tem uma oportunidade \u00fanica de enviar links na sua mensagem SMS. Cri\u00e1mos o nosso pr\u00f3prio encurtador de URL... <a title=\"Liga\u00e7\u00e3o SMS\" class=\"read-more\" href=\"https:\/\/suresms.com\/pt\/funktioner\/sms-link\/\" aria-label=\"Ler mais sobre a liga\u00e7\u00e3o SMS\">Rir mas<\/a><\/p>","protected":false},"author":1,"featured_media":0,"parent":958,"menu_order":12,"comment_status":"closed","ping_status":"closed","template":"","meta":{"_fl_builder_enabled":"1","_fl_builder_data":null,"_fl_builder_draft":null,"_fl_builder_data_settings":null,"_fl_builder_css":"","_fl_builder_css_version":"","_fl_builder_js":"","footnotes":""},"categories":[17],"tags":[],"class_list":{"0":"post-16543","1":"page","2":"type-page","3":"status-publish","5":"category-linkfracornorstone"},"yoast_head":"<!-- This site is optimized with the Yoast SEO Premium plugin v27.3 (Yoast SEO v27.3) - https:\/\/yoast.com\/product\/yoast-seo-premium-wordpress\/ -->\r\n<title>SMS link - gratis konto<\/title>\r\n<meta name=\"description\" content=\"Du kan sende b\u00e5de sms links, billeder, videoer og lydfiler med vores SMS gateway. Uanede muligheder for rigt indhold.\" \/>\r\n<meta name=\"robots\" content=\"index, follow, max-snippet:-1, max-image-preview:large, max-video-preview:-1\" \/>\r\n<link rel=\"canonical\" href=\"https:\/\/suresms.com\/pt\/carateristicas\/ligacao-sms\/\" \/>\r\n<meta property=\"og:locale\" content=\"pt_PT\" \/>\r\n<meta property=\"og:type\" content=\"article\" \/>\r\n<meta property=\"og:title\" content=\"SMS link\" \/>\r\n<meta property=\"og:description\" content=\"Du kan sende b\u00e5de sms links, billeder, videoer og lydfiler med vores SMS gateway. Uanede muligheder for rigt indhold.\" \/>\r\n<meta property=\"og:url\" content=\"https:\/\/suresms.com\/pt\/carateristicas\/ligacao-sms\/\" \/>\r\n<meta property=\"article:publisher\" content=\"https:\/\/www.facebook.com\/p\/SureSMS-100044607956149\/\" \/>\r\n<meta property=\"article:modified_time\" content=\"2024-12-06T13:05:55+00:00\" \/>\r\n<meta property=\"og:image\" content=\"https:\/\/suresms.com\/wp-content\/uploads\/2023\/01\/Tilfoej-link-1.png\" \/>\r\n<meta name=\"twitter:card\" content=\"summary_large_image\" \/>\r\n<meta name=\"twitter:label1\" content=\"Tempo estimado de leitura\" \/>\n\t<meta name=\"twitter:data1\" content=\"5 minutos\" \/>\r\n<script type=\"application\/ld+json\" class=\"yoast-schema-graph\">{\"@context\":\"https:\\\/\\\/schema.org\",\"@graph\":[{\"@type\":\"WebPage\",\"@id\":\"https:\\\/\\\/suresms.com\\\/dk\\\/funktioner\\\/sms-link\\\/\",\"url\":\"https:\\\/\\\/suresms.com\\\/dk\\\/funktioner\\\/sms-link\\\/\",\"name\":\"SMS link - gratis konto\",\"isPartOf\":{\"@id\":\"https:\\\/\\\/suresms.com\\\/en\\\/#website\"},\"primaryImageOfPage\":{\"@id\":\"https:\\\/\\\/suresms.com\\\/dk\\\/funktioner\\\/sms-link\\\/#primaryimage\"},\"image\":{\"@id\":\"https:\\\/\\\/suresms.com\\\/dk\\\/funktioner\\\/sms-link\\\/#primaryimage\"},\"thumbnailUrl\":\"https:\\\/\\\/suresms.com\\\/wp-content\\\/uploads\\\/2023\\\/01\\\/Tilfoej-link-1.png\",\"datePublished\":\"2023-01-25T08:38:05+00:00\",\"dateModified\":\"2024-12-06T13:05:55+00:00\",\"description\":\"Du kan sende b\u00e5de sms links, billeder, videoer og lydfiler med vores SMS gateway. Uanede muligheder for rigt indhold.\",\"breadcrumb\":{\"@id\":\"https:\\\/\\\/suresms.com\\\/dk\\\/funktioner\\\/sms-link\\\/#breadcrumb\"},\"inLanguage\":\"pt-PT\",\"potentialAction\":[{\"@type\":\"ReadAction\",\"target\":[\"https:\\\/\\\/suresms.com\\\/dk\\\/funktioner\\\/sms-link\\\/\"]}]},{\"@type\":\"ImageObject\",\"inLanguage\":\"pt-PT\",\"@id\":\"https:\\\/\\\/suresms.com\\\/dk\\\/funktioner\\\/sms-link\\\/#primaryimage\",\"url\":\"https:\\\/\\\/suresms.com\\\/wp-content\\\/uploads\\\/2023\\\/01\\\/Tilfoej-link-1.png\",\"contentUrl\":\"https:\\\/\\\/suresms.com\\\/wp-content\\\/uploads\\\/2023\\\/01\\\/Tilfoej-link-1.png\"},{\"@type\":\"BreadcrumbList\",\"@id\":\"https:\\\/\\\/suresms.com\\\/dk\\\/funktioner\\\/sms-link\\\/#breadcrumb\",\"itemListElement\":[{\"@type\":\"ListItem\",\"position\":1,\"name\":\"Home\",\"item\":\"https:\\\/\\\/suresms.com\\\/dk\\\/\"},{\"@type\":\"ListItem\",\"position\":2,\"name\":\"Funktioner\",\"item\":\"https:\\\/\\\/suresms.com\\\/dk\\\/funktioner\\\/\"},{\"@type\":\"ListItem\",\"position\":3,\"name\":\"SMS link\"}]},{\"@type\":\"WebSite\",\"@id\":\"https:\\\/\\\/suresms.com\\\/en\\\/#website\",\"url\":\"https:\\\/\\\/suresms.com\\\/en\\\/\",\"name\":\"SureSMS\",\"description\":\"Professionel SMS Gateway\",\"publisher\":{\"@id\":\"https:\\\/\\\/suresms.com\\\/en\\\/#organization\"},\"potentialAction\":[{\"@type\":\"SearchAction\",\"target\":{\"@type\":\"EntryPoint\",\"urlTemplate\":\"https:\\\/\\\/suresms.com\\\/en\\\/?s={search_term_string}\"},\"query-input\":{\"@type\":\"PropertyValueSpecification\",\"valueRequired\":true,\"valueName\":\"search_term_string\"}}],\"inLanguage\":\"pt-PT\"},{\"@type\":\"Organization\",\"@id\":\"https:\\\/\\\/suresms.com\\\/en\\\/#organization\",\"name\":\"SureSMS\",\"url\":\"https:\\\/\\\/suresms.com\\\/en\\\/\",\"logo\":{\"@type\":\"ImageObject\",\"inLanguage\":\"pt-PT\",\"@id\":\"https:\\\/\\\/suresms.com\\\/en\\\/#\\\/schema\\\/logo\\\/image\\\/\",\"url\":\"https:\\\/\\\/suresms.com\\\/wp-content\\\/uploads\\\/2024\\\/11\\\/suresms-300x65-1.png\",\"contentUrl\":\"https:\\\/\\\/suresms.com\\\/wp-content\\\/uploads\\\/2024\\\/11\\\/suresms-300x65-1.png\",\"width\":300,\"height\":65,\"caption\":\"SureSMS\"},\"image\":{\"@id\":\"https:\\\/\\\/suresms.com\\\/en\\\/#\\\/schema\\\/logo\\\/image\\\/\"},\"sameAs\":[\"https:\\\/\\\/www.facebook.com\\\/p\\\/SureSMS-100044607956149\\\/\"]}]}<\/script>\r\n<!-- \/ Yoast SEO Premium plugin. -->","yoast_head_json":{"title":"Liga\u00e7\u00e3o SMS - conta gratuita","description":"Pode enviar links SMS, imagens, v\u00eddeos e ficheiros \u00e1udio com o nosso gateway SMS. Possibilidades infinitas para conte\u00fados ricos.","robots":{"index":"index","follow":"follow","max-snippet":"max-snippet:-1","max-image-preview":"max-image-preview:large","max-video-preview":"max-video-preview:-1"},"canonical":"https:\/\/suresms.com\/pt\/carateristicas\/ligacao-sms\/","og_locale":"pt_PT","og_type":"article","og_title":"SMS link","og_description":"Du kan sende b\u00e5de sms links, billeder, videoer og lydfiler med vores SMS gateway. Uanede muligheder for rigt indhold.","og_url":"https:\/\/suresms.com\/pt\/carateristicas\/ligacao-sms\/","article_publisher":"https:\/\/www.facebook.com\/p\/SureSMS-100044607956149\/","article_modified_time":"2024-12-06T13:05:55+00:00","og_image":[{"url":"https:\/\/suresms.com\/wp-content\/uploads\/2023\/01\/Tilfoej-link-1.png","type":"","width":"","height":""}],"twitter_card":"summary_large_image","twitter_misc":{"Tempo estimado de leitura":"5 minutos"},"schema":{"@context":"https:\/\/schema.org","@graph":[{"@type":"WebPage","@id":"https:\/\/suresms.com\/dk\/funktioner\/sms-link\/","url":"https:\/\/suresms.com\/dk\/funktioner\/sms-link\/","name":"Liga\u00e7\u00e3o SMS - conta gratuita","isPartOf":{"@id":"https:\/\/suresms.com\/en\/#website"},"primaryImageOfPage":{"@id":"https:\/\/suresms.com\/dk\/funktioner\/sms-link\/#primaryimage"},"image":{"@id":"https:\/\/suresms.com\/dk\/funktioner\/sms-link\/#primaryimage"},"thumbnailUrl":"https:\/\/suresms.com\/wp-content\/uploads\/2023\/01\/Tilfoej-link-1.png","datePublished":"2023-01-25T08:38:05+00:00","dateModified":"2024-12-06T13:05:55+00:00","description":"Pode enviar links SMS, imagens, v\u00eddeos e ficheiros \u00e1udio com o nosso gateway SMS. Possibilidades infinitas para conte\u00fados ricos.","breadcrumb":{"@id":"https:\/\/suresms.com\/dk\/funktioner\/sms-link\/#breadcrumb"},"inLanguage":"pt-PT","potentialAction":[{"@type":"ReadAction","target":["https:\/\/suresms.com\/dk\/funktioner\/sms-link\/"]}]},{"@type":"ImageObject","inLanguage":"pt-PT","@id":"https:\/\/suresms.com\/dk\/funktioner\/sms-link\/#primaryimage","url":"https:\/\/suresms.com\/wp-content\/uploads\/2023\/01\/Tilfoej-link-1.png","contentUrl":"https:\/\/suresms.com\/wp-content\/uploads\/2023\/01\/Tilfoej-link-1.png"},{"@type":"BreadcrumbList","@id":"https:\/\/suresms.com\/dk\/funktioner\/sms-link\/#breadcrumb","itemListElement":[{"@type":"ListItem","position":1,"name":"Home","item":"https:\/\/suresms.com\/dk\/"},{"@type":"ListItem","position":2,"name":"Funktioner","item":"https:\/\/suresms.com\/dk\/funktioner\/"},{"@type":"ListItem","position":3,"name":"SMS link"}]},{"@type":"WebSite","@id":"https:\/\/suresms.com\/en\/#website","url":"https:\/\/suresms.com\/en\/","name":"SureSMS","description":"Gateway SMS profissional","publisher":{"@id":"https:\/\/suresms.com\/en\/#organization"},"potentialAction":[{"@type":"SearchAction","target":{"@type":"EntryPoint","urlTemplate":"https:\/\/suresms.com\/en\/?s={search_term_string}"},"query-input":{"@type":"PropertyValueSpecification","valueRequired":true,"valueName":"search_term_string"}}],"inLanguage":"pt-PT"},{"@type":"Organization","@id":"https:\/\/suresms.com\/en\/#organization","name":"SureSMS","url":"https:\/\/suresms.com\/en\/","logo":{"@type":"ImageObject","inLanguage":"pt-PT","@id":"https:\/\/suresms.com\/en\/#\/schema\/logo\/image\/","url":"https:\/\/suresms.com\/wp-content\/uploads\/2024\/11\/suresms-300x65-1.png","contentUrl":"https:\/\/suresms.com\/wp-content\/uploads\/2024\/11\/suresms-300x65-1.png","width":300,"height":65,"caption":"SureSMS"},"image":{"@id":"https:\/\/suresms.com\/en\/#\/schema\/logo\/image\/"},"sameAs":["https:\/\/www.facebook.com\/p\/SureSMS-100044607956149\/"]}]}},"_links":{"self":[{"href":"https:\/\/suresms.com\/pt\/wp-json\/wp\/v2\/pages\/16543","targetHints":{"allow":["GET"]}}],"collection":[{"href":"https:\/\/suresms.com\/pt\/wp-json\/wp\/v2\/pages"}],"about":[{"href":"https:\/\/suresms.com\/pt\/wp-json\/wp\/v2\/types\/page"}],"author":[{"embeddable":true,"href":"https:\/\/suresms.com\/pt\/wp-json\/wp\/v2\/users\/1"}],"replies":[{"embeddable":true,"href":"https:\/\/suresms.com\/pt\/wp-json\/wp\/v2\/comments?post=16543"}],"version-history":[{"count":2,"href":"https:\/\/suresms.com\/pt\/wp-json\/wp\/v2\/pages\/16543\/revisions"}],"predecessor-version":[{"id":19497,"href":"https:\/\/suresms.com\/pt\/wp-json\/wp\/v2\/pages\/16543\/revisions\/19497"}],"up":[{"embeddable":true,"href":"https:\/\/suresms.com\/pt\/wp-json\/wp\/v2\/pages\/958"}],"wp:attachment":[{"href":"https:\/\/suresms.com\/pt\/wp-json\/wp\/v2\/media?parent=16543"}],"wp:term":[{"taxonomy":"category","embeddable":true,"href":"https:\/\/suresms.com\/pt\/wp-json\/wp\/v2\/categories?post=16543"},{"taxonomy":"post_tag","embeddable":true,"href":"https:\/\/suresms.com\/pt\/wp-json\/wp\/v2\/tags?post=16543"}],"curies":[{"name":"wp","href":"https:\/\/api.w.org\/{rel}","templated":true}]}}