{"id":1654,"date":"2016-02-01T18:43:38","date_gmt":"2016-02-01T16:43:38","guid":{"rendered":"https:\/\/www.suresms.com\/dk\/?page_id=1654"},"modified":"2025-01-22T16:11:08","modified_gmt":"2025-01-22T16:11:08","slug":"descargas-de-ramos","status":"publish","type":"page","link":"https:\/\/suresms.com\/pt\/branchelosninger\/","title":{"rendered":"Solu\u00e7\u00f5es para o sector"},"content":{"rendered":"<h1>Solu\u00e7\u00f5es para o sector - Solu\u00e7\u00e3o SMS Premium para a sua empresa<\/h1>\n<p>Na SureSMS, fornecemos solu\u00e7\u00f5es SMS flex\u00edveis e est\u00e1veis para muitos sectores e organiza\u00e7\u00f5es. Para n\u00f3s, trabalhar com os nossos clientes \u00e9 uma parceria em que personalizamos os produtos e servi\u00e7os de acordo com as suas necessidades, para que juntos possamos melhorar a sua comunica\u00e7\u00e3o e competitividade.<\/p>\n<p>Nesta p\u00e1gina, reunimos alguns dos tipos de ind\u00fastrias e profissionais que utilizam os nossos servi\u00e7os SMS online. Encontre inspira\u00e7\u00e3o para a forma como podemos ajudar a sua empresa.<\/p>\n<p>Leia mais sobre as vantagens e carater\u00edsticas nas p\u00e1ginas individuais.<\/p>\n\t\t<h3><a href=\"https:\/\/suresms.com\/pt\/descargas-de-ramos\/sms-para-empresas-de-servicos\/\" target=\"_self\">Empresas de servi\u00e7os<\/a><\/h3>\n\t\t\t\t<a href=\"https:\/\/suresms.com\/pt\/descargas-de-ramos\/sms-para-empresas-de-servicos\/\"  target=\"_self\" itemprop=\"url\">\n\t\t\t\t<img loading=\"lazy\" decoding=\"async\" src=\"https:\/\/suresms.com\/wp-content\/uploads\/2016\/06\/sms-til-service-snippet.jpg\" alt=\"SMS para empresas de servi\u00e7os, servi\u00e7o autom\u00f3vel, cabeleireiros e dentistas\" itemprop=\"image\" height=\"266\" width=\"400\" title=\"SMS para servi\u00e7o\" onerror=\"this.style.display='none'\"  \/>\n\t\t\t\t<\/a>\n<a href=\"https:\/\/suresms.com\/pt\/descargas-de-ramos\/sms-para-empresas-de-servicos\/\"  target=\"_self\">Sobre o SMS para empresas de servi\u00e7os<\/a>\t\n\t\t<h3><a href=\"https:\/\/suresms.com\/pt\/descargas-de-ramos\/sms-para-empresas-de-transporte-e-logistica\/\" target=\"_self\">O sector dos transportes<\/a><\/h3>\n\t\t\t\t<a href=\"https:\/\/suresms.com\/pt\/descargas-de-ramos\/sms-para-empresas-de-transporte-e-logistica\/\"  target=\"_self\" itemprop=\"url\">\n\t\t\t\t<img loading=\"lazy\" decoding=\"async\" src=\"https:\/\/suresms.com\/wp-content\/uploads\/2016\/02\/SMS-til-Transport-snippet.jpg\" alt=\"SMS para empresas de transporte e log\u00edstica\" itemprop=\"image\" height=\"266\" width=\"400\" title=\"SMS para empresas de transportes\" onerror=\"this.style.display='none'\"  \/>\n\t\t\t\t<\/a>\n<a href=\"https:\/\/suresms.com\/pt\/descargas-de-ramos\/sms-para-empresas-de-transporte-e-logistica\/\"  target=\"_self\">Ler sobre SMS para o sector dos transportes<\/a>\t\n\t\t<h3><a href=\"https:\/\/suresms.com\/pt\/descargas-de-ramos\/sms-para-empresas\/\" target=\"_self\">Lojas e empresas<\/a><\/h3>\n\t\t\t\t<a href=\"https:\/\/suresms.com\/pt\/descargas-de-ramos\/sms-para-empresas\/\"  target=\"_self\" itemprop=\"url\">\n\t\t\t\t<img loading=\"lazy\" decoding=\"async\" src=\"https:\/\/suresms.com\/wp-content\/uploads\/2015\/02\/sms-til-butikker-snippet.jpg\" alt=\"SMS clientes em linha para lojas e estabelecimentos comerciais\" itemprop=\"image\" height=\"267\" width=\"400\" title=\"SMS para armazenar snippet\" onerror=\"this.style.display='none'\"  \/>\n\t\t\t\t<\/a>\n<a href=\"https:\/\/suresms.com\/pt\/descargas-de-ramos\/sms-para-empresas\/\"  target=\"_self\">Ler sobre SMS para lojas e estabelecimentos comerciais<\/a>\t\n\t\t<h3><a href=\"https:\/\/suresms.com\/pt\/descargas-de-ramos\/sms-para-instituicoes-publicas\/\" target=\"_self\">Institui\u00e7\u00f5es p\u00fablicas<\/a><\/h3>\n\t\t\t\t<a href=\"https:\/\/suresms.com\/pt\/descargas-de-ramos\/sms-para-instituicoes-publicas\/\"  target=\"_self\" itemprop=\"url\">\n\t\t\t\t<img loading=\"lazy\" decoding=\"async\" src=\"https:\/\/suresms.com\/wp-content\/uploads\/2016\/02\/sms-til-offentlige-snippet.jpg\" alt=\"SMS para institui\u00e7\u00f5es p\u00fablicas do estado e do munic\u00edpio\" itemprop=\"image\" height=\"266\" width=\"400\" title=\"SMS para institui\u00e7\u00f5es p\u00fablicas\" onerror=\"this.style.display='none'\"  \/>\n\t\t\t\t<\/a>\n<a href=\"https:\/\/suresms.com\/pt\/descargas-de-ramos\/sms-para-instituicoes-publicas\/\"  target=\"_self\">Ler sobre SMS para institui\u00e7\u00f5es p\u00fablicas<\/a>\t\n\t\t<h3><a href=\"https:\/\/suresms.com\/pt\/descargas-de-ramos\/sms-para-empresas-em-linha-e-servicos-web-2\/\" target=\"_self\">Empresas em linha<\/a><\/h3>\n\t\t\t\t<a href=\"https:\/\/suresms.com\/pt\/descargas-de-ramos\/sms-para-empresas-em-linha-e-servicos-web-2\/\"  target=\"_self\" itemprop=\"url\">\n\t\t\t\t<img loading=\"lazy\" decoding=\"async\" src=\"https:\/\/suresms.com\/wp-content\/uploads\/2016\/06\/SMS-til-butikker.jpg\" alt=\"SMS para empresas em linha e servi\u00e7os Web\" itemprop=\"image\" height=\"266\" width=\"400\" title=\"SMS para empresas em linha e servi\u00e7os Web\" onerror=\"this.style.display='none'\"  \/>\n\t\t\t\t<\/a>\n<a href=\"https:\/\/suresms.com\/pt\/descargas-de-ramos\/sms-para-empresas-em-linha-e-servicos-web-2\/\"  target=\"_self\">Ler sobre SMS para servi\u00e7os em linha<\/a>\t\n\t\t<h3><a href=\"https:\/\/suresms.com\/pt\/descargas-de-ramos\/sms-para-empresas-transformadoras\/\" target=\"_self\">Produ\u00e7\u00e3o e neg\u00f3cios<\/a><\/h3>\n\t\t\t\t<a href=\"https:\/\/suresms.com\/pt\/descargas-de-ramos\/sms-para-empresas-transformadoras\/\"  target=\"_self\" itemprop=\"url\">\n\t\t\t\t<img loading=\"lazy\" decoding=\"async\" src=\"https:\/\/suresms.com\/wp-content\/uploads\/2016\/06\/sms-til-produktionsvirksomheder-snippet.jpg\" alt=\"SMS para organiza\u00e7\u00f5es industriais e empresariais\" itemprop=\"image\" height=\"266\" width=\"400\" title=\"SMS para empresas transformadoras\" onerror=\"this.style.display='none'\"  \/>\n\t\t\t\t<\/a>\n<a href=\"https:\/\/suresms.com\/pt\/descargas-de-ramos\/sms-para-empresas-transformadoras\/\"  target=\"_self\">Sobre o SMS para Neg\u00f3cios e Empresas<\/a>\t\n\t\t<h3><a href=\"https:\/\/suresms.com\/pt\/descargas-de-ramos\/clubes-sms\/\" target=\"_self\">Clubes e associa\u00e7\u00f5es<\/a><\/h3>\n\t\t\t\t<a href=\"https:\/\/suresms.com\/pt\/descargas-de-ramos\/clubes-sms\/\"  target=\"_self\" itemprop=\"url\">\n\t\t\t\t<img loading=\"lazy\" decoding=\"async\" src=\"https:\/\/suresms.com\/wp-content\/uploads\/2015\/02\/sms-til-klubber-snippet.jpg\" alt=\"enviar sms online clubes e associa\u00e7\u00f5es\" itemprop=\"image\" height=\"266\" width=\"400\" title=\"SMS para clubes\" onerror=\"this.style.display='none'\"  \/>\n\t\t\t\t<\/a>\n<a href=\"https:\/\/suresms.com\/pt\/descargas-de-ramos\/clubes-sms\/\"  target=\"_self\">Ler sobre SMS para Clubes e Associa\u00e7\u00f5es <\/a>\t\n\t\t<h3><a href=\"https:\/\/suresms.com\/pt\/descargas-de-ramos\/mensagem-de-texto-de-emergencia\/\" target=\"_self\">SMS de emerg\u00eancia para todos<\/a><\/h3>\n\t\t\t\t<a href=\"https:\/\/suresms.com\/pt\/descargas-de-ramos\/mensagem-de-texto-de-emergencia\/\"  target=\"_self\" itemprop=\"url\">\n\t\t\t\t<img loading=\"lazy\" decoding=\"async\" src=\"https:\/\/suresms.com\/wp-content\/uploads\/2023\/07\/Emergency-BW-1.png\" alt=\"SMS de emerg\u00eancia\" itemprop=\"image\" height=\"333\" width=\"500\" title=\"Emerg\u00eancia BW\" onerror=\"this.style.display='none'\"  \/>\n\t\t\t\t<\/a>\n<a href=\"https:\/\/suresms.com\/pt\/descargas-de-ramos\/mensagem-de-texto-de-emergencia\/\"  target=\"_self\">Ler sobre o nosso SMS de emerg\u00eancia<\/a>\t\n\t<h3>Envie um SMS quando houver NOVIDADES no seu s\u00edtio Web<\/h3>\n<p>\u00c9 uma funcionalidade \u00fatil para associa\u00e7\u00f5es, organiza\u00e7\u00f5es empresariais e comerciantes, e \u00e9 f\u00e1cil e econ\u00f3mica de instalar. Com o nosso SMS Gateway, pode escolher se quer enviar um SMS a todos os clientes ou apenas a grupos de utilizadores. Atrav\u00e9s da nossa API SureSMS, o SMS \u00e9 enviado automaticamente quando actualiza o seu s\u00edtio Web. Se j\u00e1 tiver uma newsletter ou um m\u00f3dulo para enviar newsletters, pode utilizar o nosso m\u00f3dulo email2sms para o configurar de modo a que os seus utilizadores recebam o SMS a partir do seu m\u00f3dulo de not\u00edcias.<\/p>\n<p><a href=\"https:\/\/suresms.com\/pt\/sobre-o-suresms\/suporte-suresms\/\">Ligar para o suporte<\/a> para uma conversa. Teremos todo o gosto em ajud\u00e1-lo a come\u00e7ar com uma solu\u00e7\u00e3o que se adeq\u00fae \u00e0s suas necessidades.<\/p>\n\t\t\t\t<a href=\"https:\/\/suresms.com\/pt\/sobre-o-suresms\/suporte-suresms\/\"  target=\"_self\" itemprop=\"url\">\n\t\t\t\t<img loading=\"lazy\" decoding=\"async\" src=\"https:\/\/suresms.com\/wp-content\/uploads\/bb-plugin\/cache\/Not-there1-panorama-46ce722cf3951d9002e2059616f3f7fe-.jpg\" alt=\"Que solu\u00e7\u00e3o SMS em linha\" itemprop=\"image\" height=\"266\" width=\"500\" title=\"solu\u00e7\u00e3o sms online em d\u00favida\" onerror=\"this.style.display='none'\"  \/>\n\t\t\t\t<\/a>\n<h3><a href=\"https:\/\/suresms.com\/pt\/sobre-o-suresms\/suporte-suresms\/\" target=\"_self\">N\u00e3o estou l\u00e1<\/a><\/h3>N\u00e3o consigo ver-me nas vossas caixas.<br \/>\nNecessito de uma solu\u00e7\u00e3o de SMS que n\u00e3o sei se \u00e9 fornecida por v\u00f3s.\n<p>&nbsp;<\/p>\n<a title=\"Suporte SureSMS 24\/7\" href=\"https:\/\/suresms.com\/pt\/sobre-o-suresms\/suporte-suresms\/\">Contacte a nossa equipa de apoio.<\/a> Temos definitivamente uma solu\u00e7\u00e3o para si, e adoramos um desafio.<br \/>\nEstamos dispon\u00edveis com conhecimentos, ajuda e aconselhamento profissional gratuito, sete dias por semana.\n\t\t\t\t<a href=\"https:\/\/suresms.com\/pt\/encomendar\/conta-de-teste-de-sms-gratis\/\"  target=\"_self\" itemprop=\"url\">\n\t\t\t\t<img loading=\"lazy\" decoding=\"async\" src=\"https:\/\/suresms.com\/wp-content\/uploads\/bb-plugin\/cache\/test-stor-panorama-de3cf342ba8c1b45016354f59526e95d-.jpg\" alt=\"Conta de teste gratuita do Sure SMS\" itemprop=\"image\" height=\"266\" width=\"500\" title=\"Criar uma conta de avalia\u00e7\u00e3o gratuita do Sure SMS\" onerror=\"this.style.display='none'\"  \/>\n\t\t\t\t<\/a>\n<h3><a href=\"https:\/\/suresms.com\/pt\/encomendar\/conta-de-teste-de-sms-gratis\/\" target=\"_self\">Crie uma conta de avalia\u00e7\u00e3o gratuita AGORA!<\/a><\/h3>Pode criar uma conta gratuitamente e experimentar o nosso sistema. Siga a hiperliga\u00e7\u00e3o e obtenha uma conta de teste com 50 SMS gr\u00e1tis imediatamente. Este \u00e9 um servi\u00e7o da SureSMS para si, sem qualquer custo financeiro ou obriga\u00e7\u00e3o.<br \/>\nPor raz\u00f5es de seguran\u00e7a, verificamos cada conta manualmente e, por vezes, pode haver um curto per\u00edodo de espera. Pedimos a sua compreens\u00e3o para este facto.","protected":false},"excerpt":{"rendered":"<p>Solu\u00e7\u00f5es para a ind\u00fastria - Solu\u00e7\u00f5es SMS Premium para o seu neg\u00f3cio Na SureSMS fornecemos solu\u00e7\u00f5es SMS flex\u00edveis e est\u00e1veis para muitas ind\u00fastrias e organiza\u00e7\u00f5es. Para n\u00f3s, trabalhar com os nossos clientes \u00e9 uma parceria em que personalizamos os produtos e servi\u00e7os de acordo com as suas necessidades, para que juntos possamos melhorar a sua comunica\u00e7\u00e3o e competitividade. Nesta p\u00e1gina, reunimos algumas das ... <a title=\"Solu\u00e7\u00f5es para o sector\" class=\"read-more\" href=\"https:\/\/suresms.com\/pt\/branchelosninger\/\" aria-label=\"Ler mais sobre Solu\u00e7\u00f5es para a ind\u00fastria\">Rir mas<\/a><\/p>","protected":false},"author":1,"featured_media":0,"parent":0,"menu_order":7,"comment_status":"closed","ping_status":"closed","template":"","meta":{"_fl_builder_enabled":"1","_fl_builder_data":null,"_fl_builder_draft":null,"_fl_builder_data_settings":null,"_fl_builder_css":"","_fl_builder_css_version":"","_fl_builder_js":"","footnotes":""},"categories":[],"tags":[],"class_list":["post-1654","page","type-page","status-publish"],"yoast_head":"<!-- This site is optimized with the Yoast SEO Premium plugin v27.3 (Yoast SEO v27.3) - https:\/\/yoast.com\/product\/yoast-seo-premium-wordpress\/ -->\r\n<title>En SMS-l\u00f8sning til dig! SureSMS - Find din SMS-l\u00f8sning her<\/title>\r\n<meta name=\"description\" content=\"Find din SMS l\u00f8sning her! Hos SureSMS tager vi udgangspunkt i kunden. Bedste SMS l\u00f8sning til Transport virksomheder, offentlige institutioner og klubber.\" \/>\r\n<meta name=\"robots\" content=\"index, follow, max-snippet:-1, max-image-preview:large, max-video-preview:-1\" \/>\r\n<link rel=\"canonical\" href=\"https:\/\/suresms.com\/pt\/descargas-de-ramos\/\" \/>\r\n<meta property=\"og:locale\" content=\"pt_PT\" \/>\r\n<meta property=\"og:type\" content=\"article\" \/>\r\n<meta property=\"og:title\" content=\"Branchel\u00f8sninger\" \/>\r\n<meta property=\"og:description\" content=\"Find din SMS l\u00f8sning her! Hos SureSMS tager vi udgangspunkt i kunden. Bedste SMS l\u00f8sning til Transport virksomheder, offentlige institutioner og klubber.\" \/>\r\n<meta property=\"og:url\" content=\"https:\/\/suresms.com\/pt\/descargas-de-ramos\/\" \/>\r\n<meta property=\"article:publisher\" content=\"https:\/\/www.facebook.com\/p\/SureSMS-100044607956149\/\" \/>\r\n<meta property=\"article:modified_time\" content=\"2025-01-22T16:11:08+00:00\" \/>\r\n<meta property=\"og:image\" content=\"https:\/\/suresms.com\/wp-content\/uploads\/2016\/06\/sms-til-service-snippet.jpg\" \/>\r\n\t<meta property=\"og:image:width\" content=\"400\" \/>\r\n\t<meta property=\"og:image:height\" content=\"266\" \/>\r\n\t<meta property=\"og:image:type\" content=\"image\/jpeg\" \/>\r\n<meta name=\"twitter:card\" content=\"summary_large_image\" \/>\r\n<meta name=\"twitter:label1\" content=\"Tempo estimado de leitura\" \/>\n\t<meta name=\"twitter:data1\" content=\"9 minutos\" \/>\r\n<script type=\"application\/ld+json\" class=\"yoast-schema-graph\">{\"@context\":\"https:\\\/\\\/schema.org\",\"@graph\":[{\"@type\":\"WebPage\",\"@id\":\"https:\\\/\\\/suresms.com\\\/dk\\\/branchelosninger\\\/\",\"url\":\"https:\\\/\\\/suresms.com\\\/dk\\\/branchelosninger\\\/\",\"name\":\"En SMS-l\u00f8sning til dig! SureSMS - Find din SMS-l\u00f8sning her\",\"isPartOf\":{\"@id\":\"https:\\\/\\\/suresms.com\\\/en\\\/#website\"},\"primaryImageOfPage\":{\"@id\":\"https:\\\/\\\/suresms.com\\\/dk\\\/branchelosninger\\\/#primaryimage\"},\"image\":{\"@id\":\"https:\\\/\\\/suresms.com\\\/dk\\\/branchelosninger\\\/#primaryimage\"},\"thumbnailUrl\":\"https:\\\/\\\/suresms.com\\\/wp-content\\\/uploads\\\/2016\\\/06\\\/sms-til-service-snippet.jpg\",\"datePublished\":\"2016-02-01T16:43:38+00:00\",\"dateModified\":\"2025-01-22T16:11:08+00:00\",\"description\":\"Find din SMS l\u00f8sning her! Hos SureSMS tager vi udgangspunkt i kunden. Bedste SMS l\u00f8sning til Transport virksomheder, offentlige institutioner og klubber.\",\"breadcrumb\":{\"@id\":\"https:\\\/\\\/suresms.com\\\/dk\\\/branchelosninger\\\/#breadcrumb\"},\"inLanguage\":\"pt-PT\",\"potentialAction\":[{\"@type\":\"ReadAction\",\"target\":[\"https:\\\/\\\/suresms.com\\\/dk\\\/branchelosninger\\\/\"]}]},{\"@type\":\"ImageObject\",\"inLanguage\":\"pt-PT\",\"@id\":\"https:\\\/\\\/suresms.com\\\/dk\\\/branchelosninger\\\/#primaryimage\",\"url\":\"https:\\\/\\\/suresms.com\\\/wp-content\\\/uploads\\\/2016\\\/06\\\/sms-til-service-snippet.jpg\",\"contentUrl\":\"https:\\\/\\\/suresms.com\\\/wp-content\\\/uploads\\\/2016\\\/06\\\/sms-til-service-snippet.jpg\"},{\"@type\":\"BreadcrumbList\",\"@id\":\"https:\\\/\\\/suresms.com\\\/dk\\\/branchelosninger\\\/#breadcrumb\",\"itemListElement\":[{\"@type\":\"ListItem\",\"position\":1,\"name\":\"Home\",\"item\":\"https:\\\/\\\/suresms.com\\\/dk\\\/\"},{\"@type\":\"ListItem\",\"position\":2,\"name\":\"Branchel\u00f8sninger\"}]},{\"@type\":\"WebSite\",\"@id\":\"https:\\\/\\\/suresms.com\\\/en\\\/#website\",\"url\":\"https:\\\/\\\/suresms.com\\\/en\\\/\",\"name\":\"SureSMS\",\"description\":\"Professionel SMS Gateway\",\"publisher\":{\"@id\":\"https:\\\/\\\/suresms.com\\\/en\\\/#organization\"},\"potentialAction\":[{\"@type\":\"SearchAction\",\"target\":{\"@type\":\"EntryPoint\",\"urlTemplate\":\"https:\\\/\\\/suresms.com\\\/en\\\/?s={search_term_string}\"},\"query-input\":{\"@type\":\"PropertyValueSpecification\",\"valueRequired\":true,\"valueName\":\"search_term_string\"}}],\"inLanguage\":\"pt-PT\"},{\"@type\":\"Organization\",\"@id\":\"https:\\\/\\\/suresms.com\\\/en\\\/#organization\",\"name\":\"SureSMS\",\"url\":\"https:\\\/\\\/suresms.com\\\/en\\\/\",\"logo\":{\"@type\":\"ImageObject\",\"inLanguage\":\"pt-PT\",\"@id\":\"https:\\\/\\\/suresms.com\\\/en\\\/#\\\/schema\\\/logo\\\/image\\\/\",\"url\":\"https:\\\/\\\/suresms.com\\\/wp-content\\\/uploads\\\/2024\\\/11\\\/suresms-300x65-1.png\",\"contentUrl\":\"https:\\\/\\\/suresms.com\\\/wp-content\\\/uploads\\\/2024\\\/11\\\/suresms-300x65-1.png\",\"width\":300,\"height\":65,\"caption\":\"SureSMS\"},\"image\":{\"@id\":\"https:\\\/\\\/suresms.com\\\/en\\\/#\\\/schema\\\/logo\\\/image\\\/\"},\"sameAs\":[\"https:\\\/\\\/www.facebook.com\\\/p\\\/SureSMS-100044607956149\\\/\"]}]}<\/script>\r\n<!-- \/ Yoast SEO Premium plugin. -->","yoast_head_json":{"title":"Uma solu\u00e7\u00e3o SMS para si! SureSMS - Encontre aqui a sua solu\u00e7\u00e3o de SMS","description":"Encontre aqui a sua solu\u00e7\u00e3o SMS! Na SureSMS tomamos o cliente como ponto de partida. A melhor solu\u00e7\u00e3o de SMS para empresas de transporte, institui\u00e7\u00f5es p\u00fablicas e clubes.","robots":{"index":"index","follow":"follow","max-snippet":"max-snippet:-1","max-image-preview":"max-image-preview:large","max-video-preview":"max-video-preview:-1"},"canonical":"https:\/\/suresms.com\/pt\/descargas-de-ramos\/","og_locale":"pt_PT","og_type":"article","og_title":"Branchel\u00f8sninger","og_description":"Find din SMS l\u00f8sning her! Hos SureSMS tager vi udgangspunkt i kunden. Bedste SMS l\u00f8sning til Transport virksomheder, offentlige institutioner og klubber.","og_url":"https:\/\/suresms.com\/pt\/descargas-de-ramos\/","article_publisher":"https:\/\/www.facebook.com\/p\/SureSMS-100044607956149\/","article_modified_time":"2025-01-22T16:11:08+00:00","og_image":[{"width":400,"height":266,"url":"https:\/\/suresms.com\/wp-content\/uploads\/2016\/06\/sms-til-service-snippet.jpg","type":"image\/jpeg"}],"twitter_card":"summary_large_image","twitter_misc":{"Tempo estimado de leitura":"9 minutos"},"schema":{"@context":"https:\/\/schema.org","@graph":[{"@type":"WebPage","@id":"https:\/\/suresms.com\/dk\/branchelosninger\/","url":"https:\/\/suresms.com\/dk\/branchelosninger\/","name":"Uma solu\u00e7\u00e3o SMS para si! SureSMS - Encontre aqui a sua solu\u00e7\u00e3o de SMS","isPartOf":{"@id":"https:\/\/suresms.com\/en\/#website"},"primaryImageOfPage":{"@id":"https:\/\/suresms.com\/dk\/branchelosninger\/#primaryimage"},"image":{"@id":"https:\/\/suresms.com\/dk\/branchelosninger\/#primaryimage"},"thumbnailUrl":"https:\/\/suresms.com\/wp-content\/uploads\/2016\/06\/sms-til-service-snippet.jpg","datePublished":"2016-02-01T16:43:38+00:00","dateModified":"2025-01-22T16:11:08+00:00","description":"Encontre aqui a sua solu\u00e7\u00e3o SMS! Na SureSMS tomamos o cliente como ponto de partida. A melhor solu\u00e7\u00e3o de SMS para empresas de transporte, institui\u00e7\u00f5es p\u00fablicas e clubes.","breadcrumb":{"@id":"https:\/\/suresms.com\/dk\/branchelosninger\/#breadcrumb"},"inLanguage":"pt-PT","potentialAction":[{"@type":"ReadAction","target":["https:\/\/suresms.com\/dk\/branchelosninger\/"]}]},{"@type":"ImageObject","inLanguage":"pt-PT","@id":"https:\/\/suresms.com\/dk\/branchelosninger\/#primaryimage","url":"https:\/\/suresms.com\/wp-content\/uploads\/2016\/06\/sms-til-service-snippet.jpg","contentUrl":"https:\/\/suresms.com\/wp-content\/uploads\/2016\/06\/sms-til-service-snippet.jpg"},{"@type":"BreadcrumbList","@id":"https:\/\/suresms.com\/dk\/branchelosninger\/#breadcrumb","itemListElement":[{"@type":"ListItem","position":1,"name":"Home","item":"https:\/\/suresms.com\/dk\/"},{"@type":"ListItem","position":2,"name":"Branchel\u00f8sninger"}]},{"@type":"WebSite","@id":"https:\/\/suresms.com\/en\/#website","url":"https:\/\/suresms.com\/en\/","name":"SureSMS","description":"Gateway SMS profissional","publisher":{"@id":"https:\/\/suresms.com\/en\/#organization"},"potentialAction":[{"@type":"SearchAction","target":{"@type":"EntryPoint","urlTemplate":"https:\/\/suresms.com\/en\/?s={search_term_string}"},"query-input":{"@type":"PropertyValueSpecification","valueRequired":true,"valueName":"search_term_string"}}],"inLanguage":"pt-PT"},{"@type":"Organization","@id":"https:\/\/suresms.com\/en\/#organization","name":"SureSMS","url":"https:\/\/suresms.com\/en\/","logo":{"@type":"ImageObject","inLanguage":"pt-PT","@id":"https:\/\/suresms.com\/en\/#\/schema\/logo\/image\/","url":"https:\/\/suresms.com\/wp-content\/uploads\/2024\/11\/suresms-300x65-1.png","contentUrl":"https:\/\/suresms.com\/wp-content\/uploads\/2024\/11\/suresms-300x65-1.png","width":300,"height":65,"caption":"SureSMS"},"image":{"@id":"https:\/\/suresms.com\/en\/#\/schema\/logo\/image\/"},"sameAs":["https:\/\/www.facebook.com\/p\/SureSMS-100044607956149\/"]}]}},"_links":{"self":[{"href":"https:\/\/suresms.com\/pt\/wp-json\/wp\/v2\/pages\/1654","targetHints":{"allow":["GET"]}}],"collection":[{"href":"https:\/\/suresms.com\/pt\/wp-json\/wp\/v2\/pages"}],"about":[{"href":"https:\/\/suresms.com\/pt\/wp-json\/wp\/v2\/types\/page"}],"author":[{"embeddable":true,"href":"https:\/\/suresms.com\/pt\/wp-json\/wp\/v2\/users\/1"}],"replies":[{"embeddable":true,"href":"https:\/\/suresms.com\/pt\/wp-json\/wp\/v2\/comments?post=1654"}],"version-history":[{"count":11,"href":"https:\/\/suresms.com\/pt\/wp-json\/wp\/v2\/pages\/1654\/revisions"}],"predecessor-version":[{"id":21943,"href":"https:\/\/suresms.com\/pt\/wp-json\/wp\/v2\/pages\/1654\/revisions\/21943"}],"wp:attachment":[{"href":"https:\/\/suresms.com\/pt\/wp-json\/wp\/v2\/media?parent=1654"}],"wp:term":[{"taxonomy":"category","embeddable":true,"href":"https:\/\/suresms.com\/pt\/wp-json\/wp\/v2\/categories?post=1654"},{"taxonomy":"post_tag","embeddable":true,"href":"https:\/\/suresms.com\/pt\/wp-json\/wp\/v2\/tags?post=1654"}],"curies":[{"name":"wp","href":"https:\/\/api.w.org\/{rel}","templated":true}]}}