{"id":15941,"date":"2022-09-05T16:47:14","date_gmt":"2022-09-05T14:47:14","guid":{"rendered":"https:\/\/www.suresms.com\/dk\/?page_id=15941"},"modified":"2026-03-25T15:49:14","modified_gmt":"2026-03-25T15:49:14","slug":"sistema-de-compras-ideal-shop","status":"publish","type":"page","link":"https:\/\/suresms.com\/pt\/integrationer\/shop-systemer\/ideal-shop-shoppingsystem\/","title":{"rendered":"Integra\u00e7\u00e3o de SMS para a ideal.shop"},"content":{"rendered":"<!-- Flexy Breadcrumb -->\r\n\t\t\t<div class=\"fbc fbc-page\">\r\n\r\n\t\t\t\t<!-- Breadcrumb wrapper -->\r\n\t\t\t\t<div class=\"fbc-wrap\">\r\n\r\n\t\t\t\t\t<!-- Ordered list-->\r\n\t\t\t\t\t<ol class=\"fbc-items\" itemscope itemtype=\"https:\/\/schema.org\/BreadcrumbList\">\r\n\t\t\t\t\t\t            <li itemprop=\"itemListElement\" itemscope itemtype=\"https:\/\/schema.org\/ListItem\">\r\n                <span itemprop=\"name\">\r\n                    <!-- Home Link -->\r\n                    <a itemprop=\"item\" href=\"https:\/\/suresms.com\/pt\/\">\r\n                    \r\n                                                    <i class=\"fa fa-home\" aria-hidden=\"true\"><\/i>In\u00edcio                    <\/a>\r\n                <\/span>\r\n                <meta itemprop=\"position\" content=\"1\" \/><!-- Meta Position-->\r\n             <\/li><li><span class=\"fbc-separator\">\/<\/span><\/li><li class=\"active\" itemprop=\"itemListElement\" itemscope itemtype=\"https:\/\/schema.org\/ListItem\"><span itemprop=\"name\" title=\"Integra\u00e7\u00e3o de SMS para a ideal.shop\">Integra\u00e7\u00e3o de SMS para a ideal.shop<\/span><meta itemprop=\"position\" content=\"2\" \/><\/li>\t\t\t\t\t<\/ol>\r\n\t\t\t\t\t<div class=\"clearfix\"><\/div>\r\n\t\t\t\t<\/div>\r\n\t\t\t<\/div>\r\n\t\t\t\n\t\t<h1><strong>Integra\u00e7\u00e3o de SMS para a ideal.shop<\/strong><\/h1>\n<figure itemscope itemtype=\"https:\/\/schema.org\/ImageObject\">\n\t\t\t\t<img decoding=\"async\" src=\"https:\/\/suresms.com\/wp-content\/uploads\/2022\/09\/ideal.shop-suresms-1.png\" alt=\"ideal-shop-suresms\" height=\"200\" width=\"350\" title=\"ideal.shop-suresms\" onerror=\"this.style.display='none'\" loading=\"lazy\" \/>\n\t<\/figure>\n\t<figure itemscope itemtype=\"https:\/\/schema.org\/ImageObject\">\n\t\t\t\t<img decoding=\"async\" src=\"https:\/\/suresms.com\/wp-content\/uploads\/2026\/03\/idealshop_logo_400x400-300x300.png\" alt=\"idealshop_logo_400x400\" height=\"300\" width=\"300\" title=\"idealshop_logo_400x400\" onerror=\"this.style.display='none'\" loading=\"lazy\" \/>\n\t<\/figure>\n\t\t<h3>SMS de ideal.shop<\/h3><p>A SureSMS criou uma integra\u00e7\u00e3o chave-na-m\u00e3o para <a href=\"https:\/\/www.ideal.shop\/\">loja ideal<\/a>para que os novos clientes que obtiver na sua loja ideal.shop sejam automaticamente transferidos para a sua conta SureSMS. A partir do SureSMS, pode enviar SMS aos seus clientes (aqueles que aceitaram o SMS).<\/p>\n<p>Todas as excelentes funcionalidades de SMS que tem no SureSMS tamb\u00e9m funcionam com clientes da sua loja ideal.<\/p>\n<p>O objetivo do ideal.shop \u00e9 criar um sistema de loja \u00fanico que possa ser utilizado por todos. F\u00e1cil de utilizar, mas ainda assim com muitas funcionalidades.<\/p>\n<p>SMS da ideal.shop \u00e9 ideal!<\/p>\n\t<h3>Obter aprova\u00e7\u00e3o para enviar SMS aos seus clientes<\/h3>\nAo configurar a integra\u00e7\u00e3o entre a ideal.shop e a SureSMS, \u00e9 muito importante que os seus clientes tenham a op\u00e7\u00e3o de se inscreverem para receberem SMS. Sem \u201cautoriza\u00e7\u00e3o\u201d, n\u00e3o pode enviar-lhes legalmente mensagens SMS.\nAs permiss\u00f5es s\u00e3o obtidas no fluxo de check-out, onde tamb\u00e9m se pergunta se os clientes querem receber newsletters.\nPor lei, os clientes devem poder cancelar a subscri\u00e7\u00e3o de listas de SMS e de correio eletr\u00f3nico. Podem faz\u00ea-lo no SureSMS, assinalando a caixa ao mesmo tempo que efectua o envio. \u00c9 incrivelmente f\u00e1cil.\nDepois de o cliente ter feito isto, pode enviar SMS a partir da ideal.shop.\n\t<h3>Escuta de SMS<\/h3>\n<p>Assim que a integra\u00e7\u00e3o estiver configurada e activada, \u00e9 automaticamente criado um grupo na sua conta SureSMS chamado ideal.shop. Esta lista cont\u00e9m todos os clientes da sua loja que aceitaram receber mensagens SMS.<\/p>\n<figure itemscope itemtype=\"https:\/\/schema.org\/ImageObject\">\n\t\t\t\t<img decoding=\"async\" src=\"https:\/\/suresms.com\/wp-content\/uploads\/2022\/09\/Screenshot-2022-09-05-170530-1.png\" alt=\"Captura de ecr\u00e3 2022-09-05 170530\" height=\"1315\" width=\"1968\" title=\"Captura de ecr\u00e3 2022-09-05 170530\" onerror=\"this.style.display='none'\" loading=\"lazy\" \/>\n\t<\/figure>\n\t<p>No SureSMS pode ver o nome, o e-mail e o n\u00famero de telefone do destinat\u00e1rio. Tamb\u00e9m pode utilizar os nossos outros m\u00e9todos para colocar os destinat\u00e1rios na sua lista de SMS. Por exemplo, os utilizadores inscrevem-se diretamente no seu website e n\u00e3o precisam de comprar nada para entrar na lista.<\/p>\n\t<strong>Guia de configura\u00e7\u00e3o da encomenda<br \/>\n<\/strong>Obtenha um guia detalhado sobre como configurar o SureSMS\n\n<div class=\"wpcf7 no-js\" id=\"wpcf7-f13762-o1\" lang=\"en-GB\" dir=\"ltr\" data-wpcf7-id=\"13762\">\n<div class=\"screen-reader-response\"><p role=\"status\" aria-live=\"polite\" aria-atomic=\"true\"><\/p> <ul><\/ul><\/div>\n<form action=\"\/pt\/wp-json\/wp\/v2\/pages\/15941#wpcf7-f13762-o1\" method=\"post\" class=\"wpcf7-form init\" aria-label=\"Formul\u00e1rio de contacto\" novalidate=\"novalidate\" data-status=\"init\" data-trp-original-action=\"\/pt\/wp-json\/wp\/v2\/pages\/15941#wpcf7-f13762-o1\">\n<fieldset class=\"hidden-fields-container\"><input type=\"hidden\" name=\"_wpcf7\" value=\"13762\" \/><input type=\"hidden\" name=\"_wpcf7_version\" value=\"6.1.5\" \/><input type=\"hidden\" name=\"_wpcf7_locale\" value=\"en_GB\" \/><input type=\"hidden\" name=\"_wpcf7_unit_tag\" value=\"wpcf7-f13762-o1\" \/><input type=\"hidden\" name=\"_wpcf7_container_post\" value=\"0\" \/><input type=\"hidden\" name=\"_wpcf7_posted_data_hash\" value=\"\" \/>\n<\/fieldset>\n<p><label><span class=\"wpcf7-form-control-wrap\" data-name=\"your-name\"><input size=\"40\" maxlength=\"400\" class=\"wpcf7-form-control wpcf7-text wpcf7-validates-as-required wpctf7-my-custom-class\" aria-required=\"true\" aria-invalid=\"false\" placeholder=\"O seu nome\" value=\"\" type=\"text\" name=\"your-name\" \/><\/span><\/label>\n<\/p>\n<p><span class=\"wpcf7-form-control-wrap\" data-name=\"email\"><input size=\"40\" maxlength=\"400\" class=\"wpcf7-form-control wpcf7-email wpcf7-validates-as-required wpcf7-text wpcf7-validates-as-email wpctf7-my-custom-class\" aria-required=\"true\" aria-invalid=\"false\" placeholder=\"Correio eletr\u00f3nico*.\" value=\"\" type=\"email\" name=\"email\" \/><\/span>\n<\/p>\n<p><div class=\"cf7-cf-turnstile\" style=\"margin-top: 0px; margin-bottom: -15px;\"> <div id=\"cf-turnstile-cf7-3750592721\" class=\"cf-turnstile\" data-sitekey=\"0x4AAAAAAB8YGArd9ML-HbMW\" data-theme=\"light\" data-language=\"auto\" data-size=\"normal\" data-retry=\"auto\" data-retry-interval=\"1000\" data-refresh-expired=\"auto\" data-action=\"contact-form-7\" data-appearance=\"always\"><\/div> <script>document.addEventListener(\"DOMContentLoaded\", function() { setTimeout(function(){ var e=document.getElementById(\"cf-turnstile-cf7-3750592721\"); e&&!e.innerHTML.trim()&&(turnstile.remove(\"#cf-turnstile-cf7-3750592721\"), turnstile.render(\"#cf-turnstile-cf7-3750592721\", {sitekey:\"0x4AAAAAAB8YGArd9ML-HbMW\"})); }, 100); });<\/script> <br class=\"cf-turnstile-br cf-turnstile-br-cf7-3750592721\"> <style>#cf-turnstile-cf7-3750592721 { margin-left: -15px; }<\/style> <script>document.addEventListener(\"DOMContentLoaded\",function(){document.querySelectorAll('.wpcf7-form').forEach(function(e){e.addEventListener('submit',function(){if(document.getElementById('cf-turnstile-cf7-3750592721')){setTimeout(function(){turnstile.reset('#cf-turnstile-cf7-3750592721');},1000)}})})});<\/script> <\/div><br\/><input class=\"wpcf7-form-control wpcf7-submit has-spinner\" type=\"submit\" value=\"Guia de encomenda\" \/>\n<\/p><div class=\"wpcf7-response-output\" aria-hidden=\"true\"><\/div>\n<input type=\"hidden\" name=\"trp-form-language\" value=\"pt\"\/><\/form>\n<\/div>\n\n\t\t\t<a href=\"https:\/\/calendly.com\/gm--nzwp\/30min\"  target=\"_blank\" rel=\"noopener\">\n\t\t\t\t\t\t\tMarcar uma demonstra\u00e7\u00e3o\n\t\t\t\t\t<\/a>\n\t<p>com Glen<\/p>","protected":false},"excerpt":{"rendered":"<p>Integra\u00e7\u00e3o de SMS para ideal.shop SMS a partir de ideal.shop A SureSMS criou uma integra\u00e7\u00e3o chave-na-m\u00e3o para ideal.shop, de modo a que os novos clientes que obtiver na sua ideal.shop sejam automaticamente transferidos para a sua conta SureSMS. A partir do SureSMS, pode enviar mensagens SMS aos seus clientes (aqueles que aceitaram o SMS). Todas as excelentes funcionalidades de SMS que tem no SureSMS funcionam... <a title=\"Integra\u00e7\u00e3o de SMS para a ideal.shop\" class=\"read-more\" href=\"https:\/\/suresms.com\/pt\/integrationer\/shop-systemer\/ideal-shop-shoppingsystem\/\" aria-label=\"Leia mais sobre a integra\u00e7\u00e3o de SMS no ideal.shop\">Rir mas<\/a><\/p>","protected":false},"author":1,"featured_media":0,"parent":15935,"menu_order":1,"comment_status":"closed","ping_status":"closed","template":"","meta":{"_fl_builder_enabled":"1","_fl_builder_data":null,"_fl_builder_draft":null,"_fl_builder_data_settings":null,"_fl_builder_css":"","_fl_builder_css_version":"","_fl_builder_js":"","footnotes":""},"categories":[],"tags":[],"class_list":["post-15941","page","type-page","status-publish"],"yoast_head":"<!-- This site is optimized with the Yoast SEO Premium plugin v27.3 (Yoast SEO v27.3) - https:\/\/yoast.com\/product\/yoast-seo-premium-wordpress\/ -->\r\n<title>SMS integration til ideal.shop -<\/title>\r\n<meta name=\"description\" content=\"Dyb SMS integration til ideal.shop. F\u00e5 det meste ud af dine kontakter med direkte integration mellem ideal.shop og SureSMS.\" \/>\r\n<meta name=\"robots\" content=\"index, follow, max-snippet:-1, max-image-preview:large, max-video-preview:-1\" \/>\r\n<link rel=\"canonical\" href=\"https:\/\/suresms.com\/pt\/integracoes\/sistemas-de-loja\/sistema-de-compras-ideal-shop\/\" \/>\r\n<meta property=\"og:locale\" content=\"pt_PT\" \/>\r\n<meta property=\"og:type\" content=\"article\" \/>\r\n<meta property=\"og:title\" content=\"SMS integration til ideal.shop\" \/>\r\n<meta property=\"og:description\" content=\"Dyb SMS integration til ideal.shop. F\u00e5 det meste ud af dine kontakter med direkte integration mellem ideal.shop og SureSMS.\" \/>\r\n<meta property=\"og:url\" content=\"https:\/\/suresms.com\/pt\/integracoes\/sistemas-de-loja\/sistema-de-compras-ideal-shop\/\" \/>\r\n<meta property=\"article:publisher\" content=\"https:\/\/www.facebook.com\/p\/SureSMS-100044607956149\/\" \/>\r\n<meta property=\"article:modified_time\" content=\"2026-03-25T15:49:14+00:00\" \/>\r\n<meta property=\"og:image\" content=\"https:\/\/suresms.com\/wp-content\/uploads\/2022\/09\/ideal.shop-suresms-1.png\" \/>\r\n<meta name=\"twitter:card\" content=\"summary_large_image\" \/>\r\n<meta name=\"twitter:label1\" content=\"Tempo estimado de leitura\" \/>\n\t<meta name=\"twitter:data1\" content=\"4 minutos\" \/>\r\n<script type=\"application\/ld+json\" class=\"yoast-schema-graph\">{\"@context\":\"https:\\\/\\\/schema.org\",\"@graph\":[{\"@type\":\"WebPage\",\"@id\":\"https:\\\/\\\/suresms.com\\\/integrationer\\\/shop-systemer\\\/ideal-shop-shoppingsystem\\\/\",\"url\":\"https:\\\/\\\/suresms.com\\\/integrationer\\\/shop-systemer\\\/ideal-shop-shoppingsystem\\\/\",\"name\":\"SMS integration til ideal.shop -\",\"isPartOf\":{\"@id\":\"https:\\\/\\\/suresms.com\\\/en\\\/#website\"},\"primaryImageOfPage\":{\"@id\":\"https:\\\/\\\/suresms.com\\\/integrationer\\\/shop-systemer\\\/ideal-shop-shoppingsystem\\\/#primaryimage\"},\"image\":{\"@id\":\"https:\\\/\\\/suresms.com\\\/integrationer\\\/shop-systemer\\\/ideal-shop-shoppingsystem\\\/#primaryimage\"},\"thumbnailUrl\":\"https:\\\/\\\/suresms.com\\\/wp-content\\\/uploads\\\/2022\\\/09\\\/ideal.shop-suresms-1.png\",\"datePublished\":\"2022-09-05T14:47:14+00:00\",\"dateModified\":\"2026-03-25T15:49:14+00:00\",\"description\":\"Dyb SMS integration til ideal.shop. F\u00e5 det meste ud af dine kontakter med direkte integration mellem ideal.shop og SureSMS.\",\"breadcrumb\":{\"@id\":\"https:\\\/\\\/suresms.com\\\/integrationer\\\/shop-systemer\\\/ideal-shop-shoppingsystem\\\/#breadcrumb\"},\"inLanguage\":\"pt-PT\",\"potentialAction\":[{\"@type\":\"ReadAction\",\"target\":[\"https:\\\/\\\/suresms.com\\\/integrationer\\\/shop-systemer\\\/ideal-shop-shoppingsystem\\\/\"]}]},{\"@type\":\"ImageObject\",\"inLanguage\":\"pt-PT\",\"@id\":\"https:\\\/\\\/suresms.com\\\/integrationer\\\/shop-systemer\\\/ideal-shop-shoppingsystem\\\/#primaryimage\",\"url\":\"https:\\\/\\\/suresms.com\\\/wp-content\\\/uploads\\\/2022\\\/09\\\/ideal.shop-suresms-1.png\",\"contentUrl\":\"https:\\\/\\\/suresms.com\\\/wp-content\\\/uploads\\\/2022\\\/09\\\/ideal.shop-suresms-1.png\"},{\"@type\":\"BreadcrumbList\",\"@id\":\"https:\\\/\\\/suresms.com\\\/integrationer\\\/shop-systemer\\\/ideal-shop-shoppingsystem\\\/#breadcrumb\",\"itemListElement\":[{\"@type\":\"ListItem\",\"position\":1,\"name\":\"Home\",\"item\":\"https:\\\/\\\/suresms.com\\\/dk\\\/\"},{\"@type\":\"ListItem\",\"position\":2,\"name\":\"Integrationer\",\"item\":\"https:\\\/\\\/suresms.com\\\/dk\\\/integrationer\\\/\"},{\"@type\":\"ListItem\",\"position\":3,\"name\":\"SMS integration til Shop systemer\",\"item\":\"https:\\\/\\\/suresms.com\\\/dk\\\/integrationer\\\/shop-systemer\\\/\"},{\"@type\":\"ListItem\",\"position\":4,\"name\":\"SMS integration til ideal.shop\"}]},{\"@type\":\"WebSite\",\"@id\":\"https:\\\/\\\/suresms.com\\\/en\\\/#website\",\"url\":\"https:\\\/\\\/suresms.com\\\/en\\\/\",\"name\":\"SureSMS\",\"description\":\"Professionel SMS Gateway\",\"publisher\":{\"@id\":\"https:\\\/\\\/suresms.com\\\/en\\\/#organization\"},\"potentialAction\":[{\"@type\":\"SearchAction\",\"target\":{\"@type\":\"EntryPoint\",\"urlTemplate\":\"https:\\\/\\\/suresms.com\\\/en\\\/?s={search_term_string}\"},\"query-input\":{\"@type\":\"PropertyValueSpecification\",\"valueRequired\":true,\"valueName\":\"search_term_string\"}}],\"inLanguage\":\"pt-PT\"},{\"@type\":\"Organization\",\"@id\":\"https:\\\/\\\/suresms.com\\\/en\\\/#organization\",\"name\":\"SureSMS\",\"url\":\"https:\\\/\\\/suresms.com\\\/en\\\/\",\"logo\":{\"@type\":\"ImageObject\",\"inLanguage\":\"pt-PT\",\"@id\":\"https:\\\/\\\/suresms.com\\\/en\\\/#\\\/schema\\\/logo\\\/image\\\/\",\"url\":\"https:\\\/\\\/suresms.com\\\/wp-content\\\/uploads\\\/2024\\\/11\\\/suresms-300x65-1.png\",\"contentUrl\":\"https:\\\/\\\/suresms.com\\\/wp-content\\\/uploads\\\/2024\\\/11\\\/suresms-300x65-1.png\",\"width\":300,\"height\":65,\"caption\":\"SureSMS\"},\"image\":{\"@id\":\"https:\\\/\\\/suresms.com\\\/en\\\/#\\\/schema\\\/logo\\\/image\\\/\"},\"sameAs\":[\"https:\\\/\\\/www.facebook.com\\\/p\\\/SureSMS-100044607956149\\\/\"]}]}<\/script>\r\n<!-- \/ Yoast SEO Premium plugin. -->","yoast_head_json":{"title":"Integra\u00e7\u00e3o de SMS na ideal.shop","description":"Integra\u00e7\u00e3o profunda de SMS para ideal.shop. Tire o m\u00e1ximo partido dos seus contactos com a integra\u00e7\u00e3o direta entre a ideal.shop e a SureSMS.","robots":{"index":"index","follow":"follow","max-snippet":"max-snippet:-1","max-image-preview":"max-image-preview:large","max-video-preview":"max-video-preview:-1"},"canonical":"https:\/\/suresms.com\/pt\/integracoes\/sistemas-de-loja\/sistema-de-compras-ideal-shop\/","og_locale":"pt_PT","og_type":"article","og_title":"SMS integration til ideal.shop","og_description":"Dyb SMS integration til ideal.shop. F\u00e5 det meste ud af dine kontakter med direkte integration mellem ideal.shop og SureSMS.","og_url":"https:\/\/suresms.com\/pt\/integracoes\/sistemas-de-loja\/sistema-de-compras-ideal-shop\/","article_publisher":"https:\/\/www.facebook.com\/p\/SureSMS-100044607956149\/","article_modified_time":"2026-03-25T15:49:14+00:00","og_image":[{"url":"https:\/\/suresms.com\/wp-content\/uploads\/2022\/09\/ideal.shop-suresms-1.png","type":"","width":"","height":""}],"twitter_card":"summary_large_image","twitter_misc":{"Tempo estimado de leitura":"4 minutos"},"schema":{"@context":"https:\/\/schema.org","@graph":[{"@type":"WebPage","@id":"https:\/\/suresms.com\/integrationer\/shop-systemer\/ideal-shop-shoppingsystem\/","url":"https:\/\/suresms.com\/integrationer\/shop-systemer\/ideal-shop-shoppingsystem\/","name":"Integra\u00e7\u00e3o de SMS na ideal.shop","isPartOf":{"@id":"https:\/\/suresms.com\/en\/#website"},"primaryImageOfPage":{"@id":"https:\/\/suresms.com\/integrationer\/shop-systemer\/ideal-shop-shoppingsystem\/#primaryimage"},"image":{"@id":"https:\/\/suresms.com\/integrationer\/shop-systemer\/ideal-shop-shoppingsystem\/#primaryimage"},"thumbnailUrl":"https:\/\/suresms.com\/wp-content\/uploads\/2022\/09\/ideal.shop-suresms-1.png","datePublished":"2022-09-05T14:47:14+00:00","dateModified":"2026-03-25T15:49:14+00:00","description":"Integra\u00e7\u00e3o profunda de SMS para ideal.shop. Tire o m\u00e1ximo partido dos seus contactos com a integra\u00e7\u00e3o direta entre a ideal.shop e a SureSMS.","breadcrumb":{"@id":"https:\/\/suresms.com\/integrationer\/shop-systemer\/ideal-shop-shoppingsystem\/#breadcrumb"},"inLanguage":"pt-PT","potentialAction":[{"@type":"ReadAction","target":["https:\/\/suresms.com\/integrationer\/shop-systemer\/ideal-shop-shoppingsystem\/"]}]},{"@type":"ImageObject","inLanguage":"pt-PT","@id":"https:\/\/suresms.com\/integrationer\/shop-systemer\/ideal-shop-shoppingsystem\/#primaryimage","url":"https:\/\/suresms.com\/wp-content\/uploads\/2022\/09\/ideal.shop-suresms-1.png","contentUrl":"https:\/\/suresms.com\/wp-content\/uploads\/2022\/09\/ideal.shop-suresms-1.png"},{"@type":"BreadcrumbList","@id":"https:\/\/suresms.com\/integrationer\/shop-systemer\/ideal-shop-shoppingsystem\/#breadcrumb","itemListElement":[{"@type":"ListItem","position":1,"name":"Home","item":"https:\/\/suresms.com\/dk\/"},{"@type":"ListItem","position":2,"name":"Integrationer","item":"https:\/\/suresms.com\/dk\/integrationer\/"},{"@type":"ListItem","position":3,"name":"SMS integration til Shop systemer","item":"https:\/\/suresms.com\/dk\/integrationer\/shop-systemer\/"},{"@type":"ListItem","position":4,"name":"SMS integration til ideal.shop"}]},{"@type":"WebSite","@id":"https:\/\/suresms.com\/en\/#website","url":"https:\/\/suresms.com\/en\/","name":"SureSMS","description":"Gateway SMS profissional","publisher":{"@id":"https:\/\/suresms.com\/en\/#organization"},"potentialAction":[{"@type":"SearchAction","target":{"@type":"EntryPoint","urlTemplate":"https:\/\/suresms.com\/en\/?s={search_term_string}"},"query-input":{"@type":"PropertyValueSpecification","valueRequired":true,"valueName":"search_term_string"}}],"inLanguage":"pt-PT"},{"@type":"Organization","@id":"https:\/\/suresms.com\/en\/#organization","name":"SureSMS","url":"https:\/\/suresms.com\/en\/","logo":{"@type":"ImageObject","inLanguage":"pt-PT","@id":"https:\/\/suresms.com\/en\/#\/schema\/logo\/image\/","url":"https:\/\/suresms.com\/wp-content\/uploads\/2024\/11\/suresms-300x65-1.png","contentUrl":"https:\/\/suresms.com\/wp-content\/uploads\/2024\/11\/suresms-300x65-1.png","width":300,"height":65,"caption":"SureSMS"},"image":{"@id":"https:\/\/suresms.com\/en\/#\/schema\/logo\/image\/"},"sameAs":["https:\/\/www.facebook.com\/p\/SureSMS-100044607956149\/"]}]}},"_links":{"self":[{"href":"https:\/\/suresms.com\/pt\/wp-json\/wp\/v2\/pages\/15941","targetHints":{"allow":["GET"]}}],"collection":[{"href":"https:\/\/suresms.com\/pt\/wp-json\/wp\/v2\/pages"}],"about":[{"href":"https:\/\/suresms.com\/pt\/wp-json\/wp\/v2\/types\/page"}],"author":[{"embeddable":true,"href":"https:\/\/suresms.com\/pt\/wp-json\/wp\/v2\/users\/1"}],"replies":[{"embeddable":true,"href":"https:\/\/suresms.com\/pt\/wp-json\/wp\/v2\/comments?post=15941"}],"version-history":[{"count":10,"href":"https:\/\/suresms.com\/pt\/wp-json\/wp\/v2\/pages\/15941\/revisions"}],"predecessor-version":[{"id":23859,"href":"https:\/\/suresms.com\/pt\/wp-json\/wp\/v2\/pages\/15941\/revisions\/23859"}],"up":[{"embeddable":true,"href":"https:\/\/suresms.com\/pt\/wp-json\/wp\/v2\/pages\/15935"}],"wp:attachment":[{"href":"https:\/\/suresms.com\/pt\/wp-json\/wp\/v2\/media?parent=15941"}],"wp:term":[{"taxonomy":"category","embeddable":true,"href":"https:\/\/suresms.com\/pt\/wp-json\/wp\/v2\/categories?post=15941"},{"taxonomy":"post_tag","embeddable":true,"href":"https:\/\/suresms.com\/pt\/wp-json\/wp\/v2\/tags?post=15941"}],"curies":[{"name":"wp","href":"https:\/\/api.w.org\/{rel}","templated":true}]}}