{"id":15792,"date":"2022-08-10T11:53:47","date_gmt":"2022-08-10T09:53:47","guid":{"rendered":"https:\/\/www.suresms.com\/dk\/?page_id=15792"},"modified":"2025-05-22T10:50:22","modified_gmt":"2025-05-22T10:50:22","slug":"integracao-azure-active-directory-ad","status":"publish","type":"page","link":"https:\/\/suresms.com\/pt\/integrationer\/booking-ldap-2fa\/integration-azure-active-directory-ad\/","title":{"rendered":"Integra\u00e7\u00e3o de SMS no Azure Active Diretory (AD)"},"content":{"rendered":"<!-- Flexy Breadcrumb -->\r\n\t\t\t<div class=\"fbc fbc-page\">\r\n\r\n\t\t\t\t<!-- Breadcrumb wrapper -->\r\n\t\t\t\t<div class=\"fbc-wrap\">\r\n\r\n\t\t\t\t\t<!-- Ordered list-->\r\n\t\t\t\t\t<ol class=\"fbc-items\" itemscope itemtype=\"https:\/\/schema.org\/BreadcrumbList\">\r\n\t\t\t\t\t\t            <li itemprop=\"itemListElement\" itemscope itemtype=\"https:\/\/schema.org\/ListItem\">\r\n                <span itemprop=\"name\">\r\n                    <!-- Home Link -->\r\n                    <a itemprop=\"item\" href=\"https:\/\/suresms.com\/pt\/\">\r\n                    \r\n                                                    <i class=\"fa fa-home\" aria-hidden=\"true\"><\/i>In\u00edcio                    <\/a>\r\n                <\/span>\r\n                <meta itemprop=\"position\" content=\"1\" \/><!-- Meta Position-->\r\n             <\/li><li><span class=\"fbc-separator\">\/<\/span><\/li><li class=\"active\" itemprop=\"itemListElement\" itemscope itemtype=\"https:\/\/schema.org\/ListItem\"><span itemprop=\"name\" title=\"Integra\u00e7\u00e3o de SMS no Azure Active Diretory (AD)\">Integra\u00e7\u00e3o de SMS para o Azure...<\/span><meta itemprop=\"position\" content=\"2\" \/><\/li>\t\t\t\t\t<\/ol>\r\n\t\t\t\t\t<div class=\"clearfix\"><\/div>\r\n\t\t\t\t<\/div>\r\n\t\t\t<\/div>\r\n\t\t\t\n\t\t<h1>Integra\u00e7\u00e3o de SMS com o AD (Microsoft Entra ID - Azure Active Diretory)<\/h1>\t\n\t\t\t\t<img loading=\"lazy\" decoding=\"async\" src=\"https:\/\/suresms.com\/wp-content\/uploads\/2022\/08\/Azure-AD-2-1.png\" alt=\"Azure AD\" itemprop=\"image\" height=\"254\" width=\"700\" title=\"Azure AD\" onerror=\"this.style.display='none'\"  \/>\n<h2>\n\t\tO que \u00e9 o Entra ID, tamb\u00e9m conhecido como Active Diretory?\n\t<\/h2>\n\t<p>O Microsoft Entra ID, anteriormente conhecido como Azure Active Diretory (Azure AD), \u00e9 um servi\u00e7o de gest\u00e3o de identidades e acessos baseado na nuvem da Microsoft. Este servi\u00e7o ajuda as organiza\u00e7\u00f5es a gerir e proteger o acesso dos utilizadores a aplica\u00e7\u00f5es e dados atrav\u00e9s de uma infraestrutura de TI h\u00edbrida moderna. Ao utilizar o Microsoft Entra ID, as organiza\u00e7\u00f5es podem oferecer um in\u00edcio de sess\u00e3o \u00fanico (SSO) e autentica\u00e7\u00e3o multifactor para proteger as identidades dos utilizadores e melhorar a seguran\u00e7a. A integra\u00e7\u00e3o com o Microsoft Entra ID e o Active Diretory (AD) permite sincronizar e gerir identidades de forma centralizada, simplificando a gest\u00e3o de utilizadores e o controlo de acesso. Isto \u00e9 essencial para as organiza\u00e7\u00f5es que pretendem uma gest\u00e3o de acesso eficiente e segura.<\/p>\n\t\t<h2>SMS com Microsoft Entra ID - Azure Active Diretory<\/h2><p>Tem atualmente uma grande base de dados de utilizadores na sua <a href=\"https:\/\/azure.microsoft.com\/da-dk\/services\/active-directory\/\">Diret\u00f3rio Ativo do Azure<\/a> pode utilizar a integra\u00e7\u00e3o entre o Azure Active Diretory (doravante AD) e o SureSMS.<\/p>\n<p>Com a integra\u00e7\u00e3o, pode garantir que todos os destinat\u00e1rios s\u00e3o automaticamente sincronizados com os utilizadores no seu AD. Isto significa que se, por exemplo, um utilizador for eliminado no seu AD por ter sa\u00eddo da empresa, \u00e9 automaticamente removido da lista de utilizadores no SureSMS. Uma vez configurado, n\u00e3o precisa de se preocupar mais com isso. Tamb\u00e9m significa que quando adiciona utilizadores no seu AD, estes s\u00e3o automaticamente adicionados \u00e0 lista de utilizadores do painel de controlo da SureSMS.<\/p>\n<p>&nbsp;<\/p>\n\t\t<h2>Preste aten\u00e7\u00e3o a ....<\/h2><p>H\u00e1 alguns aspectos que deve ter em conta antes de come\u00e7ar a criar uma integra\u00e7\u00e3o SMS AD com a SureSMS.<\/p>\n<h4>RGPD<\/h4>\n<p>A primeira \u00e9 que o SureSMS tem de ter acesso de leitura ao seu AD. Precisamos de acesso de leitura a pessoas, grupos e \u00e0 rela\u00e7\u00e3o entre eles. Isto significa que agora come\u00e7amos a processar dados para si e, portanto, em<a href=\"https:\/\/www.datatilsynet.dk\/hvad-siger-reglerne\">cumprir o RGPD<\/a>, t\u00eam um acordo de processamento de dados.<\/p>\n<p><em>Para come\u00e7ar, \u00e9 necess\u00e1rio estabelecer um acordo de processamento de dados com a SureSMS.<\/em><\/p>\n<h4>N\u00fameros de telefone<\/h4>\n<p>Os n\u00fameros de telefone para os quais temos de enviar devem estar no seu AD. Para podermos enviar SMS a uma pessoa, precisamos de saber o seu n\u00famero de telefone. Por conseguinte, se n\u00e3o tiver n\u00fameros de telefone no seu AD, obtenha-os ou n\u00e3o fa\u00e7a uma integra\u00e7\u00e3o.<\/p>\n<p>Lemos os n\u00fameros de telefone de forma a ler primeiro se existe um n\u00famero no campo \"N\u00famero de telefone\". Se n\u00e3o houver, lemos em \"N\u00fameros de telefone da empresa\". O \u00faltimo \u00e9 uma lista e aqui seleccionamos o primeiro n\u00famero que encontrarmos.<\/p>\n<h4>Eliminar contactos<\/h4>\n<p>A integra\u00e7\u00e3o \u00e9 uma integra\u00e7\u00e3o \"unidirecional\". Isto significa que apenas lemos a partir do AD. Nunca escrevemos para o AD. Assim, por exemplo, se eliminar uma pessoa na SureSMS, ela s\u00f3 regressar\u00e1 se ainda estiver no AD. \u00c9 sempre o AD que tem os dados corretos.<\/p>\n\t\t<h3>O pre\u00e7o da integra\u00e7\u00e3o AD<\/h3><p>O pre\u00e7o de uma integra\u00e7\u00e3o SMS AD \u00e9 de 99 euros por m\u00eas.<\/p>\n<p>&nbsp;<\/p>\n<h2>\n\t\tComo configurar a sua integra\u00e7\u00e3o AD\/Entra ID \n\t<\/h2>\n\t<p>Esta sec\u00e7\u00e3o descreve primeiro como configurar o AzureAD para que o SureSMS possa ler a partir dele. Em seguida, descreve como configurar o SureSMS para ler e criar contactos no livro de endere\u00e7os do SureSMS.<\/p>\n<h3>\n\t\tConfigurar o Azure AD\n\t<\/h3>\n\t<ol> \t\n<li>Inicie sess\u00e3o no seu Painel de Controlo do Azure (<a href=\"https:\/\/portal.azure.com\/\" target=\"_blank\" rel=\"noopener\">https:\/\/portal.azure.com<\/a>)<\/li>\n\n<li>Selecionar Microsoft Entra ID<\/li>\n<\/ol>\n\t\t\t\t<img loading=\"lazy\" decoding=\"async\" src=\"https:\/\/suresms.com\/wp-content\/uploads\/2024\/05\/MIcrosoft-Entra-ID-Azure-1.png\" alt=\"MIcrosoft Entra ID\" itemprop=\"image\" height=\"490\" width=\"2194\" title=\"MIcrosoft Entra ID Azure\" onerror=\"this.style.display='none'\"  \/>\n\t<p>3) Clique em \"Registo de aplica\u00e7\u00f5es\". Se ainda n\u00e3o tiver uma aplica\u00e7\u00e3o registada, clique em \"Novo registo\" e atribua-lhe um nome e um tipo de conta. O nome pode ser, por exemplo, SureSMS.<\/p>\n<p><img decoding=\"async\" src=\"https:\/\/manual.suresms.com\/wp-content\/uploads\/2022\/08\/Azure-Active-Directory-02-1024x546.png\" alt=\"Azure-Active-Diretory-02\" \/><\/p>\n<p>4. Guarde agora o ID da aplica\u00e7\u00e3o (cliente) e o ID do diret\u00f3rio (inquilino).<\/p>\n<p><img decoding=\"async\" src=\"https:\/\/manual.suresms.com\/wp-content\/uploads\/2022\/08\/Azure-Active-Directory-03-1024x478.png\" alt=\"Azure-Active-Diretory-03\" \/><\/p>\n<p>&nbsp;<\/p>\n<p>5. Na coluna da esquerda, selecione \"Certificates &amp; Secrets\" e crie um novo segredo de cliente para a sua aplica\u00e7\u00e3o.<br \/><img decoding=\"async\" src=\"https:\/\/manual.suresms.com\/wp-content\/uploads\/2022\/08\/Azure-Active-Directory-04.png\" alt=\"Azure-Active-Diretory-04\" \/><\/p>\n<p>&nbsp;<\/p>\n<p>N\u00e3o te esque\u00e7as de anotar o \"Valor\" quando criares. Este valor s\u00f3 pode ser lido logo ap\u00f3s a sua cria\u00e7\u00e3o. N\u00e3o pode ser recriado. O valor deve ser utilizado no campo \"Client secret\" (segredo do cliente) na integra\u00e7\u00e3o SureSMS.<\/p>\n<p>&nbsp;<\/p>\n<p>6. Para conceder acesso \u00e0 nova API da aplica\u00e7\u00e3o, clique em \"API Permissions\" (Permiss\u00f5es da API) na coluna da esquerda. Em seguida, clique em \"Adicionar uma permiss\u00e3o\".<\/p>\n<p><img decoding=\"async\" src=\"https:\/\/manual.suresms.com\/wp-content\/uploads\/2022\/08\/Azure-Active-Directory-05-1024x424.png\" alt=\"Azure-Active-Diretory-05\" \/><\/p>\n<p>7. Selecione \"Microsoft Graph\" como o tipo de permiss\u00e3o e clique em \"Permiss\u00f5es de aplica\u00e7\u00e3o\". S\u00e3o ent\u00e3o adicionadas as seguintes permiss\u00f5es:<\/p>\n<p>Utilizador.Ler.Tudo<br \/>Grupo.Ler.tudo<br \/>GroupMember.Read.All<\/p>\n<p>8. Em seguida, clique em \"Grant admin consent for the Default Diretory\" (Conceder autoriza\u00e7\u00e3o de administrador para o diret\u00f3rio predefinido), localizado mesmo \u00e0 direita de \"Add a permission\" (Adicionar uma permiss\u00e3o)<\/p>\n<p>&nbsp;<\/p>\n<p><img decoding=\"async\" src=\"https:\/\/manual.suresms.com\/wp-content\/uploads\/2022\/08\/Azure-Active-Directory-06-1024x549.png\" alt=\"Azure-Active-Diretory-06\" \/><\/p>\n<p>A configura\u00e7\u00e3o no Azure Active Diretory est\u00e1 conclu\u00edda.<\/p>\n<h3>\n\t\tConfigurar o SureSMS\n\t<\/h3>\n\t<ol>\n<li>\n<ol>\n<li>Inicie sess\u00e3o no seu painel de controlo SureSMS (<a href=\"https:\/\/app.suresms.com\/\" target=\"_blank\" rel=\"noopener\">https:\/\/app.suresms.com<\/a>)<\/li>\n<\/ol>\n<\/li>\n<\/ol>\n<p>&nbsp;<\/p>\n<ol>\n<li>\n<ol>\n<li>Clique em Integra\u00e7\u00f5es no lado esquerdo<\/li>\n<\/ol>\n<\/li>\n<\/ol>\n<p>&nbsp;<\/p>\n<ol>\n<li>\n<ol>\n<li>Clique no submenu \"Defini\u00e7\u00f5es\".<\/li>\n<\/ol>\n<\/li>\n<\/ol>\n<p>&nbsp;<\/p>\n<ol>\n<li>\n<ol>\n<li>Clique no separador \"Azure AD\" na parte superior do ecr\u00e3<br \/><img decoding=\"async\" src=\"https:\/\/manual.suresms.com\/wp-content\/uploads\/2022\/08\/Azure-Active-Directory-SureSMS-01-1024x564.png\" alt=\"Diret\u00f3rio Ativo do Azure - SureSMS-01\" \/><\/li>\n<\/ol>\n<\/li>\n<\/ol>\n<p>&nbsp;<\/p>\n<ol>\n<li>\n<ol>\n<li>\n<p>Preencher as informa\u00e7\u00f5es do seguinte modo<\/p>\n<p>ID do cliente: ID da aplica\u00e7\u00e3o (cliente) do Azure<\/p>\n<p>Segredo do cliente: \"Value\" dos segredos do cliente encontrados no passo 6 da configura\u00e7\u00e3o do Azure Active Diretory<\/p>\n<p>&nbsp;<\/p>\nID do inquilino: ID do diret\u00f3rio (inquilino)\n<p>&nbsp;<\/p>\n<p>&nbsp;<\/p>\n<p>&nbsp;<\/p>\n<p>&nbsp;<\/p>\n&nbsp;\n<p>&nbsp;<\/p>\n<p>&nbsp;<\/p>\n<p>&nbsp;<\/p>\n<p>&nbsp;<\/p>\n<p>&nbsp;<\/p>\n<p>&nbsp;<\/p>\n<p>&nbsp;<\/p>\n<p>&nbsp;<\/p>\n<p>6. Quando clicar em \"Save\" (Guardar), verificaremos se podemos aceder ao Active Diretory do Microsoft Azure.<\/p>\n<p>Agora toque em \"Synchronise now\" (Sincronizar agora) e o SureSMS descarregar\u00e1 todos os utilizadores do AD.<\/p>\n<p>&nbsp;<\/p>\n<p>&nbsp;<\/p>\n<\/li>\n<\/ol>\n<\/li>\n<\/ol>\n<p>&nbsp;<\/p>\n\n\t\t<h3>Come\u00e7ar a trabalhar<\/h3><p>Se pretender iniciar a integra\u00e7\u00e3o do AD, contacte-nos preenchendo este formul\u00e1rio e n\u00f3s entraremos em contacto consigo.<\/p>\n\n<div class=\"wpcf7 no-js\" id=\"wpcf7-f13762-o1\" lang=\"en-GB\" dir=\"ltr\" data-wpcf7-id=\"13762\">\n<div class=\"screen-reader-response\"><p role=\"status\" aria-live=\"polite\" aria-atomic=\"true\"><\/p> <ul><\/ul><\/div>\n<form action=\"\/pt\/wp-json\/wp\/v2\/pages\/15792#wpcf7-f13762-o1\" method=\"post\" class=\"wpcf7-form init\" aria-label=\"Formul\u00e1rio de contacto\" novalidate=\"novalidate\" data-status=\"init\" data-trp-original-action=\"\/pt\/wp-json\/wp\/v2\/pages\/15792#wpcf7-f13762-o1\">\n<fieldset class=\"hidden-fields-container\"><input type=\"hidden\" name=\"_wpcf7\" value=\"13762\" \/><input type=\"hidden\" name=\"_wpcf7_version\" value=\"6.1.5\" \/><input type=\"hidden\" name=\"_wpcf7_locale\" value=\"en_GB\" \/><input type=\"hidden\" name=\"_wpcf7_unit_tag\" value=\"wpcf7-f13762-o1\" \/><input type=\"hidden\" name=\"_wpcf7_container_post\" value=\"0\" \/><input type=\"hidden\" name=\"_wpcf7_posted_data_hash\" value=\"\" \/>\n<\/fieldset>\n<p><label><span class=\"wpcf7-form-control-wrap\" data-name=\"your-name\"><input size=\"40\" maxlength=\"400\" class=\"wpcf7-form-control wpcf7-text wpcf7-validates-as-required wpctf7-my-custom-class\" aria-required=\"true\" aria-invalid=\"false\" placeholder=\"O seu nome\" value=\"\" type=\"text\" name=\"your-name\" \/><\/span><\/label>\n<\/p>\n<p><span class=\"wpcf7-form-control-wrap\" data-name=\"email\"><input size=\"40\" maxlength=\"400\" class=\"wpcf7-form-control wpcf7-email wpcf7-validates-as-required wpcf7-text wpcf7-validates-as-email wpctf7-my-custom-class\" aria-required=\"true\" aria-invalid=\"false\" placeholder=\"Correio eletr\u00f3nico*.\" value=\"\" type=\"email\" name=\"email\" \/><\/span>\n<\/p>\n<p><div class=\"cf7-cf-turnstile\" style=\"margin-top: 0px; margin-bottom: -15px;\"> <div id=\"cf-turnstile-cf7-1107164532\" class=\"cf-turnstile\" data-sitekey=\"0x4AAAAAAB8YGArd9ML-HbMW\" data-theme=\"light\" data-language=\"auto\" data-size=\"normal\" data-retry=\"auto\" data-retry-interval=\"1000\" data-refresh-expired=\"auto\" data-action=\"contact-form-7\" data-appearance=\"always\"><\/div> <script>document.addEventListener(\"DOMContentLoaded\", function() { setTimeout(function(){ var e=document.getElementById(\"cf-turnstile-cf7-1107164532\"); e&&!e.innerHTML.trim()&&(turnstile.remove(\"#cf-turnstile-cf7-1107164532\"), turnstile.render(\"#cf-turnstile-cf7-1107164532\", {sitekey:\"0x4AAAAAAB8YGArd9ML-HbMW\"})); }, 100); });<\/script> <br class=\"cf-turnstile-br cf-turnstile-br-cf7-1107164532\"> <style>#cf-turnstile-cf7-1107164532 { margin-left: -15px; }<\/style> <script>document.addEventListener(\"DOMContentLoaded\",function(){document.querySelectorAll('.wpcf7-form').forEach(function(e){e.addEventListener('submit',function(){if(document.getElementById('cf-turnstile-cf7-1107164532')){setTimeout(function(){turnstile.reset('#cf-turnstile-cf7-1107164532');},1000)}})})});<\/script> <\/div><br\/><input class=\"wpcf7-form-control wpcf7-submit has-spinner\" type=\"submit\" value=\"Guia de encomenda\" \/>\n<\/p><div class=\"wpcf7-response-output\" aria-hidden=\"true\"><\/div>\n<input type=\"hidden\" name=\"trp-form-language\" value=\"pt\"\/><\/form>\n<\/div>","protected":false},"excerpt":{"rendered":"<p>Integra\u00e7\u00e3o de SMS para AD (Microsoft Entra ID - Azure Active Diretory) O que \u00e9 o Entra ID tamb\u00e9m conhecido como Active Diretory? O Microsoft Entra ID, anteriormente conhecido como Azure Active Diretory (Azure AD), \u00e9 um servi\u00e7o de gest\u00e3o de identidade e acesso baseado na nuvem da Microsoft. Este servi\u00e7o ajuda as organiza\u00e7\u00f5es a gerir e proteger o acesso dos utilizadores a aplica\u00e7\u00f5es e dados em ... <a title=\"Integra\u00e7\u00e3o de SMS no Azure Active Diretory (AD)\" class=\"read-more\" href=\"https:\/\/suresms.com\/pt\/integrationer\/booking-ldap-2fa\/integration-azure-active-directory-ad\/\" aria-label=\"Saiba mais sobre a integra\u00e7\u00e3o de SMS no Azure Active Diretory (AD)\">Rir mas<\/a><\/p>","protected":false},"author":1,"featured_media":0,"parent":19541,"menu_order":1,"comment_status":"closed","ping_status":"closed","template":"","meta":{"_fl_builder_enabled":"1","_fl_builder_data":null,"_fl_builder_draft":null,"_fl_builder_data_settings":null,"_fl_builder_css":"","_fl_builder_css_version":"","_fl_builder_js":"","footnotes":""},"categories":[],"tags":[],"class_list":["post-15792","page","type-page","status-publish"],"yoast_head":"<!-- This site is optimized with the Yoast SEO Premium plugin v27.3 (Yoast SEO v27.3) - https:\/\/yoast.com\/product\/yoast-seo-premium-wordpress\/ -->\r\n<title>SMS integration til Azure Active Directory (AD) - dyb integration<\/title>\r\n<meta name=\"description\" content=\"SMS AD Integration til Azure Active Directory. Fuldt integreret SMS l\u00f8sning i AD til beredskabs, alarmering, medarbejdere og mere\" \/>\r\n<meta name=\"robots\" content=\"index, follow, max-snippet:-1, max-image-preview:large, max-video-preview:-1\" \/>\r\n<link rel=\"canonical\" href=\"https:\/\/suresms.com\/pt\/integracoes\/sistemas-de-reserva-de-pessoal-temporario\/integracao-azure-active-directory-ad\/\" \/>\r\n<meta property=\"og:locale\" content=\"pt_PT\" \/>\r\n<meta property=\"og:type\" content=\"article\" \/>\r\n<meta property=\"og:title\" content=\"SMS integration til Azure Active Directory (AD)\" \/>\r\n<meta property=\"og:description\" content=\"SMS AD Integration til Azure Active Directory. Fuldt integreret SMS l\u00f8sning i AD til beredskabs, alarmering, medarbejdere og mere\" \/>\r\n<meta property=\"og:url\" content=\"https:\/\/suresms.com\/pt\/integracoes\/sistemas-de-reserva-de-pessoal-temporario\/integracao-azure-active-directory-ad\/\" \/>\r\n<meta property=\"article:publisher\" content=\"https:\/\/www.facebook.com\/p\/SureSMS-100044607956149\/\" \/>\r\n<meta property=\"article:modified_time\" content=\"2025-05-22T10:50:22+00:00\" \/>\r\n<meta property=\"og:image\" content=\"https:\/\/suresms.com\/wp-content\/uploads\/2022\/08\/Azure-AD-2-1.png\" \/>\r\n<meta name=\"twitter:card\" content=\"summary_large_image\" \/>\r\n<meta name=\"twitter:label1\" content=\"Tempo estimado de leitura\" \/>\n\t<meta name=\"twitter:data1\" content=\"4 minutos\" \/>\r\n<script type=\"application\/ld+json\" class=\"yoast-schema-graph\">{\"@context\":\"https:\\\/\\\/schema.org\",\"@graph\":[{\"@type\":\"WebPage\",\"@id\":\"https:\\\/\\\/suresms.com\\\/dk\\\/integrationer\\\/booking-ldap-2fa\\\/integration-azure-active-directory-ad\\\/\",\"url\":\"https:\\\/\\\/suresms.com\\\/dk\\\/integrationer\\\/booking-ldap-2fa\\\/integration-azure-active-directory-ad\\\/\",\"name\":\"SMS integration til Azure Active Directory (AD) - dyb integration\",\"isPartOf\":{\"@id\":\"https:\\\/\\\/suresms.com\\\/en\\\/#website\"},\"primaryImageOfPage\":{\"@id\":\"https:\\\/\\\/suresms.com\\\/dk\\\/integrationer\\\/booking-ldap-2fa\\\/integration-azure-active-directory-ad\\\/#primaryimage\"},\"image\":{\"@id\":\"https:\\\/\\\/suresms.com\\\/dk\\\/integrationer\\\/booking-ldap-2fa\\\/integration-azure-active-directory-ad\\\/#primaryimage\"},\"thumbnailUrl\":\"https:\\\/\\\/suresms.com\\\/wp-content\\\/uploads\\\/2022\\\/08\\\/Azure-AD-2-1.png\",\"datePublished\":\"2022-08-10T09:53:47+00:00\",\"dateModified\":\"2025-05-22T10:50:22+00:00\",\"description\":\"SMS AD Integration til Azure Active Directory. Fuldt integreret SMS l\u00f8sning i AD til beredskabs, alarmering, medarbejdere og mere\",\"breadcrumb\":{\"@id\":\"https:\\\/\\\/suresms.com\\\/dk\\\/integrationer\\\/booking-ldap-2fa\\\/integration-azure-active-directory-ad\\\/#breadcrumb\"},\"inLanguage\":\"pt-PT\",\"potentialAction\":[{\"@type\":\"ReadAction\",\"target\":[\"https:\\\/\\\/suresms.com\\\/dk\\\/integrationer\\\/booking-ldap-2fa\\\/integration-azure-active-directory-ad\\\/\"]}]},{\"@type\":\"ImageObject\",\"inLanguage\":\"pt-PT\",\"@id\":\"https:\\\/\\\/suresms.com\\\/dk\\\/integrationer\\\/booking-ldap-2fa\\\/integration-azure-active-directory-ad\\\/#primaryimage\",\"url\":\"https:\\\/\\\/suresms.com\\\/wp-content\\\/uploads\\\/2022\\\/08\\\/Azure-AD-2-1.png\",\"contentUrl\":\"https:\\\/\\\/suresms.com\\\/wp-content\\\/uploads\\\/2022\\\/08\\\/Azure-AD-2-1.png\"},{\"@type\":\"BreadcrumbList\",\"@id\":\"https:\\\/\\\/suresms.com\\\/dk\\\/integrationer\\\/booking-ldap-2fa\\\/integration-azure-active-directory-ad\\\/#breadcrumb\",\"itemListElement\":[{\"@type\":\"ListItem\",\"position\":1,\"name\":\"Home\",\"item\":\"https:\\\/\\\/suresms.com\\\/dk\\\/\"},{\"@type\":\"ListItem\",\"position\":2,\"name\":\"Integrationer\",\"item\":\"https:\\\/\\\/suresms.com\\\/dk\\\/integrationer\\\/\"},{\"@type\":\"ListItem\",\"position\":3,\"name\":\"SMS integration til LDAP og brugerdatabaser\",\"item\":\"https:\\\/\\\/suresms.com\\\/dk\\\/integrationer\\\/booking-ldap-2fa\\\/\"},{\"@type\":\"ListItem\",\"position\":4,\"name\":\"SMS integration til Azure Active Directory (AD)\"}]},{\"@type\":\"WebSite\",\"@id\":\"https:\\\/\\\/suresms.com\\\/en\\\/#website\",\"url\":\"https:\\\/\\\/suresms.com\\\/en\\\/\",\"name\":\"SureSMS\",\"description\":\"Professionel SMS Gateway\",\"publisher\":{\"@id\":\"https:\\\/\\\/suresms.com\\\/en\\\/#organization\"},\"potentialAction\":[{\"@type\":\"SearchAction\",\"target\":{\"@type\":\"EntryPoint\",\"urlTemplate\":\"https:\\\/\\\/suresms.com\\\/en\\\/?s={search_term_string}\"},\"query-input\":{\"@type\":\"PropertyValueSpecification\",\"valueRequired\":true,\"valueName\":\"search_term_string\"}}],\"inLanguage\":\"pt-PT\"},{\"@type\":\"Organization\",\"@id\":\"https:\\\/\\\/suresms.com\\\/en\\\/#organization\",\"name\":\"SureSMS\",\"url\":\"https:\\\/\\\/suresms.com\\\/en\\\/\",\"logo\":{\"@type\":\"ImageObject\",\"inLanguage\":\"pt-PT\",\"@id\":\"https:\\\/\\\/suresms.com\\\/en\\\/#\\\/schema\\\/logo\\\/image\\\/\",\"url\":\"https:\\\/\\\/suresms.com\\\/wp-content\\\/uploads\\\/2024\\\/11\\\/suresms-300x65-1.png\",\"contentUrl\":\"https:\\\/\\\/suresms.com\\\/wp-content\\\/uploads\\\/2024\\\/11\\\/suresms-300x65-1.png\",\"width\":300,\"height\":65,\"caption\":\"SureSMS\"},\"image\":{\"@id\":\"https:\\\/\\\/suresms.com\\\/en\\\/#\\\/schema\\\/logo\\\/image\\\/\"},\"sameAs\":[\"https:\\\/\\\/www.facebook.com\\\/p\\\/SureSMS-100044607956149\\\/\"]}]}<\/script>\r\n<!-- \/ Yoast SEO Premium plugin. -->","yoast_head_json":{"title":"Integra\u00e7\u00e3o de SMS no Azure Active Diretory (AD) - integra\u00e7\u00e3o profunda","description":"Integra\u00e7\u00e3o do SMS AD para o Azure Active Diretory. Solu\u00e7\u00e3o de SMS totalmente integrada no AD para resposta a emerg\u00eancias, alertas, funcion\u00e1rios e muito mais","robots":{"index":"index","follow":"follow","max-snippet":"max-snippet:-1","max-image-preview":"max-image-preview:large","max-video-preview":"max-video-preview:-1"},"canonical":"https:\/\/suresms.com\/pt\/integracoes\/sistemas-de-reserva-de-pessoal-temporario\/integracao-azure-active-directory-ad\/","og_locale":"pt_PT","og_type":"article","og_title":"SMS integration til Azure Active Directory (AD)","og_description":"SMS AD Integration til Azure Active Directory. Fuldt integreret SMS l\u00f8sning i AD til beredskabs, alarmering, medarbejdere og mere","og_url":"https:\/\/suresms.com\/pt\/integracoes\/sistemas-de-reserva-de-pessoal-temporario\/integracao-azure-active-directory-ad\/","article_publisher":"https:\/\/www.facebook.com\/p\/SureSMS-100044607956149\/","article_modified_time":"2025-05-22T10:50:22+00:00","og_image":[{"url":"https:\/\/suresms.com\/wp-content\/uploads\/2022\/08\/Azure-AD-2-1.png","type":"","width":"","height":""}],"twitter_card":"summary_large_image","twitter_misc":{"Tempo estimado de leitura":"4 minutos"},"schema":{"@context":"https:\/\/schema.org","@graph":[{"@type":"WebPage","@id":"https:\/\/suresms.com\/dk\/integrationer\/booking-ldap-2fa\/integration-azure-active-directory-ad\/","url":"https:\/\/suresms.com\/dk\/integrationer\/booking-ldap-2fa\/integration-azure-active-directory-ad\/","name":"Integra\u00e7\u00e3o de SMS no Azure Active Diretory (AD) - integra\u00e7\u00e3o profunda","isPartOf":{"@id":"https:\/\/suresms.com\/en\/#website"},"primaryImageOfPage":{"@id":"https:\/\/suresms.com\/dk\/integrationer\/booking-ldap-2fa\/integration-azure-active-directory-ad\/#primaryimage"},"image":{"@id":"https:\/\/suresms.com\/dk\/integrationer\/booking-ldap-2fa\/integration-azure-active-directory-ad\/#primaryimage"},"thumbnailUrl":"https:\/\/suresms.com\/wp-content\/uploads\/2022\/08\/Azure-AD-2-1.png","datePublished":"2022-08-10T09:53:47+00:00","dateModified":"2025-05-22T10:50:22+00:00","description":"Integra\u00e7\u00e3o do SMS AD para o Azure Active Diretory. Solu\u00e7\u00e3o de SMS totalmente integrada no AD para resposta a emerg\u00eancias, alertas, funcion\u00e1rios e muito mais","breadcrumb":{"@id":"https:\/\/suresms.com\/dk\/integrationer\/booking-ldap-2fa\/integration-azure-active-directory-ad\/#breadcrumb"},"inLanguage":"pt-PT","potentialAction":[{"@type":"ReadAction","target":["https:\/\/suresms.com\/dk\/integrationer\/booking-ldap-2fa\/integration-azure-active-directory-ad\/"]}]},{"@type":"ImageObject","inLanguage":"pt-PT","@id":"https:\/\/suresms.com\/dk\/integrationer\/booking-ldap-2fa\/integration-azure-active-directory-ad\/#primaryimage","url":"https:\/\/suresms.com\/wp-content\/uploads\/2022\/08\/Azure-AD-2-1.png","contentUrl":"https:\/\/suresms.com\/wp-content\/uploads\/2022\/08\/Azure-AD-2-1.png"},{"@type":"BreadcrumbList","@id":"https:\/\/suresms.com\/dk\/integrationer\/booking-ldap-2fa\/integration-azure-active-directory-ad\/#breadcrumb","itemListElement":[{"@type":"ListItem","position":1,"name":"Home","item":"https:\/\/suresms.com\/dk\/"},{"@type":"ListItem","position":2,"name":"Integrationer","item":"https:\/\/suresms.com\/dk\/integrationer\/"},{"@type":"ListItem","position":3,"name":"SMS integration til LDAP og brugerdatabaser","item":"https:\/\/suresms.com\/dk\/integrationer\/booking-ldap-2fa\/"},{"@type":"ListItem","position":4,"name":"SMS integration til Azure Active Directory (AD)"}]},{"@type":"WebSite","@id":"https:\/\/suresms.com\/en\/#website","url":"https:\/\/suresms.com\/en\/","name":"SureSMS","description":"Gateway SMS profissional","publisher":{"@id":"https:\/\/suresms.com\/en\/#organization"},"potentialAction":[{"@type":"SearchAction","target":{"@type":"EntryPoint","urlTemplate":"https:\/\/suresms.com\/en\/?s={search_term_string}"},"query-input":{"@type":"PropertyValueSpecification","valueRequired":true,"valueName":"search_term_string"}}],"inLanguage":"pt-PT"},{"@type":"Organization","@id":"https:\/\/suresms.com\/en\/#organization","name":"SureSMS","url":"https:\/\/suresms.com\/en\/","logo":{"@type":"ImageObject","inLanguage":"pt-PT","@id":"https:\/\/suresms.com\/en\/#\/schema\/logo\/image\/","url":"https:\/\/suresms.com\/wp-content\/uploads\/2024\/11\/suresms-300x65-1.png","contentUrl":"https:\/\/suresms.com\/wp-content\/uploads\/2024\/11\/suresms-300x65-1.png","width":300,"height":65,"caption":"SureSMS"},"image":{"@id":"https:\/\/suresms.com\/en\/#\/schema\/logo\/image\/"},"sameAs":["https:\/\/www.facebook.com\/p\/SureSMS-100044607956149\/"]}]}},"_links":{"self":[{"href":"https:\/\/suresms.com\/pt\/wp-json\/wp\/v2\/pages\/15792","targetHints":{"allow":["GET"]}}],"collection":[{"href":"https:\/\/suresms.com\/pt\/wp-json\/wp\/v2\/pages"}],"about":[{"href":"https:\/\/suresms.com\/pt\/wp-json\/wp\/v2\/types\/page"}],"author":[{"embeddable":true,"href":"https:\/\/suresms.com\/pt\/wp-json\/wp\/v2\/users\/1"}],"replies":[{"embeddable":true,"href":"https:\/\/suresms.com\/pt\/wp-json\/wp\/v2\/comments?post=15792"}],"version-history":[{"count":9,"href":"https:\/\/suresms.com\/pt\/wp-json\/wp\/v2\/pages\/15792\/revisions"}],"predecessor-version":[{"id":23415,"href":"https:\/\/suresms.com\/pt\/wp-json\/wp\/v2\/pages\/15792\/revisions\/23415"}],"up":[{"embeddable":true,"href":"https:\/\/suresms.com\/pt\/wp-json\/wp\/v2\/pages\/19541"}],"wp:attachment":[{"href":"https:\/\/suresms.com\/pt\/wp-json\/wp\/v2\/media?parent=15792"}],"wp:term":[{"taxonomy":"category","embeddable":true,"href":"https:\/\/suresms.com\/pt\/wp-json\/wp\/v2\/categories?post=15792"},{"taxonomy":"post_tag","embeddable":true,"href":"https:\/\/suresms.com\/pt\/wp-json\/wp\/v2\/tags?post=15792"}],"curies":[{"name":"wp","href":"https:\/\/api.w.org\/{rel}","templated":true}]}}