{"id":15657,"date":"2022-06-29T23:49:16","date_gmt":"2022-06-29T21:49:16","guid":{"rendered":"https:\/\/www.suresms.com\/dk\/?page_id=15657"},"modified":"2025-11-06T05:51:06","modified_gmt":"2025-11-06T05:51:06","slug":"enviar-sms-a-partir-do-pc","status":"publish","type":"page","link":"https:\/\/suresms.com\/pt\/funktioner\/send-sms-fra-pc\/","title":{"rendered":"Enviar SMS a partir do PC"},"content":{"rendered":"<!-- Flexy Breadcrumb -->\r\n\t\t\t<div class=\"fbc fbc-page\">\r\n\r\n\t\t\t\t<!-- Breadcrumb wrapper -->\r\n\t\t\t\t<div class=\"fbc-wrap\">\r\n\r\n\t\t\t\t\t<!-- Ordered list-->\r\n\t\t\t\t\t<ol class=\"fbc-items\" itemscope itemtype=\"https:\/\/schema.org\/BreadcrumbList\">\r\n\t\t\t\t\t\t            <li itemprop=\"itemListElement\" itemscope itemtype=\"https:\/\/schema.org\/ListItem\">\r\n                <span itemprop=\"name\">\r\n                    <!-- Home Link -->\r\n                    <a itemprop=\"item\" href=\"https:\/\/suresms.com\/pt\/\">\r\n                    \r\n                                                    <i class=\"fa fa-home\" aria-hidden=\"true\"><\/i>In\u00edcio                    <\/a>\r\n                <\/span>\r\n                <meta itemprop=\"position\" content=\"1\" \/><!-- Meta Position-->\r\n             <\/li><li><span class=\"fbc-separator\">\/<\/span><\/li><li class=\"active\" itemprop=\"itemListElement\" itemscope itemtype=\"https:\/\/schema.org\/ListItem\"><span itemprop=\"name\" title=\"Enviar SMS a partir do PC\">Enviar SMS a partir do PC<\/span><meta itemprop=\"position\" content=\"2\" \/><\/li>\t\t\t\t\t<\/ol>\r\n\t\t\t\t\t<div class=\"clearfix\"><\/div>\r\n\t\t\t\t<\/div>\r\n\t\t\t<\/div>\r\n\t\t\t\n\t\t\t\t<img decoding=\"async\" src=\"https:\/\/suresms.com\/wp-content\/uploads\/2022\/06\/Send-sms-online-1.png\" alt=\"Enviar SMS online -imagem\" itemprop=\"image\" height=\"367\" width=\"900\" title=\"Enviar mensagens de texto em linha\" onerror=\"this.style.display='none'\" loading=\"lazy\" \/>\n\t<h1>Envie SMS a partir do PC ou Mac com o nosso remetente de SMS online<\/h1>\n<p>\u00c9 muito mais r\u00e1pido e f\u00e1cil enviar mensagens SMS a partir do seu computador do que a partir do seu telem\u00f3vel. Al\u00e9m disso, tem muito mais op\u00e7\u00f5es quando utiliza um PC ou Mac. Por exemplo, pode anexar ficheiros PDF, criar listas ilimitadas, enviar v\u00eddeos (que o destinat\u00e1rio pode realmente ver), enviar liga\u00e7\u00f5es MobilePay e muito mais.<\/p>\n<p>\u00c9 um utilizador profissional que necessita de enviar mensagens SMS aos seus clientes, colaboradores ou membros da sua organiza\u00e7\u00e3o? Ent\u00e3o \u00e9 uma boa ideia enviar SMS em linha utilizando um remetente de SMS em linha.<\/p>\n<p>Quer utilize um PC ou Mac ou um tablet com Android, pode utilizar o nosso sistema para enviar mensagens SMS online. Funciona em todos os computadores e tablets, independentemente do sistema operativo. Ao iniciar sess\u00e3o na nossa aplica\u00e7\u00e3o web, tem acesso a um sistema a partir do qual pode enviar mensagens SMS.<\/p>\n<p>&nbsp;<\/p>\n\t<h2>Enviar mensagens SMS<\/h2>\n<p>Com acesso ao nosso emissor de SMS, que pode encomendar gratuitamente \u00e0 direita, pode enviar e receber mensagens SMS atrav\u00e9s do seu computador ou tablet. Pode enviar uma mensagem SMS para uma \u00fanica pessoa, introduzindo o n\u00famero de telefone, ou pode enviar para uma lista. Pode importar a lista para o sistema a partir do seu sistema CRM, do seu sistema de ades\u00e3o ou apenas de uma folha de c\u00e1lculo que tenha \u00e0 m\u00e3o.<\/p>\n<p>Se quiser receber mensagens SMS tamb\u00e9m online, tem de adquirir um m\u00f3dulo SMS bidirecional. Custa 99 coroas dinamarquesas por m\u00eas, mas assim pode receber SMS tanto no nosso s\u00edtio Web como na sua caixa de correio eletr\u00f3nico.<\/p>\n\t\t\t\t<img decoding=\"async\" src=\"https:\/\/suresms.com\/wp-content\/uploads\/2022\/06\/What-is-your-message-1.png\" alt=\"Qual \u00e9 a sua mensagem SMS\" itemprop=\"image\" height=\"238\" width=\"319\" title=\"Qual \u00e9 a sua mensagem\" onerror=\"this.style.display='none'\" loading=\"lazy\" \/>\n\t\t\t<a href=\"https:\/\/app.suresms.com\/account\/signup\" target=\"_blank\" rel=\"noopener\">\n\t\t\t\t\t\t\tCriar uma conta gratuita\n\t\t\t\t\t<\/a>\n\t<h2>Enviar SMS a partir do PC \/ Enviar SMS a partir do Mac<\/h2>\n<p>A forma mais f\u00e1cil de enviar mensagens de texto online \u00e9 envi\u00e1-las a partir do seu PC, iniciando sess\u00e3o no nosso s\u00edtio Web. Escreva a sua mensagem e prima \"Enviar\". Em seguida, enviaremos uma mensagem SMS ao destinat\u00e1rio. \u00c9 r\u00e1pido e f\u00e1cil enviar SMS online.<\/p>\n<p>Suportamos todos os principais browsers, pelo que n\u00e3o tem de se preocupar se o nosso sistema funciona no seu computador. Qualquer pessoa pode utilizar o nosso emissor de SMS.<\/p>\n\t<h2>Enviar um SMS atrav\u00e9s da Web<\/h2>\n<p>Existem outras formas de enviar um SMS para al\u00e9m do browser. Tamb\u00e9m pode enviar as suas mensagens atrav\u00e9s do correio eletr\u00f3nico. Utilizando uma solu\u00e7\u00e3o chamada mail2sms, pode enviar mensagens SMS em linha a partir do seu programa de correio eletr\u00f3nico. Isto aplica-se independentemente do programa de correio e do fornecedor de correio que tiver.<\/p>\n<p>&nbsp;<\/p>\n<h2>Acerca das mensagens SMS<\/h2>\n<p>Um SMS tem um comprimento m\u00e1ximo de 160 caracteres (incluindo espa\u00e7os). Se escrever uma mensagem mais longa, a mensagem ser\u00e1 enviada na mesma, mas ser\u00e1 cobrada como 2 ou mais mensagens SMS, consoante o comprimento<\/p>\n<p>N\u00c3O pode enviar mensagens SMS para n\u00fameros de 3, 4 ou 5 d\u00edgitos - os chamados c\u00f3digos curtos da SureSMS.<\/p>\n<p>A partir do nosso s\u00edtio Web, pode utilizar facilmente as muitas op\u00e7\u00f5es: exportar contactos, criar grupos, programar envios de correio e criar modelos para tornar a sua comunica\u00e7\u00e3o mais r\u00e1pida, mais f\u00e1cil e mais profissional.<\/p>\n<p>Leia mais aqui no s\u00edtio Web, em Carater\u00edsticas e fun\u00e7\u00f5es, ou siga a liga\u00e7\u00e3o no fundo da p\u00e1gina para o nosso canal do YouTube para ver os nossos v\u00eddeos de instru\u00e7\u00f5es.<\/p>\n<h2>SMS gr\u00e1tis?<\/h2>\n<p>A maioria das assinaturas de telem\u00f3vel inclui SMS gr\u00e1tis. Infelizmente, uma vez que pagamos \u00e0s operadoras por cada SMS enviado, n\u00e3o nos \u00e9 poss\u00edvel oferecer este servi\u00e7o. O custo \u00e9 de 28 \u00f8re por cada SMS que enviar online.<\/p>\n<p>&nbsp;<\/p>\n\t<h4><strong>A nossa interface WEB \u00e9 f\u00e1cil de utilizar<\/strong><\/h4>\n<p>Pode aceder ao nosso s\u00edtio Web atrav\u00e9s da seguinte liga\u00e7\u00e3o <a href=\"https:\/\/app.suresms.com\">http:\/\/app.suresms.com<\/a> ou clicando no bot\u00e3o de in\u00edcio de sess\u00e3o no canto superior direito desta p\u00e1gina.<\/p>\n<p>O SureSMS Gateway foi concebido especificamente para empresas e organiza\u00e7\u00f5es. Analisamos manualmente todas as contas antes da cria\u00e7\u00e3o para garantir que todos os pedidos s\u00e3o s\u00e9rios. Por conseguinte, pode haver um curto per\u00edodo de espera antes de receber o nosso e-mail com informa\u00e7\u00f5es de in\u00edcio de sess\u00e3o e poder come\u00e7ar a enviar SMS.<\/p>\n<p>A nossa solu\u00e7\u00e3o \u00e9 uma solu\u00e7\u00e3o independente de plataforma. Isto significa que \u00e9 adequada quer utilize um PC ou Mac, um tablet com Android ou Windows. O nosso sistema tamb\u00e9m funciona para si.<\/p>\n<p>Resolvemos a quest\u00e3o da independ\u00eancia das plataformas utilizando as linguagens utilizadas na Web que todos os dispositivos compreendem. Por exemplo, pode utilizar a nossa solu\u00e7\u00e3o SMS atrav\u00e9s de <a title=\"Descri\u00e7\u00e3o do protocolo http\" href=\"http:\/\/da.wikipedia.org\/wiki\/HTTP\">http<\/a>\u00a0ou atrav\u00e9s de <a title=\"Protocolos SMTP\" href=\"http:\/\/da.wikipedia.org\/wiki\/Simple_Mail_Transfer_Protocol\">SMTP <\/a>(tamb\u00e9m designado por correio eletr\u00f3nico).<\/p>\n\t<h4><strong>Obtenha um login imediatamente!<\/strong><\/h4>\n<p>Para iniciar a sess\u00e3o, \u00e9 necess\u00e1rio um nome de utilizador e uma palavra-passe. <strong>Para tal, basta criar uma conta de teste nesta p\u00e1gina.<\/strong><\/p>\n<p>N\u00e3o h\u00e1 qualquer custo para obter um nome de utilizador. A cria\u00e7\u00e3o de uma conta no nosso portal \u00e9 gratuita e a subscri\u00e7\u00e3o custa 0,- DKK.<br \/>Privilegiamos uma pol\u00edtica de pre\u00e7os transparente, pelo que n\u00e3o existem custos ocultos ou subscri\u00e7\u00f5es. Os nossos clientes pagam um pre\u00e7o calculado, ou seja, apenas pelos SMS que enviam. Pode ver a nossa atualiza\u00e7\u00e3o <a title=\"Pre\u00e7os de gateway SMS, sem configura\u00e7\u00e3o, sem subscri\u00e7\u00e3o\" href=\"https:\/\/suresms.com\/pt\/precos-de-gateway-sms\/\">Pre\u00e7os<\/a>\u00a0Aqui.<\/p>\n<p>Com as 50 mensagens gratuitas que recebe quando cria uma conta de teste, tem a oportunidade de experimentar o nosso portal SMS sem pagar. N\u00c3O precisa de fornecer detalhes do cart\u00e3o de cr\u00e9dito para abrir uma conta de teste.<\/p>\n\t\t\t\t<img decoding=\"async\" src=\"https:\/\/suresms.com\/wp-content\/uploads\/2022\/08\/Webinterface-1-1.png\" alt=\"Enviar SMS a partir do PC\" itemprop=\"image\" height=\"1557\" width=\"2665\" title=\"Interface Web SureSMS\" onerror=\"this.style.display='none'\" loading=\"lazy\" \/>\n\t<h4><strong>API f\u00e1cil de integrar e muitas funcionalidades\u00a0<\/strong><\/h4>\n<p>Gostamos de desenvolver e os nossos clientes utilizam-nos de muitas formas diferentes. Orgulhamo-nos disso.<\/p>\n<p>Ao longo dos anos, desenvolvemos muitas carater\u00edsticas e fun\u00e7\u00f5es para os nossos clientes. Encontrar\u00e1 muitas delas descritas nos menus deste s\u00edtio Web, mas se n\u00e3o encontrar o que procura, contacte-nos. Temos a maioria das coisas cobertas e estamos sempre dispostos a aceitar novos desafios.<\/p>\n<p>\u00c9 um programador e pretende saber mais sobre a nossa API? Consulte as nossas p\u00e1ginas para programadores ou contacte-nos atrav\u00e9s do tel: 50 322 322. Tamb\u00e9m pode <a title=\"Contactar-nos\" href=\"https:\/\/suresms.com\/pt\/contacto\/\">Envie-nos uma mensagem aqui.<\/a><\/p>\n\t\t\t\t<img decoding=\"async\" src=\"https:\/\/suresms.com\/wp-content\/uploads\/2022\/06\/API-connection-1.png\" alt=\"Enviar SMS com API\" itemprop=\"image\" height=\"528\" width=\"960\" title=\"Liga\u00e7\u00e3o API\" onerror=\"this.style.display='none'\" loading=\"lazy\" \/>\n\t<h4><strong>Aqui pode ler alguns exemplos de como os nossos clientes est\u00e3o a utilizar atualmente o nosso servi\u00e7o de SMS em linha:<\/strong><\/h4>\n<ul>\n<li>Uma organiza\u00e7\u00e3o sindical dinamarquesa utiliza o nosso servi\u00e7o SMS em linha para enviar boletins informativos aos clientes. \u00c9 obviamente mais f\u00e1cil enviar newsletters longas atrav\u00e9s do teclado maior de um computador, e tamb\u00e9m permite anexar links com artigos relevantes para os membros da organiza\u00e7\u00e3o.<\/li>\n<li>Uma organiza\u00e7\u00e3o de ca\u00e7a da Zel\u00e2ndia criou uma conta no nosso Gateway. Como os membros da associa\u00e7\u00e3o se revezam na organiza\u00e7\u00e3o das ca\u00e7adas, todos t\u00eam um login na conta da associa\u00e7\u00e3o, a partir do qual enviam mensagens sobre as pr\u00f3ximas ca\u00e7adas aos outros membros.<\/li>\n<li>Uma empresa de aquecimento utiliza o nosso portal para notificar os residentes de interrup\u00e7\u00f5es no fornecimento. Por exemplo, quando o aquecimento \u00e9 desligado devido a repara\u00e7\u00f5es numa determinada \u00e1rea, os n\u00fameros de telefone s\u00e3o retirados do sistema da empresa de aquecimento e colados no nosso s\u00edtio Web, onde podem simplesmente enviar uma mensagem a todos os agregados familiares afectados.<\/li>\n<\/ul>","protected":false},"excerpt":{"rendered":"<p>Envie SMS a partir do PC ou Mac com o nosso remetente de SMS online \u00c9 muito mais r\u00e1pido e f\u00e1cil enviar mensagens SMS a partir do seu computador do que a partir do seu telem\u00f3vel. Al\u00e9m disso, tem muito mais op\u00e7\u00f5es quando utiliza um PC ou Mac. Por exemplo, pode anexar ficheiros PDF, criar listas ilimitadas, enviar v\u00eddeos (que o destinat\u00e1rio realmente ... <a title=\"Enviar SMS a partir do PC\" class=\"read-more\" href=\"https:\/\/suresms.com\/pt\/funktioner\/send-sms-fra-pc\/\" aria-label=\"Leia mais sobre Enviar sms a partir do PC\">Rir mas<\/a><\/p>","protected":false},"author":1,"featured_media":0,"parent":958,"menu_order":2,"comment_status":"closed","ping_status":"closed","template":"","meta":{"_fl_builder_enabled":"1","_fl_builder_data":null,"_fl_builder_draft":null,"_fl_builder_data_settings":null,"_fl_builder_css":"","_fl_builder_css_version":"","_fl_builder_js":"","footnotes":""},"categories":[17],"tags":[],"class_list":{"0":"post-15657","1":"page","2":"type-page","3":"status-publish","5":"category-linkfracornorstone"},"yoast_head":"<!-- This site is optimized with the Yoast SEO Premium plugin v27.3 (Yoast SEO v27.3) - https:\/\/yoast.com\/product\/yoast-seo-premium-wordpress\/ -->\r\n<title>Send SMS fra PC - Send SMS fra Mac - Send SMS fra computer<\/title>\r\n<meta name=\"description\" content=\"Send SMS fra PC eller Send SMS fra Mac. Fordele ved at sende fra computer er arkivering, hastighed og deling af kontakter. Pr\u00f8v det gratis.\" \/>\r\n<meta name=\"robots\" content=\"index, follow, max-snippet:-1, max-image-preview:large, max-video-preview:-1\" \/>\r\n<link rel=\"canonical\" href=\"https:\/\/suresms.com\/pt\/carateristicas\/enviar-sms-a-partir-do-pc\/\" \/>\r\n<meta property=\"og:locale\" content=\"pt_PT\" \/>\r\n<meta property=\"og:type\" content=\"article\" \/>\r\n<meta property=\"og:title\" content=\"Send sms fra PC\" \/>\r\n<meta property=\"og:description\" content=\"Send SMS fra PC eller Send SMS fra Mac. Fordele ved at sende fra computer er arkivering, hastighed og deling af kontakter. Pr\u00f8v det gratis.\" \/>\r\n<meta property=\"og:url\" content=\"https:\/\/suresms.com\/pt\/carateristicas\/enviar-sms-a-partir-do-pc\/\" \/>\r\n<meta property=\"article:publisher\" content=\"https:\/\/www.facebook.com\/p\/SureSMS-100044607956149\/\" \/>\r\n<meta property=\"article:modified_time\" content=\"2025-11-06T05:51:06+00:00\" \/>\r\n<meta property=\"og:image\" content=\"https:\/\/suresms.com\/wp-content\/uploads\/2022\/06\/Send-sms-online-1.png\" \/>\r\n<meta name=\"twitter:card\" content=\"summary_large_image\" \/>\r\n<meta name=\"twitter:label1\" content=\"Tempo estimado de leitura\" \/>\n\t<meta name=\"twitter:data1\" content=\"9 minutos\" \/>\r\n<script type=\"application\/ld+json\" class=\"yoast-schema-graph\">{\"@context\":\"https:\\\/\\\/schema.org\",\"@graph\":[{\"@type\":\"WebPage\",\"@id\":\"https:\\\/\\\/suresms.com\\\/dk\\\/funktioner\\\/send-sms-fra-pc\\\/\",\"url\":\"https:\\\/\\\/suresms.com\\\/dk\\\/funktioner\\\/send-sms-fra-pc\\\/\",\"name\":\"Send SMS fra PC - Send SMS fra Mac - Send SMS fra computer\",\"isPartOf\":{\"@id\":\"https:\\\/\\\/suresms.com\\\/en\\\/#website\"},\"primaryImageOfPage\":{\"@id\":\"https:\\\/\\\/suresms.com\\\/dk\\\/funktioner\\\/send-sms-fra-pc\\\/#primaryimage\"},\"image\":{\"@id\":\"https:\\\/\\\/suresms.com\\\/dk\\\/funktioner\\\/send-sms-fra-pc\\\/#primaryimage\"},\"thumbnailUrl\":\"https:\\\/\\\/suresms.com\\\/wp-content\\\/uploads\\\/2022\\\/06\\\/Send-sms-online-1.png\",\"datePublished\":\"2022-06-29T21:49:16+00:00\",\"dateModified\":\"2025-11-06T05:51:06+00:00\",\"description\":\"Send SMS fra PC eller Send SMS fra Mac. Fordele ved at sende fra computer er arkivering, hastighed og deling af kontakter. Pr\u00f8v det gratis.\",\"breadcrumb\":{\"@id\":\"https:\\\/\\\/suresms.com\\\/dk\\\/funktioner\\\/send-sms-fra-pc\\\/#breadcrumb\"},\"inLanguage\":\"pt-PT\",\"potentialAction\":[{\"@type\":\"ReadAction\",\"target\":[\"https:\\\/\\\/suresms.com\\\/dk\\\/funktioner\\\/send-sms-fra-pc\\\/\"]}]},{\"@type\":\"ImageObject\",\"inLanguage\":\"pt-PT\",\"@id\":\"https:\\\/\\\/suresms.com\\\/dk\\\/funktioner\\\/send-sms-fra-pc\\\/#primaryimage\",\"url\":\"https:\\\/\\\/suresms.com\\\/wp-content\\\/uploads\\\/2022\\\/06\\\/Send-sms-online-1.png\",\"contentUrl\":\"https:\\\/\\\/suresms.com\\\/wp-content\\\/uploads\\\/2022\\\/06\\\/Send-sms-online-1.png\"},{\"@type\":\"BreadcrumbList\",\"@id\":\"https:\\\/\\\/suresms.com\\\/dk\\\/funktioner\\\/send-sms-fra-pc\\\/#breadcrumb\",\"itemListElement\":[{\"@type\":\"ListItem\",\"position\":1,\"name\":\"Home\",\"item\":\"https:\\\/\\\/suresms.com\\\/dk\\\/\"},{\"@type\":\"ListItem\",\"position\":2,\"name\":\"Funktioner\",\"item\":\"https:\\\/\\\/suresms.com\\\/dk\\\/funktioner\\\/\"},{\"@type\":\"ListItem\",\"position\":3,\"name\":\"Send sms fra PC\"}]},{\"@type\":\"WebSite\",\"@id\":\"https:\\\/\\\/suresms.com\\\/en\\\/#website\",\"url\":\"https:\\\/\\\/suresms.com\\\/en\\\/\",\"name\":\"SureSMS\",\"description\":\"Professionel SMS Gateway\",\"publisher\":{\"@id\":\"https:\\\/\\\/suresms.com\\\/en\\\/#organization\"},\"potentialAction\":[{\"@type\":\"SearchAction\",\"target\":{\"@type\":\"EntryPoint\",\"urlTemplate\":\"https:\\\/\\\/suresms.com\\\/en\\\/?s={search_term_string}\"},\"query-input\":{\"@type\":\"PropertyValueSpecification\",\"valueRequired\":true,\"valueName\":\"search_term_string\"}}],\"inLanguage\":\"pt-PT\"},{\"@type\":\"Organization\",\"@id\":\"https:\\\/\\\/suresms.com\\\/en\\\/#organization\",\"name\":\"SureSMS\",\"url\":\"https:\\\/\\\/suresms.com\\\/en\\\/\",\"logo\":{\"@type\":\"ImageObject\",\"inLanguage\":\"pt-PT\",\"@id\":\"https:\\\/\\\/suresms.com\\\/en\\\/#\\\/schema\\\/logo\\\/image\\\/\",\"url\":\"https:\\\/\\\/suresms.com\\\/wp-content\\\/uploads\\\/2024\\\/11\\\/suresms-300x65-1.png\",\"contentUrl\":\"https:\\\/\\\/suresms.com\\\/wp-content\\\/uploads\\\/2024\\\/11\\\/suresms-300x65-1.png\",\"width\":300,\"height\":65,\"caption\":\"SureSMS\"},\"image\":{\"@id\":\"https:\\\/\\\/suresms.com\\\/en\\\/#\\\/schema\\\/logo\\\/image\\\/\"},\"sameAs\":[\"https:\\\/\\\/www.facebook.com\\\/p\\\/SureSMS-100044607956149\\\/\"]}]}<\/script>\r\n<!-- \/ Yoast SEO Premium plugin. -->","yoast_head_json":{"title":"Enviar SMS a partir do PC - Enviar SMS a partir do Mac - Enviar SMS a partir do computador","description":"Envie SMS a partir do PC ou envie SMS a partir do Mac. As vantagens de enviar a partir do computador s\u00e3o o arquivo, a velocidade e a partilha de contactos. Experimente gratuitamente.","robots":{"index":"index","follow":"follow","max-snippet":"max-snippet:-1","max-image-preview":"max-image-preview:large","max-video-preview":"max-video-preview:-1"},"canonical":"https:\/\/suresms.com\/pt\/carateristicas\/enviar-sms-a-partir-do-pc\/","og_locale":"pt_PT","og_type":"article","og_title":"Send sms fra PC","og_description":"Send SMS fra PC eller Send SMS fra Mac. Fordele ved at sende fra computer er arkivering, hastighed og deling af kontakter. Pr\u00f8v det gratis.","og_url":"https:\/\/suresms.com\/pt\/carateristicas\/enviar-sms-a-partir-do-pc\/","article_publisher":"https:\/\/www.facebook.com\/p\/SureSMS-100044607956149\/","article_modified_time":"2025-11-06T05:51:06+00:00","og_image":[{"url":"https:\/\/suresms.com\/wp-content\/uploads\/2022\/06\/Send-sms-online-1.png","type":"","width":"","height":""}],"twitter_card":"summary_large_image","twitter_misc":{"Tempo estimado de leitura":"9 minutos"},"schema":{"@context":"https:\/\/schema.org","@graph":[{"@type":"WebPage","@id":"https:\/\/suresms.com\/dk\/funktioner\/send-sms-fra-pc\/","url":"https:\/\/suresms.com\/dk\/funktioner\/send-sms-fra-pc\/","name":"Enviar SMS a partir do PC - Enviar SMS a partir do Mac - Enviar SMS a partir do computador","isPartOf":{"@id":"https:\/\/suresms.com\/en\/#website"},"primaryImageOfPage":{"@id":"https:\/\/suresms.com\/dk\/funktioner\/send-sms-fra-pc\/#primaryimage"},"image":{"@id":"https:\/\/suresms.com\/dk\/funktioner\/send-sms-fra-pc\/#primaryimage"},"thumbnailUrl":"https:\/\/suresms.com\/wp-content\/uploads\/2022\/06\/Send-sms-online-1.png","datePublished":"2022-06-29T21:49:16+00:00","dateModified":"2025-11-06T05:51:06+00:00","description":"Envie SMS a partir do PC ou envie SMS a partir do Mac. As vantagens de enviar a partir do computador s\u00e3o o arquivo, a velocidade e a partilha de contactos. Experimente gratuitamente.","breadcrumb":{"@id":"https:\/\/suresms.com\/dk\/funktioner\/send-sms-fra-pc\/#breadcrumb"},"inLanguage":"pt-PT","potentialAction":[{"@type":"ReadAction","target":["https:\/\/suresms.com\/dk\/funktioner\/send-sms-fra-pc\/"]}]},{"@type":"ImageObject","inLanguage":"pt-PT","@id":"https:\/\/suresms.com\/dk\/funktioner\/send-sms-fra-pc\/#primaryimage","url":"https:\/\/suresms.com\/wp-content\/uploads\/2022\/06\/Send-sms-online-1.png","contentUrl":"https:\/\/suresms.com\/wp-content\/uploads\/2022\/06\/Send-sms-online-1.png"},{"@type":"BreadcrumbList","@id":"https:\/\/suresms.com\/dk\/funktioner\/send-sms-fra-pc\/#breadcrumb","itemListElement":[{"@type":"ListItem","position":1,"name":"Home","item":"https:\/\/suresms.com\/dk\/"},{"@type":"ListItem","position":2,"name":"Funktioner","item":"https:\/\/suresms.com\/dk\/funktioner\/"},{"@type":"ListItem","position":3,"name":"Send sms fra PC"}]},{"@type":"WebSite","@id":"https:\/\/suresms.com\/en\/#website","url":"https:\/\/suresms.com\/en\/","name":"SureSMS","description":"Gateway SMS profissional","publisher":{"@id":"https:\/\/suresms.com\/en\/#organization"},"potentialAction":[{"@type":"SearchAction","target":{"@type":"EntryPoint","urlTemplate":"https:\/\/suresms.com\/en\/?s={search_term_string}"},"query-input":{"@type":"PropertyValueSpecification","valueRequired":true,"valueName":"search_term_string"}}],"inLanguage":"pt-PT"},{"@type":"Organization","@id":"https:\/\/suresms.com\/en\/#organization","name":"SureSMS","url":"https:\/\/suresms.com\/en\/","logo":{"@type":"ImageObject","inLanguage":"pt-PT","@id":"https:\/\/suresms.com\/en\/#\/schema\/logo\/image\/","url":"https:\/\/suresms.com\/wp-content\/uploads\/2024\/11\/suresms-300x65-1.png","contentUrl":"https:\/\/suresms.com\/wp-content\/uploads\/2024\/11\/suresms-300x65-1.png","width":300,"height":65,"caption":"SureSMS"},"image":{"@id":"https:\/\/suresms.com\/en\/#\/schema\/logo\/image\/"},"sameAs":["https:\/\/www.facebook.com\/p\/SureSMS-100044607956149\/"]}]}},"_links":{"self":[{"href":"https:\/\/suresms.com\/pt\/wp-json\/wp\/v2\/pages\/15657","targetHints":{"allow":["GET"]}}],"collection":[{"href":"https:\/\/suresms.com\/pt\/wp-json\/wp\/v2\/pages"}],"about":[{"href":"https:\/\/suresms.com\/pt\/wp-json\/wp\/v2\/types\/page"}],"author":[{"embeddable":true,"href":"https:\/\/suresms.com\/pt\/wp-json\/wp\/v2\/users\/1"}],"replies":[{"embeddable":true,"href":"https:\/\/suresms.com\/pt\/wp-json\/wp\/v2\/comments?post=15657"}],"version-history":[{"count":6,"href":"https:\/\/suresms.com\/pt\/wp-json\/wp\/v2\/pages\/15657\/revisions"}],"predecessor-version":[{"id":23528,"href":"https:\/\/suresms.com\/pt\/wp-json\/wp\/v2\/pages\/15657\/revisions\/23528"}],"up":[{"embeddable":true,"href":"https:\/\/suresms.com\/pt\/wp-json\/wp\/v2\/pages\/958"}],"wp:attachment":[{"href":"https:\/\/suresms.com\/pt\/wp-json\/wp\/v2\/media?parent=15657"}],"wp:term":[{"taxonomy":"category","embeddable":true,"href":"https:\/\/suresms.com\/pt\/wp-json\/wp\/v2\/categories?post=15657"},{"taxonomy":"post_tag","embeddable":true,"href":"https:\/\/suresms.com\/pt\/wp-json\/wp\/v2\/tags?post=15657"}],"curies":[{"name":"wp","href":"https:\/\/api.w.org\/{rel}","templated":true}]}}