{"id":1507,"date":"2016-01-14T15:20:23","date_gmt":"2016-01-14T13:20:23","guid":{"rendered":"https:\/\/www.suresms.com\/dk\/?page_id=1507"},"modified":"2025-11-13T10:54:51","modified_gmt":"2025-11-13T10:54:51","slug":"precos-e-pagamento","status":"publish","type":"page","link":"https:\/\/suresms.com\/pt\/om-suresms\/priser-og-betaling\/","title":{"rendered":"Pre\u00e7os e pagamento"},"content":{"rendered":"<h1>Pre\u00e7os e pagamento<\/h1>\n<p>Com o SureSMS, tem a op\u00e7\u00e3o de escolher o nosso <a href=\"https:\/\/suresms.com\/pt\/encomendar\/conta-de-teste-de-sms-gratis\/\">Conta Gateway<\/a>em que s\u00f3 paga os SMS que envia, ou um dos nossos <a href=\"https:\/\/suresms.com\/pt\/carateristicas\/receber-mensagens-de-texto-no-seu-computador\/\">Solu\u00e7\u00f5es bidireccionais<\/a>onde paga uma assinatura mensal e uma taxa de SMS.<\/p>\n<p>(Todos os pre\u00e7os nesta p\u00e1gina s\u00e3o em coroas dinamarquesas, excluindo o IVA)<\/p>\n\t<h2>Tarifas SMS<\/h2>\n<p>Na SureSMS, temos acordos particularmente bons com empresas de telecomunica\u00e7\u00f5es nos pa\u00edses n\u00f3rdicos, mas \u00e9 claro que podemos enviar para qualquer parte do mundo com cobertura m\u00f3vel.<\/p>\n<ul>\n<li>\n<ul>\n<li>Dinamarca 0,31 DKK\/SMS<\/li>\n<\/ul>\n<\/li>\n<\/ul>\n<ul>\n<li>\n<ul>\n<li>Su\u00e9cia 0,23 DKK\/SMS<\/li>\n<\/ul>\n<\/li>\n<\/ul>\n<ul>\n<li>\n<ul>\n<li>Noruega 0,25 DKK\/SMS<\/li>\n<\/ul>\n<\/li>\n<\/ul>\n<ul>\n<li>\n<ul>\n<li>Finl\u00e2ndia 0,29 DKK\/SMS<\/li>\n<\/ul>\n<\/li>\n<\/ul>\n<ul>\n<li>\n<ul>\n<li>Gronel\u00e2ndia 0,07 DKK\/SMS<\/li>\n<\/ul>\n<\/li>\n<\/ul>\n<ul>\n<li>\n<ul>\n<li>Ilhas Faro\u00e9 0,25 DKK\/SMS<\/li>\n<\/ul>\n<\/li>\n<\/ul>\n<ul>\n<li>\n<ul>\n<li>Resto do mundo x-x kr\/SMS<\/li>\n<\/ul>\n<\/li>\n<\/ul>\n<p>&nbsp;<\/p>\n<p>N\u00e3o hesite em contactar-nos se tiver alguma d\u00favida sobre os pre\u00e7os na Europa ou no resto do mundo. Se precisar de enviar muitos SMS, \u00e9 prov\u00e1vel que tamb\u00e9m possamos negociar um bom pre\u00e7o.<\/p>\n<ul>\n<li>\n<ul>\n<li>N\u00famero de telefone SMS recebido 99,00 kr\/m\u00eas<\/li>\n<\/ul>\n<\/li>\n<\/ul>\n<ul>\n<li>\n<ul>\n<li>N\u00famero de telefone pr\u00f3prio no cart\u00e3o SIM 199,00 kr\/m\u00eas<\/li>\n<\/ul>\n<\/li>\n<\/ul>\n<ul>\n<li>\n<ul>\n<li>Anexar ficheiros a SMS 0,20 kr\/SMS<\/li>\n<\/ul>\n<\/li>\n<\/ul>\n<p>&nbsp;<\/p>\n\t<h1>Op\u00e7\u00f5es de pagamento<\/h1>\n<p>Oferecemos v\u00e1rias op\u00e7\u00f5es de pagamento flex\u00edveis aos nossos clientes.<\/p>\n<ul>\n<li>\n<ul>\n<li>Com a conta SureSMS Gateway, pode comprar SMS com cart\u00f5es de cr\u00e9dito diretamente no nosso site. Receber\u00e1 um e-mail da nossa parte quando for altura de efetuar o carregamento. Imediatamente ap\u00f3s o pagamento, receber\u00e1 uma fatura da nossa parte.<\/li>\n<\/ul>\n<\/li>\n<\/ul>\n<ul>\n<li>\n<ul>\n<li>Facture ao seu contabilista uma vez por m\u00eas ou por trimestre com base na utiliza\u00e7\u00e3o do per\u00edodo anterior. Se optar pela fatura\u00e7\u00e3o com base no consumo, a fatura\u00e7\u00e3o m\u00ednima \u00e9 de 100,- por m\u00eas.<\/li>\n<\/ul>\n<\/li>\n<\/ul>\n<ul>\n<li>\n<ul>\n<li>Fatura com pr\u00e9-pagamento de, por exemplo, 200 ou 1000 DKK, depositado na sua conta SMS.<\/li>\n<\/ul>\n<\/li>\n<\/ul>\n<ul>\n<li>\n<ul>\n<li>Fatura\u00e7\u00e3o por n\u00famero EAN. Se representa uma institui\u00e7\u00e3o p\u00fablica, temos a possibilidade de lhe enviar a fatura atrav\u00e9s do n\u00famero EAN.<\/li>\n<\/ul>\n<\/li>\n<\/ul>\n<p>NB! Aceitamos MasterCard, Visa e MobilePay. <\/p>\n\t<h1>Saldo excedent\u00e1rio no encerramento da conta<\/h1>\n<p>Se optar pelo pr\u00e9-pagamento ou pelo pagamento com cart\u00e3o de cr\u00e9dito, \u00e9 importante ter em conta que qualquer montante em excesso n\u00e3o ser\u00e1 pago se a conta for posteriormente desactivada ou encerrada.<\/p>\n<p>Os fundos depositados s\u00e3o utilizados exclusivamente para a utiliza\u00e7\u00e3o de SMS e servi\u00e7os conexos, e qualquer saldo remanescente ser\u00e1 cancelado aquando do encerramento da conta. Isto aplica-se independentemente de o pagamento ser efectuado como um pr\u00e9-pagamento \u00fanico ou como carregamentos cont\u00ednuos atrav\u00e9s de cart\u00e3o de cr\u00e9dito.<\/p>\n\t<h2>As letras pequenas<\/h2>\n<p>Lembre-se que uma mensagem SMS pode sempre conter um m\u00e1ximo de 160 caracteres, incluindo espa\u00e7os!<\/p>\n<p>Se a sua mensagem exceder 160 caracteres, ser\u00e1, na pr\u00e1tica, enviada como SMS separados e combinados num \u00fanico texto longo no telem\u00f3vel do destinat\u00e1rio. Como cliente, ter\u00e1 de pagar pelo n\u00famero de SMS que enviamos, pelo que os SMS mais longos ser\u00e3o ligeiramente mais caros.<\/p>\n<p>Na nossa aplica\u00e7\u00e3o online existe um contador para que possa sempre ver quantos caracteres\/SMSs tem \u00e0 medida que escreve as suas mensagens de texto.<\/p>\n<p>&nbsp;<\/p>\n<table>\n<thead>\n<tr>\n<th>N\u00famero de caracteres<\/th>\n<th>N\u00famero de mensagens SMS<\/th>\n<\/tr>\n<\/thead>\n<tbody>\n<tr>\n<td>0 - 160 caracteres<\/td>\n<td>1 segmento<\/td>\n<\/tr>\n<tr>\n<td>161 - 306 caracteres<\/td>\n<td>2 segmentos<\/td>\n<\/tr>\n<tr>\n<td>307 - 459 caracteres<\/td>\n<td>3 segmentos<\/td>\n<\/tr>\n<tr>\n<td>460 - 612 caracteres<\/td>\n<td>4 segmentos<\/td>\n<\/tr>\n<tr>\n<td>613 - 765 caracteres<\/td>\n<td>5 segmentos<\/td>\n<\/tr>\n<tr>\n<td>766 - 918 caracteres<\/td>\n<td>6 segmentos<\/td>\n<\/tr>\n<tr>\n<td>919 - 1071 caracteres<\/td>\n<td>7 segmentos<\/td>\n<\/tr>\n<tr>\n<td>1072 - 1224 caracteres<\/td>\n<td>8 segmentos<\/td>\n<\/tr>\n<tr>\n<td>1225 - 1377 caracteres<\/td>\n<td>9 segmentos<\/td>\n<\/tr>\n<tr>\n<td>1378 - 1530 caracteres<\/td>\n<td>10 segmentos<\/td>\n<\/tr>\n<\/tbody>\n<\/table>\n<p>Se optar por enviar caracteres que n\u00e3o constam do alfabeto \"normal\", como os emojis, o texto \u00e9 enviado de uma forma diferente e reduz o n\u00famero de caracteres que podem constar da mensagem, de acordo com a tabela seguinte.<\/p>\n<p>&nbsp;<\/p>\n<table>\n<thead>\n<tr>\n<th>N\u00famero de caracteres<\/th>\n<th>N\u00famero de mensagens SMS<\/th>\n<\/tr>\n<\/thead>\n<tbody>\n<tr>\n<td>0 - 70 caracteres<\/td>\n<td>1 segmento<\/td>\n<\/tr>\n<tr>\n<td>71 - 134 caracteres<\/td>\n<td>2 segmentos<\/td>\n<\/tr>\n<tr>\n<td>135 - 201 caracteres<\/td>\n<td>3 segmentos<\/td>\n<\/tr>\n<tr>\n<td>202 - 268 caracteres<\/td>\n<td>4 segmentos<\/td>\n<\/tr>\n<tr>\n<td>269 - 335 caracteres<\/td>\n<td>5 segmentos<\/td>\n<\/tr>\n<tr>\n<td>336 - 402 caracteres<\/td>\n<td>6 segmentos<\/td>\n<\/tr>\n<tr>\n<td>403 - 469 caracteres<\/td>\n<td>7 segmentos<\/td>\n<\/tr>\n<tr>\n<td>470 - 536 caracteres<\/td>\n<td>8 segmentos<\/td>\n<\/tr>\n<tr>\n<td>537 - 603 caracteres<\/td>\n<td>9 segmentos<\/td>\n<\/tr>\n<tr>\n<td>604 - 670 caracteres<\/td>\n<td>10 segmentos<\/td>\n<\/tr>\n<\/tbody>\n<\/table>\n<p>&nbsp;<\/p>\n<p>Note-se tamb\u00e9m que n\u00e3o \u00e9 tecnicamente poss\u00edvel enviar mensagens SMS para n\u00fameros de 3, 4 ou 5 d\u00edgitos - os chamados c\u00f3digos curtos - a partir do gateway Sure SMS.<\/p>","protected":false},"excerpt":{"rendered":"<p>Pre\u00e7os e pagamento Com SureSMS tem a op\u00e7\u00e3o de escolher a nossa Conta Gateway, onde s\u00f3 paga as mensagens SMS que envia, ou uma das nossas solu\u00e7\u00f5es bidireccionais, onde paga uma subscri\u00e7\u00e3o mensal mais a tarifa SMS. (Todos os pre\u00e7os nesta p\u00e1gina est\u00e3o em coroas dinamarquesas sem IVA) Tarifas SMS Na SureSMS temos especialmente... <a title=\"Pre\u00e7os e pagamento\" class=\"read-more\" href=\"https:\/\/suresms.com\/pt\/om-suresms\/priser-og-betaling\/\" aria-label=\"Leia mais sobre Pre\u00e7os e pagamentos\">Rir mas<\/a><\/p>","protected":false},"author":1,"featured_media":0,"parent":18594,"menu_order":26,"comment_status":"closed","ping_status":"closed","template":"","meta":{"_fl_builder_enabled":"1","_fl_builder_data":null,"_fl_builder_draft":null,"_fl_builder_data_settings":null,"_fl_builder_css":"","_fl_builder_css_version":"","_fl_builder_js":"","footnotes":""},"categories":[],"tags":[],"class_list":["post-1507","page","type-page","status-publish"],"yoast_head":"<!-- This site is optimized with the Yoast SEO Premium plugin v27.3 (Yoast SEO v27.3) - https:\/\/yoast.com\/product\/yoast-seo-premium-wordpress\/ -->\r\n<title>Betaling - SureSMS. Gratis faktura. SE info om betaling her!<\/title>\r\n<meta name=\"description\" content=\"Hos SureSMS har du mulighed for at v\u00e6lge forskellige betalingsformer. \u00d8nsker du en faktura sender vi selvf\u00f8lgelig GRATIS faktura til alle vore kunder.\" \/>\r\n<meta name=\"robots\" content=\"index, follow, max-snippet:-1, max-image-preview:large, max-video-preview:-1\" \/>\r\n<link rel=\"canonical\" href=\"https:\/\/suresms.com\/pt\/sobre-o-suresms\/precos-e-pagamento\/\" \/>\r\n<meta property=\"og:locale\" content=\"pt_PT\" \/>\r\n<meta property=\"og:type\" content=\"article\" \/>\r\n<meta property=\"og:title\" content=\"Priser og betaling\" \/>\r\n<meta property=\"og:description\" content=\"Hos SureSMS har du mulighed for at v\u00e6lge forskellige betalingsformer. \u00d8nsker du en faktura sender vi selvf\u00f8lgelig GRATIS faktura til alle vore kunder.\" \/>\r\n<meta property=\"og:url\" content=\"https:\/\/suresms.com\/pt\/sobre-o-suresms\/precos-e-pagamento\/\" \/>\r\n<meta property=\"article:publisher\" content=\"https:\/\/www.facebook.com\/p\/SureSMS-100044607956149\/\" \/>\r\n<meta property=\"article:modified_time\" content=\"2025-11-13T10:54:51+00:00\" \/>\r\n<meta name=\"twitter:card\" content=\"summary_large_image\" \/>\r\n<meta name=\"twitter:label1\" content=\"Tempo estimado de leitura\" \/>\n\t<meta name=\"twitter:data1\" content=\"3 minutos\" \/>\r\n<script type=\"application\/ld+json\" class=\"yoast-schema-graph\">{\"@context\":\"https:\\\/\\\/schema.org\",\"@graph\":[{\"@type\":\"WebPage\",\"@id\":\"https:\\\/\\\/suresms.com\\\/dk\\\/om-suresms\\\/priser-og-betaling\\\/\",\"url\":\"https:\\\/\\\/suresms.com\\\/dk\\\/om-suresms\\\/priser-og-betaling\\\/\",\"name\":\"Betaling - SureSMS. Gratis faktura. SE info om betaling her!\",\"isPartOf\":{\"@id\":\"https:\\\/\\\/suresms.com\\\/en\\\/#website\"},\"datePublished\":\"2016-01-14T13:20:23+00:00\",\"dateModified\":\"2025-11-13T10:54:51+00:00\",\"description\":\"Hos SureSMS har du mulighed for at v\u00e6lge forskellige betalingsformer. \u00d8nsker du en faktura sender vi selvf\u00f8lgelig GRATIS faktura til alle vore kunder.\",\"breadcrumb\":{\"@id\":\"https:\\\/\\\/suresms.com\\\/dk\\\/om-suresms\\\/priser-og-betaling\\\/#breadcrumb\"},\"inLanguage\":\"pt-PT\",\"potentialAction\":[{\"@type\":\"ReadAction\",\"target\":[\"https:\\\/\\\/suresms.com\\\/dk\\\/om-suresms\\\/priser-og-betaling\\\/\"]}]},{\"@type\":\"BreadcrumbList\",\"@id\":\"https:\\\/\\\/suresms.com\\\/dk\\\/om-suresms\\\/priser-og-betaling\\\/#breadcrumb\",\"itemListElement\":[{\"@type\":\"ListItem\",\"position\":1,\"name\":\"Home\",\"item\":\"https:\\\/\\\/suresms.com\\\/dk\\\/\"},{\"@type\":\"ListItem\",\"position\":2,\"name\":\"Om SureSMS\",\"item\":\"https:\\\/\\\/suresms.com\\\/dk\\\/om-suresms\\\/\"},{\"@type\":\"ListItem\",\"position\":3,\"name\":\"Priser og betaling\"}]},{\"@type\":\"WebSite\",\"@id\":\"https:\\\/\\\/suresms.com\\\/en\\\/#website\",\"url\":\"https:\\\/\\\/suresms.com\\\/en\\\/\",\"name\":\"SureSMS\",\"description\":\"Professionel SMS Gateway\",\"publisher\":{\"@id\":\"https:\\\/\\\/suresms.com\\\/en\\\/#organization\"},\"potentialAction\":[{\"@type\":\"SearchAction\",\"target\":{\"@type\":\"EntryPoint\",\"urlTemplate\":\"https:\\\/\\\/suresms.com\\\/en\\\/?s={search_term_string}\"},\"query-input\":{\"@type\":\"PropertyValueSpecification\",\"valueRequired\":true,\"valueName\":\"search_term_string\"}}],\"inLanguage\":\"pt-PT\"},{\"@type\":\"Organization\",\"@id\":\"https:\\\/\\\/suresms.com\\\/en\\\/#organization\",\"name\":\"SureSMS\",\"url\":\"https:\\\/\\\/suresms.com\\\/en\\\/\",\"logo\":{\"@type\":\"ImageObject\",\"inLanguage\":\"pt-PT\",\"@id\":\"https:\\\/\\\/suresms.com\\\/en\\\/#\\\/schema\\\/logo\\\/image\\\/\",\"url\":\"https:\\\/\\\/suresms.com\\\/wp-content\\\/uploads\\\/2024\\\/11\\\/suresms-300x65-1.png\",\"contentUrl\":\"https:\\\/\\\/suresms.com\\\/wp-content\\\/uploads\\\/2024\\\/11\\\/suresms-300x65-1.png\",\"width\":300,\"height\":65,\"caption\":\"SureSMS\"},\"image\":{\"@id\":\"https:\\\/\\\/suresms.com\\\/en\\\/#\\\/schema\\\/logo\\\/image\\\/\"},\"sameAs\":[\"https:\\\/\\\/www.facebook.com\\\/p\\\/SureSMS-100044607956149\\\/\"]}]}<\/script>\r\n<!-- \/ Yoast SEO Premium plugin. -->","yoast_head_json":{"title":"Pagamento - SureSMS. Fatura gratuita. VER informa\u00e7\u00f5es de pagamento aqui!","description":"Na SureSMS tem a op\u00e7\u00e3o de escolher diferentes m\u00e9todos de pagamento. Se desejar uma fatura, \u00e9 claro que enviaremos uma fatura GRATUITA a todos os nossos clientes.","robots":{"index":"index","follow":"follow","max-snippet":"max-snippet:-1","max-image-preview":"max-image-preview:large","max-video-preview":"max-video-preview:-1"},"canonical":"https:\/\/suresms.com\/pt\/sobre-o-suresms\/precos-e-pagamento\/","og_locale":"pt_PT","og_type":"article","og_title":"Priser og betaling","og_description":"Hos SureSMS har du mulighed for at v\u00e6lge forskellige betalingsformer. \u00d8nsker du en faktura sender vi selvf\u00f8lgelig GRATIS faktura til alle vore kunder.","og_url":"https:\/\/suresms.com\/pt\/sobre-o-suresms\/precos-e-pagamento\/","article_publisher":"https:\/\/www.facebook.com\/p\/SureSMS-100044607956149\/","article_modified_time":"2025-11-13T10:54:51+00:00","twitter_card":"summary_large_image","twitter_misc":{"Tempo estimado de leitura":"3 minutos"},"schema":{"@context":"https:\/\/schema.org","@graph":[{"@type":"WebPage","@id":"https:\/\/suresms.com\/dk\/om-suresms\/priser-og-betaling\/","url":"https:\/\/suresms.com\/dk\/om-suresms\/priser-og-betaling\/","name":"Pagamento - SureSMS. Fatura gratuita. VER informa\u00e7\u00f5es de pagamento aqui!","isPartOf":{"@id":"https:\/\/suresms.com\/en\/#website"},"datePublished":"2016-01-14T13:20:23+00:00","dateModified":"2025-11-13T10:54:51+00:00","description":"Na SureSMS tem a op\u00e7\u00e3o de escolher diferentes m\u00e9todos de pagamento. Se desejar uma fatura, \u00e9 claro que enviaremos uma fatura GRATUITA a todos os nossos clientes.","breadcrumb":{"@id":"https:\/\/suresms.com\/dk\/om-suresms\/priser-og-betaling\/#breadcrumb"},"inLanguage":"pt-PT","potentialAction":[{"@type":"ReadAction","target":["https:\/\/suresms.com\/dk\/om-suresms\/priser-og-betaling\/"]}]},{"@type":"BreadcrumbList","@id":"https:\/\/suresms.com\/dk\/om-suresms\/priser-og-betaling\/#breadcrumb","itemListElement":[{"@type":"ListItem","position":1,"name":"Home","item":"https:\/\/suresms.com\/dk\/"},{"@type":"ListItem","position":2,"name":"Om SureSMS","item":"https:\/\/suresms.com\/dk\/om-suresms\/"},{"@type":"ListItem","position":3,"name":"Priser og betaling"}]},{"@type":"WebSite","@id":"https:\/\/suresms.com\/en\/#website","url":"https:\/\/suresms.com\/en\/","name":"SureSMS","description":"Gateway SMS profissional","publisher":{"@id":"https:\/\/suresms.com\/en\/#organization"},"potentialAction":[{"@type":"SearchAction","target":{"@type":"EntryPoint","urlTemplate":"https:\/\/suresms.com\/en\/?s={search_term_string}"},"query-input":{"@type":"PropertyValueSpecification","valueRequired":true,"valueName":"search_term_string"}}],"inLanguage":"pt-PT"},{"@type":"Organization","@id":"https:\/\/suresms.com\/en\/#organization","name":"SureSMS","url":"https:\/\/suresms.com\/en\/","logo":{"@type":"ImageObject","inLanguage":"pt-PT","@id":"https:\/\/suresms.com\/en\/#\/schema\/logo\/image\/","url":"https:\/\/suresms.com\/wp-content\/uploads\/2024\/11\/suresms-300x65-1.png","contentUrl":"https:\/\/suresms.com\/wp-content\/uploads\/2024\/11\/suresms-300x65-1.png","width":300,"height":65,"caption":"SureSMS"},"image":{"@id":"https:\/\/suresms.com\/en\/#\/schema\/logo\/image\/"},"sameAs":["https:\/\/www.facebook.com\/p\/SureSMS-100044607956149\/"]}]}},"_links":{"self":[{"href":"https:\/\/suresms.com\/pt\/wp-json\/wp\/v2\/pages\/1507","targetHints":{"allow":["GET"]}}],"collection":[{"href":"https:\/\/suresms.com\/pt\/wp-json\/wp\/v2\/pages"}],"about":[{"href":"https:\/\/suresms.com\/pt\/wp-json\/wp\/v2\/types\/page"}],"author":[{"embeddable":true,"href":"https:\/\/suresms.com\/pt\/wp-json\/wp\/v2\/users\/1"}],"replies":[{"embeddable":true,"href":"https:\/\/suresms.com\/pt\/wp-json\/wp\/v2\/comments?post=1507"}],"version-history":[{"count":12,"href":"https:\/\/suresms.com\/pt\/wp-json\/wp\/v2\/pages\/1507\/revisions"}],"predecessor-version":[{"id":23542,"href":"https:\/\/suresms.com\/pt\/wp-json\/wp\/v2\/pages\/1507\/revisions\/23542"}],"up":[{"embeddable":true,"href":"https:\/\/suresms.com\/pt\/wp-json\/wp\/v2\/pages\/18594"}],"wp:attachment":[{"href":"https:\/\/suresms.com\/pt\/wp-json\/wp\/v2\/media?parent=1507"}],"wp:term":[{"taxonomy":"category","embeddable":true,"href":"https:\/\/suresms.com\/pt\/wp-json\/wp\/v2\/categories?post=1507"},{"taxonomy":"post_tag","embeddable":true,"href":"https:\/\/suresms.com\/pt\/wp-json\/wp\/v2\/tags?post=1507"}],"curies":[{"name":"wp","href":"https:\/\/api.w.org\/{rel}","templated":true}]}}