{"id":1449,"date":"2015-12-14T16:52:32","date_gmt":"2015-12-14T14:52:32","guid":{"rendered":"https:\/\/www.suresms.com\/dk\/?page_id=1449"},"modified":"2025-01-10T11:01:15","modified_gmt":"2025-01-10T11:01:15","slug":"controlo","status":"publish","type":"page","link":"https:\/\/suresms.com\/pt\/om-suresms\/overvagning\/","title":{"rendered":"Controlo"},"content":{"rendered":"<!-- Flexy Breadcrumb -->\r\n\t\t\t<div class=\"fbc fbc-page\">\r\n\r\n\t\t\t\t<!-- Breadcrumb wrapper -->\r\n\t\t\t\t<div class=\"fbc-wrap\">\r\n\r\n\t\t\t\t\t<!-- Ordered list-->\r\n\t\t\t\t\t<ol class=\"fbc-items\" itemscope itemtype=\"https:\/\/schema.org\/BreadcrumbList\">\r\n\t\t\t\t\t\t            <li itemprop=\"itemListElement\" itemscope itemtype=\"https:\/\/schema.org\/ListItem\">\r\n                <span itemprop=\"name\">\r\n                    <!-- Home Link -->\r\n                    <a itemprop=\"item\" href=\"https:\/\/suresms.com\/pt\/\">\r\n                    \r\n                                                    <i class=\"fa fa-home\" aria-hidden=\"true\"><\/i>In\u00edcio                    <\/a>\r\n                <\/span>\r\n                <meta itemprop=\"position\" content=\"1\" \/><!-- Meta Position-->\r\n             <\/li><li><span class=\"fbc-separator\">\/<\/span><\/li><li class=\"active\" itemprop=\"itemListElement\" itemscope itemtype=\"https:\/\/schema.org\/ListItem\"><span itemprop=\"name\" title=\"Controlo\">Controlo<\/span><meta itemprop=\"position\" content=\"2\" \/><\/li>\t\t\t\t\t<\/ol>\r\n\t\t\t\t\t<div class=\"clearfix\"><\/div>\r\n\t\t\t\t<\/div>\r\n\t\t\t<\/div>\r\n\t\t\t\n\t<h1>Controlo<\/h1>\n<p>A nossa primeira prioridade \u00e9 garantir que as mensagens de texto s\u00e3o enviadas.<\/p>\n<p>Ao fornecer um servi\u00e7o de SMS, a monitoriza\u00e7\u00e3o dos sistemas \u00e9 fundamental para garantir um tempo de funcionamento adequado e assegurar que as mensagens s\u00e3o efetivamente enviadas e entregues aos clientes. H\u00e1 demasiadas coisas que podem correr mal quando se envia uma mensagem SMS para depender apenas de alarmes e m\u00e1quinas.<\/p>\n<h4><strong>Monitoriza\u00e7\u00e3o total e assist\u00eancia permanente 24 horas por dia, 7 dias por semana<\/strong><\/h4>\n<p>Temos mais de 100 pontos de medi\u00e7\u00e3o na nossa rede e infraestrutura que s\u00e3o monitorizados a cada minuto, mas n\u00e3o dependemos apenas de m\u00e1quinas.<\/p>\n<p>Assim que algo corre mal, o nosso gestor de opera\u00e7\u00f5es \/ t\u00e9cnico de servi\u00e7o \u00e9 imediatamente informado. Se um servidor n\u00e3o estiver a enviar ou a receber como pretendido, h\u00e1 sempre um homem a trabalhar.<\/p>\n<p>Monitorizamos constantemente os nossos servidores! 24 horas por dia, 7 dias por semana, 365 dias por ano. Vigiamos enquanto dorme para garantir o melhor tempo de atividade.<\/p>\n<p>Monitorizamos todos os operadores dinamarqueses e tamb\u00e9m os maiores operadores n\u00f3rdicos para garantir uma entrega \u00f3ptima. Isto significa que reconhecemos se um deles est\u00e1 em baixo ou se, por qualquer outra raz\u00e3o, n\u00e3o est\u00e1 a entregar o servi\u00e7o. Isto permite-nos reagir imediatamente e encontrar solu\u00e7\u00f5es para o problema.<\/p>\n<p><strong>Estamos sempre na vanguarda com o melhor equipamento<\/strong><\/p>\n<p>Para garantir uma entrega consistentemente \u00f3ptima, certificamo-nos de que estamos sempre actualizados com a tecnologia mais recente. O nosso equipamento aprende com os erros. Uma vez que um erro tenha ocorrido uma vez, a mesma a\u00e7\u00e3o na pr\u00f3xima vez iniciar\u00e1 uma a\u00e7\u00e3o corretiva que restabelecer\u00e1 automaticamente o pleno funcionamento do sistema.\u00a0<\/p>\n<p>Aprendizagem autom\u00e1tica... A m\u00e1quina de aprendizagem em a\u00e7\u00e3o.<\/p>\n<h4><strong>Tempo m\u00e1ximo de atividade! Mais de 99,9 %<\/strong><\/h4>\n<p>Temos o m\u00e1ximo tempo de atividade na SureSMS. Em muitas p\u00e1ginas de vendas do sector pode ler sobre 99,7 % ou 100 % de tempo de funcionamento.  Na SureSMS, o nosso tempo de atividade \u00e9 superior a 99,9, mas na pr\u00e1tica estes n\u00fameros s\u00e3o apenas arredondamentos.<\/p>\n<p>Certificamo-nos de que os nossos sistemas est\u00e3o sempre a funcionar e sempre monitorizados para detetar quaisquer erros que ocorram nas m\u00e1quinas ou nos fornecedores.\u00a0<\/p>\n<p>Se o telefone para o qual est\u00e1 a enviar estiver ligado, fornecemos uma monitoriza\u00e7\u00e3o \u00f3ptima para garantir que a sua mensagem \u00e9 recebida.<\/p>\n<p>\u00a0<\/p>\n\t<h4><strong>Aqui pode ler alguns exemplos de como os nossos clientes est\u00e3o atualmente a utilizar a nossa solu\u00e7\u00e3o SIM alojada:<\/strong><\/h4>\n<ul>\n<li><strong>Uma empresa dinamarquesa de fornecimento de calor<\/strong> utilizar a nossa solu\u00e7\u00e3o SIM alojada para <strong>as suas actividades na Noruega e na Su\u00e9cia<\/strong>. Tal como na Dinamarca, o seu pessoal precisa de enviar lembretes de marca\u00e7\u00e3o de consultas aos residentes, mas como se trata de n\u00fameros noruegueses e suecos, a solu\u00e7\u00e3o bidirecional deve, obviamente, ser a mesma.<\/li>\n<li><strong>Uma ag\u00eancia de publicidade dinamarquesa<\/strong> envia cartas f\u00edsicas aos clientes com ofertas. Estas cartas incluem um n\u00famero de telefone onde os clientes podem inscrever-se para receber as ofertas com uma PALAVRA-CHAVE. O n\u00famero \u00e9 reencaminhado para o telefone de cliente da ag\u00eancia de publicidade para que os futuros clientes possam tamb\u00e9m telefonar.<\/li>\n<li><strong>Um hotel perto da fronteira entre a Dinamarca e a Alemanha<\/strong> utiliza a nossa solu\u00e7\u00e3o bidirecional para comunicar com futuros e antigos clientes. Uma vez que entre os clientes h\u00e1 dinamarqueses e alem\u00e3es, a solu\u00e7\u00e3o de 2 vias deve, naturalmente, ter um n\u00famero de telem\u00f3vel dinamarqu\u00eas e um alem\u00e3o.<\/li>\n<\/ul>\n\t\t<h3><a href=\"http:\/\/suresms.com\/pt\/documentos\/\" target=\"_self\">Visite o nosso s\u00edtio Web do Manual<\/a><\/h3>\n\t\t\t\t<a href=\"http:\/\/suresms.com\/pt\/documentos\/\" target=\"_self\" itemprop=\"url\">\n\t\t\t\t<img loading=\"lazy\" decoding=\"async\" src=\"https:\/\/suresms.com\/wp-content\/uploads\/2016\/03\/Manual-400x250-px1.jpg\" alt=\"manual do s\u00edtio web suresms\" itemprop=\"image\" height=\"250\" width=\"400\" title=\"Manual 400x250 px\" onerror=\"this.style.display='none'\"  \/>\n\t\t\t\t<\/a>\n<p>Para ajudar os nossos clientes, reunimos todas as instru\u00e7\u00f5es e descri\u00e7\u00f5es em suresms.com\/docs. Aqui pode ver como funciona o nosso portal e obter instru\u00e7\u00f5es simples e f\u00e1ceis de utilizar para as muitas funcionalidades.<\/p>\n\t\t<h3><a href=\"http:\/\/developer.suresms.com\/\" target=\"_self\">desenvolvedor.suresms.com<\/a><\/h3>\n\t\t\t\t<a href=\"http:\/\/developer.suresms.com\/\" target=\"_self\" itemprop=\"url\">\n\t\t\t\t<img loading=\"lazy\" decoding=\"async\" src=\"https:\/\/suresms.com\/wp-content\/uploads\/2016\/03\/developer-400x250-px.jpg\" alt=\"programador suresms s\u00edtio web para programadores\" itemprop=\"image\" height=\"250\" width=\"400\" title=\"desenvolvedor 400x250 px\" onerror=\"this.style.display='none'\"  \/>\n\t\t\t\t<\/a>\nSureSMS \u00e9 feito por programadores para programadores!<br \/>\nEm developer.suresms.com reunimos documenta\u00e7\u00e3o e exemplos de c\u00f3digo para facilitar a integra\u00e7\u00e3o do nosso gateway no seu sistema.\n\t\t<h3><a href=\"https:\/\/www.youtube.com\/channel\/UC1XGC5rl9mI9ndtBVn8yq7g\" target=\"_self\">Veja os nossos v\u00eddeos de instru\u00e7\u00f5es!<\/a><\/h3>\n\t\t\t\t<a href=\"https:\/\/www.youtube.com\/channel\/UC1XGC5rl9mI9ndtBVn8yq7g\" target=\"_self\" itemprop=\"url\">\n\t\t\t\t<img loading=\"lazy\" decoding=\"async\" src=\"https:\/\/suresms.com\/wp-content\/uploads\/2016\/03\/you-tube400x250px.jpg\" alt=\"suresms sms gateway v\u00eddeos do you tube\" itemprop=\"image\" height=\"250\" width=\"400\" title=\"you tube 400x250px\" onerror=\"this.style.display='none'\"  \/>\n\t\t\t\t<\/a>\n<p>Est\u00e1 a come\u00e7ar a utilizar uma nova funcionalidade? Ou precisa apenas de saber um pouco mais sobre o funcionamento do nosso portal? No Youtube, reunimos os nossos v\u00eddeos de instru\u00e7\u00f5es. Pronto para come\u00e7ar!<\/p>","protected":false},"excerpt":{"rendered":"<p>Monitoriza\u00e7\u00e3o Garantir que as mensagens SMS s\u00e3o enviadas \u00e9 a nossa prioridade n\u00famero um. Ao fornecer um servi\u00e7o de SMS, os sistemas de monitoriza\u00e7\u00e3o s\u00e3o fundamentais para proporcionar um tempo de atividade adequado e garantir que as mensagens s\u00e3o efetivamente enviadas e entregues aos clientes. H\u00e1 demasiadas coisas que podem correr mal quando se envia uma mensagem SMS... <a title=\"Controlo\" class=\"read-more\" href=\"https:\/\/suresms.com\/pt\/om-suresms\/overvagning\/\" aria-label=\"Ler mais sobre Vigil\u00e2ncia\">Rir mas<\/a><\/p>","protected":false},"author":1,"featured_media":0,"parent":18594,"menu_order":16,"comment_status":"closed","ping_status":"closed","template":"","meta":{"_fl_builder_enabled":"1","_fl_builder_data":null,"_fl_builder_draft":null,"_fl_builder_data_settings":null,"_fl_builder_css":"","_fl_builder_css_version":"","_fl_builder_js":"","footnotes":""},"categories":[],"tags":[],"class_list":["post-1449","page","type-page","status-publish"],"yoast_head":"<!-- This site is optimized with the Yoast SEO Premium plugin v27.3 (Yoast SEO v27.3) - https:\/\/yoast.com\/product\/yoast-seo-premium-wordpress\/ -->\r\n<title>SMS Overv\u00e5gning | Fuld overv\u00e5gning og altid vagt 24\/7 \u2713<\/title>\r\n<meta name=\"description\" content=\"Overv\u00e5gning af servere og alle danske operat\u00f8rer 24 \/7 . Altid teknikere p\u00e5 vagt. Vi garanterer optimal kvalitet &amp; levering . H\u00f8j oppetid p\u00e5 99,9 %.\" \/>\r\n<meta name=\"robots\" content=\"index, follow, max-snippet:-1, max-image-preview:large, max-video-preview:-1\" \/>\r\n<link rel=\"canonical\" href=\"https:\/\/suresms.com\/pt\/sobre-o-suresms\/controlo\/\" \/>\r\n<meta property=\"og:locale\" content=\"pt_PT\" \/>\r\n<meta property=\"og:type\" content=\"article\" \/>\r\n<meta property=\"og:title\" content=\"Overv\u00e5gning\" \/>\r\n<meta property=\"og:description\" content=\"Overv\u00e5gning af servere og alle danske operat\u00f8rer 24 \/7 . Altid teknikere p\u00e5 vagt. Vi garanterer optimal kvalitet &amp; levering . H\u00f8j oppetid p\u00e5 99,9 %.\" \/>\r\n<meta property=\"og:url\" content=\"https:\/\/suresms.com\/pt\/sobre-o-suresms\/controlo\/\" \/>\r\n<meta property=\"article:publisher\" content=\"https:\/\/www.facebook.com\/p\/SureSMS-100044607956149\/\" \/>\r\n<meta property=\"article:modified_time\" content=\"2025-01-10T11:01:15+00:00\" \/>\r\n<meta property=\"og:image\" content=\"https:\/\/suresms.com\/wp-content\/uploads\/2016\/03\/Manual-400x250-px1.jpg\" \/>\r\n<meta name=\"twitter:card\" content=\"summary_large_image\" \/>\r\n<meta name=\"twitter:label1\" content=\"Tempo estimado de leitura\" \/>\n\t<meta name=\"twitter:data1\" content=\"3 minutos\" \/>\r\n<script type=\"application\/ld+json\" class=\"yoast-schema-graph\">{\"@context\":\"https:\\\/\\\/schema.org\",\"@graph\":[{\"@type\":\"WebPage\",\"@id\":\"https:\\\/\\\/suresms.com\\\/dk\\\/om-suresms\\\/overvagning\\\/\",\"url\":\"https:\\\/\\\/suresms.com\\\/dk\\\/om-suresms\\\/overvagning\\\/\",\"name\":\"SMS Overv\u00e5gning | Fuld overv\u00e5gning og altid vagt 24\\\/7 \u2713\",\"isPartOf\":{\"@id\":\"https:\\\/\\\/suresms.com\\\/en\\\/#website\"},\"primaryImageOfPage\":{\"@id\":\"https:\\\/\\\/suresms.com\\\/dk\\\/om-suresms\\\/overvagning\\\/#primaryimage\"},\"image\":{\"@id\":\"https:\\\/\\\/suresms.com\\\/dk\\\/om-suresms\\\/overvagning\\\/#primaryimage\"},\"thumbnailUrl\":\"https:\\\/\\\/suresms.com\\\/wp-content\\\/uploads\\\/2016\\\/03\\\/Manual-400x250-px1.jpg\",\"datePublished\":\"2015-12-14T14:52:32+00:00\",\"dateModified\":\"2025-01-10T11:01:15+00:00\",\"description\":\"Overv\u00e5gning af servere og alle danske operat\u00f8rer 24 \\\/7 . Altid teknikere p\u00e5 vagt. Vi garanterer optimal kvalitet & levering . H\u00f8j oppetid p\u00e5 99,9 %.\",\"breadcrumb\":{\"@id\":\"https:\\\/\\\/suresms.com\\\/dk\\\/om-suresms\\\/overvagning\\\/#breadcrumb\"},\"inLanguage\":\"pt-PT\",\"potentialAction\":[{\"@type\":\"ReadAction\",\"target\":[\"https:\\\/\\\/suresms.com\\\/dk\\\/om-suresms\\\/overvagning\\\/\"]}]},{\"@type\":\"ImageObject\",\"inLanguage\":\"pt-PT\",\"@id\":\"https:\\\/\\\/suresms.com\\\/dk\\\/om-suresms\\\/overvagning\\\/#primaryimage\",\"url\":\"https:\\\/\\\/suresms.com\\\/wp-content\\\/uploads\\\/2016\\\/03\\\/Manual-400x250-px1.jpg\",\"contentUrl\":\"https:\\\/\\\/suresms.com\\\/wp-content\\\/uploads\\\/2016\\\/03\\\/Manual-400x250-px1.jpg\"},{\"@type\":\"BreadcrumbList\",\"@id\":\"https:\\\/\\\/suresms.com\\\/dk\\\/om-suresms\\\/overvagning\\\/#breadcrumb\",\"itemListElement\":[{\"@type\":\"ListItem\",\"position\":1,\"name\":\"Home\",\"item\":\"https:\\\/\\\/suresms.com\\\/dk\\\/\"},{\"@type\":\"ListItem\",\"position\":2,\"name\":\"Om SureSMS\",\"item\":\"https:\\\/\\\/suresms.com\\\/dk\\\/om-suresms\\\/\"},{\"@type\":\"ListItem\",\"position\":3,\"name\":\"Overv\u00e5gning\"}]},{\"@type\":\"WebSite\",\"@id\":\"https:\\\/\\\/suresms.com\\\/en\\\/#website\",\"url\":\"https:\\\/\\\/suresms.com\\\/en\\\/\",\"name\":\"SureSMS\",\"description\":\"Professionel SMS Gateway\",\"publisher\":{\"@id\":\"https:\\\/\\\/suresms.com\\\/en\\\/#organization\"},\"potentialAction\":[{\"@type\":\"SearchAction\",\"target\":{\"@type\":\"EntryPoint\",\"urlTemplate\":\"https:\\\/\\\/suresms.com\\\/en\\\/?s={search_term_string}\"},\"query-input\":{\"@type\":\"PropertyValueSpecification\",\"valueRequired\":true,\"valueName\":\"search_term_string\"}}],\"inLanguage\":\"pt-PT\"},{\"@type\":\"Organization\",\"@id\":\"https:\\\/\\\/suresms.com\\\/en\\\/#organization\",\"name\":\"SureSMS\",\"url\":\"https:\\\/\\\/suresms.com\\\/en\\\/\",\"logo\":{\"@type\":\"ImageObject\",\"inLanguage\":\"pt-PT\",\"@id\":\"https:\\\/\\\/suresms.com\\\/en\\\/#\\\/schema\\\/logo\\\/image\\\/\",\"url\":\"https:\\\/\\\/suresms.com\\\/wp-content\\\/uploads\\\/2024\\\/11\\\/suresms-300x65-1.png\",\"contentUrl\":\"https:\\\/\\\/suresms.com\\\/wp-content\\\/uploads\\\/2024\\\/11\\\/suresms-300x65-1.png\",\"width\":300,\"height\":65,\"caption\":\"SureSMS\"},\"image\":{\"@id\":\"https:\\\/\\\/suresms.com\\\/en\\\/#\\\/schema\\\/logo\\\/image\\\/\"},\"sameAs\":[\"https:\\\/\\\/www.facebook.com\\\/p\\\/SureSMS-100044607956149\\\/\"]}]}<\/script>\r\n<!-- \/ Yoast SEO Premium plugin. -->","yoast_head_json":{"title":"Monitoriza\u00e7\u00e3o por SMS | Monitoriza\u00e7\u00e3o total e sempre \u00e0 disposi\u00e7\u00e3o 24\/7 \u2713","description":"Acompanhamento dos servidores e de todos os operadores dinamarqueses 24 horas por dia, 7 dias por semana. T\u00e9cnicos sempre de servi\u00e7o. Garantimos uma qualidade e entrega \u00f3ptimas. 99,9 % de tempo de funcionamento elevado.","robots":{"index":"index","follow":"follow","max-snippet":"max-snippet:-1","max-image-preview":"max-image-preview:large","max-video-preview":"max-video-preview:-1"},"canonical":"https:\/\/suresms.com\/pt\/sobre-o-suresms\/controlo\/","og_locale":"pt_PT","og_type":"article","og_title":"Overv\u00e5gning","og_description":"Overv\u00e5gning af servere og alle danske operat\u00f8rer 24 \/7 . Altid teknikere p\u00e5 vagt. Vi garanterer optimal kvalitet & levering . H\u00f8j oppetid p\u00e5 99,9 %.","og_url":"https:\/\/suresms.com\/pt\/sobre-o-suresms\/controlo\/","article_publisher":"https:\/\/www.facebook.com\/p\/SureSMS-100044607956149\/","article_modified_time":"2025-01-10T11:01:15+00:00","og_image":[{"url":"https:\/\/suresms.com\/wp-content\/uploads\/2016\/03\/Manual-400x250-px1.jpg","type":"","width":"","height":""}],"twitter_card":"summary_large_image","twitter_misc":{"Tempo estimado de leitura":"3 minutos"},"schema":{"@context":"https:\/\/schema.org","@graph":[{"@type":"WebPage","@id":"https:\/\/suresms.com\/dk\/om-suresms\/overvagning\/","url":"https:\/\/suresms.com\/dk\/om-suresms\/overvagning\/","name":"Monitoriza\u00e7\u00e3o por SMS | Monitoriza\u00e7\u00e3o total e sempre \u00e0 disposi\u00e7\u00e3o 24\/7 \u2713","isPartOf":{"@id":"https:\/\/suresms.com\/en\/#website"},"primaryImageOfPage":{"@id":"https:\/\/suresms.com\/dk\/om-suresms\/overvagning\/#primaryimage"},"image":{"@id":"https:\/\/suresms.com\/dk\/om-suresms\/overvagning\/#primaryimage"},"thumbnailUrl":"https:\/\/suresms.com\/wp-content\/uploads\/2016\/03\/Manual-400x250-px1.jpg","datePublished":"2015-12-14T14:52:32+00:00","dateModified":"2025-01-10T11:01:15+00:00","description":"Acompanhamento dos servidores e de todos os operadores dinamarqueses 24 horas por dia, 7 dias por semana. T\u00e9cnicos sempre de servi\u00e7o. Garantimos uma qualidade e entrega \u00f3ptimas. 99,9 % de tempo de funcionamento elevado.","breadcrumb":{"@id":"https:\/\/suresms.com\/dk\/om-suresms\/overvagning\/#breadcrumb"},"inLanguage":"pt-PT","potentialAction":[{"@type":"ReadAction","target":["https:\/\/suresms.com\/dk\/om-suresms\/overvagning\/"]}]},{"@type":"ImageObject","inLanguage":"pt-PT","@id":"https:\/\/suresms.com\/dk\/om-suresms\/overvagning\/#primaryimage","url":"https:\/\/suresms.com\/wp-content\/uploads\/2016\/03\/Manual-400x250-px1.jpg","contentUrl":"https:\/\/suresms.com\/wp-content\/uploads\/2016\/03\/Manual-400x250-px1.jpg"},{"@type":"BreadcrumbList","@id":"https:\/\/suresms.com\/dk\/om-suresms\/overvagning\/#breadcrumb","itemListElement":[{"@type":"ListItem","position":1,"name":"Home","item":"https:\/\/suresms.com\/dk\/"},{"@type":"ListItem","position":2,"name":"Om SureSMS","item":"https:\/\/suresms.com\/dk\/om-suresms\/"},{"@type":"ListItem","position":3,"name":"Overv\u00e5gning"}]},{"@type":"WebSite","@id":"https:\/\/suresms.com\/en\/#website","url":"https:\/\/suresms.com\/en\/","name":"SureSMS","description":"Gateway SMS profissional","publisher":{"@id":"https:\/\/suresms.com\/en\/#organization"},"potentialAction":[{"@type":"SearchAction","target":{"@type":"EntryPoint","urlTemplate":"https:\/\/suresms.com\/en\/?s={search_term_string}"},"query-input":{"@type":"PropertyValueSpecification","valueRequired":true,"valueName":"search_term_string"}}],"inLanguage":"pt-PT"},{"@type":"Organization","@id":"https:\/\/suresms.com\/en\/#organization","name":"SureSMS","url":"https:\/\/suresms.com\/en\/","logo":{"@type":"ImageObject","inLanguage":"pt-PT","@id":"https:\/\/suresms.com\/en\/#\/schema\/logo\/image\/","url":"https:\/\/suresms.com\/wp-content\/uploads\/2024\/11\/suresms-300x65-1.png","contentUrl":"https:\/\/suresms.com\/wp-content\/uploads\/2024\/11\/suresms-300x65-1.png","width":300,"height":65,"caption":"SureSMS"},"image":{"@id":"https:\/\/suresms.com\/en\/#\/schema\/logo\/image\/"},"sameAs":["https:\/\/www.facebook.com\/p\/SureSMS-100044607956149\/"]}]}},"_links":{"self":[{"href":"https:\/\/suresms.com\/pt\/wp-json\/wp\/v2\/pages\/1449","targetHints":{"allow":["GET"]}}],"collection":[{"href":"https:\/\/suresms.com\/pt\/wp-json\/wp\/v2\/pages"}],"about":[{"href":"https:\/\/suresms.com\/pt\/wp-json\/wp\/v2\/types\/page"}],"author":[{"embeddable":true,"href":"https:\/\/suresms.com\/pt\/wp-json\/wp\/v2\/users\/1"}],"replies":[{"embeddable":true,"href":"https:\/\/suresms.com\/pt\/wp-json\/wp\/v2\/comments?post=1449"}],"version-history":[{"count":7,"href":"https:\/\/suresms.com\/pt\/wp-json\/wp\/v2\/pages\/1449\/revisions"}],"predecessor-version":[{"id":21406,"href":"https:\/\/suresms.com\/pt\/wp-json\/wp\/v2\/pages\/1449\/revisions\/21406"}],"up":[{"embeddable":true,"href":"https:\/\/suresms.com\/pt\/wp-json\/wp\/v2\/pages\/18594"}],"wp:attachment":[{"href":"https:\/\/suresms.com\/pt\/wp-json\/wp\/v2\/media?parent=1449"}],"wp:term":[{"taxonomy":"category","embeddable":true,"href":"https:\/\/suresms.com\/pt\/wp-json\/wp\/v2\/categories?post=1449"},{"taxonomy":"post_tag","embeddable":true,"href":"https:\/\/suresms.com\/pt\/wp-json\/wp\/v2\/tags?post=1449"}],"curies":[{"name":"wp","href":"https:\/\/api.w.org\/{rel}","templated":true}]}}