{"id":14437,"date":"2022-02-16T13:45:49","date_gmt":"2022-02-16T11:45:49","guid":{"rendered":"https:\/\/www.suresms.com\/dk\/?page_id=14437"},"modified":"2025-01-05T00:00:36","modified_gmt":"2025-01-05T00:00:36","slug":"cms-sistema-de-gestao-de-conteudos-integracao-de-sms","status":"publish","type":"page","link":"https:\/\/suresms.com\/pt\/integrationer\/cms-content-management-system-sms-integration\/","title":{"rendered":"Integra\u00e7\u00e3o de SMS em sistemas de gest\u00e3o de conte\u00fados (CMS)"},"content":{"rendered":"<!-- Flexy Breadcrumb -->\r\n\t\t\t<div class=\"fbc fbc-page\">\r\n\r\n\t\t\t\t<!-- Breadcrumb wrapper -->\r\n\t\t\t\t<div class=\"fbc-wrap\">\r\n\r\n\t\t\t\t\t<!-- Ordered list-->\r\n\t\t\t\t\t<ol class=\"fbc-items\" itemscope itemtype=\"https:\/\/schema.org\/BreadcrumbList\">\r\n\t\t\t\t\t\t            <li itemprop=\"itemListElement\" itemscope itemtype=\"https:\/\/schema.org\/ListItem\">\r\n                <span itemprop=\"name\">\r\n                    <!-- Home Link -->\r\n                    <a itemprop=\"item\" href=\"https:\/\/suresms.com\/pt\/\">\r\n                    \r\n                                                    <i class=\"fa fa-home\" aria-hidden=\"true\"><\/i>In\u00edcio                    <\/a>\r\n                <\/span>\r\n                <meta itemprop=\"position\" content=\"1\" \/><!-- Meta Position-->\r\n             <\/li><li><span class=\"fbc-separator\">\/<\/span><\/li><li class=\"active\" itemprop=\"itemListElement\" itemscope itemtype=\"https:\/\/schema.org\/ListItem\"><span itemprop=\"name\" title=\"Integra\u00e7\u00e3o de SMS em sistemas de gest\u00e3o de conte\u00fados (CMS)\">Integra\u00e7\u00e3o de SMS para conte\u00fados...<\/span><meta itemprop=\"position\" content=\"2\" \/><\/li>\t\t\t\t\t<\/ol>\r\n\t\t\t\t\t<div class=\"clearfix\"><\/div>\r\n\t\t\t\t<\/div>\r\n\t\t\t<\/div>\r\n\t\t\t\n\t\t<h1><strong>Integra\u00e7\u00e3o de SMS para sistemas de gest\u00e3o de conte\u00fados (CMS)<\/strong><\/h1>\n\t\t\t\t<img loading=\"lazy\" decoding=\"async\" src=\"https:\/\/suresms.com\/wp-content\/uploads\/2022\/02\/ContentManagementSystem-1.png\" alt=\"Sistema de gest\u00e3o de conte\u00fados\" itemprop=\"image\" height=\"440\" width=\"1109\" title=\"Sistema de gest\u00e3o de conte\u00fados\" onerror=\"this.style.display='none'\"  \/>\n\t<h3>Com a integra\u00e7\u00e3o de SMS no seu sistema de gest\u00e3o de conte\u00fados ou sistema CMS, pode comunicar com clientes e funcion\u00e1rios de forma r\u00e1pida e eficiente.<\/h3>\n\t\t<h3>SMS em sistemas CMS<\/h3><p>Existem muitas possibilidades quando liga o seu CMS a um gateway SMS. Pode querer enviar notifica\u00e7\u00f5es aos administradores sobre o registo de novos utilizadores, quando s\u00e3o feitos novos coment\u00e1rios no seu conte\u00fado, quando os utilizadores iniciam sess\u00e3o no seu CMS. Pode tamb\u00e9m integrar-se com, por exemplo, Contact Form 7, WooCommerce e Easy Digital Downloads para receber um SMS quando algu\u00e9m descarrega material.<\/p>\n<p>Existe tamb\u00e9m a op\u00e7\u00e3o \u00f3bvia de os visitantes do seu s\u00edtio Web se inscreverem em boletins informativos por SMS e receberem c\u00f3digos de ativa\u00e7\u00e3o por SMS.<\/p>\n<p>A integra\u00e7\u00e3o com SMS no seu sistema CMS requer que tenha um plug-in para o seu sistema CMS, como o WordPress ou Joomla, e que tenha acesso a um gateway de SMS. O SureSMS \u00e9 um desses gateways.<\/p>\n<p>Nesta p\u00e1gina pode ver uma lista dos plugins para diferentes sistemas CMS que suportam SureSMS como gateway. Antes de o configurar, pode pedir uma conta de avalia\u00e7\u00e3o gratuita do SureSMS para ver se o plugin e o SureSMS juntos podem resolver a sua tarefa espec\u00edfica.<\/p>\n\t<p>Abaixo pode ver algumas das integra\u00e7\u00f5es que j\u00e1 existem entre o SureSMS e os sistemas CMS.<\/p>\n\t\t\t\t<a href=\"https:\/\/suresms.com\/pt\/integracoes\/cms-sistema-de-gestao-de-conteudos-integracao-de-sms\/integracao-wordpress-sms\/\" target=\"_self\" itemprop=\"url\">\n\t\t\t\t<img loading=\"lazy\" decoding=\"async\" src=\"https:\/\/suresms.com\/wp-content\/uploads\/2022\/02\/WpSMS-SureSMS-1-1.png\" alt=\"SMS WordPress com WP-SMS\" itemprop=\"image\" height=\"460\" width=\"1281\" title=\"WpSMS-SureSMS\" onerror=\"this.style.display='none'\"  \/>\n\t\t\t\t<\/a>\n<h3><a href=\"https:\/\/suresms.com\/pt\/integracoes\/cms-sistema-de-gestao-de-conteudos-integracao-de-sms\/integracao-wordpress-sms\/\" target=\"_self\">WP-SMS<\/a><\/h3><p>O WP-SMS \u00e9 um plugin WordPress online gratuito que lhe d\u00e1 muitas op\u00e7\u00f5es para integrar SMS no seu s\u00edtio Web. Listas de SMS, integra\u00e7\u00e3o com WooCommerce, ContactForm7, BuddyPress e muito mais.<\/p>\n\t\t<h3><a href=\"https:\/\/suresms.com\/pt\/integracoes\/cms-sistema-de-gestao-de-conteudos-integracao-de-sms\/solucao-joomla-sms\/\" target=\"_self\">Joomla<\/a><\/h3><p>O SureSMS foi escolhido como um dos gateways de SMS padr\u00e3o que a Acyba utiliza na sua solu\u00e7\u00e3o AcySMS.<\/p>\n<p>O AcySMS \u00e9 uma extens\u00e3o gratuita para o Joomla. A extens\u00e3o est\u00e1 totalmente integrada no seu s\u00edtio Joomla e permite-lhe criar campanhas de acompanhamento, respostas autom\u00e1ticas, boletins informativos, an\u00fancios, promo\u00e7\u00f5es, ofertas e respostas autom\u00e1ticas ...., tudo atrav\u00e9s de SMS.<\/p>","protected":false},"excerpt":{"rendered":"<p>Integra\u00e7\u00e3o de SMS para sistemas de gest\u00e3o de conte\u00fados (CMS) Com a integra\u00e7\u00e3o de SMS no seu sistema de gest\u00e3o de conte\u00fados ou sistema CMS, pode comunicar de forma r\u00e1pida e eficiente com clientes e funcion\u00e1rios. SMS em sistemas CMS Existem muitas possibilidades quando liga o seu sistema CMS a um gateway SMS. Por exemplo, pode querer enviar notifica\u00e7\u00f5es para ... <a title=\"Integra\u00e7\u00e3o de SMS em sistemas de gest\u00e3o de conte\u00fados (CMS)\" class=\"read-more\" href=\"https:\/\/suresms.com\/pt\/integrationer\/cms-content-management-system-sms-integration\/\" aria-label=\"Leia mais sobre Integra\u00e7\u00e3o de SMS em sistemas de gest\u00e3o de conte\u00fados (CMS)\">Rir mas<\/a><\/p>","protected":false},"author":1,"featured_media":0,"parent":9400,"menu_order":1,"comment_status":"closed","ping_status":"closed","template":"","meta":{"_fl_builder_enabled":"1","_fl_builder_data":null,"_fl_builder_draft":null,"_fl_builder_data_settings":null,"_fl_builder_css":"","_fl_builder_css_version":"","_fl_builder_js":"","footnotes":""},"categories":[],"tags":[],"class_list":["post-14437","page","type-page","status-publish"],"yoast_head":"<!-- This site is optimized with the Yoast SEO Premium plugin v27.3 (Yoast SEO v27.3) - https:\/\/yoast.com\/product\/yoast-seo-premium-wordpress\/ -->\r\n<title>SMS integration til Content Management Systemer (CMS systemer) - SMS integrationer til 2000+ systemer<\/title>\r\n<meta name=\"description\" content=\"SMS integrationer med 2000+ systemer. Mange forskellige muligheder og gratis ops\u00e6tning. API, webservice, JSON og meget mere\" \/>\r\n<meta name=\"robots\" content=\"index, follow, max-snippet:-1, max-image-preview:large, max-video-preview:-1\" \/>\r\n<link rel=\"canonical\" href=\"https:\/\/suresms.com\/pt\/integracoes\/cms-sistema-de-gestao-de-conteudos-integracao-de-sms\/\" \/>\r\n<meta property=\"og:locale\" content=\"pt_PT\" \/>\r\n<meta property=\"og:type\" content=\"article\" \/>\r\n<meta property=\"og:title\" content=\"SMS integration til Content Management Systemer (CMS systemer)\" \/>\r\n<meta property=\"og:description\" content=\"SMS integrationer med 2000+ systemer. Mange forskellige muligheder og gratis ops\u00e6tning. API, webservice, JSON og meget mere\" \/>\r\n<meta property=\"og:url\" content=\"https:\/\/suresms.com\/pt\/integracoes\/cms-sistema-de-gestao-de-conteudos-integracao-de-sms\/\" \/>\r\n<meta property=\"article:publisher\" content=\"https:\/\/www.facebook.com\/p\/SureSMS-100044607956149\/\" \/>\r\n<meta property=\"article:modified_time\" content=\"2025-01-05T00:00:36+00:00\" \/>\r\n<meta property=\"og:image\" content=\"https:\/\/suresms.com\/wp-content\/uploads\/2022\/02\/ContentManagementSystem-1.png\" \/>\r\n<meta name=\"twitter:card\" content=\"summary_large_image\" \/>\r\n<meta name=\"twitter:label1\" content=\"Tempo estimado de leitura\" \/>\n\t<meta name=\"twitter:data1\" content=\"6 minutos\" \/>\r\n<script type=\"application\/ld+json\" class=\"yoast-schema-graph\">{\"@context\":\"https:\\\/\\\/schema.org\",\"@graph\":[{\"@type\":\"WebPage\",\"@id\":\"https:\\\/\\\/suresms.com\\\/dk\\\/integrationer\\\/cms-content-management-system-sms-integration\\\/\",\"url\":\"https:\\\/\\\/suresms.com\\\/dk\\\/integrationer\\\/cms-content-management-system-sms-integration\\\/\",\"name\":\"SMS integration til Content Management Systemer (CMS systemer) - SMS integrationer til 2000+ systemer\",\"isPartOf\":{\"@id\":\"https:\\\/\\\/suresms.com\\\/en\\\/#website\"},\"primaryImageOfPage\":{\"@id\":\"https:\\\/\\\/suresms.com\\\/dk\\\/integrationer\\\/cms-content-management-system-sms-integration\\\/#primaryimage\"},\"image\":{\"@id\":\"https:\\\/\\\/suresms.com\\\/dk\\\/integrationer\\\/cms-content-management-system-sms-integration\\\/#primaryimage\"},\"thumbnailUrl\":\"https:\\\/\\\/suresms.com\\\/wp-content\\\/uploads\\\/2022\\\/02\\\/ContentManagementSystem-1.png\",\"datePublished\":\"2022-02-16T11:45:49+00:00\",\"dateModified\":\"2025-01-05T00:00:36+00:00\",\"description\":\"SMS integrationer med 2000+ systemer. Mange forskellige muligheder og gratis ops\u00e6tning. API, webservice, JSON og meget mere\",\"breadcrumb\":{\"@id\":\"https:\\\/\\\/suresms.com\\\/dk\\\/integrationer\\\/cms-content-management-system-sms-integration\\\/#breadcrumb\"},\"inLanguage\":\"pt-PT\",\"potentialAction\":[{\"@type\":\"ReadAction\",\"target\":[\"https:\\\/\\\/suresms.com\\\/dk\\\/integrationer\\\/cms-content-management-system-sms-integration\\\/\"]}]},{\"@type\":\"ImageObject\",\"inLanguage\":\"pt-PT\",\"@id\":\"https:\\\/\\\/suresms.com\\\/dk\\\/integrationer\\\/cms-content-management-system-sms-integration\\\/#primaryimage\",\"url\":\"https:\\\/\\\/suresms.com\\\/wp-content\\\/uploads\\\/2022\\\/02\\\/ContentManagementSystem-1.png\",\"contentUrl\":\"https:\\\/\\\/suresms.com\\\/wp-content\\\/uploads\\\/2022\\\/02\\\/ContentManagementSystem-1.png\"},{\"@type\":\"BreadcrumbList\",\"@id\":\"https:\\\/\\\/suresms.com\\\/dk\\\/integrationer\\\/cms-content-management-system-sms-integration\\\/#breadcrumb\",\"itemListElement\":[{\"@type\":\"ListItem\",\"position\":1,\"name\":\"Home\",\"item\":\"https:\\\/\\\/suresms.com\\\/dk\\\/\"},{\"@type\":\"ListItem\",\"position\":2,\"name\":\"Integrationer\",\"item\":\"https:\\\/\\\/suresms.com\\\/dk\\\/integrationer\\\/\"},{\"@type\":\"ListItem\",\"position\":3,\"name\":\"SMS integration til Content Management Systemer (CMS systemer)\"}]},{\"@type\":\"WebSite\",\"@id\":\"https:\\\/\\\/suresms.com\\\/en\\\/#website\",\"url\":\"https:\\\/\\\/suresms.com\\\/en\\\/\",\"name\":\"SureSMS\",\"description\":\"Professionel SMS Gateway\",\"publisher\":{\"@id\":\"https:\\\/\\\/suresms.com\\\/en\\\/#organization\"},\"potentialAction\":[{\"@type\":\"SearchAction\",\"target\":{\"@type\":\"EntryPoint\",\"urlTemplate\":\"https:\\\/\\\/suresms.com\\\/en\\\/?s={search_term_string}\"},\"query-input\":{\"@type\":\"PropertyValueSpecification\",\"valueRequired\":true,\"valueName\":\"search_term_string\"}}],\"inLanguage\":\"pt-PT\"},{\"@type\":\"Organization\",\"@id\":\"https:\\\/\\\/suresms.com\\\/en\\\/#organization\",\"name\":\"SureSMS\",\"url\":\"https:\\\/\\\/suresms.com\\\/en\\\/\",\"logo\":{\"@type\":\"ImageObject\",\"inLanguage\":\"pt-PT\",\"@id\":\"https:\\\/\\\/suresms.com\\\/en\\\/#\\\/schema\\\/logo\\\/image\\\/\",\"url\":\"https:\\\/\\\/suresms.com\\\/wp-content\\\/uploads\\\/2024\\\/11\\\/suresms-300x65-1.png\",\"contentUrl\":\"https:\\\/\\\/suresms.com\\\/wp-content\\\/uploads\\\/2024\\\/11\\\/suresms-300x65-1.png\",\"width\":300,\"height\":65,\"caption\":\"SureSMS\"},\"image\":{\"@id\":\"https:\\\/\\\/suresms.com\\\/en\\\/#\\\/schema\\\/logo\\\/image\\\/\"},\"sameAs\":[\"https:\\\/\\\/www.facebook.com\\\/p\\\/SureSMS-100044607956149\\\/\"]}]}<\/script>\r\n<!-- \/ Yoast SEO Premium plugin. -->","yoast_head_json":{"title":"Integra\u00e7\u00e3o de SMS para sistemas de gest\u00e3o de conte\u00fados (sistemas CMS) - Integra\u00e7\u00f5es de SMS para mais de 2000 sistemas","description":"Integra\u00e7\u00f5es SMS com mais de 2000 sistemas. Muitas op\u00e7\u00f5es diferentes e configura\u00e7\u00e3o gratuita. API, servi\u00e7o Web, JSON e muito mais","robots":{"index":"index","follow":"follow","max-snippet":"max-snippet:-1","max-image-preview":"max-image-preview:large","max-video-preview":"max-video-preview:-1"},"canonical":"https:\/\/suresms.com\/pt\/integracoes\/cms-sistema-de-gestao-de-conteudos-integracao-de-sms\/","og_locale":"pt_PT","og_type":"article","og_title":"SMS integration til Content Management Systemer (CMS systemer)","og_description":"SMS integrationer med 2000+ systemer. Mange forskellige muligheder og gratis ops\u00e6tning. API, webservice, JSON og meget mere","og_url":"https:\/\/suresms.com\/pt\/integracoes\/cms-sistema-de-gestao-de-conteudos-integracao-de-sms\/","article_publisher":"https:\/\/www.facebook.com\/p\/SureSMS-100044607956149\/","article_modified_time":"2025-01-05T00:00:36+00:00","og_image":[{"url":"https:\/\/suresms.com\/wp-content\/uploads\/2022\/02\/ContentManagementSystem-1.png","type":"","width":"","height":""}],"twitter_card":"summary_large_image","twitter_misc":{"Tempo estimado de leitura":"6 minutos"},"schema":{"@context":"https:\/\/schema.org","@graph":[{"@type":"WebPage","@id":"https:\/\/suresms.com\/dk\/integrationer\/cms-content-management-system-sms-integration\/","url":"https:\/\/suresms.com\/dk\/integrationer\/cms-content-management-system-sms-integration\/","name":"Integra\u00e7\u00e3o de SMS para sistemas de gest\u00e3o de conte\u00fados (sistemas CMS) - Integra\u00e7\u00f5es de SMS para mais de 2000 sistemas","isPartOf":{"@id":"https:\/\/suresms.com\/en\/#website"},"primaryImageOfPage":{"@id":"https:\/\/suresms.com\/dk\/integrationer\/cms-content-management-system-sms-integration\/#primaryimage"},"image":{"@id":"https:\/\/suresms.com\/dk\/integrationer\/cms-content-management-system-sms-integration\/#primaryimage"},"thumbnailUrl":"https:\/\/suresms.com\/wp-content\/uploads\/2022\/02\/ContentManagementSystem-1.png","datePublished":"2022-02-16T11:45:49+00:00","dateModified":"2025-01-05T00:00:36+00:00","description":"Integra\u00e7\u00f5es SMS com mais de 2000 sistemas. Muitas op\u00e7\u00f5es diferentes e configura\u00e7\u00e3o gratuita. API, servi\u00e7o Web, JSON e muito mais","breadcrumb":{"@id":"https:\/\/suresms.com\/dk\/integrationer\/cms-content-management-system-sms-integration\/#breadcrumb"},"inLanguage":"pt-PT","potentialAction":[{"@type":"ReadAction","target":["https:\/\/suresms.com\/dk\/integrationer\/cms-content-management-system-sms-integration\/"]}]},{"@type":"ImageObject","inLanguage":"pt-PT","@id":"https:\/\/suresms.com\/dk\/integrationer\/cms-content-management-system-sms-integration\/#primaryimage","url":"https:\/\/suresms.com\/wp-content\/uploads\/2022\/02\/ContentManagementSystem-1.png","contentUrl":"https:\/\/suresms.com\/wp-content\/uploads\/2022\/02\/ContentManagementSystem-1.png"},{"@type":"BreadcrumbList","@id":"https:\/\/suresms.com\/dk\/integrationer\/cms-content-management-system-sms-integration\/#breadcrumb","itemListElement":[{"@type":"ListItem","position":1,"name":"Home","item":"https:\/\/suresms.com\/dk\/"},{"@type":"ListItem","position":2,"name":"Integrationer","item":"https:\/\/suresms.com\/dk\/integrationer\/"},{"@type":"ListItem","position":3,"name":"SMS integration til Content Management Systemer (CMS systemer)"}]},{"@type":"WebSite","@id":"https:\/\/suresms.com\/en\/#website","url":"https:\/\/suresms.com\/en\/","name":"SureSMS","description":"Gateway SMS profissional","publisher":{"@id":"https:\/\/suresms.com\/en\/#organization"},"potentialAction":[{"@type":"SearchAction","target":{"@type":"EntryPoint","urlTemplate":"https:\/\/suresms.com\/en\/?s={search_term_string}"},"query-input":{"@type":"PropertyValueSpecification","valueRequired":true,"valueName":"search_term_string"}}],"inLanguage":"pt-PT"},{"@type":"Organization","@id":"https:\/\/suresms.com\/en\/#organization","name":"SureSMS","url":"https:\/\/suresms.com\/en\/","logo":{"@type":"ImageObject","inLanguage":"pt-PT","@id":"https:\/\/suresms.com\/en\/#\/schema\/logo\/image\/","url":"https:\/\/suresms.com\/wp-content\/uploads\/2024\/11\/suresms-300x65-1.png","contentUrl":"https:\/\/suresms.com\/wp-content\/uploads\/2024\/11\/suresms-300x65-1.png","width":300,"height":65,"caption":"SureSMS"},"image":{"@id":"https:\/\/suresms.com\/en\/#\/schema\/logo\/image\/"},"sameAs":["https:\/\/www.facebook.com\/p\/SureSMS-100044607956149\/"]}]}},"_links":{"self":[{"href":"https:\/\/suresms.com\/pt\/wp-json\/wp\/v2\/pages\/14437","targetHints":{"allow":["GET"]}}],"collection":[{"href":"https:\/\/suresms.com\/pt\/wp-json\/wp\/v2\/pages"}],"about":[{"href":"https:\/\/suresms.com\/pt\/wp-json\/wp\/v2\/types\/page"}],"author":[{"embeddable":true,"href":"https:\/\/suresms.com\/pt\/wp-json\/wp\/v2\/users\/1"}],"replies":[{"embeddable":true,"href":"https:\/\/suresms.com\/pt\/wp-json\/wp\/v2\/comments?post=14437"}],"version-history":[{"count":3,"href":"https:\/\/suresms.com\/pt\/wp-json\/wp\/v2\/pages\/14437\/revisions"}],"predecessor-version":[{"id":21037,"href":"https:\/\/suresms.com\/pt\/wp-json\/wp\/v2\/pages\/14437\/revisions\/21037"}],"up":[{"embeddable":true,"href":"https:\/\/suresms.com\/pt\/wp-json\/wp\/v2\/pages\/9400"}],"wp:attachment":[{"href":"https:\/\/suresms.com\/pt\/wp-json\/wp\/v2\/media?parent=14437"}],"wp:term":[{"taxonomy":"category","embeddable":true,"href":"https:\/\/suresms.com\/pt\/wp-json\/wp\/v2\/categories?post=14437"},{"taxonomy":"post_tag","embeddable":true,"href":"https:\/\/suresms.com\/pt\/wp-json\/wp\/v2\/tags?post=14437"}],"curies":[{"name":"wp","href":"https:\/\/api.w.org\/{rel}","templated":true}]}}