{"id":1426,"date":"2015-12-14T16:21:44","date_gmt":"2015-12-14T14:21:44","guid":{"rendered":"https:\/\/www.suresms.com\/dk\/?page_id=1426"},"modified":"2024-12-05T15:51:28","modified_gmt":"2024-12-05T15:51:28","slug":"formulario-de-registo-na-web","status":"publish","type":"page","link":"https:\/\/suresms.com\/pt\/funktioner\/web-tilmeldingsformular\/","title":{"rendered":"Formul\u00e1rio de registo WEB"},"content":{"rendered":"<!-- Flexy Breadcrumb -->\r\n\t\t\t<div class=\"fbc fbc-page\">\r\n\r\n\t\t\t\t<!-- Breadcrumb wrapper -->\r\n\t\t\t\t<div class=\"fbc-wrap\">\r\n\r\n\t\t\t\t\t<!-- Ordered list-->\r\n\t\t\t\t\t<ol class=\"fbc-items\" itemscope itemtype=\"https:\/\/schema.org\/BreadcrumbList\">\r\n\t\t\t\t\t\t            <li itemprop=\"itemListElement\" itemscope itemtype=\"https:\/\/schema.org\/ListItem\">\r\n                <span itemprop=\"name\">\r\n                    <!-- Home Link -->\r\n                    <a itemprop=\"item\" href=\"https:\/\/suresms.com\/pt\/\">\r\n                    \r\n                                                    <i class=\"fa fa-home\" aria-hidden=\"true\"><\/i>In\u00edcio                    <\/a>\r\n                <\/span>\r\n                <meta itemprop=\"position\" content=\"1\" \/><!-- Meta Position-->\r\n             <\/li><li><span class=\"fbc-separator\">\/<\/span><\/li><li class=\"active\" itemprop=\"itemListElement\" itemscope itemtype=\"https:\/\/schema.org\/ListItem\"><span itemprop=\"name\" title=\"Formul\u00e1rio de registo WEB\">Formul\u00e1rio de registo WEB<\/span><meta itemprop=\"position\" content=\"2\" \/><\/li>\t\t\t\t\t<\/ol>\r\n\t\t\t\t\t<div class=\"clearfix\"><\/div>\r\n\t\t\t\t<\/div>\r\n\t\t\t<\/div>\r\n\t\t\t\n<h1>\n\t\tListas de inscri\u00e7\u00e3o f\u00e1ceis\n\t<\/h1>\n\t<p>Depois de ter criado um grupo no SureSMS, tamb\u00e9m tem de haver destinat\u00e1rios no grupo. Talvez os tenha noutro sistema e os possa ler atrav\u00e9s de um ficheiro CSV. Talvez os tenha em notas autocolantes e tenha de come\u00e7ar a escrever. Mas h\u00e1 uma forma mais f\u00e1cil.<\/p>\n<p>Se for ao menu Livro de endere\u00e7os - Grupos e selecionar o grupo, pode ver na parte inferior do ecr\u00e3 como adicionar pessoas aos grupos.<\/p>\n<p>Pode faz\u00ea-lo atrav\u00e9s de um c\u00f3digo QR, SMS, correio eletr\u00f3nico e um formul\u00e1rio Web.<\/p>\n<p>Atrav\u00e9s desta simples liga\u00e7\u00e3o, os membros, clientes e amigos podem inscrever-se em listas, boletins informativos, clubes de clientes, eventos... As possibilidades s\u00e3o infinitas. Basta digitar o seu n\u00famero e premir \"Subscrever\" ou \"Anular a subscri\u00e7\u00e3o\". Em seguida, recebe um SMS com um c\u00f3digo PIN para ativar a sua inscri\u00e7\u00e3o na lista. Uma vez introduzido este c\u00f3digo, o utilizador \u00e9 inscrito ou anulado no grupo.<\/p>\n<p>O procedimento \u00e9 simples e \u00e9 executado automaticamente, sem que seja necess\u00e1rio digitar, colar ou efetuar qualquer outro trabalho administrativo.<\/p>\n<p>Desta forma, \u00e9 muito f\u00e1cil conseguir que muitas pessoas se inscrevam.<\/p>\n\t<ul>\n\t\t<li>\t\t\t\t\n\t\t<h3>Receber a inscri\u00e7\u00e3o por SMS<\/h3><p>Pode enviar um SMS para um n\u00famero com a sua palavra-chave personalizada. O utilizador \u00e9 ent\u00e3o automaticamente adicionado \u00e0 lista.\u00a0<\/p><\/li><li>\t\t\t\t\n\t\t<h3>Receber o registo atrav\u00e9s de c\u00f3digo QR<\/h3><p>Pode imprimir um c\u00f3digo QR e coloc\u00e1-lo na caixa registadora. Os seus clientes podem ent\u00e3o inscrever-se na sua lista de SMS enquanto esperam que embrulhe as suas mercadorias.<\/p><\/li><li>\t\t\t\t\n\t\t<h3>Receber a inscri\u00e7\u00e3o atrav\u00e9s do formul\u00e1rio WEB<\/h3><p>Insira facilmente um link na sua pr\u00f3pria p\u00e1gina com um formul\u00e1rio de inscri\u00e7\u00e3o. Pode mesmo estiliz\u00e1-lo com um CSS a condizer.\u00a0<\/p><\/li><li>\t\t\t\t\n\t\t<h3>Adicionar informa\u00e7\u00f5es adicionais<\/h3><p>Se pretender recolher informa\u00e7\u00f5es adicionais no formul\u00e1rio, como o tamanho que vestem, a loja em que se inscreveram ou qualquer outra coisa, isso tamb\u00e9m \u00e9 poss\u00edvel.\u00a0<\/p><\/li>\t<\/ul>\n\t\t<h4>Pretende criar uma conta imediatamente? <\/h4>\n\t\t<p>Estamos prontos e \u00e0 espera de o receber como cliente SureSMS!<\/p>\n\t\t\t<a href=\"https:\/\/suresms.com\/pt\/criar-conta-sms-gateway\/\" target=\"_self\">\n\t\t\t\t\t\t\tCriar uma conta SureSMS!\n\t\t\t\t\t<\/a>\n\t\t<h4>Encomende uma solu\u00e7\u00e3o de 2 vias!<\/h4>\n\t\t<p>J\u00e1 tem uma conta? Encomende uma solu\u00e7\u00e3o bidirecional e obtenha as op\u00e7\u00f5es adicionais que a sua pr\u00f3pria solu\u00e7\u00e3o oferece.<\/p>\n\t\t\t<a href=\"https:\/\/suresms.com\/pt\/encomendar-descarga-de-2-vias\/\" target=\"_self\">\n\t\t\t\t\t\t\tEncomendar solu\u00e7\u00e3o de 2 vias\n\t\t\t\t\t<\/a>","protected":false},"excerpt":{"rendered":"<p>Listas de inscri\u00e7\u00e3o f\u00e1ceis Depois de ter criado um grupo no SureSMS, tamb\u00e9m deve haver alguns destinat\u00e1rios no grupo. Talvez os tenha noutro sistema e os possa ler atrav\u00e9s de um ficheiro CSV. Talvez os tenha em notas autocolantes e precise de come\u00e7ar a escrever. ... <a title=\"Formul\u00e1rio de registo WEB\" class=\"read-more\" href=\"https:\/\/suresms.com\/pt\/funktioner\/web-tilmeldingsformular\/\" aria-label=\"Ler mais sobre o formul\u00e1rio de registo WEB\">Rir mas<\/a><\/p>","protected":false},"author":1,"featured_media":0,"parent":958,"menu_order":13,"comment_status":"closed","ping_status":"closed","template":"","meta":{"_fl_builder_enabled":"1","_fl_builder_data":null,"_fl_builder_draft":null,"_fl_builder_data_settings":null,"_fl_builder_css":"","_fl_builder_css_version":"","_fl_builder_js":"","footnotes":""},"categories":[17],"tags":[],"class_list":{"0":"post-1426","1":"page","2":"type-page","3":"status-publish","5":"category-linkfracornorstone"},"yoast_head":"<!-- This site is optimized with the Yoast SEO Premium plugin v27.3 (Yoast SEO v27.3) - https:\/\/yoast.com\/product\/yoast-seo-premium-wordpress\/ -->\r\n<title>Nem tilmelding til lister Lav webtilmeldingsformular p\u00e5 website<\/title>\r\n<meta name=\"description\" content=\"Opret tilmeldingsformular til dinegruppe-SMS&#039;er p\u00e5 dit website. Lad brugere selv tilmelde sig grupper. Gratis funktion SureSMS gruppeSMS. Kun 18 \u00f8re \/ SMS\" \/>\r\n<meta name=\"robots\" content=\"index, follow, max-snippet:-1, max-image-preview:large, max-video-preview:-1\" \/>\r\n<link rel=\"canonical\" href=\"https:\/\/suresms.com\/pt\/carateristicas\/formulario-de-registo-na-web\/\" \/>\r\n<meta property=\"og:locale\" content=\"pt_PT\" \/>\r\n<meta property=\"og:type\" content=\"article\" \/>\r\n<meta property=\"og:title\" content=\"WEB tilmeldingsformular\" \/>\r\n<meta property=\"og:description\" content=\"Opret tilmeldingsformular til dinegruppe-SMS&#039;er p\u00e5 dit website. Lad brugere selv tilmelde sig grupper. Gratis funktion SureSMS gruppeSMS. Kun 18 \u00f8re \/ SMS\" \/>\r\n<meta property=\"og:url\" content=\"https:\/\/suresms.com\/pt\/carateristicas\/formulario-de-registo-na-web\/\" \/>\r\n<meta property=\"article:publisher\" content=\"https:\/\/www.facebook.com\/p\/SureSMS-100044607956149\/\" \/>\r\n<meta property=\"article:modified_time\" content=\"2024-12-05T15:51:28+00:00\" \/>\r\n<meta name=\"twitter:card\" content=\"summary_large_image\" \/>\r\n<meta name=\"twitter:label1\" content=\"Tempo estimado de leitura\" \/>\n\t<meta name=\"twitter:data1\" content=\"2 minutos\" \/>\r\n<script type=\"application\/ld+json\" class=\"yoast-schema-graph\">{\"@context\":\"https:\\\/\\\/schema.org\",\"@graph\":[{\"@type\":\"WebPage\",\"@id\":\"https:\\\/\\\/suresms.com\\\/dk\\\/funktioner\\\/web-tilmeldingsformular\\\/\",\"url\":\"https:\\\/\\\/suresms.com\\\/dk\\\/funktioner\\\/web-tilmeldingsformular\\\/\",\"name\":\"Nem tilmelding til lister Lav webtilmeldingsformular p\u00e5 website\",\"isPartOf\":{\"@id\":\"https:\\\/\\\/suresms.com\\\/en\\\/#website\"},\"datePublished\":\"2015-12-14T14:21:44+00:00\",\"dateModified\":\"2024-12-05T15:51:28+00:00\",\"description\":\"Opret tilmeldingsformular til dinegruppe-SMS'er p\u00e5 dit website. Lad brugere selv tilmelde sig grupper. Gratis funktion SureSMS gruppeSMS. Kun 18 \u00f8re \\\/ SMS\",\"breadcrumb\":{\"@id\":\"https:\\\/\\\/suresms.com\\\/dk\\\/funktioner\\\/web-tilmeldingsformular\\\/#breadcrumb\"},\"inLanguage\":\"pt-PT\",\"potentialAction\":[{\"@type\":\"ReadAction\",\"target\":[\"https:\\\/\\\/suresms.com\\\/dk\\\/funktioner\\\/web-tilmeldingsformular\\\/\"]}]},{\"@type\":\"BreadcrumbList\",\"@id\":\"https:\\\/\\\/suresms.com\\\/dk\\\/funktioner\\\/web-tilmeldingsformular\\\/#breadcrumb\",\"itemListElement\":[{\"@type\":\"ListItem\",\"position\":1,\"name\":\"Home\",\"item\":\"https:\\\/\\\/suresms.com\\\/dk\\\/\"},{\"@type\":\"ListItem\",\"position\":2,\"name\":\"Funktioner\",\"item\":\"https:\\\/\\\/suresms.com\\\/dk\\\/funktioner\\\/\"},{\"@type\":\"ListItem\",\"position\":3,\"name\":\"WEB tilmeldingsformular\"}]},{\"@type\":\"WebSite\",\"@id\":\"https:\\\/\\\/suresms.com\\\/en\\\/#website\",\"url\":\"https:\\\/\\\/suresms.com\\\/en\\\/\",\"name\":\"SureSMS\",\"description\":\"Professionel SMS Gateway\",\"publisher\":{\"@id\":\"https:\\\/\\\/suresms.com\\\/en\\\/#organization\"},\"potentialAction\":[{\"@type\":\"SearchAction\",\"target\":{\"@type\":\"EntryPoint\",\"urlTemplate\":\"https:\\\/\\\/suresms.com\\\/en\\\/?s={search_term_string}\"},\"query-input\":{\"@type\":\"PropertyValueSpecification\",\"valueRequired\":true,\"valueName\":\"search_term_string\"}}],\"inLanguage\":\"pt-PT\"},{\"@type\":\"Organization\",\"@id\":\"https:\\\/\\\/suresms.com\\\/en\\\/#organization\",\"name\":\"SureSMS\",\"url\":\"https:\\\/\\\/suresms.com\\\/en\\\/\",\"logo\":{\"@type\":\"ImageObject\",\"inLanguage\":\"pt-PT\",\"@id\":\"https:\\\/\\\/suresms.com\\\/en\\\/#\\\/schema\\\/logo\\\/image\\\/\",\"url\":\"https:\\\/\\\/suresms.com\\\/wp-content\\\/uploads\\\/2024\\\/11\\\/suresms-300x65-1.png\",\"contentUrl\":\"https:\\\/\\\/suresms.com\\\/wp-content\\\/uploads\\\/2024\\\/11\\\/suresms-300x65-1.png\",\"width\":300,\"height\":65,\"caption\":\"SureSMS\"},\"image\":{\"@id\":\"https:\\\/\\\/suresms.com\\\/en\\\/#\\\/schema\\\/logo\\\/image\\\/\"},\"sameAs\":[\"https:\\\/\\\/www.facebook.com\\\/p\\\/SureSMS-100044607956149\\\/\"]}]}<\/script>\r\n<!-- \/ Yoast SEO Premium plugin. -->","yoast_head_json":{"title":"Inscri\u00e7\u00e3o f\u00e1cil nas listas Criar um formul\u00e1rio de inscri\u00e7\u00e3o no s\u00edtio Web","description":"Crie um formul\u00e1rio de inscri\u00e7\u00e3o para o seu grupo SMS no seu s\u00edtio Web. Permita que os utilizadores se inscrevam nos grupos. Funcionalidade gratuita de SMS de grupo SureSMS. Apenas 18 \u00a4 \/ SMS","robots":{"index":"index","follow":"follow","max-snippet":"max-snippet:-1","max-image-preview":"max-image-preview:large","max-video-preview":"max-video-preview:-1"},"canonical":"https:\/\/suresms.com\/pt\/carateristicas\/formulario-de-registo-na-web\/","og_locale":"pt_PT","og_type":"article","og_title":"WEB tilmeldingsformular","og_description":"Opret tilmeldingsformular til dinegruppe-SMS'er p\u00e5 dit website. Lad brugere selv tilmelde sig grupper. Gratis funktion SureSMS gruppeSMS. Kun 18 \u00f8re \/ SMS","og_url":"https:\/\/suresms.com\/pt\/carateristicas\/formulario-de-registo-na-web\/","article_publisher":"https:\/\/www.facebook.com\/p\/SureSMS-100044607956149\/","article_modified_time":"2024-12-05T15:51:28+00:00","twitter_card":"summary_large_image","twitter_misc":{"Tempo estimado de leitura":"2 minutos"},"schema":{"@context":"https:\/\/schema.org","@graph":[{"@type":"WebPage","@id":"https:\/\/suresms.com\/dk\/funktioner\/web-tilmeldingsformular\/","url":"https:\/\/suresms.com\/dk\/funktioner\/web-tilmeldingsformular\/","name":"Inscri\u00e7\u00e3o f\u00e1cil nas listas Criar um formul\u00e1rio de inscri\u00e7\u00e3o no s\u00edtio Web","isPartOf":{"@id":"https:\/\/suresms.com\/en\/#website"},"datePublished":"2015-12-14T14:21:44+00:00","dateModified":"2024-12-05T15:51:28+00:00","description":"Crie um formul\u00e1rio de inscri\u00e7\u00e3o para o seu grupo SMS no seu s\u00edtio Web. Permita que os utilizadores se inscrevam nos grupos. Funcionalidade gratuita de SMS de grupo SureSMS. Apenas 18 \u00a4 \/ SMS","breadcrumb":{"@id":"https:\/\/suresms.com\/dk\/funktioner\/web-tilmeldingsformular\/#breadcrumb"},"inLanguage":"pt-PT","potentialAction":[{"@type":"ReadAction","target":["https:\/\/suresms.com\/dk\/funktioner\/web-tilmeldingsformular\/"]}]},{"@type":"BreadcrumbList","@id":"https:\/\/suresms.com\/dk\/funktioner\/web-tilmeldingsformular\/#breadcrumb","itemListElement":[{"@type":"ListItem","position":1,"name":"Home","item":"https:\/\/suresms.com\/dk\/"},{"@type":"ListItem","position":2,"name":"Funktioner","item":"https:\/\/suresms.com\/dk\/funktioner\/"},{"@type":"ListItem","position":3,"name":"WEB tilmeldingsformular"}]},{"@type":"WebSite","@id":"https:\/\/suresms.com\/en\/#website","url":"https:\/\/suresms.com\/en\/","name":"SureSMS","description":"Gateway SMS profissional","publisher":{"@id":"https:\/\/suresms.com\/en\/#organization"},"potentialAction":[{"@type":"SearchAction","target":{"@type":"EntryPoint","urlTemplate":"https:\/\/suresms.com\/en\/?s={search_term_string}"},"query-input":{"@type":"PropertyValueSpecification","valueRequired":true,"valueName":"search_term_string"}}],"inLanguage":"pt-PT"},{"@type":"Organization","@id":"https:\/\/suresms.com\/en\/#organization","name":"SureSMS","url":"https:\/\/suresms.com\/en\/","logo":{"@type":"ImageObject","inLanguage":"pt-PT","@id":"https:\/\/suresms.com\/en\/#\/schema\/logo\/image\/","url":"https:\/\/suresms.com\/wp-content\/uploads\/2024\/11\/suresms-300x65-1.png","contentUrl":"https:\/\/suresms.com\/wp-content\/uploads\/2024\/11\/suresms-300x65-1.png","width":300,"height":65,"caption":"SureSMS"},"image":{"@id":"https:\/\/suresms.com\/en\/#\/schema\/logo\/image\/"},"sameAs":["https:\/\/www.facebook.com\/p\/SureSMS-100044607956149\/"]}]}},"_links":{"self":[{"href":"https:\/\/suresms.com\/pt\/wp-json\/wp\/v2\/pages\/1426","targetHints":{"allow":["GET"]}}],"collection":[{"href":"https:\/\/suresms.com\/pt\/wp-json\/wp\/v2\/pages"}],"about":[{"href":"https:\/\/suresms.com\/pt\/wp-json\/wp\/v2\/types\/page"}],"author":[{"embeddable":true,"href":"https:\/\/suresms.com\/pt\/wp-json\/wp\/v2\/users\/1"}],"replies":[{"embeddable":true,"href":"https:\/\/suresms.com\/pt\/wp-json\/wp\/v2\/comments?post=1426"}],"version-history":[{"count":4,"href":"https:\/\/suresms.com\/pt\/wp-json\/wp\/v2\/pages\/1426\/revisions"}],"predecessor-version":[{"id":19462,"href":"https:\/\/suresms.com\/pt\/wp-json\/wp\/v2\/pages\/1426\/revisions\/19462"}],"up":[{"embeddable":true,"href":"https:\/\/suresms.com\/pt\/wp-json\/wp\/v2\/pages\/958"}],"wp:attachment":[{"href":"https:\/\/suresms.com\/pt\/wp-json\/wp\/v2\/media?parent=1426"}],"wp:term":[{"taxonomy":"category","embeddable":true,"href":"https:\/\/suresms.com\/pt\/wp-json\/wp\/v2\/categories?post=1426"},{"taxonomy":"post_tag","embeddable":true,"href":"https:\/\/suresms.com\/pt\/wp-json\/wp\/v2\/tags?post=1426"}],"curies":[{"name":"wp","href":"https:\/\/api.w.org\/{rel}","templated":true}]}}