{"id":1409,"date":"2015-12-14T16:00:43","date_gmt":"2015-12-14T14:00:43","guid":{"rendered":"https:\/\/www.suresms.com\/dk\/?page_id=1409"},"modified":"2024-12-05T15:40:42","modified_gmt":"2024-12-05T15:40:42","slug":"funcao-sms-para-sms","status":"publish","type":"page","link":"https:\/\/suresms.com\/pt\/funktioner\/sms-til-sms-funktion\/","title":{"rendered":"Fun\u00e7\u00e3o SMS para SMS"},"content":{"rendered":"<!-- Flexy Breadcrumb -->\r\n\t\t\t<div class=\"fbc fbc-page\">\r\n\r\n\t\t\t\t<!-- Breadcrumb wrapper -->\r\n\t\t\t\t<div class=\"fbc-wrap\">\r\n\r\n\t\t\t\t\t<!-- Ordered list-->\r\n\t\t\t\t\t<ol class=\"fbc-items\" itemscope itemtype=\"https:\/\/schema.org\/BreadcrumbList\">\r\n\t\t\t\t\t\t            <li itemprop=\"itemListElement\" itemscope itemtype=\"https:\/\/schema.org\/ListItem\">\r\n                <span itemprop=\"name\">\r\n                    <!-- Home Link -->\r\n                    <a itemprop=\"item\" href=\"https:\/\/suresms.com\/pt\/\">\r\n                    \r\n                                                    <i class=\"fa fa-home\" aria-hidden=\"true\"><\/i>In\u00edcio                    <\/a>\r\n                <\/span>\r\n                <meta itemprop=\"position\" content=\"1\" \/><!-- Meta Position-->\r\n             <\/li><li><span class=\"fbc-separator\">\/<\/span><\/li><li class=\"active\" itemprop=\"itemListElement\" itemscope itemtype=\"https:\/\/schema.org\/ListItem\"><span itemprop=\"name\" title=\"Fun\u00e7\u00e3o SMS para SMS\">Fun\u00e7\u00e3o SMS para SMS<\/span><meta itemprop=\"position\" content=\"2\" \/><\/li>\t\t\t\t\t<\/ol>\r\n\t\t\t\t\t<div class=\"clearfix\"><\/div>\r\n\t\t\t\t<\/div>\r\n\t\t\t<\/div>\r\n\t\t\t\n<h1>\n\t\tFun\u00e7\u00e3o SMS para SMS\n\t<\/h1>\n\t<p>Esta \u00e9 talvez uma das funcionalidades mais avan\u00e7adas do SureSMS. Com a fun\u00e7\u00e3o SMS-to-SMS, \u00e9 poss\u00edvel enviar um SMS para a SureSMS. Este SMS \u00e9 reencaminhado para outro telefone, possivelmente com um remetente diferente.<\/p>\n<h4><strong>Porqu\u00ea?<\/strong><\/h4>\n<p>Se pertence a uma organiza\u00e7\u00e3o e pretende uma solu\u00e7\u00e3o em que todos possam enviar uma mensagem a todos os membros da organiza\u00e7\u00e3o, por exemplo, no \u00e2mbito de eventos, pode faz\u00ea-lo com esta funcionalidade.<\/p>\n<p>Ao criar uma conta na SureSMS e criar um grupo, por exemplo, o Conselho de Administra\u00e7\u00e3o, qualquer pessoa pode enviar um SMS para um n\u00famero com o texto \"Conselho de Administra\u00e7\u00e3o\" seguido da mensagem. A mensagem ser\u00e1 ent\u00e3o reencaminhada para todos os membros do conselho de administra\u00e7\u00e3o.<\/p>\n<p>Isto significa que o membro individual nem sequer precisa de saber o n\u00famero da pessoa a quem enviar. Simples para o remetente e prote\u00e7\u00e3o da privacidade para o destinat\u00e1rio da mensagem.<\/p>\n<p>Outro exemplo \u00e9, por exemplo, uma associa\u00e7\u00e3o de habita\u00e7\u00e3o que est\u00e1 a ser renovada. Com o SMS2SMS, pode dar um n\u00famero e um nome aos construtores. Os construtores podem ent\u00e3o enviar um SMS e todos os membros da organiza\u00e7\u00e3o receber\u00e3o a mensagem.<\/p>\n<h4><strong>SMS2SMS gr\u00e1tis para todos os nossos clientes<\/strong><\/h4>\n<p>A funcionalidade SMS para SMS n\u00e3o tem custos adicionais no SureSMS. Faz parte do nosso servi\u00e7o. No entanto, dependendo dos seus requisitos de palavras-chave, pode ser necess\u00e1rio adquirir uma solu\u00e7\u00e3o de 2 vias. Na SureSMS, cri\u00e1mos esta solu\u00e7\u00e3o para todos os nossos clientes, o que significa que temos uma solu\u00e7\u00e3o de 2 vias que os nossos clientes podem utilizar gratuitamente. MAS, isto tamb\u00e9m significa que \u00e9 partilhada entre clientes. Por conseguinte, s\u00f3 pode obter as palavras-chave que est\u00e3o dispon\u00edveis. Se um cliente j\u00e1 tiver adquirido uma palavra-chave, ter\u00e1 de escolher outra.<\/p>\n<h4><strong>Criar uma solu\u00e7\u00e3o bidirecional para a livre escolha<\/strong><\/h4>\n<p>\u00c9 por isso que alguns clientes optam por comprar a sua pr\u00f3pria solu\u00e7\u00e3o bidirecional. Desta forma, podem escolher livremente as palavras-chave e, possivelmente, tamb\u00e9m o n\u00famero de telem\u00f3vel para o qual a mensagem deve ser enviada. Se comprar a sua pr\u00f3pria solu\u00e7\u00e3o bidirecional, n\u00e3o fica dependente de terceiros, as possibilidades s\u00e3o maiores e o inc\u00f3modo de escolher palavras-chave adequadas a cada ocasi\u00e3o \u00e9 reduzido.<\/p>\n<p>Existem diferentes produtos, mas quer escolha a nossa solu\u00e7\u00e3o SIM alojada ou um Virtual Long Number, tem n\u00fameros ilimitados e uma escolha livre de palavras-chave.<\/p>\n<p>Para mais informa\u00e7\u00f5es sobre as solu\u00e7\u00f5es bidireccionais, ver mais no menu em SMS bidireccionais.<\/p>\n<p>Ver a liga\u00e7\u00e3o aqui para <a title=\"Pre\u00e7os de gateway SMS\" href=\"https:\/\/suresms.com\/pt\/precos-de-gateway-sms\/\">pre\u00e7os actualizados das nossas solu\u00e7\u00f5es de 2 vias.<\/a><\/p>\n\t\t<h4>Pretende criar uma conta imediatamente? <\/h4>\n\t\t<p>Estamos prontos e \u00e0 espera de o receber como cliente SureSMS!<\/p>\n\t\t\t<a href=\"https:\/\/suresms.com\/pt\/criar-conta-sms-gateway\/\" target=\"_self\">\n\t\t\t\t\t\t\tCriar uma conta SureSMS!\n\t\t\t\t\t<\/a>\n\t\t<h4>Encomende uma solu\u00e7\u00e3o de 2 vias!<\/h4>\n\t\t<p>J\u00e1 tem uma conta? Encomende uma solu\u00e7\u00e3o bidirecional e obtenha as op\u00e7\u00f5es adicionais que a sua pr\u00f3pria solu\u00e7\u00e3o oferece.\u00a0<\/p>\n\t\t\t<a href=\"https:\/\/suresms.com\/pt\/encomendar-descarga-de-2-vias\/\" target=\"_self\">\n\t\t\t\t\t\t\tEncomendar solu\u00e7\u00e3o de 2 vias\n\t\t\t\t\t<\/a>\n\t<h4><strong>Aqui pode ler um exemplo de como os nossos clientes utilizam o SMS2SMS atualmente<\/strong><\/h4>\n<ul>\n<li>Desenvolvemos a nossa solu\u00e7\u00e3o SMS2SMS para uma empresa de arquitetura dinamarquesa. A empresa pretendia uma solu\u00e7\u00e3o SMS que pudesse ser utilizada nos seus projectos de constru\u00e7\u00e3o. A solu\u00e7\u00e3o facilitaria a comunica\u00e7\u00e3o e permitiria que os empreiteiros e subempreiteiros comunicassem com os residentes sobre o progresso dos projectos de constru\u00e7\u00e3o, ofertas e muito mais. Ao mesmo tempo, a empresa de arquitetura pretendia uma solu\u00e7\u00e3o em que os residentes pudessem subscrever o fluxo de informa\u00e7\u00e3o.\u00a0 <br \/><strong>A SureSMS desenvolveu o produto SMS2SMS para arquitectos<\/strong>. Qualquer pessoa pode enviar informa\u00e7\u00f5es para a solu\u00e7\u00e3o atrav\u00e9s de um \u00fanico SMS e os residentes podem inscrever-se atrav\u00e9s de palavras-chave.<\/li>\n<\/ul>\n<p>\u00a0<\/p>","protected":false},"excerpt":{"rendered":"<p>Fun\u00e7\u00e3o SMS para SMS Esta \u00e9 talvez uma das fun\u00e7\u00f5es mais avan\u00e7adas do SureSMS. Com a fun\u00e7\u00e3o SMS para SMS, \u00e9 poss\u00edvel enviar um SMS para o SureSMS. Este SMS \u00e9 reencaminhado para outro telefone, possivelmente com um remetente diferente. Porqu\u00ea fazer isto? Se pertence a uma organiza\u00e7\u00e3o e pretende uma solu\u00e7\u00e3o que... <a title=\"Fun\u00e7\u00e3o SMS para SMS\" class=\"read-more\" href=\"https:\/\/suresms.com\/pt\/funktioner\/sms-til-sms-funktion\/\" aria-label=\"Leia mais sobre a fun\u00e7\u00e3o SMS para SMS\">Rir mas<\/a><\/p>","protected":false},"author":1,"featured_media":0,"parent":958,"menu_order":3,"comment_status":"closed","ping_status":"closed","template":"","meta":{"_fl_builder_enabled":"1","_fl_builder_data":null,"_fl_builder_draft":null,"_fl_builder_data_settings":null,"_fl_builder_css":"","_fl_builder_css_version":"","_fl_builder_js":"","footnotes":""},"categories":[17],"tags":[],"class_list":{"0":"post-1409","1":"page","2":"type-page","3":"status-publish","5":"category-linkfracornorstone"},"yoast_head":"<!-- This site is optimized with the Yoast SEO Premium plugin v27.3 (Yoast SEO v27.3) - https:\/\/yoast.com\/product\/yoast-seo-premium-wordpress\/ -->\r\n<title>SMS til SMS funktion - SureSMS. NYT avanceret produkt - tilmeld selv<\/title>\r\n<meta name=\"description\" content=\"SMS til SMS. Send informationer til grupper uden at kende kontakternes identitet. Godt til f.x underlevand\u00f8rer. 2-vejsl\u00f8sning, hvortil man kan sende tilbud\" \/>\r\n<meta name=\"robots\" content=\"index, follow, max-snippet:-1, max-image-preview:large, max-video-preview:-1\" \/>\r\n<link rel=\"canonical\" href=\"https:\/\/suresms.com\/pt\/carateristicas\/funcao-sms-para-sms\/\" \/>\r\n<meta property=\"og:locale\" content=\"pt_PT\" \/>\r\n<meta property=\"og:type\" content=\"article\" \/>\r\n<meta property=\"og:title\" content=\"SMS til SMS funktion\" \/>\r\n<meta property=\"og:description\" content=\"SMS til SMS. Send informationer til grupper uden at kende kontakternes identitet. Godt til f.x underlevand\u00f8rer. 2-vejsl\u00f8sning, hvortil man kan sende tilbud\" \/>\r\n<meta property=\"og:url\" content=\"https:\/\/suresms.com\/pt\/carateristicas\/funcao-sms-para-sms\/\" \/>\r\n<meta property=\"article:publisher\" content=\"https:\/\/www.facebook.com\/p\/SureSMS-100044607956149\/\" \/>\r\n<meta property=\"article:modified_time\" content=\"2024-12-05T15:40:42+00:00\" \/>\r\n<meta name=\"twitter:card\" content=\"summary_large_image\" \/>\r\n<meta name=\"twitter:label1\" content=\"Tempo estimado de leitura\" \/>\n\t<meta name=\"twitter:data1\" content=\"4 minutos\" \/>\r\n<script type=\"application\/ld+json\" class=\"yoast-schema-graph\">{\"@context\":\"https:\\\/\\\/schema.org\",\"@graph\":[{\"@type\":\"WebPage\",\"@id\":\"https:\\\/\\\/suresms.com\\\/dk\\\/funktioner\\\/sms-til-sms-funktion\\\/\",\"url\":\"https:\\\/\\\/suresms.com\\\/dk\\\/funktioner\\\/sms-til-sms-funktion\\\/\",\"name\":\"SMS til SMS funktion - SureSMS. NYT avanceret produkt - tilmeld selv\",\"isPartOf\":{\"@id\":\"https:\\\/\\\/suresms.com\\\/en\\\/#website\"},\"datePublished\":\"2015-12-14T14:00:43+00:00\",\"dateModified\":\"2024-12-05T15:40:42+00:00\",\"description\":\"SMS til SMS. Send informationer til grupper uden at kende kontakternes identitet. Godt til f.x underlevand\u00f8rer. 2-vejsl\u00f8sning, hvortil man kan sende tilbud\",\"breadcrumb\":{\"@id\":\"https:\\\/\\\/suresms.com\\\/dk\\\/funktioner\\\/sms-til-sms-funktion\\\/#breadcrumb\"},\"inLanguage\":\"pt-PT\",\"potentialAction\":[{\"@type\":\"ReadAction\",\"target\":[\"https:\\\/\\\/suresms.com\\\/dk\\\/funktioner\\\/sms-til-sms-funktion\\\/\"]}]},{\"@type\":\"BreadcrumbList\",\"@id\":\"https:\\\/\\\/suresms.com\\\/dk\\\/funktioner\\\/sms-til-sms-funktion\\\/#breadcrumb\",\"itemListElement\":[{\"@type\":\"ListItem\",\"position\":1,\"name\":\"Home\",\"item\":\"https:\\\/\\\/suresms.com\\\/dk\\\/\"},{\"@type\":\"ListItem\",\"position\":2,\"name\":\"Funktioner\",\"item\":\"https:\\\/\\\/suresms.com\\\/dk\\\/funktioner\\\/\"},{\"@type\":\"ListItem\",\"position\":3,\"name\":\"SMS til SMS funktion\"}]},{\"@type\":\"WebSite\",\"@id\":\"https:\\\/\\\/suresms.com\\\/en\\\/#website\",\"url\":\"https:\\\/\\\/suresms.com\\\/en\\\/\",\"name\":\"SureSMS\",\"description\":\"Professionel SMS Gateway\",\"publisher\":{\"@id\":\"https:\\\/\\\/suresms.com\\\/en\\\/#organization\"},\"potentialAction\":[{\"@type\":\"SearchAction\",\"target\":{\"@type\":\"EntryPoint\",\"urlTemplate\":\"https:\\\/\\\/suresms.com\\\/en\\\/?s={search_term_string}\"},\"query-input\":{\"@type\":\"PropertyValueSpecification\",\"valueRequired\":true,\"valueName\":\"search_term_string\"}}],\"inLanguage\":\"pt-PT\"},{\"@type\":\"Organization\",\"@id\":\"https:\\\/\\\/suresms.com\\\/en\\\/#organization\",\"name\":\"SureSMS\",\"url\":\"https:\\\/\\\/suresms.com\\\/en\\\/\",\"logo\":{\"@type\":\"ImageObject\",\"inLanguage\":\"pt-PT\",\"@id\":\"https:\\\/\\\/suresms.com\\\/en\\\/#\\\/schema\\\/logo\\\/image\\\/\",\"url\":\"https:\\\/\\\/suresms.com\\\/wp-content\\\/uploads\\\/2024\\\/11\\\/suresms-300x65-1.png\",\"contentUrl\":\"https:\\\/\\\/suresms.com\\\/wp-content\\\/uploads\\\/2024\\\/11\\\/suresms-300x65-1.png\",\"width\":300,\"height\":65,\"caption\":\"SureSMS\"},\"image\":{\"@id\":\"https:\\\/\\\/suresms.com\\\/en\\\/#\\\/schema\\\/logo\\\/image\\\/\"},\"sameAs\":[\"https:\\\/\\\/www.facebook.com\\\/p\\\/SureSMS-100044607956149\\\/\"]}]}<\/script>\r\n<!-- \/ Yoast SEO Premium plugin. -->","yoast_head_json":{"title":"Fun\u00e7\u00e3o SMS para SMS - SureSMS. NOVO produto avan\u00e7ado - registe-se","description":"SMS para SMS. Enviar informa\u00e7\u00f5es a grupos sem conhecer a identidade dos contactos. Ideal para, por exemplo, subcontratantes. Solu\u00e7\u00e3o bidirecional para a qual pode enviar ofertas","robots":{"index":"index","follow":"follow","max-snippet":"max-snippet:-1","max-image-preview":"max-image-preview:large","max-video-preview":"max-video-preview:-1"},"canonical":"https:\/\/suresms.com\/pt\/carateristicas\/funcao-sms-para-sms\/","og_locale":"pt_PT","og_type":"article","og_title":"SMS til SMS funktion","og_description":"SMS til SMS. Send informationer til grupper uden at kende kontakternes identitet. Godt til f.x underlevand\u00f8rer. 2-vejsl\u00f8sning, hvortil man kan sende tilbud","og_url":"https:\/\/suresms.com\/pt\/carateristicas\/funcao-sms-para-sms\/","article_publisher":"https:\/\/www.facebook.com\/p\/SureSMS-100044607956149\/","article_modified_time":"2024-12-05T15:40:42+00:00","twitter_card":"summary_large_image","twitter_misc":{"Tempo estimado de leitura":"4 minutos"},"schema":{"@context":"https:\/\/schema.org","@graph":[{"@type":"WebPage","@id":"https:\/\/suresms.com\/dk\/funktioner\/sms-til-sms-funktion\/","url":"https:\/\/suresms.com\/dk\/funktioner\/sms-til-sms-funktion\/","name":"Fun\u00e7\u00e3o SMS para SMS - SureSMS. NOVO produto avan\u00e7ado - registe-se","isPartOf":{"@id":"https:\/\/suresms.com\/en\/#website"},"datePublished":"2015-12-14T14:00:43+00:00","dateModified":"2024-12-05T15:40:42+00:00","description":"SMS para SMS. Enviar informa\u00e7\u00f5es a grupos sem conhecer a identidade dos contactos. Ideal para, por exemplo, subcontratantes. Solu\u00e7\u00e3o bidirecional para a qual pode enviar ofertas","breadcrumb":{"@id":"https:\/\/suresms.com\/dk\/funktioner\/sms-til-sms-funktion\/#breadcrumb"},"inLanguage":"pt-PT","potentialAction":[{"@type":"ReadAction","target":["https:\/\/suresms.com\/dk\/funktioner\/sms-til-sms-funktion\/"]}]},{"@type":"BreadcrumbList","@id":"https:\/\/suresms.com\/dk\/funktioner\/sms-til-sms-funktion\/#breadcrumb","itemListElement":[{"@type":"ListItem","position":1,"name":"Home","item":"https:\/\/suresms.com\/dk\/"},{"@type":"ListItem","position":2,"name":"Funktioner","item":"https:\/\/suresms.com\/dk\/funktioner\/"},{"@type":"ListItem","position":3,"name":"SMS til SMS funktion"}]},{"@type":"WebSite","@id":"https:\/\/suresms.com\/en\/#website","url":"https:\/\/suresms.com\/en\/","name":"SureSMS","description":"Gateway SMS profissional","publisher":{"@id":"https:\/\/suresms.com\/en\/#organization"},"potentialAction":[{"@type":"SearchAction","target":{"@type":"EntryPoint","urlTemplate":"https:\/\/suresms.com\/en\/?s={search_term_string}"},"query-input":{"@type":"PropertyValueSpecification","valueRequired":true,"valueName":"search_term_string"}}],"inLanguage":"pt-PT"},{"@type":"Organization","@id":"https:\/\/suresms.com\/en\/#organization","name":"SureSMS","url":"https:\/\/suresms.com\/en\/","logo":{"@type":"ImageObject","inLanguage":"pt-PT","@id":"https:\/\/suresms.com\/en\/#\/schema\/logo\/image\/","url":"https:\/\/suresms.com\/wp-content\/uploads\/2024\/11\/suresms-300x65-1.png","contentUrl":"https:\/\/suresms.com\/wp-content\/uploads\/2024\/11\/suresms-300x65-1.png","width":300,"height":65,"caption":"SureSMS"},"image":{"@id":"https:\/\/suresms.com\/en\/#\/schema\/logo\/image\/"},"sameAs":["https:\/\/www.facebook.com\/p\/SureSMS-100044607956149\/"]}]}},"_links":{"self":[{"href":"https:\/\/suresms.com\/pt\/wp-json\/wp\/v2\/pages\/1409","targetHints":{"allow":["GET"]}}],"collection":[{"href":"https:\/\/suresms.com\/pt\/wp-json\/wp\/v2\/pages"}],"about":[{"href":"https:\/\/suresms.com\/pt\/wp-json\/wp\/v2\/types\/page"}],"author":[{"embeddable":true,"href":"https:\/\/suresms.com\/pt\/wp-json\/wp\/v2\/users\/1"}],"replies":[{"embeddable":true,"href":"https:\/\/suresms.com\/pt\/wp-json\/wp\/v2\/comments?post=1409"}],"version-history":[{"count":1,"href":"https:\/\/suresms.com\/pt\/wp-json\/wp\/v2\/pages\/1409\/revisions"}],"predecessor-version":[{"id":19474,"href":"https:\/\/suresms.com\/pt\/wp-json\/wp\/v2\/pages\/1409\/revisions\/19474"}],"up":[{"embeddable":true,"href":"https:\/\/suresms.com\/pt\/wp-json\/wp\/v2\/pages\/958"}],"wp:attachment":[{"href":"https:\/\/suresms.com\/pt\/wp-json\/wp\/v2\/media?parent=1409"}],"wp:term":[{"taxonomy":"category","embeddable":true,"href":"https:\/\/suresms.com\/pt\/wp-json\/wp\/v2\/categories?post=1409"},{"taxonomy":"post_tag","embeddable":true,"href":"https:\/\/suresms.com\/pt\/wp-json\/wp\/v2\/tags?post=1409"}],"curies":[{"name":"wp","href":"https:\/\/api.w.org\/{rel}","templated":true}]}}