{"id":13808,"date":"2021-10-28T16:51:04","date_gmt":"2021-10-28T14:51:04","guid":{"rendered":"https:\/\/www.suresms.com\/dk\/?page_id=13808"},"modified":"2025-03-16T07:21:56","modified_gmt":"2025-03-16T07:21:56","slug":"mail_e_calendar","status":"publish","type":"page","link":"https:\/\/suresms.com\/pt\/integrationer\/mail_og_kalender\/","title":{"rendered":"Integra\u00e7\u00e3o com sistemas de correio e calend\u00e1rio"},"content":{"rendered":"\n\n\t\t\t\t<!-- Flexy Breadcrumb -->\r\n\t\t\t<div class=\"fbc fbc-page\">\r\n\r\n\t\t\t\t<!-- Breadcrumb wrapper -->\r\n\t\t\t\t<div class=\"fbc-wrap\">\r\n\r\n\t\t\t\t\t<!-- Ordered list-->\r\n\t\t\t\t\t<ol class=\"fbc-items\" itemscope itemtype=\"https:\/\/schema.org\/BreadcrumbList\">\r\n\t\t\t\t\t\t            <li itemprop=\"itemListElement\" itemscope itemtype=\"https:\/\/schema.org\/ListItem\">\r\n                <span itemprop=\"name\">\r\n                    <!-- Home Link -->\r\n                    <a itemprop=\"item\" href=\"https:\/\/suresms.com\">\r\n                    \r\n                                                    <i class=\"fa fa-home\" aria-hidden=\"true\"><\/i>Home                    <\/a>\r\n                <\/span>\r\n                <meta itemprop=\"position\" content=\"1\" \/><!-- Meta Position-->\r\n             <\/li><li><span class=\"fbc-separator\">\/<\/span><\/li><li class=\"active\" itemprop=\"itemListElement\" itemscope itemtype=\"https:\/\/schema.org\/ListItem\"><span itemprop=\"name\" title=\"Integration til mail- og kalender systemer\">Integration til mail- og...<\/span><meta itemprop=\"position\" content=\"2\" \/><\/li>\t\t\t\t\t<\/ol>\r\n\t\t\t\t\t<div class=\"clearfix\"><\/div>\r\n\t\t\t\t<\/div>\r\n\t\t\t<\/div>\r\n\t\t\t\n\t\t<h1><strong>SMS integration til mail- og kalender systemer<\/strong><\/h1>\n\t\t\t\t<img loading=\"lazy\" decoding=\"async\" src=\"https:\/\/suresms.com\/wp-content\/uploads\/2021\/10\/mailsystems-1.png\" alt=\"mailsystems\" itemprop=\"image\" height=\"709\" width=\"1920\" title=\"mailsystems\" onerror=\"this.style.display='none'\"  \/>\n\t<h3>Med SMS integration til dit mail og kalender system kan du hurtigt og effektivt kommunikere med kunder eller medarbejdere. V\u00e6r sikker p\u00e5 at kunden kommer til tiden eller at medarbejderne f\u00e5r beskeden og meget mere.<\/h3>\n\t\t<h3>SMS i mail- og kalendersystemer<\/h3><p>De fleste virksomheder, hvis ikke alle, har i dag et kalender og mail system. Det er ofte bundet sammen s\u00e5 der kun er et system. Det kan v\u00e6re Microsoft Outlook, Google Office eller Yahoo. Der findes mange flere end dem.<\/p>\n<p>Hvis man i virksomheden bruger kalenderen til at booke m\u00f8der med kunderne kan det v\u00e6re effektivt og smart at s\u00e6tte en SMS l\u00f8sning om sammen med kalendersystemet. Kalendersystemerne kan sende en s\u00e5kaldt .ics fil til kunden, s\u00e5 de kan klikke p\u00e5 den og f\u00e5 aftalen i kalenderen med det samme.<\/p>\n<p>Med en SMS integration til kalendersystemet kan man ogs\u00e5 sende en SMS til kunden &#8211; eller medarbejderen &#8211; f.eks. 2 timer f\u00f8r m\u00f8det. P\u00e5 den m\u00e5de kan man hj\u00e6lpe med at huske aftalen.<\/p>\n\t\t\t\t<img loading=\"lazy\" decoding=\"async\" src=\"https:\/\/suresms.com\/wp-content\/uploads\/2021\/10\/mail2sms-1.png\" alt=\"mail2sms\" itemprop=\"image\" height=\"640\" width=\"800\" title=\"mail2sms\" onerror=\"this.style.display='none'\"  \/>\n\t\t<h3>Mail2SMS<\/h3><p>Der findes mange m\u00e5der at lave integration mellem mail systemer og SMS systemer. Den mest enkle er at bruge en s\u00e5kaldt mail2sms l\u00f8sning. Her sender man simpelthen en mail til en SMS gateway og SMS gatewayen sender s\u00e5 beskeden videre til mobiltelefonen. SureSMS har en mail2sms l\u00f8sning. Som en af de eneste i Danmark har vi ogs\u00e5 en sms2mail l\u00f8sning. Det siger selv at her g\u00e5r beskeden den anden vej. N\u00e5r modtageren besvarer SMS&#8217;en s\u00e5 modtager du den p\u00e5 mail. Du kan bare trykke besvar i dit mail-program og din besked bliver sendt til telefonen.<\/p>\n\t\t<h3>iCalendar<\/h3><p>iCal er et internet format. En international standard for at tilg\u00e5 kalendere p\u00e5 internettet. SureSMS har ogs\u00e5 en l\u00f8sning til at l\u00e6se disse iCal og sende SMS&#8217;er p\u00e5 en effektiv m\u00e5de. N\u00e5r det er sat op skal du ikke t\u00e6nke p\u00e5 noget &#8211; s\u00e5 henter SureSMS automatisk ny aftaler og sender SMS&#8217;er ud til deltagerne. Ulempen ved denne l\u00f8sning er imidlertid at den er lidt kompliceret at s\u00e6tte op.<\/p>\n\t\t\t\t<img loading=\"lazy\" decoding=\"async\" src=\"https:\/\/suresms.com\/wp-content\/uploads\/2021\/10\/iCalendar-1.png\" alt=\"iCalendar\" itemprop=\"image\" height=\"720\" width=\"720\" title=\"iCalendar\" onerror=\"this.style.display='none'\"  \/>\n\t\n<div class=\"wpcf7 no-js\" id=\"wpcf7-f3509-o1\" lang=\"en-US\" dir=\"ltr\" data-wpcf7-id=\"3509\">\n<div class=\"screen-reader-response\"><p role=\"status\" aria-live=\"polite\" aria-atomic=\"true\"><\/p> <ul><\/ul><\/div>\n<form action=\"\/pt\/wp-json\/wp\/v2\/pages\/13808#wpcf7-f3509-o1\" method=\"post\" class=\"wpcf7-form init\" aria-label=\"Contact form\" novalidate=\"novalidate\" data-status=\"init\">\n<fieldset class=\"hidden-fields-container\"><input type=\"hidden\" name=\"_wpcf7\" value=\"3509\" \/><input type=\"hidden\" name=\"_wpcf7_version\" value=\"6.1.5\" \/><input type=\"hidden\" name=\"_wpcf7_locale\" value=\"en_US\" \/><input type=\"hidden\" name=\"_wpcf7_unit_tag\" value=\"wpcf7-f3509-o1\" \/><input type=\"hidden\" name=\"_wpcf7_container_post\" value=\"0\" \/><input type=\"hidden\" name=\"_wpcf7_posted_data_hash\" value=\"\" \/>\n<\/fieldset>\n<p>Bestil en gratis test-konto nu!!\n<\/p>\n<p><span class=\"wpcf7-form-control-wrap\" data-name=\"your-name\"><input size=\"40\" maxlength=\"400\" class=\"wpcf7-form-control wpcf7-text wpcf7-validates-as-required\" aria-required=\"true\" aria-invalid=\"false\" placeholder=\"Firmanavn*\" value=\"\" type=\"text\" name=\"your-name\" \/><\/span>\n<\/p>\n<p><span class=\"wpcf7-form-control-wrap\" data-name=\"dit-navn\"><input size=\"40\" maxlength=\"400\" class=\"wpcf7-form-control wpcf7-text wpcf7-validates-as-required\" aria-required=\"true\" aria-invalid=\"false\" placeholder=\"Dit navn*\" value=\"\" type=\"text\" name=\"dit-navn\" \/><\/span>\n<\/p>\n<p><span class=\"wpcf7-form-control-wrap\" data-name=\"emailaddress\"><input size=\"40\" maxlength=\"400\" class=\"wpcf7-form-control wpcf7-email wpcf7-validates-as-required wpcf7-text wpcf7-validates-as-email\" aria-required=\"true\" aria-invalid=\"false\" placeholder=\"E-mail*\" value=\"\" type=\"email\" name=\"emailaddress\" \/><\/span>\n<\/p>\n<div style=\"display:flex;\">\n\t<p><span class=\"wpcf7-form-control-wrap\" data-name=\"CountryCode\"><select class=\"wpcf7-form-control wpcf7-select wpcf7-validates-as-required\" aria-required=\"true\" aria-invalid=\"false\" name=\"CountryCode\"><option value=\"DK (+45)\">DK (+45)<\/option><option value=\"SE (+46)\">SE (+46)<\/option><option value=\"NO (+47)\">NO (+47)<\/option><option value=\"DE (+49)\">DE (+49)<\/option><option value=\"KN (+299)\">KN (+299)<\/option><option value=\"FO (+298)\">FO (+298)<\/option><\/select><\/span> &nbsp;&nbsp; <span class=\"wpcf7-form-control-wrap\" data-name=\"Phonenumber\"><input size=\"14\" maxlength=\"400\" class=\"wpcf7-form-control wpcf7-tel wpcf7-validates-as-required wpcf7-text wpcf7-validates-as-tel\" aria-required=\"true\" aria-invalid=\"false\" placeholder=\"Mobil nummer*\" value=\"\" type=\"tel\" name=\"Phonenumber\" \/><\/span>\n\t<\/p>\n<\/div>\n<p>Password sendes med SMS til dette nummer.\n<\/p>\n<p> Anvendelse:&nbsp;&nbsp;&nbsp;&nbsp;&nbsp;&nbsp;&nbsp;&nbsp;&nbsp;&nbsp; <span class=\"wpcf7-form-control-wrap\" data-name=\"Anvendelse\"><select class=\"wpcf7-form-control wpcf7-select wpcf7-validates-as-required\" id=\"Anvendelse\" aria-required=\"true\" aria-invalid=\"false\" name=\"Anvendelse\"><option value=\"\">&#8212;Please choose an option&#8212;<\/option><option value=\"Forening\">Forening<\/option><option value=\"Virksomhed\">Virksomhed<\/option><option value=\"Myndighed\">Myndighed<\/option><option value=\"Andet\">Andet<\/option><\/select><\/span>\n<\/p>\n<p><span class=\"wpcf7-form-control-wrap\" data-name=\"api\"><span class=\"wpcf7-form-control wpcf7-checkbox\"><span class=\"wpcf7-list-item first last\"><label><input type=\"checkbox\" name=\"api[]\" value=\"Jeg er softwareudvikler\" \/><span class=\"wpcf7-list-item-label\">Jeg er softwareudvikler<\/span><\/label><\/span><\/span><\/span>\n<\/p>\n<input class=\"wpcf7-form-control wpcf7-hidden\" value=\"\" type=\"hidden\" name=\"text\" \/>\n<p><div class=\"cf7-cf-turnstile\" style=\"margin-top: 0px; margin-bottom: -15px;\"> <div id=\"cf-turnstile-cf7-2151768478\" class=\"cf-turnstile\" data-sitekey=\"0x4AAAAAAB8YGArd9ML-HbMW\" data-theme=\"light\" data-language=\"auto\" data-size=\"normal\" data-retry=\"auto\" data-retry-interval=\"1000\" data-refresh-expired=\"auto\" data-action=\"contact-form-7\" data-appearance=\"always\"><\/div> <script>document.addEventListener(\"DOMContentLoaded\", function() { setTimeout(function(){ var e=document.getElementById(\"cf-turnstile-cf7-2151768478\"); e&&!e.innerHTML.trim()&&(turnstile.remove(\"#cf-turnstile-cf7-2151768478\"), turnstile.render(\"#cf-turnstile-cf7-2151768478\", {sitekey:\"0x4AAAAAAB8YGArd9ML-HbMW\"})); }, 100); });<\/script> <br class=\"cf-turnstile-br cf-turnstile-br-cf7-2151768478\"> <style>#cf-turnstile-cf7-2151768478 { margin-left: -15px; }<\/style> <script>document.addEventListener(\"DOMContentLoaded\",function(){document.querySelectorAll('.wpcf7-form').forEach(function(e){e.addEventListener('submit',function(){if(document.getElementById('cf-turnstile-cf7-2151768478')){setTimeout(function(){turnstile.reset('#cf-turnstile-cf7-2151768478');},1000)}})})});<\/script> <\/div><br\/><input class=\"wpcf7-form-control wpcf7-submit has-spinner submit\" type=\"submit\" value=\"Send\" \/><span class=\"send_arrow\"><\/span>\n<\/p>\n<p>[cf7sr-recaptcha]\n<\/p><div class=\"wpcf7-response-output\" aria-hidden=\"true\"><\/div>\n<\/form>\n<\/div>\n\n\t<p>Herunder kan du se nogle af de integrationer der allerede findes mellem SureSMS og mail- og kalendersystemer.<\/p>\n\t\t\t\t<a href=\"https:\/\/suresms.com\/dk\/integrationer\/mail_og_kalender\/sms-outlook-addin\/\"  target=\"_self\" itemprop=\"url\">\n\t\t\t\t<img loading=\"lazy\" decoding=\"async\" src=\"https:\/\/suresms.com\/wp-content\/uploads\/2021\/10\/SMS2Outlook-low-1.png\" alt=\"SMS2Outlook low\" itemprop=\"image\" height=\"250\" width=\"977\" title=\"SMS2Outlook low\" onerror=\"this.style.display='none'\"  \/>\n\t\t\t\t<\/a>\n<h3><a href=\"https:\/\/suresms.com\/dk\/integrationer\/mail_og_kalender\/sms-outlook-addin\/\" target=\"_self\">SMS2Outlook<\/a><\/h3><p>SMS2Outlook er et add-in til Outlook i Windows. Det er lavet af SureSMS. Fuld integration fra b\u00e5de mails og fra kalenderen. Journalisering og meget mere.<\/p>\n\t\t<h3><a href=\"https:\/\/suresms.com\/dk\/integrationer\/booking-vikar-systemer\/timeplan-vikarsystem\/\" target=\"_self\">TimePlan Software<\/a><\/h3>\n\t\t\t\t<a href=\"https:\/\/suresms.com\/dk\/integrationer\/booking-vikar-systemer\/timeplan-vikarsystem\/\"  target=\"_self\" itemprop=\"url\">\n\t\t\t\t<img loading=\"lazy\" decoding=\"async\" src=\"https:\/\/suresms.com\/wp-content\/uploads\/2021\/10\/timeplan-og-SureSMS-1.png\" alt=\"timeplan og SureSMS\" itemprop=\"image\" height=\"100\" width=\"500\" title=\"timeplan og SureSMS\" onerror=\"this.style.display='none'\"  \/>\n\t\t\t\t<\/a>\n<p>TimePlan er ogs\u00e5 et dansk system lavet i Windows. Det har rigtig mange funktioner som f.eks. vagtplanl\u00e6gning, tidsregistrering, frav\u00e6rsregistrering og HR. TimePlan har lavet en SMS integration til SureSMS, s\u00e5 det er meget nemt at s\u00e6tte op.<\/p>\n\n","protected":false},"excerpt":{"rendered":"<p>Integra\u00e7\u00e3o de SMS para sistemas de correio e calend\u00e1rio Com a integra\u00e7\u00e3o de SMS para o seu sistema de correio e calend\u00e1rio, pode comunicar com clientes ou empregados de forma r\u00e1pida e eficiente. Certifique-se de que o cliente chega a horas ou que os empregados recebem a mensagem e muito mais. SMS em sistemas de correio eletr\u00f3nico e de calend\u00e1rio A maioria das empresas, se n\u00e3o todas, tem integra\u00e7\u00e3o de SMS nos seus ... <a title=\"Integra\u00e7\u00e3o com sistemas de correio e calend\u00e1rio\" class=\"read-more\" href=\"https:\/\/suresms.com\/pt\/integrationer\/mail_og_kalender\/\" aria-label=\"Leia mais sobre Integra\u00e7\u00e3o de sistemas de correio eletr\u00f3nico e de calend\u00e1rio\">Rir mas<\/a><\/p>","protected":false},"author":1,"featured_media":0,"parent":9400,"menu_order":1,"comment_status":"closed","ping_status":"closed","template":"","meta":{"_fl_builder_enabled":"1","_fl_builder_data":null,"_fl_builder_draft":null,"_fl_builder_data_settings":null,"_fl_builder_css":"","_fl_builder_css_version":"","_fl_builder_js":"","footnotes":""},"class_list":["post-13808","page","type-page","status-publish"],"yoast_head":"<!-- This site is optimized with the Yoast SEO Premium plugin v27.3 (Yoast SEO v27.3) - https:\/\/yoast.com\/product\/yoast-seo-premium-wordpress\/ -->\r\n<title>Integration til mail- og kalender systemer - SMS integrationer til 2000+ systemer<\/title>\r\n<meta name=\"description\" content=\"SMS integrationer med 2000+ systemer. Mange forskellige muligheder og gratis ops\u00e6tning. API, webservice, JSON og meget mere\" \/>\r\n<meta name=\"robots\" content=\"index, follow, max-snippet:-1, max-image-preview:large, max-video-preview:-1\" \/>\r\n<link rel=\"canonical\" href=\"https:\/\/suresms.com\/pt\/integracoes\/mail_e_calendar\/\" \/>\r\n<meta property=\"og:locale\" content=\"pt_PT\" \/>\r\n<meta property=\"og:type\" content=\"article\" \/>\r\n<meta property=\"og:title\" content=\"Integration til mail- og kalender systemer\" \/>\r\n<meta property=\"og:description\" content=\"SMS integrationer med 2000+ systemer. Mange forskellige muligheder og gratis ops\u00e6tning. API, webservice, JSON og meget mere\" \/>\r\n<meta property=\"og:url\" content=\"https:\/\/suresms.com\/pt\/integracoes\/mail_e_calendar\/\" \/>\r\n<meta property=\"article:publisher\" content=\"https:\/\/www.facebook.com\/p\/SureSMS-100044607956149\/\" \/>\r\n<meta property=\"article:modified_time\" content=\"2025-03-16T07:21:56+00:00\" \/>\r\n<meta property=\"og:image\" content=\"https:\/\/suresms.com\/wp-content\/uploads\/2021\/10\/mailsystems-1.png\" \/>\r\n<meta name=\"twitter:card\" content=\"summary_large_image\" \/>\r\n<meta name=\"twitter:label1\" content=\"Tempo estimado de leitura\" \/>\n\t<meta name=\"twitter:data1\" content=\"6 minutos\" \/>\r\n<script type=\"application\/ld+json\" class=\"yoast-schema-graph\">{\"@context\":\"https:\\\/\\\/schema.org\",\"@graph\":[{\"@type\":\"WebPage\",\"@id\":\"https:\\\/\\\/suresms.com\\\/dk\\\/integrationer\\\/mail_og_kalender\\\/\",\"url\":\"https:\\\/\\\/suresms.com\\\/dk\\\/integrationer\\\/mail_og_kalender\\\/\",\"name\":\"Integration til mail- og kalender systemer - SMS integrationer til 2000+ systemer\",\"isPartOf\":{\"@id\":\"https:\\\/\\\/suresms.com\\\/en\\\/#website\"},\"primaryImageOfPage\":{\"@id\":\"https:\\\/\\\/suresms.com\\\/dk\\\/integrationer\\\/mail_og_kalender\\\/#primaryimage\"},\"image\":{\"@id\":\"https:\\\/\\\/suresms.com\\\/dk\\\/integrationer\\\/mail_og_kalender\\\/#primaryimage\"},\"thumbnailUrl\":\"https:\\\/\\\/suresms.com\\\/wp-content\\\/uploads\\\/2021\\\/10\\\/mailsystems-1.png\",\"datePublished\":\"2021-10-28T14:51:04+00:00\",\"dateModified\":\"2025-03-16T07:21:56+00:00\",\"description\":\"SMS integrationer med 2000+ systemer. Mange forskellige muligheder og gratis ops\u00e6tning. API, webservice, JSON og meget mere\",\"breadcrumb\":{\"@id\":\"https:\\\/\\\/suresms.com\\\/dk\\\/integrationer\\\/mail_og_kalender\\\/#breadcrumb\"},\"inLanguage\":\"pt-PT\",\"potentialAction\":[{\"@type\":\"ReadAction\",\"target\":[\"https:\\\/\\\/suresms.com\\\/dk\\\/integrationer\\\/mail_og_kalender\\\/\"]}]},{\"@type\":\"ImageObject\",\"inLanguage\":\"pt-PT\",\"@id\":\"https:\\\/\\\/suresms.com\\\/dk\\\/integrationer\\\/mail_og_kalender\\\/#primaryimage\",\"url\":\"https:\\\/\\\/suresms.com\\\/wp-content\\\/uploads\\\/2021\\\/10\\\/mailsystems-1.png\",\"contentUrl\":\"https:\\\/\\\/suresms.com\\\/wp-content\\\/uploads\\\/2021\\\/10\\\/mailsystems-1.png\"},{\"@type\":\"BreadcrumbList\",\"@id\":\"https:\\\/\\\/suresms.com\\\/dk\\\/integrationer\\\/mail_og_kalender\\\/#breadcrumb\",\"itemListElement\":[{\"@type\":\"ListItem\",\"position\":1,\"name\":\"Home\",\"item\":\"https:\\\/\\\/suresms.com\\\/dk\\\/\"},{\"@type\":\"ListItem\",\"position\":2,\"name\":\"Integrationer\",\"item\":\"https:\\\/\\\/suresms.com\\\/dk\\\/integrationer\\\/\"},{\"@type\":\"ListItem\",\"position\":3,\"name\":\"Integration til mail- og kalender systemer\"}]},{\"@type\":\"WebSite\",\"@id\":\"https:\\\/\\\/suresms.com\\\/en\\\/#website\",\"url\":\"https:\\\/\\\/suresms.com\\\/en\\\/\",\"name\":\"SureSMS\",\"description\":\"Professionel SMS Gateway\",\"publisher\":{\"@id\":\"https:\\\/\\\/suresms.com\\\/en\\\/#organization\"},\"potentialAction\":[{\"@type\":\"SearchAction\",\"target\":{\"@type\":\"EntryPoint\",\"urlTemplate\":\"https:\\\/\\\/suresms.com\\\/en\\\/?s={search_term_string}\"},\"query-input\":{\"@type\":\"PropertyValueSpecification\",\"valueRequired\":true,\"valueName\":\"search_term_string\"}}],\"inLanguage\":\"pt-PT\"},{\"@type\":\"Organization\",\"@id\":\"https:\\\/\\\/suresms.com\\\/en\\\/#organization\",\"name\":\"SureSMS\",\"url\":\"https:\\\/\\\/suresms.com\\\/en\\\/\",\"logo\":{\"@type\":\"ImageObject\",\"inLanguage\":\"pt-PT\",\"@id\":\"https:\\\/\\\/suresms.com\\\/en\\\/#\\\/schema\\\/logo\\\/image\\\/\",\"url\":\"https:\\\/\\\/suresms.com\\\/wp-content\\\/uploads\\\/2024\\\/11\\\/suresms-300x65-1.png\",\"contentUrl\":\"https:\\\/\\\/suresms.com\\\/wp-content\\\/uploads\\\/2024\\\/11\\\/suresms-300x65-1.png\",\"width\":300,\"height\":65,\"caption\":\"SureSMS\"},\"image\":{\"@id\":\"https:\\\/\\\/suresms.com\\\/en\\\/#\\\/schema\\\/logo\\\/image\\\/\"},\"sameAs\":[\"https:\\\/\\\/www.facebook.com\\\/p\\\/SureSMS-100044607956149\\\/\"]}]}<\/script>\r\n<!-- \/ Yoast SEO Premium plugin. -->","yoast_head_json":{"title":"Integra\u00e7\u00e3o com sistemas de correio e calend\u00e1rio - Integra\u00e7\u00f5es SMS para mais de 2000 sistemas","description":"Integra\u00e7\u00f5es SMS com mais de 2000 sistemas. Muitas op\u00e7\u00f5es diferentes e configura\u00e7\u00e3o gratuita. API, servi\u00e7o Web, JSON e muito mais","robots":{"index":"index","follow":"follow","max-snippet":"max-snippet:-1","max-image-preview":"max-image-preview:large","max-video-preview":"max-video-preview:-1"},"canonical":"https:\/\/suresms.com\/pt\/integracoes\/mail_e_calendar\/","og_locale":"pt_PT","og_type":"article","og_title":"Integration til mail- og kalender systemer","og_description":"SMS integrationer med 2000+ systemer. Mange forskellige muligheder og gratis ops\u00e6tning. API, webservice, JSON og meget mere","og_url":"https:\/\/suresms.com\/pt\/integracoes\/mail_e_calendar\/","article_publisher":"https:\/\/www.facebook.com\/p\/SureSMS-100044607956149\/","article_modified_time":"2025-03-16T07:21:56+00:00","og_image":[{"url":"https:\/\/suresms.com\/wp-content\/uploads\/2021\/10\/mailsystems-1.png","type":"","width":"","height":""}],"twitter_card":"summary_large_image","twitter_misc":{"Tempo estimado de leitura":"6 minutos"},"schema":{"@context":"https:\/\/schema.org","@graph":[{"@type":"WebPage","@id":"https:\/\/suresms.com\/dk\/integrationer\/mail_og_kalender\/","url":"https:\/\/suresms.com\/dk\/integrationer\/mail_og_kalender\/","name":"Integra\u00e7\u00e3o com sistemas de correio e calend\u00e1rio - Integra\u00e7\u00f5es SMS para mais de 2000 sistemas","isPartOf":{"@id":"https:\/\/suresms.com\/en\/#website"},"primaryImageOfPage":{"@id":"https:\/\/suresms.com\/dk\/integrationer\/mail_og_kalender\/#primaryimage"},"image":{"@id":"https:\/\/suresms.com\/dk\/integrationer\/mail_og_kalender\/#primaryimage"},"thumbnailUrl":"https:\/\/suresms.com\/wp-content\/uploads\/2021\/10\/mailsystems-1.png","datePublished":"2021-10-28T14:51:04+00:00","dateModified":"2025-03-16T07:21:56+00:00","description":"Integra\u00e7\u00f5es SMS com mais de 2000 sistemas. Muitas op\u00e7\u00f5es diferentes e configura\u00e7\u00e3o gratuita. API, servi\u00e7o Web, JSON e muito mais","breadcrumb":{"@id":"https:\/\/suresms.com\/dk\/integrationer\/mail_og_kalender\/#breadcrumb"},"inLanguage":"pt-PT","potentialAction":[{"@type":"ReadAction","target":["https:\/\/suresms.com\/dk\/integrationer\/mail_og_kalender\/"]}]},{"@type":"ImageObject","inLanguage":"pt-PT","@id":"https:\/\/suresms.com\/dk\/integrationer\/mail_og_kalender\/#primaryimage","url":"https:\/\/suresms.com\/wp-content\/uploads\/2021\/10\/mailsystems-1.png","contentUrl":"https:\/\/suresms.com\/wp-content\/uploads\/2021\/10\/mailsystems-1.png"},{"@type":"BreadcrumbList","@id":"https:\/\/suresms.com\/dk\/integrationer\/mail_og_kalender\/#breadcrumb","itemListElement":[{"@type":"ListItem","position":1,"name":"Home","item":"https:\/\/suresms.com\/dk\/"},{"@type":"ListItem","position":2,"name":"Integrationer","item":"https:\/\/suresms.com\/dk\/integrationer\/"},{"@type":"ListItem","position":3,"name":"Integration til mail- og kalender systemer"}]},{"@type":"WebSite","@id":"https:\/\/suresms.com\/en\/#website","url":"https:\/\/suresms.com\/en\/","name":"SureSMS","description":"Gateway SMS profissional","publisher":{"@id":"https:\/\/suresms.com\/en\/#organization"},"potentialAction":[{"@type":"SearchAction","target":{"@type":"EntryPoint","urlTemplate":"https:\/\/suresms.com\/en\/?s={search_term_string}"},"query-input":{"@type":"PropertyValueSpecification","valueRequired":true,"valueName":"search_term_string"}}],"inLanguage":"pt-PT"},{"@type":"Organization","@id":"https:\/\/suresms.com\/en\/#organization","name":"SureSMS","url":"https:\/\/suresms.com\/en\/","logo":{"@type":"ImageObject","inLanguage":"pt-PT","@id":"https:\/\/suresms.com\/en\/#\/schema\/logo\/image\/","url":"https:\/\/suresms.com\/wp-content\/uploads\/2024\/11\/suresms-300x65-1.png","contentUrl":"https:\/\/suresms.com\/wp-content\/uploads\/2024\/11\/suresms-300x65-1.png","width":300,"height":65,"caption":"SureSMS"},"image":{"@id":"https:\/\/suresms.com\/en\/#\/schema\/logo\/image\/"},"sameAs":["https:\/\/www.facebook.com\/p\/SureSMS-100044607956149\/"]}]}},"_links":{"self":[{"href":"https:\/\/suresms.com\/pt\/wp-json\/wp\/v2\/pages\/13808","targetHints":{"allow":["GET"]}}],"collection":[{"href":"https:\/\/suresms.com\/pt\/wp-json\/wp\/v2\/pages"}],"about":[{"href":"https:\/\/suresms.com\/pt\/wp-json\/wp\/v2\/types\/page"}],"author":[{"embeddable":true,"href":"https:\/\/suresms.com\/pt\/wp-json\/wp\/v2\/users\/1"}],"replies":[{"embeddable":true,"href":"https:\/\/suresms.com\/pt\/wp-json\/wp\/v2\/comments?post=13808"}],"version-history":[{"count":6,"href":"https:\/\/suresms.com\/pt\/wp-json\/wp\/v2\/pages\/13808\/revisions"}],"predecessor-version":[{"id":22423,"href":"https:\/\/suresms.com\/pt\/wp-json\/wp\/v2\/pages\/13808\/revisions\/22423"}],"up":[{"embeddable":true,"href":"https:\/\/suresms.com\/pt\/wp-json\/wp\/v2\/pages\/9400"}],"wp:attachment":[{"href":"https:\/\/suresms.com\/pt\/wp-json\/wp\/v2\/media?parent=13808"}],"curies":[{"name":"wp","href":"https:\/\/api.w.org\/{rel}","templated":true}]}}