{"id":13758,"date":"2021-10-25T12:38:19","date_gmt":"2021-10-25T10:38:19","guid":{"rendered":"https:\/\/www.suresms.com\/dk\/?page_id=13758"},"modified":"2024-12-02T09:16:36","modified_gmt":"2024-12-02T09:16:36","slug":"papel-de-mensagem-de-texto","status":"publish","type":"page","link":"https:\/\/suresms.com\/pt\/integrationer\/booking-vikar-systemer\/cas-bookingsystem\/guide\/","title":{"rendered":"Integra\u00e7\u00e3o de SMS para o sistema de reservas CAS - guia"},"content":{"rendered":"<!-- Flexy Breadcrumb -->\r\n\t\t\t<div class=\"fbc fbc-page\">\r\n\r\n\t\t\t\t<!-- Breadcrumb wrapper -->\r\n\t\t\t\t<div class=\"fbc-wrap\">\r\n\r\n\t\t\t\t\t<!-- Ordered list-->\r\n\t\t\t\t\t<ol class=\"fbc-items\" itemscope itemtype=\"https:\/\/schema.org\/BreadcrumbList\">\r\n\t\t\t\t\t\t            <li itemprop=\"itemListElement\" itemscope itemtype=\"https:\/\/schema.org\/ListItem\">\r\n                <span itemprop=\"name\">\r\n                    <!-- Home Link -->\r\n                    <a itemprop=\"item\" href=\"https:\/\/suresms.com\/pt\/\">\r\n                    \r\n                                                    <i class=\"fa fa-home\" aria-hidden=\"true\"><\/i>In\u00edcio                    <\/a>\r\n                <\/span>\r\n                <meta itemprop=\"position\" content=\"1\" \/><!-- Meta Position-->\r\n             <\/li><li><span class=\"fbc-separator\">\/<\/span><\/li><li class=\"active\" itemprop=\"itemListElement\" itemscope itemtype=\"https:\/\/schema.org\/ListItem\"><span itemprop=\"name\" title=\"Integra\u00e7\u00e3o de SMS para o sistema de reservas CAS - guia\">Integra\u00e7\u00e3o de SMS para CAS...<\/span><meta itemprop=\"position\" content=\"2\" \/><\/li>\t\t\t\t\t<\/ol>\r\n\t\t\t\t\t<div class=\"clearfix\"><\/div>\r\n\t\t\t\t<\/div>\r\n\t\t\t<\/div>\r\n\t\t\t\n\t\t\t\t<img loading=\"lazy\" decoding=\"async\" src=\"https:\/\/suresms.com\/wp-content\/uploads\/2021\/10\/CASogSureSMS-1.png\" alt=\"CASogSureSMS\" itemprop=\"image\" height=\"200\" width=\"1400\" title=\"CASogSureSMS\" onerror=\"this.style.display='none'\">\n\t<h3>Guia para a configura\u00e7\u00e3o de SMS a partir do sistema de reservas CAS<\/h3>\n\t<p>Para utilizar o SMS no sistema de reservas CAS, \u00e9 necess\u00e1ria uma conta na SureSMS. A cria\u00e7\u00e3o da conta \u00e9 gratuita e n\u00e3o existe qualquer subscri\u00e7\u00e3o. O envio de SMS para n\u00fameros dinamarqueses custa 31 \u00f8re por SMS. Um SMS pode ter 160 caracteres; se escrever mais de 160 caracteres, tem de pagar por 2 mensagens SMS.<\/p>\n<p>Depois de ter uma conta na SureSMS, \u00e9 necess\u00e1rio configur\u00e1-la no sistema de reservas CAS. Abaixo est\u00e3o as instru\u00e7\u00f5es para criar uma conta com SureSMS e depois configur\u00e1-la no sistema de reservas CAS.<\/p>\n\t<ul>\n\t\t<li>\t\t\t\t\n\t\t<h3>Criar uma conta<\/h3><p>Primeiro, precisa de criar uma conta aqui no site da SureSMS. Abra este link e preencha as informa\u00e7\u00f5es: <a href=\"https:\/\/suresms.com\/pt\/encomendar\/conta-de-teste-de-sms-gratis\/\">Criar uma conta<\/a><\/p><\/li><li>\t\t\t\t\n\t\t<h3>Receber correio eletr\u00f3nico com informa\u00e7\u00f5es<\/h3><p>Quando receber uma mensagem de correio eletr\u00f3nico de boas-vindas com informa\u00e7\u00f5es sobre a sua conta, responda com as seguintes informa\u00e7\u00f5es:<\/p><ol><li>Utilizador do sistema CAS Booking no campo \"Assunto<\/li><li>O seu n\u00famero CVR<\/li><li>O endere\u00e7o de correio eletr\u00f3nico para o qual devemos enviar a fatura<\/li><li>O remetente pretendido. NOTA: Pode escrever um m\u00e1ximo de 11 caracteres, incluindo espa\u00e7os, no remetente<\/li><\/ol><\/li><li>\t\t\t\t\n\t\t<h3>Configura\u00e7\u00e3o no CAS Booking<\/h3><table border=\"0\">\n<tbody>\n<tr>\n<td width=\"400\">Chegou o momento de efetuar a configura\u00e7\u00e3o no sistema de reservas CAS. Em \"Settings\" (Defini\u00e7\u00f5es), na administra\u00e7\u00e3o, encontrar\u00e1 \"SMS Settings\" (Defini\u00e7\u00f5es de SMS). Introduza aqui o nome de utilizador e a palavra-passe que recebeu por correio eletr\u00f3nico e SMS, bem como o nome do remetente (o seu local de trabalho) a partir do passo 4<\/td>\n<td><img loading=\"lazy\" decoding=\"async\" src=\"https:\/\/suresms.com\/wp-content\/uploads\/2024\/12\/CAS-Booking-opsaetning-01.png\" alt=\"\" width=\"700\" height=\"372\"><\/td>\n<\/tr>\n<\/tbody>\n<\/table>\n<\/li><li>\t\t\t\t\n\t\t<h3>Configura\u00e7\u00e3o do teste<\/h3><p>Depois de receber uma resposta ao e-mail que enviou na etapa 4, tente enviar um SMS diretamente durante a configura\u00e7\u00e3o.<\/p><\/li>\t<\/ul>\n\n\n\n<p><\/p>","protected":false},"excerpt":{"rendered":"<p>Guia de configura\u00e7\u00e3o de SMS a partir do sistema de reservas CAS Para utilizar SMS no sistema de reservas CAS, \u00e9 necess\u00e1rio ter uma conta no SureSMS. A cria\u00e7\u00e3o da conta \u00e9 gratuita e n\u00e3o h\u00e1 assinatura. O envio de SMS para n\u00fameros dinamarqueses custa 31 \u00f8re por SMS. Um SMS pode ter 160 caracteres, se escrever mais de 160 caracteres, ... <a title=\"Integra\u00e7\u00e3o de SMS para o sistema de reservas CAS - guia\" class=\"read-more\" href=\"https:\/\/suresms.com\/pt\/integrationer\/booking-vikar-systemer\/cas-bookingsystem\/guide\/\" aria-label=\"Leia mais sobre Integra\u00e7\u00e3o de SMS no sistema de reservas CAS - guia\">Rir mas<\/a><\/p>","protected":false},"author":1,"featured_media":0,"parent":19373,"menu_order":1,"comment_status":"closed","ping_status":"closed","template":"","meta":{"_fl_builder_enabled":"1","_fl_builder_data":null,"_fl_builder_draft":null,"_fl_builder_data_settings":null,"_fl_builder_css":"","_fl_builder_css_version":"","_fl_builder_js":"","footnotes":""},"categories":[],"tags":[],"class_list":["post-13758","page","type-page","status-publish"],"yoast_head":"<!-- This site is optimized with the Yoast SEO Premium plugin v27.3 (Yoast SEO v27.3) - https:\/\/yoast.com\/product\/yoast-seo-premium-wordpress\/ -->\r\n<title>SMS integration til CAS bookingsystem - guide -<\/title>\r\n<meta name=\"description\" content=\"SMS integration til CAS booking-system. SureSMS har lavet en komplet SMS integration s\u00e5 du kan sende SMS fra CAS booking.\" \/>\r\n<meta name=\"robots\" content=\"noindex, nofollow\" \/>\r\n<meta property=\"og:locale\" content=\"pt_PT\" \/>\r\n<meta property=\"og:type\" content=\"article\" \/>\r\n<meta property=\"og:title\" content=\"SMS integration til CAS bookingsystem - guide\" \/>\r\n<meta property=\"og:description\" content=\"SMS integration til CAS booking-system. SureSMS har lavet en komplet SMS integration s\u00e5 du kan sende SMS fra CAS booking.\" \/>\r\n<meta property=\"og:url\" content=\"https:\/\/suresms.com\/pt\/integracoes\/sistemas-temporarios-de-reservas\/sistema-de-marcacao-de-casos\/papel-de-mensagem-de-texto\/\" \/>\r\n<meta property=\"article:publisher\" content=\"https:\/\/www.facebook.com\/p\/SureSMS-100044607956149\/\" \/>\r\n<meta property=\"article:modified_time\" content=\"2024-12-02T09:16:36+00:00\" \/>\r\n<meta property=\"og:image\" content=\"https:\/\/suresms.com\/wp-content\/uploads\/2021\/10\/CASogSureSMS-1.png\" \/>\r\n<meta name=\"twitter:card\" content=\"summary_large_image\" \/>\r\n<meta name=\"twitter:label1\" content=\"Tempo estimado de leitura\" \/>\n\t<meta name=\"twitter:data1\" content=\"6 minutos\" \/>\r\n<script type=\"application\/ld+json\" class=\"yoast-schema-graph\">{\"@context\":\"https:\\\/\\\/schema.org\",\"@graph\":[{\"@type\":\"WebPage\",\"@id\":\"https:\\\/\\\/suresms.com\\\/dk\\\/integrationer\\\/booking-vikar-systemer\\\/cas-bookingsystem\\\/guide\\\/\",\"url\":\"https:\\\/\\\/suresms.com\\\/dk\\\/integrationer\\\/booking-vikar-systemer\\\/cas-bookingsystem\\\/guide\\\/\",\"name\":\"SMS integration til CAS bookingsystem - guide -\",\"isPartOf\":{\"@id\":\"https:\\\/\\\/suresms.com\\\/en\\\/#website\"},\"primaryImageOfPage\":{\"@id\":\"https:\\\/\\\/suresms.com\\\/dk\\\/integrationer\\\/booking-vikar-systemer\\\/cas-bookingsystem\\\/guide\\\/#primaryimage\"},\"image\":{\"@id\":\"https:\\\/\\\/suresms.com\\\/dk\\\/integrationer\\\/booking-vikar-systemer\\\/cas-bookingsystem\\\/guide\\\/#primaryimage\"},\"thumbnailUrl\":\"https:\\\/\\\/suresms.com\\\/wp-content\\\/uploads\\\/2021\\\/10\\\/CASogSureSMS-1.png\",\"datePublished\":\"2021-10-25T10:38:19+00:00\",\"dateModified\":\"2024-12-02T09:16:36+00:00\",\"description\":\"SMS integration til CAS booking-system. SureSMS har lavet en komplet SMS integration s\u00e5 du kan sende SMS fra CAS booking.\",\"breadcrumb\":{\"@id\":\"https:\\\/\\\/suresms.com\\\/dk\\\/integrationer\\\/booking-vikar-systemer\\\/cas-bookingsystem\\\/guide\\\/#breadcrumb\"},\"inLanguage\":\"pt-PT\",\"potentialAction\":[{\"@type\":\"ReadAction\",\"target\":[\"https:\\\/\\\/suresms.com\\\/dk\\\/integrationer\\\/booking-vikar-systemer\\\/cas-bookingsystem\\\/guide\\\/\"]}]},{\"@type\":\"ImageObject\",\"inLanguage\":\"pt-PT\",\"@id\":\"https:\\\/\\\/suresms.com\\\/dk\\\/integrationer\\\/booking-vikar-systemer\\\/cas-bookingsystem\\\/guide\\\/#primaryimage\",\"url\":\"https:\\\/\\\/suresms.com\\\/wp-content\\\/uploads\\\/2021\\\/10\\\/CASogSureSMS-1.png\",\"contentUrl\":\"https:\\\/\\\/suresms.com\\\/wp-content\\\/uploads\\\/2021\\\/10\\\/CASogSureSMS-1.png\"},{\"@type\":\"BreadcrumbList\",\"@id\":\"https:\\\/\\\/suresms.com\\\/dk\\\/integrationer\\\/booking-vikar-systemer\\\/cas-bookingsystem\\\/guide\\\/#breadcrumb\",\"itemListElement\":[{\"@type\":\"ListItem\",\"position\":1,\"name\":\"Home\",\"item\":\"https:\\\/\\\/suresms.com\\\/dk\\\/\"},{\"@type\":\"ListItem\",\"position\":2,\"name\":\"Integrationer\",\"item\":\"https:\\\/\\\/suresms.com\\\/dk\\\/integrationer\\\/\"},{\"@type\":\"ListItem\",\"position\":3,\"name\":\"SMS integration til Booking- og vikar systemer\",\"item\":\"https:\\\/\\\/suresms.com\\\/dk\\\/integrationer\\\/booking-vikar-systemer\\\/\"},{\"@type\":\"ListItem\",\"position\":4,\"name\":\"SMS integration til CAS bookingsystem\",\"item\":\"https:\\\/\\\/suresms.com\\\/dk\\\/integrationer\\\/booking-vikar-systemer\\\/cas-bookingsystem\\\/\"},{\"@type\":\"ListItem\",\"position\":5,\"name\":\"SMS integration til CAS bookingsystem &#8211; guide\"}]},{\"@type\":\"WebSite\",\"@id\":\"https:\\\/\\\/suresms.com\\\/en\\\/#website\",\"url\":\"https:\\\/\\\/suresms.com\\\/en\\\/\",\"name\":\"SureSMS\",\"description\":\"Professionel SMS Gateway\",\"publisher\":{\"@id\":\"https:\\\/\\\/suresms.com\\\/en\\\/#organization\"},\"potentialAction\":[{\"@type\":\"SearchAction\",\"target\":{\"@type\":\"EntryPoint\",\"urlTemplate\":\"https:\\\/\\\/suresms.com\\\/en\\\/?s={search_term_string}\"},\"query-input\":{\"@type\":\"PropertyValueSpecification\",\"valueRequired\":true,\"valueName\":\"search_term_string\"}}],\"inLanguage\":\"pt-PT\"},{\"@type\":\"Organization\",\"@id\":\"https:\\\/\\\/suresms.com\\\/en\\\/#organization\",\"name\":\"SureSMS\",\"url\":\"https:\\\/\\\/suresms.com\\\/en\\\/\",\"logo\":{\"@type\":\"ImageObject\",\"inLanguage\":\"pt-PT\",\"@id\":\"https:\\\/\\\/suresms.com\\\/en\\\/#\\\/schema\\\/logo\\\/image\\\/\",\"url\":\"https:\\\/\\\/suresms.com\\\/wp-content\\\/uploads\\\/2024\\\/11\\\/suresms-300x65-1.png\",\"contentUrl\":\"https:\\\/\\\/suresms.com\\\/wp-content\\\/uploads\\\/2024\\\/11\\\/suresms-300x65-1.png\",\"width\":300,\"height\":65,\"caption\":\"SureSMS\"},\"image\":{\"@id\":\"https:\\\/\\\/suresms.com\\\/en\\\/#\\\/schema\\\/logo\\\/image\\\/\"},\"sameAs\":[\"https:\\\/\\\/www.facebook.com\\\/p\\\/SureSMS-100044607956149\\\/\"]}]}<\/script>\r\n<!-- \/ Yoast SEO Premium plugin. -->","yoast_head_json":{"title":"Integra\u00e7\u00e3o de SMS para o sistema de reservas CAS - guia","description":"Integra\u00e7\u00e3o de SMS para o sistema de reservas CAS. A SureSMS criou uma integra\u00e7\u00e3o completa de SMS para que possa enviar SMS a partir do sistema de reservas CAS.","robots":{"index":"noindex","follow":"nofollow"},"og_locale":"pt_PT","og_type":"article","og_title":"SMS integration til CAS bookingsystem - guide","og_description":"SMS integration til CAS booking-system. SureSMS har lavet en komplet SMS integration s\u00e5 du kan sende SMS fra CAS booking.","og_url":"https:\/\/suresms.com\/pt\/integracoes\/sistemas-temporarios-de-reservas\/sistema-de-marcacao-de-casos\/papel-de-mensagem-de-texto\/","article_publisher":"https:\/\/www.facebook.com\/p\/SureSMS-100044607956149\/","article_modified_time":"2024-12-02T09:16:36+00:00","og_image":[{"url":"https:\/\/suresms.com\/wp-content\/uploads\/2021\/10\/CASogSureSMS-1.png","type":"","width":"","height":""}],"twitter_card":"summary_large_image","twitter_misc":{"Tempo estimado de leitura":"6 minutos"},"schema":{"@context":"https:\/\/schema.org","@graph":[{"@type":"WebPage","@id":"https:\/\/suresms.com\/dk\/integrationer\/booking-vikar-systemer\/cas-bookingsystem\/guide\/","url":"https:\/\/suresms.com\/dk\/integrationer\/booking-vikar-systemer\/cas-bookingsystem\/guide\/","name":"Integra\u00e7\u00e3o de SMS para o sistema de reservas CAS - guia","isPartOf":{"@id":"https:\/\/suresms.com\/en\/#website"},"primaryImageOfPage":{"@id":"https:\/\/suresms.com\/dk\/integrationer\/booking-vikar-systemer\/cas-bookingsystem\/guide\/#primaryimage"},"image":{"@id":"https:\/\/suresms.com\/dk\/integrationer\/booking-vikar-systemer\/cas-bookingsystem\/guide\/#primaryimage"},"thumbnailUrl":"https:\/\/suresms.com\/wp-content\/uploads\/2021\/10\/CASogSureSMS-1.png","datePublished":"2021-10-25T10:38:19+00:00","dateModified":"2024-12-02T09:16:36+00:00","description":"Integra\u00e7\u00e3o de SMS para o sistema de reservas CAS. A SureSMS criou uma integra\u00e7\u00e3o completa de SMS para que possa enviar SMS a partir do sistema de reservas CAS.","breadcrumb":{"@id":"https:\/\/suresms.com\/dk\/integrationer\/booking-vikar-systemer\/cas-bookingsystem\/guide\/#breadcrumb"},"inLanguage":"pt-PT","potentialAction":[{"@type":"ReadAction","target":["https:\/\/suresms.com\/dk\/integrationer\/booking-vikar-systemer\/cas-bookingsystem\/guide\/"]}]},{"@type":"ImageObject","inLanguage":"pt-PT","@id":"https:\/\/suresms.com\/dk\/integrationer\/booking-vikar-systemer\/cas-bookingsystem\/guide\/#primaryimage","url":"https:\/\/suresms.com\/wp-content\/uploads\/2021\/10\/CASogSureSMS-1.png","contentUrl":"https:\/\/suresms.com\/wp-content\/uploads\/2021\/10\/CASogSureSMS-1.png"},{"@type":"BreadcrumbList","@id":"https:\/\/suresms.com\/dk\/integrationer\/booking-vikar-systemer\/cas-bookingsystem\/guide\/#breadcrumb","itemListElement":[{"@type":"ListItem","position":1,"name":"Home","item":"https:\/\/suresms.com\/dk\/"},{"@type":"ListItem","position":2,"name":"Integrationer","item":"https:\/\/suresms.com\/dk\/integrationer\/"},{"@type":"ListItem","position":3,"name":"SMS integration til Booking- og vikar systemer","item":"https:\/\/suresms.com\/dk\/integrationer\/booking-vikar-systemer\/"},{"@type":"ListItem","position":4,"name":"SMS integration til CAS bookingsystem","item":"https:\/\/suresms.com\/dk\/integrationer\/booking-vikar-systemer\/cas-bookingsystem\/"},{"@type":"ListItem","position":5,"name":"SMS integration til CAS bookingsystem &#8211; guide"}]},{"@type":"WebSite","@id":"https:\/\/suresms.com\/en\/#website","url":"https:\/\/suresms.com\/en\/","name":"SureSMS","description":"Gateway SMS profissional","publisher":{"@id":"https:\/\/suresms.com\/en\/#organization"},"potentialAction":[{"@type":"SearchAction","target":{"@type":"EntryPoint","urlTemplate":"https:\/\/suresms.com\/en\/?s={search_term_string}"},"query-input":{"@type":"PropertyValueSpecification","valueRequired":true,"valueName":"search_term_string"}}],"inLanguage":"pt-PT"},{"@type":"Organization","@id":"https:\/\/suresms.com\/en\/#organization","name":"SureSMS","url":"https:\/\/suresms.com\/en\/","logo":{"@type":"ImageObject","inLanguage":"pt-PT","@id":"https:\/\/suresms.com\/en\/#\/schema\/logo\/image\/","url":"https:\/\/suresms.com\/wp-content\/uploads\/2024\/11\/suresms-300x65-1.png","contentUrl":"https:\/\/suresms.com\/wp-content\/uploads\/2024\/11\/suresms-300x65-1.png","width":300,"height":65,"caption":"SureSMS"},"image":{"@id":"https:\/\/suresms.com\/en\/#\/schema\/logo\/image\/"},"sameAs":["https:\/\/www.facebook.com\/p\/SureSMS-100044607956149\/"]}]}},"_links":{"self":[{"href":"https:\/\/suresms.com\/pt\/wp-json\/wp\/v2\/pages\/13758","targetHints":{"allow":["GET"]}}],"collection":[{"href":"https:\/\/suresms.com\/pt\/wp-json\/wp\/v2\/pages"}],"about":[{"href":"https:\/\/suresms.com\/pt\/wp-json\/wp\/v2\/types\/page"}],"author":[{"embeddable":true,"href":"https:\/\/suresms.com\/pt\/wp-json\/wp\/v2\/users\/1"}],"replies":[{"embeddable":true,"href":"https:\/\/suresms.com\/pt\/wp-json\/wp\/v2\/comments?post=13758"}],"version-history":[{"count":7,"href":"https:\/\/suresms.com\/pt\/wp-json\/wp\/v2\/pages\/13758\/revisions"}],"predecessor-version":[{"id":19383,"href":"https:\/\/suresms.com\/pt\/wp-json\/wp\/v2\/pages\/13758\/revisions\/19383"}],"up":[{"embeddable":true,"href":"https:\/\/suresms.com\/pt\/wp-json\/wp\/v2\/pages\/19373"}],"wp:attachment":[{"href":"https:\/\/suresms.com\/pt\/wp-json\/wp\/v2\/media?parent=13758"}],"wp:term":[{"taxonomy":"category","embeddable":true,"href":"https:\/\/suresms.com\/pt\/wp-json\/wp\/v2\/categories?post=13758"},{"taxonomy":"post_tag","embeddable":true,"href":"https:\/\/suresms.com\/pt\/wp-json\/wp\/v2\/tags?post=13758"}],"curies":[{"name":"wp","href":"https:\/\/api.w.org\/{rel}","templated":true}]}}