{"id":1076,"date":"2015-02-26T15:14:08","date_gmt":"2015-02-26T13:14:08","guid":{"rendered":"https:\/\/www.suresms.com\/dk\/?page_id=1076"},"modified":"2024-12-06T13:00:45","modified_gmt":"2024-12-06T13:00:45","slug":"modelos-de-sms","status":"publish","type":"page","link":"https:\/\/suresms.com\/pt\/funktioner\/sms-skabeloner\/","title":{"rendered":"Modelos de SMS"},"content":{"rendered":"<!-- Flexy Breadcrumb -->\r\n\t\t\t<div class=\"fbc fbc-page\">\r\n\r\n\t\t\t\t<!-- Breadcrumb wrapper -->\r\n\t\t\t\t<div class=\"fbc-wrap\">\r\n\r\n\t\t\t\t\t<!-- Ordered list-->\r\n\t\t\t\t\t<ol class=\"fbc-items\" itemscope itemtype=\"https:\/\/schema.org\/BreadcrumbList\">\r\n\t\t\t\t\t\t            <li itemprop=\"itemListElement\" itemscope itemtype=\"https:\/\/schema.org\/ListItem\">\r\n                <span itemprop=\"name\">\r\n                    <!-- Home Link -->\r\n                    <a itemprop=\"item\" href=\"https:\/\/suresms.com\/pt\/\">\r\n                    \r\n                                                    <i class=\"fa fa-home\" aria-hidden=\"true\"><\/i>In\u00edcio                    <\/a>\r\n                <\/span>\r\n                <meta itemprop=\"position\" content=\"1\" \/><!-- Meta Position-->\r\n             <\/li><li><span class=\"fbc-separator\">\/<\/span><\/li><li class=\"active\" itemprop=\"itemListElement\" itemscope itemtype=\"https:\/\/schema.org\/ListItem\"><span itemprop=\"name\" title=\"Modelos de SMS\">Modelos de SMS<\/span><meta itemprop=\"position\" content=\"2\" \/><\/li>\t\t\t\t\t<\/ol>\r\n\t\t\t\t\t<div class=\"clearfix\"><\/div>\r\n\t\t\t\t<\/div>\r\n\t\t\t<\/div>\r\n\t\t\t\n<h1>\n\t\tModelos de SMS\n\t<\/h1>\n\t<p>Muitos dos nossos clientes enviam frequentemente o mesmo tipo de mensagens a clientes ou parceiros de neg\u00f3cios, uma e outra vez. \u00c9 uma boa ideia utilizar a op\u00e7\u00e3o de criar modelos no nosso sistema SMS.<\/p>\n<p><strong>Com um modelo, pode poupar tempo de trabalho e garantir que todos os seus utilizadores recebem o melhor servi\u00e7o!<\/strong><\/p>\n<p>Um modelo \u00e9 um texto que pode ser utilizado muitas vezes. Em vez de escrever a mensagem sempre que precisar de a enviar, pode criar um modelo. Depois de criar o modelo, pode seleccion\u00e1-lo de uma lista e a mensagem que escolheu ser\u00e1 enviada automaticamente.<\/p>\n<p>&nbsp;<\/p>\n\t<ul>\n\t\t<li>\t\t\t\t\n\t\t<h3>Modelos diferentes<\/h3><p>\u00c9 poss\u00edvel criar todos os modelos de que necessita. Por exemplo, se precisar de enviar uma mensagem \"Lembre-se da sua hora...\", mas tamb\u00e9m precisa de enviar a mensagem \"A sua mercadoria chegou...\", basta criar dois modelos diferentes.<\/p><\/li><li>\t\t\t\t\n\t\t<h3>Administra\u00e7\u00e3o f\u00e1cil<\/h3><p>A partir do nosso s\u00edtio Web, \u00e9 f\u00e1cil criar, editar e eliminar modelos para qualquer finalidade. E existe a op\u00e7\u00e3o de um n\u00famero ilimitado de modelos para qualquer finalidade.<\/p><\/li><li>\t\t\t\t\n\t\t<h3>Mensagens personalizadas<\/h3><p>Se pretender personalizar as suas mensagens para obter uma melhor resposta do cliente, pode optar por fundir nomes nas mensagens para n\u00e3o comprometer e entregar mensagens personalizadas aos seus clientes. Saiba mais sobre a funcionalidade Fundir mensagens personalizadas em grupos aqui<\/p><\/li>\t<\/ul>\n\t<p>Ler o guia sobre <a href=\"https:\/\/suresms.com\/pt\/documentos\/conta-3\/nome-da-estacao-3\/#___Brug_af_skabeloner__\">Utilizar modelos aqui<\/a>.<\/p>\n\t\t<h4>Pretende criar uma conta imediatamente? <\/h4>\n\t\t<p>Estamos prontos e \u00e0 espera de o receber como cliente SureSMS!<\/p>\n\t\t\t<a href=\"https:\/\/suresms.com\/pt\/criar-conta-sms-gateway\/\" target=\"_self\">\n\t\t\t\t\t\t\tCriar uma conta SureSMS!\n\t\t\t\t\t<\/a>\n\t\t<h4>Encomende uma solu\u00e7\u00e3o de 2 vias!<\/h4>\n\t\t<p>J\u00e1 tem uma conta? Encomende uma solu\u00e7\u00e3o bidirecional e obtenha as op\u00e7\u00f5es adicionais que a sua pr\u00f3pria solu\u00e7\u00e3o oferece.\u00a0<\/p>\n\t\t\t<a href=\"https:\/\/suresms.com\/pt\/encomendar-descarga-de-2-vias\/\" target=\"_self\">\n\t\t\t\t\t\t\tEncomendar solu\u00e7\u00e3o de 2 vias\n\t\t\t\t\t<\/a>\n\t<h4><strong>Aqui pode ler alguns exemplos de como os nossos clientes est\u00e3o a utilizar a funcionalidade atualmente: \"E-mail2SMS\"<\/strong><\/h4>\n<ul>\n<li>V\u00e1rios munic\u00edpios utilizam o E-mail2SMS da SureSMS para monitorizar as suas TI. Uma tend\u00eancia recente entre os piratas inform\u00e1ticos \u00e9 o envio de v\u00edrus que encriptam os dados do destinat\u00e1rio e depois pedem um resgate para os libertar novamente. Quanto mais rapidamente as unidades partilhadas, etc., forem desligadas da rede, menores ser\u00e3o os danos causados. A monitoriza\u00e7\u00e3o utiliza o e-mail2SMS para enviar um SMS aos apoiantes do munic\u00edpio para que possam reagir rapidamente e minimizar os danos.<\/li>\n<li>Os nossos clientes incluem v\u00e1rias grandes empresas de inform\u00e1tica e eletr\u00f3nica que integraram a nossa solu\u00e7\u00e3o e-mail2SMS nos seus sistemas. Os sistemas enviam um SMS aos clientes sobre o estado do seu caso de servi\u00e7o.<\/li>\n<li>A mesma funcionalidade f\u00e1cil de integrar \u00e9 utilizada por v\u00e1rias companhias de seguros para enviar notifica\u00e7\u00f5es de estado aos clientes sobre os seus pedidos de indemniza\u00e7\u00e3o e outros assuntos relacionados com seguros.<\/li>\n<li>E depois temos tamb\u00e9m uma associa\u00e7\u00e3o de jardinagem empreendedora da verde Amager, que envia convites para reuni\u00f5es gerais e outras informa\u00e7\u00f5es e eventos aos seus colonos. <strong>Que a Dinamarca flores\u00e7a e a primavera chegue!<\/strong><\/li>\n<\/ul>","protected":false},"excerpt":{"rendered":"<p>Modelos de SMS Muitos dos nossos clientes enviam frequentemente o mesmo tipo de mensagens a clientes ou parceiros de neg\u00f3cios, uma e outra vez. \u00c9 uma boa ideia utilizar a op\u00e7\u00e3o de criar modelos no nosso sistema SMS. Com um modelo, pode poupar tempo e garantir que todos os seus utilizadores recebem o melhor... <a title=\"Modelos de SMS\" class=\"read-more\" href=\"https:\/\/suresms.com\/pt\/funktioner\/sms-skabeloner\/\" aria-label=\"Saiba mais sobre os modelos SMS\">Rir mas<\/a><\/p>","protected":false},"author":1,"featured_media":0,"parent":958,"menu_order":8,"comment_status":"closed","ping_status":"closed","template":"","meta":{"_fl_builder_enabled":"1","_fl_builder_data":null,"_fl_builder_draft":null,"_fl_builder_data_settings":null,"_fl_builder_css":"","_fl_builder_css_version":"","_fl_builder_js":"","footnotes":""},"categories":[17],"tags":[],"class_list":{"0":"post-1076","1":"page","2":"type-page","3":"status-publish","5":"category-linkfracornorstone"},"yoast_head":"<!-- This site is optimized with the Yoast SEO Premium plugin v27.3 (Yoast SEO v27.3) - https:\/\/yoast.com\/product\/yoast-seo-premium-wordpress\/ -->\r\n<title>SMS Templates | Opret let mange SMS skabeloner og spar tid<\/title>\r\n<meta name=\"description\" content=\"Skal du sende mange ens beskeder? Opret nemt SMS skabeloner og spar tid og arbejde. gratis funktion . Opret gratis testkonto inkl. 100 SMS&#039;er og pr\u00f8v nu.\" \/>\r\n<meta name=\"robots\" content=\"index, follow, max-snippet:-1, max-image-preview:large, max-video-preview:-1\" \/>\r\n<link rel=\"canonical\" href=\"https:\/\/suresms.com\/pt\/carateristicas\/modelos-de-sms\/\" \/>\r\n<meta property=\"og:locale\" content=\"pt_PT\" \/>\r\n<meta property=\"og:type\" content=\"article\" \/>\r\n<meta property=\"og:title\" content=\"SMS skabeloner\" \/>\r\n<meta property=\"og:description\" content=\"Skal du sende mange ens beskeder? Opret nemt SMS skabeloner og spar tid og arbejde. gratis funktion . Opret gratis testkonto inkl. 100 SMS&#039;er og pr\u00f8v nu.\" \/>\r\n<meta property=\"og:url\" content=\"https:\/\/suresms.com\/pt\/carateristicas\/modelos-de-sms\/\" \/>\r\n<meta property=\"article:publisher\" content=\"https:\/\/www.facebook.com\/p\/SureSMS-100044607956149\/\" \/>\r\n<meta property=\"article:modified_time\" content=\"2024-12-06T13:00:45+00:00\" \/>\r\n<meta name=\"twitter:card\" content=\"summary_large_image\" \/>\r\n<meta name=\"twitter:label1\" content=\"Tempo estimado de leitura\" \/>\n\t<meta name=\"twitter:data1\" content=\"7 minutos\" \/>\r\n<script type=\"application\/ld+json\" class=\"yoast-schema-graph\">{\"@context\":\"https:\\\/\\\/schema.org\",\"@graph\":[{\"@type\":\"WebPage\",\"@id\":\"https:\\\/\\\/suresms.com\\\/dk\\\/funktioner\\\/sms-skabeloner\\\/\",\"url\":\"https:\\\/\\\/suresms.com\\\/dk\\\/funktioner\\\/sms-skabeloner\\\/\",\"name\":\"SMS Templates | Opret let mange SMS skabeloner og spar tid\",\"isPartOf\":{\"@id\":\"https:\\\/\\\/suresms.com\\\/en\\\/#website\"},\"datePublished\":\"2015-02-26T13:14:08+00:00\",\"dateModified\":\"2024-12-06T13:00:45+00:00\",\"description\":\"Skal du sende mange ens beskeder? Opret nemt SMS skabeloner og spar tid og arbejde. gratis funktion . Opret gratis testkonto inkl. 100 SMS'er og pr\u00f8v nu.\",\"breadcrumb\":{\"@id\":\"https:\\\/\\\/suresms.com\\\/dk\\\/funktioner\\\/sms-skabeloner\\\/#breadcrumb\"},\"inLanguage\":\"pt-PT\",\"potentialAction\":[{\"@type\":\"ReadAction\",\"target\":[\"https:\\\/\\\/suresms.com\\\/dk\\\/funktioner\\\/sms-skabeloner\\\/\"]}]},{\"@type\":\"BreadcrumbList\",\"@id\":\"https:\\\/\\\/suresms.com\\\/dk\\\/funktioner\\\/sms-skabeloner\\\/#breadcrumb\",\"itemListElement\":[{\"@type\":\"ListItem\",\"position\":1,\"name\":\"Home\",\"item\":\"https:\\\/\\\/suresms.com\\\/dk\\\/\"},{\"@type\":\"ListItem\",\"position\":2,\"name\":\"Funktioner\",\"item\":\"https:\\\/\\\/suresms.com\\\/dk\\\/funktioner\\\/\"},{\"@type\":\"ListItem\",\"position\":3,\"name\":\"SMS skabeloner\"}]},{\"@type\":\"WebSite\",\"@id\":\"https:\\\/\\\/suresms.com\\\/en\\\/#website\",\"url\":\"https:\\\/\\\/suresms.com\\\/en\\\/\",\"name\":\"SureSMS\",\"description\":\"Professionel SMS Gateway\",\"publisher\":{\"@id\":\"https:\\\/\\\/suresms.com\\\/en\\\/#organization\"},\"potentialAction\":[{\"@type\":\"SearchAction\",\"target\":{\"@type\":\"EntryPoint\",\"urlTemplate\":\"https:\\\/\\\/suresms.com\\\/en\\\/?s={search_term_string}\"},\"query-input\":{\"@type\":\"PropertyValueSpecification\",\"valueRequired\":true,\"valueName\":\"search_term_string\"}}],\"inLanguage\":\"pt-PT\"},{\"@type\":\"Organization\",\"@id\":\"https:\\\/\\\/suresms.com\\\/en\\\/#organization\",\"name\":\"SureSMS\",\"url\":\"https:\\\/\\\/suresms.com\\\/en\\\/\",\"logo\":{\"@type\":\"ImageObject\",\"inLanguage\":\"pt-PT\",\"@id\":\"https:\\\/\\\/suresms.com\\\/en\\\/#\\\/schema\\\/logo\\\/image\\\/\",\"url\":\"https:\\\/\\\/suresms.com\\\/wp-content\\\/uploads\\\/2024\\\/11\\\/suresms-300x65-1.png\",\"contentUrl\":\"https:\\\/\\\/suresms.com\\\/wp-content\\\/uploads\\\/2024\\\/11\\\/suresms-300x65-1.png\",\"width\":300,\"height\":65,\"caption\":\"SureSMS\"},\"image\":{\"@id\":\"https:\\\/\\\/suresms.com\\\/en\\\/#\\\/schema\\\/logo\\\/image\\\/\"},\"sameAs\":[\"https:\\\/\\\/www.facebook.com\\\/p\\\/SureSMS-100044607956149\\\/\"]}]}<\/script>\r\n<!-- \/ Yoast SEO Premium plugin. -->","yoast_head_json":{"title":"Modelos de SMS | Crie facilmente muitos modelos de SMS e poupe tempo","description":"Precisa de enviar muitas mensagens semelhantes? Crie facilmente modelos de SMS e poupe tempo e esfor\u00e7o. funcionalidade gratuita. Crie uma conta de avalia\u00e7\u00e3o gratuita com 100 mensagens SMS e experimente agora.","robots":{"index":"index","follow":"follow","max-snippet":"max-snippet:-1","max-image-preview":"max-image-preview:large","max-video-preview":"max-video-preview:-1"},"canonical":"https:\/\/suresms.com\/pt\/carateristicas\/modelos-de-sms\/","og_locale":"pt_PT","og_type":"article","og_title":"SMS skabeloner","og_description":"Skal du sende mange ens beskeder? Opret nemt SMS skabeloner og spar tid og arbejde. gratis funktion . Opret gratis testkonto inkl. 100 SMS'er og pr\u00f8v nu.","og_url":"https:\/\/suresms.com\/pt\/carateristicas\/modelos-de-sms\/","article_publisher":"https:\/\/www.facebook.com\/p\/SureSMS-100044607956149\/","article_modified_time":"2024-12-06T13:00:45+00:00","twitter_card":"summary_large_image","twitter_misc":{"Tempo estimado de leitura":"7 minutos"},"schema":{"@context":"https:\/\/schema.org","@graph":[{"@type":"WebPage","@id":"https:\/\/suresms.com\/dk\/funktioner\/sms-skabeloner\/","url":"https:\/\/suresms.com\/dk\/funktioner\/sms-skabeloner\/","name":"Modelos de SMS | Crie facilmente muitos modelos de SMS e poupe tempo","isPartOf":{"@id":"https:\/\/suresms.com\/en\/#website"},"datePublished":"2015-02-26T13:14:08+00:00","dateModified":"2024-12-06T13:00:45+00:00","description":"Precisa de enviar muitas mensagens semelhantes? Crie facilmente modelos de SMS e poupe tempo e esfor\u00e7o. funcionalidade gratuita. Crie uma conta de avalia\u00e7\u00e3o gratuita com 100 mensagens SMS e experimente agora.","breadcrumb":{"@id":"https:\/\/suresms.com\/dk\/funktioner\/sms-skabeloner\/#breadcrumb"},"inLanguage":"pt-PT","potentialAction":[{"@type":"ReadAction","target":["https:\/\/suresms.com\/dk\/funktioner\/sms-skabeloner\/"]}]},{"@type":"BreadcrumbList","@id":"https:\/\/suresms.com\/dk\/funktioner\/sms-skabeloner\/#breadcrumb","itemListElement":[{"@type":"ListItem","position":1,"name":"Home","item":"https:\/\/suresms.com\/dk\/"},{"@type":"ListItem","position":2,"name":"Funktioner","item":"https:\/\/suresms.com\/dk\/funktioner\/"},{"@type":"ListItem","position":3,"name":"SMS skabeloner"}]},{"@type":"WebSite","@id":"https:\/\/suresms.com\/en\/#website","url":"https:\/\/suresms.com\/en\/","name":"SureSMS","description":"Gateway SMS profissional","publisher":{"@id":"https:\/\/suresms.com\/en\/#organization"},"potentialAction":[{"@type":"SearchAction","target":{"@type":"EntryPoint","urlTemplate":"https:\/\/suresms.com\/en\/?s={search_term_string}"},"query-input":{"@type":"PropertyValueSpecification","valueRequired":true,"valueName":"search_term_string"}}],"inLanguage":"pt-PT"},{"@type":"Organization","@id":"https:\/\/suresms.com\/en\/#organization","name":"SureSMS","url":"https:\/\/suresms.com\/en\/","logo":{"@type":"ImageObject","inLanguage":"pt-PT","@id":"https:\/\/suresms.com\/en\/#\/schema\/logo\/image\/","url":"https:\/\/suresms.com\/wp-content\/uploads\/2024\/11\/suresms-300x65-1.png","contentUrl":"https:\/\/suresms.com\/wp-content\/uploads\/2024\/11\/suresms-300x65-1.png","width":300,"height":65,"caption":"SureSMS"},"image":{"@id":"https:\/\/suresms.com\/en\/#\/schema\/logo\/image\/"},"sameAs":["https:\/\/www.facebook.com\/p\/SureSMS-100044607956149\/"]}]}},"_links":{"self":[{"href":"https:\/\/suresms.com\/pt\/wp-json\/wp\/v2\/pages\/1076","targetHints":{"allow":["GET"]}}],"collection":[{"href":"https:\/\/suresms.com\/pt\/wp-json\/wp\/v2\/pages"}],"about":[{"href":"https:\/\/suresms.com\/pt\/wp-json\/wp\/v2\/types\/page"}],"author":[{"embeddable":true,"href":"https:\/\/suresms.com\/pt\/wp-json\/wp\/v2\/users\/1"}],"replies":[{"embeddable":true,"href":"https:\/\/suresms.com\/pt\/wp-json\/wp\/v2\/comments?post=1076"}],"version-history":[{"count":2,"href":"https:\/\/suresms.com\/pt\/wp-json\/wp\/v2\/pages\/1076\/revisions"}],"predecessor-version":[{"id":19491,"href":"https:\/\/suresms.com\/pt\/wp-json\/wp\/v2\/pages\/1076\/revisions\/19491"}],"up":[{"embeddable":true,"href":"https:\/\/suresms.com\/pt\/wp-json\/wp\/v2\/pages\/958"}],"wp:attachment":[{"href":"https:\/\/suresms.com\/pt\/wp-json\/wp\/v2\/media?parent=1076"}],"wp:term":[{"taxonomy":"category","embeddable":true,"href":"https:\/\/suresms.com\/pt\/wp-json\/wp\/v2\/categories?post=1076"},{"taxonomy":"post_tag","embeddable":true,"href":"https:\/\/suresms.com\/pt\/wp-json\/wp\/v2\/tags?post=1076"}],"curies":[{"name":"wp","href":"https:\/\/api.w.org\/{rel}","templated":true}]}}