{"id":1070,"date":"2015-02-26T13:10:48","date_gmt":"2015-02-26T11:10:48","guid":{"rendered":"https:\/\/www.suresms.com\/dk\/?page_id=1070"},"modified":"2025-12-03T11:07:56","modified_gmt":"2025-12-03T11:07:56","slug":"remetente-auto-selecionado-da-sua-mensagem","status":"publish","type":"page","link":"https:\/\/suresms.com\/pt\/funktioner\/selvvalgt-afsender-pa-din-besked\/","title":{"rendered":"Remetente auto-selecionado da sua mensagem"},"content":{"rendered":"<!-- Flexy Breadcrumb -->\r\n\t\t\t<div class=\"fbc fbc-page\">\r\n\r\n\t\t\t\t<!-- Breadcrumb wrapper -->\r\n\t\t\t\t<div class=\"fbc-wrap\">\r\n\r\n\t\t\t\t\t<!-- Ordered list-->\r\n\t\t\t\t\t<ol class=\"fbc-items\" itemscope itemtype=\"https:\/\/schema.org\/BreadcrumbList\">\r\n\t\t\t\t\t\t            <li itemprop=\"itemListElement\" itemscope itemtype=\"https:\/\/schema.org\/ListItem\">\r\n                <span itemprop=\"name\">\r\n                    <!-- Home Link -->\r\n                    <a itemprop=\"item\" href=\"https:\/\/suresms.com\/pt\/\">\r\n                    \r\n                                                    <i class=\"fa fa-home\" aria-hidden=\"true\"><\/i>In\u00edcio                    <\/a>\r\n                <\/span>\r\n                <meta itemprop=\"position\" content=\"1\" \/><!-- Meta Position-->\r\n             <\/li><li><span class=\"fbc-separator\">\/<\/span><\/li><li class=\"active\" itemprop=\"itemListElement\" itemscope itemtype=\"https:\/\/schema.org\/ListItem\"><span itemprop=\"name\" title=\"Remetente auto-selecionado da sua mensagem\">Remetente auto-selecionado no seu...<\/span><meta itemprop=\"position\" content=\"2\" \/><\/li>\t\t\t\t\t<\/ol>\r\n\t\t\t\t\t<div class=\"clearfix\"><\/div>\r\n\t\t\t\t<\/div>\r\n\t\t\t<\/div>\r\n\t\t\t\n\t<h1>Remetente auto-selecionado da sua mensagem<\/h1>\n\t\t\t\t<img decoding=\"async\" src=\"https:\/\/suresms.com\/wp-content\/uploads\/2022\/06\/Not-allowed-senderid-1.png\" alt=\"Identifica\u00e7\u00e3o opcional do remetente nas suas mensagens\" itemprop=\"image\" height=\"388\" width=\"1400\" title=\"N\u00e3o permitido senderid\" onerror=\"this.style.display='none'\" loading=\"lazy\" \/>\n\t<p>Quando envia uma mensagem SMS a partir do nosso portal SMS, pode escolher o remetente. Isto significa que pode decidir quem \u00e9 o remetente quando a mensagem chega ao telem\u00f3vel do destinat\u00e1rio. \u00c9 claro que n\u00e3o pode escolher SKAT, Nets ou Police, como mostra a imagem acima. Temos de aprovar o remetente e, se n\u00e3o estiver relacionado com a sua empresa ou organiza\u00e7\u00e3o, n\u00e3o aprovaremos o remetente.<\/p>\n\t\t\t\t<img decoding=\"async\" src=\"https:\/\/suresms.com\/wp-content\/uploads\/2022\/06\/All-senderids-are-manually-approved-1.png\" alt=\"Todos os senderids s\u00e3o aprovados manualmente\" itemprop=\"image\" height=\"137\" width=\"1271\" title=\"Todos os senderids s\u00e3o aprovados manualmente\" onerror=\"this.style.display='none'\" loading=\"lazy\" \/>\n\t<h4><strong>Remetente alfanum\u00e9rico ou num\u00e9rico<\/strong><\/h4>\n<p>A primeira coisa que tem de decidir \u00e9 se pretende utilizar um remetente alfanum\u00e9rico ou num\u00e9rico.<\/p>\n<p><strong>Um remetente alfanum\u00e9rico \u00e9 uma combina\u00e7\u00e3o de letras.<\/strong> Por exemplo, pode escolher o remetente \"Club\" ou \"FashionShop\". Se escolher um remetente alfanum\u00e9rico, o destinat\u00e1rio n\u00e3o poder\u00e1 responder \u00e0 mensagem. Por conseguinte, deve incluir um n\u00famero na mensagem se quiser que o destinat\u00e1rio possa entrar em contacto consigo.<\/p>\n<p>Outra op\u00e7\u00e3o \u00e9 selecionar um remetente num\u00e9rico.<\/p>\n<p><strong>Um remetente num\u00e9rico \u00e9 simplesmente um n\u00famero de telefone.<\/strong> Pode escolher o seu pr\u00f3prio n\u00famero de telefone ou, por exemplo, o n\u00famero de telefone da empresa como remetente. Quando o destinat\u00e1rio da mensagem responder \u00e0 mensagem, a resposta ser\u00e1 automaticamente enviada para o telem\u00f3vel que cont\u00e9m o cart\u00e3o SIM com o n\u00famero selecionado.<\/p>\n<p>&nbsp;<\/p>\n\t<h4><strong>Apenas remetentes leg\u00edtimos<\/strong><\/h4>\n<p>Aprovamos manualmente todos os remetentes antes de serem lan\u00e7ados. Isto significa que n\u00e3o pode receber remetentes como PostNord, Nets ou POLITI. Fazemos isto para aumentar a seguran\u00e7a em geral e a confian\u00e7a nos SMS em particular.<\/p>\n<h4><strong>Pr\u00f3s e contras<\/strong><\/h4>\n<p>H\u00e1 pr\u00f3s e contras em ambas as solu\u00e7\u00f5es. Com um remetente alfanum\u00e9rico, a sua marca \u00e9 mais forte e a mensagem \u00e9 mais personalizada. Um remetente alfanum\u00e9rico N\u00c3O inclui o n\u00famero a partir do qual a mensagem \u00e9 enviada. Isto significa que na mensagem SMS tem de escrever como o destinat\u00e1rio o pode contactar se quiser uma resposta.<\/p>\n<p>Com um remetente num\u00e9rico, responder \u00e9 r\u00e1pido e f\u00e1cil. O fluxo de trabalho f\u00e1cil torna mais acess\u00edvel ao destinat\u00e1rio o envio da resposta, evitando a possibilidade de um utilizador lhe enviar uma resposta que N\u00c3O recebe.<\/p>\n\t\t\t<a href=\"https:\/\/app.suresms.com\/account\/signup\" target=\"_blank\" rel=\"noopener\">\n\t\t\t\t\t\t\tCriar uma conta gratuita\n\t\t\t\t\t<\/a>\n\t<h4><strong>Algumas limita\u00e7\u00f5es<\/strong><\/h4>\n<p>Se escolher o remetente alfanum\u00e9rico, deve saber que s\u00f3 pode escolher um remetente com um m\u00e1ximo de 11 caracteres. Esta \u00e9 uma limita\u00e7\u00e3o do protocolo SMS, o que significa que se aplica a todos os que enviam mensagens SMS. N\u00e3o \u00e9 algo que n\u00f3s na SureSMS possamos alterar.<\/p>\n<p>Se escolher um remetente alfanum\u00e9rico, a Sure SMS alterar\u00e1 o remetente. Fazemo-lo por raz\u00f5es de seguran\u00e7a, para garantir que o utilizador n\u00e3o se faz passar por outra pessoa que n\u00e3o \u00e9 quem \u00e9. Esta \u00e9 uma medida de seguran\u00e7a que introduzimos depois de os gateways SMS de colegas do sector terem sido utilizados indevidamente para enviar mensagens com remetentes falsos.<\/p>\n<p>Pode encomendar tantos remetentes alfanum\u00e9ricos diferentes quantos desejar. N\u00e3o tem qualquer custo adicional, n\u00f3s apenas os introduzimos no sistema por si.<\/p>\n<p>Leia mais sobre as muitas outras funcionalidades gratuitas do nosso portal. <a title=\"Carater\u00edsticas e fun\u00e7\u00f5es\" href=\"https:\/\/suresms.com\/pt\/carateristicas\/\">Regressar ao menu Carater\u00edsticas e fun\u00e7\u00f5es.<\/a><\/p>\n\t\t<h4>Pretende criar uma conta imediatamente? <\/h4>\n\t\t<p>Estamos prontos e \u00e0 espera de o receber como cliente SureSMS!<\/p>\n\t\t\t<a href=\"https:\/\/suresms.com\/pt\/criar-conta-sms-gateway\/\" target=\"_self\">\n\t\t\t\t\t\t\tCriar uma conta SureSMS!\n\t\t\t\t\t<\/a>\n\t\t<h4>Encomende uma solu\u00e7\u00e3o de 2 vias!<\/h4>\n\t\t<p>J\u00e1 tem uma conta? Encomende uma solu\u00e7\u00e3o bidirecional e obtenha as op\u00e7\u00f5es adicionais que a sua pr\u00f3pria solu\u00e7\u00e3o oferece.\u00a0<\/p>\n\t\t\t<a href=\"https:\/\/suresms.com\/pt\/encomendar-descarga-de-2-vias\/\" target=\"_self\">\n\t\t\t\t\t\t\tEncomendar solu\u00e7\u00e3o de 2 vias\n\t\t\t\t\t<\/a>\n\t<h4><strong>Aqui pode ler alguns exemplos de como os nossos clientes est\u00e3o atualmente a utilizar a funcionalidade: \"Remetente auto-selecionado em SMS\"<\/strong><\/h4>\n\n<ul> \t\n<li>V\u00e1rias das nossas empresas que representam v\u00e1rias marcas t\u00eam uma administra\u00e7\u00e3o que gere a comunica\u00e7\u00e3o. Quando enviam mensagens SMS aos utilizadores, criaram v\u00e1rios remetentes e, em seguida, selecionam simplesmente a marca da qual est\u00e3o a escrever no campo do remetente. V\u00e1rias marcas, mas uma empresa e uma gest\u00e3o.<\/li>\n\n<li>V\u00e1rias das nossas organiza\u00e7\u00f5es t\u00eam diferentes membros da dire\u00e7\u00e3o que enviam mensagens SMS a partir do nosso s\u00edtio Web. No campo do remetente, podem facilmente selecionar \"Tesoureiro, \"Presidente\" ou \"Dire\u00e7\u00e3o\", dependendo de quem envia a mensagem. Mas todo o grupo tem uma vis\u00e3o completa das mensagens da organiza\u00e7\u00e3o.<\/li>\n\n<li>Um dos nossos sal\u00f5es escolhe o seu n\u00famero de telem\u00f3vel ou o nome do sal\u00e3o como remetente, consoante se trate de mensagens ou campanhas enviadas aos clientes. Para as campanhas, o nome \u00e9 importante; para as vagas ou outros pedidos de informa\u00e7\u00e3o, os clientes precisam de poder responder.<\/li>\n<\/ul>\n\t\t<h3><a href=\"http:\/\/suresms.com\/pt\/documentos\/\" target=\"_self\">Visite o nosso s\u00edtio Web do Manual<\/a><\/h3>\n\t\t\t\t<a href=\"http:\/\/suresms.com\/pt\/documentos\/\"  target=\"_self\" itemprop=\"url\">\n\t\t\t\t<img decoding=\"async\" src=\"https:\/\/suresms.com\/wp-content\/uploads\/bb-plugin\/cache\/Manual-400x250-px1-panorama-e9e3d5dc2346ff0881cf6ebd5537712d-.jpg\" alt=\"manual do s\u00edtio web suresms\" itemprop=\"image\" height=\"250\" width=\"400\" title=\"Manual 400x250 px\" onerror=\"this.style.display='none'\" loading=\"lazy\" \/>\n\t\t\t\t<\/a>\n<p>Para ajudar os nossos clientes, reunimos todas as instru\u00e7\u00f5es e descri\u00e7\u00f5es em suresms.com\/docs. Aqui pode ver como funciona o nosso portal e obter instru\u00e7\u00f5es simples e f\u00e1ceis de utilizar para as muitas funcionalidades.<\/p>\n\t\t<h3><a href=\"http:\/\/developer.suresms.com\/\" target=\"_self\">desenvolvedor.suresms.com<\/a><\/h3>\n\t\t\t\t<a href=\"http:\/\/developer.suresms.com\/\"  target=\"_self\" itemprop=\"url\">\n\t\t\t\t<img decoding=\"async\" src=\"https:\/\/suresms.com\/wp-content\/uploads\/bb-plugin\/cache\/developer-400x250-px-panorama-dcae33984faa2af9c04c6a2b37f15958-.jpg\" alt=\"programador suresms s\u00edtio web para programadores\" itemprop=\"image\" height=\"250\" width=\"400\" title=\"desenvolvedor 400x250 px\" onerror=\"this.style.display='none'\" loading=\"lazy\" \/>\n\t\t\t\t<\/a>\nSureSMS \u00e9 feito por programadores para programadores!<br \/>\nEm developer.suresms.com reunimos documenta\u00e7\u00e3o e exemplos de c\u00f3digo para facilitar a integra\u00e7\u00e3o do nosso gateway no seu sistema.\n\t\t<h3><a href=\"https:\/\/www.youtube.com\/channel\/UC1XGC5rl9mI9ndtBVn8yq7g\" target=\"_self\">Veja os nossos v\u00eddeos de instru\u00e7\u00f5es!<\/a><\/h3>\n\t\t\t\t<a href=\"https:\/\/www.youtube.com\/channel\/UC1XGC5rl9mI9ndtBVn8yq7g\"  target=\"_self\" itemprop=\"url\">\n\t\t\t\t<img decoding=\"async\" src=\"https:\/\/suresms.com\/wp-content\/uploads\/bb-plugin\/cache\/you-tube400x250px-panorama-60bfdf50fa411bc1f1119324993b555c-.jpg\" alt=\"suresms sms gateway v\u00eddeos do you tube\" itemprop=\"image\" height=\"250\" width=\"400\" title=\"you tube 400x250px\" onerror=\"this.style.display='none'\" loading=\"lazy\" \/>\n\t\t\t\t<\/a>\n<p>Est\u00e1 a come\u00e7ar a utilizar uma nova funcionalidade? Ou precisa apenas de saber um pouco mais sobre o funcionamento do nosso portal? No Youtube, reunimos os nossos v\u00eddeos de instru\u00e7\u00f5es. Pronto para come\u00e7ar!<\/p>","protected":false},"excerpt":{"rendered":"<p>Escolha o remetente da sua mensagem Quando envia uma mensagem SMS a partir do nosso portal SMS, pode escolher o remetente. Isto significa que pode escolher quem quer que seja o remetente quando a mensagem chegar ao telem\u00f3vel do destinat\u00e1rio. Claro que n\u00e3o pode escolher SKAT, Nets ou Police como na imagem acima... <a title=\"Remetente auto-selecionado da sua mensagem\" class=\"read-more\" href=\"https:\/\/suresms.com\/pt\/funktioner\/selvvalgt-afsender-pa-din-besked\/\" aria-label=\"Leia mais sobre Remetente auto-selecionado da sua mensagem\">Rir mas<\/a><\/p>","protected":false},"author":1,"featured_media":0,"parent":958,"menu_order":7,"comment_status":"closed","ping_status":"closed","template":"","meta":{"_fl_builder_enabled":"1","_fl_builder_data":null,"_fl_builder_draft":null,"_fl_builder_data_settings":null,"_fl_builder_css":"","_fl_builder_css_version":"","_fl_builder_js":"","footnotes":""},"categories":[17],"tags":[],"class_list":{"0":"post-1070","1":"page","2":"type-page","3":"status-publish","5":"category-linkfracornorstone"},"yoast_head":"<!-- This site is optimized with the Yoast SEO Premium plugin v27.3 (Yoast SEO v27.3) - https:\/\/yoast.com\/product\/yoast-seo-premium-wordpress\/ -->\r\n<title>Send anonym SMS | Send dine beskeder fra selvvalgt afsender<\/title>\r\n<meta name=\"description\" content=\"Find fleksible sms l\u00f8sninger her. Send anonym sms, send sms til hele verden eller send sms til brugere og kunder.\" \/>\r\n<meta name=\"robots\" content=\"index, follow, max-snippet:-1, max-image-preview:large, max-video-preview:-1\" \/>\r\n<link rel=\"canonical\" href=\"https:\/\/suresms.com\/pt\/carateristicas\/remetente-auto-selecionado-da-sua-mensagem\/\" \/>\r\n<meta property=\"og:locale\" content=\"pt_PT\" \/>\r\n<meta property=\"og:type\" content=\"article\" \/>\r\n<meta property=\"og:title\" content=\"Selvvalgt afsender p\u00e5 din besked\" \/>\r\n<meta property=\"og:description\" content=\"Find fleksible sms l\u00f8sninger her. Send anonym sms, send sms til hele verden eller send sms til brugere og kunder.\" \/>\r\n<meta property=\"og:url\" content=\"https:\/\/suresms.com\/pt\/carateristicas\/remetente-auto-selecionado-da-sua-mensagem\/\" \/>\r\n<meta property=\"article:publisher\" content=\"https:\/\/www.facebook.com\/p\/SureSMS-100044607956149\/\" \/>\r\n<meta property=\"article:modified_time\" content=\"2025-12-03T11:07:56+00:00\" \/>\r\n<meta property=\"og:image\" content=\"https:\/\/suresms.com\/wp-content\/uploads\/2022\/06\/Not-allowed-senderid-1.png\" \/>\r\n<meta name=\"twitter:card\" content=\"summary_large_image\" \/>\r\n<meta name=\"twitter:label1\" content=\"Tempo estimado de leitura\" \/>\n\t<meta name=\"twitter:data1\" content=\"6 minutos\" \/>\r\n<script type=\"application\/ld+json\" class=\"yoast-schema-graph\">{\"@context\":\"https:\\\/\\\/schema.org\",\"@graph\":[{\"@type\":\"WebPage\",\"@id\":\"https:\\\/\\\/suresms.com\\\/dk\\\/funktioner\\\/selvvalgt-afsender-pa-din-besked\\\/\",\"url\":\"https:\\\/\\\/suresms.com\\\/dk\\\/funktioner\\\/selvvalgt-afsender-pa-din-besked\\\/\",\"name\":\"Send anonym SMS | Send dine beskeder fra selvvalgt afsender\",\"isPartOf\":{\"@id\":\"https:\\\/\\\/suresms.com\\\/en\\\/#website\"},\"primaryImageOfPage\":{\"@id\":\"https:\\\/\\\/suresms.com\\\/dk\\\/funktioner\\\/selvvalgt-afsender-pa-din-besked\\\/#primaryimage\"},\"image\":{\"@id\":\"https:\\\/\\\/suresms.com\\\/dk\\\/funktioner\\\/selvvalgt-afsender-pa-din-besked\\\/#primaryimage\"},\"thumbnailUrl\":\"https:\\\/\\\/suresms.com\\\/wp-content\\\/uploads\\\/2022\\\/06\\\/Not-allowed-senderid-1.png\",\"datePublished\":\"2015-02-26T11:10:48+00:00\",\"dateModified\":\"2025-12-03T11:07:56+00:00\",\"description\":\"Find fleksible sms l\u00f8sninger her. Send anonym sms, send sms til hele verden eller send sms til brugere og kunder.\",\"breadcrumb\":{\"@id\":\"https:\\\/\\\/suresms.com\\\/dk\\\/funktioner\\\/selvvalgt-afsender-pa-din-besked\\\/#breadcrumb\"},\"inLanguage\":\"pt-PT\",\"potentialAction\":[{\"@type\":\"ReadAction\",\"target\":[\"https:\\\/\\\/suresms.com\\\/dk\\\/funktioner\\\/selvvalgt-afsender-pa-din-besked\\\/\"]}]},{\"@type\":\"ImageObject\",\"inLanguage\":\"pt-PT\",\"@id\":\"https:\\\/\\\/suresms.com\\\/dk\\\/funktioner\\\/selvvalgt-afsender-pa-din-besked\\\/#primaryimage\",\"url\":\"https:\\\/\\\/suresms.com\\\/wp-content\\\/uploads\\\/2022\\\/06\\\/Not-allowed-senderid-1.png\",\"contentUrl\":\"https:\\\/\\\/suresms.com\\\/wp-content\\\/uploads\\\/2022\\\/06\\\/Not-allowed-senderid-1.png\"},{\"@type\":\"BreadcrumbList\",\"@id\":\"https:\\\/\\\/suresms.com\\\/dk\\\/funktioner\\\/selvvalgt-afsender-pa-din-besked\\\/#breadcrumb\",\"itemListElement\":[{\"@type\":\"ListItem\",\"position\":1,\"name\":\"Home\",\"item\":\"https:\\\/\\\/suresms.com\\\/dk\\\/\"},{\"@type\":\"ListItem\",\"position\":2,\"name\":\"Funktioner\",\"item\":\"https:\\\/\\\/suresms.com\\\/dk\\\/funktioner\\\/\"},{\"@type\":\"ListItem\",\"position\":3,\"name\":\"Selvvalgt afsender p\u00e5 din besked\"}]},{\"@type\":\"WebSite\",\"@id\":\"https:\\\/\\\/suresms.com\\\/en\\\/#website\",\"url\":\"https:\\\/\\\/suresms.com\\\/en\\\/\",\"name\":\"SureSMS\",\"description\":\"Professionel SMS Gateway\",\"publisher\":{\"@id\":\"https:\\\/\\\/suresms.com\\\/en\\\/#organization\"},\"potentialAction\":[{\"@type\":\"SearchAction\",\"target\":{\"@type\":\"EntryPoint\",\"urlTemplate\":\"https:\\\/\\\/suresms.com\\\/en\\\/?s={search_term_string}\"},\"query-input\":{\"@type\":\"PropertyValueSpecification\",\"valueRequired\":true,\"valueName\":\"search_term_string\"}}],\"inLanguage\":\"pt-PT\"},{\"@type\":\"Organization\",\"@id\":\"https:\\\/\\\/suresms.com\\\/en\\\/#organization\",\"name\":\"SureSMS\",\"url\":\"https:\\\/\\\/suresms.com\\\/en\\\/\",\"logo\":{\"@type\":\"ImageObject\",\"inLanguage\":\"pt-PT\",\"@id\":\"https:\\\/\\\/suresms.com\\\/en\\\/#\\\/schema\\\/logo\\\/image\\\/\",\"url\":\"https:\\\/\\\/suresms.com\\\/wp-content\\\/uploads\\\/2024\\\/11\\\/suresms-300x65-1.png\",\"contentUrl\":\"https:\\\/\\\/suresms.com\\\/wp-content\\\/uploads\\\/2024\\\/11\\\/suresms-300x65-1.png\",\"width\":300,\"height\":65,\"caption\":\"SureSMS\"},\"image\":{\"@id\":\"https:\\\/\\\/suresms.com\\\/en\\\/#\\\/schema\\\/logo\\\/image\\\/\"},\"sameAs\":[\"https:\\\/\\\/www.facebook.com\\\/p\\\/SureSMS-100044607956149\\\/\"]}]}<\/script>\r\n<!-- \/ Yoast SEO Premium plugin. -->","yoast_head_json":{"title":"Enviar SMS an\u00f3nimos | Enviar as suas mensagens a partir do remetente da sua escolha","description":"Encontre aqui solu\u00e7\u00f5es flex\u00edveis de SMS. Envie SMS an\u00f3nimos, envie SMS para o mundo ou envie SMS para utilizadores e clientes.","robots":{"index":"index","follow":"follow","max-snippet":"max-snippet:-1","max-image-preview":"max-image-preview:large","max-video-preview":"max-video-preview:-1"},"canonical":"https:\/\/suresms.com\/pt\/carateristicas\/remetente-auto-selecionado-da-sua-mensagem\/","og_locale":"pt_PT","og_type":"article","og_title":"Selvvalgt afsender p\u00e5 din besked","og_description":"Find fleksible sms l\u00f8sninger her. Send anonym sms, send sms til hele verden eller send sms til brugere og kunder.","og_url":"https:\/\/suresms.com\/pt\/carateristicas\/remetente-auto-selecionado-da-sua-mensagem\/","article_publisher":"https:\/\/www.facebook.com\/p\/SureSMS-100044607956149\/","article_modified_time":"2025-12-03T11:07:56+00:00","og_image":[{"url":"https:\/\/suresms.com\/wp-content\/uploads\/2022\/06\/Not-allowed-senderid-1.png","type":"","width":"","height":""}],"twitter_card":"summary_large_image","twitter_misc":{"Tempo estimado de leitura":"6 minutos"},"schema":{"@context":"https:\/\/schema.org","@graph":[{"@type":"WebPage","@id":"https:\/\/suresms.com\/dk\/funktioner\/selvvalgt-afsender-pa-din-besked\/","url":"https:\/\/suresms.com\/dk\/funktioner\/selvvalgt-afsender-pa-din-besked\/","name":"Enviar SMS an\u00f3nimos | Enviar as suas mensagens a partir do remetente da sua escolha","isPartOf":{"@id":"https:\/\/suresms.com\/en\/#website"},"primaryImageOfPage":{"@id":"https:\/\/suresms.com\/dk\/funktioner\/selvvalgt-afsender-pa-din-besked\/#primaryimage"},"image":{"@id":"https:\/\/suresms.com\/dk\/funktioner\/selvvalgt-afsender-pa-din-besked\/#primaryimage"},"thumbnailUrl":"https:\/\/suresms.com\/wp-content\/uploads\/2022\/06\/Not-allowed-senderid-1.png","datePublished":"2015-02-26T11:10:48+00:00","dateModified":"2025-12-03T11:07:56+00:00","description":"Encontre aqui solu\u00e7\u00f5es flex\u00edveis de SMS. Envie SMS an\u00f3nimos, envie SMS para o mundo ou envie SMS para utilizadores e clientes.","breadcrumb":{"@id":"https:\/\/suresms.com\/dk\/funktioner\/selvvalgt-afsender-pa-din-besked\/#breadcrumb"},"inLanguage":"pt-PT","potentialAction":[{"@type":"ReadAction","target":["https:\/\/suresms.com\/dk\/funktioner\/selvvalgt-afsender-pa-din-besked\/"]}]},{"@type":"ImageObject","inLanguage":"pt-PT","@id":"https:\/\/suresms.com\/dk\/funktioner\/selvvalgt-afsender-pa-din-besked\/#primaryimage","url":"https:\/\/suresms.com\/wp-content\/uploads\/2022\/06\/Not-allowed-senderid-1.png","contentUrl":"https:\/\/suresms.com\/wp-content\/uploads\/2022\/06\/Not-allowed-senderid-1.png"},{"@type":"BreadcrumbList","@id":"https:\/\/suresms.com\/dk\/funktioner\/selvvalgt-afsender-pa-din-besked\/#breadcrumb","itemListElement":[{"@type":"ListItem","position":1,"name":"Home","item":"https:\/\/suresms.com\/dk\/"},{"@type":"ListItem","position":2,"name":"Funktioner","item":"https:\/\/suresms.com\/dk\/funktioner\/"},{"@type":"ListItem","position":3,"name":"Selvvalgt afsender p\u00e5 din besked"}]},{"@type":"WebSite","@id":"https:\/\/suresms.com\/en\/#website","url":"https:\/\/suresms.com\/en\/","name":"SureSMS","description":"Gateway SMS profissional","publisher":{"@id":"https:\/\/suresms.com\/en\/#organization"},"potentialAction":[{"@type":"SearchAction","target":{"@type":"EntryPoint","urlTemplate":"https:\/\/suresms.com\/en\/?s={search_term_string}"},"query-input":{"@type":"PropertyValueSpecification","valueRequired":true,"valueName":"search_term_string"}}],"inLanguage":"pt-PT"},{"@type":"Organization","@id":"https:\/\/suresms.com\/en\/#organization","name":"SureSMS","url":"https:\/\/suresms.com\/en\/","logo":{"@type":"ImageObject","inLanguage":"pt-PT","@id":"https:\/\/suresms.com\/en\/#\/schema\/logo\/image\/","url":"https:\/\/suresms.com\/wp-content\/uploads\/2024\/11\/suresms-300x65-1.png","contentUrl":"https:\/\/suresms.com\/wp-content\/uploads\/2024\/11\/suresms-300x65-1.png","width":300,"height":65,"caption":"SureSMS"},"image":{"@id":"https:\/\/suresms.com\/en\/#\/schema\/logo\/image\/"},"sameAs":["https:\/\/www.facebook.com\/p\/SureSMS-100044607956149\/"]}]}},"_links":{"self":[{"href":"https:\/\/suresms.com\/pt\/wp-json\/wp\/v2\/pages\/1070","targetHints":{"allow":["GET"]}}],"collection":[{"href":"https:\/\/suresms.com\/pt\/wp-json\/wp\/v2\/pages"}],"about":[{"href":"https:\/\/suresms.com\/pt\/wp-json\/wp\/v2\/types\/page"}],"author":[{"embeddable":true,"href":"https:\/\/suresms.com\/pt\/wp-json\/wp\/v2\/users\/1"}],"replies":[{"embeddable":true,"href":"https:\/\/suresms.com\/pt\/wp-json\/wp\/v2\/comments?post=1070"}],"version-history":[{"count":9,"href":"https:\/\/suresms.com\/pt\/wp-json\/wp\/v2\/pages\/1070\/revisions"}],"predecessor-version":[{"id":23569,"href":"https:\/\/suresms.com\/pt\/wp-json\/wp\/v2\/pages\/1070\/revisions\/23569"}],"up":[{"embeddable":true,"href":"https:\/\/suresms.com\/pt\/wp-json\/wp\/v2\/pages\/958"}],"wp:attachment":[{"href":"https:\/\/suresms.com\/pt\/wp-json\/wp\/v2\/media?parent=1070"}],"wp:term":[{"taxonomy":"category","embeddable":true,"href":"https:\/\/suresms.com\/pt\/wp-json\/wp\/v2\/categories?post=1070"},{"taxonomy":"post_tag","embeddable":true,"href":"https:\/\/suresms.com\/pt\/wp-json\/wp\/v2\/tags?post=1070"}],"curies":[{"name":"wp","href":"https:\/\/api.w.org\/{rel}","templated":true}]}}