{"id":10,"date":"2013-11-26T08:53:21","date_gmt":"2013-11-26T08:53:21","guid":{"rendered":"http:\/\/suresms-gateway.dk\/?page_id=10"},"modified":"2025-10-08T16:02:19","modified_gmt":"2025-10-08T16:02:19","slug":"suporte-suresms","status":"publish","type":"page","link":"https:\/\/suresms.com\/pt\/om-suresms\/suresms-support\/","title":{"rendered":"Suporte SureSMS 24\/7"},"content":{"rendered":"<!-- Flexy Breadcrumb -->\r\n\t\t\t<div class=\"fbc fbc-page\">\r\n\r\n\t\t\t\t<!-- Breadcrumb wrapper -->\r\n\t\t\t\t<div class=\"fbc-wrap\">\r\n\r\n\t\t\t\t\t<!-- Ordered list-->\r\n\t\t\t\t\t<ol class=\"fbc-items\" itemscope itemtype=\"https:\/\/schema.org\/BreadcrumbList\">\r\n\t\t\t\t\t\t            <li itemprop=\"itemListElement\" itemscope itemtype=\"https:\/\/schema.org\/ListItem\">\r\n                <span itemprop=\"name\">\r\n                    <!-- Home Link -->\r\n                    <a itemprop=\"item\" href=\"https:\/\/suresms.com\/pt\/\">\r\n                    \r\n                                                    <i class=\"fa fa-home\" aria-hidden=\"true\"><\/i>In\u00edcio                    <\/a>\r\n                <\/span>\r\n                <meta itemprop=\"position\" content=\"1\" \/><!-- Meta Position-->\r\n             <\/li><li><span class=\"fbc-separator\">\/<\/span><\/li><li class=\"active\" itemprop=\"itemListElement\" itemscope itemtype=\"https:\/\/schema.org\/ListItem\"><span itemprop=\"name\" title=\"Suporte SureSMS 24\/7\">Suporte SureSMS 24\/7<\/span><meta itemprop=\"position\" content=\"2\" \/><\/li>\t\t\t\t\t<\/ol>\r\n\t\t\t\t\t<div class=\"clearfix\"><\/div>\r\n\t\t\t\t<\/div>\r\n\t\t\t<\/div>\r\n\t\t\t\n<h1>\n\t\t\tSuporte 24\/7\t<\/h1>\n\t<p><strong>Garantir que o nosso portal funciona da melhor forma para os nossos clientes \u00e9 o mais importante para n\u00f3s.<\/strong><\/p>\n<p>\u00c9 por isso que opt\u00e1mos por dar prioridade ao suporte 100 %. Temos programadores e t\u00e9cnicos qualificados respons\u00e1veis pelo suporte. As mesmas pessoas que conhecem o sistema por dentro e por fora.<\/p>\n<p>Para satisfazer os nossos clientes, \u00e9 necess\u00e1rio que estes obtenham a ajuda de que necessitam.<\/p>\n<p><strong>\u00c9 SEMPRE bem-vindo a contactar-nos na SureSMS!<\/strong><\/p>\n<p>Tem alguma pergunta? Precisa de ajuda? Ou tem uma nova tarefa que o podemos ajudar a resolver?<\/p>\n<p>Tire partido de uma das nossas muitas op\u00e7\u00f5es de apoio descritas abaixo. Aguardamos o seu contacto!<\/p>\n\t\t\t\t<img decoding=\"async\" src=\"https:\/\/suresms.com\/wp-content\/uploads\/2013\/11\/help-1019912_500x350-pix-e1473253361719.jpg\" alt=\"suporte sms gateway 24\/7 suresms\" itemprop=\"image\" height=\"280\" width=\"400\" title=\"Apoio de emerg\u00eancia 24\/7\" onerror=\"this.style.display='none'\" loading=\"lazy\" \/>\n\t<h4><strong>Na SureSMS tem muitas op\u00e7\u00f5es para obter apoio para a sua solu\u00e7\u00e3o SMS:<\/strong><\/h4>\n\t\t<h3><a href=\"http:\/\/www.teamviewer.com\/link\/?url=505374&#038;id=1248079762\" target=\"_blank\"  rel=\"noopener\">Suporte remoto<\/a><\/h3><p>Por vezes, precisamos de ter acesso ao seu computador para prestar o melhor apoio. Clique no bot\u00e3o azul para nos permitir um acesso tempor\u00e1rio.<\/p>\n\t<!-- TeamViewer Logo (generated at https:\/\/www.teamviewer.com) -->\n  <a href=\"https:\/\/www.teamviewer.com\/link\/?url=505374&#038;id=1607343389772\">\n    <img loading=\"lazy\" decoding=\"async\" src=\"https:\/\/static.teamviewer.com\/resources\/badges\/teamviewer_badge_flat4.png\" alt=\"TeamViewer para suporte remoto\" title=\"TeamViewer para suporte remoto\" border=\"0\" width=\"234\" height=\"60\" \/>\n  <\/a>\n\t<h3>Com o Team Viewer, podemos prestar apoio direto<\/h3>\n<p>Se os nossos clientes necessitarem de mais ajuda pr\u00e1tica, utilizamos frequentemente o Team Viewer. Atrav\u00e9s deste programa, podemos prestar apoio remoto.<\/p>\n<p>Isto significa que, mesmo que estejamos em Hvidovre, na Dinamarca, e o utilizador esteja noutro local, podemos entrar diretamente no seu computador e ver o que se passa.<\/p>\n<p>O utilizador d\u00e1-nos acesso tempor\u00e1rio ao seu computador, partilhando connosco uma identifica\u00e7\u00e3o e uma palavra-passe. O acesso \u00e9, obviamente, tempor\u00e1rio e ser\u00e1 eliminado assim que o programa for encerrado.<\/p>\n<h4>\n\t\t\tPreencher o formul\u00e1rio de contacto\t<\/h4>\n\t\n<div class=\"wpcf7 no-js\" id=\"wpcf7-f2264-o1\" lang=\"da-DK\" dir=\"ltr\" data-wpcf7-id=\"2264\">\n<div class=\"screen-reader-response\"><p role=\"status\" aria-live=\"polite\" aria-atomic=\"true\"><\/p> <ul><\/ul><\/div>\n<form action=\"\/pt\/wp-json\/wp\/v2\/pages\/10#wpcf7-f2264-o1\" method=\"post\" class=\"wpcf7-form init\" aria-label=\"Formul\u00e1rio de contacto\" enctype=\"multipart\/form-data\" novalidate=\"novalidate\" data-status=\"init\" data-trp-original-action=\"\/pt\/wp-json\/wp\/v2\/pages\/10#wpcf7-f2264-o1\">\n<fieldset class=\"hidden-fields-container\"><input type=\"hidden\" name=\"_wpcf7\" value=\"2264\" \/><input type=\"hidden\" name=\"_wpcf7_version\" value=\"6.1.5\" \/><input type=\"hidden\" name=\"_wpcf7_locale\" value=\"da_DK\" \/><input type=\"hidden\" name=\"_wpcf7_unit_tag\" value=\"wpcf7-f2264-o1\" \/><input type=\"hidden\" name=\"_wpcf7_container_post\" value=\"0\" \/><input type=\"hidden\" name=\"_wpcf7_posted_data_hash\" value=\"\" \/>\n<\/fieldset>\n<p>Nome da empresa (obrigat\u00f3rio)\n<\/p>\n<p><span class=\"wpcf7-form-control-wrap\" data-name=\"your-name\"><input size=\"40\" maxlength=\"400\" class=\"wpcf7-form-control wpcf7-text wpcf7-validates-as-required\" aria-required=\"true\" aria-invalid=\"false\" value=\"\" type=\"text\" name=\"your-name\" \/><\/span>\n<\/p>\n<p>O seu nome (deve ser preenchido)\n<\/p>\n<p><span class=\"wpcf7-form-control-wrap\" data-name=\"dit-navn\"><input size=\"40\" maxlength=\"400\" class=\"wpcf7-form-control wpcf7-text wpcf7-validates-as-required\" aria-required=\"true\" aria-invalid=\"false\" value=\"\" type=\"text\" name=\"dit-navn\" \/><\/span>\n<\/p>\n<p>O seu e-mail (tem de ser preenchido)\n<\/p>\n<p><span class=\"wpcf7-form-control-wrap\" data-name=\"your-email\"><input size=\"40\" maxlength=\"400\" class=\"wpcf7-form-control wpcf7-email wpcf7-validates-as-required wpcf7-text wpcf7-validates-as-email\" aria-required=\"true\" aria-invalid=\"false\" value=\"\" type=\"email\" name=\"your-email\" \/><\/span>\n<\/p>\n<p>N\u00famero de telefone (obrigat\u00f3rio)\n<\/p>\n<p><span class=\"wpcf7-form-control-wrap\" data-name=\"tel-616\"><input size=\"40\" maxlength=\"400\" class=\"wpcf7-form-control wpcf7-tel wpcf7-validates-as-required wpcf7-text wpcf7-validates-as-tel\" aria-required=\"true\" aria-invalid=\"false\" value=\"\" type=\"tel\" name=\"tel-616\" \/><\/span>\n<\/p>\n<p>T\u00f3pico\n<\/p>\n<p><span class=\"wpcf7-form-control-wrap\" data-name=\"your-subject\"><input size=\"40\" maxlength=\"400\" class=\"wpcf7-form-control wpcf7-text\" aria-invalid=\"false\" value=\"\" type=\"text\" name=\"your-subject\" \/><\/span>\n<\/p>\n<p>A sua mensagem\n<\/p>\n<p><span class=\"wpcf7-form-control-wrap\" data-name=\"your-message\"><textarea cols=\"40\" rows=\"10\" maxlength=\"2000\" class=\"wpcf7-form-control wpcf7-textarea\" aria-invalid=\"false\" name=\"your-message\"><\/textarea><\/span>\n<\/p>\n<p>Carregar qualquer ficheiro\n<\/p>\n<p><span class=\"wpcf7-form-control-wrap\" data-name=\"file-948\"><input size=\"40\" class=\"wpcf7-form-control wpcf7-file\" id=\"Uploadfil\" accept=\"audio\/*,video\/*,image\/*\" aria-invalid=\"false\" type=\"file\" name=\"file-948\" \/><\/span>\n<\/p>\n<p><div class=\"cf7-cf-turnstile\" style=\"margin-top: 0px; margin-bottom: -15px;\"> <div id=\"cf-turnstile-cf7-3121290791\" class=\"cf-turnstile\" data-sitekey=\"0x4AAAAAAB8YGArd9ML-HbMW\" data-theme=\"light\" data-language=\"auto\" data-size=\"normal\" data-retry=\"auto\" data-retry-interval=\"1000\" data-refresh-expired=\"auto\" data-action=\"contact-form-7\" data-appearance=\"always\"><\/div> <script>document.addEventListener(\"DOMContentLoaded\", function() { setTimeout(function(){ var e=document.getElementById(\"cf-turnstile-cf7-3121290791\"); e&&!e.innerHTML.trim()&&(turnstile.remove(\"#cf-turnstile-cf7-3121290791\"), turnstile.render(\"#cf-turnstile-cf7-3121290791\", {sitekey:\"0x4AAAAAAB8YGArd9ML-HbMW\"})); }, 100); });<\/script> <br class=\"cf-turnstile-br cf-turnstile-br-cf7-3121290791\"> <style>#cf-turnstile-cf7-3121290791 { margin-left: -15px; }<\/style> <script>document.addEventListener(\"DOMContentLoaded\",function(){document.querySelectorAll('.wpcf7-form').forEach(function(e){e.addEventListener('submit',function(){if(document.getElementById('cf-turnstile-cf7-3121290791')){setTimeout(function(){turnstile.reset('#cf-turnstile-cf7-3121290791');},1000)}})})});<\/script> <\/div>\n<\/p>\n<p><input class=\"wpcf7-form-control wpcf7-submit has-spinner\" type=\"submit\" value=\"Enviar\" \/>\n<\/p><div class=\"wpcf7-response-output\" aria-hidden=\"true\"><\/div>\n<input type=\"hidden\" name=\"trp-form-language\" value=\"pt\"\/><\/form>\n<\/div>","protected":false},"excerpt":{"rendered":"<p>Apoio 24 horas por dia, 7 dias por semana Garantir que o nosso gateway funciona da melhor forma para os nossos clientes \u00e9 o mais importante para n\u00f3s. \u00c9 por isso que opt\u00e1mos por dar prioridade ao suporte 100 %. O nosso apoio \u00e9 assegurado por programadores e t\u00e9cnicos qualificados. As mesmas pessoas que conhecem o sistema por dentro e por fora. Para que os nossos clientes fiquem satisfeitos, \u00e9 necess\u00e1rio ... <a title=\"Suporte SureSMS 24\/7\" class=\"read-more\" href=\"https:\/\/suresms.com\/pt\/om-suresms\/suresms-support\/\" aria-label=\"Leia mais sobre SureSMS 24\/7 support\">Rir mas<\/a><\/p>","protected":false},"author":1,"featured_media":0,"parent":18594,"menu_order":6,"comment_status":"closed","ping_status":"closed","template":"","meta":{"_fl_builder_enabled":"1","_fl_builder_data":null,"_fl_builder_draft":null,"_fl_builder_data_settings":null,"_fl_builder_css":"","_fl_builder_css_version":"","_fl_builder_js":"","footnotes":""},"class_list":["post-10","page","type-page","status-publish"],"yoast_head":"<!-- This site is optimized with the Yoast SEO Premium plugin v27.3 (Yoast SEO v27.3) - https:\/\/yoast.com\/product\/yoast-seo-premium-wordpress\/ -->\r\n<title>Support SureSMS ApS - Support 24\/7 - Chat, video og kontaktoplysninger<\/title>\r\n<meta name=\"description\" content=\"Altid gratis support i SureSMS og r\u00e5dgivning fra professionelle IT-folk. Kontakt SureSMS ApS her - Chat, Video. Se vores manual og dokumentation her.\" \/>\r\n<meta name=\"robots\" content=\"index, follow, max-snippet:-1, max-image-preview:large, max-video-preview:-1\" \/>\r\n<link rel=\"canonical\" href=\"https:\/\/suresms.com\/pt\/sobre-o-suresms\/suporte-suresms\/\" \/>\r\n<meta property=\"og:locale\" content=\"pt_PT\" \/>\r\n<meta property=\"og:type\" content=\"article\" \/>\r\n<meta property=\"og:title\" content=\"Support SureSMS 24\/7\" \/>\r\n<meta property=\"og:description\" content=\"Altid gratis support i SureSMS og r\u00e5dgivning fra professionelle IT-folk. Kontakt SureSMS ApS her - Chat, Video. Se vores manual og dokumentation her.\" \/>\r\n<meta property=\"og:url\" content=\"https:\/\/suresms.com\/pt\/sobre-o-suresms\/suporte-suresms\/\" \/>\r\n<meta property=\"article:publisher\" content=\"https:\/\/www.facebook.com\/p\/SureSMS-100044607956149\/\" \/>\r\n<meta property=\"article:modified_time\" content=\"2025-10-08T16:02:19+00:00\" \/>\r\n<meta property=\"og:image\" content=\"https:\/\/suresms.com\/wp-content\/uploads\/2013\/11\/help-1019912_500x350-pix-e1473253361719.jpg\" \/>\r\n<meta name=\"twitter:card\" content=\"summary_large_image\" \/>\r\n<meta name=\"twitter:label1\" content=\"Tempo estimado de leitura\" \/>\n\t<meta name=\"twitter:data1\" content=\"1 minuto\" \/>\r\n<script type=\"application\/ld+json\" class=\"yoast-schema-graph\">{\"@context\":\"https:\\\/\\\/schema.org\",\"@graph\":[{\"@type\":\"WebPage\",\"@id\":\"https:\\\/\\\/suresms.com\\\/dk\\\/om-suresms\\\/suresms-support\\\/\",\"url\":\"https:\\\/\\\/suresms.com\\\/dk\\\/om-suresms\\\/suresms-support\\\/\",\"name\":\"Support SureSMS ApS - Support 24\\\/7 - Chat, video og kontaktoplysninger\",\"isPartOf\":{\"@id\":\"https:\\\/\\\/suresms.com\\\/en\\\/#website\"},\"primaryImageOfPage\":{\"@id\":\"https:\\\/\\\/suresms.com\\\/dk\\\/om-suresms\\\/suresms-support\\\/#primaryimage\"},\"image\":{\"@id\":\"https:\\\/\\\/suresms.com\\\/dk\\\/om-suresms\\\/suresms-support\\\/#primaryimage\"},\"thumbnailUrl\":\"https:\\\/\\\/suresms.com\\\/wp-content\\\/uploads\\\/2013\\\/11\\\/help-1019912_500x350-pix-e1473253361719.jpg\",\"datePublished\":\"2013-11-26T08:53:21+00:00\",\"dateModified\":\"2025-10-08T16:02:19+00:00\",\"description\":\"Altid gratis support i SureSMS og r\u00e5dgivning fra professionelle IT-folk. Kontakt SureSMS ApS her - Chat, Video. Se vores manual og dokumentation her.\",\"breadcrumb\":{\"@id\":\"https:\\\/\\\/suresms.com\\\/dk\\\/om-suresms\\\/suresms-support\\\/#breadcrumb\"},\"inLanguage\":\"pt-PT\",\"potentialAction\":[{\"@type\":\"ReadAction\",\"target\":[\"https:\\\/\\\/suresms.com\\\/dk\\\/om-suresms\\\/suresms-support\\\/\"]}]},{\"@type\":\"ImageObject\",\"inLanguage\":\"pt-PT\",\"@id\":\"https:\\\/\\\/suresms.com\\\/dk\\\/om-suresms\\\/suresms-support\\\/#primaryimage\",\"url\":\"https:\\\/\\\/suresms.com\\\/wp-content\\\/uploads\\\/2013\\\/11\\\/help-1019912_500x350-pix-e1473253361719.jpg\",\"contentUrl\":\"https:\\\/\\\/suresms.com\\\/wp-content\\\/uploads\\\/2013\\\/11\\\/help-1019912_500x350-pix-e1473253361719.jpg\"},{\"@type\":\"BreadcrumbList\",\"@id\":\"https:\\\/\\\/suresms.com\\\/dk\\\/om-suresms\\\/suresms-support\\\/#breadcrumb\",\"itemListElement\":[{\"@type\":\"ListItem\",\"position\":1,\"name\":\"Home\",\"item\":\"https:\\\/\\\/suresms.com\\\/dk\\\/\"},{\"@type\":\"ListItem\",\"position\":2,\"name\":\"Om SureSMS\",\"item\":\"https:\\\/\\\/suresms.com\\\/dk\\\/om-suresms\\\/\"},{\"@type\":\"ListItem\",\"position\":3,\"name\":\"Support SureSMS 24\\\/7\"}]},{\"@type\":\"WebSite\",\"@id\":\"https:\\\/\\\/suresms.com\\\/en\\\/#website\",\"url\":\"https:\\\/\\\/suresms.com\\\/en\\\/\",\"name\":\"SureSMS\",\"description\":\"Professionel SMS Gateway\",\"publisher\":{\"@id\":\"https:\\\/\\\/suresms.com\\\/en\\\/#organization\"},\"potentialAction\":[{\"@type\":\"SearchAction\",\"target\":{\"@type\":\"EntryPoint\",\"urlTemplate\":\"https:\\\/\\\/suresms.com\\\/en\\\/?s={search_term_string}\"},\"query-input\":{\"@type\":\"PropertyValueSpecification\",\"valueRequired\":true,\"valueName\":\"search_term_string\"}}],\"inLanguage\":\"pt-PT\"},{\"@type\":\"Organization\",\"@id\":\"https:\\\/\\\/suresms.com\\\/en\\\/#organization\",\"name\":\"SureSMS\",\"url\":\"https:\\\/\\\/suresms.com\\\/en\\\/\",\"logo\":{\"@type\":\"ImageObject\",\"inLanguage\":\"pt-PT\",\"@id\":\"https:\\\/\\\/suresms.com\\\/en\\\/#\\\/schema\\\/logo\\\/image\\\/\",\"url\":\"https:\\\/\\\/suresms.com\\\/wp-content\\\/uploads\\\/2024\\\/11\\\/suresms-300x65-1.png\",\"contentUrl\":\"https:\\\/\\\/suresms.com\\\/wp-content\\\/uploads\\\/2024\\\/11\\\/suresms-300x65-1.png\",\"width\":300,\"height\":65,\"caption\":\"SureSMS\"},\"image\":{\"@id\":\"https:\\\/\\\/suresms.com\\\/en\\\/#\\\/schema\\\/logo\\\/image\\\/\"},\"sameAs\":[\"https:\\\/\\\/www.facebook.com\\\/p\\\/SureSMS-100044607956149\\\/\"]}]}<\/script>\r\n<!-- \/ Yoast SEO Premium plugin. -->","yoast_head_json":{"title":"Suporte SureSMS ApS - Suporte 24\/7 - Chat, v\u00eddeo e informa\u00e7\u00f5es de contacto","description":"Suporte SureSMS sempre gratuito e conselhos de profissionais de TI. Contacte a SureSMS ApS aqui - Chat, V\u00eddeo. Veja o nosso manual e documenta\u00e7\u00e3o aqui.","robots":{"index":"index","follow":"follow","max-snippet":"max-snippet:-1","max-image-preview":"max-image-preview:large","max-video-preview":"max-video-preview:-1"},"canonical":"https:\/\/suresms.com\/pt\/sobre-o-suresms\/suporte-suresms\/","og_locale":"pt_PT","og_type":"article","og_title":"Support SureSMS 24\/7","og_description":"Altid gratis support i SureSMS og r\u00e5dgivning fra professionelle IT-folk. Kontakt SureSMS ApS her - Chat, Video. Se vores manual og dokumentation her.","og_url":"https:\/\/suresms.com\/pt\/sobre-o-suresms\/suporte-suresms\/","article_publisher":"https:\/\/www.facebook.com\/p\/SureSMS-100044607956149\/","article_modified_time":"2025-10-08T16:02:19+00:00","og_image":[{"url":"https:\/\/suresms.com\/wp-content\/uploads\/2013\/11\/help-1019912_500x350-pix-e1473253361719.jpg","type":"","width":"","height":""}],"twitter_card":"summary_large_image","twitter_misc":{"Tempo estimado de leitura":"1 minuto"},"schema":{"@context":"https:\/\/schema.org","@graph":[{"@type":"WebPage","@id":"https:\/\/suresms.com\/dk\/om-suresms\/suresms-support\/","url":"https:\/\/suresms.com\/dk\/om-suresms\/suresms-support\/","name":"Suporte SureSMS ApS - Suporte 24\/7 - Chat, v\u00eddeo e informa\u00e7\u00f5es de contacto","isPartOf":{"@id":"https:\/\/suresms.com\/en\/#website"},"primaryImageOfPage":{"@id":"https:\/\/suresms.com\/dk\/om-suresms\/suresms-support\/#primaryimage"},"image":{"@id":"https:\/\/suresms.com\/dk\/om-suresms\/suresms-support\/#primaryimage"},"thumbnailUrl":"https:\/\/suresms.com\/wp-content\/uploads\/2013\/11\/help-1019912_500x350-pix-e1473253361719.jpg","datePublished":"2013-11-26T08:53:21+00:00","dateModified":"2025-10-08T16:02:19+00:00","description":"Suporte SureSMS sempre gratuito e conselhos de profissionais de TI. Contacte a SureSMS ApS aqui - Chat, V\u00eddeo. Veja o nosso manual e documenta\u00e7\u00e3o aqui.","breadcrumb":{"@id":"https:\/\/suresms.com\/dk\/om-suresms\/suresms-support\/#breadcrumb"},"inLanguage":"pt-PT","potentialAction":[{"@type":"ReadAction","target":["https:\/\/suresms.com\/dk\/om-suresms\/suresms-support\/"]}]},{"@type":"ImageObject","inLanguage":"pt-PT","@id":"https:\/\/suresms.com\/dk\/om-suresms\/suresms-support\/#primaryimage","url":"https:\/\/suresms.com\/wp-content\/uploads\/2013\/11\/help-1019912_500x350-pix-e1473253361719.jpg","contentUrl":"https:\/\/suresms.com\/wp-content\/uploads\/2013\/11\/help-1019912_500x350-pix-e1473253361719.jpg"},{"@type":"BreadcrumbList","@id":"https:\/\/suresms.com\/dk\/om-suresms\/suresms-support\/#breadcrumb","itemListElement":[{"@type":"ListItem","position":1,"name":"Home","item":"https:\/\/suresms.com\/dk\/"},{"@type":"ListItem","position":2,"name":"Om SureSMS","item":"https:\/\/suresms.com\/dk\/om-suresms\/"},{"@type":"ListItem","position":3,"name":"Support SureSMS 24\/7"}]},{"@type":"WebSite","@id":"https:\/\/suresms.com\/en\/#website","url":"https:\/\/suresms.com\/en\/","name":"SureSMS","description":"Gateway SMS profissional","publisher":{"@id":"https:\/\/suresms.com\/en\/#organization"},"potentialAction":[{"@type":"SearchAction","target":{"@type":"EntryPoint","urlTemplate":"https:\/\/suresms.com\/en\/?s={search_term_string}"},"query-input":{"@type":"PropertyValueSpecification","valueRequired":true,"valueName":"search_term_string"}}],"inLanguage":"pt-PT"},{"@type":"Organization","@id":"https:\/\/suresms.com\/en\/#organization","name":"SureSMS","url":"https:\/\/suresms.com\/en\/","logo":{"@type":"ImageObject","inLanguage":"pt-PT","@id":"https:\/\/suresms.com\/en\/#\/schema\/logo\/image\/","url":"https:\/\/suresms.com\/wp-content\/uploads\/2024\/11\/suresms-300x65-1.png","contentUrl":"https:\/\/suresms.com\/wp-content\/uploads\/2024\/11\/suresms-300x65-1.png","width":300,"height":65,"caption":"SureSMS"},"image":{"@id":"https:\/\/suresms.com\/en\/#\/schema\/logo\/image\/"},"sameAs":["https:\/\/www.facebook.com\/p\/SureSMS-100044607956149\/"]}]}},"_links":{"self":[{"href":"https:\/\/suresms.com\/pt\/wp-json\/wp\/v2\/pages\/10","targetHints":{"allow":["GET"]}}],"collection":[{"href":"https:\/\/suresms.com\/pt\/wp-json\/wp\/v2\/pages"}],"about":[{"href":"https:\/\/suresms.com\/pt\/wp-json\/wp\/v2\/types\/page"}],"author":[{"embeddable":true,"href":"https:\/\/suresms.com\/pt\/wp-json\/wp\/v2\/users\/1"}],"replies":[{"embeddable":true,"href":"https:\/\/suresms.com\/pt\/wp-json\/wp\/v2\/comments?post=10"}],"version-history":[{"count":5,"href":"https:\/\/suresms.com\/pt\/wp-json\/wp\/v2\/pages\/10\/revisions"}],"predecessor-version":[{"id":23491,"href":"https:\/\/suresms.com\/pt\/wp-json\/wp\/v2\/pages\/10\/revisions\/23491"}],"up":[{"embeddable":true,"href":"https:\/\/suresms.com\/pt\/wp-json\/wp\/v2\/pages\/18594"}],"wp:attachment":[{"href":"https:\/\/suresms.com\/pt\/wp-json\/wp\/v2\/media?parent=10"}],"curies":[{"name":"wp","href":"https:\/\/api.w.org\/{rel}","templated":true}]}}