{"id":958,"date":"2015-02-25T14:07:24","date_gmt":"2015-02-25T12:07:24","guid":{"rendered":"https:\/\/www.suresms.com\/dk\/?page_id=958"},"modified":"2025-11-05T08:57:43","modified_gmt":"2025-11-05T08:57:43","slug":"cechy","status":"publish","type":"page","link":"https:\/\/suresms.com\/pl\/funktioner\/","title":{"rendered":"Cechy i funkcje"},"content":{"rendered":"<!-- Flexy Breadcrumb -->\r\n\t\t\t<div class=\"fbc fbc-page\">\r\n\r\n\t\t\t\t<!-- Breadcrumb wrapper -->\r\n\t\t\t\t<div class=\"fbc-wrap\">\r\n\r\n\t\t\t\t\t<!-- Ordered list-->\r\n\t\t\t\t\t<ol class=\"fbc-items\" itemscope itemtype=\"https:\/\/schema.org\/BreadcrumbList\">\r\n\t\t\t\t\t\t            <li itemprop=\"itemListElement\" itemscope itemtype=\"https:\/\/schema.org\/ListItem\">\r\n                <span itemprop=\"name\">\r\n                    <!-- Home Link -->\r\n                    <a itemprop=\"item\" href=\"https:\/\/suresms.com\/pl\/\">\r\n                    \r\n                                                    <i class=\"fa fa-home\" aria-hidden=\"true\"><\/i>Strona g\u0142\u00f3wna                    <\/a>\r\n                <\/span>\r\n                <meta itemprop=\"position\" content=\"1\" \/><!-- Meta Position-->\r\n             <\/li><li><span class=\"fbc-separator\">\/<\/span><\/li><li class=\"active\" itemprop=\"itemListElement\" itemscope itemtype=\"https:\/\/schema.org\/ListItem\"><span itemprop=\"name\" title=\"Cechy i funkcje\">Cechy i funkcje<\/span><meta itemprop=\"position\" content=\"2\" \/><\/li>\t\t\t\t\t<\/ol>\r\n\t\t\t\t\t<div class=\"clearfix\"><\/div>\r\n\t\t\t\t<\/div>\r\n\t\t\t<\/div>\r\n\t\t\t\n\t<h1>Cechy i funkcje<\/h1>\n<p>Nasz system SMS posiada wiele przydatnych funkcji. R\u00f3\u017cne funkcje s\u0105 u\u017cywane przez r\u00f3\u017cne typy klient\u00f3w. By\u0107 mo\u017ce szukasz jednej z funkcji, kt\u00f3re wymienili\u015bmy poni\u017cej. Kliknij funkcj\u0119, aby dowiedzie\u0107 si\u0119 wi\u0119cej. Mo\u017cesz r\u00f3wnie\u017c odwiedzi\u0107 nasz\u0105 stron\u0119 <a href=\"https:\/\/suresms.com\/pl\/zrzuty-oddzialowe\/\">przewodnik bran\u017cowy<\/a>aby zobaczy\u0107, jak r\u00f3\u017cne bran\u017ce korzystaj\u0105 z naszego rozwi\u0105zania.<\/p>\n\t\t<h3><a href=\"https:\/\/suresms.com\/pl\/cechy\/wysylanie-sms-z-komputera\/\"  target=\"_self\">\t\n\tWysy\u0142anie wiadomo\u015bci SMS z komputera<\/a><\/h3><p>Podstawow\u0105 funkcj\u0105 naszej bramki SMS jest mo\u017cliwo\u015b\u0107 napisania wiadomo\u015bci SMS z komputera i wys\u0142ania jej tak samo, jak wys\u0142anie wiadomo\u015bci e-mail. Bardzo podstawowa funkcja.<\/p>\n\t\t<h3><a href=\"https:\/\/suresms.com\/pl\/cechy\/szablony-sms\/\"  target=\"_self\">\t\n\tSzablony wiadomo\u015bci SMS<\/a><\/h3><p>Je\u015bli wysy\u0142asz wiele identycznych lub prawie identycznych wiadomo\u015bci, szablony s\u0105 dla Ciebie. Mo\u017cesz tworzy\u0107 dowolne szablony. Pola scalania umo\u017cliwiaj\u0105 personalizacj\u0119 szablon\u00f3w.<\/p>\n\t\t<h3><a href=\"https:\/\/suresms.com\/pl\/cechy\/samodzielnie-wybrany-nadawca-wiadomosci\/\"  target=\"_self\">\t\n\tSamodzielnie wybrany identyfikator nadawcy<\/a><\/h3><p>Wybierz nadawc\u0119 swojej wiadomo\u015bci. Mo\u017ce to by\u0107 na przyk\u0142ad Coca-Cola. Mo\u017ce by\u0107 u\u017cywany do budowania marki firmy lub organizacji. Na wiadomo\u015bci nie mo\u017cna odpowiada\u0107.<\/p>\n\t\t<h3><a href=\"https:\/\/suresms.com\/pl\/cechy\/laczenie-wiadomosci-sms-dla-grup\/\"  target=\"_self\">\t\n\tOpcja warkocza<\/a><\/h3><p>Scala informacje z ksi\u0105\u017cki adresowej w wiadomo\u015bciach. Zazwyczaj scalana jest nazwa, ale mo\u017cna scali\u0107 wszystkie informacje. Na przyk\u0142ad mechanicy \u0142\u0105cz\u0105 model samochodu z wiadomo\u015bciami.<\/p>\n\t\t<h3><a href=\"https:\/\/suresms.com\/pl\/cechy\/grupa-sms\/\"  target=\"_self\">\t\n\tGrupowe wiadomo\u015bci SMS<\/a><\/h3><p>W aplikacji SureSMS mo\u017cna tworzy\u0107 dowolne grupy. Mo\u017cesz doda\u0107 wszystkie kontakty, kt\u00f3re chcesz. Wysy\u0142anie grupowych wiadomo\u015bci SMS nie mo\u017ce by\u0107 prostsze. Wystarczy kilka klikni\u0119\u0107.<\/p>\n\t\t<h3><a href=\"https:\/\/suresms.com\/pl\/cechy\/funkcja-sms-to-sms\/\"  target=\"_self\">\t\n\tSMS-2-SMS<\/a><\/h3><p>Dzi\u0119ki naszemu dwukierunkowemu rozwi\u0105zaniu SMS mo\u017cna wys\u0142a\u0107 jedn\u0105 wiadomo\u015b\u0107 SMS, kt\u00f3ra jest nast\u0119pnie wysy\u0142ana na inny numer lub do ca\u0142ej grupy.<\/p>\n\t\t<h3><a href=\"https:\/\/suresms.com\/pl\/cechy\/odbieranie-wiadomosci-tekstowych-na-komputerze\/\"  target=\"_self\">\t\n\tOdbieranie wiadomo\u015bci SMS<\/a><\/h3><p>Dzi\u0119ki dwukierunkowym wiadomo\u015bciom SMS mo\u017cesz odbiera\u0107 wiadomo\u015bci SMS online. Stw\u00f3rz dialog ze swoimi klientami lub pracownikami. Otrzymuj zam\u00f3wienia przez SMS. Powszechnie u\u017cywane przez agencje pracy tymczasowej. Otrzymuj wiadomo\u015bci SMS na swoj\u0105 skrzynk\u0119 e-mail.<\/p>\n\t\t<h3><a href=\"https:\/\/suresms.com\/pl\/cechy\/wysylanie-wiadomosci-tekstowych-z-okreslonym-czasem\/\"  target=\"_self\">\t\n\tZaplanuj wysy\u0142k\u0119<\/a><\/h3><p>Upewnij si\u0119, \u017ce docierasz do odbiorc\u00f3w docelowych we w\u0142a\u015bciwym czasie. Mo\u017cesz planowa\u0107 z wyprzedzeniem i nadal wysy\u0142a\u0107 w dogodnym dla siebie czasie.<\/p>\n\t\t<h3><a href=\"https:\/\/suresms.com\/pl\/cechy\/email2sms-latwe-wyjscie\/\"  target=\"_self\">\t\n\temail-2-SMS<\/a><\/h3><p>Bez wzgl\u0119du na to, jakiego systemu poczty e-mail u\u017cywasz, mo\u017cesz skorzysta\u0107 z naszej funkcji email-2-SMS. Wysy\u0142asz wiadomo\u015b\u0107 e-mail do SureSMS, a my przekazujemy j\u0105 jako SMS.<\/p>\n\t\t<h3><a href=\"https:\/\/suresms.com\/pl\/cechy\/pelne-rejestrowanie-i-monitorowanie\/\"  target=\"_self\">\t\n\tSkrzynka nadawcza SMS<\/a><\/h3><p>Pe\u0142ny przegl\u0105d wszystkich wys\u0142anych i odebranych wiadomo\u015bci SMS. Zobacz w\u0105tki z ka\u017cdym odbiorc\u0105. Kt\u00f3re wiadomo\u015bci zosta\u0142y dostarczone i kiedy? Wszystkie listy mog\u0105 by\u0107 eksportowane do Excel\/CSV.<\/p>\n\t\t<h3>\t\n\tDo\u0142\u0105czanie plik\u00f3w<\/h3><p>Co wyj\u0105tkowe, nasza platforma umo\u017cliwia do\u0142\u0105czanie plik\u00f3w. Mog\u0105 to by\u0107 filmy, pliki PDF lub obrazy.<\/p>\n\t\t<h3><a href=\"https:\/\/suresms.com\/pl\/cechy\/markowy-adres-url-lacza-sms\/\"  target=\"_self\">\t\n\tMarkowy adres URL<\/a><\/h3><p>U\u017cywaj w\u0142asnej nazwy domeny w linkach umieszczanych w wiadomo\u015bciach. 39% Wy\u017csze wsp\u00f3\u0142czynniki klikalno\u015bci i bardziej wiarygodne wiadomo\u015bci to tylko niekt\u00f3re z korzy\u015bci.<\/p>\n\t\t<h3><a href=\"https:\/\/suresms.com\/pl\/cechy\/lacze-sms\/\"  target=\"_self\">\t\n\tSMS Link<\/a><\/h3><p>Wstawiaj linki, obrazy lub filmy do swoich wiadomo\u015bci. Zobacz statystyki dotycz\u0105ce liczby os\u00f3b, kt\u00f3re obejrza\u0142y film. Kto klikn\u0105\u0142 na link. Np. do wysy\u0142ania aktualnych cennik\u00f3w lub ofert specjalnych.<\/p>\n\t\t<h3>\t\n\tRaporty<\/h3><p>Uzyskaj pe\u0142ny przegl\u0105d tego, ile wys\u0142a\u0142e\u015b i kiedy. W raportach wy\u015bwietlane s\u0105 r\u00f3wnie\u017c dane dotycz\u0105ce sprzeda\u017cy z Shopify.<\/p>\n\t\t<h3><a href=\"https:\/\/suresms.com\/pl\/cechy\/sms-miedzynarodowy\/\"  target=\"_self\">\t\n\tSMS do ca\u0142ego \u015bwiata<\/a><\/h3><p>Po\u0142\u0105czenia z ponad 1900 operatorami na ca\u0142ym \u015bwiecie gwarantuj\u0105, \u017ce dostarczymy Twoj\u0105 wiadomo\u015b\u0107. Mamy szczeg\u00f3lnie dobre wyniki w krajach skandynawskich i Europie P\u00f3\u0142nocnej.<\/p>\n\t\t<h3><a href=\"https:\/\/suresms.com\/pl\/cechy\/formularz-rejestracji-internetowej\/\"  target=\"_self\">\t\n\t\u0141atwe listy rejestracji<\/a><\/h3><p>Umie\u015b\u0107 formularz zapisu na swojej stronie internetowej, za pomoc\u0105 kod\u00f3w QR lub wysy\u0142aj\u0105c wiadomo\u015b\u0107 SMS. U\u0142atw swoim odbiorcom zapisanie si\u0119 na list\u0119 i otrzymywanie cennych informacji.<\/p>\n\t\t<h3><a href=\"https:\/\/suresms.com\/pl\/cechy\/zapisywanie-wiadomosci-tekstowych-w-dzienniku\/\"  target=\"_self\">\t\n\tZapisywanie wiadomo\u015bci SMS w dzienniku<\/a><\/h3><p>Dzi\u0119ki naszemu dwukierunkowemu rozwi\u0105zaniu SMS mo\u017cna wys\u0142a\u0107 jedn\u0105 wiadomo\u015b\u0107 SMS, kt\u00f3ra jest nast\u0119pnie wysy\u0142ana na inny numer lub do ca\u0142ej grupy.<\/p>\n\t\t<h3>Wy\u015blij SMS<\/h3>\n\t\t\t\t<img decoding=\"async\" src=\"https:\/\/suresms.com\/wp-content\/uploads\/2015\/02\/sky-250x100pix.jpg\" alt=\"Bramka SMS wy\u015blij sms online\" itemprop=\"image\" height=\"100\" width=\"250\" title=\"sky-250x100pix\" onerror=\"this.style.display='none'\" loading=\"lazy\" \/>\n<ul>\n<li>\n<ul>\n<li><a title=\"Wysy\u0142anie wiadomo\u015bci SMS online\" href=\"https:\/\/suresms.com\/pl\/cechy\/wysylanie-sms-z-komputera\/\">Wysy\u0142anie wiadomo\u015bci SMS za po\u015brednictwem naszego portalu internetowego<\/a><\/li>\n<\/ul>\n<\/li>\n<\/ul>\n<ul>\n<li>\n<ul>\n<li><a title=\"Mi\u0119dzynarodowe rozwi\u0105zanie SMS\" href=\"https:\/\/suresms.com\/pl\/cechy\/sms-miedzynarodowy\/\">SMS do ca\u0142ego \u015bwiata<\/a><\/li>\n<\/ul>\n<\/li>\n<\/ul>\n<ul>\n<li>\n<ul>\n<li><a title=\"Samodzielnie wybrany nadawca wiadomo\u015bci\" href=\"https:\/\/suresms.com\/pl\/cechy\/samodzielnie-wybrany-nadawca-wiadomosci\/\">Samodzielny wyb\u00f3r nadawcy wiadomo\u015bci SMS<\/a><\/li>\n<\/ul>\n<\/li>\n<\/ul>\n<ul>\n<li>\n<ul>\n<li><a title=\"Szablony wiadomo\u015bci SMS\" href=\"https:\/\/suresms.com\/pl\/cechy\/szablony-sms\/\">Szablony wiadomo\u015bci SMS<\/a><\/li>\n<\/ul>\n<\/li>\n<\/ul>\n<ul>\n<li>\n<ul>\n<li><a title=\"Wysy\u0142anie wiadomo\u015bci SMS z okre\u015blonym czasem\" href=\"https:\/\/suresms.com\/pl\/cechy\/wysylanie-wiadomosci-tekstowych-z-okreslonym-czasem\/\">Czasowe wiadomo\u015bci SMS<\/a><\/li>\n<\/ul>\n<\/li>\n<\/ul>\n<ul>\n<li>\n<ul>\n<li><a title=\"email2sms - proste rozwi\u0105zanie\" href=\"https:\/\/suresms.com\/pl\/cechy\/email2sms-latwe-wyjscie\/\">E-mail 2 SMS<\/a><\/li>\n<\/ul>\n<\/li>\n<\/ul>\n<ul>\n<li>\n<ul>\n<li><a href=\"https:\/\/suresms.com\/pl\/integracje\/mail_and_calendar\/dodatek-sms-outlook\/\">Wysy\u0142anie wiadomo\u015bci SMS z programu Outlook<\/a><\/li>\n<\/ul>\n<\/li>\n<\/ul>\n<ul>\n\n<\/ul>\n<p>&nbsp;<\/p>\n\t\t<h3>GROUP-SMS<\/h3>\n\t\t\t\t<img decoding=\"async\" src=\"https:\/\/suresms.com\/wp-content\/uploads\/2015\/02\/GruppeSMS-250x100-pix.jpg\" alt=\"Funkcje bramki SMS sms grupowy\" itemprop=\"image\" height=\"100\" width=\"250\" title=\"GroupSMS 250x100 pix\" onerror=\"this.style.display='none'\" loading=\"lazy\" \/>\n<ul>\n<li>\n<ul>\n<li><a title=\"GroupSMS: Tworzenie i wysy\u0142anie wiadomo\u015bci do grup\" href=\"https:\/\/suresms.com\/pl\/cechy\/grupa-sms\/\">Tworzenie i wysy\u0142anie grupowych wiadomo\u015bci SMS<\/a><\/li>\n<\/ul>\n<\/li>\n<\/ul>\n<ul>\n<li>\n<ul>\n<li><a title=\"Importuj kontakty\" href=\"https:\/\/suresms.com\/pl\/dokumenty\/ksiazka-adresowa\/kontakty\/\">Importuj kontakty<\/a><\/li>\n<\/ul>\n<\/li>\n<\/ul>\n<ul>\n<li>\n<ul>\n<li><a title=\"Nieograniczona liczba kontakt\u00f3w i grup\" href=\"https:\/\/suresms.com\/pl\/dokumenty\/ksiazka-adresowa\/grupy-i-listy\/\">Nieograniczona liczba odbiorc\u00f3w\/grup<\/a><\/li>\n<\/ul>\n<\/li>\n<\/ul>\n<ul>\n<li>\n<ul>\n<li><a title=\"\u0141\u0105czenie wiadomo\u015bci SMS w grupy\" href=\"https:\/\/suresms.com\/pl\/laczenie-wiadomosci-sms-dla-grup\/\">Scalanie nazwy odbiorcy w grupowych wiadomo\u015bciach SMS<\/a><\/li>\n<\/ul>\n<\/li>\n<\/ul>\n<ul>\n<li>\n<ul>\n<li><a title=\"Formularze rejestracyjne WEB\" href=\"https:\/\/suresms.com\/pl\/formularz-rejestracji-internetowej\/\">Subskrybowanie \/ anulowanie subskrypcji list przez WEB<\/a><\/li>\n<\/ul>\n<\/li>\n<\/ul>\n<ul>\n<li>\n<ul>\n<li><a title=\"Subskrybowanie\/wypisywanie si\u0119 z list za pomoc\u0105 wiadomo\u015bci SMS\" href=\"https:\/\/suresms.com\/pl\/formularz-rejestracji-internetowej\/\">Subskrybowanie\/wypisywanie si\u0119 z list za pomoc\u0105 wiadomo\u015bci SMS<\/a><\/li>\n<\/ul>\n<\/li>\n<\/ul>\n\t\t<h3>DLA DEWELOPER\u00d3W<\/h3>\n\t\t\t\t<img decoding=\"async\" src=\"https:\/\/suresms.com\/wp-content\/uploads\/2015\/02\/Udviklere-250x100-pix.jpg\" alt=\"Interfejs API dla programist\u00f3w funkcji SMS\" itemprop=\"image\" height=\"100\" width=\"250\" title=\"Deweloperzy 250x100 pikseli\" onerror=\"this.style.display='none'\" loading=\"lazy\" \/>\n<ul>\n<li>\n<ul>\n<li><a title=\"API SMS dla deweloper\u00f3w\" href=\"https:\/\/developer.suresms.com\">API\u00a0<\/a><\/li>\n<\/ul>\n<\/li>\n<\/ul>\n<ul>\n<li>\n<ul>\n<li><a title=\"Funkcje 2-kierunkowych wiadomo\u015bci SMS\" href=\"https:\/\/suresms.com\/pl\/cechy\/odbieranie-wiadomosci-tekstowych-na-komputerze\/\">2-kierunkowe wiadomo\u015bci przychodz\u0105ce<\/a><\/li>\n<\/ul>\n<\/li>\n<\/ul>\n<ul>\n<li>\n<ul>\n<li><a title=\"2-kierunkowe wiadomo\u015bci SMS z hostowan\u0105 kart\u0105 SIM\" href=\"https:\/\/suresms.com\/pl\/2-kierunkowe-rozladowywanie-wiadomosci-sms-z-hostowana-karta-sim\/\">Informacje o hostowanej karcie SIM<\/a><\/li>\n<\/ul>\n<\/li>\n<\/ul>\n<ul>\n<li>\n<ul>\n<li><a title=\"Funkcja SMS do SMS\" href=\"https:\/\/suresms.com\/pl\/funkcja-sms-to-sms\/\">SMS do SMS<\/a><\/li>\n<\/ul>\n<\/li>\n<\/ul>\n<ul>\n<li>\n<ul>\n<li><a title=\"Integracje SMS\" href=\"https:\/\/suresms.com\/pl\/integracje\/\">Integracje<\/a><\/li>\n<\/ul>\n<\/li>\n<\/ul>\n<ul>\n<li>\n<ul>\n<li><a href=\"http:\/\/developer.suresms.com\/\">Dokumentacja<\/a><\/li>\n<\/ul>\n<\/li>\n<\/ul>\n<p>&nbsp;<\/p>\n\t\t<h3>BEZPIECZE\u0143STWO<\/h3>\n\t\t\t\t<img decoding=\"async\" src=\"https:\/\/suresms.com\/wp-content\/uploads\/2015\/02\/Sikkerhed-250x100-pix.jpg\" alt=\"Bramka SMS dotycz\u0105ca bezpiecze\u0144stwa\" itemprop=\"image\" height=\"100\" width=\"250\" title=\"Bezpiecze\u0144stwo 250x100 pikseli\" onerror=\"this.style.display='none'\" loading=\"lazy\" \/>\n<ul>\n<li>\n<ul>\n<li><a title=\"Bezpiecze\u0144stwo i ochrona\" href=\"https:\/\/suresms.com\/pl\/bezpieczenstwo\/\">Bezpiecze\u0144stwo i ochrona<\/a><\/li>\n<\/ul>\n<\/li>\n<\/ul>\n<ul>\n<li>\n<ul>\n<li><a title=\"Pe\u0142ny dziennik i monitorowanie\" href=\"https:\/\/suresms.com\/pl\/pelne-rejestrowanie-i-monitorowanie\/\">Pe\u0142ny dziennik i monitorowanie<\/a><\/li>\n<\/ul>\n<\/li>\n<\/ul>\n<ul>\n<li>\n<ul>\n<li><a title=\"Monitorowanie\" href=\"https:\/\/suresms.com\/pl\/monitoring\/\">Monitorowanie<\/a><\/li>\n<\/ul>\n<\/li>\n<\/ul>\n<ul>\n<li>\n<ul>\n<li><a href=\"https:\/\/suresms.com\/pl\/cechy\/zapisywanie-wiadomosci-tekstowych-w-dzienniku\/\">Dziennikowanie<\/a><\/li>\n<\/ul>\n<\/li>\n<\/ul>\n<ul>\n<li>\n<ul>\n<li><a href=\"https:\/\/suresms.com\/pl\/cechy\/hlr-storage\/\">Otwarcie CPR<\/a><\/li>\n<\/ul>\n<\/li>\n<\/ul>\n<ul>\n<li>\n<ul>\n<li><a title=\"Wsparcie przez e-mail i telefon 24\/7\" href=\"https:\/\/suresms.com\/pl\/wsparcie-suresms\/\">Wsparcie przez e-mail i telefon<\/a><\/li>\n<\/ul>\n<\/li>\n<\/ul>\n<p>&nbsp;<\/p>\n\t\t<h3>Masz co do czego\u015b w\u0105tpliwo\u015bci?<\/h3>\n\t\t<p>Zawsze mo\u017cesz skorzysta\u0107 z naszej pomocy online lub napisa\u0107 na nasz czat \/ infolini\u0119 na naszej stronie internetowej. Ch\u0119tnie odpowiemy na pytania i pomo\u017cemy zacz\u0105\u0107.<\/p>\n\t\t\t<a href=\"https:\/\/suresms.com\/pl\/kontakt\/\" target=\"_self\">\n\t\t\t\t\t\t\tZobacz informacje kontaktowe\n\t\t\t\t\t<\/a>\n<h3><b>Obecnie nasi klienci u\u017cywaj\u0105 nas do:<\/b><\/h3>\n<ul>\n<li>Przypomnienia SMS<\/li>\n<li>Has\u0142o jednorazowe<\/li>\n<li>Monitorowanie ruchu<\/li>\n<li>Kluby klienta i wiadomo\u015bci SMS<\/li>\n<li>Marketing mobilny<\/li>\n<li>G\u0142osowanie<\/li>\n<li>Konkursy\u00a0<\/li>\n<\/ul>\n\t\t\t\t<img decoding=\"async\" src=\"https:\/\/suresms.com\/wp-content\/uploads\/2024\/09\/Glen100x118.png\" alt=\"Glen100x118\" itemprop=\"image\" title=\"Glen100x118\" onerror=\"this.style.display='none'\" loading=\"lazy\" \/>\n\t\t\t<a href=\"https:\/\/calendly.com\/gm--nzwp\/30min\" target=\"_self\">\n\t\t\t\t\t\t\tZarezerwuj demo\n\t\t\t\t\t<\/a>\n\t<p>z Glenem<\/p>","protected":false},"excerpt":{"rendered":"<p>Cechy i funkcje Nasz system SMS posiada wiele przydatnych funkcji. R\u00f3\u017cne funkcje s\u0105 u\u017cywane przez r\u00f3\u017cne typy klient\u00f3w. By\u0107 mo\u017ce szukasz jednej z funkcji, kt\u00f3re wymienili\u015bmy poni\u017cej. Kliknij funkcj\u0119, aby dowiedzie\u0107 si\u0119 wi\u0119cej. Mo\u017cesz r\u00f3wnie\u017c odwiedzi\u0107 nasz przewodnik bran\u017cowy, aby zobaczy\u0107, jak r\u00f3\u017cne bran\u017ce korzystaj\u0105 z naszego rozwi\u0105zania. Wy\u015blij ... <a title=\"Cechy i funkcje\" class=\"read-more\" href=\"https:\/\/suresms.com\/pl\/funktioner\/\" aria-label=\"Dowiedz si\u0119 wi\u0119cej o funkcjach\">Dowiedz si\u0119 wi\u0119cej<\/a><\/p>","protected":false},"author":1,"featured_media":0,"parent":0,"menu_order":3,"comment_status":"closed","ping_status":"closed","template":"","meta":{"_fl_builder_enabled":"1","_fl_builder_data":null,"_fl_builder_draft":null,"_fl_builder_data_settings":null,"_fl_builder_css":"","_fl_builder_css_version":"","_fl_builder_js":"","footnotes":""},"categories":[],"tags":[],"class_list":["post-958","page","type-page","status-publish"],"yoast_head":"<!-- This site is optimized with the Yoast SEO Premium plugin v27.3 (Yoast SEO v27.3) - https:\/\/yoast.com\/product\/yoast-seo-premium-wordpress\/ -->\r\n<title>Funktioner i vores online SMS platform<\/title>\r\n<meta name=\"description\" content=\"Her kan du se mange af de funktioner vi tilbyder i vores SMS platform. Lister, grupper, adressebog, keywords, tovejs sms og meget mere...\" \/>\r\n<meta name=\"robots\" content=\"index, follow, max-snippet:-1, max-image-preview:large, max-video-preview:-1\" \/>\r\n<link rel=\"canonical\" href=\"https:\/\/suresms.com\/pl\/cechy\/\" \/>\r\n<meta property=\"og:locale\" content=\"pl_PL\" \/>\r\n<meta property=\"og:type\" content=\"article\" \/>\r\n<meta property=\"og:title\" content=\"Fleksibele SMS l\u00f8sninger til udviklere og virksomheder\" \/>\r\n<meta property=\"og:description\" content=\"Se de mange funktioner og features, som f\u00f8lger med vores SureSMS L\u00f8sning. Find inspiration til , hvordan du let kan bruge SMS&#039;er til kkommunikation med alle typer brugere og systemer.\" \/>\r\n<meta property=\"og:url\" content=\"https:\/\/suresms.com\/pl\/cechy\/\" \/>\r\n<meta property=\"article:publisher\" content=\"https:\/\/www.facebook.com\/p\/SureSMS-100044607956149\/\" \/>\r\n<meta property=\"article:modified_time\" content=\"2025-11-05T08:57:43+00:00\" \/>\r\n<meta property=\"og:image\" content=\"https:\/\/suresms.com\/wp-content\/uploads\/2016\/06\/SMS-til-butikker.jpg\" \/>\r\n\t<meta property=\"og:image:width\" content=\"400\" \/>\r\n\t<meta property=\"og:image:height\" content=\"266\" \/>\r\n\t<meta property=\"og:image:type\" content=\"image\/jpeg\" \/>\r\n<meta name=\"twitter:card\" content=\"summary_large_image\" \/>\r\n<meta name=\"twitter:title\" content=\"Funktioner\" \/>\r\n<meta name=\"twitter:label1\" content=\"Szacowany czas czytania\" \/>\n\t<meta name=\"twitter:data1\" content=\"10 minut\" \/>\r\n<script type=\"application\/ld+json\" class=\"yoast-schema-graph\">{\"@context\":\"https:\\\/\\\/schema.org\",\"@graph\":[{\"@type\":\"WebPage\",\"@id\":\"https:\\\/\\\/suresms.com\\\/dk\\\/funktioner\\\/\",\"url\":\"https:\\\/\\\/suresms.com\\\/dk\\\/funktioner\\\/\",\"name\":\"Funktioner i vores online SMS platform\",\"isPartOf\":{\"@id\":\"https:\\\/\\\/suresms.com\\\/en\\\/#website\"},\"primaryImageOfPage\":{\"@id\":\"https:\\\/\\\/suresms.com\\\/dk\\\/funktioner\\\/#primaryimage\"},\"image\":{\"@id\":\"https:\\\/\\\/suresms.com\\\/dk\\\/funktioner\\\/#primaryimage\"},\"thumbnailUrl\":\"https:\\\/\\\/suresms.com\\\/wp-content\\\/uploads\\\/2015\\\/02\\\/sky-250x100pix.jpg\",\"datePublished\":\"2015-02-25T12:07:24+00:00\",\"dateModified\":\"2025-11-05T08:57:43+00:00\",\"description\":\"Her kan du se mange af de funktioner vi tilbyder i vores SMS platform. Lister, grupper, adressebog, keywords, tovejs sms og meget mere...\",\"breadcrumb\":{\"@id\":\"https:\\\/\\\/suresms.com\\\/dk\\\/funktioner\\\/#breadcrumb\"},\"inLanguage\":\"pl-PL\",\"potentialAction\":[{\"@type\":\"ReadAction\",\"target\":[\"https:\\\/\\\/suresms.com\\\/dk\\\/funktioner\\\/\"]}]},{\"@type\":\"ImageObject\",\"inLanguage\":\"pl-PL\",\"@id\":\"https:\\\/\\\/suresms.com\\\/dk\\\/funktioner\\\/#primaryimage\",\"url\":\"https:\\\/\\\/suresms.com\\\/wp-content\\\/uploads\\\/2015\\\/02\\\/sky-250x100pix.jpg\",\"contentUrl\":\"https:\\\/\\\/suresms.com\\\/wp-content\\\/uploads\\\/2015\\\/02\\\/sky-250x100pix.jpg\"},{\"@type\":\"BreadcrumbList\",\"@id\":\"https:\\\/\\\/suresms.com\\\/dk\\\/funktioner\\\/#breadcrumb\",\"itemListElement\":[{\"@type\":\"ListItem\",\"position\":1,\"name\":\"Home\",\"item\":\"https:\\\/\\\/suresms.com\\\/dk\\\/\"},{\"@type\":\"ListItem\",\"position\":2,\"name\":\"Funktioner\"}]},{\"@type\":\"WebSite\",\"@id\":\"https:\\\/\\\/suresms.com\\\/en\\\/#website\",\"url\":\"https:\\\/\\\/suresms.com\\\/en\\\/\",\"name\":\"SureSMS\",\"description\":\"Professionel SMS Gateway\",\"publisher\":{\"@id\":\"https:\\\/\\\/suresms.com\\\/en\\\/#organization\"},\"potentialAction\":[{\"@type\":\"SearchAction\",\"target\":{\"@type\":\"EntryPoint\",\"urlTemplate\":\"https:\\\/\\\/suresms.com\\\/en\\\/?s={search_term_string}\"},\"query-input\":{\"@type\":\"PropertyValueSpecification\",\"valueRequired\":true,\"valueName\":\"search_term_string\"}}],\"inLanguage\":\"pl-PL\"},{\"@type\":\"Organization\",\"@id\":\"https:\\\/\\\/suresms.com\\\/en\\\/#organization\",\"name\":\"SureSMS\",\"url\":\"https:\\\/\\\/suresms.com\\\/en\\\/\",\"logo\":{\"@type\":\"ImageObject\",\"inLanguage\":\"pl-PL\",\"@id\":\"https:\\\/\\\/suresms.com\\\/en\\\/#\\\/schema\\\/logo\\\/image\\\/\",\"url\":\"https:\\\/\\\/suresms.com\\\/wp-content\\\/uploads\\\/2024\\\/11\\\/suresms-300x65-1.png\",\"contentUrl\":\"https:\\\/\\\/suresms.com\\\/wp-content\\\/uploads\\\/2024\\\/11\\\/suresms-300x65-1.png\",\"width\":300,\"height\":65,\"caption\":\"SureSMS\"},\"image\":{\"@id\":\"https:\\\/\\\/suresms.com\\\/en\\\/#\\\/schema\\\/logo\\\/image\\\/\"},\"sameAs\":[\"https:\\\/\\\/www.facebook.com\\\/p\\\/SureSMS-100044607956149\\\/\"]}]}<\/script>\r\n<!-- \/ Yoast SEO Premium plugin. -->","yoast_head_json":{"title":"Cechy naszej internetowej platformy SMS","description":"Tutaj mo\u017cesz zobaczy\u0107 wiele funkcji, kt\u00f3re oferujemy w naszej platformie SMS. Listy, grupy, ksi\u0105\u017cka adresowa, s\u0142owa kluczowe, dwukierunkowe wiadomo\u015bci SMS i wiele wi\u0119cej...","robots":{"index":"index","follow":"follow","max-snippet":"max-snippet:-1","max-image-preview":"max-image-preview:large","max-video-preview":"max-video-preview:-1"},"canonical":"https:\/\/suresms.com\/pl\/cechy\/","og_locale":"pl_PL","og_type":"article","og_title":"Fleksibele SMS l\u00f8sninger til udviklere og virksomheder","og_description":"Se de mange funktioner og features, som f\u00f8lger med vores SureSMS L\u00f8sning. Find inspiration til , hvordan du let kan bruge SMS'er til kkommunikation med alle typer brugere og systemer.","og_url":"https:\/\/suresms.com\/pl\/cechy\/","article_publisher":"https:\/\/www.facebook.com\/p\/SureSMS-100044607956149\/","article_modified_time":"2025-11-05T08:57:43+00:00","og_image":[{"width":400,"height":266,"url":"https:\/\/suresms.com\/wp-content\/uploads\/2016\/06\/SMS-til-butikker.jpg","type":"image\/jpeg"}],"twitter_card":"summary_large_image","twitter_title":"Funktioner","twitter_misc":{"Szacowany czas czytania":"10 minut"},"schema":{"@context":"https:\/\/schema.org","@graph":[{"@type":"WebPage","@id":"https:\/\/suresms.com\/dk\/funktioner\/","url":"https:\/\/suresms.com\/dk\/funktioner\/","name":"Cechy naszej internetowej platformy SMS","isPartOf":{"@id":"https:\/\/suresms.com\/en\/#website"},"primaryImageOfPage":{"@id":"https:\/\/suresms.com\/dk\/funktioner\/#primaryimage"},"image":{"@id":"https:\/\/suresms.com\/dk\/funktioner\/#primaryimage"},"thumbnailUrl":"https:\/\/suresms.com\/wp-content\/uploads\/2015\/02\/sky-250x100pix.jpg","datePublished":"2015-02-25T12:07:24+00:00","dateModified":"2025-11-05T08:57:43+00:00","description":"Tutaj mo\u017cesz zobaczy\u0107 wiele funkcji, kt\u00f3re oferujemy w naszej platformie SMS. Listy, grupy, ksi\u0105\u017cka adresowa, s\u0142owa kluczowe, dwukierunkowe wiadomo\u015bci SMS i wiele wi\u0119cej...","breadcrumb":{"@id":"https:\/\/suresms.com\/dk\/funktioner\/#breadcrumb"},"inLanguage":"pl-PL","potentialAction":[{"@type":"ReadAction","target":["https:\/\/suresms.com\/dk\/funktioner\/"]}]},{"@type":"ImageObject","inLanguage":"pl-PL","@id":"https:\/\/suresms.com\/dk\/funktioner\/#primaryimage","url":"https:\/\/suresms.com\/wp-content\/uploads\/2015\/02\/sky-250x100pix.jpg","contentUrl":"https:\/\/suresms.com\/wp-content\/uploads\/2015\/02\/sky-250x100pix.jpg"},{"@type":"BreadcrumbList","@id":"https:\/\/suresms.com\/dk\/funktioner\/#breadcrumb","itemListElement":[{"@type":"ListItem","position":1,"name":"Home","item":"https:\/\/suresms.com\/dk\/"},{"@type":"ListItem","position":2,"name":"Funktioner"}]},{"@type":"WebSite","@id":"https:\/\/suresms.com\/en\/#website","url":"https:\/\/suresms.com\/en\/","name":"SureSMS","description":"Profesjonalna bramka SMS","publisher":{"@id":"https:\/\/suresms.com\/en\/#organization"},"potentialAction":[{"@type":"SearchAction","target":{"@type":"EntryPoint","urlTemplate":"https:\/\/suresms.com\/en\/?s={search_term_string}"},"query-input":{"@type":"PropertyValueSpecification","valueRequired":true,"valueName":"search_term_string"}}],"inLanguage":"pl-PL"},{"@type":"Organization","@id":"https:\/\/suresms.com\/en\/#organization","name":"SureSMS","url":"https:\/\/suresms.com\/en\/","logo":{"@type":"ImageObject","inLanguage":"pl-PL","@id":"https:\/\/suresms.com\/en\/#\/schema\/logo\/image\/","url":"https:\/\/suresms.com\/wp-content\/uploads\/2024\/11\/suresms-300x65-1.png","contentUrl":"https:\/\/suresms.com\/wp-content\/uploads\/2024\/11\/suresms-300x65-1.png","width":300,"height":65,"caption":"SureSMS"},"image":{"@id":"https:\/\/suresms.com\/en\/#\/schema\/logo\/image\/"},"sameAs":["https:\/\/www.facebook.com\/p\/SureSMS-100044607956149\/"]}]}},"_links":{"self":[{"href":"https:\/\/suresms.com\/pl\/wp-json\/wp\/v2\/pages\/958","targetHints":{"allow":["GET"]}}],"collection":[{"href":"https:\/\/suresms.com\/pl\/wp-json\/wp\/v2\/pages"}],"about":[{"href":"https:\/\/suresms.com\/pl\/wp-json\/wp\/v2\/types\/page"}],"author":[{"embeddable":true,"href":"https:\/\/suresms.com\/pl\/wp-json\/wp\/v2\/users\/1"}],"replies":[{"embeddable":true,"href":"https:\/\/suresms.com\/pl\/wp-json\/wp\/v2\/comments?post=958"}],"version-history":[{"count":35,"href":"https:\/\/suresms.com\/pl\/wp-json\/wp\/v2\/pages\/958\/revisions"}],"predecessor-version":[{"id":23524,"href":"https:\/\/suresms.com\/pl\/wp-json\/wp\/v2\/pages\/958\/revisions\/23524"}],"wp:attachment":[{"href":"https:\/\/suresms.com\/pl\/wp-json\/wp\/v2\/media?parent=958"}],"wp:term":[{"taxonomy":"category","embeddable":true,"href":"https:\/\/suresms.com\/pl\/wp-json\/wp\/v2\/categories?post=958"},{"taxonomy":"post_tag","embeddable":true,"href":"https:\/\/suresms.com\/pl\/wp-json\/wp\/v2\/tags?post=958"}],"curies":[{"name":"wp","href":"https:\/\/api.w.org\/{rel}","templated":true}]}}