{"id":903,"date":"2015-02-10T15:43:06","date_gmt":"2015-02-10T13:43:06","guid":{"rendered":"https:\/\/www.suresms.com\/dk\/?page_id=903"},"modified":"2025-01-05T00:15:18","modified_gmt":"2025-01-05T00:15:18","slug":"sms-dla-biznesu","status":"publish","type":"page","link":"https:\/\/suresms.com\/pl\/branchelosninger\/sms-til-forretninger\/","title":{"rendered":"SMS do sklep\u00f3w i punkt\u00f3w sprzeda\u017cy"},"content":{"rendered":"<!-- Flexy Breadcrumb -->\r\n\t\t\t<div class=\"fbc fbc-page\">\r\n\r\n\t\t\t\t<!-- Breadcrumb wrapper -->\r\n\t\t\t\t<div class=\"fbc-wrap\">\r\n\r\n\t\t\t\t\t<!-- Ordered list-->\r\n\t\t\t\t\t<ol class=\"fbc-items\" itemscope itemtype=\"https:\/\/schema.org\/BreadcrumbList\">\r\n\t\t\t\t\t\t            <li itemprop=\"itemListElement\" itemscope itemtype=\"https:\/\/schema.org\/ListItem\">\r\n                <span itemprop=\"name\">\r\n                    <!-- Home Link -->\r\n                    <a itemprop=\"item\" href=\"https:\/\/suresms.com\/pl\/\">\r\n                    \r\n                                                    <i class=\"fa fa-home\" aria-hidden=\"true\"><\/i>Strona g\u0142\u00f3wna                    <\/a>\r\n                <\/span>\r\n                <meta itemprop=\"position\" content=\"1\" \/><!-- Meta Position-->\r\n             <\/li><li><span class=\"fbc-separator\">\/<\/span><\/li><li class=\"active\" itemprop=\"itemListElement\" itemscope itemtype=\"https:\/\/schema.org\/ListItem\"><span itemprop=\"name\" title=\"SMS do sklep\u00f3w i punkt\u00f3w sprzeda\u017cy\">SMS do firm i...<\/span><meta itemprop=\"position\" content=\"2\" \/><\/li>\t\t\t\t\t<\/ol>\r\n\t\t\t\t\t<div class=\"clearfix\"><\/div>\r\n\t\t\t\t<\/div>\r\n\t\t\t<\/div>\r\n\t\t\t\n<h1>\n\t\tSMS do firm\n\t<\/h1>\n<p>&nbsp;<\/p>\n<p>&nbsp;<\/p>\n<p><strong>Prowadzisz piekarni\u0119, jubilera, sklep rowerowy lub co\u015b zupe\u0142nie innego? Mamy rozwi\u0105zanie SMS dla biznesu. Wielu naszych klient\u00f3w to sklepy lub sieci handlowe, kt\u00f3re wysy\u0142aj\u0105 wiadomo\u015bci do swoich klient\u00f3w. Nasze sklepy wykorzystuj\u0105 nas do rozwi\u0105zywania r\u00f3\u017cnych zada\u0144: wysy\u0142ania ofert i wiadomo\u015bci, zapisywania si\u0119 do klub\u00f3w klient\u00f3w lub informowania o zwr\u00f3conych towarach lub naprawach.<\/strong><\/p>\n<p>&nbsp;<\/p>\n<p><strong>Korzy\u015bci:<\/strong><\/p>\n<ul>\n<li>\n<ul>\n<li><strong>Wysy\u0142aj klientom przypomnienia o spotkaniach i unikaj niepotrzebnych odwo\u0142a\u0144.<\/strong><\/li>\n<\/ul>\n<\/li>\n<\/ul>\n<p>&nbsp;<\/p>\n<ul>\n<li>\n<ul>\n<li><strong>Wysy\u0142aj szybko wiele wiadomo\u015bci z naszego portalu internetowego za pomoc\u0105 grupowych wiadomo\u015bci SMS.<\/strong><\/li>\n<\/ul>\n<\/li>\n<\/ul>\n<p>&nbsp;<\/p>\n<ul>\n<li>\n<ul>\n<li><strong>Wysy\u0142aj grupowe wiadomo\u015bci SMS z funkcj\u0105 \u0142\u0105czenia nazw i personalizuj swoje wiadomo\u015bci.<\/strong><\/li>\n<\/ul>\n<\/li>\n<\/ul>\n<p>&nbsp;<\/p>\n<ul>\n<li>\n<ul>\n<li><strong>Wysy\u0142aj newslettery i oferty przez SMS i generuj wi\u0119ksze przychody<\/strong><\/li>\n<\/ul>\n<\/li>\n<\/ul>\n<p>&nbsp;<\/p>\n<ul>\n<li>\n<ul>\n<li><strong>Stw\u00f3rz dwukierunkowe rozwi\u0105zanie i nawi\u0105zuj kontakt z klientami za po\u015brednictwem wiadomo\u015bci SMS - z komputera, tabletu lub telefonu kom\u00f3rkowego. \u0141atwy dost\u0119p do systemu dla wielu u\u017cytkownik\u00f3w.<\/strong><\/li>\n<\/ul>\n<\/li>\n<\/ul>\n<p>&nbsp;<\/p>\n<p>&nbsp;<\/p>\n<h3>Integracja SureSMS z w\u0142asnym systemem<\/h3>\n<p>Wielu klient\u00f3w zintegrowa\u0142o nasze rozwi\u0105zanie ze swoim systemem POS (Point-of-sale). Oznacza to, \u017ce system sam wysy\u0142a wiadomo\u015bci SMS do klienta, na przyk\u0142ad z okazji urodzin, zbli\u017caj\u0105cego si\u0119 spotkania lub w celu oceny us\u0142ugi. Inni korzystaj\u0105 z naszego systemu bez integracji i samodzielnie dodaj\u0105 zaplanowane wiadomo\u015bci SMS. Nasze rozwi\u0105zanie SMS daje wiele mo\u017cliwo\u015bci w zakresie marketingu, komunikacji lub po prostu dobrego kontaktu z klientem<\/p>\n<h3>Funkcje grupowe<\/h3>\nZ naszego portalu internetowego mo\u017cna dokona\u0107 <a title=\"GroupSMS: Tworzenie i wysy\u0142anie wiadomo\u015bci do grup\" href=\"https:\/\/suresms.com\/pl\/grupa-sms\/\">grupy beneficjent\u00f3w<\/a>. Mog\u0105 to by\u0107 wszyscy klienci, klienci w okre\u015blonym kodzie pocztowym lub klienci, kt\u00f3rzy kupili od Ciebie co\u015b konkretnego.<br \/>\nJe\u015bli masz klient\u00f3w swoich klient\u00f3w w arkuszu kalkulacyjnym, mo\u017cesz wczyta\u0107 ich do naszego systemu i szybko utworzy\u0107 u\u017cytkownik\u00f3w bez zb\u0119dnego wpisywania.\n<h3>Nazwa nadawcy<\/h3>\n<p>Mo\u017cesz zdecydowa\u0107, kto powinien by\u0107 nadawc\u0105 wiadomo\u015bci. Mo\u017ce to by\u0107 firmowy numer telefonu lub nazwa firmy. Jedynym ograniczeniem - ustalonym przez firmy telekomunikacyjne - jest to, \u017ce identyfikator nadawcy mo\u017ce mie\u0107 maksymalnie 11 znak\u00f3w.<\/p>\n<h3>Dialog z klientami za po\u015brednictwem rozwi\u0105zania dwukierunkowego<\/h3>\n<p>Dzi\u0119ki rozwi\u0105zaniu dwukierunkowemu klienci mog\u0105 odpowiada\u0107 na wiadomo\u015bci, a Ty masz mo\u017cliwo\u015b\u0107 prowadzenia dialogu z klientami. Na przyk\u0142ad o brakuj\u0105cej cz\u0119\u015bci zamiennej, ofercie naprawy, zwr\u00f3conym produkcie itp. Z tego miejsca mo\u017cna r\u00f3wnie\u017c wysy\u0142a\u0107 ankiety do klient\u00f3w, a klienci mog\u0105 zapisywa\u0107 si\u0119 na wydarzenia lub subskrypcje za po\u015brednictwem tak zwanych KEYWORDS.<\/p>\n<h3>Jak si\u0119 zarejestrowa\u0107<\/h3>\n<p>Z naszym <a title=\"2-kierunkowe wiadomo\u015bci SMS, odbieranie wiadomo\u015bci SMS na komputerze\" href=\"https:\/\/suresms.com\/pl\/cechy\/odbieranie-wiadomosci-tekstowych-na-komputerze\/\">2-kierunkowe rozwi\u0105zanie SMS <\/a>Klienci mog\u0105 sami zapisywa\u0107 si\u0119 do grup\/list. Oferujemy r\u00f3wnie\u017c wersj\u0119, w kt\u00f3rej mo\u017cna skonfigurowa\u0107 iPada w sklepie, aby klienci mogli sami si\u0119 zarejestrowa\u0107. Trzeci\u0105 opcj\u0105 jest dodanie niewielkiego kodu do witryny internetowej, aby klienci mogli si\u0119 tam zarejestrowa\u0107.<\/p>\n<h3>Zacznij od razu<\/h3>\n<p>To, czy system jest odpowiedni dla Ciebie i czy jest op\u0142acalny, wymaga rozwa\u017cenia. Ale mo\u017cesz zacz\u0105\u0107 ju\u017c teraz i zobaczy\u0107, jak to dzia\u0142a, bez \u017cadnych koszt\u00f3w ani zobowi\u0105za\u0144.<\/p>\n<p>Wype\u0142nij nasz link do darmowego konta pr\u00f3bnego na tej stronie i otrzymaj 50 darmowych SMS-\u00f3w. Nast\u0119pnie mo\u017cesz dok\u0142adnie przetestowa\u0107 nasz\u0105 bramk\u0119 SMS przed podj\u0119ciem decyzji.<\/p>\n<p>Je\u015bli zdecydujesz si\u0119 zosta\u0107 naszym klientem, koszt jest zawsze tylko za wys\u0142an\u0105 wiadomo\u015b\u0107 SMS. Nie mamy abonamentu na nasz\u0105 bramk\u0119 SMS. Jednak rozwi\u0105zanie dwukierunkowe kosztuje miesi\u0119czn\u0105 subskrypcj\u0119.\u00a0<a title=\"Ceny bramek SMS\" href=\"https:\/\/suresms.com\/pl\/ceny-bramek-sms\/\">Wi\u0119cej informacji o cenach i produktach mo\u017cna znale\u017a\u0107 tutaj.<\/a><\/p>\n<p>&nbsp;<\/p>\n\t\t\t<p><a href=\"https:\/\/suresms.com\/wp-content\/uploads\/2015\/02\/norriq-logo-20x120-px.jpg\"><img loading=\"lazy\" decoding=\"async\" src=\"https:\/\/suresms.com\/wp-content\/uploads\/2015\/02\/norriq-logo-20x120-px.jpg\" alt=\"logo norriq 20x120 px\" width=\"200\" height=\"96\" \/><\/a><\/p>\n<p><em>\"U\u017cywamy SureSMS dla kilku naszych klient\u00f3w. SureSMS jest zintegrowany z naszym systemem POS i systemem finansowym, wi\u0119c wiadomo\u015bci s\u0105 wysy\u0142ane automatycznie do klient\u00f3w naszych klient\u00f3w po zako\u0144czeniu zam\u00f3wienia.<\/em><\/p>\n<p><em>SureSMS zawsze szybko pomaga\u0142 w uruchomieniu nowych klient\u00f3w. Po uruchomieniu nie rozmawiamy ju\u017c z nimi, poniewa\u017c nigdy nie ma \u017cadnych problem\u00f3w.<\/em><\/p>\n<p><em>Niekt\u00f3rzy z naszych klient\u00f3w wysy\u0142aj\u0105 na zagraniczne numery i to r\u00f3wnie\u017c nie stanowi problemu\".<\/em><\/p>\n<p><strong>S\u00f8ren Christensen,\u00a0<\/strong><strong>Norriq<\/strong><\/p>\n\t\t<h4>Utw\u00f3rz bezp\u0142atne konto pr\u00f3bne<\/h4>\n\t\t<p>Zajmuje to tylko 5 minut. Zacznij od razu i zdob\u0105d\u017a <strong>100 bezp\u0142atnych wiadomo\u015bci SMS<\/strong> bez \u017cadnych zobowi\u0105za\u0144.<\/p>\n\t\t\t<a href=\"https:\/\/suresms.com\/pl\/darmowe-konto-testowe-sms\/\" target=\"_self\">\n\t\t\t\t\t\t\tUtw\u00f3rz konto pr\u00f3bne\n\t\t\t\t\t<\/a>\n\t\t<h4>Zam\u00f3w rozwi\u0105zanie dwukierunkowe!<\/h4>\n\t\t<p>Masz ju\u017c konto? Zam\u00f3w rozwi\u0105zanie 2-way i uzyskaj dodatkowe opcje, kt\u00f3re oferuje Twoje w\u0142asne rozwi\u0105zanie.<\/p>\n\t\t\t<a href=\"https:\/\/suresms.com\/pl\/zamow-rozladunek-w-2-kierunkach\/\" target=\"_self\">\n\t\t\t\t\t\t\tZam\u00f3w rozwi\u0105zanie 2-kierunkowe\n\t\t\t\t\t<\/a>\n\t<p>&gt; Powr\u00f3t do <a href=\"https:\/\/suresms.com\/pl\/zrzuty-oddzialowe\/\">Rozwi\u0105zania bran\u017cowe<\/a><\/p>\n\t\t\t\t<a href=\"https:\/\/suresms.com\/pl\/sms-outlook-add\/\" target=\"_self\" itemprop=\"url\">\n\t\t\t\t<img loading=\"lazy\" decoding=\"async\" src=\"https:\/\/suresms.com\/wp-content\/uploads\/2016\/02\/facebook-Outlook-plugin-version-1.4-snippet-1.jpg\" alt=\"Fragment wtyczki Facebook Outlook w wersji 1.4\" itemprop=\"image\" height=\"630\" width=\"1200\" title=\"Fragment wtyczki Facebook Outlook w wersji 1.4\" onerror=\"this.style.display='none'\"  \/>\n\t\t\t\t<\/a>\n\t\t<h3><a href=\"https:\/\/suresms.com\/pl\/sms-outlook-add\/\" target=\"_self\">Wtyczka Outlook SMS w wersji 2.10<\/a><\/h3>Nasz dodatek SMS zosta\u0142 zaprojektowany specjalnie dla programu Outlook. Dzi\u0119ki szybkiej instalacji naszej wtyczki otrzymujesz nadawc\u0119 SMS-\u00f3w i grupowych SMS-\u00f3w wbudowanego w menu Outlooka z dost\u0119pem do kontakt\u00f3w Outlooka. Masz PE\u0141N\u0104 DOKUMENTACJ\u0118, poniewa\u017c wszystkie wiadomo\u015bci s\u0105 automatycznie zapisywane. \u0141atwa integracja z innymi systemami.<br \/>\nKilka nowych opcji wyboru identyfikatora nadawcy. U\u017cyj nazwy firmy lub wybierz numer telefonu kom\u00f3rkowego i otrzymuj odpowiedzi bezpo\u015brednio na telefon kom\u00f3rkowy. Czy powiniene\u015b otrzymywa\u0107 odpowiedzi w Outlooku? Skontaktuj si\u0119 z nami, aby uzyska\u0107 <a href=\"https:\/\/suresms.com\/pl\/cechy\/odbieranie-wiadomosci-tekstowych-na-komputerze\/\">Rozwi\u0105zanie dwukierunkowe<\/a>.\n<p>&nbsp;<\/p>\n\n\t\t\t<a href=\"https:\/\/suresms.com\/pl\/sms-outlook-add\/\" target=\"_self\">\n\t\t\t\t\t\t\tWi\u0119cej informacji o dodatku SMS do Outlooka\n\t\t\t\t\t<\/a>","protected":false},"excerpt":{"rendered":"<p>SMS dla firm Masz piekarni\u0119, jubilera, sklep rowerowy lub co\u015b zupe\u0142nie innego? Mamy rozwi\u0105zanie SMS dla biznesu. Wielu naszych klient\u00f3w to sklepy lub sieci handlowe, kt\u00f3re wysy\u0142aj\u0105 wiadomo\u015bci do swoich klient\u00f3w. Nasze sklepy wykorzystuj\u0105 nas do rozwi\u0105zywania r\u00f3\u017cnych zada\u0144: wysy\u0142ania ofert i wiadomo\u015bci, rejestrowania nowych klient\u00f3w, ... <a title=\"SMS do sklep\u00f3w i punkt\u00f3w sprzeda\u017cy\" class=\"read-more\" href=\"https:\/\/suresms.com\/pl\/branchelosninger\/sms-til-forretninger\/\" aria-label=\"Dowiedz si\u0119 wi\u0119cej o SMS-ach dla sklep\u00f3w\">Dowiedz si\u0119 wi\u0119cej<\/a><\/p>","protected":false},"author":1,"featured_media":0,"parent":1654,"menu_order":3,"comment_status":"closed","ping_status":"closed","template":"","meta":{"_fl_builder_enabled":"1","_fl_builder_data":null,"_fl_builder_draft":null,"_fl_builder_data_settings":null,"_fl_builder_css":"","_fl_builder_css_version":"","_fl_builder_js":"","footnotes":""},"categories":[],"tags":[],"class_list":["post-903","page","type-page","status-publish"],"yoast_head":"<!-- This site is optimized with the Yoast SEO Premium plugin v27.3 (Yoast SEO v27.3) - https:\/\/yoast.com\/product\/yoast-seo-premium-wordpress\/ -->\r\n<title>SMS til forretninger. F\u00e5 en SMS l\u00f8sning til lige netop din forretning<\/title>\r\n<meta name=\"description\" content=\"S\u00e5dan f\u00e5r du online SMS til din forretning. L\u00e6s hvad du kan med en SMS gateway. Send p\u00e5mindelser &amp; personlige beskeder til kunder. Opret gratis Konto.\" \/>\r\n<meta name=\"robots\" content=\"index, follow, max-snippet:-1, max-image-preview:large, max-video-preview:-1\" \/>\r\n<link rel=\"canonical\" href=\"https:\/\/suresms.com\/pl\/zrzuty-oddzialowe\/sms-dla-biznesu\/\" \/>\r\n<meta property=\"og:locale\" content=\"pl_PL\" \/>\r\n<meta property=\"og:type\" content=\"article\" \/>\r\n<meta property=\"og:title\" content=\"SMS til forretninger og butikker\" \/>\r\n<meta property=\"og:description\" content=\"S\u00e5dan f\u00e5r du online SMS til din forretning. L\u00e6s hvad du kan med en SMS gateway. Send p\u00e5mindelser &amp; personlige beskeder til kunder. Opret gratis Konto.\" \/>\r\n<meta property=\"og:url\" content=\"https:\/\/suresms.com\/pl\/zrzuty-oddzialowe\/sms-dla-biznesu\/\" \/>\r\n<meta property=\"article:publisher\" content=\"https:\/\/www.facebook.com\/p\/SureSMS-100044607956149\/\" \/>\r\n<meta property=\"article:modified_time\" content=\"2025-01-05T00:15:18+00:00\" \/>\r\n<meta property=\"og:image\" content=\"https:\/\/suresms.com\/wp-content\/uploads\/2015\/02\/sms-til-butikker-snippet.jpg\" \/>\r\n\t<meta property=\"og:image:width\" content=\"400\" \/>\r\n\t<meta property=\"og:image:height\" content=\"267\" \/>\r\n\t<meta property=\"og:image:type\" content=\"image\/jpeg\" \/>\r\n<meta name=\"twitter:card\" content=\"summary_large_image\" \/>\r\n<meta name=\"twitter:label1\" content=\"Szacowany czas czytania\" \/>\n\t<meta name=\"twitter:data1\" content=\"4 minuty\" \/>\r\n<script type=\"application\/ld+json\" class=\"yoast-schema-graph\">{\"@context\":\"https:\\\/\\\/schema.org\",\"@graph\":[{\"@type\":\"WebPage\",\"@id\":\"https:\\\/\\\/suresms.com\\\/dk\\\/branchelosninger\\\/sms-til-forretninger\\\/\",\"url\":\"https:\\\/\\\/suresms.com\\\/dk\\\/branchelosninger\\\/sms-til-forretninger\\\/\",\"name\":\"SMS til forretninger. F\u00e5 en SMS l\u00f8sning til lige netop din forretning\",\"isPartOf\":{\"@id\":\"https:\\\/\\\/suresms.com\\\/en\\\/#website\"},\"primaryImageOfPage\":{\"@id\":\"https:\\\/\\\/suresms.com\\\/dk\\\/branchelosninger\\\/sms-til-forretninger\\\/#primaryimage\"},\"image\":{\"@id\":\"https:\\\/\\\/suresms.com\\\/dk\\\/branchelosninger\\\/sms-til-forretninger\\\/#primaryimage\"},\"thumbnailUrl\":\"https:\\\/\\\/suresms.com\\\/wp-content\\\/uploads\\\/2015\\\/02\\\/norriq-logo-20x120-px.jpg\",\"datePublished\":\"2015-02-10T13:43:06+00:00\",\"dateModified\":\"2025-01-05T00:15:18+00:00\",\"description\":\"S\u00e5dan f\u00e5r du online SMS til din forretning. L\u00e6s hvad du kan med en SMS gateway. Send p\u00e5mindelser & personlige beskeder til kunder. Opret gratis Konto.\",\"breadcrumb\":{\"@id\":\"https:\\\/\\\/suresms.com\\\/dk\\\/branchelosninger\\\/sms-til-forretninger\\\/#breadcrumb\"},\"inLanguage\":\"pl-PL\",\"potentialAction\":[{\"@type\":\"ReadAction\",\"target\":[\"https:\\\/\\\/suresms.com\\\/dk\\\/branchelosninger\\\/sms-til-forretninger\\\/\"]}]},{\"@type\":\"ImageObject\",\"inLanguage\":\"pl-PL\",\"@id\":\"https:\\\/\\\/suresms.com\\\/dk\\\/branchelosninger\\\/sms-til-forretninger\\\/#primaryimage\",\"url\":\"https:\\\/\\\/suresms.com\\\/wp-content\\\/uploads\\\/2015\\\/02\\\/norriq-logo-20x120-px.jpg\",\"contentUrl\":\"https:\\\/\\\/suresms.com\\\/wp-content\\\/uploads\\\/2015\\\/02\\\/norriq-logo-20x120-px.jpg\"},{\"@type\":\"BreadcrumbList\",\"@id\":\"https:\\\/\\\/suresms.com\\\/dk\\\/branchelosninger\\\/sms-til-forretninger\\\/#breadcrumb\",\"itemListElement\":[{\"@type\":\"ListItem\",\"position\":1,\"name\":\"Home\",\"item\":\"https:\\\/\\\/suresms.com\\\/dk\\\/\"},{\"@type\":\"ListItem\",\"position\":2,\"name\":\"Branchel\u00f8sninger\",\"item\":\"https:\\\/\\\/suresms.com\\\/dk\\\/branchelosninger\\\/\"},{\"@type\":\"ListItem\",\"position\":3,\"name\":\"SMS til forretninger og butikker\"}]},{\"@type\":\"WebSite\",\"@id\":\"https:\\\/\\\/suresms.com\\\/en\\\/#website\",\"url\":\"https:\\\/\\\/suresms.com\\\/en\\\/\",\"name\":\"SureSMS\",\"description\":\"Professionel SMS Gateway\",\"publisher\":{\"@id\":\"https:\\\/\\\/suresms.com\\\/en\\\/#organization\"},\"potentialAction\":[{\"@type\":\"SearchAction\",\"target\":{\"@type\":\"EntryPoint\",\"urlTemplate\":\"https:\\\/\\\/suresms.com\\\/en\\\/?s={search_term_string}\"},\"query-input\":{\"@type\":\"PropertyValueSpecification\",\"valueRequired\":true,\"valueName\":\"search_term_string\"}}],\"inLanguage\":\"pl-PL\"},{\"@type\":\"Organization\",\"@id\":\"https:\\\/\\\/suresms.com\\\/en\\\/#organization\",\"name\":\"SureSMS\",\"url\":\"https:\\\/\\\/suresms.com\\\/en\\\/\",\"logo\":{\"@type\":\"ImageObject\",\"inLanguage\":\"pl-PL\",\"@id\":\"https:\\\/\\\/suresms.com\\\/en\\\/#\\\/schema\\\/logo\\\/image\\\/\",\"url\":\"https:\\\/\\\/suresms.com\\\/wp-content\\\/uploads\\\/2024\\\/11\\\/suresms-300x65-1.png\",\"contentUrl\":\"https:\\\/\\\/suresms.com\\\/wp-content\\\/uploads\\\/2024\\\/11\\\/suresms-300x65-1.png\",\"width\":300,\"height\":65,\"caption\":\"SureSMS\"},\"image\":{\"@id\":\"https:\\\/\\\/suresms.com\\\/en\\\/#\\\/schema\\\/logo\\\/image\\\/\"},\"sameAs\":[\"https:\\\/\\\/www.facebook.com\\\/p\\\/SureSMS-100044607956149\\\/\"]}]}<\/script>\r\n<!-- \/ Yoast SEO Premium plugin. -->","yoast_head_json":{"title":"SMS dla biznesu. Uzyskaj rozwi\u0105zanie SMS dla swojej firmy","description":"Jak uzyska\u0107 SMS online dla swojej firmy. Przeczytaj, co mo\u017cesz zrobi\u0107 dzi\u0119ki bramce SMS. Wysy\u0142aj przypomnienia i spersonalizowane wiadomo\u015bci do klient\u00f3w. Utw\u00f3rz bezp\u0142atne konto.","robots":{"index":"index","follow":"follow","max-snippet":"max-snippet:-1","max-image-preview":"max-image-preview:large","max-video-preview":"max-video-preview:-1"},"canonical":"https:\/\/suresms.com\/pl\/zrzuty-oddzialowe\/sms-dla-biznesu\/","og_locale":"pl_PL","og_type":"article","og_title":"SMS til forretninger og butikker","og_description":"S\u00e5dan f\u00e5r du online SMS til din forretning. L\u00e6s hvad du kan med en SMS gateway. Send p\u00e5mindelser & personlige beskeder til kunder. Opret gratis Konto.","og_url":"https:\/\/suresms.com\/pl\/zrzuty-oddzialowe\/sms-dla-biznesu\/","article_publisher":"https:\/\/www.facebook.com\/p\/SureSMS-100044607956149\/","article_modified_time":"2025-01-05T00:15:18+00:00","og_image":[{"width":400,"height":267,"url":"https:\/\/suresms.com\/wp-content\/uploads\/2015\/02\/sms-til-butikker-snippet.jpg","type":"image\/jpeg"}],"twitter_card":"summary_large_image","twitter_misc":{"Szacowany czas czytania":"4 minuty"},"schema":{"@context":"https:\/\/schema.org","@graph":[{"@type":"WebPage","@id":"https:\/\/suresms.com\/dk\/branchelosninger\/sms-til-forretninger\/","url":"https:\/\/suresms.com\/dk\/branchelosninger\/sms-til-forretninger\/","name":"SMS dla biznesu. Uzyskaj rozwi\u0105zanie SMS dla swojej firmy","isPartOf":{"@id":"https:\/\/suresms.com\/en\/#website"},"primaryImageOfPage":{"@id":"https:\/\/suresms.com\/dk\/branchelosninger\/sms-til-forretninger\/#primaryimage"},"image":{"@id":"https:\/\/suresms.com\/dk\/branchelosninger\/sms-til-forretninger\/#primaryimage"},"thumbnailUrl":"https:\/\/suresms.com\/wp-content\/uploads\/2015\/02\/norriq-logo-20x120-px.jpg","datePublished":"2015-02-10T13:43:06+00:00","dateModified":"2025-01-05T00:15:18+00:00","description":"Jak uzyska\u0107 SMS online dla swojej firmy. Przeczytaj, co mo\u017cesz zrobi\u0107 dzi\u0119ki bramce SMS. Wysy\u0142aj przypomnienia i spersonalizowane wiadomo\u015bci do klient\u00f3w. Utw\u00f3rz bezp\u0142atne konto.","breadcrumb":{"@id":"https:\/\/suresms.com\/dk\/branchelosninger\/sms-til-forretninger\/#breadcrumb"},"inLanguage":"pl-PL","potentialAction":[{"@type":"ReadAction","target":["https:\/\/suresms.com\/dk\/branchelosninger\/sms-til-forretninger\/"]}]},{"@type":"ImageObject","inLanguage":"pl-PL","@id":"https:\/\/suresms.com\/dk\/branchelosninger\/sms-til-forretninger\/#primaryimage","url":"https:\/\/suresms.com\/wp-content\/uploads\/2015\/02\/norriq-logo-20x120-px.jpg","contentUrl":"https:\/\/suresms.com\/wp-content\/uploads\/2015\/02\/norriq-logo-20x120-px.jpg"},{"@type":"BreadcrumbList","@id":"https:\/\/suresms.com\/dk\/branchelosninger\/sms-til-forretninger\/#breadcrumb","itemListElement":[{"@type":"ListItem","position":1,"name":"Home","item":"https:\/\/suresms.com\/dk\/"},{"@type":"ListItem","position":2,"name":"Branchel\u00f8sninger","item":"https:\/\/suresms.com\/dk\/branchelosninger\/"},{"@type":"ListItem","position":3,"name":"SMS til forretninger og butikker"}]},{"@type":"WebSite","@id":"https:\/\/suresms.com\/en\/#website","url":"https:\/\/suresms.com\/en\/","name":"SureSMS","description":"Profesjonalna bramka SMS","publisher":{"@id":"https:\/\/suresms.com\/en\/#organization"},"potentialAction":[{"@type":"SearchAction","target":{"@type":"EntryPoint","urlTemplate":"https:\/\/suresms.com\/en\/?s={search_term_string}"},"query-input":{"@type":"PropertyValueSpecification","valueRequired":true,"valueName":"search_term_string"}}],"inLanguage":"pl-PL"},{"@type":"Organization","@id":"https:\/\/suresms.com\/en\/#organization","name":"SureSMS","url":"https:\/\/suresms.com\/en\/","logo":{"@type":"ImageObject","inLanguage":"pl-PL","@id":"https:\/\/suresms.com\/en\/#\/schema\/logo\/image\/","url":"https:\/\/suresms.com\/wp-content\/uploads\/2024\/11\/suresms-300x65-1.png","contentUrl":"https:\/\/suresms.com\/wp-content\/uploads\/2024\/11\/suresms-300x65-1.png","width":300,"height":65,"caption":"SureSMS"},"image":{"@id":"https:\/\/suresms.com\/en\/#\/schema\/logo\/image\/"},"sameAs":["https:\/\/www.facebook.com\/p\/SureSMS-100044607956149\/"]}]}},"_links":{"self":[{"href":"https:\/\/suresms.com\/pl\/wp-json\/wp\/v2\/pages\/903","targetHints":{"allow":["GET"]}}],"collection":[{"href":"https:\/\/suresms.com\/pl\/wp-json\/wp\/v2\/pages"}],"about":[{"href":"https:\/\/suresms.com\/pl\/wp-json\/wp\/v2\/types\/page"}],"author":[{"embeddable":true,"href":"https:\/\/suresms.com\/pl\/wp-json\/wp\/v2\/users\/1"}],"replies":[{"embeddable":true,"href":"https:\/\/suresms.com\/pl\/wp-json\/wp\/v2\/comments?post=903"}],"version-history":[{"count":5,"href":"https:\/\/suresms.com\/pl\/wp-json\/wp\/v2\/pages\/903\/revisions"}],"predecessor-version":[{"id":21048,"href":"https:\/\/suresms.com\/pl\/wp-json\/wp\/v2\/pages\/903\/revisions\/21048"}],"up":[{"embeddable":true,"href":"https:\/\/suresms.com\/pl\/wp-json\/wp\/v2\/pages\/1654"}],"wp:attachment":[{"href":"https:\/\/suresms.com\/pl\/wp-json\/wp\/v2\/media?parent=903"}],"wp:term":[{"taxonomy":"category","embeddable":true,"href":"https:\/\/suresms.com\/pl\/wp-json\/wp\/v2\/categories?post=903"},{"taxonomy":"post_tag","embeddable":true,"href":"https:\/\/suresms.com\/pl\/wp-json\/wp\/v2\/tags?post=903"}],"curies":[{"name":"wp","href":"https:\/\/api.w.org\/{rel}","templated":true}]}}