{"id":868,"date":"2015-02-09T19:26:23","date_gmt":"2015-02-09T17:26:23","guid":{"rendered":"https:\/\/www.suresms.com\/dk\/?page_id=868"},"modified":"2025-01-05T00:19:58","modified_gmt":"2025-01-05T00:19:58","slug":"kluby-sms","status":"publish","type":"page","link":"https:\/\/suresms.com\/pl\/branchelosninger\/sms-klubber\/","title":{"rendered":"SMS dla klub\u00f3w i stowarzysze\u0144"},"content":{"rendered":"<!-- Flexy Breadcrumb -->\r\n\t\t\t<div class=\"fbc fbc-page\">\r\n\r\n\t\t\t\t<!-- Breadcrumb wrapper -->\r\n\t\t\t\t<div class=\"fbc-wrap\">\r\n\r\n\t\t\t\t\t<!-- Ordered list-->\r\n\t\t\t\t\t<ol class=\"fbc-items\" itemscope itemtype=\"https:\/\/schema.org\/BreadcrumbList\">\r\n\t\t\t\t\t\t            <li itemprop=\"itemListElement\" itemscope itemtype=\"https:\/\/schema.org\/ListItem\">\r\n                <span itemprop=\"name\">\r\n                    <!-- Home Link -->\r\n                    <a itemprop=\"item\" href=\"https:\/\/suresms.com\/pl\/\">\r\n                    \r\n                                                    <i class=\"fa fa-home\" aria-hidden=\"true\"><\/i>Strona g\u0142\u00f3wna                    <\/a>\r\n                <\/span>\r\n                <meta itemprop=\"position\" content=\"1\" \/><!-- Meta Position-->\r\n             <\/li><li><span class=\"fbc-separator\">\/<\/span><\/li><li class=\"active\" itemprop=\"itemListElement\" itemscope itemtype=\"https:\/\/schema.org\/ListItem\"><span itemprop=\"name\" title=\"SMS dla klub\u00f3w i stowarzysze\u0144\">SMS do klub\u00f3w i...<\/span><meta itemprop=\"position\" content=\"2\" \/><\/li>\t\t\t\t\t<\/ol>\r\n\t\t\t\t\t<div class=\"clearfix\"><\/div>\r\n\t\t\t\t<\/div>\r\n\t\t\t<\/div>\r\n\t\t\t\n<h1>\n\t\tSMS do klub\u00f3w i stowarzysze\u0144\n\t<\/h1>\n<p><strong>Klienci, kluby pi\u0142karskie i motocyklowe, harcerze, rolkarze, kluby strzeleckie i wiele, wiele innych korzystaj\u0105 dzi\u015b z naszego rozwi\u0105zania SMS. Je\u015bli r\u00f3wnie\u017c nale\u017cysz do klubu lub masz klub, kt\u00f3ry r\u00f3wnie\u017c chcia\u0142by korzysta\u0107 z SMS-\u00f3w, to jeste\u015b we w\u0142a\u015bciwym miejscu.<\/strong><\/p>\n<p>Nasz prosty i przejrzysty interfejs na naszym portalu WEB u\u0142atwia wysy\u0142anie wiadomo\u015bci SMS do os\u00f3b z grupy, z kt\u00f3r\u0105 chcesz si\u0119 komunikowa\u0107. Wszystko, co jest wymagane, to internet. Aby rozpocz\u0105\u0107, nie trzeba instalowa\u0107 \u017cadnego oprogramowania ani program\u00f3w.<\/p>\n<p>Z naszego portalu internetowego mo\u017cna korzysta\u0107 za pomoc\u0105 komputera, iPada lub smartfona.<\/p>\n<h3>Funkcje grupowe<\/h3>\n<p>Z naszego portalu internetowego mo\u017cna dokona\u0107<a title=\"GroupSMS: Tworzenie i wysy\u0142anie wiadomo\u015bci do grup\" href=\"https:\/\/suresms.com\/pl\/grupa-sms\/\"> grupy beneficjent\u00f3w<\/a>. Mo\u017ce to by\u0107 zarz\u0105d klubu pi\u0142karskiego, poniedzia\u0142kowa dru\u017cyna pi\u0142ki r\u0119cznej lub rodzice w grupie harcerskiej. Korzystanie z rozwi\u0105zania SMS umo\u017cliwia wysy\u0142anie wielu wiadomo\u015bci SMS jednocze\u015bnie, bez konieczno\u015bci pisania. A wiadomo\u015bci SMS czytaj\u0105 wszyscy!<\/p>\n<h3>Zacznij od razu<\/h3>\n<p>By\u0107 mo\u017ce nie jeste\u015b jedyn\u0105 osob\u0105, kt\u00f3ra musi wysy\u0142a\u0107 wiadomo\u015bci w swoim klubie, ale mo\u017cesz ju\u017c zacz\u0105\u0107 i zobaczy\u0107, jak to dzia\u0142a. Mo\u017cesz wsp\u00f3\u0142dzieli\u0107 login lub uzyska\u0107 w\u0142asny.<\/p>\n<p>Wype\u0142niaj\u0105c nasz link do bezp\u0142atnego konta pr\u00f3bnego, mo\u017cesz rozpocz\u0105\u0107 testowanie naszego produktu w 5 minut.<\/p>\n<h3>Jak si\u0119 zarejestrowa\u0107<\/h3>\n<p>Z naszym <a title=\"2-kierunkowe wiadomo\u015bci SMS, odbieranie wiadomo\u015bci SMS na komputerze\" href=\"https:\/\/suresms.com\/pl\/cechy\/odbieranie-wiadomosci-tekstowych-na-komputerze\/\">2-kierunkowe rozwi\u0105zanie SMS <\/a>Cz\u0142onkowie mog\u0105 sami zapisywa\u0107 si\u0119 na list\u0119 i przekazywa\u0107 informacje zwrotne. Mo\u017cesz r\u00f3wnie\u017c doda\u0107 niewielki kod do swojej strony internetowej, aby cz\u0142onkowie mogli si\u0119 tam zarejestrowa\u0107.<\/p>\n<p>By\u0107 mo\u017ce masz ju\u017c wszystkich swoich cz\u0142onk\u00f3w w arkuszu kalkulacyjnym. Mo\u017cesz za\u0142adowa\u0107 go do naszego systemu, aby szybko rozpocz\u0105\u0107 prac\u0119 z klubami SMS.<\/p>\n<h3>Nazwa nadawcy<\/h3>\n<p>Mo\u017cesz zdecydowa\u0107, kto powinien by\u0107 nadawc\u0105 wiadomo\u015bci. Mo\u017ce to by\u0107 nazwa klubu lub numer telefonu skarbnika. Je\u015bli klub jest klubem klienta, mo\u017ce to by\u0107 nazwa firmy. Jedynym ograniczeniem jest to, \u017ce mo\u017ce mie\u0107 maksymalnie 11 znak\u00f3w.<\/p>\n<h3>Ka\u017cdy cz\u0142onek klubu mo\u017ce wys\u0142a\u0107<\/h3>\n<p>Jedn\u0105 z najwi\u0119kszych zalet naszej bramki SMS jest mo\u017cliwo\u015b\u0107 wsp\u00f3\u0142dzielenia loginu w ramach organizacji. Oznacza to, \u017ce gdy masz ju\u017c list\u0119 odbiorc\u00f3w, skarbnik, przewodnicz\u0105cy i ka\u017cdy organizator wydarzenia mo\u017ce korzysta\u0107 z systemu.<\/p>\n\t\t\t<p><a href=\"http:\/\/www.rodskovforsamlingshus.dk\"><img loading=\"lazy\" decoding=\"async\" src=\"https:\/\/suresms.com\/wp-content\/uploads\/2015\/02\/REB-Rodskov1.jpg\" alt=\"REB Rodskov\" width=\"172\" height=\"87\" \/><\/a><\/p>\n<p>&nbsp;<\/p>\n<p><em>\"Zostali\u015bcie mi poleceni przez koleg\u0119, kt\u00f3ry r\u00f3wnie\u017c korzysta z waszego rozwi\u0105zania.\u00a0<\/em><\/p>\n<p>&nbsp;<\/p>\n<p><em>Zbada\u0142em i przetestowa\u0142em wiele innych rozwi\u0105za\u0144 SMS i twoje jest zdecydowanie najbardziej elastyczne i szybkie - w rozs\u0105dnej cenie. <\/em><\/p>\n<p>&nbsp;<\/p>\n<p><em>DZI\u0118KUJ\u0118 za doskona\u0142y produkt! Robi dok\u0142adnie to, czego potrzebuj\u0119 - super dobrze!\"<\/em><\/p>\n<p>&nbsp;<\/p>\n<p><strong>Michel Gorm, sekretarz<\/strong><\/p>\n<p>&nbsp;<\/p>\n<p><strong>Dom kultury Rodskov<\/strong><\/p>\n<p>&nbsp;<\/p>\n\t\t<h4>Utw\u00f3rz bezp\u0142atne konto pr\u00f3bne<\/h4>\n\t\t<p>Zajmuje to tylko 5 minut. Zacznij od razu i zdob\u0105d\u017a <strong>50 bezp\u0142atnych wiadomo\u015bci SMS<\/strong> bez \u017cadnych zobowi\u0105za\u0144.<\/p>\n\t\t\t<a href=\"https:\/\/suresms.com\/pl\/darmowe-konto-testowe-sms\/\" target=\"_self\">\n\t\t\t\t\t\t\tUtw\u00f3rz konto pr\u00f3bne\n\t\t\t\t\t<\/a>\n\t\t<h4>Zam\u00f3w rozwi\u0105zanie dwukierunkowe!<\/h4>\n\t\t<p>Masz ju\u017c konto? Zam\u00f3w rozwi\u0105zanie 2-way i uzyskaj dodatkowe opcje, kt\u00f3re oferuje Twoje w\u0142asne rozwi\u0105zanie.\u00a0<\/p>\n\t\t\t<a href=\"https:\/\/suresms.com\/pl\/zamow-rozladunek-w-2-kierunkach\/\" target=\"_self\">\n\t\t\t\t\t\t\tZam\u00f3w rozwi\u0105zanie 2-kierunkowe\n\t\t\t\t\t<\/a>","protected":false},"excerpt":{"rendered":"<p>SMS dla klub\u00f3w i stowarzysze\u0144 Klienci, kluby pi\u0142karskie i motocyklowe, harcerze, rolkarze, kluby strzeleckie i wiele, wiele innych korzystaj\u0105 dzi\u015b z naszego rozwi\u0105zania SMS. Je\u015bli r\u00f3wnie\u017c nale\u017cysz do klubu lub masz klub, kt\u00f3ry r\u00f3wnie\u017c chcia\u0142by korzysta\u0107 z SMS-\u00f3w, to jeste\u015b we w\u0142a\u015bciwym miejscu. Nasz \u0142atwy i przejrzysty interfejs u\u017cytkownika ... <a title=\"SMS dla klub\u00f3w i stowarzysze\u0144\" class=\"read-more\" href=\"https:\/\/suresms.com\/pl\/branchelosninger\/sms-klubber\/\" aria-label=\"Dowiedz si\u0119 wi\u0119cej o SMS-ach dla klub\u00f3w i stowarzysze\u0144\">Dowiedz si\u0119 wi\u0119cej<\/a><\/p>","protected":false},"author":1,"featured_media":0,"parent":1654,"menu_order":7,"comment_status":"closed","ping_status":"closed","template":"","meta":{"_fl_builder_enabled":"1","_fl_builder_data":null,"_fl_builder_draft":null,"_fl_builder_data_settings":null,"_fl_builder_css":"","_fl_builder_css_version":"","_fl_builder_js":"","footnotes":""},"categories":[],"tags":[],"class_list":["post-868","page","type-page","status-publish"],"yoast_head":"<!-- This site is optimized with the Yoast SEO Premium plugin v27.3 (Yoast SEO v27.3) - https:\/\/yoast.com\/product\/yoast-seo-premium-wordpress\/ -->\r\n<title>SMS klub | SMS til klubber og foreninger \u2713 Kom i gang her<\/title>\r\n<meta name=\"description\" content=\"L\u00e6s om SMS til klubber og foreninger. Send enkelt og sikkert mange SMS&#039;er til grupper af personer. Enkelt login og mulighed for flere brugere. Kun 18 \u00f8re\" \/>\r\n<meta name=\"robots\" content=\"index, follow, max-snippet:-1, max-image-preview:large, max-video-preview:-1\" \/>\r\n<link rel=\"canonical\" href=\"https:\/\/suresms.com\/pl\/zrzuty-oddzialowe\/kluby-sms\/\" \/>\r\n<meta property=\"og:locale\" content=\"pl_PL\" \/>\r\n<meta property=\"og:type\" content=\"article\" \/>\r\n<meta property=\"og:title\" content=\"SMS til Klubber og foreninger\" \/>\r\n<meta property=\"og:description\" content=\"L\u00e6s om SMS til klubber og foreninger. Send enkelt og sikkert mange SMS&#039;er til grupper af personer. Enkelt login og mulighed for flere brugere. Kun 18 \u00f8re\" \/>\r\n<meta property=\"og:url\" content=\"https:\/\/suresms.com\/pl\/zrzuty-oddzialowe\/kluby-sms\/\" \/>\r\n<meta property=\"article:publisher\" content=\"https:\/\/www.facebook.com\/p\/SureSMS-100044607956149\/\" \/>\r\n<meta property=\"article:modified_time\" content=\"2025-01-05T00:19:58+00:00\" \/>\r\n<meta property=\"og:image\" content=\"https:\/\/suresms.com\/wp-content\/uploads\/2015\/02\/sms-til-klubber-snippet.jpg\" \/>\r\n\t<meta property=\"og:image:width\" content=\"400\" \/>\r\n\t<meta property=\"og:image:height\" content=\"266\" \/>\r\n\t<meta property=\"og:image:type\" content=\"image\/jpeg\" \/>\r\n<meta name=\"twitter:card\" content=\"summary_large_image\" \/>\r\n<meta name=\"twitter:label1\" content=\"Szacowany czas czytania\" \/>\n\t<meta name=\"twitter:data1\" content=\"3 minuty\" \/>\r\n<script type=\"application\/ld+json\" class=\"yoast-schema-graph\">{\"@context\":\"https:\\\/\\\/schema.org\",\"@graph\":[{\"@type\":\"WebPage\",\"@id\":\"https:\\\/\\\/suresms.com\\\/dk\\\/branchelosninger\\\/sms-klubber\\\/\",\"url\":\"https:\\\/\\\/suresms.com\\\/dk\\\/branchelosninger\\\/sms-klubber\\\/\",\"name\":\"SMS klub | SMS til klubber og foreninger \u2713 Kom i gang her\",\"isPartOf\":{\"@id\":\"https:\\\/\\\/suresms.com\\\/en\\\/#website\"},\"primaryImageOfPage\":{\"@id\":\"https:\\\/\\\/suresms.com\\\/dk\\\/branchelosninger\\\/sms-klubber\\\/#primaryimage\"},\"image\":{\"@id\":\"https:\\\/\\\/suresms.com\\\/dk\\\/branchelosninger\\\/sms-klubber\\\/#primaryimage\"},\"thumbnailUrl\":\"https:\\\/\\\/suresms.com\\\/wp-content\\\/uploads\\\/2015\\\/02\\\/REB-Rodskov1.jpg\",\"datePublished\":\"2015-02-09T17:26:23+00:00\",\"dateModified\":\"2025-01-05T00:19:58+00:00\",\"description\":\"L\u00e6s om SMS til klubber og foreninger. Send enkelt og sikkert mange SMS'er til grupper af personer. Enkelt login og mulighed for flere brugere. Kun 18 \u00f8re\",\"breadcrumb\":{\"@id\":\"https:\\\/\\\/suresms.com\\\/dk\\\/branchelosninger\\\/sms-klubber\\\/#breadcrumb\"},\"inLanguage\":\"pl-PL\",\"potentialAction\":[{\"@type\":\"ReadAction\",\"target\":[\"https:\\\/\\\/suresms.com\\\/dk\\\/branchelosninger\\\/sms-klubber\\\/\"]}]},{\"@type\":\"ImageObject\",\"inLanguage\":\"pl-PL\",\"@id\":\"https:\\\/\\\/suresms.com\\\/dk\\\/branchelosninger\\\/sms-klubber\\\/#primaryimage\",\"url\":\"https:\\\/\\\/suresms.com\\\/wp-content\\\/uploads\\\/2015\\\/02\\\/REB-Rodskov1.jpg\",\"contentUrl\":\"https:\\\/\\\/suresms.com\\\/wp-content\\\/uploads\\\/2015\\\/02\\\/REB-Rodskov1.jpg\"},{\"@type\":\"BreadcrumbList\",\"@id\":\"https:\\\/\\\/suresms.com\\\/dk\\\/branchelosninger\\\/sms-klubber\\\/#breadcrumb\",\"itemListElement\":[{\"@type\":\"ListItem\",\"position\":1,\"name\":\"Home\",\"item\":\"https:\\\/\\\/suresms.com\\\/dk\\\/\"},{\"@type\":\"ListItem\",\"position\":2,\"name\":\"Branchel\u00f8sninger\",\"item\":\"https:\\\/\\\/suresms.com\\\/dk\\\/branchelosninger\\\/\"},{\"@type\":\"ListItem\",\"position\":3,\"name\":\"SMS til Klubber og foreninger\"}]},{\"@type\":\"WebSite\",\"@id\":\"https:\\\/\\\/suresms.com\\\/en\\\/#website\",\"url\":\"https:\\\/\\\/suresms.com\\\/en\\\/\",\"name\":\"SureSMS\",\"description\":\"Professionel SMS Gateway\",\"publisher\":{\"@id\":\"https:\\\/\\\/suresms.com\\\/en\\\/#organization\"},\"potentialAction\":[{\"@type\":\"SearchAction\",\"target\":{\"@type\":\"EntryPoint\",\"urlTemplate\":\"https:\\\/\\\/suresms.com\\\/en\\\/?s={search_term_string}\"},\"query-input\":{\"@type\":\"PropertyValueSpecification\",\"valueRequired\":true,\"valueName\":\"search_term_string\"}}],\"inLanguage\":\"pl-PL\"},{\"@type\":\"Organization\",\"@id\":\"https:\\\/\\\/suresms.com\\\/en\\\/#organization\",\"name\":\"SureSMS\",\"url\":\"https:\\\/\\\/suresms.com\\\/en\\\/\",\"logo\":{\"@type\":\"ImageObject\",\"inLanguage\":\"pl-PL\",\"@id\":\"https:\\\/\\\/suresms.com\\\/en\\\/#\\\/schema\\\/logo\\\/image\\\/\",\"url\":\"https:\\\/\\\/suresms.com\\\/wp-content\\\/uploads\\\/2024\\\/11\\\/suresms-300x65-1.png\",\"contentUrl\":\"https:\\\/\\\/suresms.com\\\/wp-content\\\/uploads\\\/2024\\\/11\\\/suresms-300x65-1.png\",\"width\":300,\"height\":65,\"caption\":\"SureSMS\"},\"image\":{\"@id\":\"https:\\\/\\\/suresms.com\\\/en\\\/#\\\/schema\\\/logo\\\/image\\\/\"},\"sameAs\":[\"https:\\\/\\\/www.facebook.com\\\/p\\\/SureSMS-100044607956149\\\/\"]}]}<\/script>\r\n<!-- \/ Yoast SEO Premium plugin. -->","yoast_head_json":{"title":"SMS club | SMS dla klub\u00f3w i stowarzysze\u0144 \u2713 Zacznij tutaj","description":"Przeczytaj o SMS-ach dla klub\u00f3w i organizacji. \u0141atwe i bezpieczne wysy\u0142anie wielu wiadomo\u015bci SMS do grup os\u00f3b. Pojedyncze logowanie i wielu u\u017cytkownik\u00f3w. Tylko 18 \u00f8re","robots":{"index":"index","follow":"follow","max-snippet":"max-snippet:-1","max-image-preview":"max-image-preview:large","max-video-preview":"max-video-preview:-1"},"canonical":"https:\/\/suresms.com\/pl\/zrzuty-oddzialowe\/kluby-sms\/","og_locale":"pl_PL","og_type":"article","og_title":"SMS til Klubber og foreninger","og_description":"L\u00e6s om SMS til klubber og foreninger. Send enkelt og sikkert mange SMS'er til grupper af personer. Enkelt login og mulighed for flere brugere. Kun 18 \u00f8re","og_url":"https:\/\/suresms.com\/pl\/zrzuty-oddzialowe\/kluby-sms\/","article_publisher":"https:\/\/www.facebook.com\/p\/SureSMS-100044607956149\/","article_modified_time":"2025-01-05T00:19:58+00:00","og_image":[{"width":400,"height":266,"url":"https:\/\/suresms.com\/wp-content\/uploads\/2015\/02\/sms-til-klubber-snippet.jpg","type":"image\/jpeg"}],"twitter_card":"summary_large_image","twitter_misc":{"Szacowany czas czytania":"3 minuty"},"schema":{"@context":"https:\/\/schema.org","@graph":[{"@type":"WebPage","@id":"https:\/\/suresms.com\/dk\/branchelosninger\/sms-klubber\/","url":"https:\/\/suresms.com\/dk\/branchelosninger\/sms-klubber\/","name":"SMS club | SMS dla klub\u00f3w i stowarzysze\u0144 \u2713 Zacznij tutaj","isPartOf":{"@id":"https:\/\/suresms.com\/en\/#website"},"primaryImageOfPage":{"@id":"https:\/\/suresms.com\/dk\/branchelosninger\/sms-klubber\/#primaryimage"},"image":{"@id":"https:\/\/suresms.com\/dk\/branchelosninger\/sms-klubber\/#primaryimage"},"thumbnailUrl":"https:\/\/suresms.com\/wp-content\/uploads\/2015\/02\/REB-Rodskov1.jpg","datePublished":"2015-02-09T17:26:23+00:00","dateModified":"2025-01-05T00:19:58+00:00","description":"Przeczytaj o SMS-ach dla klub\u00f3w i organizacji. \u0141atwe i bezpieczne wysy\u0142anie wielu wiadomo\u015bci SMS do grup os\u00f3b. Pojedyncze logowanie i wielu u\u017cytkownik\u00f3w. Tylko 18 \u00f8re","breadcrumb":{"@id":"https:\/\/suresms.com\/dk\/branchelosninger\/sms-klubber\/#breadcrumb"},"inLanguage":"pl-PL","potentialAction":[{"@type":"ReadAction","target":["https:\/\/suresms.com\/dk\/branchelosninger\/sms-klubber\/"]}]},{"@type":"ImageObject","inLanguage":"pl-PL","@id":"https:\/\/suresms.com\/dk\/branchelosninger\/sms-klubber\/#primaryimage","url":"https:\/\/suresms.com\/wp-content\/uploads\/2015\/02\/REB-Rodskov1.jpg","contentUrl":"https:\/\/suresms.com\/wp-content\/uploads\/2015\/02\/REB-Rodskov1.jpg"},{"@type":"BreadcrumbList","@id":"https:\/\/suresms.com\/dk\/branchelosninger\/sms-klubber\/#breadcrumb","itemListElement":[{"@type":"ListItem","position":1,"name":"Home","item":"https:\/\/suresms.com\/dk\/"},{"@type":"ListItem","position":2,"name":"Branchel\u00f8sninger","item":"https:\/\/suresms.com\/dk\/branchelosninger\/"},{"@type":"ListItem","position":3,"name":"SMS til Klubber og foreninger"}]},{"@type":"WebSite","@id":"https:\/\/suresms.com\/en\/#website","url":"https:\/\/suresms.com\/en\/","name":"SureSMS","description":"Profesjonalna bramka SMS","publisher":{"@id":"https:\/\/suresms.com\/en\/#organization"},"potentialAction":[{"@type":"SearchAction","target":{"@type":"EntryPoint","urlTemplate":"https:\/\/suresms.com\/en\/?s={search_term_string}"},"query-input":{"@type":"PropertyValueSpecification","valueRequired":true,"valueName":"search_term_string"}}],"inLanguage":"pl-PL"},{"@type":"Organization","@id":"https:\/\/suresms.com\/en\/#organization","name":"SureSMS","url":"https:\/\/suresms.com\/en\/","logo":{"@type":"ImageObject","inLanguage":"pl-PL","@id":"https:\/\/suresms.com\/en\/#\/schema\/logo\/image\/","url":"https:\/\/suresms.com\/wp-content\/uploads\/2024\/11\/suresms-300x65-1.png","contentUrl":"https:\/\/suresms.com\/wp-content\/uploads\/2024\/11\/suresms-300x65-1.png","width":300,"height":65,"caption":"SureSMS"},"image":{"@id":"https:\/\/suresms.com\/en\/#\/schema\/logo\/image\/"},"sameAs":["https:\/\/www.facebook.com\/p\/SureSMS-100044607956149\/"]}]}},"_links":{"self":[{"href":"https:\/\/suresms.com\/pl\/wp-json\/wp\/v2\/pages\/868","targetHints":{"allow":["GET"]}}],"collection":[{"href":"https:\/\/suresms.com\/pl\/wp-json\/wp\/v2\/pages"}],"about":[{"href":"https:\/\/suresms.com\/pl\/wp-json\/wp\/v2\/types\/page"}],"author":[{"embeddable":true,"href":"https:\/\/suresms.com\/pl\/wp-json\/wp\/v2\/users\/1"}],"replies":[{"embeddable":true,"href":"https:\/\/suresms.com\/pl\/wp-json\/wp\/v2\/comments?post=868"}],"version-history":[{"count":5,"href":"https:\/\/suresms.com\/pl\/wp-json\/wp\/v2\/pages\/868\/revisions"}],"predecessor-version":[{"id":21219,"href":"https:\/\/suresms.com\/pl\/wp-json\/wp\/v2\/pages\/868\/revisions\/21219"}],"up":[{"embeddable":true,"href":"https:\/\/suresms.com\/pl\/wp-json\/wp\/v2\/pages\/1654"}],"wp:attachment":[{"href":"https:\/\/suresms.com\/pl\/wp-json\/wp\/v2\/media?parent=868"}],"wp:term":[{"taxonomy":"category","embeddable":true,"href":"https:\/\/suresms.com\/pl\/wp-json\/wp\/v2\/categories?post=868"},{"taxonomy":"post_tag","embeddable":true,"href":"https:\/\/suresms.com\/pl\/wp-json\/wp\/v2\/tags?post=868"}],"curies":[{"name":"wp","href":"https:\/\/api.w.org\/{rel}","templated":true}]}}