{"id":8,"date":"2013-11-26T08:53:02","date_gmt":"2013-11-26T08:53:02","guid":{"rendered":"http:\/\/suresms-gateway.dk\/?page_id=8"},"modified":"2025-10-21T14:37:10","modified_gmt":"2025-10-21T14:37:10","slug":"referencje","status":"publish","type":"page","link":"https:\/\/suresms.com\/pl\/referencer\/","title":{"rendered":"Referencje"},"content":{"rendered":"<p><strong>ODNIESIENIA<\/strong><\/p>\n<h5>SureSMS wysy\u0142a wiadomo\u015bci SMS na ponad 4 500 000 numer\u00f3w telefon\u00f3w rocznie. Mamy ponad 1000 klient\u00f3w w Danii i za granic\u0105. <\/h5>\n\t\t\t\t<img decoding=\"async\" src=\"https:\/\/suresms.com\/wp-content\/uploads\/2024\/11\/Esbjerg-Gods-farver.png\" alt=\"Esbjerg Manor - kolory\" title=\"Esbjerg Manor - kolory\" itemprop=\"image\"\/>\n\t\t<h5>Esbjerg Manor<\/h5>\t\t\t\n\t\t\t\t<p>Odwiedzili\u015bmy Esbjerg Manor!<\/p>\n<p>Obejrzyj wideo i dowiedz si\u0119, jak wykorzystuj\u0105 SureSMS w codziennym \u017cyciu!\u00a0<\/p>\n\t\t<iframe loading=\"lazy\" title=\"Esbjerg Estate korzysta z SureSMS\" width=\"1200\" height=\"675\" src=\"https:\/\/www.youtube.com\/embed\/hIm8gbO0dhU?feature=oembed\" frameborder=\"0\" allow=\"accelerometer; autoplay; clipboard-write; encrypted-media; gyroscope; picture-in-picture\" allowfullscreen><\/iframe>\t\n\t\t\t\t<img decoding=\"async\" src=\"https:\/\/suresms.com\/wp-content\/uploads\/2019\/11\/Norriq-1.png\" alt=\"Norriq\" title=\"Norriq\" itemprop=\"image\"\/>\n\t\t<h5>S\u00f8ren Christensen<\/h5>\t\t\t\n\t\t\t\t<p>Korzystali\u015bmy z SureSMS dla kilku naszych klient\u00f3w.<\/p>\n<p>SureSMS jest zintegrowany z naszym systemem kasowym i finansowym, dzi\u0119ki czemu wiadomo\u015bci s\u0105 wysy\u0142ane automatycznie do klient\u00f3w naszych klient\u00f3w po zako\u0144czeniu zam\u00f3wienia.<\/p>\n<p>Nasza wsp\u00f3\u0142praca z SureSMS by\u0142a dobra i zawsze szybko pomagali nam uruchomi\u0107 nowych klient\u00f3w. Kiedy ju\u017c dzia\u0142amy, nie rozmawiamy ju\u017c z nimi, poniewa\u017c nigdy nie ma \u017cadnych problem\u00f3w.<\/p>\n<p>Niekt\u00f3rzy z naszych klient\u00f3w wysy\u0142aj\u0105 r\u00f3wnie\u017c na numery zagraniczne, co r\u00f3wnie\u017c nie stanowi problemu.<\/p>\n\t\t\t\t<img decoding=\"async\" src=\"https:\/\/suresms.com\/wp-content\/uploads\/2013\/11\/Agema.png\" alt=\"Agema\" title=\"Agema\" itemprop=\"image\"\/>\n\t\t<h5>Martin Everh\u00f8j<\/h5>\t\t\t\n\t\t\t\t<p>Agema u\u017cywa SureSMS z naszym kodem SMS. Niezwykle wa\u017cne jest, aby wiadomo\u015bci dociera\u0142y do odbiorcy bezpiecznie i szybko.<\/p>\n<p>Dzia\u0142a bezb\u0142\u0119dnie z SureSMS, kt\u00f3rzy s\u0105 stabilni i zawsze pomocni, je\u015bli potrzebna jest pomoc.<\/p>\n<p>Gor\u0105co polecamy SureSMS innym firmom i organizacjom, kt\u00f3re potrzebuj\u0105 stabilnego rozwi\u0105zania SMS.<\/p>\n\t\t\t\t<img decoding=\"async\" src=\"https:\/\/suresms.com\/wp-content\/uploads\/2024\/11\/Fujitsu-farver.png\" alt=\"Fujitsu - kolory\" title=\"Fujitsu - kolory\" itemprop=\"image\"\/>\n\t\t<h5>John Johansen<\/h5>\t\t\t\n\t\t\t\t<p>\u00a0<\/p>\n<p>Wysy\u0142am SMS-y przez stron\u0119 SureSMS i uwa\u017cam, \u017ce system jest bardzo przyjazny dla u\u017cytkownika i intuicyjny. By\u0142em w stanie przeszkoli\u0107 mojego szefa w p\u00f3\u0142 godziny i by\u0142em szcz\u0119\u015bliwy, widz\u0105c, jak wysy\u0142a wa\u017cn\u0105 wiadomo\u015b\u0107 SMS, gdy by\u0142em na wakacjach.<\/p>\n<p>SureSMS jest przyjazny dla u\u017cytkownika, intuicyjny i bardzo dobrze przyj\u0119ty przez naszych wewn\u0119trznych u\u017cytkownik\u00f3w. Przed SureSMS bardzo niewielu naszych technik\u00f3w uczestniczy\u0142o w spotkaniach wewn\u0119trznych. Teraz otrzymuj\u0105 oni SMS z przypomnieniem na godzin\u0119 przed spotkaniem, a wska\u017anik sukcesu wzr\u00f3s\u0142 do 2\/3.<\/p>\n\t\t\t\t<img decoding=\"async\" src=\"https:\/\/suresms.com\/wp-content\/uploads\/2013\/11\/norstaff.png\" alt=\"Referencje klient\u00f3w logo Norstaff\" title=\"norstaff\" itemprop=\"image\"\/>\n\t\t<h5>Patrick Hickey<\/h5>\t\t\t\n\t\t\t\t<p>\u00a0<\/p>\n<p>Norstaff u\u017cywa SureSMS do rekrutacji i rezerwacji pracownik\u00f3w tymczasowych.<\/p>\n<p><em>\"Jeste\u015bmy SUPER zadowoleni z SureSMS i mamy tylko pochwa\u0142y za t\u0119 us\u0142ug\u0119\".<\/em><\/p>\n\t\t\t\t<img decoding=\"async\" src=\"https:\/\/suresms.com\/wp-content\/uploads\/2015\/02\/REB-Rodskov1.jpg\" alt=\"Referencje klienta Czarno-bia\u0142e logo domu kultury Rodskov\" title=\"REB Rodskov czarno bia\u0142e logo\" itemprop=\"image\"\/>\n\t\t<h5>Michel Gorm<\/h5>\t\t\t\n\t\t\t\t<p>Zostali\u015bcie mi poleceni przez koleg\u0119, kt\u00f3ry r\u00f3wnie\u017c korzysta z waszego rozwi\u0105zania.<\/p>\n<p>Zbada\u0142em i przetestowa\u0142em wiele innych rozwi\u0105za\u0144 SMS i twoje jest zdecydowanie najbardziej elastyczne i szybkie - w rozs\u0105dnej cenie.<\/p>\n<p>DZI\u0118KUJ\u0118 za doskona\u0142y produkt! Robi dok\u0142adnie to, czego potrzebuj\u0119 - super dobrze!\"<\/p>\n\t\t\t\t<img decoding=\"async\" src=\"https:\/\/suresms.com\/wp-content\/uploads\/2016\/01\/Herning-Varmforsinkning-100-px.jpg\" alt=\"referencje klienta cynkowanie ogniowe Herning kolorowe logo\" title=\"Herning Cynkowanie ogniowe 100 px\" itemprop=\"image\"\/>\n\t\t<h5>Bjarne J\u00f8rgensen<\/h5>\t\t\t\n\t\t\t\t<p>Herning Varmforzinkning wysy\u0142a wiadomo\u015bci do swoich klient\u00f3w za po\u015brednictwem Email2SMS. Klienci otrzymuj\u0105 wiadomo\u015b\u0107 flash na sw\u00f3j telefon kom\u00f3rkowy, gdy zam\u00f3wienie zostanie zrealizowane.<\/p>\n<p>\"Powinno by\u0107 wi\u0119cej firm IT takich jak wy.<br \/>- Jest bardzo elastyczny\".<\/p>\n\t\t\t\t<img decoding=\"async\" src=\"https:\/\/suresms.com\/wp-content\/uploads\/2016\/06\/Frisoergaarden-1.jpg\" alt=\"Frisoergaarden\" title=\"Frisoergaarden\" itemprop=\"image\"\/>\n\t\t<h5>Julie Thorsen<\/h5>\t\t\t\n\t\t\t\t<p>Po przej\u015bciu z Clickatell na SureSMS nie mamy ju\u017c problem\u00f3w z naszym systemem SMS, wi\u0119c \u017ca\u0142uj\u0119, \u017ce nie zrobili\u015bmy tego dawno temu.<\/p>\n<p>Dzi\u0119kujemy za stabilne i niedrogie rozwi\u0105zanie!<\/p>\n\t\t\t\t<img decoding=\"async\" src=\"https:\/\/suresms.com\/wp-content\/uploads\/2019\/11\/Fujitsu-567px-1.png\" alt=\"Fujitsu - 567px\" itemprop=\"image\" height=\"319\" width=\"567\" title=\"Fujitsu - 567px\" onerror=\"this.style.display='none'\" loading=\"lazy\" \/>\n\t\t\t\t<img decoding=\"async\" src=\"https:\/\/suresms.com\/wp-content\/uploads\/2019\/11\/Dubex-300px-1.png\" alt=\"Dubex - 300px\" itemprop=\"image\" height=\"169\" width=\"300\" title=\"Dubex - 300px\" onerror=\"this.style.display='none'\" loading=\"lazy\" \/>\n\t\t\t\t<img decoding=\"async\" src=\"https:\/\/suresms.com\/wp-content\/uploads\/2019\/12\/Hartmanns-logo-bw-1.png\" alt=\"Logo Hartmanns bw\" itemprop=\"image\" height=\"319\" width=\"567\" title=\"Logo Hartmanns bw\" onerror=\"this.style.display='none'\" loading=\"lazy\" \/>\n\t\t\t\t<img decoding=\"async\" src=\"https:\/\/suresms.com\/wp-content\/uploads\/2019\/11\/Boligportal-300-px-1.png\" alt=\"Portal g\u0142\u00f3wny - 300 px\" itemprop=\"image\" height=\"169\" width=\"300\" title=\"Portal g\u0142\u00f3wny - 300 px\" onerror=\"this.style.display='none'\" loading=\"lazy\" \/>\n\t\t\t\t<img decoding=\"async\" src=\"https:\/\/suresms.com\/wp-content\/uploads\/2019\/11\/Daells-Bolighus-567px-1.png\" alt=\"Daells Bolighus - 567px\" itemprop=\"image\" height=\"319\" width=\"567\" title=\"Daells Bolighus - 567px\" onerror=\"this.style.display='none'\" loading=\"lazy\" \/>\n\t\t\t\t<img decoding=\"async\" src=\"https:\/\/suresms.com\/wp-content\/uploads\/2019\/11\/COWI-567px-e1574268785303-1.png\" alt=\"COWI\" itemprop=\"image\" height=\"319\" width=\"567\" title=\"COWI\" onerror=\"this.style.display='none'\" loading=\"lazy\" \/>","protected":false},"excerpt":{"rendered":"<p>REFERENCJE SureSMS wysy\u0142a wiadomo\u015bci SMS na ponad 4 500 000 numer\u00f3w telefon\u00f3w ka\u017cdego roku. Mamy ponad 1000 klient\u00f3w w Danii i za granic\u0105. Esbjerg Estate Odwiedzili\u015bmy Esbjerg Estate! Obejrzyj film i dowiedz si\u0119, jak wykorzystuj\u0105 SureSMS w codziennym \u017cyciu!  S\u00f8ren Christensen U\u017cywamy SureSMS dla kilku naszych klient\u00f3w. SureSMS jest zintegrowany z naszym systemem kasowym i finansowym, wi\u0119c ... <a title=\"Referencje\" class=\"read-more\" href=\"https:\/\/suresms.com\/pl\/referencer\/\" aria-label=\"Dowiedz si\u0119 wi\u0119cej o referencjach\">Dowiedz si\u0119 wi\u0119cej<\/a><\/p>","protected":false},"author":1,"featured_media":0,"parent":0,"menu_order":5,"comment_status":"closed","ping_status":"closed","template":"","meta":{"_fl_builder_enabled":"1","_fl_builder_data":null,"_fl_builder_draft":null,"_fl_builder_data_settings":null,"_fl_builder_css":"","_fl_builder_css_version":"","_fl_builder_js":"","footnotes":""},"categories":[],"tags":[],"class_list":["post-8","page","type-page","status-publish"],"yoast_head":"<!-- This site is optimized with the Yoast SEO Premium plugin v27.3 (Yoast SEO v27.3) - https:\/\/yoast.com\/product\/yoast-seo-premium-wordpress\/ -->\r\n<title>Referencer fra SureSMS kunder - Se udtalelser fra vores kunder<\/title>\r\n<meta name=\"description\" content=\"Referencer p\u00e5 SureSMS og vores gateway. L\u00e6s hvad vores kunder mener om vores gateway og service som virksomhed.\" \/>\r\n<meta name=\"robots\" content=\"index, follow, max-snippet:-1, max-image-preview:large, max-video-preview:-1\" \/>\r\n<link rel=\"canonical\" href=\"https:\/\/suresms.com\/pl\/referencje\/\" \/>\r\n<meta property=\"og:locale\" content=\"pl_PL\" \/>\r\n<meta property=\"og:type\" content=\"article\" \/>\r\n<meta property=\"og:title\" content=\"Referencer\" \/>\r\n<meta property=\"og:description\" content=\"Referencer p\u00e5 SureSMS og vores gateway. L\u00e6s hvad vores kunder mener om vores gateway og service som virksomhed.\" \/>\r\n<meta property=\"og:url\" content=\"https:\/\/suresms.com\/pl\/referencje\/\" \/>\r\n<meta property=\"article:publisher\" content=\"https:\/\/www.facebook.com\/p\/SureSMS-100044607956149\/\" \/>\r\n<meta property=\"article:modified_time\" content=\"2025-10-21T14:37:10+00:00\" \/>\r\n<meta property=\"og:image\" content=\"https:\/\/suresms.com\/wp-content\/uploads\/2024\/11\/Esbjerg-Gods-farver.png\" \/>\r\n<meta name=\"twitter:card\" content=\"summary_large_image\" \/>\r\n<meta name=\"twitter:label1\" content=\"Szacowany czas czytania\" \/>\n\t<meta name=\"twitter:data1\" content=\"2 minuty\" \/>\r\n<script type=\"application\/ld+json\" class=\"yoast-schema-graph\">{\"@context\":\"https:\\\/\\\/schema.org\",\"@graph\":[{\"@type\":\"WebPage\",\"@id\":\"https:\\\/\\\/suresms.com\\\/dk\\\/referencer\\\/\",\"url\":\"https:\\\/\\\/suresms.com\\\/dk\\\/referencer\\\/\",\"name\":\"Referencer fra SureSMS kunder - Se udtalelser fra vores kunder\",\"isPartOf\":{\"@id\":\"https:\\\/\\\/suresms.com\\\/en\\\/#website\"},\"primaryImageOfPage\":{\"@id\":\"https:\\\/\\\/suresms.com\\\/dk\\\/referencer\\\/#primaryimage\"},\"image\":{\"@id\":\"https:\\\/\\\/suresms.com\\\/dk\\\/referencer\\\/#primaryimage\"},\"thumbnailUrl\":\"https:\\\/\\\/suresms.com\\\/wp-content\\\/uploads\\\/2024\\\/11\\\/Esbjerg-Gods-farver.png\",\"datePublished\":\"2013-11-26T08:53:02+00:00\",\"dateModified\":\"2025-10-21T14:37:10+00:00\",\"description\":\"Referencer p\u00e5 SureSMS og vores gateway. L\u00e6s hvad vores kunder mener om vores gateway og service som virksomhed.\",\"breadcrumb\":{\"@id\":\"https:\\\/\\\/suresms.com\\\/dk\\\/referencer\\\/#breadcrumb\"},\"inLanguage\":\"pl-PL\",\"potentialAction\":[{\"@type\":\"ReadAction\",\"target\":[\"https:\\\/\\\/suresms.com\\\/dk\\\/referencer\\\/\"]}]},{\"@type\":\"ImageObject\",\"inLanguage\":\"pl-PL\",\"@id\":\"https:\\\/\\\/suresms.com\\\/dk\\\/referencer\\\/#primaryimage\",\"url\":\"https:\\\/\\\/suresms.com\\\/wp-content\\\/uploads\\\/2024\\\/11\\\/Esbjerg-Gods-farver.png\",\"contentUrl\":\"https:\\\/\\\/suresms.com\\\/wp-content\\\/uploads\\\/2024\\\/11\\\/Esbjerg-Gods-farver.png\"},{\"@type\":\"BreadcrumbList\",\"@id\":\"https:\\\/\\\/suresms.com\\\/dk\\\/referencer\\\/#breadcrumb\",\"itemListElement\":[{\"@type\":\"ListItem\",\"position\":1,\"name\":\"Home\",\"item\":\"https:\\\/\\\/suresms.com\\\/dk\\\/\"},{\"@type\":\"ListItem\",\"position\":2,\"name\":\"Referencer\"}]},{\"@type\":\"WebSite\",\"@id\":\"https:\\\/\\\/suresms.com\\\/en\\\/#website\",\"url\":\"https:\\\/\\\/suresms.com\\\/en\\\/\",\"name\":\"SureSMS\",\"description\":\"Professionel SMS Gateway\",\"publisher\":{\"@id\":\"https:\\\/\\\/suresms.com\\\/en\\\/#organization\"},\"potentialAction\":[{\"@type\":\"SearchAction\",\"target\":{\"@type\":\"EntryPoint\",\"urlTemplate\":\"https:\\\/\\\/suresms.com\\\/en\\\/?s={search_term_string}\"},\"query-input\":{\"@type\":\"PropertyValueSpecification\",\"valueRequired\":true,\"valueName\":\"search_term_string\"}}],\"inLanguage\":\"pl-PL\"},{\"@type\":\"Organization\",\"@id\":\"https:\\\/\\\/suresms.com\\\/en\\\/#organization\",\"name\":\"SureSMS\",\"url\":\"https:\\\/\\\/suresms.com\\\/en\\\/\",\"logo\":{\"@type\":\"ImageObject\",\"inLanguage\":\"pl-PL\",\"@id\":\"https:\\\/\\\/suresms.com\\\/en\\\/#\\\/schema\\\/logo\\\/image\\\/\",\"url\":\"https:\\\/\\\/suresms.com\\\/wp-content\\\/uploads\\\/2024\\\/11\\\/suresms-300x65-1.png\",\"contentUrl\":\"https:\\\/\\\/suresms.com\\\/wp-content\\\/uploads\\\/2024\\\/11\\\/suresms-300x65-1.png\",\"width\":300,\"height\":65,\"caption\":\"SureSMS\"},\"image\":{\"@id\":\"https:\\\/\\\/suresms.com\\\/en\\\/#\\\/schema\\\/logo\\\/image\\\/\"},\"sameAs\":[\"https:\\\/\\\/www.facebook.com\\\/p\\\/SureSMS-100044607956149\\\/\"]}]}<\/script>\r\n<!-- \/ Yoast SEO Premium plugin. -->","yoast_head_json":{"title":"Referencje od klient\u00f3w SureSMS - Zobacz referencje od naszych klient\u00f3w","description":"Referencje na temat SureSMS i naszej bramki. Przeczytaj, co nasi klienci m\u00f3wi\u0105 o naszej bramce i us\u0142ugach jako firmy.","robots":{"index":"index","follow":"follow","max-snippet":"max-snippet:-1","max-image-preview":"max-image-preview:large","max-video-preview":"max-video-preview:-1"},"canonical":"https:\/\/suresms.com\/pl\/referencje\/","og_locale":"pl_PL","og_type":"article","og_title":"Referencer","og_description":"Referencer p\u00e5 SureSMS og vores gateway. L\u00e6s hvad vores kunder mener om vores gateway og service som virksomhed.","og_url":"https:\/\/suresms.com\/pl\/referencje\/","article_publisher":"https:\/\/www.facebook.com\/p\/SureSMS-100044607956149\/","article_modified_time":"2025-10-21T14:37:10+00:00","og_image":[{"url":"https:\/\/suresms.com\/wp-content\/uploads\/2024\/11\/Esbjerg-Gods-farver.png","type":"","width":"","height":""}],"twitter_card":"summary_large_image","twitter_misc":{"Szacowany czas czytania":"2 minuty"},"schema":{"@context":"https:\/\/schema.org","@graph":[{"@type":"WebPage","@id":"https:\/\/suresms.com\/dk\/referencer\/","url":"https:\/\/suresms.com\/dk\/referencer\/","name":"Referencje od klient\u00f3w SureSMS - Zobacz referencje od naszych klient\u00f3w","isPartOf":{"@id":"https:\/\/suresms.com\/en\/#website"},"primaryImageOfPage":{"@id":"https:\/\/suresms.com\/dk\/referencer\/#primaryimage"},"image":{"@id":"https:\/\/suresms.com\/dk\/referencer\/#primaryimage"},"thumbnailUrl":"https:\/\/suresms.com\/wp-content\/uploads\/2024\/11\/Esbjerg-Gods-farver.png","datePublished":"2013-11-26T08:53:02+00:00","dateModified":"2025-10-21T14:37:10+00:00","description":"Referencje na temat SureSMS i naszej bramki. Przeczytaj, co nasi klienci m\u00f3wi\u0105 o naszej bramce i us\u0142ugach jako firmy.","breadcrumb":{"@id":"https:\/\/suresms.com\/dk\/referencer\/#breadcrumb"},"inLanguage":"pl-PL","potentialAction":[{"@type":"ReadAction","target":["https:\/\/suresms.com\/dk\/referencer\/"]}]},{"@type":"ImageObject","inLanguage":"pl-PL","@id":"https:\/\/suresms.com\/dk\/referencer\/#primaryimage","url":"https:\/\/suresms.com\/wp-content\/uploads\/2024\/11\/Esbjerg-Gods-farver.png","contentUrl":"https:\/\/suresms.com\/wp-content\/uploads\/2024\/11\/Esbjerg-Gods-farver.png"},{"@type":"BreadcrumbList","@id":"https:\/\/suresms.com\/dk\/referencer\/#breadcrumb","itemListElement":[{"@type":"ListItem","position":1,"name":"Home","item":"https:\/\/suresms.com\/dk\/"},{"@type":"ListItem","position":2,"name":"Referencer"}]},{"@type":"WebSite","@id":"https:\/\/suresms.com\/en\/#website","url":"https:\/\/suresms.com\/en\/","name":"SureSMS","description":"Profesjonalna bramka SMS","publisher":{"@id":"https:\/\/suresms.com\/en\/#organization"},"potentialAction":[{"@type":"SearchAction","target":{"@type":"EntryPoint","urlTemplate":"https:\/\/suresms.com\/en\/?s={search_term_string}"},"query-input":{"@type":"PropertyValueSpecification","valueRequired":true,"valueName":"search_term_string"}}],"inLanguage":"pl-PL"},{"@type":"Organization","@id":"https:\/\/suresms.com\/en\/#organization","name":"SureSMS","url":"https:\/\/suresms.com\/en\/","logo":{"@type":"ImageObject","inLanguage":"pl-PL","@id":"https:\/\/suresms.com\/en\/#\/schema\/logo\/image\/","url":"https:\/\/suresms.com\/wp-content\/uploads\/2024\/11\/suresms-300x65-1.png","contentUrl":"https:\/\/suresms.com\/wp-content\/uploads\/2024\/11\/suresms-300x65-1.png","width":300,"height":65,"caption":"SureSMS"},"image":{"@id":"https:\/\/suresms.com\/en\/#\/schema\/logo\/image\/"},"sameAs":["https:\/\/www.facebook.com\/p\/SureSMS-100044607956149\/"]}]}},"_links":{"self":[{"href":"https:\/\/suresms.com\/pl\/wp-json\/wp\/v2\/pages\/8","targetHints":{"allow":["GET"]}}],"collection":[{"href":"https:\/\/suresms.com\/pl\/wp-json\/wp\/v2\/pages"}],"about":[{"href":"https:\/\/suresms.com\/pl\/wp-json\/wp\/v2\/types\/page"}],"author":[{"embeddable":true,"href":"https:\/\/suresms.com\/pl\/wp-json\/wp\/v2\/users\/1"}],"replies":[{"embeddable":true,"href":"https:\/\/suresms.com\/pl\/wp-json\/wp\/v2\/comments?post=8"}],"version-history":[{"count":18,"href":"https:\/\/suresms.com\/pl\/wp-json\/wp\/v2\/pages\/8\/revisions"}],"predecessor-version":[{"id":23500,"href":"https:\/\/suresms.com\/pl\/wp-json\/wp\/v2\/pages\/8\/revisions\/23500"}],"wp:attachment":[{"href":"https:\/\/suresms.com\/pl\/wp-json\/wp\/v2\/media?parent=8"}],"wp:term":[{"taxonomy":"category","embeddable":true,"href":"https:\/\/suresms.com\/pl\/wp-json\/wp\/v2\/categories?post=8"},{"taxonomy":"post_tag","embeddable":true,"href":"https:\/\/suresms.com\/pl\/wp-json\/wp\/v2\/tags?post=8"}],"curies":[{"name":"wp","href":"https:\/\/api.w.org\/{rel}","templated":true}]}}