{"id":755,"date":"2014-12-17T20:12:52","date_gmt":"2014-12-17T18:12:52","guid":{"rendered":"https:\/\/www.suresms.com\/dk\/?page_id=755"},"modified":"2025-01-10T10:55:05","modified_gmt":"2025-01-10T10:55:05","slug":"laczenie-wiadomosci-sms-dla-grup","status":"publish","type":"page","link":"https:\/\/suresms.com\/pl\/funktioner\/sms-fletning-af-beskeder-til-grupper\/","title":{"rendered":"\u0141\u0105czenie wiadomo\u015bci SMS w grupy"},"content":{"rendered":"<!-- Flexy Breadcrumb -->\r\n\t\t\t<div class=\"fbc fbc-page\">\r\n\r\n\t\t\t\t<!-- Breadcrumb wrapper -->\r\n\t\t\t\t<div class=\"fbc-wrap\">\r\n\r\n\t\t\t\t\t<!-- Ordered list-->\r\n\t\t\t\t\t<ol class=\"fbc-items\" itemscope itemtype=\"https:\/\/schema.org\/BreadcrumbList\">\r\n\t\t\t\t\t\t            <li itemprop=\"itemListElement\" itemscope itemtype=\"https:\/\/schema.org\/ListItem\">\r\n                <span itemprop=\"name\">\r\n                    <!-- Home Link -->\r\n                    <a itemprop=\"item\" href=\"https:\/\/suresms.com\/pl\/\">\r\n                    \r\n                                                    <i class=\"fa fa-home\" aria-hidden=\"true\"><\/i>Strona g\u0142\u00f3wna                    <\/a>\r\n                <\/span>\r\n                <meta itemprop=\"position\" content=\"1\" \/><!-- Meta Position-->\r\n             <\/li><li><span class=\"fbc-separator\">\/<\/span><\/li><li class=\"active\" itemprop=\"itemListElement\" itemscope itemtype=\"https:\/\/schema.org\/ListItem\"><span itemprop=\"name\" title=\"\u0141\u0105czenie wiadomo\u015bci SMS w grupy\">\u0141\u0105czenie wiadomo\u015bci SMS...<\/span><meta itemprop=\"position\" content=\"2\" \/><\/li>\t\t\t\t\t<\/ol>\r\n\t\t\t\t\t<div class=\"clearfix\"><\/div>\r\n\t\t\t\t<\/div>\r\n\t\t\t<\/div>\r\n\t\t\t\n<h1>\n\t\tOplatanie wiadomo\u015bciami\n\t<\/h1>\n\t<p>Wysy\u0142anie wiadomo\u015bci do wielu u\u017cytkownik\u00f3w w tym samym czasie jest \u0142atwe i wygodne, ale jak zapewni\u0107, \u017ce wiadomo\u015bci SMS s\u0105 nadal spersonalizowane?<\/p>\n<p>Jako u\u017cytkownik Sure SMS mo\u017cesz personalizowa\u0107 swoje wiadomo\u015bci, \u0142\u0105cz\u0105c imi\u0119 odbiorcy z sam\u0105 wiadomo\u015bci\u0105. Tworzy to lepszy kontakt, a tym samym lepsz\u0105 relacj\u0119 z odbiorc\u0105, niezale\u017cnie od tego, czy jest on pracownikiem, klientem czy potencjalnym u\u017cytkownikiem jednego z Twoich produkt\u00f3w.<\/p>\n\t<ul>\n\t\t<li>\t\t\t\t\n\t\t<h3>Opcje dla imienia i nazwiska<\/h3><p>Na przyk\u0142ad, je\u015bli masz grup\u0119 klient\u00f3w, do kt\u00f3rych wysy\u0142asz wiadomo\u015bci, mo\u017cesz utworzy\u0107 ich wed\u0142ug imienia i nazwiska w SureSMS. Podczas wysy\u0142ania wiadomo\u015bci mo\u017cesz wpisa\u0107 ma\u0142y kod w miejscu, w kt\u00f3rym powinno znajdowa\u0107 si\u0119 imi\u0119, na przyk\u0142ad \"Cze\u015b\u0107 , wszystkiego najlepszego z okazji urodzin\". System automatycznie po\u0142\u0105czy imi\u0119 osoby w miejscu, w kt\u00f3rym wpisano kod.<\/p><\/li><li>\t\t\t\t\n\t\t<h3>Scal inne pola<\/h3><p>Istnieje r\u00f3wnie\u017c mo\u017cliwo\u015b\u0107 dodania w\u0142asnych warto\u015bci. Na przyk\u0142ad mo\u017ce to by\u0107 <br \/>Marka samochodu, je\u015bli jeste\u015b mechanikiem<br \/>Numer klasy, je\u015bli uczysz<br \/>Klatka schodowa, je\u015bli jest to sp\u00f3\u0142dzielnia mieszkaniowa<\/p><\/li>\t<\/ul>\n<p><em>Na przyk\u0142ad mo\u017cesz napisa\u0107 \"Cze\u015b\u0107 , wszystkiego najlepszego z okazji urodzin\". System automatycznie po\u0142\u0105czy imi\u0119 osoby w miejscu, w kt\u00f3rym wpisano kod.<\/em><\/p>\n<p>W zale\u017cno\u015bci od odbiorcy wiadomo\u015bci i funkcji wiadomo\u015bci mo\u017cna <strong>wybra\u0107 imi\u0119, nazwisko lub pe\u0142n\u0105 nazw\u0119<\/strong>.<\/p>\n<p>Przygotowali\u015bmy kr\u00f3tki film na temat tej funkcji, kt\u00f3ry mo\u017cna obejrze\u0107, klikaj\u0105c \u0142\u0105cze na tej stronie.<\/p>\n\t\t<h3>Wypr\u00f3buj TERAZ!<\/h3>\n\t\t<p>Utw\u00f3rz teraz bezp\u0142atne konto pr\u00f3bne i otrzymaj 50 darmowych SMS-\u00f3w. Bez zobowi\u0105za\u0144<\/p>\n\t\t\t<a href=\"https:\/\/suresms.com\/pl\/darmowe-konto-testowe-sms\/\" target=\"_self\">\n\t\t\t\t\t\t\tUtw\u00f3rz konto pr\u00f3bne\n\t\t\t\t\t<\/a>\n\t\t\t\t\t<video src=\"https:\/\/suresms.com\/wp-content\/uploads\/2024\/10\/Dokumentation-Import-af-kontakter-til-adressebogen.mp4\" alt=\"hosted-video-thumbnail\"><\/video>\n\t<p><strong>Jak \u0142atwo \u0142\u0105czy\u0107 nazwy w wiadomo\u015bciach<\/strong><\/p>\n<ol>\n<li>Wybierz grup\u0119<\/li>\n<li>Napisz wiadomo\u015b\u0107 jak zwykle w polu tekstowym, ale zamiast nazwy wpisz kod.<\/li>\n<li>Naci\u015bnij Wy\u015blij! Zobacz szczeg\u00f3\u0142owe instrukcje i kody <a title=\"Podr\u0119cznik\" href=\"https:\/\/suresms.com\/pl\/dokumenty\/wiadomosc\/newmessage\/#___Flet_informationer_i_besked__\" target=\"_blank\" rel=\"noopener\">Tutaj!<\/a><\/li>\n<\/ol>\n<p><strong>Wa\u017cne jest, aby przed u\u017cyciem funkcji scalania sprawdzi\u0107, czy wszystkie kontakty zosta\u0142y zaktualizowane o prawid\u0142owe imiona i nazwiska.\u00a0<\/strong><\/p>\n\t<h4><strong>Tutaj mo\u017cesz przeczyta\u0107 kilka przyk\u0142ad\u00f3w tego, jak nasi klienci obecnie korzystaj\u0105 z tej funkcji: \"Scal nazw\u0119 odbiorcy w GroupSMS\"<\/strong><\/h4>\n\n<ul> \t\n<li>Szpital wykorzystuje oplot SMS w projekcie badawczym. Codziennie wysy\u0142a wiadomo\u015bci do uczestnik\u00f3w badania z informacjami, instrukcjami dotycz\u0105cymi lek\u00f3w i ich dawkowania.<\/li>\n\n<li>Dealer samochodowy wysy\u0142a automatyczne wiadomo\u015bci tekstowe do klient\u00f3w dzie\u0144 po naprawie ich samochodu. SMS zawiera pytanie o do\u015bwiadczenia klienta zwi\u0105zane z procesem naprawy. Daje to dealerowi samochodowemu szybk\u0105 i skuteczn\u0105 ocen\u0119 jego us\u0142ug.<\/li>\n\n<li>Konsultant ds. wagi korzysta z funkcji scalania podczas wysy\u0142ania wiadomo\u015bci SMS do cz\u0142onk\u00f3w. Spersonalizowane wiadomo\u015bci z silnym przekazem s\u0105 znacznie bardziej motywuj\u0105ce i generalnie maj\u0105 wi\u0119kszy wp\u0142yw.<\/li>\n\n<li>W\u015br\u00f3d naszych klient\u00f3w, kt\u00f3rzy korzystaj\u0105 z funkcji scalania, jest r\u00f3wnie\u017c wielu takich, kt\u00f3rzy nie wysy\u0142aj\u0105 du\u017cej liczby wiadomo\u015bci, ale ich nazwy s\u0105 zintegrowane z bardziej spersonalizowanymi wiadomo\u015bciami. Na przyk\u0142ad mamy firmy, kt\u00f3re u\u017cywaj\u0105 tej funkcji do zwo\u0142ywania spotka\u0144, podobnie jak mamy zegarmistrza, kt\u00f3ry u\u017cywa jej do wysy\u0142ania wiadomo\u015bci dotycz\u0105cych towar\u00f3w do odbioru.<\/li>\n<\/ul>","protected":false},"excerpt":{"rendered":"<p>\u0141\u0105czenie wiadomo\u015bci Wysy\u0142anie wiadomo\u015bci do wielu u\u017cytkownik\u00f3w w tym samym czasie jest \u0142atwe i wygodne, ale jak zapewni\u0107, \u017ce wiadomo\u015bci SMS s\u0105 nadal spersonalizowane? Jako u\u017cytkownik Sure SMS mo\u017cesz spersonalizowa\u0107 swoje wiadomo\u015bci, \u0142\u0105cz\u0105c nazw\u0119 odbiorcy z sam\u0105 wiadomo\u015bci\u0105. Tworzy to ... <a title=\"\u0141\u0105czenie wiadomo\u015bci SMS w grupy\" class=\"read-more\" href=\"https:\/\/suresms.com\/pl\/funktioner\/sms-fletning-af-beskeder-til-grupper\/\" aria-label=\"Dowiedz si\u0119 wi\u0119cej o \u0142\u0105czeniu wiadomo\u015bci SMS dla grup\">Dowiedz si\u0119 wi\u0119cej<\/a><\/p>","protected":false},"author":1,"featured_media":0,"parent":958,"menu_order":11,"comment_status":"closed","ping_status":"closed","template":"","meta":{"_fl_builder_enabled":"1","_fl_builder_data":null,"_fl_builder_draft":null,"_fl_builder_data_settings":null,"_fl_builder_css":"","_fl_builder_css_version":"","_fl_builder_js":"","footnotes":""},"categories":[17],"tags":[],"class_list":{"0":"post-755","1":"page","2":"type-page","3":"status-publish","5":"category-linkfracornorstone"},"yoast_head":"<!-- This site is optimized with the Yoast SEO Premium plugin v27.3 (Yoast SEO v27.3) - https:\/\/yoast.com\/product\/yoast-seo-premium-wordpress\/ -->\r\n<title>SMS fletning af beskeder til grupper<\/title>\r\n<meta name=\"description\" content=\"Du kan nemt g\u00f8re dine SMS beskeder personlige med SureSMS. Ved at bruge nogle simple koder, kan du g\u00f8re beskeden helt personlig. Se her hvordan.\" \/>\r\n<meta name=\"robots\" content=\"index, follow, max-snippet:-1, max-image-preview:large, max-video-preview:-1\" \/>\r\n<link rel=\"canonical\" href=\"https:\/\/suresms.com\/pl\/cechy\/laczenie-wiadomosci-sms-dla-grup\/\" \/>\r\n<meta property=\"og:locale\" content=\"pl_PL\" \/>\r\n<meta property=\"og:type\" content=\"article\" \/>\r\n<meta property=\"og:title\" content=\"SMS fletning af beskeder til grupper\" \/>\r\n<meta property=\"og:description\" content=\"Du kan nemt g\u00f8re dine SMS beskeder personlige med SureSMS. Ved at bruge nogle simple koder, kan du g\u00f8re beskeden helt personlig. Se her hvordan.\" \/>\r\n<meta property=\"og:url\" content=\"https:\/\/suresms.com\/pl\/cechy\/laczenie-wiadomosci-sms-dla-grup\/\" \/>\r\n<meta property=\"article:publisher\" content=\"https:\/\/www.facebook.com\/p\/SureSMS-100044607956149\/\" \/>\r\n<meta property=\"article:modified_time\" content=\"2025-01-10T10:55:05+00:00\" \/>\r\n<meta name=\"twitter:card\" content=\"summary_large_image\" \/>\r\n<meta name=\"twitter:label1\" content=\"Szacowany czas czytania\" \/>\n\t<meta name=\"twitter:data1\" content=\"3 minuty\" \/>\r\n<script type=\"application\/ld+json\" class=\"yoast-schema-graph\">{\"@context\":\"https:\\\/\\\/schema.org\",\"@graph\":[{\"@type\":\"WebPage\",\"@id\":\"https:\\\/\\\/suresms.com\\\/dk\\\/funktioner\\\/sms-fletning-af-beskeder-til-grupper\\\/\",\"url\":\"https:\\\/\\\/suresms.com\\\/dk\\\/funktioner\\\/sms-fletning-af-beskeder-til-grupper\\\/\",\"name\":\"SMS fletning af beskeder til grupper\",\"isPartOf\":{\"@id\":\"https:\\\/\\\/suresms.com\\\/en\\\/#website\"},\"datePublished\":\"2014-12-17T18:12:52+00:00\",\"dateModified\":\"2025-01-10T10:55:05+00:00\",\"description\":\"Du kan nemt g\u00f8re dine SMS beskeder personlige med SureSMS. Ved at bruge nogle simple koder, kan du g\u00f8re beskeden helt personlig. Se her hvordan.\",\"breadcrumb\":{\"@id\":\"https:\\\/\\\/suresms.com\\\/dk\\\/funktioner\\\/sms-fletning-af-beskeder-til-grupper\\\/#breadcrumb\"},\"inLanguage\":\"pl-PL\",\"potentialAction\":[{\"@type\":\"ReadAction\",\"target\":[\"https:\\\/\\\/suresms.com\\\/dk\\\/funktioner\\\/sms-fletning-af-beskeder-til-grupper\\\/\"]}]},{\"@type\":\"BreadcrumbList\",\"@id\":\"https:\\\/\\\/suresms.com\\\/dk\\\/funktioner\\\/sms-fletning-af-beskeder-til-grupper\\\/#breadcrumb\",\"itemListElement\":[{\"@type\":\"ListItem\",\"position\":1,\"name\":\"Home\",\"item\":\"https:\\\/\\\/suresms.com\\\/dk\\\/\"},{\"@type\":\"ListItem\",\"position\":2,\"name\":\"Funktioner\",\"item\":\"https:\\\/\\\/suresms.com\\\/dk\\\/funktioner\\\/\"},{\"@type\":\"ListItem\",\"position\":3,\"name\":\"SMS fletning af beskeder til grupper\"}]},{\"@type\":\"WebSite\",\"@id\":\"https:\\\/\\\/suresms.com\\\/en\\\/#website\",\"url\":\"https:\\\/\\\/suresms.com\\\/en\\\/\",\"name\":\"SureSMS\",\"description\":\"Professionel SMS Gateway\",\"publisher\":{\"@id\":\"https:\\\/\\\/suresms.com\\\/en\\\/#organization\"},\"potentialAction\":[{\"@type\":\"SearchAction\",\"target\":{\"@type\":\"EntryPoint\",\"urlTemplate\":\"https:\\\/\\\/suresms.com\\\/en\\\/?s={search_term_string}\"},\"query-input\":{\"@type\":\"PropertyValueSpecification\",\"valueRequired\":true,\"valueName\":\"search_term_string\"}}],\"inLanguage\":\"pl-PL\"},{\"@type\":\"Organization\",\"@id\":\"https:\\\/\\\/suresms.com\\\/en\\\/#organization\",\"name\":\"SureSMS\",\"url\":\"https:\\\/\\\/suresms.com\\\/en\\\/\",\"logo\":{\"@type\":\"ImageObject\",\"inLanguage\":\"pl-PL\",\"@id\":\"https:\\\/\\\/suresms.com\\\/en\\\/#\\\/schema\\\/logo\\\/image\\\/\",\"url\":\"https:\\\/\\\/suresms.com\\\/wp-content\\\/uploads\\\/2024\\\/11\\\/suresms-300x65-1.png\",\"contentUrl\":\"https:\\\/\\\/suresms.com\\\/wp-content\\\/uploads\\\/2024\\\/11\\\/suresms-300x65-1.png\",\"width\":300,\"height\":65,\"caption\":\"SureSMS\"},\"image\":{\"@id\":\"https:\\\/\\\/suresms.com\\\/en\\\/#\\\/schema\\\/logo\\\/image\\\/\"},\"sameAs\":[\"https:\\\/\\\/www.facebook.com\\\/p\\\/SureSMS-100044607956149\\\/\"]}]}<\/script>\r\n<!-- \/ Yoast SEO Premium plugin. -->","yoast_head_json":{"title":"\u0141\u0105czenie wiadomo\u015bci SMS w grupy","description":"Dzi\u0119ki SureSMS mo\u017cesz \u0142atwo spersonalizowa\u0107 swoje wiadomo\u015bci SMS. U\u017cywaj\u0105c kilku prostych kod\u00f3w, mo\u017cesz ca\u0142kowicie spersonalizowa\u0107 swoj\u0105 wiadomo\u015b\u0107. Zobacz jak to zrobi\u0107 tutaj.","robots":{"index":"index","follow":"follow","max-snippet":"max-snippet:-1","max-image-preview":"max-image-preview:large","max-video-preview":"max-video-preview:-1"},"canonical":"https:\/\/suresms.com\/pl\/cechy\/laczenie-wiadomosci-sms-dla-grup\/","og_locale":"pl_PL","og_type":"article","og_title":"SMS fletning af beskeder til grupper","og_description":"Du kan nemt g\u00f8re dine SMS beskeder personlige med SureSMS. Ved at bruge nogle simple koder, kan du g\u00f8re beskeden helt personlig. Se her hvordan.","og_url":"https:\/\/suresms.com\/pl\/cechy\/laczenie-wiadomosci-sms-dla-grup\/","article_publisher":"https:\/\/www.facebook.com\/p\/SureSMS-100044607956149\/","article_modified_time":"2025-01-10T10:55:05+00:00","twitter_card":"summary_large_image","twitter_misc":{"Szacowany czas czytania":"3 minuty"},"schema":{"@context":"https:\/\/schema.org","@graph":[{"@type":"WebPage","@id":"https:\/\/suresms.com\/dk\/funktioner\/sms-fletning-af-beskeder-til-grupper\/","url":"https:\/\/suresms.com\/dk\/funktioner\/sms-fletning-af-beskeder-til-grupper\/","name":"\u0141\u0105czenie wiadomo\u015bci SMS w grupy","isPartOf":{"@id":"https:\/\/suresms.com\/en\/#website"},"datePublished":"2014-12-17T18:12:52+00:00","dateModified":"2025-01-10T10:55:05+00:00","description":"Dzi\u0119ki SureSMS mo\u017cesz \u0142atwo spersonalizowa\u0107 swoje wiadomo\u015bci SMS. U\u017cywaj\u0105c kilku prostych kod\u00f3w, mo\u017cesz ca\u0142kowicie spersonalizowa\u0107 swoj\u0105 wiadomo\u015b\u0107. Zobacz jak to zrobi\u0107 tutaj.","breadcrumb":{"@id":"https:\/\/suresms.com\/dk\/funktioner\/sms-fletning-af-beskeder-til-grupper\/#breadcrumb"},"inLanguage":"pl-PL","potentialAction":[{"@type":"ReadAction","target":["https:\/\/suresms.com\/dk\/funktioner\/sms-fletning-af-beskeder-til-grupper\/"]}]},{"@type":"BreadcrumbList","@id":"https:\/\/suresms.com\/dk\/funktioner\/sms-fletning-af-beskeder-til-grupper\/#breadcrumb","itemListElement":[{"@type":"ListItem","position":1,"name":"Home","item":"https:\/\/suresms.com\/dk\/"},{"@type":"ListItem","position":2,"name":"Funktioner","item":"https:\/\/suresms.com\/dk\/funktioner\/"},{"@type":"ListItem","position":3,"name":"SMS fletning af beskeder til grupper"}]},{"@type":"WebSite","@id":"https:\/\/suresms.com\/en\/#website","url":"https:\/\/suresms.com\/en\/","name":"SureSMS","description":"Profesjonalna bramka SMS","publisher":{"@id":"https:\/\/suresms.com\/en\/#organization"},"potentialAction":[{"@type":"SearchAction","target":{"@type":"EntryPoint","urlTemplate":"https:\/\/suresms.com\/en\/?s={search_term_string}"},"query-input":{"@type":"PropertyValueSpecification","valueRequired":true,"valueName":"search_term_string"}}],"inLanguage":"pl-PL"},{"@type":"Organization","@id":"https:\/\/suresms.com\/en\/#organization","name":"SureSMS","url":"https:\/\/suresms.com\/en\/","logo":{"@type":"ImageObject","inLanguage":"pl-PL","@id":"https:\/\/suresms.com\/en\/#\/schema\/logo\/image\/","url":"https:\/\/suresms.com\/wp-content\/uploads\/2024\/11\/suresms-300x65-1.png","contentUrl":"https:\/\/suresms.com\/wp-content\/uploads\/2024\/11\/suresms-300x65-1.png","width":300,"height":65,"caption":"SureSMS"},"image":{"@id":"https:\/\/suresms.com\/en\/#\/schema\/logo\/image\/"},"sameAs":["https:\/\/www.facebook.com\/p\/SureSMS-100044607956149\/"]}]}},"_links":{"self":[{"href":"https:\/\/suresms.com\/pl\/wp-json\/wp\/v2\/pages\/755","targetHints":{"allow":["GET"]}}],"collection":[{"href":"https:\/\/suresms.com\/pl\/wp-json\/wp\/v2\/pages"}],"about":[{"href":"https:\/\/suresms.com\/pl\/wp-json\/wp\/v2\/types\/page"}],"author":[{"embeddable":true,"href":"https:\/\/suresms.com\/pl\/wp-json\/wp\/v2\/users\/1"}],"replies":[{"embeddable":true,"href":"https:\/\/suresms.com\/pl\/wp-json\/wp\/v2\/comments?post=755"}],"version-history":[{"count":5,"href":"https:\/\/suresms.com\/pl\/wp-json\/wp\/v2\/pages\/755\/revisions"}],"predecessor-version":[{"id":21398,"href":"https:\/\/suresms.com\/pl\/wp-json\/wp\/v2\/pages\/755\/revisions\/21398"}],"up":[{"embeddable":true,"href":"https:\/\/suresms.com\/pl\/wp-json\/wp\/v2\/pages\/958"}],"wp:attachment":[{"href":"https:\/\/suresms.com\/pl\/wp-json\/wp\/v2\/media?parent=755"}],"wp:term":[{"taxonomy":"category","embeddable":true,"href":"https:\/\/suresms.com\/pl\/wp-json\/wp\/v2\/categories?post=755"},{"taxonomy":"post_tag","embeddable":true,"href":"https:\/\/suresms.com\/pl\/wp-json\/wp\/v2\/tags?post=755"}],"curies":[{"name":"wp","href":"https:\/\/api.w.org\/{rel}","templated":true}]}}