{"id":748,"date":"2014-12-16T20:14:42","date_gmt":"2014-12-16T18:14:42","guid":{"rendered":"https:\/\/www.suresms.com\/dk\/?page_id=748"},"modified":"2024-11-24T17:03:16","modified_gmt":"2024-11-24T17:03:16","slug":"vilkaar","status":"publish","type":"page","link":"https:\/\/suresms.com\/pl\/politikker\/vilkaar\/","title":{"rendered":"Zasady i warunki"},"content":{"rendered":"<p><strong>Og\u00f3lnie<\/strong><\/p>\n<ol>\n<li>Dost\u0119p i korzystanie z witryny internetowej i oprogramowania SureSMS podlega nast\u0119puj\u0105cym warunkom i zasadom\u00a0<a href=\"https:\/\/suresms.com\/pl\/polityka-danych-osobowych\/\">polityka prywatno\u015bci<\/a>. Korzystaj\u0105c z tej witryny, u\u017cytkownik wyra\u017ca zgod\u0119 na nasze warunki i zasady oraz\u00a0<a href=\"https:\/\/suresms.com\/pl\/polityka-danych-osobowych\/\">polityka prywatno\u015bci<\/a>. Je\u015bli u\u017cytkownik nie zgadza si\u0119 z poni\u017cszymi warunkami lub nasz\u0105 polityk\u0105 prywatno\u015bci, musi natychmiast zaprzesta\u0107 korzystania z us\u0142ug i oprogramowania dostarczanego przez SureSMS.<\/li>\n<li>Akceptuj\u0105c niniejsze warunki, u\u017cytkownik wyra\u017ca zgod\u0119 na,\n<ul>\n<li>\u017ce osoba reprezentuj\u0105ca SureSMS mo\u017ce skontaktowa\u0107 si\u0119 z u\u017cytkownikiem telefonicznie, poczt\u0105 elektroniczn\u0105 lub SMS-em w sprawie us\u0142ug, z kt\u00f3rych korzysta u\u017cytkownik.<\/li>\n<li>\u017ce osoba reprezentuj\u0105ca SureSMS mo\u017ce skontaktowa\u0107 si\u0119 z u\u017cytkownikiem telefonicznie, poczt\u0105 elektroniczn\u0105 lub SMS-em w sprawie powi\u0105zanych us\u0142ug.<\/li>\n<li>\u017ce SureSMS mo\u017ce wykorzystywa\u0107 nazw\u0119 reprezentowanej przez Ciebie firmy do cel\u00f3w marketingowych.<\/li>\n<li>\u017ce je\u015bli u\u017cytkownik nie \u017cyczy sobie kontaktu, mo\u017ce\u00a0<a href=\"https:\/\/suresms.com\/pl\/kontakt\/\">tutaj <\/a>rezygnacja z dalszego kontaktu<\/li>\n<\/ul>\n<\/li>\n<li>Je\u015bli u\u017cytkownik nie zastosuje si\u0119 do wszystkich poni\u017cszych warunk\u00f3w, jego prawo dost\u0119pu zostanie natychmiast zablokowane.<\/li>\n<li>Zastrzegamy sobie prawo do zmiany niniejszych warunk\u00f3w bez bezpo\u015bredniego powiadomienia. Zmienione warunki wejd\u0105 w \u017cycie w okre\u015blonym w nich terminie. B\u0119d\u0105 one dost\u0119pne tutaj na stronie internetowej. W zwi\u0105zku z tym u\u017cytkownik jest proszony o regularne zapoznawanie si\u0119 z nimi podczas odwiedzania strony internetowej. Dalsze korzystanie z witryny internetowej i oprogramowania opracowanego przez SureSMS oznacza akceptacj\u0119 nowych warunk\u00f3w u\u017cytkowania.<\/li>\n<li>SureSMS przechowuje Twoje dane osobowe tak d\u0142ugo, jak d\u0142ugo jeste\u015b u\u017cytkownikiem naszych system\u00f3w. SureSMS przechowuje dane osobowe u\u017cytkownika przez okres do pi\u0119ciu lat. Jako zarejestrowany u\u017cytkownik SureSMS masz prawo sprzeciwi\u0107 si\u0119 rejestracji, pisz\u0105c na adres info@suresms.com. Glen Mandsberg jest wyznaczony jako administrator danych w SureSMS i powi\u0105zanych firmach. U\u017cytkownik mo\u017ce w dowolnym momencie poprosi\u0107 nas o usuni\u0119cie swoich danych, poprosi\u0107 o udost\u0119pnienie informacji, kt\u00f3re posiadamy na jego temat, a tak\u017ce poprosi\u0107 nas o poprawienie b\u0142\u0119d\u00f3w i pomini\u0119\u0107 w jego danych osobowych.<\/li>\n<\/ol>\n<p><strong>Nasze us\u0142ugi<\/strong><\/p>\n<ol>\n<li>Oferujemy us\u0142ug\u0119, kt\u00f3ra umo\u017cliwia korzystanie z sieci firm telefonicznych do wysy\u0142ania i odbierania wiadomo\u015bci SMS z telefon\u00f3w kom\u00f3rkowych.<\/li>\n<li>Cena naszych us\u0142ug zale\u017cy od wybranych funkcji, kraju, do kt\u00f3rego chcesz wysy\u0142a\u0107, oraz oprogramowania u\u017cywanego do wysy\u0142ania. Aktualny cennik mo\u017cna uzyska\u0107 w dowolnym momencie, wysy\u0142aj\u0105c wiadomo\u015b\u0107 e-mail na adres <a href=\"mailto:info@suresms.com\">info@suresms.com<\/a>.<\/li>\n<li>SureSMS zapewnia pomoc online w formie strony internetowej. Je\u015bli pomoc techniczna jest obs\u0142ugiwana przez personel, dok\u0142adamy wszelkich stara\u0144, aby odpowiada\u0107 na czacie. Zawsze mo\u017cesz poprosi\u0107 nasz personel pomocy technicznej o pomoc, pisz\u0105c wiadomo\u015b\u0107 e-mail na adres <a href=\"mailto:support@suresms.com\">support@suresms.com<\/a>.<\/li>\n<li>Dok\u0142adamy wszelkich stara\u0144, aby zapewni\u0107 u\u017cytkownikowi nieograniczony dost\u0119p do strony internetowej i innych system\u00f3w. Nie mo\u017cemy jednak zagwarantowa\u0107 nieprzerwanej dost\u0119pno\u015bci naszych us\u0142ug, podobnie jak firmy telekomunikacyjne nie mog\u0105 zagwarantowa\u0107 dostarczenia wiadomo\u015bci SMS.<\/li>\n<li>Zastrzegamy sobie prawo do edytowania, usuwania, usuwania, modyfikowania i ulepszania wszystkich danych, informacji i tre\u015bci wy\u015bwietlanych w witrynie w dowolnym momencie.<\/li>\n<\/ol>\n<p><strong>Dozwolone u\u017cycie<\/strong><\/p>\n<ol start=\"1\">\n<li>U\u017cytkownik nie mo\u017ce korzysta\u0107 z tej witryny w spos\u00f3b niezgodny z prawem, oszuka\u0144czy lub nieuczciwy.<\/li>\n<li>W naszych systemach nie mo\u017cna podszywa\u0107 si\u0119 pod kogo\u015b innego ni\u017c jest si\u0119 w rzeczywisto\u015bci.<\/li>\n<li>U\u017cytkownik nie mo\u017ce zak\u0142\u00f3ca\u0107, przerywa\u0107 ani nak\u0142ada\u0107 nieproporcjonalnego obci\u0105\u017cenia na nasze systemy komunikacyjne lub techniczne, zgodnie z nasz\u0105 ocen\u0105.<\/li>\n<li>U\u017cytkownik jest zobowi\u0105zany do przestrzegania przepis\u00f3w obowi\u0105zuj\u0105cych w krajach, do kt\u00f3rych wysy\u0142ane s\u0105 wiadomo\u015bci SMS. U\u017cytkownik jest zobowi\u0105zany do uzyskania informacji o tych przepisach.<\/li>\n<li>SureSMS mo\u017ce zablokowa\u0107 konto u\u017cytkownika bez powiadomienia, je\u015bli istnieje podejrzenie nadu\u017cycia konta do wysy\u0142ania nielegalnych wiadomo\u015bci SMS. U\u017cytkownik zostanie niezw\u0142ocznie powiadomiony o zablokowaniu jego konta.<\/li>\n<li>Je\u015bli SureSMS stanie w obliczu roszcze\u0144 odszkodowawczych wynikaj\u0105cych z niew\u0142a\u015bciwego korzystania z konta, SureSMS mo\u017ce obci\u0105\u017cy\u0107 u\u017cytkownika odpowiedzialno\u015bci\u0105 za te roszczenia<\/li>\n<\/ol>\n<p><strong>Prawa w\u0142asno\u015bci intelektualnej<\/strong><\/p>\n<ol>\n<li>Prawa autorskie do danych, tre\u015bci i informacji wy\u015bwietlanych na naszej stronie internetowej i powi\u0105zanych systemach oprogramowania nale\u017c\u0105 do SureSMS. U\u017cytkownik mo\u017ce drukowa\u0107, kopiowa\u0107, przesy\u0142a\u0107 lub przechowywa\u0107 fragmenty materia\u0142\u00f3w i informacji wy\u015bwietlanych na stronie internetowej na w\u0142asny u\u017cytek.<\/li>\n<li>O ile nie okre\u015blono inaczej w niniejszych warunkach, \u017cadna z naszych w\u0142asno\u015bci na tej stronie internetowej i wok\u00f3\u0142 niej (dane, tre\u015bci, materia\u0142y i informacje wy\u015bwietlane tutaj) nie mo\u017ce by\u0107 u\u017cywana, kopiowana, modyfikowana, publikowana, przesy\u0142ana, sprzedawana, uzyskiwana, przeprojektowywana, powielana, ponownie formatowana i rozpowszechniana bez uprzedniej zgody SureSMS.<\/li>\n<\/ol>\n<p><strong>Zaniedbanie naszej odpowiedzialno\u015bci<\/strong><\/p>\n<ol>\n<li>SureSMS nie ponosi odpowiedzialno\u015bci za straty poniesione w zwi\u0105zku z korzystaniem z tej witryny lub powi\u0105zanego oprogramowania. Dotyczy to zar\u00f3wno strat bezpo\u015brednich, jak i po\u015brednich.<\/li>\n<li>SureSMS nie ponosi odpowiedzialno\u015bci za konsekwencje niedostarczenia wiadomo\u015bci SMS, poniewa\u017c odpowiedzialno\u015b\u0107 za to spoczywa na firmach telekomunikacyjnych.<\/li>\n<\/ol>\n<p><strong>Odpowiedzialno\u015b\u0107 u\u017cytkownika<\/strong><\/p>\n<ol>\n<li>U\u017cytkownik powinien podj\u0105\u0107 wszelkie niezb\u0119dne \u015brodki ostro\u017cno\u015bci w celu zapewnienia, \u017ce przekazywane przez niego dane, tre\u015bci, materia\u0142y i informacje (w tym\u00a0<em>zawarto\u015b\u0107 u\u017cytkownika<\/em>) nie zawiera wirus\u00f3w, oprogramowania szpieguj\u0105cego, z\u0142o\u015bliwego oprogramowania ani niczego innego, co mo\u017ce mie\u0107 szkodliwy wp\u0142yw na t\u0119 witryn\u0119, witryny os\u00f3b trzecich lub inne.<\/li>\n<li>Korzystanie z tej witryny wymaga dokonania rejestracji. Nazwa u\u017cytkownika i has\u0142o powinny by\u0107 poufne, aby unikn\u0105\u0107 nadu\u017cy\u0107. U\u017cytkownik ponosi odpowiedzialno\u015b\u0107 za dzia\u0142ania podj\u0119te przy u\u017cyciu jego nazwy u\u017cytkownika.<\/li>\n<li>U\u017cytkownik ponosi odpowiedzialno\u015b\u0107 za sw\u00f3j wk\u0142ad w t\u0119 witryn\u0119 internetow\u0105 i powi\u0105zane z ni\u0105 oprogramowanie. Dotyczy to r\u00f3wnie\u017c tre\u015bci wiadomo\u015bci SMS i odbiorc\u00f3w oraz informacji o odbiorcach. U\u017cytkownik musi zagwarantowa\u0107, \u017ce jego tre\u015bci nie naruszaj\u0105 \u017cadnych praw prywatnych, praw korporacyjnych ani innych praw os\u00f3b trzecich (w tym informacji poufnych).<\/li>\n<li>U\u017cytkownik zgadza si\u0119, \u017ce b\u0119dzie odpowiedzialny za wszelkie szkody, straty, roszczenia, niedogodno\u015bci i wydatki, jakie SureSMS mo\u017ce ponie\u015b\u0107 w wyniku korzystania z witryny internetowej i powi\u0105zanych produkt\u00f3w.<\/li>\n<li>Je\u015bli chcesz sprzeciwi\u0107 si\u0119 obliczeniom na fakturze, musisz to zrobi\u0107 przed dat\u0105 p\u0142atno\u015bci faktury.<\/li>\n<\/ol>\n<p><strong>Anulowanie<\/strong><\/p>\n<ol>\n<li>Subskrypcj\u0119 SureSMS mo\u017cna anulowa\u0107 w dowolnym momencie. Okres anulowania wynosi 0 (zero) dni.<\/li>\n<li>Stosujemy polityk\u0119 bezzwrotnej p\u0142atno\u015bci. Oznacza to, \u017ce nie zwracamy kwot ju\u017c zafakturowanych lub zap\u0142aconych. Zawsze mo\u017cesz wykorzysta\u0107 ca\u0142e saldo na koncie SureSMS.<\/li>\n<li>Saldo konta SureSMS nie wygasa.<\/li>\n<li>Je\u015bli chcesz ca\u0142kowicie usun\u0105\u0107 swoje konto, utracisz zdeponowan\u0105 kwot\u0119, w tym wszelkie bezp\u0142atne SMS-y.<\/li>\n<\/ol>\n<p><strong>Zmiany i aktualizacje<\/strong><\/p>\n<ol>\n<li>Mo\u017cemy zmienia\u0107 i aktualizowa\u0107 warunki. Korzystanie z witryny po aktualizacji oznacza akceptacj\u0119 zaktualizowanej wersji.<\/li>\n<li>Regulamin zosta\u0142 ostatnio zaktualizowany w dniu 19 grudnia 2017 r.<\/li>\n<\/ol>\n<p>&nbsp;<\/p>","protected":false},"excerpt":{"rendered":"<p>Og\u00f3lne Dost\u0119p i korzystanie ze strony internetowej i oprogramowania SureSMS podlega nast\u0119puj\u0105cym warunkom i polityce prywatno\u015bci. Korzystaj\u0105c z tej witryny, u\u017cytkownik wyra\u017ca zgod\u0119 na nasze warunki i polityk\u0119 prywatno\u015bci. Je\u015bli u\u017cytkownik nie wyra\u017ca zgody na poni\u017csze warunki lub nasz\u0105 polityk\u0119 prywatno\u015bci, musi natychmiast zaprzesta\u0107 korzystania z us\u0142ugi i ... <a title=\"Zasady i warunki\" class=\"read-more\" href=\"https:\/\/suresms.com\/pl\/politikker\/vilkaar\/\" aria-label=\"Dowiedz si\u0119 wi\u0119cej o Regulaminie\">Dowiedz si\u0119 wi\u0119cej<\/a><\/p>","protected":false},"author":1,"featured_media":0,"parent":19124,"menu_order":22,"comment_status":"closed","ping_status":"closed","template":"","meta":{"_fl_builder_enabled":"1","_fl_builder_data":null,"_fl_builder_draft":null,"_fl_builder_data_settings":null,"_fl_builder_css":"","_fl_builder_css_version":"","_fl_builder_js":"","footnotes":""},"categories":[],"tags":[],"class_list":["post-748","page","type-page","status-publish"],"yoast_head":"<!-- This site is optimized with the Yoast SEO Premium plugin v27.3 (Yoast SEO v27.3) - https:\/\/yoast.com\/product\/yoast-seo-premium-wordpress\/ -->\r\n<title>Vilk\u00e5r og betingelser -<\/title>\r\n<meta name=\"robots\" content=\"index, follow, max-snippet:-1, max-image-preview:large, max-video-preview:-1\" \/>\r\n<link rel=\"canonical\" href=\"https:\/\/suresms.com\/pl\/polityki\/vilkaar\/\" \/>\r\n<meta property=\"og:locale\" content=\"pl_PL\" \/>\r\n<meta property=\"og:type\" content=\"article\" \/>\r\n<meta property=\"og:title\" content=\"Vilk\u00e5r og betingelser\" \/>\r\n<meta property=\"og:description\" content=\"Generelt Adgangen og brugen af SureSMS hjemmeside og software sker med udgangspunkt i f\u00f8lgende vilk\u00e5r, betingelser og\u00a0persondatapolitik. Ved brug af denne hjemmeside erkl\u00e6rer du dig enig i vores vilk\u00e5r og betingelser og\u00a0persondatapolitik. Hvis du ikke er enig i de f\u00f8lgende vilk\u00e5r og betingelser eller vores persondatapolitik, skal du straks stoppe med at anvende service og ... Dowiedz si\u0119 wi\u0119cej\" \/>\r\n<meta property=\"og:url\" content=\"https:\/\/suresms.com\/pl\/polityki\/vilkaar\/\" \/>\r\n<meta property=\"article:publisher\" content=\"https:\/\/www.facebook.com\/p\/SureSMS-100044607956149\/\" \/>\r\n<meta property=\"article:modified_time\" content=\"2024-11-24T17:03:16+00:00\" \/>\r\n<meta name=\"twitter:card\" content=\"summary_large_image\" \/>\r\n<meta name=\"twitter:label1\" content=\"Szacowany czas czytania\" \/>\n\t<meta name=\"twitter:data1\" content=\"5 minut\" \/>\r\n<script type=\"application\/ld+json\" class=\"yoast-schema-graph\">{\"@context\":\"https:\\\/\\\/schema.org\",\"@graph\":[{\"@type\":\"WebPage\",\"@id\":\"https:\\\/\\\/suresms.com\\\/politikker\\\/vilkaar\\\/\",\"url\":\"https:\\\/\\\/suresms.com\\\/politikker\\\/vilkaar\\\/\",\"name\":\"Vilk\u00e5r og betingelser -\",\"isPartOf\":{\"@id\":\"https:\\\/\\\/suresms.com\\\/en\\\/#website\"},\"datePublished\":\"2014-12-16T18:14:42+00:00\",\"dateModified\":\"2024-11-24T17:03:16+00:00\",\"breadcrumb\":{\"@id\":\"https:\\\/\\\/suresms.com\\\/politikker\\\/vilkaar\\\/#breadcrumb\"},\"inLanguage\":\"pl-PL\",\"potentialAction\":[{\"@type\":\"ReadAction\",\"target\":[\"https:\\\/\\\/suresms.com\\\/politikker\\\/vilkaar\\\/\"]}]},{\"@type\":\"BreadcrumbList\",\"@id\":\"https:\\\/\\\/suresms.com\\\/politikker\\\/vilkaar\\\/#breadcrumb\",\"itemListElement\":[{\"@type\":\"ListItem\",\"position\":1,\"name\":\"Home\",\"item\":\"https:\\\/\\\/suresms.com\\\/dk\\\/\"},{\"@type\":\"ListItem\",\"position\":2,\"name\":\"Politikker\",\"item\":\"https:\\\/\\\/suresms.com\\\/politikker\\\/\"},{\"@type\":\"ListItem\",\"position\":3,\"name\":\"Vilk\u00e5r og betingelser\"}]},{\"@type\":\"WebSite\",\"@id\":\"https:\\\/\\\/suresms.com\\\/en\\\/#website\",\"url\":\"https:\\\/\\\/suresms.com\\\/en\\\/\",\"name\":\"SureSMS\",\"description\":\"Professionel SMS Gateway\",\"publisher\":{\"@id\":\"https:\\\/\\\/suresms.com\\\/en\\\/#organization\"},\"potentialAction\":[{\"@type\":\"SearchAction\",\"target\":{\"@type\":\"EntryPoint\",\"urlTemplate\":\"https:\\\/\\\/suresms.com\\\/en\\\/?s={search_term_string}\"},\"query-input\":{\"@type\":\"PropertyValueSpecification\",\"valueRequired\":true,\"valueName\":\"search_term_string\"}}],\"inLanguage\":\"pl-PL\"},{\"@type\":\"Organization\",\"@id\":\"https:\\\/\\\/suresms.com\\\/en\\\/#organization\",\"name\":\"SureSMS\",\"url\":\"https:\\\/\\\/suresms.com\\\/en\\\/\",\"logo\":{\"@type\":\"ImageObject\",\"inLanguage\":\"pl-PL\",\"@id\":\"https:\\\/\\\/suresms.com\\\/en\\\/#\\\/schema\\\/logo\\\/image\\\/\",\"url\":\"https:\\\/\\\/suresms.com\\\/wp-content\\\/uploads\\\/2024\\\/11\\\/suresms-300x65-1.png\",\"contentUrl\":\"https:\\\/\\\/suresms.com\\\/wp-content\\\/uploads\\\/2024\\\/11\\\/suresms-300x65-1.png\",\"width\":300,\"height\":65,\"caption\":\"SureSMS\"},\"image\":{\"@id\":\"https:\\\/\\\/suresms.com\\\/en\\\/#\\\/schema\\\/logo\\\/image\\\/\"},\"sameAs\":[\"https:\\\/\\\/www.facebook.com\\\/p\\\/SureSMS-100044607956149\\\/\"]}]}<\/script>\r\n<!-- \/ Yoast SEO Premium plugin. -->","yoast_head_json":{"title":"Zasady i warunki","robots":{"index":"index","follow":"follow","max-snippet":"max-snippet:-1","max-image-preview":"max-image-preview:large","max-video-preview":"max-video-preview:-1"},"canonical":"https:\/\/suresms.com\/pl\/polityki\/vilkaar\/","og_locale":"pl_PL","og_type":"article","og_title":"Vilk\u00e5r og betingelser","og_description":"Generelt Adgangen og brugen af SureSMS hjemmeside og software sker med udgangspunkt i f\u00f8lgende vilk\u00e5r, betingelser og\u00a0persondatapolitik. Ved brug af denne hjemmeside erkl\u00e6rer du dig enig i vores vilk\u00e5r og betingelser og\u00a0persondatapolitik. Hvis du ikke er enig i de f\u00f8lgende vilk\u00e5r og betingelser eller vores persondatapolitik, skal du straks stoppe med at anvende service og ... Dowiedz si\u0119 wi\u0119cej","og_url":"https:\/\/suresms.com\/pl\/polityki\/vilkaar\/","article_publisher":"https:\/\/www.facebook.com\/p\/SureSMS-100044607956149\/","article_modified_time":"2024-11-24T17:03:16+00:00","twitter_card":"summary_large_image","twitter_misc":{"Szacowany czas czytania":"5 minut"},"schema":{"@context":"https:\/\/schema.org","@graph":[{"@type":"WebPage","@id":"https:\/\/suresms.com\/politikker\/vilkaar\/","url":"https:\/\/suresms.com\/politikker\/vilkaar\/","name":"Zasady i warunki","isPartOf":{"@id":"https:\/\/suresms.com\/en\/#website"},"datePublished":"2014-12-16T18:14:42+00:00","dateModified":"2024-11-24T17:03:16+00:00","breadcrumb":{"@id":"https:\/\/suresms.com\/politikker\/vilkaar\/#breadcrumb"},"inLanguage":"pl-PL","potentialAction":[{"@type":"ReadAction","target":["https:\/\/suresms.com\/politikker\/vilkaar\/"]}]},{"@type":"BreadcrumbList","@id":"https:\/\/suresms.com\/politikker\/vilkaar\/#breadcrumb","itemListElement":[{"@type":"ListItem","position":1,"name":"Home","item":"https:\/\/suresms.com\/dk\/"},{"@type":"ListItem","position":2,"name":"Politikker","item":"https:\/\/suresms.com\/politikker\/"},{"@type":"ListItem","position":3,"name":"Vilk\u00e5r og betingelser"}]},{"@type":"WebSite","@id":"https:\/\/suresms.com\/en\/#website","url":"https:\/\/suresms.com\/en\/","name":"SureSMS","description":"Profesjonalna bramka SMS","publisher":{"@id":"https:\/\/suresms.com\/en\/#organization"},"potentialAction":[{"@type":"SearchAction","target":{"@type":"EntryPoint","urlTemplate":"https:\/\/suresms.com\/en\/?s={search_term_string}"},"query-input":{"@type":"PropertyValueSpecification","valueRequired":true,"valueName":"search_term_string"}}],"inLanguage":"pl-PL"},{"@type":"Organization","@id":"https:\/\/suresms.com\/en\/#organization","name":"SureSMS","url":"https:\/\/suresms.com\/en\/","logo":{"@type":"ImageObject","inLanguage":"pl-PL","@id":"https:\/\/suresms.com\/en\/#\/schema\/logo\/image\/","url":"https:\/\/suresms.com\/wp-content\/uploads\/2024\/11\/suresms-300x65-1.png","contentUrl":"https:\/\/suresms.com\/wp-content\/uploads\/2024\/11\/suresms-300x65-1.png","width":300,"height":65,"caption":"SureSMS"},"image":{"@id":"https:\/\/suresms.com\/en\/#\/schema\/logo\/image\/"},"sameAs":["https:\/\/www.facebook.com\/p\/SureSMS-100044607956149\/"]}]}},"_links":{"self":[{"href":"https:\/\/suresms.com\/pl\/wp-json\/wp\/v2\/pages\/748","targetHints":{"allow":["GET"]}}],"collection":[{"href":"https:\/\/suresms.com\/pl\/wp-json\/wp\/v2\/pages"}],"about":[{"href":"https:\/\/suresms.com\/pl\/wp-json\/wp\/v2\/types\/page"}],"author":[{"embeddable":true,"href":"https:\/\/suresms.com\/pl\/wp-json\/wp\/v2\/users\/1"}],"replies":[{"embeddable":true,"href":"https:\/\/suresms.com\/pl\/wp-json\/wp\/v2\/comments?post=748"}],"version-history":[{"count":1,"href":"https:\/\/suresms.com\/pl\/wp-json\/wp\/v2\/pages\/748\/revisions"}],"predecessor-version":[{"id":19133,"href":"https:\/\/suresms.com\/pl\/wp-json\/wp\/v2\/pages\/748\/revisions\/19133"}],"up":[{"embeddable":true,"href":"https:\/\/suresms.com\/pl\/wp-json\/wp\/v2\/pages\/19124"}],"wp:attachment":[{"href":"https:\/\/suresms.com\/pl\/wp-json\/wp\/v2\/media?parent=748"}],"wp:term":[{"taxonomy":"category","embeddable":true,"href":"https:\/\/suresms.com\/pl\/wp-json\/wp\/v2\/categories?post=748"},{"taxonomy":"post_tag","embeddable":true,"href":"https:\/\/suresms.com\/pl\/wp-json\/wp\/v2\/tags?post=748"}],"curies":[{"name":"wp","href":"https:\/\/api.w.org\/{rel}","templated":true}]}}