{"id":5320,"date":"2017-12-22T15:17:39","date_gmt":"2017-12-22T13:17:39","guid":{"rendered":"https:\/\/www.suresms.com\/dk\/?page_id=5320"},"modified":"2025-03-24T14:57:40","modified_gmt":"2025-03-24T14:57:40","slug":"polityka-danych-osobowych","status":"publish","type":"page","link":"https:\/\/suresms.com\/pl\/politikker\/persondata-politik\/","title":{"rendered":"Polityka prywatno\u015bci"},"content":{"rendered":"<p>SureSMS jest zarejestrowan\u0105 w Danii firm\u0105 o numerze CVR 33263104. Firma jest zarejestrowana pod adresem Industriholmen 82, 2650 Hvidovre, Dania.<\/p>\n<p>Poni\u017csza polityka prywatno\u015bci chroni dane osobowe u\u017cytkownika zgodnie z ustaw\u0105 o danych osobowych i rozporz\u0105dzeniem UE o danych osobowych. Niniejsza polityka prywatno\u015bci wyja\u015bnia, w jaki spos\u00f3b gromadzimy i wykorzystujemy dane osobowe u\u017cytkownik\u00f3w oraz jakie \u015brodki podejmujemy w celu zapewnienia poufno\u015bci danych.<\/p>\n<h2>Jakie informacje gromadzimy?<\/h2>\n<p>W zwi\u0105zku z wnioskami o za\u0142o\u017cenie konta i rejestracj\u0105 konta w naszych us\u0142ugach gromadzimy dane osobowe u\u017cytkownika. Mo\u017cemy r\u00f3wnie\u017c gromadzi\u0107 dane, kt\u00f3re pokazuj\u0105, w jaki spos\u00f3b u\u017cytkownik korzysta z naszej witryny internetowej, z kt\u00f3rej witryny pochodzi, kt\u00f3re strony odwiedzi\u0142 i w jaki spos\u00f3b porusza si\u0119 po witrynie. Gromadzimy r\u00f3wnie\u017c informacje o wysy\u0142anych wiadomo\u015bciach SMS i innych us\u0142ugach, z kt\u00f3rych korzystasz, w tym je\u015bli przechowujesz dane kontaktowe odbiorc\u00f3w wiadomo\u015bci SMS.<\/p>\n<p>Gromadzimy r\u00f3wnie\u017c informacje o tym, kiedy u\u017cytkownik uzyskuje dost\u0119p do us\u0142ugi i z jakich urz\u0105dze\u0144 uzyskuje do niej dost\u0119p. Gromadzimy r\u00f3wnie\u017c informacje o nieoczekiwanych zdarzeniach w naszych systemach i us\u0142ugach, niezale\u017cnie od tego, czy wyst\u0119puj\u0105 one na urz\u0105dzeniu u\u017cytkownika, czy na naszym.<\/p>\n<h2>Cel<\/h2>\n<p>Wykorzystujemy dane osobowe u\u017cytkownik\u00f3w, aby m\u00f3c oferowa\u0107 im najlepsze us\u0142ugi w obszarach, w kt\u00f3rych oferujemy us\u0142ugi. W tym mi\u0119dzy innymi:<\/p>\n<ol>\n<li>\n<ol>\n<li>Umo\u017cliwia wysy\u0142anie i odbieranie wiadomo\u015bci SMS.<\/li>\n<li>\u00a0Prowadzenie sprawozdawczo\u015bci w zwi\u0105zku z 1)<\/li>\n<li>Prowadzenie katalogu odbiorc\u00f3w i nadawc\u00f3w wiadomo\u015bci SMS.<\/li>\n<li>Przetwarzanie p\u0142atno\u015bci na naszej platformie.<\/li>\n<li>Kontaktowa\u0107 si\u0119 z u\u017cytkownikiem w celu usuni\u0119cia usterki, nowych powi\u0105zanych us\u0142ug.<\/li>\n<\/ol>\n<\/li>\n<\/ol>\n<ol>\n\n<\/ol>\n<p>&nbsp;<\/p>\n<h2>Ujawnianie informacji<\/h2>\n<p>Dane osobowe u\u017cytkownik\u00f3w traktujemy jako poufne i nie ujawniamy ich. Dost\u0119p do danych osobowych nie b\u0119dzie r\u00f3wnie\u017c udzielany innym firmom. Ujawniamy dane u\u017cytkownika organom zwalczaj\u0105cym oszustwa i pranie pieni\u0119dzy, je\u015bli podejrzewamy, \u017ce wprowadzaj\u0105ce w b\u0142\u0105d informacje zosta\u0142y przekazane w celu oszustwa.<\/p>\n<p>W wyj\u0105tkowych okoliczno\u015bciach SureSMS ApS b\u0119dzie zobowi\u0105zana do ujawnienia danych osobowych. SureSMS ApS jest zobowi\u0105zany do dzia\u0142ania zgodnie z nakazem prawa lub s\u0105du w odpowiedzi na zgodne z prawem \u017c\u0105danie pa\u0144stwa lub w\u0142adz.<\/p>\n<h2>Ulepszanie naszych us\u0142ug<\/h2>\n<p>Aby upewni\u0107 si\u0119, \u017ce oferowane przez nas us\u0142ugi spe\u0142niaj\u0105 wymagania u\u017cytkownik\u00f3w, mo\u017cemy poprosi\u0107 ich o wyra\u017cenie opinii. Wszelkie informacje zwrotne b\u0119d\u0105 wykorzystywane wy\u0142\u0105cznie w celu ulepszenia naszych us\u0142ug i nie b\u0119d\u0105 wy\u015bwietlane na stronie internetowej.<\/p>\n<h2>Pliki cookie<\/h2>\n<p>Zobacz nasz\u0105 polityk\u0119 plik\u00f3w cookie <a href=\"https:\/\/suresms.com\/pl\/polityki\/polityka-plikow-cookie-i-prywatnosci-suresms\/\">tutaj<\/a>.<\/p>\n<h2>Bezpiecze\u0144stwo i ochrona<\/h2>\n<p>Ochrona Twoich danych jest dla nas bardzo wa\u017cna. Ca\u0142a komunikacja mi\u0119dzy urz\u0105dzeniami SureSMS a klientami jest chroniona za pomoc\u0105 szyfrowania. Szyfrowanie jest zapewniane przez Google Trust Services. Nie przechowujemy informacji o kartach kredytowych.<\/p>\n<p>Chocia\u017c dok\u0142adamy wszelkich stara\u0144, aby chroni\u0107 dane u\u017cytkownik\u00f3w, nie mo\u017cemy tego zagwarantowa\u0107. U\u017cytkownik przekazuje nam te dane na w\u0142asne ryzyko.<\/p>\n<h2>Twoje prawa<\/h2>\n<p>U\u017cytkownik ma prawo do uzyskania w dowolnym momencie informacji o tym, jakie dane na jego temat zarejestrowali\u015bmy. U\u017cytkownik ma prawo do poprawienia nieprawid\u0142owych danych i za\u017c\u0105dania usuni\u0119cia wszystkich swoich danych. Ponosimy jednak odpowiedzialno\u015b\u0107 w zwi\u0105zku z przepisami dotycz\u0105cymi terroryzmu i du\u0144sk\u0105 ustaw\u0105 o rachunkowo\u015bci, co oznacza, \u017ce nie wszystkie dane mog\u0105 zosta\u0107 usuni\u0119te. Aby znale\u017a\u0107 odpowiednie dane kontaktowe, nale\u017cy skorzysta\u0107 z sekcji kontaktowej tej witryny. <a href=\"https:\/\/suresms.com\/pl\/o-suresms\/kontakt\/\">dane kontaktowe<\/a>.<\/p>\n<h2>Modyfikacje<\/h2>\n<p>Mo\u017cemy zmieni\u0107 niniejsz\u0105 polityk\u0119 prywatno\u015bci. Korzystanie z witryny po aktualizacji polityki prywatno\u015bci oznacza akceptacj\u0119 zaktualizowanej polityki prywatno\u015bci. Niniejsza Polityka prywatno\u015bci zosta\u0142a ostatnio zaktualizowana 24 marca 2024 r.<\/p>\n<h2>Skontaktuj si\u0119 z nami w sprawie tej polityki<\/h2>\n<p>Zawsze mo\u017cesz skontaktowa\u0107 si\u0119 z nami w sprawie tej polityki lub innych pyta\u0144. Napisz do <a href=\"mailto:support@suresms.com\">support@suresms.com<\/a> i wpisz Politik w polu tematu.<\/p>","protected":false},"excerpt":{"rendered":"<p>SureSMS jest zarejestrowan\u0105 w Danii firm\u0105 o numerze CVR 33263104. Firma jest zarejestrowana pod adresem Industriholmen 82, 2650 Hvidovre, Dania. Poni\u017csza polityka prywatno\u015bci chroni dane osobowe u\u017cytkownika zgodnie z ustaw\u0105 o danych osobowych i rozporz\u0105dzeniem UE o danych osobowych. Niniejsza polityka prywatno\u015bci wyja\u015bnia, w jaki spos\u00f3b gromadzimy i wykorzystujemy dane osobowe u\u017cytkownik\u00f3w oraz jakie \u015brodki podejmujemy w celu zapewnienia ochrony danych osobowych u\u017cytkownik\u00f3w. <a title=\"Polityka prywatno\u015bci\" class=\"read-more\" href=\"https:\/\/suresms.com\/pl\/politikker\/persondata-politik\/\" aria-label=\"Dowiedz si\u0119 wi\u0119cej o polityce prywatno\u015bci\">Dowiedz si\u0119 wi\u0119cej<\/a><\/p>","protected":false},"author":1,"featured_media":0,"parent":19124,"menu_order":0,"comment_status":"closed","ping_status":"closed","template":"","meta":{"_fl_builder_enabled":"1","_fl_builder_data":null,"_fl_builder_draft":null,"_fl_builder_data_settings":null,"_fl_builder_css":"","_fl_builder_css_version":"","_fl_builder_js":"","footnotes":""},"categories":[],"tags":[],"class_list":["post-5320","page","type-page","status-publish"],"yoast_head":"<!-- This site is optimized with the Yoast SEO Premium plugin v27.3 (Yoast SEO v27.3) - https:\/\/yoast.com\/product\/yoast-seo-premium-wordpress\/ -->\r\n<title>Persondata politik -<\/title>\r\n<meta name=\"robots\" content=\"index, follow, max-snippet:-1, max-image-preview:large, max-video-preview:-1\" \/>\r\n<link rel=\"canonical\" href=\"https:\/\/suresms.com\/pl\/polityki\/polityka-danych-osobowych\/\" \/>\r\n<meta property=\"og:locale\" content=\"pl_PL\" \/>\r\n<meta property=\"og:type\" content=\"article\" \/>\r\n<meta property=\"og:title\" content=\"Persondata politik\" \/>\r\n<meta property=\"og:description\" content=\"SureSMS er et dansk registreret selskab med CVR nummer 33263104. Selskabet er registreret p\u00e5 adressen Industriholmen 82, 2650 Hvidovre, Danmark. Den f\u00f8lgende persondatapolitik beskytter dine personlige data i overensstemmelse med Persondataloven og EU persondata forordning. Denne fortrolighedspolitik forklarer m\u00e5den, hvorp\u00e5 vi indsamler og bruger dine personlige data, og hvilke foranstaltninger vi tager, for at sikre ... Dowiedz si\u0119 wi\u0119cej\" \/>\r\n<meta property=\"og:url\" content=\"https:\/\/suresms.com\/pl\/polityki\/polityka-danych-osobowych\/\" \/>\r\n<meta property=\"article:publisher\" content=\"https:\/\/www.facebook.com\/p\/SureSMS-100044607956149\/\" \/>\r\n<meta property=\"article:modified_time\" content=\"2025-03-24T14:57:40+00:00\" \/>\r\n<meta name=\"twitter:card\" content=\"summary_large_image\" \/>\r\n<meta name=\"twitter:label1\" content=\"Szacowany czas czytania\" \/>\n\t<meta name=\"twitter:data1\" content=\"3 minuty\" \/>\r\n<script type=\"application\/ld+json\" class=\"yoast-schema-graph\">{\"@context\":\"https:\\\/\\\/schema.org\",\"@graph\":[{\"@type\":\"WebPage\",\"@id\":\"https:\\\/\\\/suresms.com\\\/dk\\\/politikker\\\/persondata-politik\\\/\",\"url\":\"https:\\\/\\\/suresms.com\\\/dk\\\/politikker\\\/persondata-politik\\\/\",\"name\":\"Persondata politik -\",\"isPartOf\":{\"@id\":\"https:\\\/\\\/suresms.com\\\/en\\\/#website\"},\"datePublished\":\"2017-12-22T13:17:39+00:00\",\"dateModified\":\"2025-03-24T14:57:40+00:00\",\"breadcrumb\":{\"@id\":\"https:\\\/\\\/suresms.com\\\/dk\\\/politikker\\\/persondata-politik\\\/#breadcrumb\"},\"inLanguage\":\"pl-PL\",\"potentialAction\":[{\"@type\":\"ReadAction\",\"target\":[\"https:\\\/\\\/suresms.com\\\/dk\\\/politikker\\\/persondata-politik\\\/\"]}]},{\"@type\":\"BreadcrumbList\",\"@id\":\"https:\\\/\\\/suresms.com\\\/dk\\\/politikker\\\/persondata-politik\\\/#breadcrumb\",\"itemListElement\":[{\"@type\":\"ListItem\",\"position\":1,\"name\":\"Home\",\"item\":\"https:\\\/\\\/suresms.com\\\/dk\\\/\"},{\"@type\":\"ListItem\",\"position\":2,\"name\":\"Politikker\",\"item\":\"https:\\\/\\\/suresms.com\\\/politikker\\\/\"},{\"@type\":\"ListItem\",\"position\":3,\"name\":\"Persondata politik\"}]},{\"@type\":\"WebSite\",\"@id\":\"https:\\\/\\\/suresms.com\\\/en\\\/#website\",\"url\":\"https:\\\/\\\/suresms.com\\\/en\\\/\",\"name\":\"SureSMS\",\"description\":\"Professionel SMS Gateway\",\"publisher\":{\"@id\":\"https:\\\/\\\/suresms.com\\\/en\\\/#organization\"},\"potentialAction\":[{\"@type\":\"SearchAction\",\"target\":{\"@type\":\"EntryPoint\",\"urlTemplate\":\"https:\\\/\\\/suresms.com\\\/en\\\/?s={search_term_string}\"},\"query-input\":{\"@type\":\"PropertyValueSpecification\",\"valueRequired\":true,\"valueName\":\"search_term_string\"}}],\"inLanguage\":\"pl-PL\"},{\"@type\":\"Organization\",\"@id\":\"https:\\\/\\\/suresms.com\\\/en\\\/#organization\",\"name\":\"SureSMS\",\"url\":\"https:\\\/\\\/suresms.com\\\/en\\\/\",\"logo\":{\"@type\":\"ImageObject\",\"inLanguage\":\"pl-PL\",\"@id\":\"https:\\\/\\\/suresms.com\\\/en\\\/#\\\/schema\\\/logo\\\/image\\\/\",\"url\":\"https:\\\/\\\/suresms.com\\\/wp-content\\\/uploads\\\/2024\\\/11\\\/suresms-300x65-1.png\",\"contentUrl\":\"https:\\\/\\\/suresms.com\\\/wp-content\\\/uploads\\\/2024\\\/11\\\/suresms-300x65-1.png\",\"width\":300,\"height\":65,\"caption\":\"SureSMS\"},\"image\":{\"@id\":\"https:\\\/\\\/suresms.com\\\/en\\\/#\\\/schema\\\/logo\\\/image\\\/\"},\"sameAs\":[\"https:\\\/\\\/www.facebook.com\\\/p\\\/SureSMS-100044607956149\\\/\"]}]}<\/script>\r\n<!-- \/ Yoast SEO Premium plugin. -->","yoast_head_json":{"title":"Polityka dotycz\u0105ca danych osobowych","robots":{"index":"index","follow":"follow","max-snippet":"max-snippet:-1","max-image-preview":"max-image-preview:large","max-video-preview":"max-video-preview:-1"},"canonical":"https:\/\/suresms.com\/pl\/polityki\/polityka-danych-osobowych\/","og_locale":"pl_PL","og_type":"article","og_title":"Persondata politik","og_description":"SureSMS er et dansk registreret selskab med CVR nummer 33263104. Selskabet er registreret p\u00e5 adressen Industriholmen 82, 2650 Hvidovre, Danmark. Den f\u00f8lgende persondatapolitik beskytter dine personlige data i overensstemmelse med Persondataloven og EU persondata forordning. Denne fortrolighedspolitik forklarer m\u00e5den, hvorp\u00e5 vi indsamler og bruger dine personlige data, og hvilke foranstaltninger vi tager, for at sikre ... Dowiedz si\u0119 wi\u0119cej","og_url":"https:\/\/suresms.com\/pl\/polityki\/polityka-danych-osobowych\/","article_publisher":"https:\/\/www.facebook.com\/p\/SureSMS-100044607956149\/","article_modified_time":"2025-03-24T14:57:40+00:00","twitter_card":"summary_large_image","twitter_misc":{"Szacowany czas czytania":"3 minuty"},"schema":{"@context":"https:\/\/schema.org","@graph":[{"@type":"WebPage","@id":"https:\/\/suresms.com\/dk\/politikker\/persondata-politik\/","url":"https:\/\/suresms.com\/dk\/politikker\/persondata-politik\/","name":"Polityka dotycz\u0105ca danych osobowych","isPartOf":{"@id":"https:\/\/suresms.com\/en\/#website"},"datePublished":"2017-12-22T13:17:39+00:00","dateModified":"2025-03-24T14:57:40+00:00","breadcrumb":{"@id":"https:\/\/suresms.com\/dk\/politikker\/persondata-politik\/#breadcrumb"},"inLanguage":"pl-PL","potentialAction":[{"@type":"ReadAction","target":["https:\/\/suresms.com\/dk\/politikker\/persondata-politik\/"]}]},{"@type":"BreadcrumbList","@id":"https:\/\/suresms.com\/dk\/politikker\/persondata-politik\/#breadcrumb","itemListElement":[{"@type":"ListItem","position":1,"name":"Home","item":"https:\/\/suresms.com\/dk\/"},{"@type":"ListItem","position":2,"name":"Politikker","item":"https:\/\/suresms.com\/politikker\/"},{"@type":"ListItem","position":3,"name":"Persondata politik"}]},{"@type":"WebSite","@id":"https:\/\/suresms.com\/en\/#website","url":"https:\/\/suresms.com\/en\/","name":"SureSMS","description":"Profesjonalna bramka SMS","publisher":{"@id":"https:\/\/suresms.com\/en\/#organization"},"potentialAction":[{"@type":"SearchAction","target":{"@type":"EntryPoint","urlTemplate":"https:\/\/suresms.com\/en\/?s={search_term_string}"},"query-input":{"@type":"PropertyValueSpecification","valueRequired":true,"valueName":"search_term_string"}}],"inLanguage":"pl-PL"},{"@type":"Organization","@id":"https:\/\/suresms.com\/en\/#organization","name":"SureSMS","url":"https:\/\/suresms.com\/en\/","logo":{"@type":"ImageObject","inLanguage":"pl-PL","@id":"https:\/\/suresms.com\/en\/#\/schema\/logo\/image\/","url":"https:\/\/suresms.com\/wp-content\/uploads\/2024\/11\/suresms-300x65-1.png","contentUrl":"https:\/\/suresms.com\/wp-content\/uploads\/2024\/11\/suresms-300x65-1.png","width":300,"height":65,"caption":"SureSMS"},"image":{"@id":"https:\/\/suresms.com\/en\/#\/schema\/logo\/image\/"},"sameAs":["https:\/\/www.facebook.com\/p\/SureSMS-100044607956149\/"]}]}},"_links":{"self":[{"href":"https:\/\/suresms.com\/pl\/wp-json\/wp\/v2\/pages\/5320","targetHints":{"allow":["GET"]}}],"collection":[{"href":"https:\/\/suresms.com\/pl\/wp-json\/wp\/v2\/pages"}],"about":[{"href":"https:\/\/suresms.com\/pl\/wp-json\/wp\/v2\/types\/page"}],"author":[{"embeddable":true,"href":"https:\/\/suresms.com\/pl\/wp-json\/wp\/v2\/users\/1"}],"replies":[{"embeddable":true,"href":"https:\/\/suresms.com\/pl\/wp-json\/wp\/v2\/comments?post=5320"}],"version-history":[{"count":5,"href":"https:\/\/suresms.com\/pl\/wp-json\/wp\/v2\/pages\/5320\/revisions"}],"predecessor-version":[{"id":22984,"href":"https:\/\/suresms.com\/pl\/wp-json\/wp\/v2\/pages\/5320\/revisions\/22984"}],"up":[{"embeddable":true,"href":"https:\/\/suresms.com\/pl\/wp-json\/wp\/v2\/pages\/19124"}],"wp:attachment":[{"href":"https:\/\/suresms.com\/pl\/wp-json\/wp\/v2\/media?parent=5320"}],"wp:term":[{"taxonomy":"category","embeddable":true,"href":"https:\/\/suresms.com\/pl\/wp-json\/wp\/v2\/categories?post=5320"},{"taxonomy":"post_tag","embeddable":true,"href":"https:\/\/suresms.com\/pl\/wp-json\/wp\/v2\/tags?post=5320"}],"curies":[{"name":"wp","href":"https:\/\/api.w.org\/{rel}","templated":true}]}}