{"id":511,"date":"2014-10-29T11:25:11","date_gmt":"2014-10-29T09:25:11","guid":{"rendered":"https:\/\/www.suresms.com\/dk\/?page_id=511"},"modified":"2025-01-21T10:14:51","modified_gmt":"2025-01-21T10:14:51","slug":"2-kierunkowe-rozladowywanie-wiadomosci-sms-z-hostowana-karta-sim","status":"publish","type":"page","link":"https:\/\/suresms.com\/pl\/funktioner\/2-vejs-sms-losning-med-hosted-sim\/","title":{"rendered":"2-kierunkowe wiadomo\u015bci SMS z hostowan\u0105 kart\u0105 SIM"},"content":{"rendered":"<!-- Flexy Breadcrumb -->\r\n\t\t\t<div class=\"fbc fbc-page\">\r\n\r\n\t\t\t\t<!-- Breadcrumb wrapper -->\r\n\t\t\t\t<div class=\"fbc-wrap\">\r\n\r\n\t\t\t\t\t<!-- Ordered list-->\r\n\t\t\t\t\t<ol class=\"fbc-items\" itemscope itemtype=\"https:\/\/schema.org\/BreadcrumbList\">\r\n\t\t\t\t\t\t            <li itemprop=\"itemListElement\" itemscope itemtype=\"https:\/\/schema.org\/ListItem\">\r\n                <span itemprop=\"name\">\r\n                    <!-- Home Link -->\r\n                    <a itemprop=\"item\" href=\"https:\/\/suresms.com\/pl\/\">\r\n                    \r\n                                                    <i class=\"fa fa-home\" aria-hidden=\"true\"><\/i>Strona g\u0142\u00f3wna                    <\/a>\r\n                <\/span>\r\n                <meta itemprop=\"position\" content=\"1\" \/><!-- Meta Position-->\r\n             <\/li><li><span class=\"fbc-separator\">\/<\/span><\/li><li class=\"active\" itemprop=\"itemListElement\" itemscope itemtype=\"https:\/\/schema.org\/ListItem\"><span itemprop=\"name\" title=\"2-kierunkowe wiadomo\u015bci SMS z hostowan\u0105 kart\u0105 SIM\">2-kierunkowe wiadomo\u015bci SMS z...<\/span><meta itemprop=\"position\" content=\"2\" \/><\/li>\t\t\t\t\t<\/ol>\r\n\t\t\t\t\t<div class=\"clearfix\"><\/div>\r\n\t\t\t\t<\/div>\r\n\t\t\t<\/div>\r\n\t\t\t\n\t<h1>Hostowane rozwi\u0105zanie SIM<\/h1>\n<p><strong>Je\u015bli chcesz korzysta\u0107 z w\u0142asnej karty SIM dla swojego rozwi\u0105zania dwukierunkowego, oferujemy stabilne i bezpieczne hostowane rozwi\u0105zanie SIM. Korzy\u015bci: Jeste\u015b w\u0142a\u015bcicielem numeru i mo\u017cesz przekierowywa\u0107 po\u0142\u0105czenia z numeru na sw\u00f3j telefon, aby Twoi klienci mogli dzwoni\u0107 do Ciebie.<\/strong><\/p>\n<h4><strong>Informacje o hostowanej karcie SIM<\/strong><br \/>\nKr\u00f3tko m\u00f3wi\u0105c, instalujemy kart\u0119 SIM u\u017cytkownika w urz\u0105dzeniu znajduj\u0105cym si\u0119 w naszej siedzibie. Kiedy kto\u015b wysy\u0142a wiadomo\u015b\u0107 na kart\u0119 SIM, wiadomo\u015b\u0107 SMS jest odczytywana przez oprogramowanie, po czym wiadomo\u015b\u0107 jest dodawana do konta u\u017cytkownika w naszym interfejsie WEB.  Tutaj mo\u017cesz si\u0119 zalogowa\u0107 i zobaczy\u0107 wszystkie informacje o swoich wiadomo\u015bciach.<\/h4>\n<p>&nbsp;<\/p>\n<h4><strong>Numer mo\u017cna wybra\u0107 samodzielnie<\/strong><\/h4>\n<p>Jedn\u0105 z zalet hostowanej karty SIM jest mo\u017cliwo\u015b\u0107 kontrolowania otrzymywanego numeru. W ten spos\u00f3b mo\u017cesz sprawi\u0107, \u017ce numer b\u0119dzie pasowa\u0142 do serii numer\u00f3w z innymi numerami Twojej firmy.<\/p>\n<p>W przypadku hostowanej karty SIM istnieje r\u00f3wnie\u017c opcja przekierowania po\u0142\u0105cze\u0144. Je\u015bli klient pr\u00f3buje si\u0119 dodzwoni\u0107, po\u0142\u0105czenie mo\u017ce zosta\u0107 przekierowane na normalny telefon serwisowy. Mo\u017cliwo\u015b\u0107 dodzwonienia si\u0119 do klienta mo\u017ce zwi\u0119kszy\u0107 warto\u015b\u0107 kampanii i us\u0142ug.<\/p>\n<p>Nasze dwukierunkowe rozwi\u0105zanie obs\u0142uguje odbieranie wiadomo\u015bci Flash.<\/p>\n<h4><strong>Opcja dla numer\u00f3w zagranicznych<\/strong><\/h4>\n<p>Dzi\u0119ki hostowanej karcie SIM mo\u017cesz umie\u015bci\u0107 zagraniczn\u0105 kart\u0119 SIM w naszym sprz\u0119cie. Je\u015bli wy\u015blesz nam kart\u0119 SIM, szybko skonfigurujemy rozwi\u0105zanie dla Ciebie.<\/p>\n<p><strong>Je\u015bli chcesz skorzysta\u0107 z hostowanego rozwi\u0105zania SIM, musisz samodzielnie uzyska\u0107 kart\u0119 SIM i wys\u0142a\u0107 j\u0105 do nas. Alternatywnie, z przyjemno\u015bci\u0105 stworzymy <a href=\"https:\/\/suresms.com\/pl\/cechy\/odbieranie-wiadomosci-tekstowych-na-komputerze\/\">Numer VLN.<\/a><\/strong><\/p>\n<h4><strong>Wychodz\u0105ce wiadomo\u015bci SMS z hostowanej karty SIM<\/strong><\/h4>\n<p>Dzi\u0119ki hostowanej karcie SIM NIE p\u0142acisz za wychodz\u0105ce wiadomo\u015bci tekstowe do swojego operatora, nawet je\u015bli mamy Twoj\u0105 kart\u0119 SIM w telefonie. P\u0142acisz tylko bramce SMS, w naszym przypadku SureSMS. Wszystkie cztery du\u0144skie firmy telekomunikacyjne stwierdzaj\u0105 w swoich warunkach, \u017ce NIE wolno tworzy\u0107 tak zwanych \"generowanych maszynowo\" wiadomo\u015bci SMS za pomoc\u0105 karty SIM. Dlatego te\u017c wysy\u0142anie wiadomo\u015bci SMS przez bramki SMS za po\u015brednictwem karty SIM stanowi\u0142oby naruszenie warunk\u00f3w firm telekomunikacyjnych. Dlatego dostarczamy wiadomo\u015b\u0107 SMS za po\u015brednictwem naszego bezpo\u015bredniego po\u0142\u0105czenia z firm\u0105 telekomunikacyjn\u0105, ale otrzymujemy odpowied\u017a na karcie SIM. Zobacz aktualn\u0105 cen\u0119 za wychodz\u0105ce wiadomo\u015bci SMS w naszych cenach bramek SMS. W Danii nigdy nie p\u0142acisz za przychodz\u0105ce wiadomo\u015bci SMS.<\/p>\n<h4><strong>Przekazywanie wiadomo\u015bci na adres e-mail<\/strong><\/h4>\n<p>W tym miejscu mamy dwie opcje przekazania wiadomo\u015bci do u\u017cytkownika i jego systemu. Jedn\u0105 z opcji jest wys\u0142anie wiadomo\u015bci e-mail na wcze\u015bniej okre\u015blony adres e-mail. Automatycznie wybieramy adres e-mail u\u017cyty podczas zak\u0142adania konta na SureSMS.com. Wiadomo\u015b\u0107 jest wysy\u0142ana natychmiast po jej otrzymaniu i w zale\u017cno\u015bci od systemu pocztowego, u\u017cytkownik otrzyma j\u0105 niemal jednocze\u015bnie w swojej skrzynce odbiorczej.<\/p>\n<h4>\u00a0<strong>Przekazywanie wiadomo\u015bci przez http(S)<\/strong><\/h4>\n<p>Druga opcja, kt\u00f3ra jest nieco bardziej techniczna, polega na tym, \u017ce wykonujemy po\u0142\u0105czenie HTTP ze stron\u0105 internetow\u0105 utworzon\u0105 przez u\u017cytkownika. Konfigurujemy nasz system tak, aby zna\u0142 Tw\u00f3j adres (punkt ko\u0144cowy). Kiedy otrzymujemy wiadomo\u015b\u0107 SMS na Tw\u00f3j numer hostowany, umieszczamy j\u0105 w Twojej skrzynce odbiorczej i wykonujemy po\u0142\u0105czenie HTTP z Twoj\u0105 witryn\u0105.<\/p>\n<p><a href=\"http:\/\/manual.suresms.com\/avanceret-opsaetning-af-2-vejs-sms\/\">Szczeg\u00f3\u0142owe informacje na temat konfigurowania strony http mo\u017cna znale\u017a\u0107 tutaj\u00a0<\/a><\/p>\n<p><strong>Od momentu otrzymania karty SIM na nasz adres do otrzymania nazwy u\u017cytkownika i kodu mo\u017ce up\u0142yn\u0105\u0107 do 24 godzin!<\/strong><\/p>\n\t\t<h3><a href=\"https:\/\/suresms.com\/pl\/wsparcie-suresms\/\" target=\"_self\">Podczas tworzenia rozwi\u0105zania dwukierunkowego<\/a><\/h3><h4>Je\u015bli chcesz zam\u00f3wi\u0107 rozwi\u0105zanie dwukierunkowe, wykonaj nast\u0119puj\u0105ce czynno\u015bci:<\/h4>\n<p>1. Utw\u00f3rz konto, wype\u0142niaj\u0105c formularz na tej stronie.<\/p>\n<p>2. Zdecyduj, czy chcesz hostowan\u0105 kart\u0119 SIM, czy rozwi\u0105zanie VLN. Sprawd\u017a\u00a0<a title=\"Ceny bramek SMS, bez konfiguracji, bez subskrypcji\" href=\"https:\/\/suresms.com\/pl\/ceny-bramek-sms\/\">Cena tutaj<\/a>.<\/p>\n<p>3. Zdecyduj, czy chcesz otrzymywa\u0107 wiadomo\u015bci e-mailem czy przez http.<\/p>\n<p>4. Je\u015bli wybierzesz HTTP, musisz utworzy\u0107 stron\u0119, kt\u00f3ra mo\u017ce odbiera\u0107 powy\u017csze parametry.<\/p>\n<p>Chcesz uzyska\u0107 wi\u0119cej informacji na temat naszych rozwi\u0105za\u0144 2-way? Jeste\u015bmy gotowi i czekamy, aby z Tob\u0105 porozmawia\u0107!<\/p>\n\t\t\t<a href=\"https:\/\/suresms.com\/pl\/wsparcie-suresms\/\" target=\"_self\">\n\t\t\t\t\t\t\tSkontaktuj si\u0119 z nami tutaj\n\t\t\t\t\t<\/a>\n\t\t\t\t<a href=\"https:\/\/suresms.com\/pl\/wsparcie-suresms\/\" target=\"_self\" itemprop=\"url\">\n\t\t\t\t<img loading=\"lazy\" decoding=\"async\" src=\"https:\/\/suresms.com\/wp-content\/uploads\/2014\/10\/kommunikation-500x380-px.jpg\" alt=\"2-kierunkowe rozwi\u0105zanie sms z hostowan\u0105 kart\u0105 SIM\" itemprop=\"image\" height=\"380\" width=\"500\" title=\"Rozwi\u0105zanie do komunikacji dwukierunkowej\" onerror=\"this.style.display='none'\"  \/>\n\t\t\t\t<\/a>\n\t\t<h4>Czy chcesz natychmiast utworzy\u0107 konto? <\/h4>\n\t\t<p>Jeste\u015bmy gotowi i czekamy, aby powita\u0107 Ci\u0119 jako klienta SureSMS!<\/p>\n\t\t\t<a href=\"https:\/\/suresms.com\/pl\/utworz-konto-bramki-sms\/\" target=\"_self\">\n\t\t\t\t\t\t\tUtw\u00f3rz konto SureSMS!\n\t\t\t\t\t<\/a>\n\t\t<h4>Zam\u00f3w rozwi\u0105zanie dwukierunkowe!<\/h4>\n\t\t<p>Masz ju\u017c konto? Zam\u00f3w rozwi\u0105zanie 2-way i uzyskaj dodatkowe opcje, kt\u00f3re oferuje Twoje w\u0142asne rozwi\u0105zanie.\u00a0<\/p>\n\t\t\t<a href=\"https:\/\/suresms.com\/pl\/zamow-rozladunek-w-2-kierunkach\/\" target=\"_self\">\n\t\t\t\t\t\t\tZam\u00f3w rozwi\u0105zanie 2-kierunkowe\n\t\t\t\t\t<\/a>\n\t<h4><strong>Tutaj mo\u017cesz przeczyta\u0107 kilka przyk\u0142ad\u00f3w tego, jak nasi klienci obecnie korzystaj\u0105 z naszego hostowanego rozwi\u0105zania SIM:<\/strong><\/h4>\n<ul>\n<li><strong>Du\u0144skie przedsi\u0119biorstwo dostarczaj\u0105ce ciep\u0142o<\/strong> korzysta\u0107 z naszego hostowanego rozwi\u0105zania SIM, aby <strong>ich dzia\u0142alno\u015b\u0107 w Norwegii i Szwecji<\/strong>. Podobnie jak w Danii, ich pracownicy musz\u0105 wysy\u0142a\u0107 mieszka\u0144com przypomnienia o spotkaniach, ale poniewa\u017c s\u0105 to numery norweskie i szwedzkie, rozwi\u0105zanie dwukierunkowe powinno by\u0107 oczywi\u015bcie takie samo.<\/li>\n<li><strong>Du\u0144ska agencja reklamowa<\/strong> wysy\u0142a fizyczne listy do klient\u00f3w z ofertami. Listy te zawieraj\u0105 numer telefonu, pod kt\u00f3rym klienci mog\u0105 zapisa\u0107 si\u0119 na oferty za pomoc\u0105 S\u0141OWA KLUCZOWEGO. Numer ten jest przekazywany do telefonu klienta agencji reklamowej, aby przyszli klienci r\u00f3wnie\u017c mogli zadzwoni\u0107.<\/li>\n<li><strong>Hotel w pobli\u017cu granicy du\u0144sko-niemieckiej<\/strong> korzysta z naszego dwukierunkowego rozwi\u0105zania do komunikacji z przysz\u0142ymi i poprzednimi klientami. Poniewa\u017c w\u015br\u00f3d go\u015bci s\u0105 zar\u00f3wno Du\u0144czycy, jak i Niemcy, rozwi\u0105zanie dwukierunkowe powinno oczywi\u015bcie mie\u0107 zar\u00f3wno du\u0144ski, jak i niemiecki numer telefonu kom\u00f3rkowego.<\/li>\n<\/ul>\n\t\t<h3><a href=\"http:\/\/manual.suresms.com\/\" target=\"_self\">Odwied\u017a nasz\u0105 stron\u0119 z instrukcjami<\/a><\/h3>\n\t\t\t\t<a href=\"http:\/\/manual.suresms.com\/\" target=\"_self\" itemprop=\"url\">\n\t\t\t\t<img loading=\"lazy\" decoding=\"async\" src=\"https:\/\/suresms.com\/wp-content\/uploads\/2016\/03\/Manual-400x250-px1.jpg\" alt=\"r\u0119czna strona suresms\" itemprop=\"image\" height=\"250\" width=\"400\" title=\"Podr\u0119cznik 400x250 px\" onerror=\"this.style.display='none'\"  \/>\n\t\t\t\t<\/a>\n<p>Aby pom\u00f3c naszym klientom, zebrali\u015bmy wszystkie instrukcje i opisy na manual.suresms.com. Tutaj mo\u017cesz zobaczy\u0107, jak dzia\u0142a nasza bramka i uzyska\u0107 proste, przyjazne dla u\u017cytkownika instrukcje dotycz\u0105ce jej wielu funkcji.<\/p>\n\t\t<h3><a href=\"http:\/\/developer.suresms.com\/\" target=\"_self\">developer.suresms.com<\/a><\/h3>\n\t\t\t\t<a href=\"http:\/\/developer.suresms.com\/\" target=\"_self\" itemprop=\"url\">\n\t\t\t\t<img loading=\"lazy\" decoding=\"async\" src=\"https:\/\/suresms.com\/wp-content\/uploads\/2016\/03\/developer-400x250-px.jpg\" alt=\"Strona suresms dla deweloper\u00f3w\" itemprop=\"image\" height=\"250\" width=\"400\" title=\"deweloper 400x250 px\" onerror=\"this.style.display='none'\"  \/>\n\t\t\t\t<\/a>\nSureSMS jest tworzony przez programist\u00f3w dla programist\u00f3w!<br \/>\nNa stronie developer.suresms.com zebrali\u015bmy dokumentacj\u0119 i pr\u00f3bki kodu, aby u\u0142atwi\u0107 integracj\u0119 naszej bramki z Twoim systemem.\n\t\t<h3><a href=\"https:\/\/www.youtube.com\/channel\/UC1XGC5rl9mI9ndtBVn8yq7g\" target=\"_self\">Obejrzyj nasze filmy instrukta\u017cowe!<\/a><\/h3>\n\t\t\t\t<a href=\"https:\/\/www.youtube.com\/channel\/UC1XGC5rl9mI9ndtBVn8yq7g\" target=\"_self\" itemprop=\"url\">\n\t\t\t\t<img loading=\"lazy\" decoding=\"async\" src=\"https:\/\/suresms.com\/wp-content\/uploads\/2016\/03\/you-tube400x250px.jpg\" alt=\"suresms sms gateway you tube videos\" itemprop=\"image\" height=\"250\" width=\"400\" title=\"you tube 400x250px\" onerror=\"this.style.display='none'\"  \/>\n\t\t\t\t<\/a>\n<p>Rozpoczynasz prac\u0119 z now\u0105 funkcj\u0105? A mo\u017ce po prostu chcesz dowiedzie\u0107 si\u0119 wi\u0119cej o tym, jak dzia\u0142a nasza bramka? Zebrali\u015bmy nasze filmy instrukta\u017cowe na Youtube. Gotowe!<\/p>","protected":false},"excerpt":{"rendered":"<p>Hostowane rozwi\u0105zanie SIM Je\u015bli chcesz korzysta\u0107 z w\u0142asnej karty SIM dla swojego rozwi\u0105zania dwukierunkowego, oferujemy stabilne i bezpieczne hostowane rozwi\u0105zanie SIM. Korzy\u015bci: Jeste\u015b w\u0142a\u015bcicielem numeru i mo\u017cesz przekierowywa\u0107 po\u0142\u0105czenia z numeru na sw\u00f3j telefon, aby klienci mogli dzwoni\u0107 do Ciebie. O hostowanych kartach SIM w skr\u00f3cie: instalujemy kart\u0119 SIM... <a title=\"2-kierunkowe wiadomo\u015bci SMS z hostowan\u0105 kart\u0105 SIM\" class=\"read-more\" href=\"https:\/\/suresms.com\/pl\/funktioner\/2-vejs-sms-losning-med-hosted-sim\/\" aria-label=\"Dowiedz si\u0119 wi\u0119cej o dwukierunkowych wiadomo\u015bciach SMS z hostowan\u0105 kart\u0105 SIM\">Dowiedz si\u0119 wi\u0119cej<\/a><\/p>","protected":false},"author":1,"featured_media":0,"parent":958,"menu_order":1,"comment_status":"closed","ping_status":"closed","template":"","meta":{"_fl_builder_enabled":"1","_fl_builder_data":null,"_fl_builder_draft":null,"_fl_builder_data_settings":null,"_fl_builder_css":"","_fl_builder_css_version":"","_fl_builder_js":"","footnotes":""},"categories":[17],"tags":[],"class_list":{"0":"post-511","1":"page","2":"type-page","3":"status-publish","5":"category-linkfracornorstone"},"yoast_head":"<!-- This site is optimized with the Yoast SEO Premium plugin v27.3 (Yoast SEO v27.3) - https:\/\/yoast.com\/product\/yoast-seo-premium-wordpress\/ -->\r\n<title>2-vejs SMS med Hosted SIM I SureSMS I international 2vejs L\u00f8sning<\/title>\r\n<meta name=\"description\" content=\"Hosted SIM - Med en Hosted SIM 2-vejs SMS l\u00f8sning v\u00e6lger du selv nummeret. Brug firmanummer eller udenlandske numre. gratis oprettelse I 18 \u00f8re pr. SMS\" \/>\r\n<meta name=\"robots\" content=\"index, follow, max-snippet:-1, max-image-preview:large, max-video-preview:-1\" \/>\r\n<link rel=\"canonical\" href=\"https:\/\/suresms.com\/pl\/cechy\/2-kierunkowe-rozladowywanie-wiadomosci-sms-z-hostowana-karta-sim\/\" \/>\r\n<meta property=\"og:locale\" content=\"pl_PL\" \/>\r\n<meta property=\"og:type\" content=\"article\" \/>\r\n<meta property=\"og:title\" content=\"2-vejs SMS med Hosted SIM\" \/>\r\n<meta property=\"og:description\" content=\"Hosted SIM - Med en Hosted SIM 2-vejs SMS l\u00f8sning v\u00e6lger du selv nummeret. Brug firmanummer eller udenlandske numre. gratis oprettelse I 18 \u00f8re pr. SMS\" \/>\r\n<meta property=\"og:url\" content=\"https:\/\/suresms.com\/pl\/cechy\/2-kierunkowe-rozladowywanie-wiadomosci-sms-z-hostowana-karta-sim\/\" \/>\r\n<meta property=\"article:publisher\" content=\"https:\/\/www.facebook.com\/p\/SureSMS-100044607956149\/\" \/>\r\n<meta property=\"article:modified_time\" content=\"2025-01-21T10:14:51+00:00\" \/>\r\n<meta property=\"og:image\" content=\"https:\/\/suresms.com\/wp-content\/uploads\/2014\/10\/kommunikation-500x380-px.jpg\" \/>\r\n<meta name=\"twitter:card\" content=\"summary_large_image\" \/>\r\n<meta name=\"twitter:label1\" content=\"Szacowany czas czytania\" \/>\n\t<meta name=\"twitter:data1\" content=\"6 minut\" \/>\r\n<script type=\"application\/ld+json\" class=\"yoast-schema-graph\">{\"@context\":\"https:\\\/\\\/schema.org\",\"@graph\":[{\"@type\":\"WebPage\",\"@id\":\"https:\\\/\\\/suresms.com\\\/dk\\\/funktioner\\\/2-vejs-sms-losning-med-hosted-sim\\\/\",\"url\":\"https:\\\/\\\/suresms.com\\\/dk\\\/funktioner\\\/2-vejs-sms-losning-med-hosted-sim\\\/\",\"name\":\"2-vejs SMS med Hosted SIM I SureSMS I international 2vejs L\u00f8sning\",\"isPartOf\":{\"@id\":\"https:\\\/\\\/suresms.com\\\/en\\\/#website\"},\"primaryImageOfPage\":{\"@id\":\"https:\\\/\\\/suresms.com\\\/dk\\\/funktioner\\\/2-vejs-sms-losning-med-hosted-sim\\\/#primaryimage\"},\"image\":{\"@id\":\"https:\\\/\\\/suresms.com\\\/dk\\\/funktioner\\\/2-vejs-sms-losning-med-hosted-sim\\\/#primaryimage\"},\"thumbnailUrl\":\"https:\\\/\\\/suresms.com\\\/wp-content\\\/uploads\\\/2014\\\/10\\\/kommunikation-500x380-px.jpg\",\"datePublished\":\"2014-10-29T09:25:11+00:00\",\"dateModified\":\"2025-01-21T10:14:51+00:00\",\"description\":\"Hosted SIM - Med en Hosted SIM 2-vejs SMS l\u00f8sning v\u00e6lger du selv nummeret. Brug firmanummer eller udenlandske numre. gratis oprettelse I 18 \u00f8re pr. SMS\",\"breadcrumb\":{\"@id\":\"https:\\\/\\\/suresms.com\\\/dk\\\/funktioner\\\/2-vejs-sms-losning-med-hosted-sim\\\/#breadcrumb\"},\"inLanguage\":\"pl-PL\",\"potentialAction\":[{\"@type\":\"ReadAction\",\"target\":[\"https:\\\/\\\/suresms.com\\\/dk\\\/funktioner\\\/2-vejs-sms-losning-med-hosted-sim\\\/\"]}]},{\"@type\":\"ImageObject\",\"inLanguage\":\"pl-PL\",\"@id\":\"https:\\\/\\\/suresms.com\\\/dk\\\/funktioner\\\/2-vejs-sms-losning-med-hosted-sim\\\/#primaryimage\",\"url\":\"https:\\\/\\\/suresms.com\\\/wp-content\\\/uploads\\\/2014\\\/10\\\/kommunikation-500x380-px.jpg\",\"contentUrl\":\"https:\\\/\\\/suresms.com\\\/wp-content\\\/uploads\\\/2014\\\/10\\\/kommunikation-500x380-px.jpg\"},{\"@type\":\"BreadcrumbList\",\"@id\":\"https:\\\/\\\/suresms.com\\\/dk\\\/funktioner\\\/2-vejs-sms-losning-med-hosted-sim\\\/#breadcrumb\",\"itemListElement\":[{\"@type\":\"ListItem\",\"position\":1,\"name\":\"Home\",\"item\":\"https:\\\/\\\/suresms.com\\\/dk\\\/\"},{\"@type\":\"ListItem\",\"position\":2,\"name\":\"Funktioner\",\"item\":\"https:\\\/\\\/suresms.com\\\/dk\\\/funktioner\\\/\"},{\"@type\":\"ListItem\",\"position\":3,\"name\":\"2-vejs SMS med Hosted SIM\"}]},{\"@type\":\"WebSite\",\"@id\":\"https:\\\/\\\/suresms.com\\\/en\\\/#website\",\"url\":\"https:\\\/\\\/suresms.com\\\/en\\\/\",\"name\":\"SureSMS\",\"description\":\"Professionel SMS Gateway\",\"publisher\":{\"@id\":\"https:\\\/\\\/suresms.com\\\/en\\\/#organization\"},\"potentialAction\":[{\"@type\":\"SearchAction\",\"target\":{\"@type\":\"EntryPoint\",\"urlTemplate\":\"https:\\\/\\\/suresms.com\\\/en\\\/?s={search_term_string}\"},\"query-input\":{\"@type\":\"PropertyValueSpecification\",\"valueRequired\":true,\"valueName\":\"search_term_string\"}}],\"inLanguage\":\"pl-PL\"},{\"@type\":\"Organization\",\"@id\":\"https:\\\/\\\/suresms.com\\\/en\\\/#organization\",\"name\":\"SureSMS\",\"url\":\"https:\\\/\\\/suresms.com\\\/en\\\/\",\"logo\":{\"@type\":\"ImageObject\",\"inLanguage\":\"pl-PL\",\"@id\":\"https:\\\/\\\/suresms.com\\\/en\\\/#\\\/schema\\\/logo\\\/image\\\/\",\"url\":\"https:\\\/\\\/suresms.com\\\/wp-content\\\/uploads\\\/2024\\\/11\\\/suresms-300x65-1.png\",\"contentUrl\":\"https:\\\/\\\/suresms.com\\\/wp-content\\\/uploads\\\/2024\\\/11\\\/suresms-300x65-1.png\",\"width\":300,\"height\":65,\"caption\":\"SureSMS\"},\"image\":{\"@id\":\"https:\\\/\\\/suresms.com\\\/en\\\/#\\\/schema\\\/logo\\\/image\\\/\"},\"sameAs\":[\"https:\\\/\\\/www.facebook.com\\\/p\\\/SureSMS-100044607956149\\\/\"]}]}<\/script>\r\n<!-- \/ Yoast SEO Premium plugin. -->","yoast_head_json":{"title":"2-kierunkowe SMS-y z hostowan\u0105 kart\u0105 SIM w SureSMS I mi\u0119dzynarodowe rozwi\u0105zanie 2-kierunkowe","description":"Hosted SIM - dzi\u0119ki rozwi\u0105zaniu Hosted SIM 2-way SMS sam wybierasz numer. Mo\u017cna u\u017cywa\u0107 numer\u00f3w firmowych lub zagranicznych. Bezp\u0142atna konfiguracja za 18 \u00f8re za SMS","robots":{"index":"index","follow":"follow","max-snippet":"max-snippet:-1","max-image-preview":"max-image-preview:large","max-video-preview":"max-video-preview:-1"},"canonical":"https:\/\/suresms.com\/pl\/cechy\/2-kierunkowe-rozladowywanie-wiadomosci-sms-z-hostowana-karta-sim\/","og_locale":"pl_PL","og_type":"article","og_title":"2-vejs SMS med Hosted SIM","og_description":"Hosted SIM - Med en Hosted SIM 2-vejs SMS l\u00f8sning v\u00e6lger du selv nummeret. Brug firmanummer eller udenlandske numre. gratis oprettelse I 18 \u00f8re pr. SMS","og_url":"https:\/\/suresms.com\/pl\/cechy\/2-kierunkowe-rozladowywanie-wiadomosci-sms-z-hostowana-karta-sim\/","article_publisher":"https:\/\/www.facebook.com\/p\/SureSMS-100044607956149\/","article_modified_time":"2025-01-21T10:14:51+00:00","og_image":[{"url":"https:\/\/suresms.com\/wp-content\/uploads\/2014\/10\/kommunikation-500x380-px.jpg","type":"","width":"","height":""}],"twitter_card":"summary_large_image","twitter_misc":{"Szacowany czas czytania":"6 minut"},"schema":{"@context":"https:\/\/schema.org","@graph":[{"@type":"WebPage","@id":"https:\/\/suresms.com\/dk\/funktioner\/2-vejs-sms-losning-med-hosted-sim\/","url":"https:\/\/suresms.com\/dk\/funktioner\/2-vejs-sms-losning-med-hosted-sim\/","name":"2-kierunkowe SMS-y z hostowan\u0105 kart\u0105 SIM w SureSMS I mi\u0119dzynarodowe rozwi\u0105zanie 2-kierunkowe","isPartOf":{"@id":"https:\/\/suresms.com\/en\/#website"},"primaryImageOfPage":{"@id":"https:\/\/suresms.com\/dk\/funktioner\/2-vejs-sms-losning-med-hosted-sim\/#primaryimage"},"image":{"@id":"https:\/\/suresms.com\/dk\/funktioner\/2-vejs-sms-losning-med-hosted-sim\/#primaryimage"},"thumbnailUrl":"https:\/\/suresms.com\/wp-content\/uploads\/2014\/10\/kommunikation-500x380-px.jpg","datePublished":"2014-10-29T09:25:11+00:00","dateModified":"2025-01-21T10:14:51+00:00","description":"Hosted SIM - dzi\u0119ki rozwi\u0105zaniu Hosted SIM 2-way SMS sam wybierasz numer. Mo\u017cna u\u017cywa\u0107 numer\u00f3w firmowych lub zagranicznych. Bezp\u0142atna konfiguracja za 18 \u00f8re za SMS","breadcrumb":{"@id":"https:\/\/suresms.com\/dk\/funktioner\/2-vejs-sms-losning-med-hosted-sim\/#breadcrumb"},"inLanguage":"pl-PL","potentialAction":[{"@type":"ReadAction","target":["https:\/\/suresms.com\/dk\/funktioner\/2-vejs-sms-losning-med-hosted-sim\/"]}]},{"@type":"ImageObject","inLanguage":"pl-PL","@id":"https:\/\/suresms.com\/dk\/funktioner\/2-vejs-sms-losning-med-hosted-sim\/#primaryimage","url":"https:\/\/suresms.com\/wp-content\/uploads\/2014\/10\/kommunikation-500x380-px.jpg","contentUrl":"https:\/\/suresms.com\/wp-content\/uploads\/2014\/10\/kommunikation-500x380-px.jpg"},{"@type":"BreadcrumbList","@id":"https:\/\/suresms.com\/dk\/funktioner\/2-vejs-sms-losning-med-hosted-sim\/#breadcrumb","itemListElement":[{"@type":"ListItem","position":1,"name":"Home","item":"https:\/\/suresms.com\/dk\/"},{"@type":"ListItem","position":2,"name":"Funktioner","item":"https:\/\/suresms.com\/dk\/funktioner\/"},{"@type":"ListItem","position":3,"name":"2-vejs SMS med Hosted SIM"}]},{"@type":"WebSite","@id":"https:\/\/suresms.com\/en\/#website","url":"https:\/\/suresms.com\/en\/","name":"SureSMS","description":"Profesjonalna bramka SMS","publisher":{"@id":"https:\/\/suresms.com\/en\/#organization"},"potentialAction":[{"@type":"SearchAction","target":{"@type":"EntryPoint","urlTemplate":"https:\/\/suresms.com\/en\/?s={search_term_string}"},"query-input":{"@type":"PropertyValueSpecification","valueRequired":true,"valueName":"search_term_string"}}],"inLanguage":"pl-PL"},{"@type":"Organization","@id":"https:\/\/suresms.com\/en\/#organization","name":"SureSMS","url":"https:\/\/suresms.com\/en\/","logo":{"@type":"ImageObject","inLanguage":"pl-PL","@id":"https:\/\/suresms.com\/en\/#\/schema\/logo\/image\/","url":"https:\/\/suresms.com\/wp-content\/uploads\/2024\/11\/suresms-300x65-1.png","contentUrl":"https:\/\/suresms.com\/wp-content\/uploads\/2024\/11\/suresms-300x65-1.png","width":300,"height":65,"caption":"SureSMS"},"image":{"@id":"https:\/\/suresms.com\/en\/#\/schema\/logo\/image\/"},"sameAs":["https:\/\/www.facebook.com\/p\/SureSMS-100044607956149\/"]}]}},"_links":{"self":[{"href":"https:\/\/suresms.com\/pl\/wp-json\/wp\/v2\/pages\/511","targetHints":{"allow":["GET"]}}],"collection":[{"href":"https:\/\/suresms.com\/pl\/wp-json\/wp\/v2\/pages"}],"about":[{"href":"https:\/\/suresms.com\/pl\/wp-json\/wp\/v2\/types\/page"}],"author":[{"embeddable":true,"href":"https:\/\/suresms.com\/pl\/wp-json\/wp\/v2\/users\/1"}],"replies":[{"embeddable":true,"href":"https:\/\/suresms.com\/pl\/wp-json\/wp\/v2\/comments?post=511"}],"version-history":[{"count":5,"href":"https:\/\/suresms.com\/pl\/wp-json\/wp\/v2\/pages\/511\/revisions"}],"predecessor-version":[{"id":21888,"href":"https:\/\/suresms.com\/pl\/wp-json\/wp\/v2\/pages\/511\/revisions\/21888"}],"up":[{"embeddable":true,"href":"https:\/\/suresms.com\/pl\/wp-json\/wp\/v2\/pages\/958"}],"wp:attachment":[{"href":"https:\/\/suresms.com\/pl\/wp-json\/wp\/v2\/media?parent=511"}],"wp:term":[{"taxonomy":"category","embeddable":true,"href":"https:\/\/suresms.com\/pl\/wp-json\/wp\/v2\/categories?post=511"},{"taxonomy":"post_tag","embeddable":true,"href":"https:\/\/suresms.com\/pl\/wp-json\/wp\/v2\/tags?post=511"}],"curies":[{"name":"wp","href":"https:\/\/api.w.org\/{rel}","templated":true}]}}