{"id":449,"date":"2014-10-12T10:47:57","date_gmt":"2014-10-12T08:47:57","guid":{"rendered":"https:\/\/www.suresms.com\/dk\/?page_id=449"},"modified":"2026-03-17T11:40:09","modified_gmt":"2026-03-17T11:40:09","slug":"odbieranie-wiadomosci-tekstowych-na-komputerze","status":"publish","type":"page","link":"https:\/\/suresms.com\/pl\/funktioner\/modtag-sms-pa-din-computer\/","title":{"rendered":"Odbieranie wiadomo\u015bci SMS na komputerze"},"content":{"rendered":"<!-- Flexy Breadcrumb -->\r\n\t\t\t<div class=\"fbc fbc-page\">\r\n\r\n\t\t\t\t<!-- Breadcrumb wrapper -->\r\n\t\t\t\t<div class=\"fbc-wrap\">\r\n\r\n\t\t\t\t\t<!-- Ordered list-->\r\n\t\t\t\t\t<ol class=\"fbc-items\" itemscope itemtype=\"https:\/\/schema.org\/BreadcrumbList\">\r\n\t\t\t\t\t\t            <li itemprop=\"itemListElement\" itemscope itemtype=\"https:\/\/schema.org\/ListItem\">\r\n                <span itemprop=\"name\">\r\n                    <!-- Home Link -->\r\n                    <a itemprop=\"item\" href=\"https:\/\/suresms.com\/pl\/\">\r\n                    \r\n                                                    <i class=\"fa fa-home\" aria-hidden=\"true\"><\/i>Strona g\u0142\u00f3wna                    <\/a>\r\n                <\/span>\r\n                <meta itemprop=\"position\" content=\"1\" \/><!-- Meta Position-->\r\n             <\/li><li><span class=\"fbc-separator\">\/<\/span><\/li><li class=\"active\" itemprop=\"itemListElement\" itemscope itemtype=\"https:\/\/schema.org\/ListItem\"><span itemprop=\"name\" title=\"Odbieranie wiadomo\u015bci SMS na komputerze\">Otrzymuj wiadomo\u015bci SMS na...<\/span><meta itemprop=\"position\" content=\"2\" \/><\/li>\t\t\t\t\t<\/ol>\r\n\t\t\t\t\t<div class=\"clearfix\"><\/div>\r\n\t\t\t\t<\/div>\r\n\t\t\t<\/div>\r\n\t\t\t\n<h1>\n\t\t\tOdbieranie wiadomo\u015bci SMS na komputerze\t<\/h1>\n\tChcesz otrzymywa\u0107 wiadomo\u015bci SMS od swoich klient\u00f3w? A mo\u017ce chcesz wysy\u0142a\u0107 wiadomo\u015bci SMS do grup bezpo\u015brednio z wiadomo\u015bci SMS? W takim razie 2-way SMS mo\u017ce by\u0107 rozwi\u0105zaniem dla Ciebie.<br \/>\nJe\u015bli masz ju\u017c konto SMS, z kt\u00f3rego wysy\u0142asz wiadomo\u015bci do swoich u\u017cytkownik\u00f3w, mo\u017ce to by\u0107 zar\u00f3wno potrzeba, jak i dobra us\u0142uga, aby odbiorca m\u00f3g\u0142 odpowiedzie\u0107.\n\t<ul>\n\t\t<li>\t\t\t\t\n\t\t<h3>Otrzymuj wiadomo\u015bci SMS na swoj\u0105 skrzynk\u0119 odbiorcz\u0105<\/h3><p>Wszystkie wiadomo\u015bci SMS otrzymane na Tw\u00f3j numer s\u0105 przechowywane w Twojej skrzynce odbiorczej pod adresem http:\/\/app.suresms.com\/. St\u0105d mo\u017cna \u0142atwo odpowiedzie\u0107 na wiadomo\u015b\u0107 bezpo\u015brednio w przegl\u0105darce.\u00a0<\/p><\/li><li>\t\t\t\t\n\t\t<h3>Odbieranie wiadomo\u015bci SMS w skrzynce pocztowej<\/h3><p>Mo\u017cliwe jest r\u00f3wnie\u017c w\u0142\u0105czenie funkcji SMS-2-Email, dzi\u0119ki czemu przychodz\u0105ce wiadomo\u015bci SMS b\u0119d\u0105 przekazywane na Tw\u00f3j adres e-mail. Gdy otrzymasz wiadomo\u015b\u0107 e-mail, mo\u017cesz po prostu klikn\u0105\u0107 \"odpowiedz\", a my wy\u015blemy odpowied\u017a jako wiadomo\u015b\u0107 SMS.\u00a0<\/p><\/li><li>\t\t\t\t\n\t\t<h3>Odbieranie wiadomo\u015bci SMS jako webhook<\/h3><p>Mo\u017cliwe jest r\u00f3wnie\u017c otrzymanie tak zwanego webhooka na w\u0142asnym serwerze. Nawi\u0105zujemy po\u0142\u0105czenie HTTP ze stron\u0105 internetow\u0105 utworzon\u0105 przez u\u017cytkownika. Konfigurujemy nasz system tak, aby zna\u0142 Tw\u00f3j adres (punkt ko\u0144cowy). Gdy otrzymujemy wiadomo\u015b\u0107 SMS na Tw\u00f3j numer hostingu, umieszczamy j\u0105 w Twojej skrzynce odbiorczej i nawi\u0105zujemy po\u0142\u0105czenie HTTP z Twoj\u0105 witryn\u0105.<\/p>\n<p><a href=\"http:\/\/manual.suresms.com\/avanceret-opsaetning-af-2-vejs-sms\/\">Szczeg\u00f3\u0142owe informacje na temat konfigurowania strony http mo\u017cna znale\u017a\u0107 tutaj\u00a0<\/a><\/p>\n<\/li><li>\t\t\t\t\n\t\t<h3>Automatyczna odpowied\u017a na wiadomo\u015bci przychodz\u0105ce<\/h3><p>Za po\u015brednictwem naszego przep\u0142ywu mo\u017cna skonfigurowa\u0107 automatyczn\u0105 odpowied\u017a po otrzymaniu wiadomo\u015bci SMS na numer przychodz\u0105cy.\u00a0<\/p><\/li>\t<\/ul>\n<h3>\n\t\t\tOg\u00f3lne informacje o naszych rozwi\u0105zaniach dwukierunkowych:\t<\/h3>\n\t<ul>\n<li>Otrzymywanie wiadomo\u015bci SMS na ten numer nie wi\u0105\u017ce si\u0119 z \u017cadnymi kosztami. Niezale\u017cnie od liczby SMS-\u00f3w, kt\u00f3re do Ciebie prze\u015blemy, jest to wliczone w abonament.<\/li>\n<\/ul>\n<ul>\n<li>Op\u0142ata za wiadomo\u015bci SMS wysy\u0142ane z rozwi\u0105zania dwukierunkowego b\u0119dzie naliczana wed\u0142ug obowi\u0105zuj\u0105cej stawki. <a title=\"Ceny bramek SMS\" href=\"https:\/\/suresms.com\/pl\/bramka-sms-profesjonalne-rozwiazania-sms\/ceny-bramek-sms\/\">Zobacz nasze ceny bramek SMS tutaj.&nbsp;<\/a><\/li>\n<\/ul>\n<ul>\n<li><strong>Je\u015bli wysy\u0142asz ponad 10 000 wiadomo\u015bci SMS miesi\u0119cznie <a title=\"Skontaktuj si\u0119 z nami\" href=\"https:\/\/suresms.com\/pl\/kontakt\/\">Skontaktuj si\u0119 z nami<\/a> Za cen\u0119!!!<\/strong><\/li>\n<\/ul>\n<ul>\n<li>W przypadku obu rozwi\u0105za\u0144 na SMS mo\u017cna odpowiedzie\u0107 zar\u00f3wno z naszej strony internetowej, jak i z w\u0142asnej skrzynki pocztowej.<\/li>\n<\/ul>\n<ul>\n<li>Nasze dwukierunkowe rozwi\u0105zanie obs\u0142uguje odbieranie wiadomo\u015bci Flash.<\/li>\n<\/ul>\n<ul>\n<li>Niestety, nie mo\u017cna mie\u0107 jednocze\u015bnie nadajnika dwukierunkowego i alfanumerycznego.<\/li>\n<\/ul>\n\t\t<figure itemscope itemtype=\"https:\/\/schema.org\/ImageObject\">\n\t\t\t\t<a href=\"https:\/\/suresms.com\/pl\/zamowienie\/zamow-rozladunek-w-2-kierunkach\/\"  target=\"_self\" itemprop=\"url\">\n\t\t\t\t<img decoding=\"async\" src=\"https:\/\/suresms.com\/wp-content\/uploads\/2014\/10\/2-vejs-virtuelle-400x150-pix.jpg\" alt=\"2-kierunkowe numery wirtualne SMS VLR\" height=\"150\" width=\"400\" title=\"2-dro\u017cny wirtualny 400x150 pix\" onerror=\"this.style.display='none'\" loading=\"lazy\" \/>\n\t\t\t\t<\/a>\n\t<\/figure>\n<h3><a href=\"https:\/\/suresms.com\/pl\/zamowienie\/zamow-rozladunek-w-2-kierunkach\/\" target=\"_self\">2-kierunkowy \"numer wirtualny\"<\/a><\/h3><p>Oparte na chmurze, szybkie i najta\u0144sze rozwi\u0105zanie dwukierunkowe. Dobre do odbierania wielu wiadomo\u015bci SMS w kr\u00f3tkim czasie i dla M2M. Je\u015bli potrzebujesz kilku numer\u00f3w.<\/p>\n<ul>\n<li>99,-\/miesi\u0119czna subskrypcja<\/li>\n<li>Bezp\u0142atne i szybkie tworzenie<\/li>\n<li>1 miesi\u0105c wypowiedzenia<\/li>\n<li>Brak fizycznej karty SIM<\/li>\n<li>SureSMS dostarcza numer<\/li>\n<li>Nieograniczony odbi\u00f3r<\/li>\n<li>M2M<\/li>\n<li>s\u0142owa kluczowe bez ogranicze\u0144<\/li>\n<li>Nieograniczona liczba s\u0142\u00f3w kluczowych<\/li>\n<\/ul>\n\t\t\t<a href=\"https:\/\/suresms.com\/pl\/zamowienie\/zamow-rozladunek-w-2-kierunkach\/\"  target=\"_self\">\n\t\t\t\t\t\t\tZam\u00f3w 2-kierunkowy numer wirtualny\n\t\t\t\t\t<\/a>\n\t\t<figure itemscope itemtype=\"https:\/\/schema.org\/ImageObject\">\n\t\t\t\t<a href=\"https:\/\/suresms.com\/pl\/zamowienie\/zamow-rozladunek-w-2-kierunkach\/\"  target=\"_self\" itemprop=\"url\">\n\t\t\t\t<img decoding=\"async\" src=\"https:\/\/suresms.com\/wp-content\/uploads\/2014\/10\/2-vejs-hostetSIM-400x150-pix.jpg\" alt=\"2-kierunkowe rozwi\u0105zanie hostowane przez sim SureSMS\" height=\"150\" width=\"400\" title=\"2 way hostedSIM\" onerror=\"this.style.display='none'\" loading=\"lazy\" \/>\n\t\t\t\t<\/a>\n\t<\/figure>\n<h3><a href=\"https:\/\/suresms.com\/pl\/zamowienie\/zamow-rozladunek-w-2-kierunkach\/\" target=\"_self\">2-kierunkowa \"hostowana karta SIM\"<\/a><\/h3><p>Najlepsze rozwi\u0105zanie, je\u015bli firma chce wybra\u0107 w\u0142asny numer, je\u015bli klienci musz\u0105 oddzwoni\u0107 lub je\u015bli chcesz mie\u0107 zagraniczn\u0105 kart\u0119 SIM.<\/p>\n<ul>\n\n<li>199,-\/miesi\u0105c w abonamencie<\/li>\n<li>299,- w tworzeniu<\/li>\n<li>Opcja dla numer\u00f3w mi\u0119dzynarodowych<\/li>\n<li>Otrzymujesz kart\u0119 SIM<\/li>\n<li>6 miesi\u0119cy zobowi\u0105zania\/1 miesi\u0105c anulowania<\/li>\n<li>Odbiera 10 wiadomo\u015bci SMS\/min. Reszta w kolejce.<\/li>\n<li>Swoboda wyboru numeru<\/li>\n<li>Jeste\u015b w\u0142a\u015bcicielem numeru<\/li>\n<li>Przekierowanie po\u0142\u0105cze\u0144<\/li>\n<li>Nieograniczona liczba s\u0142\u00f3w kluczowych<\/li>\n<\/ul>\n\t\t\t<a href=\"https:\/\/suresms.com\/pl\/zamowienie\/zamow-rozladunek-w-2-kierunkach\/\"  target=\"_self\">\n\t\t\t\t\t\t\tZam\u00f3w 2-kierunkow\u0105 hostowan\u0105 kart\u0119 SIM\n\t\t\t\t\t<\/a>\n\t\t<figure itemscope itemtype=\"https:\/\/schema.org\/ImageObject\">\n\t\t\t\t<a href=\"https:\/\/suresms.com\/pl\/o-suresms\/kontakt\/\"  target=\"_self\" itemprop=\"url\">\n\t\t\t\t<img decoding=\"async\" src=\"https:\/\/suresms.com\/wp-content\/uploads\/2014\/10\/2vejs-serier-400x150-pix.jpg\" alt=\"2-kierunkowe rozwi\u0105zanie SMS zakresy numer\u00f3w VLR\" height=\"150\" width=\"400\" title=\"Komiksy dwustronne 400x150 pikseli\" onerror=\"this.style.display='none'\" loading=\"lazy\" \/>\n\t\t\t\t<\/a>\n\t<\/figure>\n<h3><a href=\"https:\/\/suresms.com\/pl\/o-suresms\/kontakt\/\" target=\"_self\">2-dro\u017cna \"seria numeryczna\"<\/a><\/h3><p>Wirtualne zakresy numer\u00f3w dla firm, kt\u00f3re potrzebuj\u0105 wielu numer\u00f3w. Cena r\u00f3\u017cni si\u0119 w zale\u017cno\u015bci od ilo\u015bci. Skontaktuj si\u0119 z nami, aby uzyska\u0107 wi\u0119cej informacji.<\/p>\n<ul>\n<li>Odbieranie wiadomo\u015bci SMS za po\u015brednictwem interfejsu API<\/li>\n<li>Dla wielu liczb<\/li>\n<li>Maksymalnie 49,-\/miesi\u0105c w subskrypcji<\/li>\n<li>Cena po wcze\u015bniejszym uzgodnieniu<\/li>\n<li>Dla min. 10 numer\u00f3w kom\u00f3rkowych<\/li>\n<li>Bezp\u0142atne tworzenie<\/li>\n<li>Du\u0144skie numery<\/li>\n<li>Brak fizycznej karty SIM<\/li>\n<li>Zobowi\u0105zanie na 6 miesi\u0119cy<\/li>\n<li>1 miesi\u0105c wypowiedzenia<\/li>\n<li>s\u0142owa kluczowe bez ogranicze\u0144<\/li>\n<li>Nieograniczony odbi\u00f3r<\/li>\n<\/ul>\n\t\t\t<a href=\"https:\/\/suresms.com\/pl\/o-suresms\/kontakt\/\"  target=\"_self\">\n\t\t\t\t\t\t\tSkontaktuj si\u0119 z nami tutaj!\n\t\t\t\t\t<\/a>\n<h3>\n\t\t\tOd zam\u00f3wienia rozwi\u0105zania 2-way do otrzymania nazwy u\u017cytkownika i kodu mo\u017ce min\u0105\u0107 do 24 godzin!\t<\/h3>\n\t\t<h3>Chcesz dowiedzie\u0107 si\u0119 wi\u0119cej o hostowanej karcie SIM?<\/h3>\n\t\t<p>Zobacz wi\u0119cej szczeg\u00f3\u0142\u00f3w, opis techniczny i dokumentacj\u0119 naszych hostowanych rozwi\u0105za\u0144 SIM tutaj.<\/p>\n\t\t\t<a href=\"http:\/\/manual.suresms.com\/2-vejs-sms\/opsaetning-af-2-vejs-sms\/\"  target=\"_blank\" rel=\"noopener\">\n\t\t\t\t\t\tSpecyfikacja\n\t\t\t\t\t<\/a>\n\t<h2>Dlaczego wybieramy hostowane numery SIM i VLN?<\/h2>\nTechnicznie rzecz bior\u0105c, istniej\u0105 r\u00f3\u017cne sposoby na stworzenie rozwi\u0105zania, w kt\u00f3rym odbiorca mo\u017ce odpowiada\u0107 na wiadomo\u015bci.<br \/>\nJedn\u0105 z opcji na rynku jest wykorzystanie tak zwanych kod\u00f3w medi\u00f3w i skr\u00f3t\u00f3w. U\u017cywaj\u0105c 4-cyfrowego kodu multimedialnego i has\u0142a, klient mo\u017ce odpowiedzie\u0107 na Twoje wiadomo\u015bci, na przyk\u0142ad, je\u015bli masz sklep z serami, otrzymasz kod multimedialny \"Ser\". Kiedy kto\u015b wysy\u0142a wiadomo\u015b\u0107 na kr\u00f3tki kod - np. 9944, musi najpierw napisa\u0107 \"OST\", a nast\u0119pnie wiadomo\u015b\u0107. Problem z tym rozwi\u0105zaniem polega na tym, \u017ce jest ono skomplikowane dla klienta. Szczerze! Kto wie, \u017ce musi wpisa\u0107 OST? Wiadomo\u015b\u0107 b\u0119dzie brzmia\u0142a tak: \"Drogi Signe. Zam\u00f3wione produkty zosta\u0142y dostarczone. Aby odpowiedzie\u0107 na t\u0119 wiadomo\u015b\u0107, wy\u015blij SMS na numer 9944, wpisuj\u0105c s\u0142owo OST, a nast\u0119pnie wiadomo\u015b\u0107\".\n<p>Opr\u00f3cz tego, \u017ce jest to skomplikowane i wi\u0105\u017ce si\u0119 z wysokim ryzykiem b\u0142\u0119d\u00f3w w komunikacji, jest to kosztowne rozwi\u0105zanie do wdro\u017cenia. W Sure SMS wierzymy, \u017ce powinno to by\u0107 \u0142atwe i op\u0142acalne dla naszych klient\u00f3w.<\/p>\n<p><strong>Dlatego zdecydowali\u015bmy si\u0119 zaoferowa\u0107 - naszym zdaniem - lepsze rozwi\u0105zanie!<\/strong><\/p>\n<h2>Nasze dwukierunkowe rozwi\u0105zanie SMS<\/h2>\nDzi\u0119ki Sure SMS otrzymasz odpowied\u017a na numer telefonu kom\u00f3rkowego, kt\u00f3ry nale\u017cy tylko do Ciebie. Oznacza to, \u017ce otrzymujesz WSZYSTKIE wiadomo\u015bci wys\u0142ane na ten numer. Kiedy wysy\u0142asz wiadomo\u015b\u0107, jest ona wysy\u0142ana z tego samego numeru. To prosta komunikacja dla klienta z du\u017co mniejszym marginesem b\u0142\u0119du.<br \/>\nPiszesz: \"Droga Signe. Zam\u00f3wione przedmioty dotar\u0142y.\"  Je\u015bli Signe chce odpowiedzie\u0107 na wiadomo\u015b\u0107, po prostu naciska \"odpowiedz\" i wpisuje odpowied\u017a.\n<p>Ty decydujesz, czy chcesz, aby\u015bmy korzystali z Twojej karty SIM z Twojego zakresu numer\u00f3w, czy te\u017c chcesz, aby\u015bmy dostarczyli karty SIM. Ch\u0119tnie podejmiemy si\u0119 hostingu. Skontaktuj si\u0119 z nami, aby uzyska\u0107 wi\u0119cej informacji lub porad. Wi\u0119cej informacji mo\u017cna r\u00f3wnie\u017c znale\u017a\u0107 w poni\u017cszych linkach<\/p>\n<p>Zobacz <a title=\"Ceny bramek SMS\" href=\"https:\/\/suresms.com\/pl\/ceny-bramek-sms\/\">Cennik SMS-\u00f3w i po\u0142\u0105cze\u0144 dwukierunkowych tutaj<\/a>.<\/p>\n\t\t<h3>Wi\u0119cej pyta\u0144?<\/h3>\n\t\t<p>Masz wi\u0119cej pyta\u0144 na temat rozwi\u0105za\u0144 2-way? Zadzwo\u0144 do nas lub wy\u015blij wiadomo\u015b\u0107 e-mail!<\/p>\n\t\t\t<a href=\"https:\/\/suresms.com\/pl\/kontakt\/\"  target=\"_self\">\n\t\t\t\t\t\tWy\u015blij wiadomo\u015b\u0107 e-mail\n\t\t\t\t\t<\/a>\n\t\t<h3>Dokumentacja<\/h3>\n\t\t<p>Zobacz szczeg\u00f3\u0142y i opis techniczny naszego hostowanego rozwi\u0105zania SIM tutaj.<\/p>\n\t\t\t<a href=\"https:\/\/suresms.com\/pl\/2-kierunkowe-rozladowywanie-wiadomosci-sms-z-hostowana-karta-sim\/\"  target=\"_self\">\n\t\t\t\t\t\tZobacz wi\u0119cej szczeg\u00f3\u0142\u00f3w\n\t\t\t\t\t<\/a>\n\t\t<h3>Informacje o SureSMS<\/h3>\n\t\t<p>Zawsze ch\u0119tnie opowiemy troch\u0119 o naszej firmie. Przeczytaj wi\u0119cej o SureSMS tutaj!<\/p>\n\t\t\t<a href=\"https:\/\/suresms.com\/pl\/o-suresms\/\"  target=\"_self\">\n\t\t\t\t\t\tInformacje o SureSMS\n\t\t\t\t\t<\/a>\n\t\t<h3>Wypr\u00f3buj TERAZ!<\/h3>\n\t\t<p>Utw\u00f3rz darmowe konto pr\u00f3bne ju\u017c teraz i otrzymaj 50 darmowych SMS-\u00f3w bez \u017cadnych zobowi\u0105za\u0144!<\/p>\n\t\t\t<a href=\"https:\/\/suresms.com\/pl\/darmowe-konto-testowe-sms\/\"  target=\"_self\">\n\t\t\t\t\t\t\tUtw\u00f3rz konto pr\u00f3bne\n\t\t\t\t\t<\/a>","protected":false},"excerpt":{"rendered":"<p>Odbieranie wiadomo\u015bci SMS na komputerze Czy potrzebujesz otrzymywa\u0107 wiadomo\u015bci tekstowe od swoich klient\u00f3w? A mo\u017ce chcesz wysy\u0142a\u0107 wiadomo\u015bci SMS do grup bezpo\u015brednio z wiadomo\u015bci SMS? W takim razie 2-way SMS mo\u017ce by\u0107 rozwi\u0105zaniem dla Ciebie. Je\u015bli masz ju\u017c konto SMS, z kt\u00f3rego wysy\u0142asz wiadomo\u015bci do swoich u\u017cytkownik\u00f3w, mo\u017ce to by\u0107 zar\u00f3wno... <a title=\"Odbieranie wiadomo\u015bci SMS na komputerze\" class=\"read-more\" href=\"https:\/\/suresms.com\/pl\/funktioner\/modtag-sms-pa-din-computer\/\" aria-label=\"Dowiedz si\u0119 wi\u0119cej o odbieraniu wiadomo\u015bci SMS na komputerze\">Dowiedz si\u0119 wi\u0119cej<\/a><\/p>","protected":false},"author":1,"featured_media":0,"parent":958,"menu_order":2,"comment_status":"closed","ping_status":"closed","template":"","meta":{"_fl_builder_enabled":"1","_fl_builder_data":null,"_fl_builder_draft":null,"_fl_builder_data_settings":null,"_fl_builder_css":"","_fl_builder_css_version":"","_fl_builder_js":"","footnotes":""},"categories":[17],"tags":[],"class_list":{"0":"post-449","1":"page","2":"type-page","3":"status-publish","5":"category-linkfracornorstone"},"yoast_head":"<!-- This site is optimized with the Yoast SEO Premium plugin v27.3 (Yoast SEO v27.3) - https:\/\/yoast.com\/product\/yoast-seo-premium-wordpress\/ -->\r\n<title>2 vejs SMS, modtag SMS p\u00e5 din computer og iPad. Bestil 2-vejs l\u00f8sning!<\/title>\r\n<meta name=\"description\" content=\"Med 2 vejs SMS kan du modtage SMS p\u00e5 din computer eller iPad. L\u00f8sning fra SureSMS er den nemmeste for dine kunder. N\u00e5r de modtager SMS kan de svare p\u00e5 den.\" \/>\r\n<meta name=\"robots\" content=\"index, follow, max-snippet:-1, max-image-preview:large, max-video-preview:-1\" \/>\r\n<link rel=\"canonical\" href=\"https:\/\/suresms.com\/pl\/cechy\/odbieranie-wiadomosci-tekstowych-na-komputerze\/\" \/>\r\n<meta property=\"og:locale\" content=\"pl_PL\" \/>\r\n<meta property=\"og:type\" content=\"article\" \/>\r\n<meta property=\"og:title\" content=\"Modtag SMS p\u00e5 din computer\" \/>\r\n<meta property=\"og:description\" content=\"Med 2 vejs SMS kan du modtage SMS p\u00e5 din computer eller iPad. L\u00f8sning fra SureSMS er den nemmeste for dine kunder. N\u00e5r de modtager SMS kan de svare p\u00e5 den.\" \/>\r\n<meta property=\"og:url\" content=\"https:\/\/suresms.com\/pl\/cechy\/odbieranie-wiadomosci-tekstowych-na-komputerze\/\" \/>\r\n<meta property=\"article:publisher\" content=\"https:\/\/www.facebook.com\/p\/SureSMS-100044607956149\/\" \/>\r\n<meta property=\"article:modified_time\" content=\"2026-03-17T11:40:09+00:00\" \/>\r\n<meta property=\"og:image\" content=\"https:\/\/suresms.com\/wp-content\/uploads\/2014\/10\/2-vejs-virtuelle-400x150-pix.jpg\" \/>\r\n<meta name=\"twitter:card\" content=\"summary_large_image\" \/>\r\n<meta name=\"twitter:label1\" content=\"Szacowany czas czytania\" \/>\n\t<meta name=\"twitter:data1\" content=\"6 minut\" \/>\r\n<script type=\"application\/ld+json\" class=\"yoast-schema-graph\">{\"@context\":\"https:\\\/\\\/schema.org\",\"@graph\":[{\"@type\":\"WebPage\",\"@id\":\"https:\\\/\\\/suresms.com\\\/dk\\\/funktioner\\\/modtag-sms-pa-din-computer\\\/\",\"url\":\"https:\\\/\\\/suresms.com\\\/dk\\\/funktioner\\\/modtag-sms-pa-din-computer\\\/\",\"name\":\"2 vejs SMS, modtag SMS p\u00e5 din computer og iPad. Bestil 2-vejs l\u00f8sning!\",\"isPartOf\":{\"@id\":\"https:\\\/\\\/suresms.com\\\/en\\\/#website\"},\"primaryImageOfPage\":{\"@id\":\"https:\\\/\\\/suresms.com\\\/dk\\\/funktioner\\\/modtag-sms-pa-din-computer\\\/#primaryimage\"},\"image\":{\"@id\":\"https:\\\/\\\/suresms.com\\\/dk\\\/funktioner\\\/modtag-sms-pa-din-computer\\\/#primaryimage\"},\"thumbnailUrl\":\"https:\\\/\\\/suresms.com\\\/wp-content\\\/uploads\\\/2014\\\/10\\\/2-vejs-virtuelle-400x150-pix.jpg\",\"datePublished\":\"2014-10-12T08:47:57+00:00\",\"dateModified\":\"2026-03-17T11:40:09+00:00\",\"description\":\"Med 2 vejs SMS kan du modtage SMS p\u00e5 din computer eller iPad. L\u00f8sning fra SureSMS er den nemmeste for dine kunder. N\u00e5r de modtager SMS kan de svare p\u00e5 den.\",\"breadcrumb\":{\"@id\":\"https:\\\/\\\/suresms.com\\\/dk\\\/funktioner\\\/modtag-sms-pa-din-computer\\\/#breadcrumb\"},\"inLanguage\":\"pl-PL\",\"potentialAction\":[{\"@type\":\"ReadAction\",\"target\":[\"https:\\\/\\\/suresms.com\\\/dk\\\/funktioner\\\/modtag-sms-pa-din-computer\\\/\"]}]},{\"@type\":\"ImageObject\",\"inLanguage\":\"pl-PL\",\"@id\":\"https:\\\/\\\/suresms.com\\\/dk\\\/funktioner\\\/modtag-sms-pa-din-computer\\\/#primaryimage\",\"url\":\"https:\\\/\\\/suresms.com\\\/wp-content\\\/uploads\\\/2014\\\/10\\\/2-vejs-virtuelle-400x150-pix.jpg\",\"contentUrl\":\"https:\\\/\\\/suresms.com\\\/wp-content\\\/uploads\\\/2014\\\/10\\\/2-vejs-virtuelle-400x150-pix.jpg\"},{\"@type\":\"BreadcrumbList\",\"@id\":\"https:\\\/\\\/suresms.com\\\/dk\\\/funktioner\\\/modtag-sms-pa-din-computer\\\/#breadcrumb\",\"itemListElement\":[{\"@type\":\"ListItem\",\"position\":1,\"name\":\"Home\",\"item\":\"https:\\\/\\\/suresms.com\\\/dk\\\/\"},{\"@type\":\"ListItem\",\"position\":2,\"name\":\"Funktioner\",\"item\":\"https:\\\/\\\/suresms.com\\\/dk\\\/funktioner\\\/\"},{\"@type\":\"ListItem\",\"position\":3,\"name\":\"Modtag SMS p\u00e5 din computer\"}]},{\"@type\":\"WebSite\",\"@id\":\"https:\\\/\\\/suresms.com\\\/en\\\/#website\",\"url\":\"https:\\\/\\\/suresms.com\\\/en\\\/\",\"name\":\"SureSMS\",\"description\":\"Professionel SMS Gateway\",\"publisher\":{\"@id\":\"https:\\\/\\\/suresms.com\\\/en\\\/#organization\"},\"potentialAction\":[{\"@type\":\"SearchAction\",\"target\":{\"@type\":\"EntryPoint\",\"urlTemplate\":\"https:\\\/\\\/suresms.com\\\/en\\\/?s={search_term_string}\"},\"query-input\":{\"@type\":\"PropertyValueSpecification\",\"valueRequired\":true,\"valueName\":\"search_term_string\"}}],\"inLanguage\":\"pl-PL\"},{\"@type\":\"Organization\",\"@id\":\"https:\\\/\\\/suresms.com\\\/en\\\/#organization\",\"name\":\"SureSMS\",\"url\":\"https:\\\/\\\/suresms.com\\\/en\\\/\",\"logo\":{\"@type\":\"ImageObject\",\"inLanguage\":\"pl-PL\",\"@id\":\"https:\\\/\\\/suresms.com\\\/en\\\/#\\\/schema\\\/logo\\\/image\\\/\",\"url\":\"https:\\\/\\\/suresms.com\\\/wp-content\\\/uploads\\\/2024\\\/11\\\/suresms-300x65-1.png\",\"contentUrl\":\"https:\\\/\\\/suresms.com\\\/wp-content\\\/uploads\\\/2024\\\/11\\\/suresms-300x65-1.png\",\"width\":300,\"height\":65,\"caption\":\"SureSMS\"},\"image\":{\"@id\":\"https:\\\/\\\/suresms.com\\\/en\\\/#\\\/schema\\\/logo\\\/image\\\/\"},\"sameAs\":[\"https:\\\/\\\/www.facebook.com\\\/p\\\/SureSMS-100044607956149\\\/\"]}]}<\/script>\r\n<!-- \/ Yoast SEO Premium plugin. -->","yoast_head_json":{"title":"2-kierunkowe SMS-y, odbieraj SMS-y na komputerze i iPadzie. Zam\u00f3w rozwi\u0105zanie 2-way!","description":"Dzi\u0119ki dwukierunkowym wiadomo\u015bciom SMS mo\u017cna odbiera\u0107 wiadomo\u015bci SMS na komputerze lub iPadzie. Rozwi\u0105zanie SureSMS jest naj\u0142atwiejsze dla klient\u00f3w. Po otrzymaniu wiadomo\u015bci SMS mog\u0105 na ni\u0105 odpowiedzie\u0107.","robots":{"index":"index","follow":"follow","max-snippet":"max-snippet:-1","max-image-preview":"max-image-preview:large","max-video-preview":"max-video-preview:-1"},"canonical":"https:\/\/suresms.com\/pl\/cechy\/odbieranie-wiadomosci-tekstowych-na-komputerze\/","og_locale":"pl_PL","og_type":"article","og_title":"Modtag SMS p\u00e5 din computer","og_description":"Med 2 vejs SMS kan du modtage SMS p\u00e5 din computer eller iPad. L\u00f8sning fra SureSMS er den nemmeste for dine kunder. N\u00e5r de modtager SMS kan de svare p\u00e5 den.","og_url":"https:\/\/suresms.com\/pl\/cechy\/odbieranie-wiadomosci-tekstowych-na-komputerze\/","article_publisher":"https:\/\/www.facebook.com\/p\/SureSMS-100044607956149\/","article_modified_time":"2026-03-17T11:40:09+00:00","og_image":[{"url":"https:\/\/suresms.com\/wp-content\/uploads\/2014\/10\/2-vejs-virtuelle-400x150-pix.jpg","type":"","width":"","height":""}],"twitter_card":"summary_large_image","twitter_misc":{"Szacowany czas czytania":"6 minut"},"schema":{"@context":"https:\/\/schema.org","@graph":[{"@type":"WebPage","@id":"https:\/\/suresms.com\/dk\/funktioner\/modtag-sms-pa-din-computer\/","url":"https:\/\/suresms.com\/dk\/funktioner\/modtag-sms-pa-din-computer\/","name":"2-kierunkowe SMS-y, odbieraj SMS-y na komputerze i iPadzie. Zam\u00f3w rozwi\u0105zanie 2-way!","isPartOf":{"@id":"https:\/\/suresms.com\/en\/#website"},"primaryImageOfPage":{"@id":"https:\/\/suresms.com\/dk\/funktioner\/modtag-sms-pa-din-computer\/#primaryimage"},"image":{"@id":"https:\/\/suresms.com\/dk\/funktioner\/modtag-sms-pa-din-computer\/#primaryimage"},"thumbnailUrl":"https:\/\/suresms.com\/wp-content\/uploads\/2014\/10\/2-vejs-virtuelle-400x150-pix.jpg","datePublished":"2014-10-12T08:47:57+00:00","dateModified":"2026-03-17T11:40:09+00:00","description":"Dzi\u0119ki dwukierunkowym wiadomo\u015bciom SMS mo\u017cna odbiera\u0107 wiadomo\u015bci SMS na komputerze lub iPadzie. Rozwi\u0105zanie SureSMS jest naj\u0142atwiejsze dla klient\u00f3w. Po otrzymaniu wiadomo\u015bci SMS mog\u0105 na ni\u0105 odpowiedzie\u0107.","breadcrumb":{"@id":"https:\/\/suresms.com\/dk\/funktioner\/modtag-sms-pa-din-computer\/#breadcrumb"},"inLanguage":"pl-PL","potentialAction":[{"@type":"ReadAction","target":["https:\/\/suresms.com\/dk\/funktioner\/modtag-sms-pa-din-computer\/"]}]},{"@type":"ImageObject","inLanguage":"pl-PL","@id":"https:\/\/suresms.com\/dk\/funktioner\/modtag-sms-pa-din-computer\/#primaryimage","url":"https:\/\/suresms.com\/wp-content\/uploads\/2014\/10\/2-vejs-virtuelle-400x150-pix.jpg","contentUrl":"https:\/\/suresms.com\/wp-content\/uploads\/2014\/10\/2-vejs-virtuelle-400x150-pix.jpg"},{"@type":"BreadcrumbList","@id":"https:\/\/suresms.com\/dk\/funktioner\/modtag-sms-pa-din-computer\/#breadcrumb","itemListElement":[{"@type":"ListItem","position":1,"name":"Home","item":"https:\/\/suresms.com\/dk\/"},{"@type":"ListItem","position":2,"name":"Funktioner","item":"https:\/\/suresms.com\/dk\/funktioner\/"},{"@type":"ListItem","position":3,"name":"Modtag SMS p\u00e5 din computer"}]},{"@type":"WebSite","@id":"https:\/\/suresms.com\/en\/#website","url":"https:\/\/suresms.com\/en\/","name":"SureSMS","description":"Profesjonalna bramka SMS","publisher":{"@id":"https:\/\/suresms.com\/en\/#organization"},"potentialAction":[{"@type":"SearchAction","target":{"@type":"EntryPoint","urlTemplate":"https:\/\/suresms.com\/en\/?s={search_term_string}"},"query-input":{"@type":"PropertyValueSpecification","valueRequired":true,"valueName":"search_term_string"}}],"inLanguage":"pl-PL"},{"@type":"Organization","@id":"https:\/\/suresms.com\/en\/#organization","name":"SureSMS","url":"https:\/\/suresms.com\/en\/","logo":{"@type":"ImageObject","inLanguage":"pl-PL","@id":"https:\/\/suresms.com\/en\/#\/schema\/logo\/image\/","url":"https:\/\/suresms.com\/wp-content\/uploads\/2024\/11\/suresms-300x65-1.png","contentUrl":"https:\/\/suresms.com\/wp-content\/uploads\/2024\/11\/suresms-300x65-1.png","width":300,"height":65,"caption":"SureSMS"},"image":{"@id":"https:\/\/suresms.com\/en\/#\/schema\/logo\/image\/"},"sameAs":["https:\/\/www.facebook.com\/p\/SureSMS-100044607956149\/"]}]}},"_links":{"self":[{"href":"https:\/\/suresms.com\/pl\/wp-json\/wp\/v2\/pages\/449","targetHints":{"allow":["GET"]}}],"collection":[{"href":"https:\/\/suresms.com\/pl\/wp-json\/wp\/v2\/pages"}],"about":[{"href":"https:\/\/suresms.com\/pl\/wp-json\/wp\/v2\/types\/page"}],"author":[{"embeddable":true,"href":"https:\/\/suresms.com\/pl\/wp-json\/wp\/v2\/users\/1"}],"replies":[{"embeddable":true,"href":"https:\/\/suresms.com\/pl\/wp-json\/wp\/v2\/comments?post=449"}],"version-history":[{"count":10,"href":"https:\/\/suresms.com\/pl\/wp-json\/wp\/v2\/pages\/449\/revisions"}],"predecessor-version":[{"id":23849,"href":"https:\/\/suresms.com\/pl\/wp-json\/wp\/v2\/pages\/449\/revisions\/23849"}],"up":[{"embeddable":true,"href":"https:\/\/suresms.com\/pl\/wp-json\/wp\/v2\/pages\/958"}],"wp:attachment":[{"href":"https:\/\/suresms.com\/pl\/wp-json\/wp\/v2\/media?parent=449"}],"wp:term":[{"taxonomy":"category","embeddable":true,"href":"https:\/\/suresms.com\/pl\/wp-json\/wp\/v2\/categories?post=449"},{"taxonomy":"post_tag","embeddable":true,"href":"https:\/\/suresms.com\/pl\/wp-json\/wp\/v2\/tags?post=449"}],"curies":[{"name":"wp","href":"https:\/\/api.w.org\/{rel}","templated":true}]}}