{"id":3881,"date":"2016-11-15T13:46:24","date_gmt":"2016-11-15T11:46:24","guid":{"rendered":"https:\/\/www.suresms.com\/dk\/?page_id=3881"},"modified":"2025-01-10T11:00:14","modified_gmt":"2025-01-10T11:00:14","slug":"rozwiazanie-joomla-sms","status":"publish","type":"page","link":"https:\/\/suresms.com\/pl\/integrationer\/cms-content-management-system-sms-integration\/joomla-sms-loesning\/","title":{"rendered":"Rozwi\u0105zanie Joomla SMS"},"content":{"rendered":"<!-- Flexy Breadcrumb -->\r\n\t\t\t<div class=\"fbc fbc-page\">\r\n\r\n\t\t\t\t<!-- Breadcrumb wrapper -->\r\n\t\t\t\t<div class=\"fbc-wrap\">\r\n\r\n\t\t\t\t\t<!-- Ordered list-->\r\n\t\t\t\t\t<ol class=\"fbc-items\" itemscope itemtype=\"https:\/\/schema.org\/BreadcrumbList\">\r\n\t\t\t\t\t\t            <li itemprop=\"itemListElement\" itemscope itemtype=\"https:\/\/schema.org\/ListItem\">\r\n                <span itemprop=\"name\">\r\n                    <!-- Home Link -->\r\n                    <a itemprop=\"item\" href=\"https:\/\/suresms.com\/pl\/\">\r\n                    \r\n                                                    <i class=\"fa fa-home\" aria-hidden=\"true\"><\/i>Strona g\u0142\u00f3wna                    <\/a>\r\n                <\/span>\r\n                <meta itemprop=\"position\" content=\"1\" \/><!-- Meta Position-->\r\n             <\/li><li><span class=\"fbc-separator\">\/<\/span><\/li><li class=\"active\" itemprop=\"itemListElement\" itemscope itemtype=\"https:\/\/schema.org\/ListItem\"><span itemprop=\"name\" title=\"Rozwi\u0105zanie Joomla SMS\">Rozwi\u0105zanie Joomla SMS<\/span><meta itemprop=\"position\" content=\"2\" \/><\/li>\t\t\t\t\t<\/ol>\r\n\t\t\t\t\t<div class=\"clearfix\"><\/div>\r\n\t\t\t\t<\/div>\r\n\t\t\t<\/div>\r\n\t\t\t\n\t\n\n<h1>Wysy\u0142anie SMS z Joomla - Wtyczka od Acyba.com.<\/h1>\n<p>SureSMS zosta\u0142 wybrany jako jedna ze standardowych bramek SMS, kt\u00f3rych Acyba u\u017cywa w swoim rozwi\u0105zaniu AcySMS.<\/p>\n<p>AcySMS jest darmowym rozszerzeniem dla Joomla. Rozszerzenie jest w pe\u0142ni zintegrowane z witryn\u0105 Joomla i umo\u017cliwia tworzenie kampanii uzupe\u0142niaj\u0105cych, autoresponder\u00f3w, biuletyn\u00f3w, reklam, promocji, ofert i autoresponder\u00f3w .... za po\u015brednictwem wiadomo\u015bci SMS.<\/p>\n<p>Jako jedyna du\u0144ska bramka SMS, SureSMS oferuje w ramach AcySMS mo\u017cliwo\u015b\u0107 otrzymywania odpowiedzi zwrotnych.<\/p>\n<h2>Jak zacz\u0105\u0107<\/h2>\n<p>Aby rozpocz\u0105\u0107, przejd\u017a do Acyba.com i pobierz sam\u0105 wtyczk\u0119.<\/p>\n<p>Nast\u0119pnie nale\u017cy utworzy\u0107 u nas konto testowe, klikaj\u0105c \u017c\u00f3\u0142ty przycisk \"Utw\u00f3rz bezp\u0142atne konto testowe\" poni\u017cej.<\/p>\n<p>Gdy wszystko jest ju\u017c skonfigurowane, wystarczy napisa\u0107 na adres support@suresms.com i poprosi\u0107 o zmian\u0119 konta z testowego na rzeczywiste.<\/p>\n<p>&nbsp;<\/p>\n\n\t\t<h3><a href=\"http:\/\/suresms.com\/pl\/?page_id=449\" target=\"_self\">Odbieranie wiadomo\u015bci SMS - Utw\u00f3rz rozwi\u0105zanie dwukierunkowe<\/a><\/h3>\n\t\t\t\t<a href=\"http:\/\/suresms.com\/pl\/?page_id=449\" target=\"_self\" itemprop=\"url\">\n\t\t\t\t<img loading=\"lazy\" decoding=\"async\" src=\"https:\/\/suresms.com\/wp-content\/uploads\/2016\/06\/2-vejs-sms-outlook-callout.jpg\" alt=\"2-kierunkowe po\u0142\u0105czenie sms outlook\" itemprop=\"image\" height=\"300\" width=\"400\" title=\"2-kierunkowe po\u0142\u0105czenie sms outlook\" onerror=\"this.style.display='none'\"  \/>\n\t\t\t\t<\/a>\n<p>Korzystaj\u0105c z naszej wtyczki SMS Outlook, masz mo\u017cliwo\u015b\u0107 zapisywania wszystkich wys\u0142anych wiadomo\u015bci SMS w osobnym folderze. Dzi\u0119ki temu zawsze masz archiwum tego, co zosta\u0142o wys\u0142ane.<\/p>\n<p><strong>Dzi\u0119ki p\u0142atnemu rozwi\u0105zaniu dwukierunkowemu mo\u017cna r\u00f3wnie\u017c odbiera\u0107 wiadomo\u015bci SMS w programie Outlook,<\/strong> a tym samym uzyska\u0107 histori\u0119 ca\u0142ego dialogu SMS. Mo\u017ce to by\u0107 ogromna zaleta, je\u015bli jeste\u015b w sytuacji, kt\u00f3ra wymaga archiwizacji.<\/p>\n<p>Kliknij \u0142\u0105cze i przeczytaj wi\u0119cej o naszych rozwi\u0105zaniach dwukierunkowych: Tutaj mo\u017cesz r\u00f3wnie\u017c \u0142atwo stworzy\u0107 w\u0142asne rozwi\u0105zanie dwukierunkowe.<\/p>\n\t\t\t<a href=\"http:\/\/suresms.com\/pl\/?page_id=449\" target=\"_self\">\n\t\t\t\t\t\t\tPrzejd\u017a do Rozwi\u0105zania 2-kierunkowe\n\t\t\t\t\t<\/a>\n\t\t<h3><a href=\"https:\/\/suresms.com\/pl\/cechy\/odbieranie-wiadomosci-tekstowych-na-komputerze\/\" target=\"_self\">2-kierunkowe wiadomo\u015bci SMS - zakresy numer\u00f3w<\/a><\/h3>\n\t\t\t\t<a href=\"https:\/\/suresms.com\/pl\/cechy\/odbieranie-wiadomosci-tekstowych-na-komputerze\/\" target=\"_self\" itemprop=\"url\">\n\t\t\t\t<img loading=\"lazy\" decoding=\"async\" src=\"https:\/\/suresms.com\/wp-content\/uploads\/2016\/06\/Nummerserier-modtag-sms-Outlook-callout.jpg\" alt=\"Zakresy numer\u00f3w otrzymuj\u0105 sms Outlook callout\" itemprop=\"image\" height=\"300\" width=\"400\" title=\"Zakresy numer\u00f3w otrzymuj\u0105 sms Outlook callout\" onerror=\"this.style.display='none'\"  \/>\n\t\t\t\t<\/a>\n<p>Je\u015bli masz wielu pracownik\u00f3w w swojej organizacji, kt\u00f3rzy musz\u0105 mie\u0107 mo\u017cliwo\u015b\u0107 wysy\u0142ania i odbierania wiadomo\u015bci SMS za po\u015brednictwem programu Outlook, nasza seria numer\u00f3w wirtualnych jest produktem dla Ciebie. Cena r\u00f3\u017cni si\u0119 w zale\u017cno\u015bci od ilo\u015bci. <a href=\"http:\/\/suresms.com\/pl\/?page_id=2260\">Kontakt SureSMS<\/a> Wi\u0119cej informacji.<\/p>\n<ul>\n<li><strong>Dla wielu utwor\u00f3w (min. 10)<\/strong><\/li>\n<li><strong>Cena po wcze\u015bniejszym uzgodnieniu<\/strong><\/li>\n<li><strong>Du\u0144skie numery<\/strong><\/li>\n<li><strong>Nieograniczony odbi\u00f3r<\/strong><\/li>\n<li><strong>Bezp\u0142atna faktura<\/strong><\/li>\n<\/ul>\n\t\t\t<a href=\"https:\/\/suresms.com\/pl\/cechy\/odbieranie-wiadomosci-tekstowych-na-komputerze\/\" target=\"_self\">\n\t\t\t\t\t\t\tInformacje o zakresach numer\u00f3w SureSMS\n\t\t\t\t\t<\/a>\n\t<h3><strong>Przewodnik<\/strong><\/h3>\n\n<h4><strong>Instalacja naszego dodatku dla programu Outlook jest \u0142atwa. Wystarczy post\u0119powa\u0107 zgodnie z tymi kr\u00f3tkimi instrukcjami.<br \/>Je\u015bli potrzebujesz bardziej szczeg\u00f3\u0142owych wskaz\u00f3wek, <a href=\"http:\/\/manual.suresms.com\/plugins\/manual-send-sms-fra-outlook\/\">Zobacz pe\u0142ny opis na naszej stronie Manualsite<\/a>gdzie znajduj\u0105 si\u0119 szczeg\u00f3\u0142owe opisy i przewodniki po wszystkich naszych funkcjach.<\/strong><\/h4>\n\t\t<h3>Zainstaluj SureSMS dla programu Outlook<\/h3><ol>\n<li>Pobierz nasz\u0105 wtyczk\u0119 za pomoc\u0105 linku na g\u00f3rze tej strony.<\/li>\n<li>Instalacja programu<\/li>\n<li>Otw\u00f3rz program Outlook. Zobaczysz zrzut ekranu podobny do tego po lewej stronie.<\/li>\n<li>Wype\u0142nij dane logowania.<\/li>\n<li>Je\u015bli nie masz jeszcze konta, mo\u017cesz je za\u0142o\u017cy\u0107, klikaj\u0105c niebieski link na ekranie logowania.<\/li>\n<\/ol>\n\t\t\t\t<img loading=\"lazy\" decoding=\"async\" src=\"https:\/\/suresms.com\/wp-content\/uploads\/2016\/06\/sms-Outlook-vejledning1.png\" alt=\"Wskaz\u00f3wki dotycz\u0105ce SMS Outlook1\" itemprop=\"image\" height=\"393\" width=\"413\" title=\"Wskaz\u00f3wki dotycz\u0105ce SMS Outlook1\" onerror=\"this.style.display='none'\"  \/>\n\t\t<h3>Wysy\u0142anie wiadomo\u015bci SMS z programu Outlook<\/h3><p>Po zainstalowaniu naszego dodatku, po prawej stronie menu pojawi si\u0119 nowa grupa ikon, podobna do tej widocznej na poni\u017cszym obrazku.<\/p>\n<p>Nast\u0119pnie wystarczy wpisa\u0107 numer, wiadomo\u015b\u0107 i nacisn\u0105\u0107 przycisk Wy\u015blij.<\/p>\n<p>Mo\u017cesz wpisa\u0107 +46, a nast\u0119pnie numer, je\u015bli chcesz wys\u0142a\u0107 np. do Szwecji, ale je\u015bli chcesz wys\u0142a\u0107 do Danii, po prostu ustaw kod kraju na ekranie konfiguracji, a system sam ustawi kod kraju.<\/p>\n\n\t\t\t\t<img loading=\"lazy\" decoding=\"async\" src=\"https:\/\/suresms.com\/wp-content\/uploads\/2016\/06\/sms-outlook-plugin-Add-in-vejledning.png\" alt=\"sms outlook plugin przewodnik po dodatkach\" itemprop=\"image\" height=\"343\" width=\"378\" title=\"sms outlook plugin przewodnik po dodatkach\" onerror=\"this.style.display='none'\"  \/>\n\t\t<h3><a href=\"http:\/\/suresms.com\/pl\/dokumenty\/\" target=\"_self\">Odwied\u017a nasz\u0105 stron\u0119 z instrukcjami<\/a><\/h3>\n\t\t\t\t<a href=\"http:\/\/suresms.com\/pl\/dokumenty\/\" target=\"_self\" itemprop=\"url\">\n\t\t\t\t<img loading=\"lazy\" decoding=\"async\" src=\"https:\/\/suresms.com\/wp-content\/uploads\/2016\/03\/Manual-400x250-px1.jpg\" alt=\"r\u0119czna strona suresms\" itemprop=\"image\" height=\"250\" width=\"400\" title=\"Podr\u0119cznik 400x250 px\" onerror=\"this.style.display='none'\"  \/>\n\t\t\t\t<\/a>\n<p>Aby pom\u00f3c naszym klientom, zebrali\u015bmy wszystkie instrukcje i opisy na suresms.com\/docs. Tutaj mo\u017cesz zobaczy\u0107, jak dzia\u0142a nasza bramka i uzyska\u0107 proste, przyjazne dla u\u017cytkownika instrukcje dotycz\u0105ce wielu funkcji.<\/p>\n\t\t<h3><a href=\"http:\/\/developer.suresms.com\/\" target=\"_self\">developer.suresms.com<\/a><\/h3>\n\t\t\t\t<a href=\"http:\/\/developer.suresms.com\/\" target=\"_self\" itemprop=\"url\">\n\t\t\t\t<img loading=\"lazy\" decoding=\"async\" src=\"https:\/\/suresms.com\/wp-content\/uploads\/2016\/03\/developer-400x250-px.jpg\" alt=\"Strona suresms dla deweloper\u00f3w\" itemprop=\"image\" height=\"250\" width=\"400\" title=\"deweloper 400x250 px\" onerror=\"this.style.display='none'\"  \/>\n\t\t\t\t<\/a>\nSureSMS jest tworzony przez programist\u00f3w dla programist\u00f3w!<br \/>\nNa stronie developer.suresms.com zebrali\u015bmy dokumentacj\u0119 i pr\u00f3bki kodu, aby u\u0142atwi\u0107 integracj\u0119 naszej bramki z Twoim systemem.\n\t\t<h3><a href=\"https:\/\/www.youtube.com\/channel\/UC1XGC5rl9mI9ndtBVn8yq7g\" target=\"_self\">Obejrzyj nasze filmy instrukta\u017cowe!<\/a><\/h3>\n\t\t\t\t<a href=\"https:\/\/www.youtube.com\/channel\/UC1XGC5rl9mI9ndtBVn8yq7g\" target=\"_self\" itemprop=\"url\">\n\t\t\t\t<img loading=\"lazy\" decoding=\"async\" src=\"https:\/\/suresms.com\/wp-content\/uploads\/2016\/03\/you-tube400x250px.jpg\" alt=\"suresms sms gateway you tube videos\" itemprop=\"image\" height=\"250\" width=\"400\" title=\"you tube 400x250px\" onerror=\"this.style.display='none'\"  \/>\n\t\t\t\t<\/a>\n<p>Rozpoczynasz prac\u0119 z now\u0105 funkcj\u0105? A mo\u017ce po prostu chcesz dowiedzie\u0107 si\u0119 wi\u0119cej o tym, jak dzia\u0142a nasza bramka? Zebrali\u015bmy nasze filmy instrukta\u017cowe na Youtube. Gotowe!<\/p>","protected":false},"excerpt":{"rendered":"<p>Wysy\u0142aj SMS-y z Joomla - Wtyczka z Acyba.com. SureSMS zosta\u0142 wybrany jako jedna ze standardowych bramek SMS, kt\u00f3rych Acyba u\u017cywa w swoim rozwi\u0105zaniu AcySMS. AcySMS jest darmowym rozszerzeniem dla Joomla. Rozszerzenie jest w pe\u0142ni zintegrowane z witryn\u0105 Joomla i umo\u017cliwia tworzenie kampanii uzupe\u0142niaj\u0105cych, autoresponder\u00f3w, biuletyn\u00f3w, reklam, ofert i ... <a title=\"Rozwi\u0105zanie Joomla SMS\" class=\"read-more\" href=\"https:\/\/suresms.com\/pl\/integrationer\/cms-content-management-system-sms-integration\/joomla-sms-loesning\/\" aria-label=\"Dowiedz si\u0119 wi\u0119cej o rozwi\u0105zaniu Joomla SMS\">Dowiedz si\u0119 wi\u0119cej<\/a><\/p>","protected":false},"author":1,"featured_media":0,"parent":14437,"menu_order":0,"comment_status":"closed","ping_status":"closed","template":"","meta":{"_fl_builder_enabled":"1","_fl_builder_data":null,"_fl_builder_draft":null,"_fl_builder_data_settings":null,"_fl_builder_css":"","_fl_builder_css_version":"","_fl_builder_js":"","footnotes":""},"categories":[],"tags":[],"class_list":["post-3881","page","type-page","status-publish"],"yoast_head":"<!-- This site is optimized with the Yoast SEO Premium plugin v27.3 (Yoast SEO v27.3) - https:\/\/yoast.com\/product\/yoast-seo-premium-wordpress\/ -->\r\n<title>Joomla SMS system - SMS direkte fra din Joomla shop med AcySMS<\/title>\r\n<meta name=\"description\" content=\"Joomla SMS integration | Joomla SMS Plugin | Send nyheds og ordrestatus SMS fra din Joomla installation med AcySMS og SureSMS gateway.\" \/>\r\n<meta name=\"robots\" content=\"index, follow, max-snippet:-1, max-image-preview:large, max-video-preview:-1\" \/>\r\n<link rel=\"canonical\" href=\"https:\/\/suresms.com\/pl\/integracje\/cms-system-zarzadzania-trescia-integracja-sms\/rozwiazanie-joomla-sms\/\" \/>\r\n<meta property=\"og:locale\" content=\"pl_PL\" \/>\r\n<meta property=\"og:type\" content=\"article\" \/>\r\n<meta property=\"og:title\" content=\"Update - SMS til Outlook Plugin Version 1.4 - SureSMS\" \/>\r\n<meta property=\"og:description\" content=\"Update - GRATIS SMS Add-in til Outlook. Send SMS til kontakter &amp; grupper - Fuld dokumentation - Gratis testkonto. Flere afsender-ID muligheder. Modtag svar p\u00e5 mobil eller i Outlook med 2-vejs L\u00f8sning. NU op til 800 tegn i beskeden.\" \/>\r\n<meta property=\"og:url\" content=\"https:\/\/suresms.com\/pl\/integracje\/cms-system-zarzadzania-trescia-integracja-sms\/rozwiazanie-joomla-sms\/\" \/>\r\n<meta property=\"article:publisher\" content=\"https:\/\/www.facebook.com\/p\/SureSMS-100044607956149\/\" \/>\r\n<meta property=\"article:modified_time\" content=\"2025-01-10T11:00:14+00:00\" \/>\r\n<meta property=\"og:image\" content=\"https:\/\/suresms.com\/wp-content\/uploads\/2016\/02\/facebook-Outlook-plugin-version-1.4-snippet-1.jpg\" \/>\r\n\t<meta property=\"og:image:width\" content=\"1200\" \/>\r\n\t<meta property=\"og:image:height\" content=\"630\" \/>\r\n\t<meta property=\"og:image:type\" content=\"image\/jpeg\" \/>\r\n<meta name=\"twitter:card\" content=\"summary_large_image\" \/>\r\n<meta name=\"twitter:title\" content=\"Joomla SMS l\u00f8sning\" \/>\r\n<meta name=\"twitter:label1\" content=\"Szacowany czas czytania\" \/>\n\t<meta name=\"twitter:data1\" content=\"3 minuty\" \/>\r\n<script type=\"application\/ld+json\" class=\"yoast-schema-graph\">{\"@context\":\"https:\\\/\\\/schema.org\",\"@graph\":[{\"@type\":\"WebPage\",\"@id\":\"https:\\\/\\\/suresms.com\\\/dk\\\/integrationer\\\/cms-content-management-system-sms-integration\\\/joomla-sms-loesning\\\/\",\"url\":\"https:\\\/\\\/suresms.com\\\/dk\\\/integrationer\\\/cms-content-management-system-sms-integration\\\/joomla-sms-loesning\\\/\",\"name\":\"Joomla SMS system - SMS direkte fra din Joomla shop med AcySMS\",\"isPartOf\":{\"@id\":\"https:\\\/\\\/suresms.com\\\/en\\\/#website\"},\"primaryImageOfPage\":{\"@id\":\"https:\\\/\\\/suresms.com\\\/dk\\\/integrationer\\\/cms-content-management-system-sms-integration\\\/joomla-sms-loesning\\\/#primaryimage\"},\"image\":{\"@id\":\"https:\\\/\\\/suresms.com\\\/dk\\\/integrationer\\\/cms-content-management-system-sms-integration\\\/joomla-sms-loesning\\\/#primaryimage\"},\"thumbnailUrl\":\"https:\\\/\\\/suresms.com\\\/wp-content\\\/uploads\\\/2016\\\/06\\\/2-vejs-sms-outlook-callout.jpg\",\"datePublished\":\"2016-11-15T11:46:24+00:00\",\"dateModified\":\"2025-01-10T11:00:14+00:00\",\"description\":\"Joomla SMS integration | Joomla SMS Plugin | Send nyheds og ordrestatus SMS fra din Joomla installation med AcySMS og SureSMS gateway.\",\"breadcrumb\":{\"@id\":\"https:\\\/\\\/suresms.com\\\/dk\\\/integrationer\\\/cms-content-management-system-sms-integration\\\/joomla-sms-loesning\\\/#breadcrumb\"},\"inLanguage\":\"pl-PL\",\"potentialAction\":[{\"@type\":\"ReadAction\",\"target\":[\"https:\\\/\\\/suresms.com\\\/dk\\\/integrationer\\\/cms-content-management-system-sms-integration\\\/joomla-sms-loesning\\\/\"]}]},{\"@type\":\"ImageObject\",\"inLanguage\":\"pl-PL\",\"@id\":\"https:\\\/\\\/suresms.com\\\/dk\\\/integrationer\\\/cms-content-management-system-sms-integration\\\/joomla-sms-loesning\\\/#primaryimage\",\"url\":\"https:\\\/\\\/suresms.com\\\/wp-content\\\/uploads\\\/2016\\\/06\\\/2-vejs-sms-outlook-callout.jpg\",\"contentUrl\":\"https:\\\/\\\/suresms.com\\\/wp-content\\\/uploads\\\/2016\\\/06\\\/2-vejs-sms-outlook-callout.jpg\"},{\"@type\":\"BreadcrumbList\",\"@id\":\"https:\\\/\\\/suresms.com\\\/dk\\\/integrationer\\\/cms-content-management-system-sms-integration\\\/joomla-sms-loesning\\\/#breadcrumb\",\"itemListElement\":[{\"@type\":\"ListItem\",\"position\":1,\"name\":\"Home\",\"item\":\"https:\\\/\\\/suresms.com\\\/dk\\\/\"},{\"@type\":\"ListItem\",\"position\":2,\"name\":\"Integrationer\",\"item\":\"https:\\\/\\\/suresms.com\\\/dk\\\/integrationer\\\/\"},{\"@type\":\"ListItem\",\"position\":3,\"name\":\"SMS integration til Content Management Systemer (CMS systemer)\",\"item\":\"https:\\\/\\\/suresms.com\\\/dk\\\/integrationer\\\/cms-content-management-system-sms-integration\\\/\"},{\"@type\":\"ListItem\",\"position\":4,\"name\":\"Joomla SMS l\u00f8sning\"}]},{\"@type\":\"WebSite\",\"@id\":\"https:\\\/\\\/suresms.com\\\/en\\\/#website\",\"url\":\"https:\\\/\\\/suresms.com\\\/en\\\/\",\"name\":\"SureSMS\",\"description\":\"Professionel SMS Gateway\",\"publisher\":{\"@id\":\"https:\\\/\\\/suresms.com\\\/en\\\/#organization\"},\"potentialAction\":[{\"@type\":\"SearchAction\",\"target\":{\"@type\":\"EntryPoint\",\"urlTemplate\":\"https:\\\/\\\/suresms.com\\\/en\\\/?s={search_term_string}\"},\"query-input\":{\"@type\":\"PropertyValueSpecification\",\"valueRequired\":true,\"valueName\":\"search_term_string\"}}],\"inLanguage\":\"pl-PL\"},{\"@type\":\"Organization\",\"@id\":\"https:\\\/\\\/suresms.com\\\/en\\\/#organization\",\"name\":\"SureSMS\",\"url\":\"https:\\\/\\\/suresms.com\\\/en\\\/\",\"logo\":{\"@type\":\"ImageObject\",\"inLanguage\":\"pl-PL\",\"@id\":\"https:\\\/\\\/suresms.com\\\/en\\\/#\\\/schema\\\/logo\\\/image\\\/\",\"url\":\"https:\\\/\\\/suresms.com\\\/wp-content\\\/uploads\\\/2024\\\/11\\\/suresms-300x65-1.png\",\"contentUrl\":\"https:\\\/\\\/suresms.com\\\/wp-content\\\/uploads\\\/2024\\\/11\\\/suresms-300x65-1.png\",\"width\":300,\"height\":65,\"caption\":\"SureSMS\"},\"image\":{\"@id\":\"https:\\\/\\\/suresms.com\\\/en\\\/#\\\/schema\\\/logo\\\/image\\\/\"},\"sameAs\":[\"https:\\\/\\\/www.facebook.com\\\/p\\\/SureSMS-100044607956149\\\/\"]}]}<\/script>\r\n<!-- \/ Yoast SEO Premium plugin. -->","yoast_head_json":{"title":"System SMS Joomla - SMS bezpo\u015brednio ze sklepu Joomla z AcySMS","description":"Integracja SMS Joomla | Wtyczka SMS Joomla | Wysy\u0142aj wiadomo\u015bci i statusy zam\u00f3wie\u0144 SMS z instalacji Joomla za pomoc\u0105 bramek AcySMS i SureSMS.","robots":{"index":"index","follow":"follow","max-snippet":"max-snippet:-1","max-image-preview":"max-image-preview:large","max-video-preview":"max-video-preview:-1"},"canonical":"https:\/\/suresms.com\/pl\/integracje\/cms-system-zarzadzania-trescia-integracja-sms\/rozwiazanie-joomla-sms\/","og_locale":"pl_PL","og_type":"article","og_title":"Update - SMS til Outlook Plugin Version 1.4 - SureSMS","og_description":"Update - GRATIS SMS Add-in til Outlook. Send SMS til kontakter & grupper - Fuld dokumentation - Gratis testkonto. Flere afsender-ID muligheder. Modtag svar p\u00e5 mobil eller i Outlook med 2-vejs L\u00f8sning. NU op til 800 tegn i beskeden.","og_url":"https:\/\/suresms.com\/pl\/integracje\/cms-system-zarzadzania-trescia-integracja-sms\/rozwiazanie-joomla-sms\/","article_publisher":"https:\/\/www.facebook.com\/p\/SureSMS-100044607956149\/","article_modified_time":"2025-01-10T11:00:14+00:00","og_image":[{"width":1200,"height":630,"url":"https:\/\/suresms.com\/wp-content\/uploads\/2016\/02\/facebook-Outlook-plugin-version-1.4-snippet-1.jpg","type":"image\/jpeg"}],"twitter_card":"summary_large_image","twitter_title":"Joomla SMS l\u00f8sning","twitter_misc":{"Szacowany czas czytania":"3 minuty"},"schema":{"@context":"https:\/\/schema.org","@graph":[{"@type":"WebPage","@id":"https:\/\/suresms.com\/dk\/integrationer\/cms-content-management-system-sms-integration\/joomla-sms-loesning\/","url":"https:\/\/suresms.com\/dk\/integrationer\/cms-content-management-system-sms-integration\/joomla-sms-loesning\/","name":"System SMS Joomla - SMS bezpo\u015brednio ze sklepu Joomla z AcySMS","isPartOf":{"@id":"https:\/\/suresms.com\/en\/#website"},"primaryImageOfPage":{"@id":"https:\/\/suresms.com\/dk\/integrationer\/cms-content-management-system-sms-integration\/joomla-sms-loesning\/#primaryimage"},"image":{"@id":"https:\/\/suresms.com\/dk\/integrationer\/cms-content-management-system-sms-integration\/joomla-sms-loesning\/#primaryimage"},"thumbnailUrl":"https:\/\/suresms.com\/wp-content\/uploads\/2016\/06\/2-vejs-sms-outlook-callout.jpg","datePublished":"2016-11-15T11:46:24+00:00","dateModified":"2025-01-10T11:00:14+00:00","description":"Integracja SMS Joomla | Wtyczka SMS Joomla | Wysy\u0142aj wiadomo\u015bci i statusy zam\u00f3wie\u0144 SMS z instalacji Joomla za pomoc\u0105 bramek AcySMS i SureSMS.","breadcrumb":{"@id":"https:\/\/suresms.com\/dk\/integrationer\/cms-content-management-system-sms-integration\/joomla-sms-loesning\/#breadcrumb"},"inLanguage":"pl-PL","potentialAction":[{"@type":"ReadAction","target":["https:\/\/suresms.com\/dk\/integrationer\/cms-content-management-system-sms-integration\/joomla-sms-loesning\/"]}]},{"@type":"ImageObject","inLanguage":"pl-PL","@id":"https:\/\/suresms.com\/dk\/integrationer\/cms-content-management-system-sms-integration\/joomla-sms-loesning\/#primaryimage","url":"https:\/\/suresms.com\/wp-content\/uploads\/2016\/06\/2-vejs-sms-outlook-callout.jpg","contentUrl":"https:\/\/suresms.com\/wp-content\/uploads\/2016\/06\/2-vejs-sms-outlook-callout.jpg"},{"@type":"BreadcrumbList","@id":"https:\/\/suresms.com\/dk\/integrationer\/cms-content-management-system-sms-integration\/joomla-sms-loesning\/#breadcrumb","itemListElement":[{"@type":"ListItem","position":1,"name":"Home","item":"https:\/\/suresms.com\/dk\/"},{"@type":"ListItem","position":2,"name":"Integrationer","item":"https:\/\/suresms.com\/dk\/integrationer\/"},{"@type":"ListItem","position":3,"name":"SMS integration til Content Management Systemer (CMS systemer)","item":"https:\/\/suresms.com\/dk\/integrationer\/cms-content-management-system-sms-integration\/"},{"@type":"ListItem","position":4,"name":"Joomla SMS l\u00f8sning"}]},{"@type":"WebSite","@id":"https:\/\/suresms.com\/en\/#website","url":"https:\/\/suresms.com\/en\/","name":"SureSMS","description":"Profesjonalna bramka SMS","publisher":{"@id":"https:\/\/suresms.com\/en\/#organization"},"potentialAction":[{"@type":"SearchAction","target":{"@type":"EntryPoint","urlTemplate":"https:\/\/suresms.com\/en\/?s={search_term_string}"},"query-input":{"@type":"PropertyValueSpecification","valueRequired":true,"valueName":"search_term_string"}}],"inLanguage":"pl-PL"},{"@type":"Organization","@id":"https:\/\/suresms.com\/en\/#organization","name":"SureSMS","url":"https:\/\/suresms.com\/en\/","logo":{"@type":"ImageObject","inLanguage":"pl-PL","@id":"https:\/\/suresms.com\/en\/#\/schema\/logo\/image\/","url":"https:\/\/suresms.com\/wp-content\/uploads\/2024\/11\/suresms-300x65-1.png","contentUrl":"https:\/\/suresms.com\/wp-content\/uploads\/2024\/11\/suresms-300x65-1.png","width":300,"height":65,"caption":"SureSMS"},"image":{"@id":"https:\/\/suresms.com\/en\/#\/schema\/logo\/image\/"},"sameAs":["https:\/\/www.facebook.com\/p\/SureSMS-100044607956149\/"]}]}},"_links":{"self":[{"href":"https:\/\/suresms.com\/pl\/wp-json\/wp\/v2\/pages\/3881","targetHints":{"allow":["GET"]}}],"collection":[{"href":"https:\/\/suresms.com\/pl\/wp-json\/wp\/v2\/pages"}],"about":[{"href":"https:\/\/suresms.com\/pl\/wp-json\/wp\/v2\/types\/page"}],"author":[{"embeddable":true,"href":"https:\/\/suresms.com\/pl\/wp-json\/wp\/v2\/users\/1"}],"replies":[{"embeddable":true,"href":"https:\/\/suresms.com\/pl\/wp-json\/wp\/v2\/comments?post=3881"}],"version-history":[{"count":10,"href":"https:\/\/suresms.com\/pl\/wp-json\/wp\/v2\/pages\/3881\/revisions"}],"predecessor-version":[{"id":21404,"href":"https:\/\/suresms.com\/pl\/wp-json\/wp\/v2\/pages\/3881\/revisions\/21404"}],"up":[{"embeddable":true,"href":"https:\/\/suresms.com\/pl\/wp-json\/wp\/v2\/pages\/14437"}],"wp:attachment":[{"href":"https:\/\/suresms.com\/pl\/wp-json\/wp\/v2\/media?parent=3881"}],"wp:term":[{"taxonomy":"category","embeddable":true,"href":"https:\/\/suresms.com\/pl\/wp-json\/wp\/v2\/categories?post=3881"},{"taxonomy":"post_tag","embeddable":true,"href":"https:\/\/suresms.com\/pl\/wp-json\/wp\/v2\/tags?post=3881"}],"curies":[{"name":"wp","href":"https:\/\/api.w.org\/{rel}","templated":true}]}}