{"id":3755,"date":"2016-10-18T13:01:26","date_gmt":"2016-10-18T11:01:26","guid":{"rendered":"https:\/\/www.suresms.com\/dk\/?page_id=3755"},"modified":"2025-01-04T23:57:58","modified_gmt":"2025-01-04T23:57:58","slug":"rozwiazanie-sms-dla-wspolnego-systemu-bibliotecznego","status":"publish","type":"page","link":"https:\/\/suresms.com\/pl\/integrationer\/fagsystem-sms-integration\/sms-loesning-til-faelles-bibliotekssystem\/","title":{"rendered":"Rozwi\u0105zanie SMS dla FBS (Shared Library System)"},"content":{"rendered":"<!-- Flexy Breadcrumb -->\r\n\t\t\t<div class=\"fbc fbc-page\">\r\n\r\n\t\t\t\t<!-- Breadcrumb wrapper -->\r\n\t\t\t\t<div class=\"fbc-wrap\">\r\n\r\n\t\t\t\t\t<!-- Ordered list-->\r\n\t\t\t\t\t<ol class=\"fbc-items\" itemscope itemtype=\"https:\/\/schema.org\/BreadcrumbList\">\r\n\t\t\t\t\t\t            <li itemprop=\"itemListElement\" itemscope itemtype=\"https:\/\/schema.org\/ListItem\">\r\n                <span itemprop=\"name\">\r\n                    <!-- Home Link -->\r\n                    <a itemprop=\"item\" href=\"https:\/\/suresms.com\/pl\/\">\r\n                    \r\n                                                    <i class=\"fa fa-home\" aria-hidden=\"true\"><\/i>Strona g\u0142\u00f3wna                    <\/a>\r\n                <\/span>\r\n                <meta itemprop=\"position\" content=\"1\" \/><!-- Meta Position-->\r\n             <\/li><li><span class=\"fbc-separator\">\/<\/span><\/li><li class=\"active\" itemprop=\"itemListElement\" itemscope itemtype=\"https:\/\/schema.org\/ListItem\"><span itemprop=\"name\" title=\"Rozwi\u0105zanie SMS dla FBS (Shared Library System)\">Rozwi\u0105zanie SMS dla FBS...<\/span><meta itemprop=\"position\" content=\"2\" \/><\/li>\t\t\t\t\t<\/ol>\r\n\t\t\t\t\t<div class=\"clearfix\"><\/div>\r\n\t\t\t\t<\/div>\r\n\t\t\t<\/div>\r\n\t\t\t\n<h1>\n\t\tNowe rozwi\u0105zanie SMS dla FBS\n\t<\/h1>\n<p>&nbsp;<\/p>\n<p><strong>Nowy Wsp\u00f3lny System Biblioteczny Cicero (FBS), opracowany we wsp\u00f3\u0142pracy firm Kombit i Systematic, jest obecnie wdra\u017cany w oko\u0142o 1500 bibliotekach publicznych i o\u015brodkach edukacyjnych w ca\u0142ym kraju. SureSMS dostarcza kompleksowe rozwi\u0105zanie SMS, w najlepszej jako\u015bci i w pe\u0142ni integrowalne z nowym systemem.<\/strong><\/p>\n\n<p>Nasze rozwi\u0105zanie SMS spe\u0142nia wszystkie wymagania, standardy i funkcje, kt\u00f3re Cicero stawia dobremu dostawcy bramek SMS. Jako odpowiedzialny u\u017cytkownik systemu mo\u017cesz mie\u0107 pewno\u015b\u0107, \u017ce wszystkie funkcje w Cicero wsp\u00f3\u0142pracuj\u0105 z opracowanym przez nas rozwi\u0105zaniem.<\/p>\n<h3>Prosta konfiguracja i wsparcie Premium<\/h3>\n<p>Dzi\u0119ki kompleksowemu przewodnikowi konfiguracja lub modyfikacja Cicero w celu korzystania z naszego rozwi\u0105zania jest prosta. Konfiguracja systemu i sprawdzenie, czy wszystko dzia\u0142a tak, jak powinno, zajmuje mniej ni\u017c 3 minuty. Je\u015bli po drodze pojawi\u0105 si\u0119 jakiekolwiek pytania, zawsze mo\u017cesz skontaktowa\u0107 si\u0119 z naszymi wykwalifikowanymi pomocnikami i technikami, kt\u00f3rzy s\u0105 gotowi zapewni\u0107 bezp\u0142atn\u0105 pomoc na najwy\u017cszym poziomie wszystkim klientom.<\/p>\n<h3>Ochrona i nadz\u00f3r 24\/7<\/h3>\n<p>W SureSMS monitorujemy nasze serwery i Twoje konto 24 godziny na dob\u0119, ka\u017cdego dnia, przez ca\u0142y rok. Mo\u017cesz wi\u0119c mie\u0107 pewno\u015b\u0107, \u017ce dostarczymy wys\u0142ane przez Ciebie wiadomo\u015bci. Gdy co\u015b p\u00f3jdzie nie tak - to technologia, wi\u0119c od czasu do czasu co\u015b p\u00f3jdzie nie tak - rozpoznajemy to i natychmiast wychwytujemy.<\/p>\n<p>Zapewniamy pe\u0142ne raportowanie na \u017c\u0105danie. Mo\u017cesz wybra\u0107 opcj\u0119 otrzymywania dziennego raportu WSZYSTKICH wys\u0142anych wiadomo\u015bci lub tylko raport\u00f3w NIEUDANYCH wiadomo\u015bci.<\/p>\n<h3>Opcjonalne grupowe wiadomo\u015bci SMS z opcj\u0105 rejestracji<\/h3>\n<p>Nasza bramka SMS obs\u0142uguje r\u00f3wnie\u017c wiele r\u00f3\u017cnych funkcji i funkcji SMS-\u00f3w grupowych, kt\u00f3re wcze\u015bniej sprzedawali\u015bmy bibliotekom i innym instytucjom i us\u0142ugom miejskim. Korzystaj\u0105c z nich, obywatele i u\u017cytkownicy mog\u0105 subskrybowa\u0107\/wypisywa\u0107 si\u0119 z list za po\u015brednictwem wiadomo\u015bci SMS lub stron internetowych. Mo\u017ce to by\u0107 wykorzystywane do zapisywania si\u0119 na wydarzenia i kursy lub do wysy\u0142ania ofert\/wiadomo\u015bci do okre\u015blonych grup u\u017cytkownik\u00f3w biblioteki. Funkcje te dzia\u0142aj\u0105 poza Cicero, ale s\u0105 do\u015b\u0107 \u0142atwe do zintegrowania z codzienn\u0105 praktyk\u0105. <a href=\"https:\/\/suresms.com\/pl\/kontakt\/\">Skontaktuj si\u0119 z nami, aby uzyska\u0107 wi\u0119cej informacji.\u00a0<\/a><\/p>\n<h3>Ostra cena - Prosta polityka cenowa<\/h3>\n<p>W SureSMS nie pobieramy op\u0142at instalacyjnych i nie p\u0142acisz abonamentu za rozwi\u0105zanie SMS dla Cicero. P\u0142acisz TYLKO za wys\u0142an\u0105 wiadomo\u015b\u0107.<\/p>\n<p><strong>Obecnie prowadzimy kampani\u0119 FBS, w kt\u00f3rej SMS-y mo\u017cna otrzyma\u0107 za 13 \u00f8re ka\u017cdy, je\u015bli zarejestrujesz si\u0119 w roku kalendarzowym 2020. <\/strong>Zarejestruj si\u0119 na tej stronie lub skontaktuj si\u0119 z nami, aby uzyska\u0107 wi\u0119cej informacji lub zarejestrowa\u0107 si\u0119 telefonicznie: +45 50 322 322 lub e-mailem: support@suresms.com.<\/p>\n<p>&nbsp;<\/p>\n<p>&nbsp;<\/p>\n\t\t<h4>Konfiguracja w 3 minuty!<\/h4>\n\t\t<p>Pobierz plik PDF z instrukcjami konfiguracji tutaj. Wykonaj 4 proste kroki, aby rozpocz\u0105\u0107 korzystanie z SMS-\u00f3w w Cicero.<\/p>\n\t\t\t<a href=\"https:\/\/l.facebook.com\/l.php?u=https%3A%2F%2Fwww.suresms.com%2Fdk%2Fwp-content%2Fuploads%2F2016%2F10%2FOpsaetning-af-Cicero-FBS.pdf&#038;h=6AQEfFVRd\" target=\"_self\">\n\t\t\t\t\t\t\tPobierz przewodnik\n\t\t\t\t\t<\/a>\n\t\t<h4>Utw\u00f3rz bezp\u0142atne konto pr\u00f3bne<\/h4>\n\t\t<p>Do przetestowania instalacji Cicero potrzebne jest konto SureSMS. Jest ono \u0142atwe do utworzenia i ca\u0142kowicie bezp\u0142atne. W ramach testu otrzymasz 50 wiadomo\u015bci SMS.<\/p>\n\t\t\t<a href=\"https:\/\/suresms.com\/pl\/darmowe-konto-testowe-sms\/\" target=\"_self\">\n\t\t\t\t\t\t\tUtw\u00f3rz konto pr\u00f3bne\n\t\t\t\t\t<\/a>\n\t\t\t<p><a href=\"http:\/\/www.rodskovforsamlingshus.dk\/\"><img loading=\"lazy\" decoding=\"async\" src=\"https:\/\/suresms.com\/wp-content\/uploads\/2015\/02\/REB-Rodskov1.jpg\" alt=\"REB Rodskov\" width=\"172\" height=\"87\" \/><\/a><\/p>\n<p>&nbsp;<\/p>\n<p><em>\"Zostali\u015bcie mi poleceni przez koleg\u0119, kt\u00f3ry r\u00f3wnie\u017c korzysta z waszego rozwi\u0105zania.\u00a0<\/em><\/p>\n<p>&nbsp;<\/p>\n<p><em>Zbada\u0142em i przetestowa\u0142em wiele innych rozwi\u0105za\u0144 SMS i twoje jest zdecydowanie najbardziej elastyczne i szybkie - w rozs\u0105dnej cenie. <\/em><\/p>\n<p>&nbsp;<\/p>\n<p><em>DZI\u0118KUJ\u0118 za doskona\u0142y produkt! Robi dok\u0142adnie to, czego potrzebuj\u0119 - super dobrze!\"<\/em><\/p>\n<p>&nbsp;<\/p>\n<p><strong>Michel Gorm, sekretarz<\/strong><\/p>\n<p>&nbsp;<\/p>\n<p><strong>Dom kultury Rodskov<\/strong><\/p>\n<p>&nbsp;<\/p>","protected":false},"excerpt":{"rendered":"<p>Nowe rozwi\u0105zanie SMS dla FBS Nowy system Cicero Shared Library System (FBS), opracowany we wsp\u00f3\u0142pracy firm Kombit i Systematic, jest obecnie wdra\u017cany w oko\u0142o 1500 bibliotekach publicznych i centrach edukacyjnych w ca\u0142ym kraju. SureSMS dostarcza dok\u0142adnie opracowane rozwi\u0105zanie SMS, w najlepszej jako\u015bci i w pe\u0142ni integrowalne z nowym systemem. Nasze rozwi\u0105zanie SMS spe\u0142nia wszystkie wymagania, standardy ... <a title=\"Rozwi\u0105zanie SMS dla FBS (Shared Library System)\" class=\"read-more\" href=\"https:\/\/suresms.com\/pl\/integrationer\/fagsystem-sms-integration\/sms-loesning-til-faelles-bibliotekssystem\/\" aria-label=\"Dowiedz si\u0119 wi\u0119cej o rozwi\u0105zaniu SMS dla FBS (Joint Library System)\">Dowiedz si\u0119 wi\u0119cej<\/a><\/p>","protected":false},"author":1,"featured_media":0,"parent":18069,"menu_order":0,"comment_status":"closed","ping_status":"closed","template":"","meta":{"_fl_builder_enabled":"1","_fl_builder_data":null,"_fl_builder_draft":null,"_fl_builder_data_settings":null,"_fl_builder_css":"","_fl_builder_css_version":"","_fl_builder_js":"","footnotes":""},"categories":[],"tags":[],"class_list":["post-3755","page","type-page","status-publish"],"yoast_head":"<!-- This site is optimized with the Yoast SEO Premium plugin v27.5 (Yoast SEO v27.5) - https:\/\/yoast.com\/product\/yoast-seo-premium-wordpress\/ -->\r\n<title>Fbs \u2192 Nem oprettelse og hurtige resultater med dette system<\/title>\r\n<meta name=\"description\" content=\"Find et nemt online system med SMS services og f\u00e5 hurtigt kontakt til dine kunder. Ny og effektiv SMS l\u00f8sning til fbs.\" \/>\r\n<meta name=\"robots\" content=\"index, follow, max-snippet:-1, max-image-preview:large, max-video-preview:-1\" \/>\r\n<link rel=\"canonical\" href=\"https:\/\/suresms.com\/pl\/integracje\/integracja-sms-z-systemem-tematycznym\/rozwiazanie-sms-dla-wspolnego-systemu-bibliotecznego\/\" \/>\r\n<meta property=\"og:locale\" content=\"pl_PL\" \/>\r\n<meta property=\"og:type\" content=\"article\" \/>\r\n<meta property=\"og:title\" content=\"SMS L\u00f8sning til F\u00e6lles Bibliotekssystem (FBS) Cicero\" \/>\r\n<meta property=\"og:description\" content=\"Lige nu udrulles Cicero (FBS) p\u00e5 folkebiblioteker og p\u00e6dagogiske l\u00e6ringscentre rundt omkring i landet. SureSMS leverer en kvalitets SMS l\u00f8sning fuldt integrerbar med det nye system. Nem ops\u00e6tning, gratis oprettelse og intet abonnement. 14 \u00f8re pr. SMS.\" \/>\r\n<meta property=\"og:url\" content=\"https:\/\/suresms.com\/pl\/integracje\/integracja-sms-z-systemem-tematycznym\/rozwiazanie-sms-dla-wspolnego-systemu-bibliotecznego\/\" \/>\r\n<meta property=\"article:publisher\" content=\"https:\/\/www.facebook.com\/p\/SureSMS-100044607956149\/\" \/>\r\n<meta property=\"article:modified_time\" content=\"2025-01-04T23:57:58+00:00\" \/>\r\n<meta property=\"og:image\" content=\"https:\/\/suresms.com\/wp-content\/uploads\/2016\/10\/SMS-Loesning-til-FBS-1.jpg\" \/>\r\n\t<meta property=\"og:image:width\" content=\"1200\" \/>\r\n\t<meta property=\"og:image:height\" content=\"600\" \/>\r\n\t<meta property=\"og:image:type\" content=\"image\/jpeg\" \/>\r\n<meta name=\"twitter:card\" content=\"summary_large_image\" \/>\r\n<meta name=\"twitter:title\" content=\"SMS l\u00f8sning til FBS (F\u00e6lles Bibliotekssystem)\" \/>\r\n<meta name=\"twitter:label1\" content=\"Szacowany czas czytania\" \/>\n\t<meta name=\"twitter:data1\" content=\"5 minut\" \/>\r\n<script type=\"application\/ld+json\" class=\"yoast-schema-graph\">{\"@context\":\"https:\\\/\\\/schema.org\",\"@graph\":[{\"@type\":\"WebPage\",\"@id\":\"https:\\\/\\\/suresms.com\\\/dk\\\/integrationer\\\/fagsystem-sms-integration\\\/sms-loesning-til-faelles-bibliotekssystem\\\/\",\"url\":\"https:\\\/\\\/suresms.com\\\/dk\\\/integrationer\\\/fagsystem-sms-integration\\\/sms-loesning-til-faelles-bibliotekssystem\\\/\",\"name\":\"Fbs \u2192 Nem oprettelse og hurtige resultater med dette system\",\"isPartOf\":{\"@id\":\"https:\\\/\\\/suresms.com\\\/en\\\/#website\"},\"primaryImageOfPage\":{\"@id\":\"https:\\\/\\\/suresms.com\\\/dk\\\/integrationer\\\/fagsystem-sms-integration\\\/sms-loesning-til-faelles-bibliotekssystem\\\/#primaryimage\"},\"image\":{\"@id\":\"https:\\\/\\\/suresms.com\\\/dk\\\/integrationer\\\/fagsystem-sms-integration\\\/sms-loesning-til-faelles-bibliotekssystem\\\/#primaryimage\"},\"thumbnailUrl\":\"https:\\\/\\\/suresms.com\\\/wp-content\\\/uploads\\\/2015\\\/02\\\/REB-Rodskov1.jpg\",\"datePublished\":\"2016-10-18T11:01:26+00:00\",\"dateModified\":\"2025-01-04T23:57:58+00:00\",\"description\":\"Find et nemt online system med SMS services og f\u00e5 hurtigt kontakt til dine kunder. Ny og effektiv SMS l\u00f8sning til fbs.\",\"breadcrumb\":{\"@id\":\"https:\\\/\\\/suresms.com\\\/dk\\\/integrationer\\\/fagsystem-sms-integration\\\/sms-loesning-til-faelles-bibliotekssystem\\\/#breadcrumb\"},\"inLanguage\":\"pl-PL\",\"potentialAction\":[{\"@type\":\"ReadAction\",\"target\":[\"https:\\\/\\\/suresms.com\\\/dk\\\/integrationer\\\/fagsystem-sms-integration\\\/sms-loesning-til-faelles-bibliotekssystem\\\/\"]}]},{\"@type\":\"ImageObject\",\"inLanguage\":\"pl-PL\",\"@id\":\"https:\\\/\\\/suresms.com\\\/dk\\\/integrationer\\\/fagsystem-sms-integration\\\/sms-loesning-til-faelles-bibliotekssystem\\\/#primaryimage\",\"url\":\"https:\\\/\\\/suresms.com\\\/wp-content\\\/uploads\\\/2015\\\/02\\\/REB-Rodskov1.jpg\",\"contentUrl\":\"https:\\\/\\\/suresms.com\\\/wp-content\\\/uploads\\\/2015\\\/02\\\/REB-Rodskov1.jpg\"},{\"@type\":\"BreadcrumbList\",\"@id\":\"https:\\\/\\\/suresms.com\\\/dk\\\/integrationer\\\/fagsystem-sms-integration\\\/sms-loesning-til-faelles-bibliotekssystem\\\/#breadcrumb\",\"itemListElement\":[{\"@type\":\"ListItem\",\"position\":1,\"name\":\"Home\",\"item\":\"https:\\\/\\\/suresms.com\\\/dk\\\/\"},{\"@type\":\"ListItem\",\"position\":2,\"name\":\"Integrationer\",\"item\":\"https:\\\/\\\/suresms.com\\\/dk\\\/integrationer\\\/\"},{\"@type\":\"ListItem\",\"position\":3,\"name\":\"SMS integration til fagsystemer\",\"item\":\"https:\\\/\\\/suresms.com\\\/dk\\\/integrationer\\\/fagsystem-sms-integration\\\/\"},{\"@type\":\"ListItem\",\"position\":4,\"name\":\"SMS l\u00f8sning til FBS (F\u00e6lles Bibliotekssystem)\"}]},{\"@type\":\"WebSite\",\"@id\":\"https:\\\/\\\/suresms.com\\\/en\\\/#website\",\"url\":\"https:\\\/\\\/suresms.com\\\/en\\\/\",\"name\":\"SureSMS\",\"description\":\"Professionel SMS Gateway\",\"publisher\":{\"@id\":\"https:\\\/\\\/suresms.com\\\/en\\\/#organization\"},\"potentialAction\":[{\"@type\":\"SearchAction\",\"target\":{\"@type\":\"EntryPoint\",\"urlTemplate\":\"https:\\\/\\\/suresms.com\\\/en\\\/?s={search_term_string}\"},\"query-input\":{\"@type\":\"PropertyValueSpecification\",\"valueRequired\":true,\"valueName\":\"search_term_string\"}}],\"inLanguage\":\"pl-PL\"},{\"@type\":\"Organization\",\"@id\":\"https:\\\/\\\/suresms.com\\\/en\\\/#organization\",\"name\":\"SureSMS\",\"url\":\"https:\\\/\\\/suresms.com\\\/en\\\/\",\"logo\":{\"@type\":\"ImageObject\",\"inLanguage\":\"pl-PL\",\"@id\":\"https:\\\/\\\/suresms.com\\\/en\\\/#\\\/schema\\\/logo\\\/image\\\/\",\"url\":\"https:\\\/\\\/suresms.com\\\/wp-content\\\/uploads\\\/2024\\\/11\\\/suresms-300x65-1.png\",\"contentUrl\":\"https:\\\/\\\/suresms.com\\\/wp-content\\\/uploads\\\/2024\\\/11\\\/suresms-300x65-1.png\",\"width\":300,\"height\":65,\"caption\":\"SureSMS\"},\"image\":{\"@id\":\"https:\\\/\\\/suresms.com\\\/en\\\/#\\\/schema\\\/logo\\\/image\\\/\"},\"sameAs\":[\"https:\\\/\\\/www.facebook.com\\\/p\\\/SureSMS-100044607956149\\\/\"]}]}<\/script>\r\n<!-- \/ Yoast SEO Premium plugin. -->","yoast_head_json":{"title":"Fbs \u2192 \u0141atwe tworzenie i szybkie wyniki dzi\u0119ki temu systemowi","description":"Znajd\u017a \u0142atwy system online z us\u0142ugami SMS i szybko \u0142\u0105cz si\u0119 ze swoimi klientami. Nowe i wydajne rozwi\u0105zanie SMS dla fbs.","robots":{"index":"index","follow":"follow","max-snippet":"max-snippet:-1","max-image-preview":"max-image-preview:large","max-video-preview":"max-video-preview:-1"},"canonical":"https:\/\/suresms.com\/pl\/integracje\/integracja-sms-z-systemem-tematycznym\/rozwiazanie-sms-dla-wspolnego-systemu-bibliotecznego\/","og_locale":"pl_PL","og_type":"article","og_title":"SMS L\u00f8sning til F\u00e6lles Bibliotekssystem (FBS) Cicero","og_description":"Lige nu udrulles Cicero (FBS) p\u00e5 folkebiblioteker og p\u00e6dagogiske l\u00e6ringscentre rundt omkring i landet. SureSMS leverer en kvalitets SMS l\u00f8sning fuldt integrerbar med det nye system. Nem ops\u00e6tning, gratis oprettelse og intet abonnement. 14 \u00f8re pr. SMS.","og_url":"https:\/\/suresms.com\/pl\/integracje\/integracja-sms-z-systemem-tematycznym\/rozwiazanie-sms-dla-wspolnego-systemu-bibliotecznego\/","article_publisher":"https:\/\/www.facebook.com\/p\/SureSMS-100044607956149\/","article_modified_time":"2025-01-04T23:57:58+00:00","og_image":[{"width":1200,"height":600,"url":"https:\/\/suresms.com\/wp-content\/uploads\/2016\/10\/SMS-Loesning-til-FBS-1.jpg","type":"image\/jpeg"}],"twitter_card":"summary_large_image","twitter_title":"SMS l\u00f8sning til FBS (F\u00e6lles Bibliotekssystem)","twitter_misc":{"Szacowany czas czytania":"5 minut"},"schema":{"@context":"https:\/\/schema.org","@graph":[{"@type":"WebPage","@id":"https:\/\/suresms.com\/dk\/integrationer\/fagsystem-sms-integration\/sms-loesning-til-faelles-bibliotekssystem\/","url":"https:\/\/suresms.com\/dk\/integrationer\/fagsystem-sms-integration\/sms-loesning-til-faelles-bibliotekssystem\/","name":"Fbs \u2192 \u0141atwe tworzenie i szybkie wyniki dzi\u0119ki temu systemowi","isPartOf":{"@id":"https:\/\/suresms.com\/en\/#website"},"primaryImageOfPage":{"@id":"https:\/\/suresms.com\/dk\/integrationer\/fagsystem-sms-integration\/sms-loesning-til-faelles-bibliotekssystem\/#primaryimage"},"image":{"@id":"https:\/\/suresms.com\/dk\/integrationer\/fagsystem-sms-integration\/sms-loesning-til-faelles-bibliotekssystem\/#primaryimage"},"thumbnailUrl":"https:\/\/suresms.com\/wp-content\/uploads\/2015\/02\/REB-Rodskov1.jpg","datePublished":"2016-10-18T11:01:26+00:00","dateModified":"2025-01-04T23:57:58+00:00","description":"Znajd\u017a \u0142atwy system online z us\u0142ugami SMS i szybko \u0142\u0105cz si\u0119 ze swoimi klientami. Nowe i wydajne rozwi\u0105zanie SMS dla fbs.","breadcrumb":{"@id":"https:\/\/suresms.com\/dk\/integrationer\/fagsystem-sms-integration\/sms-loesning-til-faelles-bibliotekssystem\/#breadcrumb"},"inLanguage":"pl-PL","potentialAction":[{"@type":"ReadAction","target":["https:\/\/suresms.com\/dk\/integrationer\/fagsystem-sms-integration\/sms-loesning-til-faelles-bibliotekssystem\/"]}]},{"@type":"ImageObject","inLanguage":"pl-PL","@id":"https:\/\/suresms.com\/dk\/integrationer\/fagsystem-sms-integration\/sms-loesning-til-faelles-bibliotekssystem\/#primaryimage","url":"https:\/\/suresms.com\/wp-content\/uploads\/2015\/02\/REB-Rodskov1.jpg","contentUrl":"https:\/\/suresms.com\/wp-content\/uploads\/2015\/02\/REB-Rodskov1.jpg"},{"@type":"BreadcrumbList","@id":"https:\/\/suresms.com\/dk\/integrationer\/fagsystem-sms-integration\/sms-loesning-til-faelles-bibliotekssystem\/#breadcrumb","itemListElement":[{"@type":"ListItem","position":1,"name":"Home","item":"https:\/\/suresms.com\/dk\/"},{"@type":"ListItem","position":2,"name":"Integrationer","item":"https:\/\/suresms.com\/dk\/integrationer\/"},{"@type":"ListItem","position":3,"name":"SMS integration til fagsystemer","item":"https:\/\/suresms.com\/dk\/integrationer\/fagsystem-sms-integration\/"},{"@type":"ListItem","position":4,"name":"SMS l\u00f8sning til FBS (F\u00e6lles Bibliotekssystem)"}]},{"@type":"WebSite","@id":"https:\/\/suresms.com\/en\/#website","url":"https:\/\/suresms.com\/en\/","name":"SureSMS","description":"Profesjonalna bramka SMS","publisher":{"@id":"https:\/\/suresms.com\/en\/#organization"},"potentialAction":[{"@type":"SearchAction","target":{"@type":"EntryPoint","urlTemplate":"https:\/\/suresms.com\/en\/?s={search_term_string}"},"query-input":{"@type":"PropertyValueSpecification","valueRequired":true,"valueName":"search_term_string"}}],"inLanguage":"pl-PL"},{"@type":"Organization","@id":"https:\/\/suresms.com\/en\/#organization","name":"SureSMS","url":"https:\/\/suresms.com\/en\/","logo":{"@type":"ImageObject","inLanguage":"pl-PL","@id":"https:\/\/suresms.com\/en\/#\/schema\/logo\/image\/","url":"https:\/\/suresms.com\/wp-content\/uploads\/2024\/11\/suresms-300x65-1.png","contentUrl":"https:\/\/suresms.com\/wp-content\/uploads\/2024\/11\/suresms-300x65-1.png","width":300,"height":65,"caption":"SureSMS"},"image":{"@id":"https:\/\/suresms.com\/en\/#\/schema\/logo\/image\/"},"sameAs":["https:\/\/www.facebook.com\/p\/SureSMS-100044607956149\/"]}]}},"_links":{"self":[{"href":"https:\/\/suresms.com\/pl\/wp-json\/wp\/v2\/pages\/3755","targetHints":{"allow":["GET"]}}],"collection":[{"href":"https:\/\/suresms.com\/pl\/wp-json\/wp\/v2\/pages"}],"about":[{"href":"https:\/\/suresms.com\/pl\/wp-json\/wp\/v2\/types\/page"}],"author":[{"embeddable":true,"href":"https:\/\/suresms.com\/pl\/wp-json\/wp\/v2\/users\/1"}],"replies":[{"embeddable":true,"href":"https:\/\/suresms.com\/pl\/wp-json\/wp\/v2\/comments?post=3755"}],"version-history":[{"count":6,"href":"https:\/\/suresms.com\/pl\/wp-json\/wp\/v2\/pages\/3755\/revisions"}],"predecessor-version":[{"id":21033,"href":"https:\/\/suresms.com\/pl\/wp-json\/wp\/v2\/pages\/3755\/revisions\/21033"}],"up":[{"embeddable":true,"href":"https:\/\/suresms.com\/pl\/wp-json\/wp\/v2\/pages\/18069"}],"wp:attachment":[{"href":"https:\/\/suresms.com\/pl\/wp-json\/wp\/v2\/media?parent=3755"}],"wp:term":[{"taxonomy":"category","embeddable":true,"href":"https:\/\/suresms.com\/pl\/wp-json\/wp\/v2\/categories?post=3755"},{"taxonomy":"post_tag","embeddable":true,"href":"https:\/\/suresms.com\/pl\/wp-json\/wp\/v2\/tags?post=3755"}],"curies":[{"name":"wp","href":"https:\/\/api.w.org\/{rel}","templated":true}]}}