{"id":333,"date":"2014-09-03T11:24:20","date_gmt":"2014-09-03T09:24:20","guid":{"rendered":"http:\/\/da.suresms.com\/?page_id=333"},"modified":"2026-04-02T18:24:03","modified_gmt":"2026-04-02T18:24:03","slug":"ceny-bramek-sms","status":"publish","type":"page","link":"https:\/\/suresms.com\/pl\/om-suresms\/sms-gateway-priser\/","title":{"rendered":"Ceny bramek SMS"},"content":{"rendered":"<h1>Ceny bramek SMS!<\/h1>\n\t\t\t\t\t<h2>Bramka SMS<\/h2> 0,- miesi\u0119cznie<ul role=\"list\"><li role=\"listitem\">31 \u00f8re za SMS (bez VAT)<\/li><li role=\"listitem\">Bezp\u0142atne tworzenie<\/li><li role=\"listitem\">0,- kr w subskrypcji<\/li><li role=\"listitem\">Bez wi\u0105zania<\/li><li role=\"listitem\">Bezp\u0142atne fakturowanie<\/li><li role=\"listitem\">Plakaty CPR za 2 \u00f8re ka\u017cdy.<\/li><\/ul>\n\t\t\t<a href=\"https:\/\/suresms.com\/pl\/utworz-konto-bramki-sms\/\"  target=\"_self\">\n\t\t\t\t\t\tUtw\u00f3rz konto\n\t\t\t\t\t<\/a>\n\t\t\t\t\t<h2>2-kierunkowe numery VLN<\/h2> 99,- miesi\u0119cznie<ul role=\"list\"><li role=\"listitem\">31 \u00f8re za SMS (bez VAT)<\/li><li role=\"listitem\">Bezp\u0142atne tworzenie<\/li><li role=\"listitem\">99,- w subskrypcji<\/li><li role=\"listitem\">Zobowi\u0105zanie na 6 miesi\u0119cy<\/li><li role=\"listitem\">Bezp\u0142atne fakturowanie<\/li><li role=\"listitem\">Odbieraj SMS-y za darmo<\/li><\/ul>\n\t\t\t<a href=\"https:\/\/suresms.com\/pl\/zamow-rozladunek-w-2-kierunkach\/\"  target=\"_self\">\n\t\t\t\t\t\tKup numer VLN\n\t\t\t\t\t<\/a>\n\t\t\t\t\t<h2>2-kierunkowy - hostowana karta SIM <\/h2> 199,- miesi\u0119cznie<ul role=\"list\"><li role=\"listitem\">31 \u00f8re za SMS (bez VAT)<\/li><li role=\"listitem\">Bezp\u0142atne tworzenie<\/li><li role=\"listitem\">199,- w subskrypcji<\/li><li role=\"listitem\">Zobowi\u0105zanie na 6 miesi\u0119cy<\/li><li role=\"listitem\">Bezp\u0142atne fakturowanie<\/li><li role=\"listitem\">Odbieraj SMS-y za darmo<\/li><\/ul>\n\t\t\t<a href=\"https:\/\/suresms.com\/pl\/zamow-rozladunek-w-2-kierunkach\/\"  target=\"_self\">\n\t\t\t\t\t\tKup hostowan\u0105 kart\u0119 SIM\n\t\t\t\t\t<\/a>\n\t\t\t\t\t<h2>Seria 2-kierunkowa<\/h2> maks. 49,- miesi\u0119cznie<ul role=\"list\"><li role=\"listitem\">Skontaktuj si\u0119 z nami, aby uzyska\u0107 ceny<\/li><li role=\"listitem\">Bezp\u0142atne tworzenie<\/li><li role=\"listitem\">maks. 49,- w zale\u017cno\u015bci od g\u0142o\u015bno\u015bci <\/li><li role=\"listitem\">Zobowi\u0105zanie na 6 miesi\u0119cy<\/li><li role=\"listitem\">Bezp\u0142atne fakturowanie<\/li><li role=\"listitem\">przy min. 10 numerach<\/li><\/ul>\n\t\t\t<a href=\"https:\/\/suresms.com\/pl\/kontakt\/\"  target=\"_self\">\n\t\t\t\t\t\tSkontaktuj si\u0119 z nami \n\t\t\t\t\t<\/a>\n\t<p><strong>Cena SMS-a jest taka sama i p\u0142acisz za ka\u017cd\u0105 wys\u0142an\u0105 wiadomo\u015b\u0107, nawet je\u015bli telefon odbiorcy jest wy\u0142\u0105czony, poza zasi\u0119giem lub numer nie zosta\u0142 znaleziony!<\/strong><\/p>\n<p><strong>Dzi\u0119ki hostowanej karcie SIM NIE p\u0142acisz za wychodz\u0105ce wiadomo\u015bci tekstowe do swojego operatora telefonicznego, nawet je\u015bli mamy Twoj\u0105 kart\u0119 SIM w telefonie. P\u0142acisz tylko nam i jest to 28 \u00f8re za SMS. Wszystkie cztery du\u0144skie firmy telekomunikacyjne okre\u015blaj\u0105 w swoich warunkach, \u017ce NIE wolno wysy\u0142a\u0107 tak zwanych \"generowanych maszynowo\" wiadomo\u015bci SMS za pomoc\u0105 karty SIM. Dlatego te\u017c wysy\u0142anie wiadomo\u015bci SMS przez bramki SMS za po\u015brednictwem karty SIM stanowi\u0142oby naruszenie warunk\u00f3w firm telekomunikacyjnych. Dlatego dostarczamy wiadomo\u015b\u0107 SMS za po\u015brednictwem naszego bezpo\u015bredniego po\u0142\u0105czenia z firm\u0105 telekomunikacyjn\u0105, ale otrzymujemy odpowied\u017a na karcie SIM.<\/strong><\/p>\n\t<h3>O naszych rozwi\u0105zaniach 2-kierunkowych<\/h3>\n<p>Je\u015bli chcesz otrzymywa\u0107 odpowiedzi zwrotne na wiadomo\u015bci SMS, potrzebujesz rozwi\u0105zania dwukierunkowego. Na przyk\u0142ad klienci, kt\u00f3rzy mog\u0105 odpowiada\u0107 na pytania lub w przypadku korzystania z wiadomo\u015bci SMS generowanych maszynowo, np. u\u017cywanych do nadzoru. Rozwi\u0105zanie dwukierunkowe NIE jest cz\u0119\u015bci\u0105 naszej bezp\u0142atnej bramki SMS.<\/p>\n<p>Otrzymywane wiadomo\u015bci SMS s\u0105 cz\u0119\u015bci\u0105 subskrypcji (bezp\u0142atnie) i nie ma op\u0142aty instalacyjnej. Rozwi\u0105zanie dwukierunkowe ma 6-miesi\u0119czne zobowi\u0105zanie, kt\u00f3re mo\u017cna anulowa\u0107 z 1-miesi\u0119cznym okresem wypowiedzenia. Cena jest nadal taka sama za ka\u017cd\u0105 wys\u0142an\u0105 wiadomo\u015b\u0107 SMS.\u00a0<a title=\"2-kierunkowe wiadomo\u015bci SMS, odbieranie wiadomo\u015bci SMS na komputerze\" href=\"https:\/\/suresms.com\/pl\/cechy\/odbieranie-wiadomosci-tekstowych-na-komputerze\/\">Przeczytaj wi\u0119cej o naszym rozwi\u0105zaniu 2-way TUTAJ!<\/a><\/p>\n\t\t<h3><a href=\"https:\/\/suresms.com\/pl\/darmowe-konto-testowe-sms\/\" target=\"_self\">Utw\u00f3rz darmowe konto pr\u00f3bne TERAZ!<\/a><\/h3><p>Mo\u017cesz utworzy\u0107 konto za darmo, aby przetestowa\u0107 nasz system przed zakupem. Kliknij link i od razu otrzymaj konto testowe z 50 darmowymi SMS-ami. Nie musisz wprowadza\u0107 \u017cadnych szczeg\u00f3\u0142\u00f3w p\u0142atno\u015bci, aby otworzy\u0107 konto testowe, jest to us\u0142uga SureSMS dla Ciebie bez \u017cadnych koszt\u00f3w finansowych ani zobowi\u0105za\u0144.<\/p>\n<p>Ze wzgl\u0119d\u00f3w bezpiecze\u0144stwa sprawdzamy ka\u017cde konto r\u0119cznie i czasami mo\u017ce wyst\u0105pi\u0107 kr\u00f3tki czas oczekiwania. Prosimy o wyrozumia\u0142o\u015b\u0107.<\/p>\n\t<figure itemscope itemtype=\"https:\/\/schema.org\/ImageObject\">\n\t\t\t\t<a href=\"https:\/\/suresms.com\/pl\/darmowe-konto-testowe-sms\/\"  target=\"_self\" itemprop=\"url\">\n\t\t\t\t<img decoding=\"async\" src=\"https:\/\/suresms.com\/wp-content\/uploads\/2014\/09\/test320-x243.jpg\" alt=\"utw\u00f3rz darmowe konto pr\u00f3bne sure sms bramka sms za darmo -100 darmowych sms\u00f3w\" height=\"243\" width=\"320\" title=\"test320 x243\" onerror=\"this.style.display='none'\" loading=\"lazy\" \/>\n\t\t\t\t<\/a>\n\t<\/figure>","protected":false},"excerpt":{"rendered":"<p>Ceny bramek SMS! Bramka SMS 0,- miesi\u0119cznie 31 \u00f8re za SMS (bez VAT) Bezp\u0142atne utworzenie 0,- w abonamencie Bez zobowi\u0105za\u0144 Bezp\u0142atne rozliczenia Wyszukiwanie CPR po 2 \u00f8re za utworzenie konta 2-kierunkowe numery VLN 99,- miesi\u0119cznie 31 \u00f8re za SMS (bez VAT) Bezp\u0142atne utworzenie 99,- w abonamencie 6 miesi\u0119cy zobowi\u0105za\u0144 Bezp\u0142atne rozliczenia ... <a title=\"Ceny bramek SMS\" class=\"read-more\" href=\"https:\/\/suresms.com\/pl\/om-suresms\/sms-gateway-priser\/\" aria-label=\"Dowiedz si\u0119 wi\u0119cej o cenach bramek SMS\">Dowiedz si\u0119 wi\u0119cej<\/a><\/p>","protected":false},"author":1,"featured_media":0,"parent":18594,"menu_order":4,"comment_status":"closed","ping_status":"closed","template":"","meta":{"_fl_builder_enabled":"1","_fl_builder_data":null,"_fl_builder_draft":null,"_fl_builder_data_settings":null,"_fl_builder_css":"","_fl_builder_css_version":"","_fl_builder_js":"","footnotes":""},"categories":[],"tags":[],"class_list":["post-333","page","type-page","status-publish"],"yoast_head":"<!-- This site is optimized with the Yoast SEO Premium plugin v27.3 (Yoast SEO v27.3) - https:\/\/yoast.com\/product\/yoast-seo-premium-wordpress\/ -->\r\n<title>SMS gateway priser | Se priserne og Opret en gratis testkonto<\/title>\r\n<meta name=\"description\" content=\"Vi tilbyder Danmarks bedste SMS gateway priser. Ingen oprettelse. Intet abonnement. 18 \u00f8re pr. SMS til Danmark. Gratis test konto allerede i dag. Signup!\" \/>\r\n<meta name=\"robots\" content=\"index, follow, max-snippet:-1, max-image-preview:large, max-video-preview:-1\" \/>\r\n<link rel=\"canonical\" href=\"https:\/\/suresms.com\/pl\/o-suresms\/ceny-bramek-sms\/\" \/>\r\n<meta property=\"og:locale\" content=\"pl_PL\" \/>\r\n<meta property=\"og:type\" content=\"article\" \/>\r\n<meta property=\"og:title\" content=\"SMS gateway priser\" \/>\r\n<meta property=\"og:description\" content=\"Vi tilbyder Danmarks bedste SMS gateway priser. Ingen oprettelse. Intet abonnement. 18 \u00f8re pr. SMS til Danmark. Gratis test konto allerede i dag. Signup!\" \/>\r\n<meta property=\"og:url\" content=\"https:\/\/suresms.com\/pl\/o-suresms\/ceny-bramek-sms\/\" \/>\r\n<meta property=\"article:publisher\" content=\"https:\/\/www.facebook.com\/p\/SureSMS-100044607956149\/\" \/>\r\n<meta property=\"article:modified_time\" content=\"2026-04-02T18:24:03+00:00\" \/>\r\n<meta property=\"og:image\" content=\"https:\/\/suresms.com\/wp-content\/uploads\/2014\/09\/test320-x243.jpg\" \/>\r\n<meta name=\"twitter:card\" content=\"summary_large_image\" \/>\r\n<meta name=\"twitter:label1\" content=\"Szacowany czas czytania\" \/>\n\t<meta name=\"twitter:data1\" content=\"3 minuty\" \/>\r\n<script type=\"application\/ld+json\" class=\"yoast-schema-graph\">{\"@context\":\"https:\\\/\\\/schema.org\",\"@graph\":[{\"@type\":\"WebPage\",\"@id\":\"https:\\\/\\\/suresms.com\\\/dk\\\/om-suresms\\\/sms-gateway-priser\\\/\",\"url\":\"https:\\\/\\\/suresms.com\\\/dk\\\/om-suresms\\\/sms-gateway-priser\\\/\",\"name\":\"SMS gateway priser | Se priserne og Opret en gratis testkonto\",\"isPartOf\":{\"@id\":\"https:\\\/\\\/suresms.com\\\/en\\\/#website\"},\"primaryImageOfPage\":{\"@id\":\"https:\\\/\\\/suresms.com\\\/dk\\\/om-suresms\\\/sms-gateway-priser\\\/#primaryimage\"},\"image\":{\"@id\":\"https:\\\/\\\/suresms.com\\\/dk\\\/om-suresms\\\/sms-gateway-priser\\\/#primaryimage\"},\"thumbnailUrl\":\"https:\\\/\\\/suresms.com\\\/wp-content\\\/uploads\\\/2014\\\/09\\\/test320-x243.jpg\",\"datePublished\":\"2014-09-03T09:24:20+00:00\",\"dateModified\":\"2026-04-02T18:24:03+00:00\",\"description\":\"Vi tilbyder Danmarks bedste SMS gateway priser. Ingen oprettelse. Intet abonnement. 18 \u00f8re pr. SMS til Danmark. Gratis test konto allerede i dag. Signup!\",\"breadcrumb\":{\"@id\":\"https:\\\/\\\/suresms.com\\\/dk\\\/om-suresms\\\/sms-gateway-priser\\\/#breadcrumb\"},\"inLanguage\":\"pl-PL\",\"potentialAction\":[{\"@type\":\"ReadAction\",\"target\":[\"https:\\\/\\\/suresms.com\\\/dk\\\/om-suresms\\\/sms-gateway-priser\\\/\"]}]},{\"@type\":\"ImageObject\",\"inLanguage\":\"pl-PL\",\"@id\":\"https:\\\/\\\/suresms.com\\\/dk\\\/om-suresms\\\/sms-gateway-priser\\\/#primaryimage\",\"url\":\"https:\\\/\\\/suresms.com\\\/wp-content\\\/uploads\\\/2014\\\/09\\\/test320-x243.jpg\",\"contentUrl\":\"https:\\\/\\\/suresms.com\\\/wp-content\\\/uploads\\\/2014\\\/09\\\/test320-x243.jpg\"},{\"@type\":\"BreadcrumbList\",\"@id\":\"https:\\\/\\\/suresms.com\\\/dk\\\/om-suresms\\\/sms-gateway-priser\\\/#breadcrumb\",\"itemListElement\":[{\"@type\":\"ListItem\",\"position\":1,\"name\":\"Home\",\"item\":\"https:\\\/\\\/suresms.com\\\/dk\\\/\"},{\"@type\":\"ListItem\",\"position\":2,\"name\":\"Om SureSMS\",\"item\":\"https:\\\/\\\/suresms.com\\\/dk\\\/om-suresms\\\/\"},{\"@type\":\"ListItem\",\"position\":3,\"name\":\"SMS gateway priser\"}]},{\"@type\":\"WebSite\",\"@id\":\"https:\\\/\\\/suresms.com\\\/en\\\/#website\",\"url\":\"https:\\\/\\\/suresms.com\\\/en\\\/\",\"name\":\"SureSMS\",\"description\":\"Professionel SMS Gateway\",\"publisher\":{\"@id\":\"https:\\\/\\\/suresms.com\\\/en\\\/#organization\"},\"potentialAction\":[{\"@type\":\"SearchAction\",\"target\":{\"@type\":\"EntryPoint\",\"urlTemplate\":\"https:\\\/\\\/suresms.com\\\/en\\\/?s={search_term_string}\"},\"query-input\":{\"@type\":\"PropertyValueSpecification\",\"valueRequired\":true,\"valueName\":\"search_term_string\"}}],\"inLanguage\":\"pl-PL\"},{\"@type\":\"Organization\",\"@id\":\"https:\\\/\\\/suresms.com\\\/en\\\/#organization\",\"name\":\"SureSMS\",\"url\":\"https:\\\/\\\/suresms.com\\\/en\\\/\",\"logo\":{\"@type\":\"ImageObject\",\"inLanguage\":\"pl-PL\",\"@id\":\"https:\\\/\\\/suresms.com\\\/en\\\/#\\\/schema\\\/logo\\\/image\\\/\",\"url\":\"https:\\\/\\\/suresms.com\\\/wp-content\\\/uploads\\\/2024\\\/11\\\/suresms-300x65-1.png\",\"contentUrl\":\"https:\\\/\\\/suresms.com\\\/wp-content\\\/uploads\\\/2024\\\/11\\\/suresms-300x65-1.png\",\"width\":300,\"height\":65,\"caption\":\"SureSMS\"},\"image\":{\"@id\":\"https:\\\/\\\/suresms.com\\\/en\\\/#\\\/schema\\\/logo\\\/image\\\/\"},\"sameAs\":[\"https:\\\/\\\/www.facebook.com\\\/p\\\/SureSMS-100044607956149\\\/\"]}]}<\/script>\r\n<!-- \/ Yoast SEO Premium plugin. -->","yoast_head_json":{"title":"Ceny bramek SMS | Zobacz ceny i utw\u00f3rz bezp\u0142atne konto pr\u00f3bne","description":"Oferujemy najlepsze ceny bramek SMS w Danii. Bez konfiguracji. Bez subskrypcji. 18 \u00f8re za SMS do Danii. Darmowe konto pr\u00f3bne ju\u017c dzi\u015b. Zarejestruj si\u0119!","robots":{"index":"index","follow":"follow","max-snippet":"max-snippet:-1","max-image-preview":"max-image-preview:large","max-video-preview":"max-video-preview:-1"},"canonical":"https:\/\/suresms.com\/pl\/o-suresms\/ceny-bramek-sms\/","og_locale":"pl_PL","og_type":"article","og_title":"SMS gateway priser","og_description":"Vi tilbyder Danmarks bedste SMS gateway priser. Ingen oprettelse. Intet abonnement. 18 \u00f8re pr. SMS til Danmark. Gratis test konto allerede i dag. Signup!","og_url":"https:\/\/suresms.com\/pl\/o-suresms\/ceny-bramek-sms\/","article_publisher":"https:\/\/www.facebook.com\/p\/SureSMS-100044607956149\/","article_modified_time":"2026-04-02T18:24:03+00:00","og_image":[{"url":"https:\/\/suresms.com\/wp-content\/uploads\/2014\/09\/test320-x243.jpg","type":"","width":"","height":""}],"twitter_card":"summary_large_image","twitter_misc":{"Szacowany czas czytania":"3 minuty"},"schema":{"@context":"https:\/\/schema.org","@graph":[{"@type":"WebPage","@id":"https:\/\/suresms.com\/dk\/om-suresms\/sms-gateway-priser\/","url":"https:\/\/suresms.com\/dk\/om-suresms\/sms-gateway-priser\/","name":"Ceny bramek SMS | Zobacz ceny i utw\u00f3rz bezp\u0142atne konto pr\u00f3bne","isPartOf":{"@id":"https:\/\/suresms.com\/en\/#website"},"primaryImageOfPage":{"@id":"https:\/\/suresms.com\/dk\/om-suresms\/sms-gateway-priser\/#primaryimage"},"image":{"@id":"https:\/\/suresms.com\/dk\/om-suresms\/sms-gateway-priser\/#primaryimage"},"thumbnailUrl":"https:\/\/suresms.com\/wp-content\/uploads\/2014\/09\/test320-x243.jpg","datePublished":"2014-09-03T09:24:20+00:00","dateModified":"2026-04-02T18:24:03+00:00","description":"Oferujemy najlepsze ceny bramek SMS w Danii. Bez konfiguracji. Bez subskrypcji. 18 \u00f8re za SMS do Danii. Darmowe konto pr\u00f3bne ju\u017c dzi\u015b. Zarejestruj si\u0119!","breadcrumb":{"@id":"https:\/\/suresms.com\/dk\/om-suresms\/sms-gateway-priser\/#breadcrumb"},"inLanguage":"pl-PL","potentialAction":[{"@type":"ReadAction","target":["https:\/\/suresms.com\/dk\/om-suresms\/sms-gateway-priser\/"]}]},{"@type":"ImageObject","inLanguage":"pl-PL","@id":"https:\/\/suresms.com\/dk\/om-suresms\/sms-gateway-priser\/#primaryimage","url":"https:\/\/suresms.com\/wp-content\/uploads\/2014\/09\/test320-x243.jpg","contentUrl":"https:\/\/suresms.com\/wp-content\/uploads\/2014\/09\/test320-x243.jpg"},{"@type":"BreadcrumbList","@id":"https:\/\/suresms.com\/dk\/om-suresms\/sms-gateway-priser\/#breadcrumb","itemListElement":[{"@type":"ListItem","position":1,"name":"Home","item":"https:\/\/suresms.com\/dk\/"},{"@type":"ListItem","position":2,"name":"Om SureSMS","item":"https:\/\/suresms.com\/dk\/om-suresms\/"},{"@type":"ListItem","position":3,"name":"SMS gateway priser"}]},{"@type":"WebSite","@id":"https:\/\/suresms.com\/en\/#website","url":"https:\/\/suresms.com\/en\/","name":"SureSMS","description":"Profesjonalna bramka SMS","publisher":{"@id":"https:\/\/suresms.com\/en\/#organization"},"potentialAction":[{"@type":"SearchAction","target":{"@type":"EntryPoint","urlTemplate":"https:\/\/suresms.com\/en\/?s={search_term_string}"},"query-input":{"@type":"PropertyValueSpecification","valueRequired":true,"valueName":"search_term_string"}}],"inLanguage":"pl-PL"},{"@type":"Organization","@id":"https:\/\/suresms.com\/en\/#organization","name":"SureSMS","url":"https:\/\/suresms.com\/en\/","logo":{"@type":"ImageObject","inLanguage":"pl-PL","@id":"https:\/\/suresms.com\/en\/#\/schema\/logo\/image\/","url":"https:\/\/suresms.com\/wp-content\/uploads\/2024\/11\/suresms-300x65-1.png","contentUrl":"https:\/\/suresms.com\/wp-content\/uploads\/2024\/11\/suresms-300x65-1.png","width":300,"height":65,"caption":"SureSMS"},"image":{"@id":"https:\/\/suresms.com\/en\/#\/schema\/logo\/image\/"},"sameAs":["https:\/\/www.facebook.com\/p\/SureSMS-100044607956149\/"]}]}},"_links":{"self":[{"href":"https:\/\/suresms.com\/pl\/wp-json\/wp\/v2\/pages\/333","targetHints":{"allow":["GET"]}}],"collection":[{"href":"https:\/\/suresms.com\/pl\/wp-json\/wp\/v2\/pages"}],"about":[{"href":"https:\/\/suresms.com\/pl\/wp-json\/wp\/v2\/types\/page"}],"author":[{"embeddable":true,"href":"https:\/\/suresms.com\/pl\/wp-json\/wp\/v2\/users\/1"}],"replies":[{"embeddable":true,"href":"https:\/\/suresms.com\/pl\/wp-json\/wp\/v2\/comments?post=333"}],"version-history":[{"count":8,"href":"https:\/\/suresms.com\/pl\/wp-json\/wp\/v2\/pages\/333\/revisions"}],"predecessor-version":[{"id":23891,"href":"https:\/\/suresms.com\/pl\/wp-json\/wp\/v2\/pages\/333\/revisions\/23891"}],"up":[{"embeddable":true,"href":"https:\/\/suresms.com\/pl\/wp-json\/wp\/v2\/pages\/18594"}],"wp:attachment":[{"href":"https:\/\/suresms.com\/pl\/wp-json\/wp\/v2\/media?parent=333"}],"wp:term":[{"taxonomy":"category","embeddable":true,"href":"https:\/\/suresms.com\/pl\/wp-json\/wp\/v2\/categories?post=333"},{"taxonomy":"post_tag","embeddable":true,"href":"https:\/\/suresms.com\/pl\/wp-json\/wp\/v2\/tags?post=333"}],"curies":[{"name":"wp","href":"https:\/\/api.w.org\/{rel}","templated":true}]}}