{"id":289,"date":"2014-07-02T13:30:59","date_gmt":"2014-07-02T11:30:59","guid":{"rendered":"http:\/\/da.suresms.com\/?page_id=289"},"modified":"2024-12-05T15:39:28","modified_gmt":"2024-12-05T15:39:28","slug":"sms-miedzynarodowy","status":"publish","type":"page","link":"https:\/\/suresms.com\/pl\/funktioner\/international-sms\/","title":{"rendered":"SMS do ca\u0142ego \u015bwiata"},"content":{"rendered":"<!-- Flexy Breadcrumb -->\r\n\t\t\t<div class=\"fbc fbc-page\">\r\n\r\n\t\t\t\t<!-- Breadcrumb wrapper -->\r\n\t\t\t\t<div class=\"fbc-wrap\">\r\n\r\n\t\t\t\t\t<!-- Ordered list-->\r\n\t\t\t\t\t<ol class=\"fbc-items\" itemscope itemtype=\"https:\/\/schema.org\/BreadcrumbList\">\r\n\t\t\t\t\t\t            <li itemprop=\"itemListElement\" itemscope itemtype=\"https:\/\/schema.org\/ListItem\">\r\n                <span itemprop=\"name\">\r\n                    <!-- Home Link -->\r\n                    <a itemprop=\"item\" href=\"https:\/\/suresms.com\/pl\/\">\r\n                    \r\n                                                    <i class=\"fa fa-home\" aria-hidden=\"true\"><\/i>Strona g\u0142\u00f3wna                    <\/a>\r\n                <\/span>\r\n                <meta itemprop=\"position\" content=\"1\" \/><!-- Meta Position-->\r\n             <\/li><li><span class=\"fbc-separator\">\/<\/span><\/li><li class=\"active\" itemprop=\"itemListElement\" itemscope itemtype=\"https:\/\/schema.org\/ListItem\"><span itemprop=\"name\" title=\"SMS do ca\u0142ego \u015bwiata\">SMS do ca\u0142ego \u015bwiata<\/span><meta itemprop=\"position\" content=\"2\" \/><\/li>\t\t\t\t\t<\/ol>\r\n\t\t\t\t\t<div class=\"clearfix\"><\/div>\r\n\t\t\t\t<\/div>\r\n\t\t\t<\/div>\r\n\t\t\t\n<h1>\n\t\tSMS do ca\u0142ego \u015bwiata\n\t<\/h1>\n\t<p>SureSMS jest mi\u0119dzynarodow\u0105 bramk\u0105 SMS. Oznacza to, \u017ce SMS za granic\u0119 jest ZAWSZE zintegrowany z nasz\u0105 regularn\u0105 subskrypcj\u0105.<\/p>\n<p>Mamy ugruntowan\u0105 wsp\u00f3\u0142prac\u0119 z ponad 800 stabilnymi operatorami w 170 krajach. Oznacza to, \u017ce nasi klienci mog\u0105 zawsze skontaktowa\u0107 si\u0119 ze wszystkimi naszymi partnerami - zar\u00f3wno w Danii, jak i na arenie mi\u0119dzynarodowej. Korzystamy wy\u0142\u0105cznie z najwy\u017cszej klasy dostawc\u00f3w i stale monitorujemy rynek, aby wynegocjowa\u0107 najlepsze ceny dla naszych klient\u00f3w bez uszczerbku dla jako\u015bci.<\/p>\n<p>Wysy\u0142anie wiadomo\u015bci tekstowych za granic\u0119 jest r\u00f3wnie \u0142atwe, jak wysy\u0142anie ich do w\u0142asnego kraju. Wystarczy pami\u0119ta\u0107 o wpisaniu w\u0142a\u015bciwego kodu kraju w tre\u015bci wiadomo\u015bci tekstowej.<\/p>\n<h4><strong>Niskie ceny za granic\u0105<\/strong><\/h4>\n<p>Koszt wys\u0142ania wiadomo\u015bci za granic\u0119 zale\u017cy od kraju i d\u0142ugo\u015bci wiadomo\u015bci, ale nasze ceny s\u0105 konkurencyjne i znacznie ta\u0144sze ni\u017c u operator\u00f3w telekomunikacyjnych i naszych konkurent\u00f3w.<\/p>\n<p>W naszym interfejsie internetowym mo\u017cesz zobaczy\u0107 cen\u0119 wiadomo\u015bci przed jej wys\u0142aniem. Wprowad\u017a numer telefonu, kod kraju i wpisz wiadomo\u015b\u0107 w polu tekstowym, a zobaczysz aktualn\u0105 cen\u0119 w polu poni\u017cej.<\/p>\n<p>Aby uzyska\u0107 wi\u0119cej informacji na temat naszych zaktualizowanych stawek za wiadomo\u015bci mi\u0119dzynarodowe, skontaktuj si\u0119 z naszym zespo\u0142em pomocy technicznej pod numerem +45 50 322 322 lub wy\u015blij nam wiadomo\u015b\u0107 e-mail na adres <a href=\"mailto:info@suresms.com\">info@suresms.com<\/a>.<\/p>\n\t<p>&nbsp;<\/p>\n<h4><strong>Potrzebujesz rozwi\u0105zania dwukierunkowego z numerem zagranicznym?<\/strong><\/h4>\n<p>Czy wiadomo\u015bci maj\u0105 przychodzi\u0107 z numeru zagranicznego? Czy u\u017cytkownicy musz\u0105 mie\u0107 mo\u017cliwo\u015b\u0107 odpowiadania na wiadomo\u015bci z tego numeru? Z \u0142atwo\u015bci\u0105 sobie z tym poradzimy. <a title=\"2-kierunkowe wiadomo\u015bci SMS, odbieranie wiadomo\u015bci SMS na komputerze\" href=\"https:\/\/suresms.com\/pl\/2-kierunkowe-rozladowywanie-wiadomosci-sms-z-hostowana-karta-sim\/\">Dowiedz si\u0119 wi\u0119cej o naszym 2-kierunkowym rozwi\u0105zaniu Hostet-SIM tutaj!<\/a><\/p>\n<h4><strong>Du\u0144ska firma<\/strong><\/h4>\n<p>SureSMS ApS jest du\u0144sk\u0105 firm\u0105 istniej\u0105c\u0105 od 2003 roku. Nasz zesp\u00f3\u0142 ma ponad 15-letnie do\u015bwiadczenie w zakresie infrastruktury, w tym sieci, bezpiecze\u0144stwa i serwer\u00f3w.<\/p>\n<p>Dobrze wyszkoleni programi\u015bci, technicy i pracownicy serwisu s\u0105 odpowiedzialni za aktualizacj\u0119, obs\u0142ug\u0119 i wsparcie. Mo\u017cesz bezpiecznie powierzy\u0107 nam swoje rozwi\u0105zanie SMS, nie martwi\u0105c si\u0119 o niestabilno\u015b\u0107 lub brak us\u0142ug.<\/p>\n\t<h4><strong>Tutaj mo\u017cesz przeczyta\u0107 kilka przyk\u0142ad\u00f3w tego, jak nasi klienci obecnie korzystaj\u0105 z funkcji \"SMS za granic\u0119\"<\/strong><\/h4>\n<ul>\n<li>Du\u017cy du\u0144ski dostawca dla mi\u0119dzynarodowego przemys\u0142u energetycznego korzysta z naszej mi\u0119dzynarodowej us\u0142ugi SMS do powiadamiania klient\u00f3w na ca\u0142ym \u015bwiecie o z\u0142o\u017conych zam\u00f3wieniach.<\/li>\n<li>Do naszych klient\u00f3w nale\u017cy du\u017ca du\u0144ska firma farmaceutyczna, kt\u00f3ra korzysta z naszej us\u0142ugi SMS do wysy\u0142ania wiadomo\u015bci do swoich pracownik\u00f3w za granic\u0105, a jej pracownicy mog\u0105 r\u00f3wnie\u017c zapisywa\u0107 si\u0119 do newsletter\u00f3w za po\u015brednictwem KEYWORDS.<\/li>\n<li>Nasza zintegrowana us\u0142uga SMS do zagranicy jest u\u017cywana przez du\u0144sk\u0105 firm\u0119, kt\u00f3ra dostarcza liczniki do Danii i Skandynawii. U\u017cywa ona SureSMS do wysy\u0142ania powiadomie\u0144 o zbli\u017caj\u0105cych si\u0119 odczytach do mieszka\u0144c\u00f3w Danii, Norwegii i Szwecji.<\/li>\n<li>Mamy te\u017c szko\u0142\u0119 grenlandzk\u0105, kt\u00f3ra wysy\u0142a wiadomo\u015bci do rodzic\u00f3w uczni\u00f3w dotycz\u0105ce wsp\u00f3\u0142pracy mi\u0119dzy szko\u0142\u0105 a domem. Mog\u0105 one dotyczy\u0107 informacji praktycznych, nieobecno\u015bci uczni\u00f3w lub innych wa\u017cnych informacji.<br \/>Oczywi\u015bcie jeste\u015bmy serwisem SMS dla ca\u0142ej Danii!<\/li>\n<\/ul>","protected":false},"excerpt":{"rendered":"<p>SMS na ca\u0142ym \u015bwiecie SureSMS jest mi\u0119dzynarodow\u0105 bramk\u0105 SMS. Oznacza to, \u017ce SMS-y za granic\u0119 s\u0105 ZAWSZE zintegrowane z nasz\u0105 regularn\u0105 subskrypcj\u0105. Mamy ugruntowan\u0105 wsp\u00f3\u0142prac\u0119 z ponad 800 stabilnymi operatorami w 170 krajach. Oznacza to, \u017ce nasi klienci zawsze mog\u0105 skontaktowa\u0107 si\u0119 ze wszystkimi naszymi partnerami - zar\u00f3wno w Danii, jak i na ca\u0142ym \u015bwiecie. My ... <a title=\"SMS do ca\u0142ego \u015bwiata\" class=\"read-more\" href=\"https:\/\/suresms.com\/pl\/funktioner\/international-sms\/\" aria-label=\"Dowiedz si\u0119 wi\u0119cej o SMS-ach do \u015bwiata\">Dowiedz si\u0119 wi\u0119cej<\/a><\/p>","protected":false},"author":1,"featured_media":0,"parent":958,"menu_order":6,"comment_status":"closed","ping_status":"closed","template":"","meta":{"_fl_builder_enabled":"1","_fl_builder_data":null,"_fl_builder_draft":null,"_fl_builder_data_settings":null,"_fl_builder_css":"","_fl_builder_css_version":"","_fl_builder_js":"","footnotes":""},"categories":[17],"tags":[],"class_list":{"0":"post-289","1":"page","2":"type-page","3":"status-publish","5":"category-linkfracornorstone"},"yoast_head":"<!-- This site is optimized with the Yoast SEO Premium plugin v27.3 (Yoast SEO v27.3) - https:\/\/yoast.com\/product\/yoast-seo-premium-wordpress\/ -->\r\n<title>International Gateway \u2192 Effektivt og nemt system at anvende<\/title>\r\n<meta name=\"description\" content=\"International Gateway og professionel SMS Gateway services f\u00e5s her. F\u00e5 hurtig kontakt til dine kunder med effektive l\u00f8sninger.\" \/>\r\n<meta name=\"robots\" content=\"index, follow, max-snippet:-1, max-image-preview:large, max-video-preview:-1\" \/>\r\n<link rel=\"canonical\" href=\"https:\/\/suresms.com\/pl\/cechy\/sms-miedzynarodowy\/\" \/>\r\n<meta property=\"og:locale\" content=\"pl_PL\" \/>\r\n<meta property=\"og:type\" content=\"article\" \/>\r\n<meta property=\"og:title\" content=\"SMS til hele verden\" \/>\r\n<meta property=\"og:description\" content=\"International Gateway og professionel SMS Gateway services f\u00e5s her. F\u00e5 hurtig kontakt til dine kunder med effektive l\u00f8sninger.\" \/>\r\n<meta property=\"og:url\" content=\"https:\/\/suresms.com\/pl\/cechy\/sms-miedzynarodowy\/\" \/>\r\n<meta property=\"article:publisher\" content=\"https:\/\/www.facebook.com\/p\/SureSMS-100044607956149\/\" \/>\r\n<meta property=\"article:modified_time\" content=\"2024-12-05T15:39:28+00:00\" \/>\r\n<meta name=\"twitter:card\" content=\"summary_large_image\" \/>\r\n<meta name=\"twitter:label1\" content=\"Szacowany czas czytania\" \/>\n\t<meta name=\"twitter:data1\" content=\"7 minut\" \/>\r\n<script type=\"application\/ld+json\" class=\"yoast-schema-graph\">{\"@context\":\"https:\\\/\\\/schema.org\",\"@graph\":[{\"@type\":\"WebPage\",\"@id\":\"https:\\\/\\\/suresms.com\\\/dk\\\/funktioner\\\/international-sms\\\/\",\"url\":\"https:\\\/\\\/suresms.com\\\/dk\\\/funktioner\\\/international-sms\\\/\",\"name\":\"International Gateway \u2192 Effektivt og nemt system at anvende\",\"isPartOf\":{\"@id\":\"https:\\\/\\\/suresms.com\\\/en\\\/#website\"},\"datePublished\":\"2014-07-02T11:30:59+00:00\",\"dateModified\":\"2024-12-05T15:39:28+00:00\",\"description\":\"International Gateway og professionel SMS Gateway services f\u00e5s her. F\u00e5 hurtig kontakt til dine kunder med effektive l\u00f8sninger.\",\"breadcrumb\":{\"@id\":\"https:\\\/\\\/suresms.com\\\/dk\\\/funktioner\\\/international-sms\\\/#breadcrumb\"},\"inLanguage\":\"pl-PL\",\"potentialAction\":[{\"@type\":\"ReadAction\",\"target\":[\"https:\\\/\\\/suresms.com\\\/dk\\\/funktioner\\\/international-sms\\\/\"]}]},{\"@type\":\"BreadcrumbList\",\"@id\":\"https:\\\/\\\/suresms.com\\\/dk\\\/funktioner\\\/international-sms\\\/#breadcrumb\",\"itemListElement\":[{\"@type\":\"ListItem\",\"position\":1,\"name\":\"Home\",\"item\":\"https:\\\/\\\/suresms.com\\\/dk\\\/\"},{\"@type\":\"ListItem\",\"position\":2,\"name\":\"Funktioner\",\"item\":\"https:\\\/\\\/suresms.com\\\/dk\\\/funktioner\\\/\"},{\"@type\":\"ListItem\",\"position\":3,\"name\":\"SMS til hele verden\"}]},{\"@type\":\"WebSite\",\"@id\":\"https:\\\/\\\/suresms.com\\\/en\\\/#website\",\"url\":\"https:\\\/\\\/suresms.com\\\/en\\\/\",\"name\":\"SureSMS\",\"description\":\"Professionel SMS Gateway\",\"publisher\":{\"@id\":\"https:\\\/\\\/suresms.com\\\/en\\\/#organization\"},\"potentialAction\":[{\"@type\":\"SearchAction\",\"target\":{\"@type\":\"EntryPoint\",\"urlTemplate\":\"https:\\\/\\\/suresms.com\\\/en\\\/?s={search_term_string}\"},\"query-input\":{\"@type\":\"PropertyValueSpecification\",\"valueRequired\":true,\"valueName\":\"search_term_string\"}}],\"inLanguage\":\"pl-PL\"},{\"@type\":\"Organization\",\"@id\":\"https:\\\/\\\/suresms.com\\\/en\\\/#organization\",\"name\":\"SureSMS\",\"url\":\"https:\\\/\\\/suresms.com\\\/en\\\/\",\"logo\":{\"@type\":\"ImageObject\",\"inLanguage\":\"pl-PL\",\"@id\":\"https:\\\/\\\/suresms.com\\\/en\\\/#\\\/schema\\\/logo\\\/image\\\/\",\"url\":\"https:\\\/\\\/suresms.com\\\/wp-content\\\/uploads\\\/2024\\\/11\\\/suresms-300x65-1.png\",\"contentUrl\":\"https:\\\/\\\/suresms.com\\\/wp-content\\\/uploads\\\/2024\\\/11\\\/suresms-300x65-1.png\",\"width\":300,\"height\":65,\"caption\":\"SureSMS\"},\"image\":{\"@id\":\"https:\\\/\\\/suresms.com\\\/en\\\/#\\\/schema\\\/logo\\\/image\\\/\"},\"sameAs\":[\"https:\\\/\\\/www.facebook.com\\\/p\\\/SureSMS-100044607956149\\\/\"]}]}<\/script>\r\n<!-- \/ Yoast SEO Premium plugin. -->","yoast_head_json":{"title":"International Gateway \u2192 Wydajny i \u0142atwy w u\u017cyciu system","description":"Bramka mi\u0119dzynarodowa i profesjonalne us\u0142ugi bramki SMS dost\u0119pne tutaj. Szybko \u0142\u0105cz si\u0119 z klientami dzi\u0119ki wydajnym rozwi\u0105zaniom.","robots":{"index":"index","follow":"follow","max-snippet":"max-snippet:-1","max-image-preview":"max-image-preview:large","max-video-preview":"max-video-preview:-1"},"canonical":"https:\/\/suresms.com\/pl\/cechy\/sms-miedzynarodowy\/","og_locale":"pl_PL","og_type":"article","og_title":"SMS til hele verden","og_description":"International Gateway og professionel SMS Gateway services f\u00e5s her. F\u00e5 hurtig kontakt til dine kunder med effektive l\u00f8sninger.","og_url":"https:\/\/suresms.com\/pl\/cechy\/sms-miedzynarodowy\/","article_publisher":"https:\/\/www.facebook.com\/p\/SureSMS-100044607956149\/","article_modified_time":"2024-12-05T15:39:28+00:00","twitter_card":"summary_large_image","twitter_misc":{"Szacowany czas czytania":"7 minut"},"schema":{"@context":"https:\/\/schema.org","@graph":[{"@type":"WebPage","@id":"https:\/\/suresms.com\/dk\/funktioner\/international-sms\/","url":"https:\/\/suresms.com\/dk\/funktioner\/international-sms\/","name":"International Gateway \u2192 Wydajny i \u0142atwy w u\u017cyciu system","isPartOf":{"@id":"https:\/\/suresms.com\/en\/#website"},"datePublished":"2014-07-02T11:30:59+00:00","dateModified":"2024-12-05T15:39:28+00:00","description":"Bramka mi\u0119dzynarodowa i profesjonalne us\u0142ugi bramki SMS dost\u0119pne tutaj. Szybko \u0142\u0105cz si\u0119 z klientami dzi\u0119ki wydajnym rozwi\u0105zaniom.","breadcrumb":{"@id":"https:\/\/suresms.com\/dk\/funktioner\/international-sms\/#breadcrumb"},"inLanguage":"pl-PL","potentialAction":[{"@type":"ReadAction","target":["https:\/\/suresms.com\/dk\/funktioner\/international-sms\/"]}]},{"@type":"BreadcrumbList","@id":"https:\/\/suresms.com\/dk\/funktioner\/international-sms\/#breadcrumb","itemListElement":[{"@type":"ListItem","position":1,"name":"Home","item":"https:\/\/suresms.com\/dk\/"},{"@type":"ListItem","position":2,"name":"Funktioner","item":"https:\/\/suresms.com\/dk\/funktioner\/"},{"@type":"ListItem","position":3,"name":"SMS til hele verden"}]},{"@type":"WebSite","@id":"https:\/\/suresms.com\/en\/#website","url":"https:\/\/suresms.com\/en\/","name":"SureSMS","description":"Profesjonalna bramka SMS","publisher":{"@id":"https:\/\/suresms.com\/en\/#organization"},"potentialAction":[{"@type":"SearchAction","target":{"@type":"EntryPoint","urlTemplate":"https:\/\/suresms.com\/en\/?s={search_term_string}"},"query-input":{"@type":"PropertyValueSpecification","valueRequired":true,"valueName":"search_term_string"}}],"inLanguage":"pl-PL"},{"@type":"Organization","@id":"https:\/\/suresms.com\/en\/#organization","name":"SureSMS","url":"https:\/\/suresms.com\/en\/","logo":{"@type":"ImageObject","inLanguage":"pl-PL","@id":"https:\/\/suresms.com\/en\/#\/schema\/logo\/image\/","url":"https:\/\/suresms.com\/wp-content\/uploads\/2024\/11\/suresms-300x65-1.png","contentUrl":"https:\/\/suresms.com\/wp-content\/uploads\/2024\/11\/suresms-300x65-1.png","width":300,"height":65,"caption":"SureSMS"},"image":{"@id":"https:\/\/suresms.com\/en\/#\/schema\/logo\/image\/"},"sameAs":["https:\/\/www.facebook.com\/p\/SureSMS-100044607956149\/"]}]}},"_links":{"self":[{"href":"https:\/\/suresms.com\/pl\/wp-json\/wp\/v2\/pages\/289","targetHints":{"allow":["GET"]}}],"collection":[{"href":"https:\/\/suresms.com\/pl\/wp-json\/wp\/v2\/pages"}],"about":[{"href":"https:\/\/suresms.com\/pl\/wp-json\/wp\/v2\/types\/page"}],"author":[{"embeddable":true,"href":"https:\/\/suresms.com\/pl\/wp-json\/wp\/v2\/users\/1"}],"replies":[{"embeddable":true,"href":"https:\/\/suresms.com\/pl\/wp-json\/wp\/v2\/comments?post=289"}],"version-history":[{"count":2,"href":"https:\/\/suresms.com\/pl\/wp-json\/wp\/v2\/pages\/289\/revisions"}],"predecessor-version":[{"id":19466,"href":"https:\/\/suresms.com\/pl\/wp-json\/wp\/v2\/pages\/289\/revisions\/19466"}],"up":[{"embeddable":true,"href":"https:\/\/suresms.com\/pl\/wp-json\/wp\/v2\/pages\/958"}],"wp:attachment":[{"href":"https:\/\/suresms.com\/pl\/wp-json\/wp\/v2\/media?parent=289"}],"wp:term":[{"taxonomy":"category","embeddable":true,"href":"https:\/\/suresms.com\/pl\/wp-json\/wp\/v2\/categories?post=289"},{"taxonomy":"post_tag","embeddable":true,"href":"https:\/\/suresms.com\/pl\/wp-json\/wp\/v2\/tags?post=289"}],"curies":[{"name":"wp","href":"https:\/\/api.w.org\/{rel}","templated":true}]}}