{"id":2697,"date":"2016-06-02T17:36:31","date_gmt":"2016-06-02T15:36:31","guid":{"rendered":"https:\/\/www.suresms.com\/dk\/?page_id=2697"},"modified":"2025-01-05T00:16:47","modified_gmt":"2025-01-05T00:16:47","slug":"sms-dla-firm-internetowych-i-uslug-sieciowych-2","status":"publish","type":"page","link":"https:\/\/suresms.com\/pl\/branchelosninger\/sms-til-online-virksomheder-og-web-services-2\/","title":{"rendered":"SMS dla firm internetowych i us\u0142ug WEB"},"content":{"rendered":"<!-- Flexy Breadcrumb -->\r\n\t\t\t<div class=\"fbc fbc-page\">\r\n\r\n\t\t\t\t<!-- Breadcrumb wrapper -->\r\n\t\t\t\t<div class=\"fbc-wrap\">\r\n\r\n\t\t\t\t\t<!-- Ordered list-->\r\n\t\t\t\t\t<ol class=\"fbc-items\" itemscope itemtype=\"https:\/\/schema.org\/BreadcrumbList\">\r\n\t\t\t\t\t\t            <li itemprop=\"itemListElement\" itemscope itemtype=\"https:\/\/schema.org\/ListItem\">\r\n                <span itemprop=\"name\">\r\n                    <!-- Home Link -->\r\n                    <a itemprop=\"item\" href=\"https:\/\/suresms.com\/pl\/\">\r\n                    \r\n                                                    <i class=\"fa fa-home\" aria-hidden=\"true\"><\/i>Strona g\u0142\u00f3wna                    <\/a>\r\n                <\/span>\r\n                <meta itemprop=\"position\" content=\"1\" \/><!-- Meta Position-->\r\n             <\/li><li><span class=\"fbc-separator\">\/<\/span><\/li><li class=\"active\" itemprop=\"itemListElement\" itemscope itemtype=\"https:\/\/schema.org\/ListItem\"><span itemprop=\"name\" title=\"SMS dla firm internetowych i us\u0142ug WEB\">SMS dla firm internetowych...<\/span><meta itemprop=\"position\" content=\"2\" \/><\/li>\t\t\t\t\t<\/ol>\r\n\t\t\t\t\t<div class=\"clearfix\"><\/div>\r\n\t\t\t\t<\/div>\r\n\t\t\t<\/div>\r\n\t\t\t\n<h1>\n\t\tSMS dla firm internetowych i us\u0142ug WEB\n\t<\/h1>\n\t\n\n<p><strong>Obecnie wielu naszych klient\u00f3w to firmy i us\u0142ugi internetowe. Nasze API mo\u017cna \u0142atwo zintegrowa\u0107 z innymi systemami, a nasza bramka SureSMS mo\u017ce by\u0107 u\u017cywana w wielu r\u00f3\u017cnych kontekstach: kody dost\u0119pu, kluby klient\u00f3w, marketing i rejestracja us\u0142ug lub wiadomo\u015bci SMS, aby wymieni\u0107 tylko kilka.<\/strong><\/p>\n\n<p><strong>Korzy\u015bci:<\/strong><\/p>\n<ul> \t\n<li>\n<p><strong>W pe\u0142ni zautomatyzowane i elastyczne opcje API<\/strong><\/p>\n<\/li>\n\n<li>\n<p><strong>Status ka\u017cdej wiadomo\u015bci mo\u017ce by\u0107 automatycznie aktualizowany w systemie.<\/strong><\/p>\n<\/li>\n\n<li>\n<p><strong>Mo\u017ce by\u0107 u\u017cywany jako kod PIN w systemie.<\/strong><\/p>\n<\/li>\n\n<li><strong>Wysy\u0142anie wiadomo\u015bci SMS z r\u00f3\u017cnymi identyfikatorami nadawcy z tego samego konta.<\/strong><\/li>\n<\/ul>\n\n<h3>Korzystaj z interfejsu API SureSMS Gateway w swoich systemach<\/h3>\n<p>Tworzenie, utrzymywanie i ulepszanie naszego API w celu dopasowania do system\u00f3w naszych klient\u00f3w jest zawsze naszym priorytetem. Interfejs API SureSMS jest elastyczny, dobrze udokumentowany i najwy\u017cszej jako\u015bci, a Ty mo\u017cesz oczekiwa\u0107 wsparcia ze strony naszych in\u017cynier\u00f3w i programist\u00f3w w zakresie integracji. <a href=\"http:\/\/developer.suresms.com\/sample-code\/\">Na naszej stronie dla deweloper\u00f3w zebrali\u015bmy wiele przyk\u0142ad\u00f3w kodu<\/a>. Je\u015bli nie mo\u017cesz znale\u017a\u0107 tego, czego szukasz, to <a title=\"Skontaktuj si\u0119 z nami\" href=\"https:\/\/suresms.com\/pl\/kontakt\/\">Skontaktuj si\u0119 z naszym wsparciem<\/a> aby porozmawia\u0107 o tym, jak nasze API mo\u017ce zosta\u0107 zintegrowane z Twoim systemem<\/p>\n<h3>Wysoka niezawodno\u015b\u0107 dostaw i profesjonalna obs\u0142uga w doskona\u0142ej cenie<\/h3>\n\n<p>Po wielu latach w bran\u017cy wiemy, jak wa\u017cne jest, aby komunikacja NIE uleg\u0142a awarii. Nie oszcz\u0119dzamy na sprz\u0119cie, monitoringu czy roboczogodzinach. Nasz zesp\u00f3\u0142 upewnia si\u0119, \u017ce nasza brama zapewnia stabilno\u015b\u0107 i bezpiecze\u0144stwo. <a title=\"Ceny bramek SMS\" href=\"https:\/\/suresms.com\/pl\/ceny-bramek-sms\/\">Dowiedz si\u0119 wi\u0119cej o naszych rozwi\u0105zaniach i cenach tutaj.<\/a><\/p>\n<h3>Prosty i przejrzysty interfejs u\u017cytkownika na portalu WEB<\/h3>\n<p>Nasz prosty i przejrzysty interfejs na portalu SureSMS WEB u\u0142atwia wysy\u0142anie wiadomo\u015bci SMS do pojedynczych os\u00f3b lub grup. Z tego miejsca mo\u017cna \u0142atwo korzysta\u0107 z wielu naszych funkcji: tworzy\u0107 i wysy\u0142a\u0107 do kontakt\u00f3w i grup, \u0142\u0105czy\u0107 nazwy w grupowe wiadomo\u015bci SMS, planowa\u0107 wysy\u0142anie i tworzy\u0107 s\u0142owa kluczowe, aby u\u017cytkownicy mogli samodzielnie rejestrowa\u0107 si\u0119 w us\u0142ugach. Z naszej strony internetowej masz dost\u0119p do pe\u0142nego dziennika i naszego modu\u0142u raportowania SureSMS, w kt\u00f3rym mo\u017cesz zobaczy\u0107 wszystkie informacje o wysy\u0142aniu i dostarczaniu wiadomo\u015bci.<\/p>\n<p>Nasz portal internetowy mo\u017ce by\u0107 u\u017cywany z komputera, iPada lub smartfona.<\/p>\n<h3>Wysy\u0142anie od wielu nadawc\u00f3w<\/h3>\n<p>Wiele firm internetowych zarz\u0105dza wieloma us\u0142ugami internetowymi tej samej firmy. W tym przypadku korzystne mo\u017ce by\u0107 utworzenie wielu identyfikator\u00f3w nadawcy z tego samego konta. To, czy identyfikator nadawcy powinien sk\u0142ada\u0107 si\u0119 z cyfr - np. numeru telefonu - czy liter, zale\u017cy wy\u0142\u0105cznie od Ciebie. Tworzymy tylu nadawc\u00f3w, ilu potrzebujesz. Jedynym ograniczeniem - ustalonym przez firmy telekomunikacyjne - jest to, \u017ce identyfikator nadawcy mo\u017ce mie\u0107 maksymalnie 11 znak\u00f3w.<\/p>\n<h3>Wiele opcji numer\u00f3w kom\u00f3rkowych - wiele r\u00f3\u017cnych kraj\u00f3w<\/h3>\n<p>Je\u015bli masz wiele numer\u00f3w telefon\u00f3w kom\u00f3rkowych, kt\u00f3re chcesz powi\u0105za\u0107 ze swoim kontem SureSMS, mo\u017cna to \u0142atwo skonfigurowa\u0107. Mamy kilku klient\u00f3w, kt\u00f3rzy powi\u0105zali numery z kartami SIM z r\u00f3\u017cnych kraj\u00f3w. Prosty spos\u00f3b na wysy\u0142anie wiadomo\u015bci SMS do wielu kraj\u00f3w bez kompromis\u00f3w w zakresie ceny i przegl\u0105du.<\/p>\n<h3>Zacznij od razu<\/h3>\n<p>Rozpocz\u0119cie korzystania z naszej bramki SMS jest szybkie, \u0142atwe i bezp\u0142atne.<\/p>\n<p>Wype\u0142nij nasz link na tej stronie, aby uzyska\u0107 bezp\u0142atne konto pr\u00f3bne i rozpocz\u0105\u0107 w 5 minut. Damy ci 50 darmowych SMS-\u00f3w, aby\u015b m\u00f3g\u0142 sam przetestowa\u0107 nasze us\u0142ugi i jako\u015b\u0107. Je\u015bli masz jakie\u015b pytania, jeste\u015bmy tutaj, aby Ci pom\u00f3c i mamy wieloletnie do\u015bwiadczenie od naszych innych klient\u00f3w w bran\u017cy.<\/p>\n\n\t\t\t<p><a href=\"https:\/\/suresms.com\/wp-content\/uploads\/2015\/02\/norriq-logo-20x120-px.jpg\"><img loading=\"lazy\" decoding=\"async\" src=\"https:\/\/suresms.com\/wp-content\/uploads\/2015\/02\/norriq-logo-20x120-px.jpg\" alt=\"logo norriq 20x120 px\" width=\"200\" height=\"96\" \/><\/a><em>\"Korzystali\u015bmy z SureSMS dla kilku naszych klient\u00f3w.<br \/>SureSMS jest zintegrowany z naszym systemem kasowym i finansowym, dzi\u0119ki czemu wiadomo\u015bci s\u0105 wysy\u0142ane automatycznie do klient\u00f3w naszych klient\u00f3w po zako\u0144czeniu zam\u00f3wienia.<\/em><em>Nasza wsp\u00f3\u0142praca z SureSMS by\u0142a dobra i zawsze szybko pomagali nam uruchomi\u0107 nowych klient\u00f3w. Kiedy ju\u017c dzia\u0142amy, nie rozmawiamy ju\u017c z nimi, poniewa\u017c nigdy nie ma \u017cadnych problem\u00f3w.<\/em><em>Niekt\u00f3rzy z naszych klient\u00f3w wysy\u0142aj\u0105 r\u00f3wnie\u017c na numery zagraniczne, co r\u00f3wnie\u017c nie stanowi problemu\".<\/em><strong>S\u00f8ren Christensen, mened\u017cer ds. kluczowych klient\u00f3w<\/strong><strong> Norriq.<\/strong><\/p>\t\t\n\t\t<h4>Utw\u00f3rz bezp\u0142atne konto pr\u00f3bne<\/h4>\n\t\t<p>Zajmuje to tylko 5 minut. Zacznij od razu i zdob\u0105d\u017a <strong>100 bezp\u0142atnych wiadomo\u015bci SMS<\/strong> bez \u017cadnych zobowi\u0105za\u0144.<\/p>\n\t\t\t<a href=\"https:\/\/suresms.com\/pl\/darmowe-konto-testowe-sms\/\" target=\"_self\">\n\t\t\t\t\t\t\tUtw\u00f3rz konto pr\u00f3bne\n\t\t\t\t\t<\/a>\n\t\t<h4>Zam\u00f3w rozwi\u0105zanie dwukierunkowe!<\/h4>\n\t\t<p>Masz ju\u017c konto? Zam\u00f3w rozwi\u0105zanie 2-way i uzyskaj dodatkowe opcje, kt\u00f3re oferuje Twoje w\u0142asne rozwi\u0105zanie.\u00a0<\/p>\n\t\t\t<a href=\"https:\/\/suresms.com\/pl\/zamow-rozladunek-w-2-kierunkach\/\" target=\"_self\">\n\t\t\t\t\t\t\tZam\u00f3w rozwi\u0105zanie 2-kierunkowe\n\t\t\t\t\t<\/a>\n\t<p>&gt; Powr\u00f3t do <a href=\"https:\/\/suresms.com\/pl\/zrzuty-oddzialowe\/\">Rozwi\u0105zania bran\u017cowe<\/a><\/p>","protected":false},"excerpt":{"rendered":"<p>SMS-y dla firm i serwis\u00f3w internetowych Wielu naszych klient\u00f3w to firmy i serwisy internetowe. Nasze API mo\u017cna \u0142atwo zintegrowa\u0107 z innymi systemami, a nasza bramka SureSMS mo\u017ce by\u0107 u\u017cywana w wielu r\u00f3\u017cnych kontekstach: kody dost\u0119pu, kluby klient\u00f3w, marketing i rejestracja us\u0142ug lub wiadomo\u015bci SMS, aby wymieni\u0107 tylko kilka. Korzy\u015bci: W pe\u0142ni zautomatyzowane i elastyczne API ... <a title=\"SMS dla firm internetowych i us\u0142ug WEB\" class=\"read-more\" href=\"https:\/\/suresms.com\/pl\/branchelosninger\/sms-til-online-virksomheder-og-web-services-2\/\" aria-label=\"Dowiedz si\u0119 wi\u0119cej o SMS dla firm internetowych i us\u0142ugach WEB\">Dowiedz si\u0119 wi\u0119cej<\/a><\/p>","protected":false},"author":1,"featured_media":0,"parent":1654,"menu_order":5,"comment_status":"closed","ping_status":"closed","template":"","meta":{"_fl_builder_enabled":"1","_fl_builder_data":null,"_fl_builder_draft":null,"_fl_builder_data_settings":null,"_fl_builder_css":"","_fl_builder_css_version":"","_fl_builder_js":"","footnotes":""},"categories":[],"tags":[],"class_list":["post-2697","page","type-page","status-publish"],"yoast_head":"<!-- This site is optimized with the Yoast SEO Premium plugin v27.3 (Yoast SEO v27.3) - https:\/\/yoast.com\/product\/yoast-seo-premium-wordpress\/ -->\r\n<title>SMS til online virksomheder og WEB-services. Fleksibel SMS Gateway API<\/title>\r\n<meta name=\"description\" content=\"Fleksibel og veldokumenteret online SMS-l\u00f8sning. Pinkoder, nyheds-SMS og mange flere funktioner til online virksomheder og services. Opret gratis Testkonto.\" \/>\r\n<meta name=\"robots\" content=\"index, follow, max-snippet:-1, max-image-preview:large, max-video-preview:-1\" \/>\r\n<link rel=\"canonical\" href=\"https:\/\/suresms.com\/pl\/zrzuty-oddzialowe\/sms-dla-firm-internetowych-i-uslug-sieciowych-2\/\" \/>\r\n<meta property=\"og:locale\" content=\"pl_PL\" \/>\r\n<meta property=\"og:type\" content=\"article\" \/>\r\n<meta property=\"og:title\" content=\"SMS til Online Virksomheder og WEB services\" \/>\r\n<meta property=\"og:description\" content=\"Fleksibel og veldokumenteret online SMS-l\u00f8sning. Pinkoder, nyheds-SMS og mange flere funktioner til online virksomheder og services. Opret gratis Testkonto.\" \/>\r\n<meta property=\"og:url\" content=\"https:\/\/suresms.com\/pl\/zrzuty-oddzialowe\/sms-dla-firm-internetowych-i-uslug-sieciowych-2\/\" \/>\r\n<meta property=\"article:publisher\" content=\"https:\/\/www.facebook.com\/p\/SureSMS-100044607956149\/\" \/>\r\n<meta property=\"article:modified_time\" content=\"2025-01-05T00:16:47+00:00\" \/>\r\n<meta property=\"og:image\" content=\"https:\/\/suresms.com\/wp-content\/uploads\/2016\/06\/SMS-til-butikker.jpg\" \/>\r\n\t<meta property=\"og:image:width\" content=\"400\" \/>\r\n\t<meta property=\"og:image:height\" content=\"266\" \/>\r\n\t<meta property=\"og:image:type\" content=\"image\/jpeg\" \/>\r\n<meta name=\"twitter:card\" content=\"summary_large_image\" \/>\r\n<meta name=\"twitter:label1\" content=\"Szacowany czas czytania\" \/>\n\t<meta name=\"twitter:data1\" content=\"3 minuty\" \/>\r\n<script type=\"application\/ld+json\" class=\"yoast-schema-graph\">{\"@context\":\"https:\\\/\\\/schema.org\",\"@graph\":[{\"@type\":\"WebPage\",\"@id\":\"https:\\\/\\\/suresms.com\\\/dk\\\/branchelosninger\\\/sms-til-online-virksomheder-og-web-services-2\\\/\",\"url\":\"https:\\\/\\\/suresms.com\\\/dk\\\/branchelosninger\\\/sms-til-online-virksomheder-og-web-services-2\\\/\",\"name\":\"SMS til online virksomheder og WEB-services. Fleksibel SMS Gateway API\",\"isPartOf\":{\"@id\":\"https:\\\/\\\/suresms.com\\\/en\\\/#website\"},\"primaryImageOfPage\":{\"@id\":\"https:\\\/\\\/suresms.com\\\/dk\\\/branchelosninger\\\/sms-til-online-virksomheder-og-web-services-2\\\/#primaryimage\"},\"image\":{\"@id\":\"https:\\\/\\\/suresms.com\\\/dk\\\/branchelosninger\\\/sms-til-online-virksomheder-og-web-services-2\\\/#primaryimage\"},\"thumbnailUrl\":\"https:\\\/\\\/suresms.com\\\/wp-content\\\/uploads\\\/2015\\\/02\\\/norriq-logo-20x120-px.jpg\",\"datePublished\":\"2016-06-02T15:36:31+00:00\",\"dateModified\":\"2025-01-05T00:16:47+00:00\",\"description\":\"Fleksibel og veldokumenteret online SMS-l\u00f8sning. Pinkoder, nyheds-SMS og mange flere funktioner til online virksomheder og services. Opret gratis Testkonto.\",\"breadcrumb\":{\"@id\":\"https:\\\/\\\/suresms.com\\\/dk\\\/branchelosninger\\\/sms-til-online-virksomheder-og-web-services-2\\\/#breadcrumb\"},\"inLanguage\":\"pl-PL\",\"potentialAction\":[{\"@type\":\"ReadAction\",\"target\":[\"https:\\\/\\\/suresms.com\\\/dk\\\/branchelosninger\\\/sms-til-online-virksomheder-og-web-services-2\\\/\"]}]},{\"@type\":\"ImageObject\",\"inLanguage\":\"pl-PL\",\"@id\":\"https:\\\/\\\/suresms.com\\\/dk\\\/branchelosninger\\\/sms-til-online-virksomheder-og-web-services-2\\\/#primaryimage\",\"url\":\"https:\\\/\\\/suresms.com\\\/wp-content\\\/uploads\\\/2015\\\/02\\\/norriq-logo-20x120-px.jpg\",\"contentUrl\":\"https:\\\/\\\/suresms.com\\\/wp-content\\\/uploads\\\/2015\\\/02\\\/norriq-logo-20x120-px.jpg\"},{\"@type\":\"BreadcrumbList\",\"@id\":\"https:\\\/\\\/suresms.com\\\/dk\\\/branchelosninger\\\/sms-til-online-virksomheder-og-web-services-2\\\/#breadcrumb\",\"itemListElement\":[{\"@type\":\"ListItem\",\"position\":1,\"name\":\"Home\",\"item\":\"https:\\\/\\\/suresms.com\\\/dk\\\/\"},{\"@type\":\"ListItem\",\"position\":2,\"name\":\"Branchel\u00f8sninger\",\"item\":\"https:\\\/\\\/suresms.com\\\/dk\\\/branchelosninger\\\/\"},{\"@type\":\"ListItem\",\"position\":3,\"name\":\"SMS til Online Virksomheder og WEB services\"}]},{\"@type\":\"WebSite\",\"@id\":\"https:\\\/\\\/suresms.com\\\/en\\\/#website\",\"url\":\"https:\\\/\\\/suresms.com\\\/en\\\/\",\"name\":\"SureSMS\",\"description\":\"Professionel SMS Gateway\",\"publisher\":{\"@id\":\"https:\\\/\\\/suresms.com\\\/en\\\/#organization\"},\"potentialAction\":[{\"@type\":\"SearchAction\",\"target\":{\"@type\":\"EntryPoint\",\"urlTemplate\":\"https:\\\/\\\/suresms.com\\\/en\\\/?s={search_term_string}\"},\"query-input\":{\"@type\":\"PropertyValueSpecification\",\"valueRequired\":true,\"valueName\":\"search_term_string\"}}],\"inLanguage\":\"pl-PL\"},{\"@type\":\"Organization\",\"@id\":\"https:\\\/\\\/suresms.com\\\/en\\\/#organization\",\"name\":\"SureSMS\",\"url\":\"https:\\\/\\\/suresms.com\\\/en\\\/\",\"logo\":{\"@type\":\"ImageObject\",\"inLanguage\":\"pl-PL\",\"@id\":\"https:\\\/\\\/suresms.com\\\/en\\\/#\\\/schema\\\/logo\\\/image\\\/\",\"url\":\"https:\\\/\\\/suresms.com\\\/wp-content\\\/uploads\\\/2024\\\/11\\\/suresms-300x65-1.png\",\"contentUrl\":\"https:\\\/\\\/suresms.com\\\/wp-content\\\/uploads\\\/2024\\\/11\\\/suresms-300x65-1.png\",\"width\":300,\"height\":65,\"caption\":\"SureSMS\"},\"image\":{\"@id\":\"https:\\\/\\\/suresms.com\\\/en\\\/#\\\/schema\\\/logo\\\/image\\\/\"},\"sameAs\":[\"https:\\\/\\\/www.facebook.com\\\/p\\\/SureSMS-100044607956149\\\/\"]}]}<\/script>\r\n<!-- \/ Yoast SEO Premium plugin. -->","yoast_head_json":{"title":"SMS dla firm i serwis\u00f3w internetowych. Elastyczny interfejs API bramki SMS","description":"Elastyczne i sprawdzone rozwi\u0105zanie SMS online. Kody PIN, wiadomo\u015bci SMS i wiele innych funkcji dla firm i us\u0142ug online. Utw\u00f3rz bezp\u0142atne konto pr\u00f3bne.","robots":{"index":"index","follow":"follow","max-snippet":"max-snippet:-1","max-image-preview":"max-image-preview:large","max-video-preview":"max-video-preview:-1"},"canonical":"https:\/\/suresms.com\/pl\/zrzuty-oddzialowe\/sms-dla-firm-internetowych-i-uslug-sieciowych-2\/","og_locale":"pl_PL","og_type":"article","og_title":"SMS til Online Virksomheder og WEB services","og_description":"Fleksibel og veldokumenteret online SMS-l\u00f8sning. Pinkoder, nyheds-SMS og mange flere funktioner til online virksomheder og services. Opret gratis Testkonto.","og_url":"https:\/\/suresms.com\/pl\/zrzuty-oddzialowe\/sms-dla-firm-internetowych-i-uslug-sieciowych-2\/","article_publisher":"https:\/\/www.facebook.com\/p\/SureSMS-100044607956149\/","article_modified_time":"2025-01-05T00:16:47+00:00","og_image":[{"width":400,"height":266,"url":"https:\/\/suresms.com\/wp-content\/uploads\/2016\/06\/SMS-til-butikker.jpg","type":"image\/jpeg"}],"twitter_card":"summary_large_image","twitter_misc":{"Szacowany czas czytania":"3 minuty"},"schema":{"@context":"https:\/\/schema.org","@graph":[{"@type":"WebPage","@id":"https:\/\/suresms.com\/dk\/branchelosninger\/sms-til-online-virksomheder-og-web-services-2\/","url":"https:\/\/suresms.com\/dk\/branchelosninger\/sms-til-online-virksomheder-og-web-services-2\/","name":"SMS dla firm i serwis\u00f3w internetowych. Elastyczny interfejs API bramki SMS","isPartOf":{"@id":"https:\/\/suresms.com\/en\/#website"},"primaryImageOfPage":{"@id":"https:\/\/suresms.com\/dk\/branchelosninger\/sms-til-online-virksomheder-og-web-services-2\/#primaryimage"},"image":{"@id":"https:\/\/suresms.com\/dk\/branchelosninger\/sms-til-online-virksomheder-og-web-services-2\/#primaryimage"},"thumbnailUrl":"https:\/\/suresms.com\/wp-content\/uploads\/2015\/02\/norriq-logo-20x120-px.jpg","datePublished":"2016-06-02T15:36:31+00:00","dateModified":"2025-01-05T00:16:47+00:00","description":"Elastyczne i sprawdzone rozwi\u0105zanie SMS online. Kody PIN, wiadomo\u015bci SMS i wiele innych funkcji dla firm i us\u0142ug online. Utw\u00f3rz bezp\u0142atne konto pr\u00f3bne.","breadcrumb":{"@id":"https:\/\/suresms.com\/dk\/branchelosninger\/sms-til-online-virksomheder-og-web-services-2\/#breadcrumb"},"inLanguage":"pl-PL","potentialAction":[{"@type":"ReadAction","target":["https:\/\/suresms.com\/dk\/branchelosninger\/sms-til-online-virksomheder-og-web-services-2\/"]}]},{"@type":"ImageObject","inLanguage":"pl-PL","@id":"https:\/\/suresms.com\/dk\/branchelosninger\/sms-til-online-virksomheder-og-web-services-2\/#primaryimage","url":"https:\/\/suresms.com\/wp-content\/uploads\/2015\/02\/norriq-logo-20x120-px.jpg","contentUrl":"https:\/\/suresms.com\/wp-content\/uploads\/2015\/02\/norriq-logo-20x120-px.jpg"},{"@type":"BreadcrumbList","@id":"https:\/\/suresms.com\/dk\/branchelosninger\/sms-til-online-virksomheder-og-web-services-2\/#breadcrumb","itemListElement":[{"@type":"ListItem","position":1,"name":"Home","item":"https:\/\/suresms.com\/dk\/"},{"@type":"ListItem","position":2,"name":"Branchel\u00f8sninger","item":"https:\/\/suresms.com\/dk\/branchelosninger\/"},{"@type":"ListItem","position":3,"name":"SMS til Online Virksomheder og WEB services"}]},{"@type":"WebSite","@id":"https:\/\/suresms.com\/en\/#website","url":"https:\/\/suresms.com\/en\/","name":"SureSMS","description":"Profesjonalna bramka SMS","publisher":{"@id":"https:\/\/suresms.com\/en\/#organization"},"potentialAction":[{"@type":"SearchAction","target":{"@type":"EntryPoint","urlTemplate":"https:\/\/suresms.com\/en\/?s={search_term_string}"},"query-input":{"@type":"PropertyValueSpecification","valueRequired":true,"valueName":"search_term_string"}}],"inLanguage":"pl-PL"},{"@type":"Organization","@id":"https:\/\/suresms.com\/en\/#organization","name":"SureSMS","url":"https:\/\/suresms.com\/en\/","logo":{"@type":"ImageObject","inLanguage":"pl-PL","@id":"https:\/\/suresms.com\/en\/#\/schema\/logo\/image\/","url":"https:\/\/suresms.com\/wp-content\/uploads\/2024\/11\/suresms-300x65-1.png","contentUrl":"https:\/\/suresms.com\/wp-content\/uploads\/2024\/11\/suresms-300x65-1.png","width":300,"height":65,"caption":"SureSMS"},"image":{"@id":"https:\/\/suresms.com\/en\/#\/schema\/logo\/image\/"},"sameAs":["https:\/\/www.facebook.com\/p\/SureSMS-100044607956149\/"]}]}},"_links":{"self":[{"href":"https:\/\/suresms.com\/pl\/wp-json\/wp\/v2\/pages\/2697","targetHints":{"allow":["GET"]}}],"collection":[{"href":"https:\/\/suresms.com\/pl\/wp-json\/wp\/v2\/pages"}],"about":[{"href":"https:\/\/suresms.com\/pl\/wp-json\/wp\/v2\/types\/page"}],"author":[{"embeddable":true,"href":"https:\/\/suresms.com\/pl\/wp-json\/wp\/v2\/users\/1"}],"replies":[{"embeddable":true,"href":"https:\/\/suresms.com\/pl\/wp-json\/wp\/v2\/comments?post=2697"}],"version-history":[{"count":8,"href":"https:\/\/suresms.com\/pl\/wp-json\/wp\/v2\/pages\/2697\/revisions"}],"predecessor-version":[{"id":21100,"href":"https:\/\/suresms.com\/pl\/wp-json\/wp\/v2\/pages\/2697\/revisions\/21100"}],"up":[{"embeddable":true,"href":"https:\/\/suresms.com\/pl\/wp-json\/wp\/v2\/pages\/1654"}],"wp:attachment":[{"href":"https:\/\/suresms.com\/pl\/wp-json\/wp\/v2\/media?parent=2697"}],"wp:term":[{"taxonomy":"category","embeddable":true,"href":"https:\/\/suresms.com\/pl\/wp-json\/wp\/v2\/categories?post=2697"},{"taxonomy":"post_tag","embeddable":true,"href":"https:\/\/suresms.com\/pl\/wp-json\/wp\/v2\/tags?post=2697"}],"curies":[{"name":"wp","href":"https:\/\/api.w.org\/{rel}","templated":true}]}}