{"id":2687,"date":"2016-06-02T10:02:29","date_gmt":"2016-06-02T08:02:29","guid":{"rendered":"https:\/\/www.suresms.com\/dk\/?page_id=2687"},"modified":"2025-01-05T00:19:16","modified_gmt":"2025-01-05T00:19:16","slug":"sms-dla-firm-produkcyjnych","status":"publish","type":"page","link":"https:\/\/suresms.com\/pl\/branchelosninger\/sms-til-produktionsvirksomheder\/","title":{"rendered":"SMS dla firm produkcyjnych"},"content":{"rendered":"<!-- Flexy Breadcrumb -->\r\n\t\t\t<div class=\"fbc fbc-page\">\r\n\r\n\t\t\t\t<!-- Breadcrumb wrapper -->\r\n\t\t\t\t<div class=\"fbc-wrap\">\r\n\r\n\t\t\t\t\t<!-- Ordered list-->\r\n\t\t\t\t\t<ol class=\"fbc-items\" itemscope itemtype=\"https:\/\/schema.org\/BreadcrumbList\">\r\n\t\t\t\t\t\t            <li itemprop=\"itemListElement\" itemscope itemtype=\"https:\/\/schema.org\/ListItem\">\r\n                <span itemprop=\"name\">\r\n                    <!-- Home Link -->\r\n                    <a itemprop=\"item\" href=\"https:\/\/suresms.com\/pl\/\">\r\n                    \r\n                                                    <i class=\"fa fa-home\" aria-hidden=\"true\"><\/i>Strona g\u0142\u00f3wna                    <\/a>\r\n                <\/span>\r\n                <meta itemprop=\"position\" content=\"1\" \/><!-- Meta Position-->\r\n             <\/li><li><span class=\"fbc-separator\">\/<\/span><\/li><li class=\"active\" itemprop=\"itemListElement\" itemscope itemtype=\"https:\/\/schema.org\/ListItem\"><span itemprop=\"name\" title=\"SMS dla firm produkcyjnych\">SMS dla firm produkcyjnych<\/span><meta itemprop=\"position\" content=\"2\" \/><\/li>\t\t\t\t\t<\/ol>\r\n\t\t\t\t\t<div class=\"clearfix\"><\/div>\r\n\t\t\t\t<\/div>\r\n\t\t\t<\/div>\r\n\t\t\t\n<h1>\n\t\tSMS dla firm produkcyjnych i przedsi\u0119biorstw\n\t<\/h1>\n\t\n\n<p><strong>W SureSMS dostarczamy SMS-y do firm produkcyjnych i przedsi\u0119biorstw. Zapewniamy stabiln\u0105 i niezawodn\u0105 bramk\u0119 z najwy\u017csz\u0105 jako\u015bci\u0105 i monitoringiem - rozwi\u0105zanie SMS, kt\u00f3re dzia\u0142a.<\/strong><\/p>\n\n<p><strong>Korzy\u015bci z SureSMS Gateway:<\/strong><\/p>\n<ul> \t\n<li><strong>Stabilno\u015b\u0107 operacyjna i najwy\u017cszy mo\u017cliwy czas pracy bez przestoj\u00f3w.<\/strong><\/li>\n\n<li><b>Kopia zapasowa: Mamy kopie zapasowe wszystkich danych na fizycznych serwerach w r\u00f3\u017cnych lokalizacjach w Zelandii.<\/b><\/li>\n\n<li><strong>Nasz zesp\u00f3\u0142 to wysoko wykwalifikowani ludzie, kt\u00f3rzy znaj\u0105 procesy. Robili\u015bmy to ju\u017c wcze\u015bniej i skutkuje to mniejsz\u0105 liczb\u0105 b\u0142\u0119d\u00f3w i wi\u0119kszym profesjonalizmem.<\/strong><\/li>\n\n<li><strong>Z naszego portalu internetowego \u0142atwo jest pracowa\u0107 z elastycznymi uprawnieniami u\u017cytkownik\u00f3w. Twoi pracownicy mog\u0105 wysy\u0142a\u0107 wiadomo\u015bci z tego samego konta, korzystaj\u0105c z wielu numer\u00f3w telefon\u00f3w kom\u00f3rkowych.<\/strong><\/li>\n\n<li><strong>Integracje: Mamy wiele integracji, np. SAP, Oracle, SCADA i AS\/400, a je\u015bli nie mamy Twojej, ch\u0119tnie pomo\u017cemy Ci j\u0105 stworzy\u0107. Oczywi\u015bcie bez dodatkowych koszt\u00f3w.<\/strong><\/li>\n<\/ul>\n\n<h3>Wysoka niezawodno\u015b\u0107 dostaw i profesjonalna obs\u0142uga w doskona\u0142ej cenie<\/h3>\n\n<p>Po wielu latach w bran\u017cy wiemy, jak wa\u017cne jest, aby komunikacja NIE uleg\u0142a awarii. Nie oszcz\u0119dzamy na sprz\u0119cie, monitoringu czy roboczogodzinach. Nasz zesp\u00f3\u0142 upewnia si\u0119, \u017ce Gateway dzia\u0142a profesjonalnie, stabilnie i bezpiecznie.<\/p>\n\n<p>Po ponad 10 latach w bran\u017cy mo\u017cemy zagwarantowa\u0107 i dostarczy\u0107 produkt, kt\u00f3ry jest zar\u00f3wno dok\u0142adnie przetestowany, jak i odpowiednio opracowany.  Sp\u00f3jrz na nasze<a title=\"Ceny bramek SMS\" href=\"https:\/\/suresms.com\/pl\/ceny-bramek-sms\/\"> Ceny bramek SMS <\/a>Tutaj.<\/p>\n<h3>Monitorowane serwery i szyfrowanie SSL wszystkich danych<\/h3>\n<p>Firmy polegaj\u0105 na p\u0142ynnej komunikacji z klientami i dostawcami - przez ca\u0142y czas!<br \/>W SureSMS zabezpieczamy dane w redundantnej konfiguracji serwer\u00f3w na du\u0144skich serwerach fizycznych. Oznacza to, \u017ce wszystkie dane fizycznie znajduj\u0105 si\u0119 na serwerach skonfigurowanych w dw\u00f3ch r\u00f3\u017cnych centrach danych. Je\u015bli cokolwiek stanie si\u0119 z Twoimi danymi, zawsze b\u0119dziemy mie\u0107 pe\u0142n\u0105 kopi\u0119 zapasow\u0105. Oczywi\u015bcie mamy najlepsze systemy alarmowe do monitorowania, ale wszystkie maszyny mog\u0105 zawie\u015b\u0107. <strong>Dlatego ZAWSZE mamy kompetentnych ludzi monitoruj\u0105cych ruch i serwery 24 godziny na dob\u0119.<\/strong><\/p>\n<p>Najnowszy <strong>Szyfrowanie SSL<\/strong> zapewnia ochron\u0119 danych u\u017cytkownika podczas uzyskiwania do nich dost\u0119pu przez Internet. Zazwyczaj zapisujemy wszystkie wiadomo\u015bci, aby\u015b zawsze mia\u0142 pe\u0142ny przegl\u0105d wiadomo\u015bci wys\u0142anych z naszego portalu internetowego. Je\u015bli chcesz, mamy funkcj\u0119, kt\u00f3ra usuwa wiadomo\u015bci z naszych serwer\u00f3w natychmiast po ich wys\u0142aniu. Je\u015bli chcesz skorzysta\u0107 z tej funkcji, skontaktuj si\u0119 z naszym dzia\u0142em pomocy technicznej.<\/p>\n<h3>Prosty i przejrzysty interfejs u\u017cytkownika na portalu WEB<\/h3>\n<p>Nasz prosty i przejrzysty interfejs w portalu SureSMS WEB u\u0142atwia wysy\u0142anie wiadomo\u015bci SMS do os\u00f3b lub grup, z kt\u00f3rymi chcesz si\u0119 komunikowa\u0107. Przegl\u0105d mo\u017cna prowadzi\u0107 z poziomu komputera. Nasz portal internetowy mo\u017ce by\u0107 u\u017cywany z komputera, iPada lub smartfona.<\/p>\n<p>Niezale\u017cnie od tego, czy chcesz wysy\u0142a\u0107 wiadomo\u015bci do pracownik\u00f3w, kierowc\u00f3w czy klient\u00f3w, niezale\u017cnie od tego, czy telefon, na kt\u00f3ry je wysy\u0142asz, jest du\u0144ski czy zagraniczny, gdziekolwiek si\u0119 znajduje, Twoje wiadomo\u015bci dotr\u0105. Pod warunkiem, \u017ce telefon po drugiej stronie jest w\u0142\u0105czony.<\/p>\n<h3>Dokonujemy integracji z wi\u0119kszo\u015bci\u0105 system\u00f3w<\/h3>\n<p>Nasz\u0105 bramk\u0119 SMS mo\u017cna \u0142atwo zintegrowa\u0107 z istniej\u0105cymi procesami i systemami, aby zapewni\u0107 szybk\u0105 i stabiln\u0105 komunikacj\u0119 w codziennej praktyce. Mamy doskona\u0142e API i integracje z SAP, Oracle, SCADA i AS\/400, i zawsze ch\u0119tnie pomo\u017cemy, je\u015bli potrzebujesz integracji z nowym systemem. <a title=\"Wsparcie przez e-mail i telefon 24\/7\" href=\"https:\/\/suresms.com\/pl\/wsparcie-suresms\/\">Skontaktuj si\u0119 z naszym dzia\u0142em wsparcia<\/a>. Nasi programi\u015bci s\u0142u\u017c\u0105 pomoc\u0105 i rad\u0105.<\/p>\n<h3>Funkcja grupowa: Komunikacja z pracownikami<\/h3>\n<p>Z naszego portalu internetowego mo\u017cna skorzysta\u0107 z funkcji <a title=\"GroupSMS: Tworzenie i wysy\u0142anie wiadomo\u015bci do grup\" href=\"https:\/\/suresms.com\/pl\/grupa-sms\/\">Tworzenie i wysy\u0142anie wiadomo\u015bci SMS do grup<\/a>. Funkcja, kt\u00f3r\u0105 mo\u017cna wykorzysta\u0107 na wiele sposob\u00f3w. Wiele firm u\u017cywa go do komunikacji z pracownikami. Telefon kom\u00f3rkowy sta\u0142 si\u0119 naturalnym \u015brodkiem komunikacji w celu uzyskania praktycznych informacji, a tak\u017ce komunikacji o charakterze bardziej spo\u0142ecznym.<\/p>\n<h3>Zacznij od razu<\/h3>\n<p>Rozpocz\u0119cie korzystania z naszej bramki SMS jest szybkie i \u0142atwe, a testowanie naszego produktu nie wi\u0105\u017ce si\u0119 z \u017cadnymi kosztami.<\/p>\n<p>Wype\u0142niaj\u0105c nasz link do bezp\u0142atnego konta pr\u00f3bnego, mo\u017cesz zacz\u0105\u0107 w 5 minut. Otrzymasz od nas 50 darmowych SMS-\u00f3w, aby\u015b m\u00f3g\u0142 szybko oceni\u0107 jako\u015b\u0107 naszych us\u0142ug. Je\u015bli masz jakie\u015b pytania, pami\u0119taj, \u017ce zawsze jeste\u015bmy tutaj, aby pom\u00f3c i mamy wieloletnie do\u015bwiadczenie od naszych innych klient\u00f3w w bran\u017cy.<\/p>\n\n\t\t\t<p><a href=\"https:\/\/suresms.com\/wp-content\/uploads\/2016\/01\/Herning-Varmforsinkning-100-px.jpg\"><img loading=\"lazy\" decoding=\"async\" src=\"https:\/\/suresms.com\/wp-content\/uploads\/2016\/01\/Herning-Varmforsinkning-100-px.jpg\" alt=\"Herning Radiator 100 px\" width=\"100\" height=\"99\" \/><\/a><\/p>\n<p>Herning Varmforzinkning wysy\u0142a wiadomo\u015bci do swoich klient\u00f3w za po\u015brednictwem Email2SMS. Klienci otrzymuj\u0105 wiadomo\u015b\u0107 flash na sw\u00f3j telefon kom\u00f3rkowy, gdy zam\u00f3wienie zostanie zrealizowane.<\/p>\n<em>\"Powinno by\u0107 wi\u0119cej firm IT takich jak wy.<br \/>\n- Jest bardzo elastyczny\".<\/em>\n<p><strong>Bjarne J\u00f8rgensen, dyrektor zarz\u0105dzaj\u0105cy Dyrektor zarz\u0105dzaj\u0105cy<\/strong><\/p>\n<p><strong>Herning Cynkowanie ogniowe.<\/strong><\/p>\n\t\t<h4>Utw\u00f3rz bezp\u0142atne konto pr\u00f3bne<\/h4>\n\t\t<p>Zajmuje to tylko 5 minut. Zacznij od razu i zdob\u0105d\u017a <strong>100 bezp\u0142atnych wiadomo\u015bci SMS<\/strong> bez \u017cadnych zobowi\u0105za\u0144.<\/p>\n\t\t\t<a href=\"https:\/\/suresms.com\/pl\/darmowe-konto-testowe-sms\/\" target=\"_self\">\n\t\t\t\t\t\t\tUtw\u00f3rz konto pr\u00f3bne\n\t\t\t\t\t<\/a>\n\t\t<h4>Zam\u00f3w rozwi\u0105zanie dwukierunkowe!<\/h4>\n\t\t<p>Masz ju\u017c konto? Zam\u00f3w rozwi\u0105zanie dwukierunkowe i uzyskaj dodatkowe opcje, kt\u00f3re zapewnia Twoje w\u0142asne rozwi\u0105zanie.\u00a0<\/p>\n\t\t\t<a href=\"https:\/\/suresms.com\/pl\/zamow-rozladunek-w-2-kierunkach\/\" target=\"_self\">\n\t\t\t\t\t\t\tZam\u00f3w rozwi\u0105zanie 2-kierunkowe\n\t\t\t\t\t<\/a>\n\t<p>&gt; Powr\u00f3t do <a href=\"https:\/\/suresms.com\/pl\/zrzuty-oddzialowe\/\">Rozwi\u0105zania bran\u017cowe<\/a><\/p>","protected":false},"excerpt":{"rendered":"<p>SMS dla firm produkcyjnych i przedsi\u0119biorstw W SureSMS dostarczamy SMS-y dla firm produkcyjnych i przedsi\u0119biorstw. Dostarczamy stabiln\u0105 i niezawodn\u0105 bramk\u0119 o najwy\u017cszej jako\u015bci i monitoringu - rozwi\u0105zanie SMS, kt\u00f3re dzia\u0142a. Zalety bramki SureSMS: Stabilno\u015b\u0107 operacyjna i najwy\u017cszy mo\u017cliwy czas pracy. Kopia zapasowa: Tworzymy kopie zapasowe wszystkich danych na fizycznych serwerach w r\u00f3\u017cnych lokalizacjach.... <a title=\"SMS dla firm produkcyjnych\" class=\"read-more\" href=\"https:\/\/suresms.com\/pl\/branchelosninger\/sms-til-produktionsvirksomheder\/\" aria-label=\"Dowiedz si\u0119 wi\u0119cej o SMS dla firm produkcyjnych\">Dowiedz si\u0119 wi\u0119cej<\/a><\/p>","protected":false},"author":1,"featured_media":0,"parent":1654,"menu_order":6,"comment_status":"closed","ping_status":"closed","template":"","meta":{"_fl_builder_enabled":"1","_fl_builder_data":null,"_fl_builder_draft":null,"_fl_builder_data_settings":null,"_fl_builder_css":"","_fl_builder_css_version":"","_fl_builder_js":"","footnotes":""},"categories":[],"tags":[],"class_list":["post-2687","page","type-page","status-publish"],"yoast_head":"<!-- This site is optimized with the Yoast SEO Premium plugin v27.3 (Yoast SEO v27.3) - https:\/\/yoast.com\/product\/yoast-seo-premium-wordpress\/ -->\r\n<title>SMS til Produktionsvirksomheder - SureSMS. Stabil og driftssikker SMS<\/title>\r\n<meta name=\"description\" content=\"Driftstabil og fleksibel online SMS Gateway. H\u00f8j leveringssikkerhed og professionel service til god pris. Bedste leverand\u00f8rer giver h\u00f8jest mulige oppetid.\" \/>\r\n<meta name=\"robots\" content=\"index, follow, max-snippet:-1, max-image-preview:large, max-video-preview:-1\" \/>\r\n<link rel=\"canonical\" href=\"https:\/\/suresms.com\/pl\/zrzuty-oddzialowe\/sms-dla-firm-produkcyjnych\/\" \/>\r\n<meta property=\"og:locale\" content=\"pl_PL\" \/>\r\n<meta property=\"og:type\" content=\"article\" \/>\r\n<meta property=\"og:title\" content=\"SMS til Produktionsvirksomheder\" \/>\r\n<meta property=\"og:description\" content=\"Driftstabil og fleksibel online SMS Gateway. H\u00f8j leveringssikkerhed og professionel service til god pris. Bedste leverand\u00f8rer giver h\u00f8jest mulige oppetid.\" \/>\r\n<meta property=\"og:url\" content=\"https:\/\/suresms.com\/pl\/zrzuty-oddzialowe\/sms-dla-firm-produkcyjnych\/\" \/>\r\n<meta property=\"article:publisher\" content=\"https:\/\/www.facebook.com\/p\/SureSMS-100044607956149\/\" \/>\r\n<meta property=\"article:modified_time\" content=\"2025-01-05T00:19:16+00:00\" \/>\r\n<meta property=\"og:image\" content=\"https:\/\/suresms.com\/wp-content\/uploads\/2016\/06\/sms-til-produktionsvirksomheder-snippet.jpg\" \/>\r\n\t<meta property=\"og:image:width\" content=\"400\" \/>\r\n\t<meta property=\"og:image:height\" content=\"266\" \/>\r\n\t<meta property=\"og:image:type\" content=\"image\/jpeg\" \/>\r\n<meta name=\"twitter:card\" content=\"summary_large_image\" \/>\r\n<meta name=\"twitter:label1\" content=\"Szacowany czas czytania\" \/>\n\t<meta name=\"twitter:data1\" content=\"4 minuty\" \/>\r\n<script type=\"application\/ld+json\" class=\"yoast-schema-graph\">{\"@context\":\"https:\\\/\\\/schema.org\",\"@graph\":[{\"@type\":\"WebPage\",\"@id\":\"https:\\\/\\\/suresms.com\\\/dk\\\/branchelosninger\\\/sms-til-produktionsvirksomheder\\\/\",\"url\":\"https:\\\/\\\/suresms.com\\\/dk\\\/branchelosninger\\\/sms-til-produktionsvirksomheder\\\/\",\"name\":\"SMS til Produktionsvirksomheder - SureSMS. Stabil og driftssikker SMS\",\"isPartOf\":{\"@id\":\"https:\\\/\\\/suresms.com\\\/en\\\/#website\"},\"primaryImageOfPage\":{\"@id\":\"https:\\\/\\\/suresms.com\\\/dk\\\/branchelosninger\\\/sms-til-produktionsvirksomheder\\\/#primaryimage\"},\"image\":{\"@id\":\"https:\\\/\\\/suresms.com\\\/dk\\\/branchelosninger\\\/sms-til-produktionsvirksomheder\\\/#primaryimage\"},\"thumbnailUrl\":\"https:\\\/\\\/suresms.com\\\/wp-content\\\/uploads\\\/2016\\\/01\\\/Herning-Varmforsinkning-100-px.jpg\",\"datePublished\":\"2016-06-02T08:02:29+00:00\",\"dateModified\":\"2025-01-05T00:19:16+00:00\",\"description\":\"Driftstabil og fleksibel online SMS Gateway. H\u00f8j leveringssikkerhed og professionel service til god pris. Bedste leverand\u00f8rer giver h\u00f8jest mulige oppetid.\",\"breadcrumb\":{\"@id\":\"https:\\\/\\\/suresms.com\\\/dk\\\/branchelosninger\\\/sms-til-produktionsvirksomheder\\\/#breadcrumb\"},\"inLanguage\":\"pl-PL\",\"potentialAction\":[{\"@type\":\"ReadAction\",\"target\":[\"https:\\\/\\\/suresms.com\\\/dk\\\/branchelosninger\\\/sms-til-produktionsvirksomheder\\\/\"]}]},{\"@type\":\"ImageObject\",\"inLanguage\":\"pl-PL\",\"@id\":\"https:\\\/\\\/suresms.com\\\/dk\\\/branchelosninger\\\/sms-til-produktionsvirksomheder\\\/#primaryimage\",\"url\":\"https:\\\/\\\/suresms.com\\\/wp-content\\\/uploads\\\/2016\\\/01\\\/Herning-Varmforsinkning-100-px.jpg\",\"contentUrl\":\"https:\\\/\\\/suresms.com\\\/wp-content\\\/uploads\\\/2016\\\/01\\\/Herning-Varmforsinkning-100-px.jpg\"},{\"@type\":\"BreadcrumbList\",\"@id\":\"https:\\\/\\\/suresms.com\\\/dk\\\/branchelosninger\\\/sms-til-produktionsvirksomheder\\\/#breadcrumb\",\"itemListElement\":[{\"@type\":\"ListItem\",\"position\":1,\"name\":\"Home\",\"item\":\"https:\\\/\\\/suresms.com\\\/dk\\\/\"},{\"@type\":\"ListItem\",\"position\":2,\"name\":\"Branchel\u00f8sninger\",\"item\":\"https:\\\/\\\/suresms.com\\\/dk\\\/branchelosninger\\\/\"},{\"@type\":\"ListItem\",\"position\":3,\"name\":\"SMS til Produktionsvirksomheder\"}]},{\"@type\":\"WebSite\",\"@id\":\"https:\\\/\\\/suresms.com\\\/en\\\/#website\",\"url\":\"https:\\\/\\\/suresms.com\\\/en\\\/\",\"name\":\"SureSMS\",\"description\":\"Professionel SMS Gateway\",\"publisher\":{\"@id\":\"https:\\\/\\\/suresms.com\\\/en\\\/#organization\"},\"potentialAction\":[{\"@type\":\"SearchAction\",\"target\":{\"@type\":\"EntryPoint\",\"urlTemplate\":\"https:\\\/\\\/suresms.com\\\/en\\\/?s={search_term_string}\"},\"query-input\":{\"@type\":\"PropertyValueSpecification\",\"valueRequired\":true,\"valueName\":\"search_term_string\"}}],\"inLanguage\":\"pl-PL\"},{\"@type\":\"Organization\",\"@id\":\"https:\\\/\\\/suresms.com\\\/en\\\/#organization\",\"name\":\"SureSMS\",\"url\":\"https:\\\/\\\/suresms.com\\\/en\\\/\",\"logo\":{\"@type\":\"ImageObject\",\"inLanguage\":\"pl-PL\",\"@id\":\"https:\\\/\\\/suresms.com\\\/en\\\/#\\\/schema\\\/logo\\\/image\\\/\",\"url\":\"https:\\\/\\\/suresms.com\\\/wp-content\\\/uploads\\\/2024\\\/11\\\/suresms-300x65-1.png\",\"contentUrl\":\"https:\\\/\\\/suresms.com\\\/wp-content\\\/uploads\\\/2024\\\/11\\\/suresms-300x65-1.png\",\"width\":300,\"height\":65,\"caption\":\"SureSMS\"},\"image\":{\"@id\":\"https:\\\/\\\/suresms.com\\\/en\\\/#\\\/schema\\\/logo\\\/image\\\/\"},\"sameAs\":[\"https:\\\/\\\/www.facebook.com\\\/p\\\/SureSMS-100044607956149\\\/\"]}]}<\/script>\r\n<!-- \/ Yoast SEO Premium plugin. -->","yoast_head_json":{"title":"SMS dla firm produkcyjnych - SureSMS. Stabilne i niezawodne wiadomo\u015bci SMS","description":"Stabilna i elastyczna bramka SMS online. Wysoka niezawodno\u015b\u0107 dostaw i profesjonalna obs\u0142uga w dobrej cenie. Najlepsi dostawcy zapewniaj\u0105 najwy\u017cszy mo\u017cliwy czas pracy.","robots":{"index":"index","follow":"follow","max-snippet":"max-snippet:-1","max-image-preview":"max-image-preview:large","max-video-preview":"max-video-preview:-1"},"canonical":"https:\/\/suresms.com\/pl\/zrzuty-oddzialowe\/sms-dla-firm-produkcyjnych\/","og_locale":"pl_PL","og_type":"article","og_title":"SMS til Produktionsvirksomheder","og_description":"Driftstabil og fleksibel online SMS Gateway. H\u00f8j leveringssikkerhed og professionel service til god pris. Bedste leverand\u00f8rer giver h\u00f8jest mulige oppetid.","og_url":"https:\/\/suresms.com\/pl\/zrzuty-oddzialowe\/sms-dla-firm-produkcyjnych\/","article_publisher":"https:\/\/www.facebook.com\/p\/SureSMS-100044607956149\/","article_modified_time":"2025-01-05T00:19:16+00:00","og_image":[{"width":400,"height":266,"url":"https:\/\/suresms.com\/wp-content\/uploads\/2016\/06\/sms-til-produktionsvirksomheder-snippet.jpg","type":"image\/jpeg"}],"twitter_card":"summary_large_image","twitter_misc":{"Szacowany czas czytania":"4 minuty"},"schema":{"@context":"https:\/\/schema.org","@graph":[{"@type":"WebPage","@id":"https:\/\/suresms.com\/dk\/branchelosninger\/sms-til-produktionsvirksomheder\/","url":"https:\/\/suresms.com\/dk\/branchelosninger\/sms-til-produktionsvirksomheder\/","name":"SMS dla firm produkcyjnych - SureSMS. Stabilne i niezawodne wiadomo\u015bci SMS","isPartOf":{"@id":"https:\/\/suresms.com\/en\/#website"},"primaryImageOfPage":{"@id":"https:\/\/suresms.com\/dk\/branchelosninger\/sms-til-produktionsvirksomheder\/#primaryimage"},"image":{"@id":"https:\/\/suresms.com\/dk\/branchelosninger\/sms-til-produktionsvirksomheder\/#primaryimage"},"thumbnailUrl":"https:\/\/suresms.com\/wp-content\/uploads\/2016\/01\/Herning-Varmforsinkning-100-px.jpg","datePublished":"2016-06-02T08:02:29+00:00","dateModified":"2025-01-05T00:19:16+00:00","description":"Stabilna i elastyczna bramka SMS online. Wysoka niezawodno\u015b\u0107 dostaw i profesjonalna obs\u0142uga w dobrej cenie. Najlepsi dostawcy zapewniaj\u0105 najwy\u017cszy mo\u017cliwy czas pracy.","breadcrumb":{"@id":"https:\/\/suresms.com\/dk\/branchelosninger\/sms-til-produktionsvirksomheder\/#breadcrumb"},"inLanguage":"pl-PL","potentialAction":[{"@type":"ReadAction","target":["https:\/\/suresms.com\/dk\/branchelosninger\/sms-til-produktionsvirksomheder\/"]}]},{"@type":"ImageObject","inLanguage":"pl-PL","@id":"https:\/\/suresms.com\/dk\/branchelosninger\/sms-til-produktionsvirksomheder\/#primaryimage","url":"https:\/\/suresms.com\/wp-content\/uploads\/2016\/01\/Herning-Varmforsinkning-100-px.jpg","contentUrl":"https:\/\/suresms.com\/wp-content\/uploads\/2016\/01\/Herning-Varmforsinkning-100-px.jpg"},{"@type":"BreadcrumbList","@id":"https:\/\/suresms.com\/dk\/branchelosninger\/sms-til-produktionsvirksomheder\/#breadcrumb","itemListElement":[{"@type":"ListItem","position":1,"name":"Home","item":"https:\/\/suresms.com\/dk\/"},{"@type":"ListItem","position":2,"name":"Branchel\u00f8sninger","item":"https:\/\/suresms.com\/dk\/branchelosninger\/"},{"@type":"ListItem","position":3,"name":"SMS til Produktionsvirksomheder"}]},{"@type":"WebSite","@id":"https:\/\/suresms.com\/en\/#website","url":"https:\/\/suresms.com\/en\/","name":"SureSMS","description":"Profesjonalna bramka SMS","publisher":{"@id":"https:\/\/suresms.com\/en\/#organization"},"potentialAction":[{"@type":"SearchAction","target":{"@type":"EntryPoint","urlTemplate":"https:\/\/suresms.com\/en\/?s={search_term_string}"},"query-input":{"@type":"PropertyValueSpecification","valueRequired":true,"valueName":"search_term_string"}}],"inLanguage":"pl-PL"},{"@type":"Organization","@id":"https:\/\/suresms.com\/en\/#organization","name":"SureSMS","url":"https:\/\/suresms.com\/en\/","logo":{"@type":"ImageObject","inLanguage":"pl-PL","@id":"https:\/\/suresms.com\/en\/#\/schema\/logo\/image\/","url":"https:\/\/suresms.com\/wp-content\/uploads\/2024\/11\/suresms-300x65-1.png","contentUrl":"https:\/\/suresms.com\/wp-content\/uploads\/2024\/11\/suresms-300x65-1.png","width":300,"height":65,"caption":"SureSMS"},"image":{"@id":"https:\/\/suresms.com\/en\/#\/schema\/logo\/image\/"},"sameAs":["https:\/\/www.facebook.com\/p\/SureSMS-100044607956149\/"]}]}},"_links":{"self":[{"href":"https:\/\/suresms.com\/pl\/wp-json\/wp\/v2\/pages\/2687","targetHints":{"allow":["GET"]}}],"collection":[{"href":"https:\/\/suresms.com\/pl\/wp-json\/wp\/v2\/pages"}],"about":[{"href":"https:\/\/suresms.com\/pl\/wp-json\/wp\/v2\/types\/page"}],"author":[{"embeddable":true,"href":"https:\/\/suresms.com\/pl\/wp-json\/wp\/v2\/users\/1"}],"replies":[{"embeddable":true,"href":"https:\/\/suresms.com\/pl\/wp-json\/wp\/v2\/comments?post=2687"}],"version-history":[{"count":2,"href":"https:\/\/suresms.com\/pl\/wp-json\/wp\/v2\/pages\/2687\/revisions"}],"predecessor-version":[{"id":21218,"href":"https:\/\/suresms.com\/pl\/wp-json\/wp\/v2\/pages\/2687\/revisions\/21218"}],"up":[{"embeddable":true,"href":"https:\/\/suresms.com\/pl\/wp-json\/wp\/v2\/pages\/1654"}],"wp:attachment":[{"href":"https:\/\/suresms.com\/pl\/wp-json\/wp\/v2\/media?parent=2687"}],"wp:term":[{"taxonomy":"category","embeddable":true,"href":"https:\/\/suresms.com\/pl\/wp-json\/wp\/v2\/categories?post=2687"},{"taxonomy":"post_tag","embeddable":true,"href":"https:\/\/suresms.com\/pl\/wp-json\/wp\/v2\/tags?post=2687"}],"curies":[{"name":"wp","href":"https:\/\/api.w.org\/{rel}","templated":true}]}}