{"id":2681,"date":"2016-06-01T17:49:00","date_gmt":"2016-06-01T15:49:00","guid":{"rendered":"https:\/\/www.suresms.com\/dk\/?page_id=2681"},"modified":"2025-01-03T14:16:29","modified_gmt":"2025-01-03T14:16:29","slug":"sms-dla-firm-uslugowych","status":"publish","type":"page","link":"https:\/\/suresms.com\/pl\/branchelosninger\/sms-til-servicevirksomheder\/","title":{"rendered":"SMS dla firm us\u0142ugowych"},"content":{"rendered":"<!-- Flexy Breadcrumb -->\r\n\t\t\t<div class=\"fbc fbc-page\">\r\n\r\n\t\t\t\t<!-- Breadcrumb wrapper -->\r\n\t\t\t\t<div class=\"fbc-wrap\">\r\n\r\n\t\t\t\t\t<!-- Ordered list-->\r\n\t\t\t\t\t<ol class=\"fbc-items\" itemscope itemtype=\"https:\/\/schema.org\/BreadcrumbList\">\r\n\t\t\t\t\t\t            <li itemprop=\"itemListElement\" itemscope itemtype=\"https:\/\/schema.org\/ListItem\">\r\n                <span itemprop=\"name\">\r\n                    <!-- Home Link -->\r\n                    <a itemprop=\"item\" href=\"https:\/\/suresms.com\/pl\/\">\r\n                    \r\n                                                    <i class=\"fa fa-home\" aria-hidden=\"true\"><\/i>Strona g\u0142\u00f3wna                    <\/a>\r\n                <\/span>\r\n                <meta itemprop=\"position\" content=\"1\" \/><!-- Meta Position-->\r\n             <\/li><li><span class=\"fbc-separator\">\/<\/span><\/li><li class=\"active\" itemprop=\"itemListElement\" itemscope itemtype=\"https:\/\/schema.org\/ListItem\"><span itemprop=\"name\" title=\"SMS dla firm us\u0142ugowych\">SMS dla firm us\u0142ugowych<\/span><meta itemprop=\"position\" content=\"2\" \/><\/li>\t\t\t\t\t<\/ol>\r\n\t\t\t\t\t<div class=\"clearfix\"><\/div>\r\n\t\t\t\t<\/div>\r\n\t\t\t<\/div>\r\n\t\t\t\n<h1>\n\t\tSMS dla firm us\u0142ugowych\n\t<\/h1>\n<p><strong>Warsztaty samochodowe, denty\u015bci, fryzjerzy, kliniki i terapeuci. Bramka SMS jest optymalnym rozwi\u0105zaniem dla firm us\u0142ugowych. Dzi\u0119ki rozwi\u0105zaniu SureSMS mo\u017cna \u0142atwo i tanio wysy\u0142a\u0107 wiadomo\u015bci SMS do klient\u00f3w z komputera.<\/strong><\/p>\n<p>Nasz prosty i nieskomplikowany interfejs u\u0142atwia wysy\u0142anie wiadomo\u015bci SMS dok\u0142adnie do tych os\u00f3b w grupie, z kt\u00f3rymi chcesz si\u0119 komunikowa\u0107. Wymagany jest jedynie dost\u0119p do Internetu. Aby rozpocz\u0105\u0107, nie trzeba instalowa\u0107 \u017cadnego oprogramowania ani program\u00f3w.<\/p>\n<p><strong>Korzy\u015bci:\u00a0<\/strong><\/p>\n<ul>\n<li><strong>Zaplanuj wiadomo\u015bci do wys\u0142ania: Wysy\u0142aj przypomnienia o spotkaniach i unikaj niepotrzebnych odwo\u0142a\u0144.<\/strong><\/li>\n<li><strong>Generowanie przychod\u00f3w: Wysy\u0142aj \u015bwietne oferty i newslettery do klient\u00f3w za po\u015brednictwem naszej funkcji grupowej.<\/strong><\/li>\n<li><strong>\u0141atwe wysy\u0142anie spersonalizowanych wiadomo\u015bci do grup z naszego portalu internetowego dzi\u0119ki funkcji scalania nazw.<\/strong><\/li>\n<li><strong>Przeprowadzaj badania satysfakcji z us\u0142ug. Wysy\u0142aj i odbieraj wiadomo\u015bci od klient\u00f3w dzi\u0119ki dwukierunkowemu rozwi\u0105zaniu.<\/strong><\/li>\n<li><strong>Z naszego portalu internetowego mo\u017cna korzysta\u0107 za pomoc\u0105 komputera, iPada lub smartfona.<\/strong><\/li>\n<\/ul>\n<p>Oczywi\u015bcie nasz\u0105 us\u0142ug\u0119 mo\u017cna r\u00f3wnie\u017c zintegrowa\u0107 z istniej\u0105cym systemem za po\u015brednictwem naszego interfejsu API SureSMS. <a title=\"Skontaktuj si\u0119 z nami\" href=\"https:\/\/suresms.com\/pl\/kontakt\/\">Skontaktuj si\u0119 z nami<\/a> je\u015bli chcesz zintegrowa\u0107 nasze SMS-y ze swoim systemem.<\/p>\n<h3>Wysy\u0142aj przypomnienia o spotkaniach - unikaj odwo\u0142ywania spotka\u0144<\/h3>\n<p>Ka\u017cda firma us\u0142ugowa polega na klientach, kt\u00f3rzy pojawiaj\u0105 si\u0119 na czas. Za ka\u017cdym razem, gdy klient nie pojawia si\u0119 w uzgodnionym czasie, mo\u017ce to zagrozi\u0107 planowaniu i przychodom. Unikaj marnowania czasu i zasob\u00f3w, wysy\u0142aj\u0105c przypomnienia do klient\u00f3w. Niewielki, kontrolowany czasowo SMS mo\u017ce zapewni\u0107, \u017ce klient albo pojawi si\u0119, albo b\u0119dzie pami\u0119ta\u0142 o wys\u0142aniu odwo\u0142ania w odpowiednim czasie.<\/p>\n<h3>Funkcje grupowe<\/h3>\n<p>Z naszego portalu internetowego mo\u017cna skorzysta\u0107 z funkcji <a title=\"GroupSMS: Tworzenie i wysy\u0142anie wiadomo\u015bci do grup\" href=\"https:\/\/suresms.com\/pl\/grupa-sms\/\">Tworzenie i wysy\u0142anie wiadomo\u015bci SMS do grup<\/a>. Mo\u017ce to by\u0107 fryzjer, kt\u00f3ry chce wys\u0142a\u0107 specjaln\u0105 ofert\u0119, fizjoterapeuta z wiadomo\u015bci\u0105 dla poniedzia\u0142kowego zespo\u0142u lub mechanik samochodowy, kt\u00f3ry chce skontaktowa\u0107 si\u0119 z klientami, kt\u00f3rzy w zesz\u0142ym roku wymienili opony zimowe. Organizuj\u0105c kontakty w grupy, mo\u017cna wys\u0142a\u0107 grupow\u0105 wiadomo\u015b\u0107 SMS do ca\u0142ej grupy, po prostu wpisuj\u0105c pojedyncz\u0105 wiadomo\u015b\u0107 SMS. Wiadomo\u015b\u0107 mo\u017cna oczywi\u015bcie zaplanowa\u0107 tak, aby by\u0142a wysy\u0142ana w ustalonych odst\u0119pach czasu: np. co tydzie\u0144, co miesi\u0105c lub co rok.<\/p>\n<h3>Jak si\u0119 zarejestrowa\u0107<\/h3>\n<p>Z naszym <a title=\"2-kierunkowe wiadomo\u015bci SMS, odbieranie wiadomo\u015bci SMS na komputerze\" href=\"https:\/\/suresms.com\/pl\/cechy\/odbieranie-wiadomosci-tekstowych-na-komputerze\/\">2-kierunkowe rozwi\u0105zanie SMS <\/a>Cz\u0142onkowie mog\u0105 zapisa\u0107 si\u0119 na list\u0119 i samodzielnie przekazywa\u0107 informacje zwrotne. Mo\u017cesz r\u00f3wnie\u017c doda\u0107 niewielki kod do w\u0142asnej strony internetowej, aby cz\u0142onkowie mogli si\u0119 tam zarejestrowa\u0107.<\/p>\n<p>By\u0107 mo\u017ce masz ju\u017c wszystkich swoich cz\u0142onk\u00f3w w arkuszu kalkulacyjnym. Mo\u017cesz za\u0142adowa\u0107 go do naszego systemu, aby szybko rozpocz\u0105\u0107 prac\u0119 z klubami SMS.<\/p>\n<h3>Tworzenie ankiet satysfakcji dla klient\u00f3w<\/h3>\nDla wielu firm us\u0142ugowych wa\u017cne jest, aby oceni\u0107, jak dobre do\u015bwiadczenie mia\u0142 klient po zakupie us\u0142ugi. Na przyk\u0142ad, mamy wiele <strong>warsztaty samochodowe<\/strong> kt\u00f3rzy korzystaj\u0105 z naszego rozwi\u0105zania dwukierunkowego. Po odebraniu samochodu klient otrzymuje wiadomo\u015b\u0107:<br \/>\n<strong>\"Czy jeste\u015b zadowolony z naszych us\u0142ug? Odpowiedz TAK lub NIE\".<\/strong><br \/>\nW ten spos\u00f3b mechanik ma mo\u017cliwo\u015b\u0107 zareagowania i utrzymania wysokiej jako\u015bci us\u0142ug w swojej firmie.\n<h3>Nazwa nadawcy<\/h3>\n<p>Mo\u017cesz zdecydowa\u0107, kto powinien by\u0107 nadawc\u0105 wiadomo\u015bci. Je\u015bli masz klub klienta, mo\u017ce to by\u0107 nazwa firmy, numer telefonu lub co\u015b innego.  Jedynym ograniczeniem jest to, \u017ce firmy telekomunikacyjne zezwalaj\u0105 na maksymalnie 11 znak\u00f3w w nadawcy.<\/p>\n<h3>Utw\u00f3rz darmowe konto w 5 minut<\/h3>\n<p><strong> Utw\u00f3rz bezp\u0142atne konto pr\u00f3bne i oce\u0144 sam. Nie ma \u017cadnych ukrytych koszt\u00f3w ani zobowi\u0105za\u0144. Nie wahaj si\u0119 skontaktowa\u0107 z nami w razie jakichkolwiek pyta\u0144. Z niecierpliwo\u015bci\u0105 czekamy, aby Ci pom\u00f3c.<\/strong><\/p>\n\t\t\t<p><img loading=\"lazy\" decoding=\"async\" src=\"https:\/\/suresms.com\/wp-content\/uploads\/2016\/06\/Frisoergaarden-1.jpg\" alt=\"\" width=\"100\" height=\"100\" \/><em>\"Po przej\u015bciu z Clickatell na SureSMS nie mamy ju\u017c problem\u00f3w z naszym systemem SMS, wi\u0119c \u017ca\u0142uj\u0119, \u017ce nie zrobili\u015bmy tego dawno temu.<\/em><em>Dzi\u0119kujemy za stabilne i dobre rozwi\u0105zanie, kt\u00f3re jest r\u00f3wnie\u017c przyst\u0119pne cenowo!\"<\/em><strong>Julie Thorsen, mistrz fryzjerstwa<\/strong><strong>Fris\u00f8rg\u00e5rden.dk, Holb\u00e6k, Dania<\/strong><\/p>\t\t\n\t\t<h4>Utw\u00f3rz bezp\u0142atne konto pr\u00f3bne<\/h4>\n\t\t<p>Zajmuje to tylko 5 minut. Zacznij od razu i zdob\u0105d\u017a <strong>50 bezp\u0142atnych wiadomo\u015bci SMS<\/strong> bez \u017cadnych zobowi\u0105za\u0144.<\/p>\n\t\t\t<a href=\"https:\/\/suresms.com\/pl\/darmowe-konto-testowe-sms\/\" target=\"_self\">\n\t\t\t\t\t\t\tUtw\u00f3rz konto pr\u00f3bne\n\t\t\t\t\t<\/a>","protected":false},"excerpt":{"rendered":"<p>SMS dla firm us\u0142ugowych Warsztaty samochodowe, denty\u015bci, fryzjerzy, kliniki i terapeuci. Bramka SMS to optymalne rozwi\u0105zanie, je\u015bli potrzebujesz wiadomo\u015bci SMS online dla firm us\u0142ugowych. Dzi\u0119ki rozwi\u0105zaniu SureSMS mo\u017cna \u0142atwo i tanio wysy\u0142a\u0107 wiadomo\u015bci SMS do klient\u00f3w z komputera. Nasz prosty i przejrzysty interfejs u\u017cytkownika u\u0142atwia wysy\u0142anie wiadomo\u015bci SMS dok\u0142adnie do w\u0142a\u015bciwych os\u00f3b... <a title=\"SMS dla firm us\u0142ugowych\" class=\"read-more\" href=\"https:\/\/suresms.com\/pl\/branchelosninger\/sms-til-servicevirksomheder\/\" aria-label=\"Dowiedz si\u0119 wi\u0119cej o SMS dla firm us\u0142ugowych\">Dowiedz si\u0119 wi\u0119cej<\/a><\/p>","protected":false},"author":1,"featured_media":0,"parent":1654,"menu_order":1,"comment_status":"closed","ping_status":"closed","template":"","meta":{"_fl_builder_enabled":"1","_fl_builder_data":null,"_fl_builder_draft":null,"_fl_builder_data_settings":null,"_fl_builder_css":"","_fl_builder_css_version":"","_fl_builder_js":"","footnotes":""},"categories":[],"tags":[],"class_list":["post-2681","page","type-page","status-publish"],"yoast_head":"<!-- This site is optimized with the Yoast SEO Premium plugin v27.3 (Yoast SEO v27.3) - https:\/\/yoast.com\/product\/yoast-seo-premium-wordpress\/ -->\r\n<title>Sms til servicevirksomheder. Fleksibel og billig SMS online. SureSMS<\/title>\r\n<meta name=\"description\" content=\"Autov\u00e6rksteder, tandl\u00e6ger, fris\u00f8rer, klinikker .Send nemt og billigt p\u00e5mindelser og personlige SMS&#039;er til kunder direkte fra din PC. Opret gratis Testkonto!\" \/>\r\n<meta name=\"robots\" content=\"index, follow, max-snippet:-1, max-image-preview:large, max-video-preview:-1\" \/>\r\n<link rel=\"canonical\" href=\"https:\/\/suresms.com\/pl\/zrzuty-oddzialowe\/sms-dla-firm-uslugowych\/\" \/>\r\n<meta property=\"og:locale\" content=\"pl_PL\" \/>\r\n<meta property=\"og:type\" content=\"article\" \/>\r\n<meta property=\"og:title\" content=\"SMS til Servicevirksomheder\" \/>\r\n<meta property=\"og:description\" content=\"Autov\u00e6rksteder, tandl\u00e6ger, fris\u00f8rer, klinikker .Send nemt og billigt p\u00e5mindelser og personlige SMS&#039;er til kunder direkte fra din PC. Opret gratis Testkonto!\" \/>\r\n<meta property=\"og:url\" content=\"https:\/\/suresms.com\/pl\/zrzuty-oddzialowe\/sms-dla-firm-uslugowych\/\" \/>\r\n<meta property=\"article:publisher\" content=\"https:\/\/www.facebook.com\/p\/SureSMS-100044607956149\/\" \/>\r\n<meta property=\"article:modified_time\" content=\"2025-01-03T14:16:29+00:00\" \/>\r\n<meta property=\"og:image\" content=\"https:\/\/suresms.com\/wp-content\/uploads\/2016\/06\/sms-til-service-snippet.jpg\" \/>\r\n\t<meta property=\"og:image:width\" content=\"400\" \/>\r\n\t<meta property=\"og:image:height\" content=\"266\" \/>\r\n\t<meta property=\"og:image:type\" content=\"image\/jpeg\" \/>\r\n<meta name=\"twitter:card\" content=\"summary_large_image\" \/>\r\n<meta name=\"twitter:label1\" content=\"Szacowany czas czytania\" \/>\n\t<meta name=\"twitter:data1\" content=\"3 minuty\" \/>\r\n<script type=\"application\/ld+json\" class=\"yoast-schema-graph\">{\"@context\":\"https:\\\/\\\/schema.org\",\"@graph\":[{\"@type\":\"WebPage\",\"@id\":\"https:\\\/\\\/suresms.com\\\/dk\\\/branchelosninger\\\/sms-til-servicevirksomheder\\\/\",\"url\":\"https:\\\/\\\/suresms.com\\\/dk\\\/branchelosninger\\\/sms-til-servicevirksomheder\\\/\",\"name\":\"Sms til servicevirksomheder. Fleksibel og billig SMS online. SureSMS\",\"isPartOf\":{\"@id\":\"https:\\\/\\\/suresms.com\\\/en\\\/#website\"},\"primaryImageOfPage\":{\"@id\":\"https:\\\/\\\/suresms.com\\\/dk\\\/branchelosninger\\\/sms-til-servicevirksomheder\\\/#primaryimage\"},\"image\":{\"@id\":\"https:\\\/\\\/suresms.com\\\/dk\\\/branchelosninger\\\/sms-til-servicevirksomheder\\\/#primaryimage\"},\"thumbnailUrl\":\"https:\\\/\\\/suresms.com\\\/wp-content\\\/uploads\\\/2016\\\/06\\\/Frisoergaarden-1.jpg\",\"datePublished\":\"2016-06-01T15:49:00+00:00\",\"dateModified\":\"2025-01-03T14:16:29+00:00\",\"description\":\"Autov\u00e6rksteder, tandl\u00e6ger, fris\u00f8rer, klinikker .Send nemt og billigt p\u00e5mindelser og personlige SMS'er til kunder direkte fra din PC. Opret gratis Testkonto!\",\"breadcrumb\":{\"@id\":\"https:\\\/\\\/suresms.com\\\/dk\\\/branchelosninger\\\/sms-til-servicevirksomheder\\\/#breadcrumb\"},\"inLanguage\":\"pl-PL\",\"potentialAction\":[{\"@type\":\"ReadAction\",\"target\":[\"https:\\\/\\\/suresms.com\\\/dk\\\/branchelosninger\\\/sms-til-servicevirksomheder\\\/\"]}]},{\"@type\":\"ImageObject\",\"inLanguage\":\"pl-PL\",\"@id\":\"https:\\\/\\\/suresms.com\\\/dk\\\/branchelosninger\\\/sms-til-servicevirksomheder\\\/#primaryimage\",\"url\":\"https:\\\/\\\/suresms.com\\\/wp-content\\\/uploads\\\/2016\\\/06\\\/Frisoergaarden-1.jpg\",\"contentUrl\":\"https:\\\/\\\/suresms.com\\\/wp-content\\\/uploads\\\/2016\\\/06\\\/Frisoergaarden-1.jpg\"},{\"@type\":\"BreadcrumbList\",\"@id\":\"https:\\\/\\\/suresms.com\\\/dk\\\/branchelosninger\\\/sms-til-servicevirksomheder\\\/#breadcrumb\",\"itemListElement\":[{\"@type\":\"ListItem\",\"position\":1,\"name\":\"Home\",\"item\":\"https:\\\/\\\/suresms.com\\\/dk\\\/\"},{\"@type\":\"ListItem\",\"position\":2,\"name\":\"Branchel\u00f8sninger\",\"item\":\"https:\\\/\\\/suresms.com\\\/dk\\\/branchelosninger\\\/\"},{\"@type\":\"ListItem\",\"position\":3,\"name\":\"SMS til Servicevirksomheder\"}]},{\"@type\":\"WebSite\",\"@id\":\"https:\\\/\\\/suresms.com\\\/en\\\/#website\",\"url\":\"https:\\\/\\\/suresms.com\\\/en\\\/\",\"name\":\"SureSMS\",\"description\":\"Professionel SMS Gateway\",\"publisher\":{\"@id\":\"https:\\\/\\\/suresms.com\\\/en\\\/#organization\"},\"potentialAction\":[{\"@type\":\"SearchAction\",\"target\":{\"@type\":\"EntryPoint\",\"urlTemplate\":\"https:\\\/\\\/suresms.com\\\/en\\\/?s={search_term_string}\"},\"query-input\":{\"@type\":\"PropertyValueSpecification\",\"valueRequired\":true,\"valueName\":\"search_term_string\"}}],\"inLanguage\":\"pl-PL\"},{\"@type\":\"Organization\",\"@id\":\"https:\\\/\\\/suresms.com\\\/en\\\/#organization\",\"name\":\"SureSMS\",\"url\":\"https:\\\/\\\/suresms.com\\\/en\\\/\",\"logo\":{\"@type\":\"ImageObject\",\"inLanguage\":\"pl-PL\",\"@id\":\"https:\\\/\\\/suresms.com\\\/en\\\/#\\\/schema\\\/logo\\\/image\\\/\",\"url\":\"https:\\\/\\\/suresms.com\\\/wp-content\\\/uploads\\\/2024\\\/11\\\/suresms-300x65-1.png\",\"contentUrl\":\"https:\\\/\\\/suresms.com\\\/wp-content\\\/uploads\\\/2024\\\/11\\\/suresms-300x65-1.png\",\"width\":300,\"height\":65,\"caption\":\"SureSMS\"},\"image\":{\"@id\":\"https:\\\/\\\/suresms.com\\\/en\\\/#\\\/schema\\\/logo\\\/image\\\/\"},\"sameAs\":[\"https:\\\/\\\/www.facebook.com\\\/p\\\/SureSMS-100044607956149\\\/\"]}]}<\/script>\r\n<!-- \/ Yoast SEO Premium plugin. -->","yoast_head_json":{"title":"SMS dla firm us\u0142ugowych. Elastyczne i tanie SMS-y online. SureSMS","description":"Warsztaty samochodowe, denty\u015bci, fryzjerzy, kliniki... Wysy\u0142aj przypomnienia i spersonalizowane wiadomo\u015bci SMS do klient\u00f3w \u0142atwo i tanio bezpo\u015brednio z komputera. Za\u0142\u00f3\u017c darmowe konto pr\u00f3bne!","robots":{"index":"index","follow":"follow","max-snippet":"max-snippet:-1","max-image-preview":"max-image-preview:large","max-video-preview":"max-video-preview:-1"},"canonical":"https:\/\/suresms.com\/pl\/zrzuty-oddzialowe\/sms-dla-firm-uslugowych\/","og_locale":"pl_PL","og_type":"article","og_title":"SMS til Servicevirksomheder","og_description":"Autov\u00e6rksteder, tandl\u00e6ger, fris\u00f8rer, klinikker .Send nemt og billigt p\u00e5mindelser og personlige SMS'er til kunder direkte fra din PC. Opret gratis Testkonto!","og_url":"https:\/\/suresms.com\/pl\/zrzuty-oddzialowe\/sms-dla-firm-uslugowych\/","article_publisher":"https:\/\/www.facebook.com\/p\/SureSMS-100044607956149\/","article_modified_time":"2025-01-03T14:16:29+00:00","og_image":[{"width":400,"height":266,"url":"https:\/\/suresms.com\/wp-content\/uploads\/2016\/06\/sms-til-service-snippet.jpg","type":"image\/jpeg"}],"twitter_card":"summary_large_image","twitter_misc":{"Szacowany czas czytania":"3 minuty"},"schema":{"@context":"https:\/\/schema.org","@graph":[{"@type":"WebPage","@id":"https:\/\/suresms.com\/dk\/branchelosninger\/sms-til-servicevirksomheder\/","url":"https:\/\/suresms.com\/dk\/branchelosninger\/sms-til-servicevirksomheder\/","name":"SMS dla firm us\u0142ugowych. Elastyczne i tanie SMS-y online. SureSMS","isPartOf":{"@id":"https:\/\/suresms.com\/en\/#website"},"primaryImageOfPage":{"@id":"https:\/\/suresms.com\/dk\/branchelosninger\/sms-til-servicevirksomheder\/#primaryimage"},"image":{"@id":"https:\/\/suresms.com\/dk\/branchelosninger\/sms-til-servicevirksomheder\/#primaryimage"},"thumbnailUrl":"https:\/\/suresms.com\/wp-content\/uploads\/2016\/06\/Frisoergaarden-1.jpg","datePublished":"2016-06-01T15:49:00+00:00","dateModified":"2025-01-03T14:16:29+00:00","description":"Warsztaty samochodowe, denty\u015bci, fryzjerzy, kliniki... Wysy\u0142aj przypomnienia i spersonalizowane wiadomo\u015bci SMS do klient\u00f3w \u0142atwo i tanio bezpo\u015brednio z komputera. Za\u0142\u00f3\u017c darmowe konto pr\u00f3bne!","breadcrumb":{"@id":"https:\/\/suresms.com\/dk\/branchelosninger\/sms-til-servicevirksomheder\/#breadcrumb"},"inLanguage":"pl-PL","potentialAction":[{"@type":"ReadAction","target":["https:\/\/suresms.com\/dk\/branchelosninger\/sms-til-servicevirksomheder\/"]}]},{"@type":"ImageObject","inLanguage":"pl-PL","@id":"https:\/\/suresms.com\/dk\/branchelosninger\/sms-til-servicevirksomheder\/#primaryimage","url":"https:\/\/suresms.com\/wp-content\/uploads\/2016\/06\/Frisoergaarden-1.jpg","contentUrl":"https:\/\/suresms.com\/wp-content\/uploads\/2016\/06\/Frisoergaarden-1.jpg"},{"@type":"BreadcrumbList","@id":"https:\/\/suresms.com\/dk\/branchelosninger\/sms-til-servicevirksomheder\/#breadcrumb","itemListElement":[{"@type":"ListItem","position":1,"name":"Home","item":"https:\/\/suresms.com\/dk\/"},{"@type":"ListItem","position":2,"name":"Branchel\u00f8sninger","item":"https:\/\/suresms.com\/dk\/branchelosninger\/"},{"@type":"ListItem","position":3,"name":"SMS til Servicevirksomheder"}]},{"@type":"WebSite","@id":"https:\/\/suresms.com\/en\/#website","url":"https:\/\/suresms.com\/en\/","name":"SureSMS","description":"Profesjonalna bramka SMS","publisher":{"@id":"https:\/\/suresms.com\/en\/#organization"},"potentialAction":[{"@type":"SearchAction","target":{"@type":"EntryPoint","urlTemplate":"https:\/\/suresms.com\/en\/?s={search_term_string}"},"query-input":{"@type":"PropertyValueSpecification","valueRequired":true,"valueName":"search_term_string"}}],"inLanguage":"pl-PL"},{"@type":"Organization","@id":"https:\/\/suresms.com\/en\/#organization","name":"SureSMS","url":"https:\/\/suresms.com\/en\/","logo":{"@type":"ImageObject","inLanguage":"pl-PL","@id":"https:\/\/suresms.com\/en\/#\/schema\/logo\/image\/","url":"https:\/\/suresms.com\/wp-content\/uploads\/2024\/11\/suresms-300x65-1.png","contentUrl":"https:\/\/suresms.com\/wp-content\/uploads\/2024\/11\/suresms-300x65-1.png","width":300,"height":65,"caption":"SureSMS"},"image":{"@id":"https:\/\/suresms.com\/en\/#\/schema\/logo\/image\/"},"sameAs":["https:\/\/www.facebook.com\/p\/SureSMS-100044607956149\/"]}]}},"_links":{"self":[{"href":"https:\/\/suresms.com\/pl\/wp-json\/wp\/v2\/pages\/2681","targetHints":{"allow":["GET"]}}],"collection":[{"href":"https:\/\/suresms.com\/pl\/wp-json\/wp\/v2\/pages"}],"about":[{"href":"https:\/\/suresms.com\/pl\/wp-json\/wp\/v2\/types\/page"}],"author":[{"embeddable":true,"href":"https:\/\/suresms.com\/pl\/wp-json\/wp\/v2\/users\/1"}],"replies":[{"embeddable":true,"href":"https:\/\/suresms.com\/pl\/wp-json\/wp\/v2\/comments?post=2681"}],"version-history":[{"count":4,"href":"https:\/\/suresms.com\/pl\/wp-json\/wp\/v2\/pages\/2681\/revisions"}],"predecessor-version":[{"id":19575,"href":"https:\/\/suresms.com\/pl\/wp-json\/wp\/v2\/pages\/2681\/revisions\/19575"}],"up":[{"embeddable":true,"href":"https:\/\/suresms.com\/pl\/wp-json\/wp\/v2\/pages\/1654"}],"wp:attachment":[{"href":"https:\/\/suresms.com\/pl\/wp-json\/wp\/v2\/media?parent=2681"}],"wp:term":[{"taxonomy":"category","embeddable":true,"href":"https:\/\/suresms.com\/pl\/wp-json\/wp\/v2\/categories?post=2681"},{"taxonomy":"post_tag","embeddable":true,"href":"https:\/\/suresms.com\/pl\/wp-json\/wp\/v2\/tags?post=2681"}],"curies":[{"name":"wp","href":"https:\/\/api.w.org\/{rel}","templated":true}]}}