{"id":2659,"date":"2016-06-01T15:30:55","date_gmt":"2016-06-01T13:30:55","guid":{"rendered":"https:\/\/www.suresms.com\/dk\/?page_id=2659"},"modified":"2025-01-05T00:16:13","modified_gmt":"2025-01-05T00:16:13","slug":"sms-dla-instytucji-publicznych","status":"publish","type":"page","link":"https:\/\/suresms.com\/pl\/branchelosninger\/sms-til-offentlige-institutioner\/","title":{"rendered":"SMS do instytucji publicznych"},"content":{"rendered":"<!-- Flexy Breadcrumb -->\r\n\t\t\t<div class=\"fbc fbc-page\">\r\n\r\n\t\t\t\t<!-- Breadcrumb wrapper -->\r\n\t\t\t\t<div class=\"fbc-wrap\">\r\n\r\n\t\t\t\t\t<!-- Ordered list-->\r\n\t\t\t\t\t<ol class=\"fbc-items\" itemscope itemtype=\"https:\/\/schema.org\/BreadcrumbList\">\r\n\t\t\t\t\t\t            <li itemprop=\"itemListElement\" itemscope itemtype=\"https:\/\/schema.org\/ListItem\">\r\n                <span itemprop=\"name\">\r\n                    <!-- Home Link -->\r\n                    <a itemprop=\"item\" href=\"https:\/\/suresms.com\/pl\/\">\r\n                    \r\n                                                    <i class=\"fa fa-home\" aria-hidden=\"true\"><\/i>Strona g\u0142\u00f3wna                    <\/a>\r\n                <\/span>\r\n                <meta itemprop=\"position\" content=\"1\" \/><!-- Meta Position-->\r\n             <\/li><li><span class=\"fbc-separator\">\/<\/span><\/li><li class=\"active\" itemprop=\"itemListElement\" itemscope itemtype=\"https:\/\/schema.org\/ListItem\"><span itemprop=\"name\" title=\"SMS do instytucji publicznych\">SMS do instytucji publicznych<\/span><meta itemprop=\"position\" content=\"2\" \/><\/li>\t\t\t\t\t<\/ol>\r\n\t\t\t\t\t<div class=\"clearfix\"><\/div>\r\n\t\t\t\t<\/div>\r\n\t\t\t<\/div>\r\n\t\t\t\n<h1>\n\t\tSMS do instytucji publicznych\n\t<\/h1>\n\t\n<p><strong>Gminy, biblioteki, agencje rz\u0105dowe, szko\u0142y, wi\u0119zienia pa\u0144stwowe i szpitale. W ca\u0142ym sektorze publicznym SMS sta\u0142 si\u0119 prostym i skutecznym \u015brodkiem komunikacji dla u\u017cytkownik\u00f3w i obywateli. Dzi\u0119ki bramce SMS SureSMS automatycznie otrzymujesz dokumentacj\u0119 i nie musisz rezygnowa\u0107 z bezpiecze\u0144stwa lub jako\u015bci produktu.<\/strong><\/p>\n<p>Aby komunikacja mi\u0119dzy gminami, instytucjami, w\u0142adzami i obywatelami dzia\u0142a\u0142a, wa\u017cne jest, aby wiadomo\u015bci i informacje by\u0142y zar\u00f3wno odbierane, jak i czytane! Badania pokazuj\u0105, \u017ce zdecydowana wi\u0119kszo\u015b\u0107 wiadomo\u015bci SMS jest odczytywana przez odbiorc\u0119, dzi\u0119ki czemu wiadomo\u015bci SMS s\u0105 szybk\u0105 i niezawodn\u0105 form\u0105 komunikacji.<\/p>\n<p>Dzi\u0119ki bramce SMS organizacje publiczne mog\u0105 by\u0107 na bie\u017c\u0105co i spe\u0142nia\u0107 wymogi dotycz\u0105ce prowadzenia dokumentacji.<\/p>\n<p><strong>Korzy\u015bci i zalety<\/strong><\/p>\n<ul> \t\n<li><strong>Wbudowany dziennik. Za po\u015brednictwem naszego portalu internetowego zawsze masz dokumentacj\u0119 wszystkich wiadomo\u015bci wysy\u0142anych do obywateli lub pracownik\u00f3w.<\/strong><\/li>\n\n<li><strong>Wiadomo\u015bci serwisowe i przypomnienia o spotkaniach za po\u015brednictwem wiadomo\u015bci SMS stanowi\u0105 doskona\u0142\u0105 us\u0142ug\u0119 dla obywateli i u\u017cytkownik\u00f3w, zapewniaj\u0105c jednocze\u015bnie mniejsz\u0105 liczb\u0119 odwo\u0142a\u0144 i mniejsze marnotrawstwo zasob\u00f3w. Korzystaj z automatycznie generowanych wiadomo\u015bci SMS lub kontroluj ich wysy\u0142anie samodzielnie za po\u015brednictwem naszego interfejsu internetowego.<\/strong><\/li>\n\n<li><strong>Ca\u0142a komunikacja mi\u0119dzy klientem a naszymi serwerami jest szyfrowana przy u\u017cyciu najnowszego szyfrowania SSL. Dzi\u0119ki temu przesy\u0142anie poufnych danych osobowych za po\u015brednictwem SureSMS jest bezpieczne.<\/strong><\/li>\n\n<li><strong>Brak drogich subskrypcji. Naliczamy stawki SMS tylko za liczb\u0119 faktycznie wys\u0142anych wiadomo\u015bci. Fakturowanie jest bezp\u0142atne, a p\u0142atno\u015bci mo\u017cna \u0142atwo dokona\u0107 za pomoc\u0105 numeru EAN.<\/strong><\/li>\n<\/ul>\n<p>Powy\u017cej znajduje si\u0119 wyb\u00f3r naszych funkcji. Ale jest ich znacznie wi\u0119cej. Zapoznaj si\u0119 z naszymi\u00a0<a href=\"https:\/\/suresms.com\/pl\/cechy\/\">strony z funkcjami<\/a>\u00a0na stronie suresms.com.<\/p>\n<p><strong>Pe\u0142ny przegl\u0105d i dokumentacja za po\u015brednictwem portalu internetowego SureSMS<\/strong><\/p>\n<p>Z naszego portalu internetowego mo\u017cna \u0142atwo zalogowa\u0107 si\u0119 i wysy\u0142a\u0107 wiadomo\u015bci SMS do u\u017cytkownik\u00f3w za po\u015brednictwem komputera. Z tego miejsca mo\u017cna \u0142atwo wysy\u0142a\u0107 wiadomo\u015bci do grup, planowa\u0107 wysy\u0142ki i \u0142\u0105czy\u0107 nazwy w wiadomo\u015bciach.<\/p>\n<p>W tym miejscu mo\u017cna r\u00f3wnie\u017c uzyska\u0107 pe\u0142ny przegl\u0105d wysy\u0142anych wiadomo\u015bci, kt\u00f3re s\u0105 przechowywane w celu rejestrowania lub dokumentowania. Zawsze masz przegl\u0105d zar\u00f3wno tre\u015bci, jak i czasu wysy\u0142ania i odbierania wiadomo\u015bci.<\/p>\n<p><strong>Dostawy zar\u00f3wno do instytucji pa\u0144stwowych, jak i gmin<\/strong><\/p>\n<p>Przez lata dostarczali\u015bmy SMS-y do wielu instytucji publicznych i mamy bogate do\u015bwiadczenie we wsp\u00f3\u0142pracy z nimi: bibliotekami, wi\u0119zieniami stanowymi, o\u015brodkami technologii wspomagaj\u0105cych, agencjami rz\u0105dowymi i wieloma innymi. Instytucje publiczne musz\u0105 komunikowa\u0107 si\u0119 z szerokim przekrojem populacji, a cena, jako\u015b\u0107 i bezpiecze\u0144stwo MUSZ\u0104 by\u0107 na najwy\u017cszym poziomie. Mamy do\u015bwiadczenie, aby dostarczy\u0107 solidn\u0105 i elastyczn\u0105 bram\u0119, kt\u00f3ra jest \u0142atwa w u\u017cyciu.<\/p>\n<p><strong>Wysy\u0142anie z wielu numer\u00f3w<\/strong><\/p>\n<p>Czy Twoja organizacja musi wysy\u0142a\u0107 wiadomo\u015bci z wielu numer\u00f3w telefon\u00f3w lub potrzebujesz elastycznego logowania, aby wielu pracownik\u00f3w mog\u0142o wysy\u0142a\u0107 wiadomo\u015bci od okre\u015blonego u\u017cytkownika? Mo\u017cna to \u0142atwo zrobi\u0107 za po\u015brednictwem naszego portalu online.<\/p>\n<p><strong>Na tej stronie mo\u017cesz utworzy\u0107 bezp\u0142atne konto pr\u00f3bne w ci\u0105gu pi\u0119ciu minut. Masz pytania lub chcesz z nami porozmawia\u0107? Mo\u017cesz znale\u017a\u0107 nasze\u00a0<\/strong><a href=\"https:\/\/suresms.com\/pl\/kontakt\/\">informacje kontaktowe<\/a><strong>\u00a0Tutaj.<\/strong><\/p>\n\n\t<p>&gt; Powr\u00f3t do <a href=\"https:\/\/suresms.com\/pl\/zrzuty-oddzialowe\/\">Rozwi\u0105zania bran\u017cowe<\/a><\/p>\n\t\t\t<p><a href=\"http:\/\/www.rodskovforsamlingshus.dk\/om-forsamlingshuset.html\"><img loading=\"lazy\" decoding=\"async\" src=\"https:\/\/suresms.com\/wp-content\/uploads\/2015\/02\/REB-Rodskov1.jpg\" alt=\"REB Rodskov\" width=\"172\" height=\"87\" \/><\/a><\/p>\n<p><em>\"Zostali\u015bcie mi poleceni przez koleg\u0119, kt\u00f3ry r\u00f3wnie\u017c korzysta z waszego rozwi\u0105zania.\u00a0<\/em><\/p>\n<p><em>Zbada\u0142em i przetestowa\u0142em wiele innych rozwi\u0105za\u0144 SMS i twoje jest zdecydowanie najbardziej elastyczne i szybkie - w rozs\u0105dnej cenie. <\/em><\/p>\n<p><em>DZI\u0118KUJ\u0118 za doskona\u0142y produkt! Robi dok\u0142adnie to, czego potrzebuj\u0119 - super dobrze!\"<\/em><\/p>\n<p><strong>Michel Gorm, sekretarz<\/strong><\/p>\n<p><strong>Dom kultury Rodskov<\/strong><\/p>\n\t\t<h4>Utw\u00f3rz bezp\u0142atne konto pr\u00f3bne<\/h4>\n\t\t<p>Zajmuje to tylko 5 minut. Zacznij od razu i zdob\u0105d\u017a <strong>50 bezp\u0142atnych wiadomo\u015bci SMS<\/strong> bez \u017cadnych zobowi\u0105za\u0144.<\/p>\n\t\t\t<a href=\"https:\/\/suresms.com\/pl\/darmowe-konto-testowe-sms\/\" target=\"_self\">\n\t\t\t\t\t\t\tUtw\u00f3rz konto pr\u00f3bne\n\t\t\t\t\t<\/a>\n\t\t<h4>Zam\u00f3w rozwi\u0105zanie dwukierunkowe!<\/h4>\n\t\t<p>Masz ju\u017c konto? Zam\u00f3w rozwi\u0105zanie 2-way i uzyskaj dodatkowe opcje, kt\u00f3re oferuje Twoje w\u0142asne rozwi\u0105zanie.\u00a0<\/p>\n\t\t\t<a href=\"https:\/\/suresms.com\/pl\/zamow-rozladunek-w-2-kierunkach\/\" target=\"_self\">\n\t\t\t\t\t\t\tZam\u00f3w rozwi\u0105zanie 2-kierunkowe\n\t\t\t\t\t<\/a>\n\t\t\t\t<a href=\"https:\/\/suresms.com\/pl\/sms-outlook-add\/\" target=\"_self\" itemprop=\"url\">\n\t\t\t\t<img loading=\"lazy\" decoding=\"async\" src=\"https:\/\/suresms.com\/wp-content\/uploads\/2016\/02\/facebook-Outlook-plugin-version-1.4-snippet-1.jpg\" alt=\"Fragment wtyczki Facebook Outlook w wersji 1.4\" itemprop=\"image\" height=\"630\" width=\"1200\" title=\"Fragment wtyczki Facebook Outlook w wersji 1.4\" onerror=\"this.style.display='none'\"  \/>\n\t\t\t\t<\/a>\n\t\t<h3><a href=\"https:\/\/suresms.com\/pl\/sms-outlook-add\/\" target=\"_self\">Wtyczka Outlook SMS w wersji 2.10<\/a><\/h3>Nasz dodatek SMS zosta\u0142 zaprojektowany specjalnie dla programu Outlook. Dzi\u0119ki szybkiej instalacji naszej wtyczki otrzymujesz nadawc\u0119 SMS-\u00f3w i grupowych SMS-\u00f3w wbudowanego w menu Outlooka z dost\u0119pem do kontakt\u00f3w Outlooka. Masz PE\u0141N\u0104 DOKUMENTACJ\u0118, poniewa\u017c wszystkie wiadomo\u015bci s\u0105 automatycznie zapisywane. \u0141atwa integracja z innymi systemami.<br \/>\nKilka nowych opcji wyboru identyfikatora nadawcy. U\u017cyj nazwy firmy lub wybierz numer telefonu kom\u00f3rkowego i otrzymuj odpowiedzi bezpo\u015brednio na telefon kom\u00f3rkowy. Czy powiniene\u015b otrzymywa\u0107 odpowiedzi w Outlooku? Skontaktuj si\u0119 z nami, aby uzyska\u0107 <a href=\"https:\/\/suresms.com\/pl\/cechy\/odbieranie-wiadomosci-tekstowych-na-komputerze\/\">Rozwi\u0105zanie dwukierunkowe<\/a>.\n<p>&nbsp;<\/p>\n\n\t\t\t<a href=\"https:\/\/suresms.com\/pl\/sms-outlook-add\/\" target=\"_self\">\n\t\t\t\t\t\t\tWi\u0119cej informacji o dodatku SMS do Outlooka\n\t\t\t\t\t<\/a>","protected":false},"excerpt":{"rendered":"<p>SMS dla instytucji publicznych Gminy, biblioteki, agencje rz\u0105dowe, szko\u0142y, wi\u0119zienia i szpitale. W ca\u0142ym sektorze publicznym wiadomo\u015bci SMS sta\u0142y si\u0119 prostym i skutecznym \u015brodkiem komunikacji dla u\u017cytkownik\u00f3w i obywateli. Dzi\u0119ki bramce SMS firmy SureSMS automatycznie otrzymujesz dokumentacj\u0119 i nie musisz rezygnowa\u0107 z bezpiecze\u0144stwa lub jako\u015bci produktu. Aby komunikacja mi\u0119dzy gminami, instytucjami, w\u0142adzami i ... <a title=\"SMS do instytucji publicznych\" class=\"read-more\" href=\"https:\/\/suresms.com\/pl\/branchelosninger\/sms-til-offentlige-institutioner\/\" aria-label=\"Dowiedz si\u0119 wi\u0119cej o SMS-ach dla instytucji publicznych\">Dowiedz si\u0119 wi\u0119cej<\/a><\/p>","protected":false},"author":1,"featured_media":0,"parent":1654,"menu_order":4,"comment_status":"closed","ping_status":"closed","template":"","meta":{"_fl_builder_enabled":"1","_fl_builder_data":null,"_fl_builder_draft":null,"_fl_builder_data_settings":null,"_fl_builder_css":"","_fl_builder_css_version":"","_fl_builder_js":"","footnotes":""},"categories":[],"tags":[],"class_list":["post-2659","page","type-page","status-publish"],"yoast_head":"<!-- This site is optimized with the Yoast SEO Premium plugin v27.3 (Yoast SEO v27.3) - https:\/\/yoast.com\/product\/yoast-seo-premium-wordpress\/ -->\r\n<title>SMS til offentlige institutioner. Integreret online journalisering<\/title>\r\n<meta name=\"description\" content=\"SureSMS samarbejder med og leverer SMS til offentlige institutioner. SSL-kryptering sikrer data med personf\u00f8lsomme oplysninger. Betal pr. SMS - 0,- i abonn.\" \/>\r\n<meta name=\"robots\" content=\"index, follow, max-snippet:-1, max-image-preview:large, max-video-preview:-1\" \/>\r\n<link rel=\"canonical\" href=\"https:\/\/suresms.com\/pl\/zrzuty-oddzialowe\/sms-dla-instytucji-publicznych\/\" \/>\r\n<meta property=\"og:locale\" content=\"pl_PL\" \/>\r\n<meta property=\"og:type\" content=\"article\" \/>\r\n<meta property=\"og:title\" content=\"SMS til offentlige institutioner\" \/>\r\n<meta property=\"og:description\" content=\"SureSMS samarbejder med og leverer SMS til offentlige institutioner. SSL-kryptering sikrer data med personf\u00f8lsomme oplysninger. Betal pr. SMS - 0,- i abonn.\" \/>\r\n<meta property=\"og:url\" content=\"https:\/\/suresms.com\/pl\/zrzuty-oddzialowe\/sms-dla-instytucji-publicznych\/\" \/>\r\n<meta property=\"article:publisher\" content=\"https:\/\/www.facebook.com\/p\/SureSMS-100044607956149\/\" \/>\r\n<meta property=\"article:modified_time\" content=\"2025-01-05T00:16:13+00:00\" \/>\r\n<meta property=\"og:image\" content=\"https:\/\/suresms.com\/wp-content\/uploads\/2016\/06\/sms-til-offentlige-snippet.jpg\" \/>\r\n\t<meta property=\"og:image:width\" content=\"400\" \/>\r\n\t<meta property=\"og:image:height\" content=\"233\" \/>\r\n\t<meta property=\"og:image:type\" content=\"image\/jpeg\" \/>\r\n<meta name=\"twitter:card\" content=\"summary_large_image\" \/>\r\n<meta name=\"twitter:label1\" content=\"Szacowany czas czytania\" \/>\n\t<meta name=\"twitter:data1\" content=\"3 minuty\" \/>\r\n<script type=\"application\/ld+json\" class=\"yoast-schema-graph\">{\"@context\":\"https:\\\/\\\/schema.org\",\"@graph\":[{\"@type\":\"WebPage\",\"@id\":\"https:\\\/\\\/suresms.com\\\/dk\\\/branchelosninger\\\/sms-til-offentlige-institutioner\\\/\",\"url\":\"https:\\\/\\\/suresms.com\\\/dk\\\/branchelosninger\\\/sms-til-offentlige-institutioner\\\/\",\"name\":\"SMS til offentlige institutioner. Integreret online journalisering\",\"isPartOf\":{\"@id\":\"https:\\\/\\\/suresms.com\\\/en\\\/#website\"},\"primaryImageOfPage\":{\"@id\":\"https:\\\/\\\/suresms.com\\\/dk\\\/branchelosninger\\\/sms-til-offentlige-institutioner\\\/#primaryimage\"},\"image\":{\"@id\":\"https:\\\/\\\/suresms.com\\\/dk\\\/branchelosninger\\\/sms-til-offentlige-institutioner\\\/#primaryimage\"},\"thumbnailUrl\":\"https:\\\/\\\/suresms.com\\\/wp-content\\\/uploads\\\/2015\\\/02\\\/REB-Rodskov1.jpg\",\"datePublished\":\"2016-06-01T13:30:55+00:00\",\"dateModified\":\"2025-01-05T00:16:13+00:00\",\"description\":\"SureSMS samarbejder med og leverer SMS til offentlige institutioner. SSL-kryptering sikrer data med personf\u00f8lsomme oplysninger. Betal pr. SMS - 0,- i abonn.\",\"breadcrumb\":{\"@id\":\"https:\\\/\\\/suresms.com\\\/dk\\\/branchelosninger\\\/sms-til-offentlige-institutioner\\\/#breadcrumb\"},\"inLanguage\":\"pl-PL\",\"potentialAction\":[{\"@type\":\"ReadAction\",\"target\":[\"https:\\\/\\\/suresms.com\\\/dk\\\/branchelosninger\\\/sms-til-offentlige-institutioner\\\/\"]}]},{\"@type\":\"ImageObject\",\"inLanguage\":\"pl-PL\",\"@id\":\"https:\\\/\\\/suresms.com\\\/dk\\\/branchelosninger\\\/sms-til-offentlige-institutioner\\\/#primaryimage\",\"url\":\"https:\\\/\\\/suresms.com\\\/wp-content\\\/uploads\\\/2015\\\/02\\\/REB-Rodskov1.jpg\",\"contentUrl\":\"https:\\\/\\\/suresms.com\\\/wp-content\\\/uploads\\\/2015\\\/02\\\/REB-Rodskov1.jpg\"},{\"@type\":\"BreadcrumbList\",\"@id\":\"https:\\\/\\\/suresms.com\\\/dk\\\/branchelosninger\\\/sms-til-offentlige-institutioner\\\/#breadcrumb\",\"itemListElement\":[{\"@type\":\"ListItem\",\"position\":1,\"name\":\"Home\",\"item\":\"https:\\\/\\\/suresms.com\\\/dk\\\/\"},{\"@type\":\"ListItem\",\"position\":2,\"name\":\"Branchel\u00f8sninger\",\"item\":\"https:\\\/\\\/suresms.com\\\/dk\\\/branchelosninger\\\/\"},{\"@type\":\"ListItem\",\"position\":3,\"name\":\"SMS til offentlige institutioner\"}]},{\"@type\":\"WebSite\",\"@id\":\"https:\\\/\\\/suresms.com\\\/en\\\/#website\",\"url\":\"https:\\\/\\\/suresms.com\\\/en\\\/\",\"name\":\"SureSMS\",\"description\":\"Professionel SMS Gateway\",\"publisher\":{\"@id\":\"https:\\\/\\\/suresms.com\\\/en\\\/#organization\"},\"potentialAction\":[{\"@type\":\"SearchAction\",\"target\":{\"@type\":\"EntryPoint\",\"urlTemplate\":\"https:\\\/\\\/suresms.com\\\/en\\\/?s={search_term_string}\"},\"query-input\":{\"@type\":\"PropertyValueSpecification\",\"valueRequired\":true,\"valueName\":\"search_term_string\"}}],\"inLanguage\":\"pl-PL\"},{\"@type\":\"Organization\",\"@id\":\"https:\\\/\\\/suresms.com\\\/en\\\/#organization\",\"name\":\"SureSMS\",\"url\":\"https:\\\/\\\/suresms.com\\\/en\\\/\",\"logo\":{\"@type\":\"ImageObject\",\"inLanguage\":\"pl-PL\",\"@id\":\"https:\\\/\\\/suresms.com\\\/en\\\/#\\\/schema\\\/logo\\\/image\\\/\",\"url\":\"https:\\\/\\\/suresms.com\\\/wp-content\\\/uploads\\\/2024\\\/11\\\/suresms-300x65-1.png\",\"contentUrl\":\"https:\\\/\\\/suresms.com\\\/wp-content\\\/uploads\\\/2024\\\/11\\\/suresms-300x65-1.png\",\"width\":300,\"height\":65,\"caption\":\"SureSMS\"},\"image\":{\"@id\":\"https:\\\/\\\/suresms.com\\\/en\\\/#\\\/schema\\\/logo\\\/image\\\/\"},\"sameAs\":[\"https:\\\/\\\/www.facebook.com\\\/p\\\/SureSMS-100044607956149\\\/\"]}]}<\/script>\r\n<!-- \/ Yoast SEO Premium plugin. -->","yoast_head_json":{"title":"SMS dla instytucji publicznych. Zintegrowane dzienniki online","description":"SureSMS wsp\u00f3\u0142pracuje z instytucjami publicznymi i dostarcza im wiadomo\u015bci SMS. Szyfrowanie SSL zabezpiecza dane zawieraj\u0105ce wra\u017cliwe dane osobowe. P\u0142atno\u015b\u0107 za SMS - 0,- w abonamencie.","robots":{"index":"index","follow":"follow","max-snippet":"max-snippet:-1","max-image-preview":"max-image-preview:large","max-video-preview":"max-video-preview:-1"},"canonical":"https:\/\/suresms.com\/pl\/zrzuty-oddzialowe\/sms-dla-instytucji-publicznych\/","og_locale":"pl_PL","og_type":"article","og_title":"SMS til offentlige institutioner","og_description":"SureSMS samarbejder med og leverer SMS til offentlige institutioner. SSL-kryptering sikrer data med personf\u00f8lsomme oplysninger. Betal pr. SMS - 0,- i abonn.","og_url":"https:\/\/suresms.com\/pl\/zrzuty-oddzialowe\/sms-dla-instytucji-publicznych\/","article_publisher":"https:\/\/www.facebook.com\/p\/SureSMS-100044607956149\/","article_modified_time":"2025-01-05T00:16:13+00:00","og_image":[{"width":400,"height":233,"url":"https:\/\/suresms.com\/wp-content\/uploads\/2016\/06\/sms-til-offentlige-snippet.jpg","type":"image\/jpeg"}],"twitter_card":"summary_large_image","twitter_misc":{"Szacowany czas czytania":"3 minuty"},"schema":{"@context":"https:\/\/schema.org","@graph":[{"@type":"WebPage","@id":"https:\/\/suresms.com\/dk\/branchelosninger\/sms-til-offentlige-institutioner\/","url":"https:\/\/suresms.com\/dk\/branchelosninger\/sms-til-offentlige-institutioner\/","name":"SMS dla instytucji publicznych. Zintegrowane dzienniki online","isPartOf":{"@id":"https:\/\/suresms.com\/en\/#website"},"primaryImageOfPage":{"@id":"https:\/\/suresms.com\/dk\/branchelosninger\/sms-til-offentlige-institutioner\/#primaryimage"},"image":{"@id":"https:\/\/suresms.com\/dk\/branchelosninger\/sms-til-offentlige-institutioner\/#primaryimage"},"thumbnailUrl":"https:\/\/suresms.com\/wp-content\/uploads\/2015\/02\/REB-Rodskov1.jpg","datePublished":"2016-06-01T13:30:55+00:00","dateModified":"2025-01-05T00:16:13+00:00","description":"SureSMS wsp\u00f3\u0142pracuje z instytucjami publicznymi i dostarcza im wiadomo\u015bci SMS. Szyfrowanie SSL zabezpiecza dane zawieraj\u0105ce wra\u017cliwe dane osobowe. P\u0142atno\u015b\u0107 za SMS - 0,- w abonamencie.","breadcrumb":{"@id":"https:\/\/suresms.com\/dk\/branchelosninger\/sms-til-offentlige-institutioner\/#breadcrumb"},"inLanguage":"pl-PL","potentialAction":[{"@type":"ReadAction","target":["https:\/\/suresms.com\/dk\/branchelosninger\/sms-til-offentlige-institutioner\/"]}]},{"@type":"ImageObject","inLanguage":"pl-PL","@id":"https:\/\/suresms.com\/dk\/branchelosninger\/sms-til-offentlige-institutioner\/#primaryimage","url":"https:\/\/suresms.com\/wp-content\/uploads\/2015\/02\/REB-Rodskov1.jpg","contentUrl":"https:\/\/suresms.com\/wp-content\/uploads\/2015\/02\/REB-Rodskov1.jpg"},{"@type":"BreadcrumbList","@id":"https:\/\/suresms.com\/dk\/branchelosninger\/sms-til-offentlige-institutioner\/#breadcrumb","itemListElement":[{"@type":"ListItem","position":1,"name":"Home","item":"https:\/\/suresms.com\/dk\/"},{"@type":"ListItem","position":2,"name":"Branchel\u00f8sninger","item":"https:\/\/suresms.com\/dk\/branchelosninger\/"},{"@type":"ListItem","position":3,"name":"SMS til offentlige institutioner"}]},{"@type":"WebSite","@id":"https:\/\/suresms.com\/en\/#website","url":"https:\/\/suresms.com\/en\/","name":"SureSMS","description":"Profesjonalna bramka SMS","publisher":{"@id":"https:\/\/suresms.com\/en\/#organization"},"potentialAction":[{"@type":"SearchAction","target":{"@type":"EntryPoint","urlTemplate":"https:\/\/suresms.com\/en\/?s={search_term_string}"},"query-input":{"@type":"PropertyValueSpecification","valueRequired":true,"valueName":"search_term_string"}}],"inLanguage":"pl-PL"},{"@type":"Organization","@id":"https:\/\/suresms.com\/en\/#organization","name":"SureSMS","url":"https:\/\/suresms.com\/en\/","logo":{"@type":"ImageObject","inLanguage":"pl-PL","@id":"https:\/\/suresms.com\/en\/#\/schema\/logo\/image\/","url":"https:\/\/suresms.com\/wp-content\/uploads\/2024\/11\/suresms-300x65-1.png","contentUrl":"https:\/\/suresms.com\/wp-content\/uploads\/2024\/11\/suresms-300x65-1.png","width":300,"height":65,"caption":"SureSMS"},"image":{"@id":"https:\/\/suresms.com\/en\/#\/schema\/logo\/image\/"},"sameAs":["https:\/\/www.facebook.com\/p\/SureSMS-100044607956149\/"]}]}},"_links":{"self":[{"href":"https:\/\/suresms.com\/pl\/wp-json\/wp\/v2\/pages\/2659","targetHints":{"allow":["GET"]}}],"collection":[{"href":"https:\/\/suresms.com\/pl\/wp-json\/wp\/v2\/pages"}],"about":[{"href":"https:\/\/suresms.com\/pl\/wp-json\/wp\/v2\/types\/page"}],"author":[{"embeddable":true,"href":"https:\/\/suresms.com\/pl\/wp-json\/wp\/v2\/users\/1"}],"replies":[{"embeddable":true,"href":"https:\/\/suresms.com\/pl\/wp-json\/wp\/v2\/comments?post=2659"}],"version-history":[{"count":6,"href":"https:\/\/suresms.com\/pl\/wp-json\/wp\/v2\/pages\/2659\/revisions"}],"predecessor-version":[{"id":21049,"href":"https:\/\/suresms.com\/pl\/wp-json\/wp\/v2\/pages\/2659\/revisions\/21049"}],"up":[{"embeddable":true,"href":"https:\/\/suresms.com\/pl\/wp-json\/wp\/v2\/pages\/1654"}],"wp:attachment":[{"href":"https:\/\/suresms.com\/pl\/wp-json\/wp\/v2\/media?parent=2659"}],"wp:term":[{"taxonomy":"category","embeddable":true,"href":"https:\/\/suresms.com\/pl\/wp-json\/wp\/v2\/categories?post=2659"},{"taxonomy":"post_tag","embeddable":true,"href":"https:\/\/suresms.com\/pl\/wp-json\/wp\/v2\/tags?post=2659"}],"curies":[{"name":"wp","href":"https:\/\/api.w.org\/{rel}","templated":true}]}}