{"id":2632,"date":"2016-05-23T15:27:47","date_gmt":"2016-05-23T13:27:47","guid":{"rendered":"https:\/\/www.suresms.com\/dk\/?page_id=2632"},"modified":"2025-01-03T14:17:14","modified_gmt":"2025-01-03T14:17:14","slug":"sms-dla-firm-transportowych-i-logistycznych","status":"publish","type":"page","link":"https:\/\/suresms.com\/pl\/branchelosninger\/sms-til-transport-og-logistikvirksomheder\/","title":{"rendered":"SMS dla firm transportowych i logistycznych"},"content":{"rendered":"<!-- Flexy Breadcrumb -->\r\n\t\t\t<div class=\"fbc fbc-page\">\r\n\r\n\t\t\t\t<!-- Breadcrumb wrapper -->\r\n\t\t\t\t<div class=\"fbc-wrap\">\r\n\r\n\t\t\t\t\t<!-- Ordered list-->\r\n\t\t\t\t\t<ol class=\"fbc-items\" itemscope itemtype=\"https:\/\/schema.org\/BreadcrumbList\">\r\n\t\t\t\t\t\t            <li itemprop=\"itemListElement\" itemscope itemtype=\"https:\/\/schema.org\/ListItem\">\r\n                <span itemprop=\"name\">\r\n                    <!-- Home Link -->\r\n                    <a itemprop=\"item\" href=\"https:\/\/suresms.com\/pl\/\">\r\n                    \r\n                                                    <i class=\"fa fa-home\" aria-hidden=\"true\"><\/i>Strona g\u0142\u00f3wna                    <\/a>\r\n                <\/span>\r\n                <meta itemprop=\"position\" content=\"1\" \/><!-- Meta Position-->\r\n             <\/li><li><span class=\"fbc-separator\">\/<\/span><\/li><li class=\"active\" itemprop=\"itemListElement\" itemscope itemtype=\"https:\/\/schema.org\/ListItem\"><span itemprop=\"name\" title=\"SMS dla firm transportowych i logistycznych\">SMS do Transport i...<\/span><meta itemprop=\"position\" content=\"2\" \/><\/li>\t\t\t\t\t<\/ol>\r\n\t\t\t\t\t<div class=\"clearfix\"><\/div>\r\n\t\t\t\t<\/div>\r\n\t\t\t<\/div>\r\n\t\t\t\n<h1>\n\t\tSMS dla firm transportowych i logistycznych\n\t<\/h1>\n\t\n\n<p><strong>W bran\u017cy transportu i spedycji mamy wielu wspania\u0142ych klient\u00f3w. Mo\u017cemy zapewni\u0107 szybk\u0105 komunikacj\u0119 mi\u0119dzy firmami, kierowcami i klientami, tworz\u0105c szybk\u0105 i bezpieczn\u0105 komunikacj\u0119 na du\u017ce odleg\u0142o\u015bci i granice.<\/strong><\/p>\n\n<p>Firmy transportowe i logistyczne polegaj\u0105 dzi\u015b na rozwi\u0105zaniach mobilnych w codziennych operacjach. Sektor ten bardzo skorzysta\u0142 na przyst\u0119pnych cenowo i dost\u0119pnych elastycznych rozwi\u0105zaniach komunikacyjnych, kt\u00f3re mog\u0105 u\u0142atwi\u0107 i usprawni\u0107 przep\u0142yw pracy, zapewniaj\u0105c, \u017ce informacje - a tym samym towary i produkty - docieraj\u0105 we w\u0142a\u015bciwym czasie i miejscu.<\/p>\n\n<p><strong>Korzy\u015bci:<\/strong><\/p>\n<ul> \t\n<li><strong>Szybka i bezpieczna komunikacja za po\u015brednictwem wiadomo\u015bci SMS z pracownikami i klientami na ca\u0142ym \u015bwiecie.<\/strong><\/li>\n\n<li><strong>Bezpieczna komunikacja w zakresie dostaw towar\u00f3w i \u0142adunk\u00f3w minimalizuje b\u0142\u0119dy i straty czasu zwi\u0105zane z dostawami.<\/strong><\/li>\n\n<li><strong>Uzyskaj przegl\u0105d i wysy\u0142aj z wielu numer\u00f3w bezpo\u015brednio z naszego portalu internetowego.<\/strong><\/li>\n\n<li><strong>Wykorzystaj SMS-y i spersonalizowane wiadomo\u015bci tekstowe, aby stworzy\u0107 dobre \u015brodowisko pracy w miejscu, w kt\u00f3rym pracownicy s\u0105 cz\u0119sto rozproszeni geograficznie.\u00a0<\/strong><\/li>\n<\/ul>\n\n<h3>Wysoka niezawodno\u015b\u0107 dostaw i profesjonalna obs\u0142uga w doskona\u0142ej cenie<\/h3>\n\n<p>Po wielu latach w bran\u017cy wiemy, jak wa\u017cne jest, aby komunikacja NIE uleg\u0142a awarii. Nie oszcz\u0119dzamy na sprz\u0119cie, monitoringu czy roboczogodzinach. Nasz zesp\u00f3\u0142 dba o to, aby nasza brama by\u0142a profesjonalna, stabilna i bezpieczna. Zobacz nasze <a title=\"Ceny bramek SMS\" href=\"https:\/\/suresms.com\/pl\/ceny-bramek-sms\/\">Ceny bramek SMS<\/a> Tutaj.<\/p>\n<h3>Mi\u0119dzynarodowa bramka SMS<\/h3>\n<p>\u017byjemy w mi\u0119dzynarodowym \u015bwiecie, a SMS-y dla firm transportowych i logistycznych s\u0105 cz\u0119sto u\u017cywane ponad granicami. Sure SMS gateway to idealne rozwi\u0105zanie dla Twojej komunikacji. Niezale\u017cnie od tego, czy musisz wysy\u0142a\u0107 wiadomo\u015bci do pracownik\u00f3w, kierowc\u00f3w czy klient\u00f3w, niezale\u017cnie od tego, czy telefon, na kt\u00f3ry chcesz wys\u0142a\u0107 wiadomo\u015b\u0107, jest du\u0144ski czy zagraniczny, gdziekolwiek si\u0119 znajduje, Twoje wiadomo\u015bci dotr\u0105. Pod warunkiem, \u017ce telefon po drugiej stronie jest w\u0142\u0105czony.<\/p>\n<p>SMS mo\u017cna \u0142atwo zintegrowa\u0107 z istniej\u0105cymi procesami i systemami, aby zapewni\u0107 szybk\u0105 i stabiln\u0105 komunikacj\u0119 w codziennej praktyce.<\/p>\n<h3>Prosty i przejrzysty interfejs u\u017cytkownika na portalu WEB<\/h3>\n<p>Nasz prosty i przejrzysty interfejs na portalu SureSMS WEB u\u0142atwia wysy\u0142anie wiadomo\u015bci SMS do os\u00f3b lub grup, z kt\u00f3rymi trzeba si\u0119 komunikowa\u0107. Z poziomu komputera komunikatorom \u0142atwo jest zachowa\u0107 przegl\u0105d, podczas gdy odbiorcy zazwyczaj maj\u0105 przy sobie swoje telefony kom\u00f3rkowe 24\/7.<\/p>\n<p>Nasz portal internetowy mo\u017ce by\u0107 u\u017cywany z komputera, iPada lub smartfona.<\/p>\n<h3>Funkcja grupowa: Komunikacja z pracownikami<\/h3>\n<p>Z naszego portalu internetowego mo\u017cna skorzysta\u0107 z funkcji<a title=\"GroupSMS: Tworzenie i wysy\u0142anie wiadomo\u015bci do grup\" href=\"https:\/\/suresms.com\/pl\/grupa-sms\/\">\u00a0Tworzenie i wysy\u0142anie wiadomo\u015bci SMS do grup<\/a>. Funkcja, kt\u00f3r\u0105 mo\u017cna wykorzysta\u0107 na wiele sposob\u00f3w. Kilka z naszych firm transportowych u\u017cywa ich do komunikacji ze swoimi pracownikami. Poniewa\u017c na co dzie\u0144 s\u0105 oni cz\u0119sto rozproszeni na du\u017ce odleg\u0142o\u015bci geograficzne, telefony kom\u00f3rkowe s\u0105 naturalnym \u015brodkiem komunikacji w zakresie informacji praktycznych, a tak\u017ce wiadomo\u015bci o charakterze bardziej spo\u0142ecznym.<\/p>\n<h3>Zacznij od razu<\/h3>\n<p>Rozpocz\u0119cie korzystania z naszej bramki SMS jest szybkie i \u0142atwe, a testowanie naszego produktu nie wi\u0105\u017ce si\u0119 z \u017cadnymi kosztami.<\/p>\n<p>Wype\u0142niaj\u0105c nasz link do bezp\u0142atnego konta pr\u00f3bnego, mo\u017cesz zacz\u0105\u0107 w 5 minut. Otrzymasz od nas 50 darmowych SMS-\u00f3w, aby\u015b m\u00f3g\u0142 szybko oceni\u0107 jako\u015b\u0107 naszych us\u0142ug. Je\u015bli masz jakie\u015b pytania, pami\u0119taj, \u017ce zawsze jeste\u015bmy tutaj, aby Ci pom\u00f3c i mamy wieloletnie do\u015bwiadczenie od naszych innych klient\u00f3w w bran\u017cy.<\/p>\n\n\t\t\t<p><img loading=\"lazy\" decoding=\"async\" src=\"https:\/\/suresms.com\/wp-content\/uploads\/2016\/05\/Esbjerg-gods-200-x-99-px-daempet.jpg\" alt=\"Odniesienia klient\u00f3w do towar\u00f3w Esbjerg stonowane\" width=\"200\" height=\"96\" \/>Esbjerg Estate u\u017cywa SureSMS do wysy\u0142ania wiadomo\u015bci SMS do kierowc\u00f3w. Komunikacja z kierowcami jest prosta i p\u0142ynna dzi\u0119ki bramce SMS od SureSMS.<em>\"Jeste\u015bmy naprawd\u0119 zadowoleni z waszego systemu.<\/em><em>- Dzia\u0142a absolutnie fantastycznie\".<\/em><strong>Peter Kristiansen, kontroler<\/strong><strong>Esbjerg Gods A\/S.<\/strong><\/p>\t\t\n\t\t<h4>Utw\u00f3rz bezp\u0142atne konto pr\u00f3bne<\/h4>\n\t\t<p>Zajmuje to tylko 5 minut. Zacznij od razu i zdob\u0105d\u017a <strong>100 bezp\u0142atnych wiadomo\u015bci SMS<\/strong> bez \u017cadnych zobowi\u0105za\u0144.<\/p>\n\t\t\t<a href=\"https:\/\/suresms.com\/pl\/darmowe-konto-testowe-sms\/\" target=\"_self\">\n\t\t\t\t\t\t\tUtw\u00f3rz konto pr\u00f3bne\n\t\t\t\t\t<\/a>","protected":false},"excerpt":{"rendered":"<p>SMS dla firm transportowych i logistycznych W bran\u017cy transportowej i spedycyjnej mamy wielu dobrych klient\u00f3w. Mo\u017cemy zapewni\u0107 szybk\u0105 komunikacj\u0119 mi\u0119dzy firmami, kierowcami i klientami, umo\u017cliwiaj\u0105c szybk\u0105 i bezpieczn\u0105 komunikacj\u0119 na odleg\u0142o\u015b\u0107 i ponad granicami. Firmy transportowe i logistyczne polegaj\u0105 dzi\u015b na rozwi\u0105zaniach mobilnych w codziennych operacjach. Sektor ten odni\u00f3s\u0142 ogromne korzy\u015bci ... <a title=\"SMS dla firm transportowych i logistycznych\" class=\"read-more\" href=\"https:\/\/suresms.com\/pl\/branchelosninger\/sms-til-transport-og-logistikvirksomheder\/\" aria-label=\"Dowiedz si\u0119 wi\u0119cej o SMS dla firm transportowych i logistycznych\">Dowiedz si\u0119 wi\u0119cej<\/a><\/p>","protected":false},"author":1,"featured_media":0,"parent":1654,"menu_order":2,"comment_status":"closed","ping_status":"closed","template":"","meta":{"_fl_builder_enabled":"1","_fl_builder_data":null,"_fl_builder_draft":null,"_fl_builder_data_settings":null,"_fl_builder_css":"","_fl_builder_css_version":"","_fl_builder_js":"","footnotes":""},"categories":[],"tags":[],"class_list":["post-2632","page","type-page","status-publish"],"yoast_head":"<!-- This site is optimized with the Yoast SEO Premium plugin v27.3 (Yoast SEO v27.3) - https:\/\/yoast.com\/product\/yoast-seo-premium-wordpress\/ -->\r\n<title>Global SMS Gateway til Transport og Logistikvirksomheder. SureSMS<\/title>\r\n<meta name=\"description\" content=\"SureSMS er en Dansk SMS Gateway med mange \u00e5rs erfaring indenfor SMS til transport og logistikbranchen. Stabile SMS&#039;er til gode priser til Professionelle.\" \/>\r\n<meta name=\"robots\" content=\"index, follow, max-snippet:-1, max-image-preview:large, max-video-preview:-1\" \/>\r\n<link rel=\"canonical\" href=\"https:\/\/suresms.com\/pl\/zrzuty-oddzialowe\/sms-dla-firm-transportowych-i-logistycznych\/\" \/>\r\n<meta property=\"og:locale\" content=\"pl_PL\" \/>\r\n<meta property=\"og:type\" content=\"article\" \/>\r\n<meta property=\"og:title\" content=\"SMS til Transport og Logistikvirksomheder\" \/>\r\n<meta property=\"og:description\" content=\"SureSMS er en Dansk SMS Gateway med mange \u00e5rs erfaring indenfor SMS til transport og logistikbranchen. Stabile SMS&#039;er til gode priser til Professionelle.\" \/>\r\n<meta property=\"og:url\" content=\"https:\/\/suresms.com\/pl\/zrzuty-oddzialowe\/sms-dla-firm-transportowych-i-logistycznych\/\" \/>\r\n<meta property=\"article:publisher\" content=\"https:\/\/www.facebook.com\/p\/SureSMS-100044607956149\/\" \/>\r\n<meta property=\"article:modified_time\" content=\"2025-01-03T14:17:14+00:00\" \/>\r\n<meta property=\"og:image\" content=\"https:\/\/suresms.com\/wp-content\/uploads\/2015\/02\/SMS-til-Transport-snippet.jpg\" \/>\r\n\t<meta property=\"og:image:width\" content=\"400\" \/>\r\n\t<meta property=\"og:image:height\" content=\"254\" \/>\r\n\t<meta property=\"og:image:type\" content=\"image\/jpeg\" \/>\r\n<meta name=\"twitter:card\" content=\"summary_large_image\" \/>\r\n<meta name=\"twitter:label1\" content=\"Szacowany czas czytania\" \/>\n\t<meta name=\"twitter:data1\" content=\"3 minuty\" \/>\r\n<script type=\"application\/ld+json\" class=\"yoast-schema-graph\">{\"@context\":\"https:\\\/\\\/schema.org\",\"@graph\":[{\"@type\":\"WebPage\",\"@id\":\"https:\\\/\\\/suresms.com\\\/dk\\\/branchelosninger\\\/sms-til-transport-og-logistikvirksomheder\\\/\",\"url\":\"https:\\\/\\\/suresms.com\\\/dk\\\/branchelosninger\\\/sms-til-transport-og-logistikvirksomheder\\\/\",\"name\":\"Global SMS Gateway til Transport og Logistikvirksomheder. SureSMS\",\"isPartOf\":{\"@id\":\"https:\\\/\\\/suresms.com\\\/en\\\/#website\"},\"primaryImageOfPage\":{\"@id\":\"https:\\\/\\\/suresms.com\\\/dk\\\/branchelosninger\\\/sms-til-transport-og-logistikvirksomheder\\\/#primaryimage\"},\"image\":{\"@id\":\"https:\\\/\\\/suresms.com\\\/dk\\\/branchelosninger\\\/sms-til-transport-og-logistikvirksomheder\\\/#primaryimage\"},\"thumbnailUrl\":\"https:\\\/\\\/suresms.com\\\/wp-content\\\/uploads\\\/2016\\\/05\\\/Esbjerg-gods-200-x-99-px-daempet.jpg\",\"datePublished\":\"2016-05-23T13:27:47+00:00\",\"dateModified\":\"2025-01-03T14:17:14+00:00\",\"description\":\"SureSMS er en Dansk SMS Gateway med mange \u00e5rs erfaring indenfor SMS til transport og logistikbranchen. Stabile SMS'er til gode priser til Professionelle.\",\"breadcrumb\":{\"@id\":\"https:\\\/\\\/suresms.com\\\/dk\\\/branchelosninger\\\/sms-til-transport-og-logistikvirksomheder\\\/#breadcrumb\"},\"inLanguage\":\"pl-PL\",\"potentialAction\":[{\"@type\":\"ReadAction\",\"target\":[\"https:\\\/\\\/suresms.com\\\/dk\\\/branchelosninger\\\/sms-til-transport-og-logistikvirksomheder\\\/\"]}]},{\"@type\":\"ImageObject\",\"inLanguage\":\"pl-PL\",\"@id\":\"https:\\\/\\\/suresms.com\\\/dk\\\/branchelosninger\\\/sms-til-transport-og-logistikvirksomheder\\\/#primaryimage\",\"url\":\"https:\\\/\\\/suresms.com\\\/wp-content\\\/uploads\\\/2016\\\/05\\\/Esbjerg-gods-200-x-99-px-daempet.jpg\",\"contentUrl\":\"https:\\\/\\\/suresms.com\\\/wp-content\\\/uploads\\\/2016\\\/05\\\/Esbjerg-gods-200-x-99-px-daempet.jpg\"},{\"@type\":\"BreadcrumbList\",\"@id\":\"https:\\\/\\\/suresms.com\\\/dk\\\/branchelosninger\\\/sms-til-transport-og-logistikvirksomheder\\\/#breadcrumb\",\"itemListElement\":[{\"@type\":\"ListItem\",\"position\":1,\"name\":\"Home\",\"item\":\"https:\\\/\\\/suresms.com\\\/dk\\\/\"},{\"@type\":\"ListItem\",\"position\":2,\"name\":\"Branchel\u00f8sninger\",\"item\":\"https:\\\/\\\/suresms.com\\\/dk\\\/branchelosninger\\\/\"},{\"@type\":\"ListItem\",\"position\":3,\"name\":\"SMS til Transport og Logistikvirksomheder\"}]},{\"@type\":\"WebSite\",\"@id\":\"https:\\\/\\\/suresms.com\\\/en\\\/#website\",\"url\":\"https:\\\/\\\/suresms.com\\\/en\\\/\",\"name\":\"SureSMS\",\"description\":\"Professionel SMS Gateway\",\"publisher\":{\"@id\":\"https:\\\/\\\/suresms.com\\\/en\\\/#organization\"},\"potentialAction\":[{\"@type\":\"SearchAction\",\"target\":{\"@type\":\"EntryPoint\",\"urlTemplate\":\"https:\\\/\\\/suresms.com\\\/en\\\/?s={search_term_string}\"},\"query-input\":{\"@type\":\"PropertyValueSpecification\",\"valueRequired\":true,\"valueName\":\"search_term_string\"}}],\"inLanguage\":\"pl-PL\"},{\"@type\":\"Organization\",\"@id\":\"https:\\\/\\\/suresms.com\\\/en\\\/#organization\",\"name\":\"SureSMS\",\"url\":\"https:\\\/\\\/suresms.com\\\/en\\\/\",\"logo\":{\"@type\":\"ImageObject\",\"inLanguage\":\"pl-PL\",\"@id\":\"https:\\\/\\\/suresms.com\\\/en\\\/#\\\/schema\\\/logo\\\/image\\\/\",\"url\":\"https:\\\/\\\/suresms.com\\\/wp-content\\\/uploads\\\/2024\\\/11\\\/suresms-300x65-1.png\",\"contentUrl\":\"https:\\\/\\\/suresms.com\\\/wp-content\\\/uploads\\\/2024\\\/11\\\/suresms-300x65-1.png\",\"width\":300,\"height\":65,\"caption\":\"SureSMS\"},\"image\":{\"@id\":\"https:\\\/\\\/suresms.com\\\/en\\\/#\\\/schema\\\/logo\\\/image\\\/\"},\"sameAs\":[\"https:\\\/\\\/www.facebook.com\\\/p\\\/SureSMS-100044607956149\\\/\"]}]}<\/script>\r\n<!-- \/ Yoast SEO Premium plugin. -->","yoast_head_json":{"title":"Globalna bramka SMS dla firm transportowych i logistycznych. SureSMS","description":"SureSMS to du\u0144ska bramka SMS z wieloletnim do\u015bwiadczeniem w zakresie wiadomo\u015bci SMS dla bran\u017cy transportowej i logistycznej. Stabilne wiadomo\u015bci SMS w atrakcyjnych cenach dla profesjonalist\u00f3w.","robots":{"index":"index","follow":"follow","max-snippet":"max-snippet:-1","max-image-preview":"max-image-preview:large","max-video-preview":"max-video-preview:-1"},"canonical":"https:\/\/suresms.com\/pl\/zrzuty-oddzialowe\/sms-dla-firm-transportowych-i-logistycznych\/","og_locale":"pl_PL","og_type":"article","og_title":"SMS til Transport og Logistikvirksomheder","og_description":"SureSMS er en Dansk SMS Gateway med mange \u00e5rs erfaring indenfor SMS til transport og logistikbranchen. Stabile SMS'er til gode priser til Professionelle.","og_url":"https:\/\/suresms.com\/pl\/zrzuty-oddzialowe\/sms-dla-firm-transportowych-i-logistycznych\/","article_publisher":"https:\/\/www.facebook.com\/p\/SureSMS-100044607956149\/","article_modified_time":"2025-01-03T14:17:14+00:00","og_image":[{"width":400,"height":254,"url":"https:\/\/suresms.com\/wp-content\/uploads\/2015\/02\/SMS-til-Transport-snippet.jpg","type":"image\/jpeg"}],"twitter_card":"summary_large_image","twitter_misc":{"Szacowany czas czytania":"3 minuty"},"schema":{"@context":"https:\/\/schema.org","@graph":[{"@type":"WebPage","@id":"https:\/\/suresms.com\/dk\/branchelosninger\/sms-til-transport-og-logistikvirksomheder\/","url":"https:\/\/suresms.com\/dk\/branchelosninger\/sms-til-transport-og-logistikvirksomheder\/","name":"Globalna bramka SMS dla firm transportowych i logistycznych. SureSMS","isPartOf":{"@id":"https:\/\/suresms.com\/en\/#website"},"primaryImageOfPage":{"@id":"https:\/\/suresms.com\/dk\/branchelosninger\/sms-til-transport-og-logistikvirksomheder\/#primaryimage"},"image":{"@id":"https:\/\/suresms.com\/dk\/branchelosninger\/sms-til-transport-og-logistikvirksomheder\/#primaryimage"},"thumbnailUrl":"https:\/\/suresms.com\/wp-content\/uploads\/2016\/05\/Esbjerg-gods-200-x-99-px-daempet.jpg","datePublished":"2016-05-23T13:27:47+00:00","dateModified":"2025-01-03T14:17:14+00:00","description":"SureSMS to du\u0144ska bramka SMS z wieloletnim do\u015bwiadczeniem w zakresie wiadomo\u015bci SMS dla bran\u017cy transportowej i logistycznej. Stabilne wiadomo\u015bci SMS w atrakcyjnych cenach dla profesjonalist\u00f3w.","breadcrumb":{"@id":"https:\/\/suresms.com\/dk\/branchelosninger\/sms-til-transport-og-logistikvirksomheder\/#breadcrumb"},"inLanguage":"pl-PL","potentialAction":[{"@type":"ReadAction","target":["https:\/\/suresms.com\/dk\/branchelosninger\/sms-til-transport-og-logistikvirksomheder\/"]}]},{"@type":"ImageObject","inLanguage":"pl-PL","@id":"https:\/\/suresms.com\/dk\/branchelosninger\/sms-til-transport-og-logistikvirksomheder\/#primaryimage","url":"https:\/\/suresms.com\/wp-content\/uploads\/2016\/05\/Esbjerg-gods-200-x-99-px-daempet.jpg","contentUrl":"https:\/\/suresms.com\/wp-content\/uploads\/2016\/05\/Esbjerg-gods-200-x-99-px-daempet.jpg"},{"@type":"BreadcrumbList","@id":"https:\/\/suresms.com\/dk\/branchelosninger\/sms-til-transport-og-logistikvirksomheder\/#breadcrumb","itemListElement":[{"@type":"ListItem","position":1,"name":"Home","item":"https:\/\/suresms.com\/dk\/"},{"@type":"ListItem","position":2,"name":"Branchel\u00f8sninger","item":"https:\/\/suresms.com\/dk\/branchelosninger\/"},{"@type":"ListItem","position":3,"name":"SMS til Transport og Logistikvirksomheder"}]},{"@type":"WebSite","@id":"https:\/\/suresms.com\/en\/#website","url":"https:\/\/suresms.com\/en\/","name":"SureSMS","description":"Profesjonalna bramka SMS","publisher":{"@id":"https:\/\/suresms.com\/en\/#organization"},"potentialAction":[{"@type":"SearchAction","target":{"@type":"EntryPoint","urlTemplate":"https:\/\/suresms.com\/en\/?s={search_term_string}"},"query-input":{"@type":"PropertyValueSpecification","valueRequired":true,"valueName":"search_term_string"}}],"inLanguage":"pl-PL"},{"@type":"Organization","@id":"https:\/\/suresms.com\/en\/#organization","name":"SureSMS","url":"https:\/\/suresms.com\/en\/","logo":{"@type":"ImageObject","inLanguage":"pl-PL","@id":"https:\/\/suresms.com\/en\/#\/schema\/logo\/image\/","url":"https:\/\/suresms.com\/wp-content\/uploads\/2024\/11\/suresms-300x65-1.png","contentUrl":"https:\/\/suresms.com\/wp-content\/uploads\/2024\/11\/suresms-300x65-1.png","width":300,"height":65,"caption":"SureSMS"},"image":{"@id":"https:\/\/suresms.com\/en\/#\/schema\/logo\/image\/"},"sameAs":["https:\/\/www.facebook.com\/p\/SureSMS-100044607956149\/"]}]}},"_links":{"self":[{"href":"https:\/\/suresms.com\/pl\/wp-json\/wp\/v2\/pages\/2632","targetHints":{"allow":["GET"]}}],"collection":[{"href":"https:\/\/suresms.com\/pl\/wp-json\/wp\/v2\/pages"}],"about":[{"href":"https:\/\/suresms.com\/pl\/wp-json\/wp\/v2\/types\/page"}],"author":[{"embeddable":true,"href":"https:\/\/suresms.com\/pl\/wp-json\/wp\/v2\/users\/1"}],"replies":[{"embeddable":true,"href":"https:\/\/suresms.com\/pl\/wp-json\/wp\/v2\/comments?post=2632"}],"version-history":[{"count":3,"href":"https:\/\/suresms.com\/pl\/wp-json\/wp\/v2\/pages\/2632\/revisions"}],"predecessor-version":[{"id":19576,"href":"https:\/\/suresms.com\/pl\/wp-json\/wp\/v2\/pages\/2632\/revisions\/19576"}],"up":[{"embeddable":true,"href":"https:\/\/suresms.com\/pl\/wp-json\/wp\/v2\/pages\/1654"}],"wp:attachment":[{"href":"https:\/\/suresms.com\/pl\/wp-json\/wp\/v2\/media?parent=2632"}],"wp:term":[{"taxonomy":"category","embeddable":true,"href":"https:\/\/suresms.com\/pl\/wp-json\/wp\/v2\/categories?post=2632"},{"taxonomy":"post_tag","embeddable":true,"href":"https:\/\/suresms.com\/pl\/wp-json\/wp\/v2\/tags?post=2632"}],"curies":[{"name":"wp","href":"https:\/\/api.w.org\/{rel}","templated":true}]}}