{"id":23804,"date":"2026-01-13T16:10:44","date_gmt":"2026-01-13T16:10:44","guid":{"rendered":"https:\/\/suresms.com\/?page_id=23804"},"modified":"2026-01-14T06:35:34","modified_gmt":"2026-01-14T06:35:34","slug":"integracja-entra-id-przez-csv","status":"publish","type":"page","link":"https:\/\/suresms.com\/pl\/integrationer\/booking-ldap-2fa\/integration-entra-id-via-csv\/","title":{"rendered":"Integracja SMS z Entra ID (poprzez plik CSV)"},"content":{"rendered":"<!-- Flexy Breadcrumb -->\r\n\t\t\t<div class=\"fbc fbc-page\">\r\n\r\n\t\t\t\t<!-- Breadcrumb wrapper -->\r\n\t\t\t\t<div class=\"fbc-wrap\">\r\n\r\n\t\t\t\t\t<!-- Ordered list-->\r\n\t\t\t\t\t<ol class=\"fbc-items\" itemscope itemtype=\"https:\/\/schema.org\/BreadcrumbList\">\r\n\t\t\t\t\t\t            <li itemprop=\"itemListElement\" itemscope itemtype=\"https:\/\/schema.org\/ListItem\">\r\n                <span itemprop=\"name\">\r\n                    <!-- Home Link -->\r\n                    <a itemprop=\"item\" href=\"https:\/\/suresms.com\/pl\/\">\r\n                    \r\n                                                    <i class=\"fa fa-home\" aria-hidden=\"true\"><\/i>Strona g\u0142\u00f3wna                    <\/a>\r\n                <\/span>\r\n                <meta itemprop=\"position\" content=\"1\" \/><!-- Meta Position-->\r\n             <\/li><li><span class=\"fbc-separator\">\/<\/span><\/li><li class=\"active\" itemprop=\"itemListElement\" itemscope itemtype=\"https:\/\/schema.org\/ListItem\"><span itemprop=\"name\" title=\"Integracja SMS z Entra ID (poprzez plik CSV)\">Integracja SMS dla Entra...<\/span><meta itemprop=\"position\" content=\"2\" \/><\/li>\t\t\t\t\t<\/ol>\r\n\t\t\t\t\t<div class=\"clearfix\"><\/div>\r\n\t\t\t\t<\/div>\r\n\t\t\t<\/div>\r\n\t\t\t\n\t\t<h1>Integracja SMS Entra ID poprzez plik CSV<\/h1>\t\n\t\t\t\t<img decoding=\"async\" src=\"https:\/\/suresms.com\/wp-content\/uploads\/2022\/08\/Azure-AD-2-1.png\" alt=\"Azure AD\" itemprop=\"image\" height=\"254\" width=\"700\" title=\"Azure AD\" onerror=\"this.style.display='none'\" loading=\"lazy\" \/>\n<h2>\n\t\t\tCzym jest Entra ID znana r\u00f3wnie\u017c jako Active Directory?\t<\/h2>\n\t<p>Microsoft Entra ID, wcze\u015bniej znana jako Azure Active Directory (Azure AD), to oparta na chmurze us\u0142uga zarz\u0105dzania to\u017csamo\u015bci\u0105 i dost\u0119pem firmy Microsoft. Us\u0142uga ta pomaga organizacjom zarz\u0105dza\u0107 i zabezpiecza\u0107 dost\u0119p u\u017cytkownik\u00f3w do aplikacji i danych w nowoczesnej hybrydowej infrastrukturze IT. Korzystaj\u0105c z Microsoft Entra ID, organizacje mog\u0105 oferowa\u0107 logowanie jednokrotne (SSO) i uwierzytelnianie wielosk\u0142adnikowe w celu ochrony to\u017csamo\u015bci u\u017cytkownik\u00f3w i poprawy bezpiecze\u0144stwa. Integracja z Microsoft Entra ID i Active Directory (AD) umo\u017cliwia centraln\u0105 synchronizacj\u0119 i zarz\u0105dzanie to\u017csamo\u015bciami, upraszczaj\u0105c zarz\u0105dzanie u\u017cytkownikami i kontrol\u0119 dost\u0119pu. Jest to niezb\u0119dne dla organizacji, kt\u00f3re chc\u0105 wydajnego i bezpiecznego zarz\u0105dzania dost\u0119pem.<\/p>\n\t\t<h2>Zwr\u00f3\u0107 uwag\u0119 na ....<\/h2><p>Jest kilka rzeczy, o kt\u00f3rych powiniene\u015b wiedzie\u0107, zanim zaczniesz tworzy\u0107 integracj\u0119 SMS AD z SureSMS.<\/p>\n<h4>RODO<\/h4>\n<p>Pierwsz\u0105 rzecz\u0105, o kt\u00f3rej musisz wiedzie\u0107, jest to, \u017ce SureSMS uzyskuje od Ciebie dost\u0119p do danych osobowych. Oznacza to, \u017ce zaczynamy teraz przetwarza\u0107 dane dla Ciebie, a zatem musimy, w<a href=\"https:\/\/www.datatilsynet.dk\/hvad-siger-reglerne\">zgodno\u015b\u0107 z RODO<\/a>, zawar\u0142y umow\u0119 o przetwarzaniu danych.<\/p>\n<h4>Numery telefon\u00f3w<\/h4>\n<p>Numery telefon\u00f3w, na kt\u00f3re chcemy wys\u0142a\u0107 wiadomo\u015b\u0107, musz\u0105 znajdowa\u0107 si\u0119 w AD. Aby wys\u0142a\u0107 wiadomo\u015b\u0107 SMS do danej osoby, musimy zna\u0107 jej numer telefonu. Dlatego je\u015bli nie masz numer\u00f3w telefon\u00f3w w swojej AD, albo je zdob\u0105d\u017a, albo nie r\u00f3b integracji.<\/p>\n<h4>Usuwanie kontakt\u00f3w<\/h4>\n<p>Integracja jest integracj\u0105 \u201cjednokierunkow\u0105\u201d. Oznacza to, \u017ce odczytujemy tylko informacje z AD. Integracja pobiera wszystkie osoby z AD, \u017ce tak powiem. Tak wi\u0119c, na przyk\u0142ad, je\u015bli usuniesz osob\u0119 w SureSMS, powr\u00f3ci ona tylko wtedy, gdy nadal b\u0119dzie w AD. To zawsze AD ma prawid\u0142owe dane.<\/p>\n<h2>\n\t\t\tJak skonfigurowa\u0107 integracj\u0119 z Entra ID\t<\/h2>\n\t<p>Mamy kilka opcji, je\u015bli chodzi o integracj\u0119 EntraID. W tym artykule opisano spos\u00f3b integracji za po\u015brednictwem pliku CSV.<\/p>\n<p>Og\u00f3lnie rzecz bior\u0105c, rozwi\u0105zanie opiera si\u0119 na ma\u0142ym skrypcie, kt\u00f3ry dzia\u0142a w siedzibie u\u017cytkownika (tj. w ramach mechanizm\u00f3w bezpiecze\u0144stwa ustanowionych przez organizacj\u0119). Skrypt tworzy oddzielony przecinkami plik z tre\u015bciami dotycz\u0105cymi os\u00f3b, numer\u00f3w telefon\u00f3w i grup, kt\u00f3ry jest bezpiecznie przesy\u0142any przez sFTP do SureSMS. Nast\u0119pnie SureSMS automatycznie \u0142aduje plik na konto powi\u0105zane z integracj\u0105.<\/p>\n<p>Zacznijmy wi\u0119c.<\/p>\n<h2>\n\t\t\tJak to dzia\u0142a\t<\/h2>\nProces ten opiera si\u0119 na skrypcie PowerShell, kt\u00f3ry wykonuje nast\u0119puj\u0105ce zadania:\n\n1. bezpiecznie \u0142\u0105czy si\u0119 z Microsoft Entra ID przy u\u017cyciu Microsoft Graph API.\n2. pobiera cz\u0142onk\u00f3w z jednej lub wi\u0119cej okre\u015blonych grup u\u017cytkownik\u00f3w.\n3. wyodr\u0119bnia odpowiednie dane (imi\u0119 i nazwisko, kod kraju, numer telefonu) oraz nazw\u0119 grupy, do kt\u00f3rej nale\u017c\u0105.\n4. formatuje dane w pliku CSV zgodnym z platform\u0105 SureSMS.\n5. automatycznie przesy\u0142a plik CSV na serwer SureSMS sFTP (sftp.suresms.com).\n<br \/>\nPo przes\u0142aniu pliku jest on automatycznie importowany do kontakt\u00f3w ksi\u0105\u017cki adresowej w aplikacji SureSMS.\n<h2>\n\t\t\tFormat pliku CSV\t<\/h2>\nSkrypt generuje plik CSV ze \u015brednikiem jako separatorem, co jest standardem w Danii. Plik zawiera nast\u0119puj\u0105ce kolumny:\n<table>\n<tbody data-slate-node=\"element\">\n<tr data-slate-node=\"element\">\n<td data-slate-node=\"element\">\nKolumna\n<\/td>\n<td data-slate-node=\"element\">\nOpis\n<\/td>\n<td data-slate-node=\"element\">\nPrzyk\u0142ad przyk\u0142adu\n<\/td>\n<\/tr>\n<tr data-slate-node=\"element\">\n<td data-slate-node=\"element\">\nNazwa\n<\/td>\n<td data-slate-node=\"element\">\nPe\u0142na nazwa u\u017cytkownika z Entra ID\n<\/td>\n<td data-slate-node=\"element\">\nAnders Jensen\n<\/td>\n<\/tr>\n<tr data-slate-node=\"element\">\n<td data-slate-node=\"element\">\nKod kraju\n<\/td>\n<td data-slate-node=\"element\">Kod wybierania z prefiksem +<\/td>\n<td data-slate-node=\"element\">\n+45\n<\/td>\n<\/tr>\n<tr data-slate-node=\"element\">\n<td data-slate-node=\"element\">\nNumer telefonu\n<\/td>\n<td data-slate-node=\"element\">\nNumer telefonu kom\u00f3rkowego lub s\u0142u\u017cbowego\n<\/td>\n<td data-slate-node=\"element\">\n12345678\n<\/td>\n<\/tr>\n<tr data-slate-node=\"element\">\n<td data-slate-node=\"element\">\nGrupa\n<\/td>\n<td data-slate-node=\"element\">\nNazwa grupy Entra ID, do kt\u00f3rej nale\u017cy u\u017cytkownik.\n<\/td>\n<td data-slate-node=\"element\">\nDzia\u0142 IT\n<\/td>\n<\/tr>\n<\/tbody>\n<\/table>\nPrzyk\u0142adowa zawarto\u015b\u0107 pliku mo\u017ce wygl\u0105da\u0107 nast\u0119puj\u0105co:\nZwyk\u0142y tekst\n\u201cAnders Jensen\u201d; \u201d+45\u2033; \u201d12345678\u2033; \u201dDzia\u0142 IT\u201d\n\u201cMaria Nielsen\u201d; \u201d+45\u2033; \u201d87654321\u2033; \u201dDzia\u0142 IT\u201d\n\u201cPeter Hansen\u201d;\u201d+45\u2033;\u201d11223344\u2033;\u201dSalg\u201d\n\u201cJohan Svensson\u201d;\u201d+46\u2033;\u201d701234567\u2033;\u201dSalg\u201d\n\nNale\u017cy pami\u0119ta\u0107, \u017ce skrypt automatycznie konwertuje kody kraj\u00f3w ISO (np. DK, SE, NO) na prawid\u0142owy format wybierania (+45, +46, +47) i usuwa wszelkie prefiksy kodu kraju z numer\u00f3w telefon\u00f3w.\n<h2>\n\t\t\tWymagania wst\u0119pne\t<\/h2>\n<p>Przed u\u017cyciem skryptu nale\u017cy upewni\u0107 si\u0119, \u017ce system spe\u0142nia nast\u0119puj\u0105ce wymagania:<\/p>\n<ul>\n<li>Windows PowerShell 5.1 lub nowszy (do\u0142\u0105czony do Windows 10 i 11).<\/li>\n<li>Wymagane modu\u0142y PowerShell: Skrypt automatycznie spr\u00f3buje zainstalowa\u0107 <u>Wykres<\/u> i <u>Posh-SSH<\/u>, je\u015bli nie s\u0105 jeszcze zainstalowane. Wymaga to uprawnie\u0144 administratora za pierwszym razem.<\/li>\n<li>Uprawnienia w Entra ID: U\u017cytkownik uruchamiaj\u0105cy skrypt musi mie\u0107 uprawnienia do odczytu informacji o u\u017cytkownikach i grupach za po\u015brednictwem Microsoft Graph. Przy pierwszym uruchomieniu skryptu zostaniesz poproszony o wyra\u017cenie zgody na te uprawnienia.<\/li>\n<li>Dost\u0119p sFTP do SureSMS: Potrzebna jest nazwa u\u017cytkownika i has\u0142o do serwera sFTP SureSMS.<\/li>\n<\/ul>\n<h2>\n\t\t\tPrzewodnik krok po kroku\t<\/h2>\n<p>Wykonaj poni\u017csze kroki, aby skonfigurowa\u0107 i uruchomi\u0107 skrypt.<\/p>\n<h3>\n\t\t\tKrok 1: Pobranie skryptu\t<\/h3>\n<p>Najpierw nale\u017cy pobra\u0107 <a href=\"https:\/\/suresms.com\/wp-content\/uploads\/2026\/01\/Export-EntraIDUsersToSFTP.zip\">Skrypt PowerShell<\/a>. Zapisz plik Export-EntraIDUsersToSFTP.ps1 w odpowiedniej lokalizacji na komputerze, na przyk\u0142ad w C:Scripts<\/p>\n<h3>\n\t\t\tKrok 2: Znajd\u017a swoje dane sFTP w SureSMS\t<\/h3>\n<p>Aby skrypt m\u00f3g\u0142 przes\u0142a\u0107 plik, potrzebuje osobistych danych logowania sFTP z SureSMS. Skrypt jest ju\u017c skonfigurowany do \u0142\u0105czenia si\u0119 z sftp.suresms.com, wi\u0119c potrzebujesz tylko swojej nazwy u\u017cytkownika i has\u0142a.<\/p>\n<p>Informacje o sFTP mo\u017cna uzyska\u0107, wysy\u0142aj\u0105c wiadomo\u015b\u0107 e-mail na adres support@suresms.com z numerem u\u017cytkownika i zarejestrowanym adresem e-mail (patrz lewy dolny r\u00f3g po zalogowaniu si\u0119 na app.suresms.com).<\/p>\n<h3>\n\t\t\tKrok 3: Uruchomienie skryptu\t<\/h3>\n<p>Otw\u00f3rz okno PowerShell i przejd\u017a do folderu, w kt\u00f3rym zapisa\u0142e\u015b skrypt. Mo\u017cesz teraz uruchomi\u0107 skrypt z niezb\u0119dnymi parametrami.<\/p>\n<p>Poni\u017cej znajduje si\u0119 przyk\u0142ad uruchomienia skryptu. Zast\u0105p warto\u015bci w\u0142asnymi informacjami.<\/p>\n<p>.Export-EntraIDUsersToSFTP.ps1 -Groups \u201cAll Employees\u201d, \u201cIT Support\u201d ` -SFTPUsername \u201cditsftp-username\u201d<\/p>\n<p>Po uruchomieniu polecenia:<\/p>\n<ul>\n<li>Najpierw zostaniesz poproszony o zalogowanie si\u0119 na swoje konto Microsoft, aby da\u0107 skryptowi dost\u0119p do Entra ID.<\/li>\n<li>Nast\u0119pnie zostaniesz poproszony o podanie has\u0142a sFTP.<\/li>\n<\/ul>\n<p>Skrypt pobierze teraz dane, utworzy plik CSV o nazwie <u>EntraID_Export.csv<\/u> i przes\u0142a\u0107 go na serwer SureSMS sFTP.<\/p>\n<p>&nbsp;<\/p>\n<p><em>Parametry skryptu<\/em><\/p>\n<p>Poni\u017cej znajduje si\u0119 przegl\u0105d parametr\u00f3w, kt\u00f3rych mo\u017cna u\u017cy\u0107 do dostosowania funkcji skryptu:<\/p>\n<p>&nbsp;<\/p>\n<table width=\"100%\">\n<thead>\n<tr>\n<td>Parametr<\/td>\n<td>Opis<\/td>\n<\/tr>\n<\/thead>\n<tbody>\n<tr>\n<td><u>-Grupy<\/u><\/td>\n<td>(Wymagane) Lista nazw grup z Entra ID, kt\u00f3re maj\u0105 zosta\u0107 wyeksportowane. Oddziel przecinkami, np. <u>\u201cGrupa1\u201d, \u201cGrupa2\u201d<\/u>.<\/td>\n<\/tr>\n<tr>\n<td><u>-SFTPUsername<\/u><\/td>\n<td>(Wymagane) Nazwa u\u017cytkownika sFTP z SureSMS.<\/td>\n<\/tr>\n<tr>\n<td><u>-SFTPPassword<\/u><\/td>\n<td>(Opcjonalnie) Has\u0142o jako SecureString. Je\u015bli nie zostanie okre\u015blone, zostanie wy\u015bwietlony monit o jego wprowadzenie.<\/td>\n<\/tr>\n<tr>\n<td><u>-SFTPPort<\/u><\/td>\n<td>(Opcjonalnie) port sFTP. Domy\u015blnie 22.<\/td>\n<\/tr>\n<tr>\n<td><u>-SFTPRemotePath<\/u><\/td>\n<td>Folder na serwerze sFTP, do kt\u00f3rego plik powinien zosta\u0107 przes\u0142any. Domy\u015blnie jest to <u>\/<\/u>.<\/td>\n<\/tr>\n<tr>\n<td><u>-OutputPath<\/u><\/td>\n<td>(Opcjonalnie) Zmienia nazw\u0119 lub lokalizacj\u0119 lokalnego pliku CSV. Domy\u015blnie <u>.EntraID_Export.csv<\/u>.<\/td>\n<\/tr>\n<tr>\n<td><u>-SkipSFTPUpload<\/u><\/td>\n<td>(Opcjonalnie) Je\u015bli okre\u015blono, tylko plik CSV jest generowany lokalnie bez przesy\u0142ania do sFTP.<\/td>\n<\/tr>\n<\/tbody>\n<\/table>\n<h2>\n\t\t\tPrzyk\u0142ady u\u017cycia\t<\/h2>\n<h4>Przyk\u0142ad 1: Eksport jednej grupy i przes\u0142anie do SureSMS<\/h4>\n<p>.Export-EntraIDUsersToSFTP.ps1 -Groups \u201cSales department\u201d -SFTPUsername \u201cmyuser\u201d<\/p>\n<h4>Przyk\u0142ad 2: Eksportowanie wielu grup do okre\u015blonego folderu<\/h4>\n<p>.Export-EntraIDUsersToSFTP.ps1 -Groups \u201cIT\u201d, \u201cHR\u201d, \u201cManagement\u201d ` -SFTPUsername \u201cmyuser\u201d ` -SFTPRemotePath \u201c\/contacts\u201d<\/p>\n<h4>Przyk\u0142ad 3: Tylko eksport lokalny bez przesy\u0142ania przez sFTP<\/h4>\n<p>.Export-EntraIDUsersToSFTP.ps1 -Groups \u201cAll Employees\u201d ` -OutputPath \u201cC:Export Employees.csv\u201d ` -SkipSFTPUpload<\/p>\n<h2>\n\t\t\tAutomatyzacja za pomoc\u0105 Harmonogramu zada\u0144 systemu Windows\t<\/h2>\n<p>Aby utrzyma\u0107 synchronizacj\u0119 list kontakt\u00f3w, mo\u017cna skonfigurowa\u0107 Zaplanowane zadanie w systemie Windows, kt\u00f3re uruchamia skrypt automatycznie w regularnych odst\u0119pach czasu. Gwarantuje to, \u017ce nowi pracownicy lub zmiany numer\u00f3w telefon\u00f3w s\u0105 automatycznie odzwierciedlane na listach odbiorc\u00f3w SureSMS bez konieczno\u015bci r\u0119cznej pracy.<\/p>\n<p>Aby utworzy\u0107 zaplanowane zadanie:<\/p>\n<ul>\n<li>Otw\u00f3rz Harmonogram zada\u0144 w systemie Windows.<\/li>\n<li>Kliknij przycisk Utw\u00f3rz zadanie podstawowe.<\/li>\n<li>Nadaj zadaniu nazw\u0119, np. \u201cSureSMS Contact Sync\u201d.<\/li>\n<li>Wybierz, jak cz\u0119sto zadanie ma by\u0107 uruchamiane (np. codziennie).<\/li>\n<li>Wybierz opcj\u0119 Uruchom program jako akcj\u0119.<\/li>\n<li>Okre\u015bl <u>exe<\/u> jako aplikacja i doda\u0107 pe\u0142n\u0105 \u015bcie\u017ck\u0119 skryptu z parametrami jako argumentami.<\/li>\n<\/ul>\n<p>Przyk\u0142ad argumentu:<\/p>\n<p>-ExecutionPolicy Bypass -File \u201cC:ScriptsExport-EntraIDUsersToSFTP.ps1\u201d -Groups \u201cAll Employees\u201d -SFTPUsername \u201cmyuser\u201d<\/p>\n<p>Uwaga: W przypadku jazdy automatycznej has\u0142o nale\u017cy przechowywa\u0107 w bezpieczny spos\u00f3b. Mo\u017cna u\u017cy\u0107 <u>-SFTPPassword<\/u> za pomoc\u0105 SecureString przechowywanego w zaszyfrowanym pliku lub uruchomi\u0107 skrypt pod kontem us\u0142ugi z zapisanymi po\u015bwiadczeniami.<\/p>\n<p>&nbsp;<\/p>","protected":false},"excerpt":{"rendered":"<p>Integracja SMS Entra ID za po\u015brednictwem pliku CSV Czym jest Entra ID znana r\u00f3wnie\u017c jako Active Directory? Microsoft Entra ID, wcze\u015bniej znana jako Azure Active Directory (Azure AD), to oparta na chmurze us\u0142uga zarz\u0105dzania to\u017csamo\u015bci\u0105 i dost\u0119pem firmy Microsoft. Us\u0142uga ta pomaga organizacjom zarz\u0105dza\u0107 i zabezpiecza\u0107 dost\u0119p u\u017cytkownik\u00f3w do aplikacji i danych w nowoczesnej hybrydowej ... <a title=\"Integracja SMS z Entra ID (poprzez plik CSV)\" class=\"read-more\" href=\"https:\/\/suresms.com\/pl\/integrationer\/booking-ldap-2fa\/integration-entra-id-via-csv\/\" aria-label=\"Dowiedz si\u0119 wi\u0119cej o integracji SMS z Entra ID (za po\u015brednictwem pliku CSV)\">Dowiedz si\u0119 wi\u0119cej<\/a><\/p>","protected":false},"author":1,"featured_media":0,"parent":19541,"menu_order":1,"comment_status":"closed","ping_status":"closed","template":"","meta":{"_fl_builder_enabled":"1","_fl_builder_data":null,"_fl_builder_draft":null,"_fl_builder_data_settings":null,"_fl_builder_css":"","_fl_builder_css_version":"","_fl_builder_js":"","footnotes":""},"categories":[],"tags":[],"class_list":["post-23804","page","type-page","status-publish"],"yoast_head":"<!-- This site is optimized with the Yoast SEO Premium plugin v27.3 (Yoast SEO v27.3) - https:\/\/yoast.com\/product\/yoast-seo-premium-wordpress\/ -->\r\n<title>SMS integration til Entra ID (via CSV fil) - dyb integration<\/title>\r\n<meta name=\"description\" content=\"SMS AD Integration til Azure Active Directory. Fuldt integreret SMS l\u00f8sning i AD til beredskabs, alarmering, medarbejdere og mere\" \/>\r\n<meta name=\"robots\" content=\"index, follow, max-snippet:-1, max-image-preview:large, max-video-preview:-1\" \/>\r\n<link rel=\"canonical\" href=\"https:\/\/suresms.com\/pl\/integracje\/rezerwacja-ldap-2fa\/integracja-entra-id-przez-csv\/\" \/>\r\n<meta property=\"og:locale\" content=\"pl_PL\" \/>\r\n<meta property=\"og:type\" content=\"article\" \/>\r\n<meta property=\"og:title\" content=\"SMS integration til Entra ID (via CSV fil)\" \/>\r\n<meta property=\"og:description\" content=\"SMS AD Integration til Azure Active Directory. Fuldt integreret SMS l\u00f8sning i AD til beredskabs, alarmering, medarbejdere og mere\" \/>\r\n<meta property=\"og:url\" content=\"https:\/\/suresms.com\/pl\/integracje\/rezerwacja-ldap-2fa\/integracja-entra-id-przez-csv\/\" \/>\r\n<meta property=\"article:publisher\" content=\"https:\/\/www.facebook.com\/p\/SureSMS-100044607956149\/\" \/>\r\n<meta property=\"article:modified_time\" content=\"2026-01-14T06:35:34+00:00\" \/>\r\n<meta property=\"og:image\" content=\"https:\/\/suresms.com\/wp-content\/uploads\/2022\/08\/Azure-AD-2-1.png\" \/>\r\n<meta name=\"twitter:card\" content=\"summary_large_image\" \/>\r\n<meta name=\"twitter:label1\" content=\"Szacowany czas czytania\" \/>\n\t<meta name=\"twitter:data1\" content=\"7 minut\" \/>\r\n<script type=\"application\/ld+json\" class=\"yoast-schema-graph\">{\"@context\":\"https:\\\/\\\/schema.org\",\"@graph\":[{\"@type\":\"WebPage\",\"@id\":\"https:\\\/\\\/suresms.com\\\/dk\\\/integrationer\\\/booking-ldap-2fa\\\/integration-entra-id-via-csv\\\/\",\"url\":\"https:\\\/\\\/suresms.com\\\/dk\\\/integrationer\\\/booking-ldap-2fa\\\/integration-entra-id-via-csv\\\/\",\"name\":\"SMS integration til Entra ID (via CSV fil) - dyb integration\",\"isPartOf\":{\"@id\":\"https:\\\/\\\/suresms.com\\\/en\\\/#website\"},\"primaryImageOfPage\":{\"@id\":\"https:\\\/\\\/suresms.com\\\/dk\\\/integrationer\\\/booking-ldap-2fa\\\/integration-entra-id-via-csv\\\/#primaryimage\"},\"image\":{\"@id\":\"https:\\\/\\\/suresms.com\\\/dk\\\/integrationer\\\/booking-ldap-2fa\\\/integration-entra-id-via-csv\\\/#primaryimage\"},\"thumbnailUrl\":\"https:\\\/\\\/suresms.com\\\/wp-content\\\/uploads\\\/2022\\\/08\\\/Azure-AD-2-1.png\",\"datePublished\":\"2026-01-13T16:10:44+00:00\",\"dateModified\":\"2026-01-14T06:35:34+00:00\",\"description\":\"SMS AD Integration til Azure Active Directory. Fuldt integreret SMS l\u00f8sning i AD til beredskabs, alarmering, medarbejdere og mere\",\"breadcrumb\":{\"@id\":\"https:\\\/\\\/suresms.com\\\/dk\\\/integrationer\\\/booking-ldap-2fa\\\/integration-entra-id-via-csv\\\/#breadcrumb\"},\"inLanguage\":\"pl-PL\",\"potentialAction\":[{\"@type\":\"ReadAction\",\"target\":[\"https:\\\/\\\/suresms.com\\\/dk\\\/integrationer\\\/booking-ldap-2fa\\\/integration-entra-id-via-csv\\\/\"]}]},{\"@type\":\"ImageObject\",\"inLanguage\":\"pl-PL\",\"@id\":\"https:\\\/\\\/suresms.com\\\/dk\\\/integrationer\\\/booking-ldap-2fa\\\/integration-entra-id-via-csv\\\/#primaryimage\",\"url\":\"https:\\\/\\\/suresms.com\\\/wp-content\\\/uploads\\\/2022\\\/08\\\/Azure-AD-2-1.png\",\"contentUrl\":\"https:\\\/\\\/suresms.com\\\/wp-content\\\/uploads\\\/2022\\\/08\\\/Azure-AD-2-1.png\"},{\"@type\":\"BreadcrumbList\",\"@id\":\"https:\\\/\\\/suresms.com\\\/dk\\\/integrationer\\\/booking-ldap-2fa\\\/integration-entra-id-via-csv\\\/#breadcrumb\",\"itemListElement\":[{\"@type\":\"ListItem\",\"position\":1,\"name\":\"Home\",\"item\":\"https:\\\/\\\/suresms.com\\\/dk\\\/\"},{\"@type\":\"ListItem\",\"position\":2,\"name\":\"Integrationer\",\"item\":\"https:\\\/\\\/suresms.com\\\/dk\\\/integrationer\\\/\"},{\"@type\":\"ListItem\",\"position\":3,\"name\":\"SMS integration til LDAP og brugerdatabaser\",\"item\":\"https:\\\/\\\/suresms.com\\\/dk\\\/integrationer\\\/booking-ldap-2fa\\\/\"},{\"@type\":\"ListItem\",\"position\":4,\"name\":\"SMS integration til Entra ID (via CSV fil)\"}]},{\"@type\":\"WebSite\",\"@id\":\"https:\\\/\\\/suresms.com\\\/en\\\/#website\",\"url\":\"https:\\\/\\\/suresms.com\\\/en\\\/\",\"name\":\"SureSMS\",\"description\":\"Professionel SMS Gateway\",\"publisher\":{\"@id\":\"https:\\\/\\\/suresms.com\\\/en\\\/#organization\"},\"potentialAction\":[{\"@type\":\"SearchAction\",\"target\":{\"@type\":\"EntryPoint\",\"urlTemplate\":\"https:\\\/\\\/suresms.com\\\/en\\\/?s={search_term_string}\"},\"query-input\":{\"@type\":\"PropertyValueSpecification\",\"valueRequired\":true,\"valueName\":\"search_term_string\"}}],\"inLanguage\":\"pl-PL\"},{\"@type\":\"Organization\",\"@id\":\"https:\\\/\\\/suresms.com\\\/en\\\/#organization\",\"name\":\"SureSMS\",\"url\":\"https:\\\/\\\/suresms.com\\\/en\\\/\",\"logo\":{\"@type\":\"ImageObject\",\"inLanguage\":\"pl-PL\",\"@id\":\"https:\\\/\\\/suresms.com\\\/en\\\/#\\\/schema\\\/logo\\\/image\\\/\",\"url\":\"https:\\\/\\\/suresms.com\\\/wp-content\\\/uploads\\\/2024\\\/11\\\/suresms-300x65-1.png\",\"contentUrl\":\"https:\\\/\\\/suresms.com\\\/wp-content\\\/uploads\\\/2024\\\/11\\\/suresms-300x65-1.png\",\"width\":300,\"height\":65,\"caption\":\"SureSMS\"},\"image\":{\"@id\":\"https:\\\/\\\/suresms.com\\\/en\\\/#\\\/schema\\\/logo\\\/image\\\/\"},\"sameAs\":[\"https:\\\/\\\/www.facebook.com\\\/p\\\/SureSMS-100044607956149\\\/\"]}]}<\/script>\r\n<!-- \/ Yoast SEO Premium plugin. -->","yoast_head_json":{"title":"Integracja SMS z Entra ID (poprzez plik CSV) - g\u0142\u0119boka integracja","description":"Integracja SMS AD dla Azure Active Directory. W pe\u0142ni zintegrowane rozwi\u0105zanie SMS w AD do reagowania na sytuacje awaryjne, ostrzegania, pracownik\u00f3w i nie tylko.","robots":{"index":"index","follow":"follow","max-snippet":"max-snippet:-1","max-image-preview":"max-image-preview:large","max-video-preview":"max-video-preview:-1"},"canonical":"https:\/\/suresms.com\/pl\/integracje\/rezerwacja-ldap-2fa\/integracja-entra-id-przez-csv\/","og_locale":"pl_PL","og_type":"article","og_title":"SMS integration til Entra ID (via CSV fil)","og_description":"SMS AD Integration til Azure Active Directory. Fuldt integreret SMS l\u00f8sning i AD til beredskabs, alarmering, medarbejdere og mere","og_url":"https:\/\/suresms.com\/pl\/integracje\/rezerwacja-ldap-2fa\/integracja-entra-id-przez-csv\/","article_publisher":"https:\/\/www.facebook.com\/p\/SureSMS-100044607956149\/","article_modified_time":"2026-01-14T06:35:34+00:00","og_image":[{"url":"https:\/\/suresms.com\/wp-content\/uploads\/2022\/08\/Azure-AD-2-1.png","type":"","width":"","height":""}],"twitter_card":"summary_large_image","twitter_misc":{"Szacowany czas czytania":"7 minut"},"schema":{"@context":"https:\/\/schema.org","@graph":[{"@type":"WebPage","@id":"https:\/\/suresms.com\/dk\/integrationer\/booking-ldap-2fa\/integration-entra-id-via-csv\/","url":"https:\/\/suresms.com\/dk\/integrationer\/booking-ldap-2fa\/integration-entra-id-via-csv\/","name":"Integracja SMS z Entra ID (poprzez plik CSV) - g\u0142\u0119boka integracja","isPartOf":{"@id":"https:\/\/suresms.com\/en\/#website"},"primaryImageOfPage":{"@id":"https:\/\/suresms.com\/dk\/integrationer\/booking-ldap-2fa\/integration-entra-id-via-csv\/#primaryimage"},"image":{"@id":"https:\/\/suresms.com\/dk\/integrationer\/booking-ldap-2fa\/integration-entra-id-via-csv\/#primaryimage"},"thumbnailUrl":"https:\/\/suresms.com\/wp-content\/uploads\/2022\/08\/Azure-AD-2-1.png","datePublished":"2026-01-13T16:10:44+00:00","dateModified":"2026-01-14T06:35:34+00:00","description":"Integracja SMS AD dla Azure Active Directory. W pe\u0142ni zintegrowane rozwi\u0105zanie SMS w AD do reagowania na sytuacje awaryjne, ostrzegania, pracownik\u00f3w i nie tylko.","breadcrumb":{"@id":"https:\/\/suresms.com\/dk\/integrationer\/booking-ldap-2fa\/integration-entra-id-via-csv\/#breadcrumb"},"inLanguage":"pl-PL","potentialAction":[{"@type":"ReadAction","target":["https:\/\/suresms.com\/dk\/integrationer\/booking-ldap-2fa\/integration-entra-id-via-csv\/"]}]},{"@type":"ImageObject","inLanguage":"pl-PL","@id":"https:\/\/suresms.com\/dk\/integrationer\/booking-ldap-2fa\/integration-entra-id-via-csv\/#primaryimage","url":"https:\/\/suresms.com\/wp-content\/uploads\/2022\/08\/Azure-AD-2-1.png","contentUrl":"https:\/\/suresms.com\/wp-content\/uploads\/2022\/08\/Azure-AD-2-1.png"},{"@type":"BreadcrumbList","@id":"https:\/\/suresms.com\/dk\/integrationer\/booking-ldap-2fa\/integration-entra-id-via-csv\/#breadcrumb","itemListElement":[{"@type":"ListItem","position":1,"name":"Home","item":"https:\/\/suresms.com\/dk\/"},{"@type":"ListItem","position":2,"name":"Integrationer","item":"https:\/\/suresms.com\/dk\/integrationer\/"},{"@type":"ListItem","position":3,"name":"SMS integration til LDAP og brugerdatabaser","item":"https:\/\/suresms.com\/dk\/integrationer\/booking-ldap-2fa\/"},{"@type":"ListItem","position":4,"name":"SMS integration til Entra ID (via CSV fil)"}]},{"@type":"WebSite","@id":"https:\/\/suresms.com\/en\/#website","url":"https:\/\/suresms.com\/en\/","name":"SureSMS","description":"Profesjonalna bramka SMS","publisher":{"@id":"https:\/\/suresms.com\/en\/#organization"},"potentialAction":[{"@type":"SearchAction","target":{"@type":"EntryPoint","urlTemplate":"https:\/\/suresms.com\/en\/?s={search_term_string}"},"query-input":{"@type":"PropertyValueSpecification","valueRequired":true,"valueName":"search_term_string"}}],"inLanguage":"pl-PL"},{"@type":"Organization","@id":"https:\/\/suresms.com\/en\/#organization","name":"SureSMS","url":"https:\/\/suresms.com\/en\/","logo":{"@type":"ImageObject","inLanguage":"pl-PL","@id":"https:\/\/suresms.com\/en\/#\/schema\/logo\/image\/","url":"https:\/\/suresms.com\/wp-content\/uploads\/2024\/11\/suresms-300x65-1.png","contentUrl":"https:\/\/suresms.com\/wp-content\/uploads\/2024\/11\/suresms-300x65-1.png","width":300,"height":65,"caption":"SureSMS"},"image":{"@id":"https:\/\/suresms.com\/en\/#\/schema\/logo\/image\/"},"sameAs":["https:\/\/www.facebook.com\/p\/SureSMS-100044607956149\/"]}]}},"_links":{"self":[{"href":"https:\/\/suresms.com\/pl\/wp-json\/wp\/v2\/pages\/23804","targetHints":{"allow":["GET"]}}],"collection":[{"href":"https:\/\/suresms.com\/pl\/wp-json\/wp\/v2\/pages"}],"about":[{"href":"https:\/\/suresms.com\/pl\/wp-json\/wp\/v2\/types\/page"}],"author":[{"embeddable":true,"href":"https:\/\/suresms.com\/pl\/wp-json\/wp\/v2\/users\/1"}],"replies":[{"embeddable":true,"href":"https:\/\/suresms.com\/pl\/wp-json\/wp\/v2\/comments?post=23804"}],"version-history":[{"count":7,"href":"https:\/\/suresms.com\/pl\/wp-json\/wp\/v2\/pages\/23804\/revisions"}],"predecessor-version":[{"id":23815,"href":"https:\/\/suresms.com\/pl\/wp-json\/wp\/v2\/pages\/23804\/revisions\/23815"}],"up":[{"embeddable":true,"href":"https:\/\/suresms.com\/pl\/wp-json\/wp\/v2\/pages\/19541"}],"wp:attachment":[{"href":"https:\/\/suresms.com\/pl\/wp-json\/wp\/v2\/media?parent=23804"}],"wp:term":[{"taxonomy":"category","embeddable":true,"href":"https:\/\/suresms.com\/pl\/wp-json\/wp\/v2\/categories?post=23804"},{"taxonomy":"post_tag","embeddable":true,"href":"https:\/\/suresms.com\/pl\/wp-json\/wp\/v2\/tags?post=23804"}],"curies":[{"name":"wp","href":"https:\/\/api.w.org\/{rel}","templated":true}]}}