{"id":23765,"date":"2026-01-06T14:52:34","date_gmt":"2026-01-06T13:52:34","guid":{"rendered":"https:\/\/suresms.com\/?page_id=23651"},"modified":"2026-01-06T13:56:57","modified_gmt":"2026-01-06T13:56:57","slug":"marketing-sms-dla-sprzedawcow-win-06-01-2026-145233","status":"publish","type":"page","link":"https:\/\/suresms.com\/pl\/sms-marketing-for-vinhandlere06-01-2026-145233\/","title":{"rendered":"Marketing SMS dla sprzedawc\u00f3w wina | Buduj lojalno\u015b\u0107 i zwi\u0119kszaj sprzeda\u017c"},"content":{"rendered":"<!-- Flexy Breadcrumb -->\r\n\t\t\t<div class=\"fbc fbc-page\">\r\n\r\n\t\t\t\t<!-- Breadcrumb wrapper -->\r\n\t\t\t\t<div class=\"fbc-wrap\">\r\n\r\n\t\t\t\t\t<!-- Ordered list-->\r\n\t\t\t\t\t<ol class=\"fbc-items\" itemscope itemtype=\"https:\/\/schema.org\/BreadcrumbList\">\r\n\t\t\t\t\t\t            <li itemprop=\"itemListElement\" itemscope itemtype=\"https:\/\/schema.org\/ListItem\">\r\n                <span itemprop=\"name\">\r\n                    <!-- Home Link -->\r\n                    <a itemprop=\"item\" href=\"https:\/\/suresms.com\/pl\/\">\r\n                    \r\n                                                    <i class=\"fa fa-home\" aria-hidden=\"true\"><\/i>Strona g\u0142\u00f3wna                    <\/a>\r\n                <\/span>\r\n                <meta itemprop=\"position\" content=\"1\" \/><!-- Meta Position-->\r\n             <\/li><li><span class=\"fbc-separator\">\/<\/span><\/li><li class=\"active\" itemprop=\"itemListElement\" itemscope itemtype=\"https:\/\/schema.org\/ListItem\"><span itemprop=\"name\" title=\"Marketing SMS dla sprzedawc\u00f3w wina | Buduj lojalno\u015b\u0107 i zwi\u0119kszaj sprzeda\u017c\">Marketing SMS dla sprzedawc\u00f3w win...<\/span><meta itemprop=\"position\" content=\"2\" \/><\/li>\t\t\t\t\t<\/ol>\r\n\t\t\t\t\t<div class=\"clearfix\"><\/div>\r\n\t\t\t\t<\/div>\r\n\t\t\t<\/div>\r\n\t\t\t\n<h1>\n\t\t\t{{ARTIKEL-HEADER (napisz nag\u0142\u00f3wek artyku\u0142u \u2013 maksymalnie 60 znak\u00f3w) }}\t<\/h1>\n\t<p>{{SUBHEADLINE (napisz podtytu\u0142 o d\u0142ugo\u015bci oko\u0142o 200 znak\u00f3w)}}<\/p>\n\t\t<h2>{{FORDELE-HEADLINE (napisz chwytliwy nag\u0142\u00f3wek \u2013 maksymalnie 60 znak\u00f3w)}}<\/h2><p>{{FORDELE-BODY (prosz\u0119 wpisa\u0107 tutaj korzy\u015bci p\u0142yn\u0105ce dla bran\u017cy z SMS-&oacute;w. Prosz\u0119 znale\u017a\u0107 odpowiednie przyk\u0142ady zastosowa\u0144. Co z tego maj\u0105? Prosz\u0119 sporz\u0105dzi\u0107 list\u0119 korzy\u015bci i om&oacute;wi\u0107 je szczeg&oacute;\u0142owo w kolejnej sekcji. Prosz\u0119 nie pisa\u0107 wi\u0119cej ni\u017c 150 s\u0142&oacute;w w 3-4 akapitach, pierwsze s\u0142owa na li\u015bcie powinny by\u0107 oznaczone tagiem &lt;b&gt;&lt;\/b&gt;)}}<\/p>\n\t\t\t\t<img decoding=\"async\" src=\"https:\/\/suresms.com\/wp-content\/plugins\/bb-plugin\/img\/pixel.png\" alt=\"\" itemprop=\"image\" onerror=\"this.style.display='none'\" loading=\"lazy\" \/>\n\t\t\t<a href=\"https:\/\/app.suresms.com\/account\/signup\" target=\"_blank\" rel=\"noopener\">\n\t\t\t\t\t\t\tUtw\u00f3rz bezp\u0142atne konto\n\t\t\t\t\t<\/a>\n\t\t\t\t<img decoding=\"async\" src=\"https:\/\/suresms.com\/wp-content\/plugins\/bb-plugin\/img\/pixel.png\" alt=\"\" itemprop=\"image\" onerror=\"this.style.display='none'\" loading=\"lazy\" \/>\n<h2>\n\t\t\t{{HVORFORSURESMS-HEADLINE (napisz nag\u0142\u00f3wek o d\u0142ugo\u015bci maksymalnie 60 znak\u00f3w, opisuj\u0105cy, dlaczego warto wybra\u0107 SureSMS)}}\t<\/h2>\n\t<p>{{HVORFORSURESMS-BODY (napisz oko\u0142o 300 znak\u00f3w o tym, dlaczego ta bran\u017ca powinna wybra\u0107 SureSMS jako rozwi\u0105zanie SMS)}}<\/p>\n\t\t\t\n<br \/>\n<br \/>\n\n<p>{{SOCIAL-PROOF-01 (napisz recenzj\u0119 o d\u0142ugo\u015bci oko\u0142o 120 znak\u00f3w)}}<\/p>\n\t\t\t\n<br \/>\n<br \/>\n\n<p>{{SOCIAL-PROOF-02 (napisz recenzj\u0119 o d\u0142ugo\u015bci oko\u0142o 120 znak\u00f3w)}}<\/p>\n\t\t\t\t\t\t\t\t\t\t<h4 tabindex=\"0\">{{FAQ-01 (jakie jest najcz\u0119\u015bciej zadawane pytanie, maksymalnie 60 znak\u00f3w)}}<\/h4>\n\t\t\t\t\t<p>{{FAQ-01-ANSWER (napisz odpowied\u017a na pytanie. Napisz oko\u0142o 300 s\u0142\u00f3w)}}<\/p>\n\t\t\t\t\t\t\t\t\t\t<h4 tabindex=\"0\">{{FAQ-02 (jakie jest najcz\u0119\u015bciej zadawane pytanie, maksymalnie 60 znak\u00f3w)}}<\/h4>\n\t\t\t\t\t<p>{{FAQ-02-ODPOWIED\u0179 (wpisz odpowied\u017a)}}<\/p>\n\t\t\t\t\t\t\t\t\t\t<h4 tabindex=\"0\">{{FAQ-03 (jakie jest najcz\u0119\u015bciej zadawane pytanie, maksymalnie 60 znak\u00f3w)}}<\/h4>\n\t\t\t\t\t<p>{{FAQ-03-ANSWER (napisz odpowied\u017a na pytanie. Napisz oko\u0142o 300 s\u0142\u00f3w)}}<\/p>\n\t\t\t\t\t\t\t\t\t\t<h4 tabindex=\"0\">{{FAQ-04 (jakie jest najcz\u0119\u015bciej zadawane pytanie, maks. 60 znak\u00f3w)}}<\/h4>\n\t\t\t\t\t<p>{{FAQ-04-ANSWER (napisz odpowied\u017a na pytanie. Napisz oko\u0142o 300 s\u0142\u00f3w)}}<\/p>\n\t\t\t\t\t\t\t\t\t\t<h4 tabindex=\"0\">{{FAQ-05 (jakie jest najcz\u0119\u015bciej zadawane pytanie, maksymalnie 60 znak\u00f3w)}}<\/h4>\n\t\t\t\t\t<p>{{FAQ-05-ANSWER (napisz odpowied\u017a na pytanie. Napisz oko\u0142o 300 s\u0142\u00f3w)}}<\/p>\n\t\t\t\t\t\t\t\t\t\t<h4 tabindex=\"0\">{{FAQ-06 (jakie jest najcz\u0119\u015bciej zadawane pytanie, maksymalnie 60 znak\u00f3w)}}<\/h4>\n\t\t\t\t\t<p>{{FAQ-06-ANSWER (napisz odpowied\u017a na pytanie. Napisz oko\u0142o 300 s\u0142\u00f3w)}}<\/p>","protected":false},"excerpt":{"rendered":"<p>{{ARTIKEL-HEADER (napisz nag\u0142\u00f3wek artyku\u0142u \u2013 maks. 60 znak\u00f3w) }} {{SUBHEADLINE (napisz podtytu\u0142 o d\u0142ugo\u015bci ok. 200 znak\u00f3w)}} {{FORDELE-HEADLINE (napisz chwytliwy nag\u0142\u00f3wek \u2013 maks. 60 znak\u00f3w)}} {{FORDELE-BODY (wpisz tutaj, jakie korzy\u015bci bran\u017ca czerpie z SMS-\u00f3w. Znajd\u017a odpowiednie przyk\u0142ady zastosowa\u0144. Co z tego maj\u0105? Zr\u00f3b list\u0119 zalet i rozwi\u0144 je w \u2026 <a title=\"Marketing SMS dla sprzedawc\u00f3w wina | Buduj lojalno\u015b\u0107 i zwi\u0119kszaj sprzeda\u017c\" class=\"read-more\" href=\"https:\/\/suresms.com\/pl\/sms-marketing-for-vinhandlere06-01-2026-145233\/\" aria-label=\"Dowiedz si\u0119 wi\u0119cej o marketingu SMS dla sklep\u00f3w monopolowych | Buduj lojalno\u015b\u0107 i zwi\u0119kszaj sprzeda\u017c\">Dowiedz si\u0119 wi\u0119cej<\/a><\/p>","protected":false},"author":1,"featured_media":0,"parent":0,"menu_order":0,"comment_status":"closed","ping_status":"closed","template":"","meta":{"_fl_builder_enabled":"1","_fl_builder_data":null,"_fl_builder_draft":null,"_fl_builder_data_settings":null,"_fl_builder_css":"","_fl_builder_css_version":"","_fl_builder_js":"","footnotes":""},"categories":[],"tags":[],"class_list":["post-23765","page","type-page","status-publish"],"yoast_head":"<!-- This site is optimized with the Yoast SEO Premium plugin v27.3 (Yoast SEO v27.3) - https:\/\/yoast.com\/product\/yoast-seo-premium-wordpress\/ -->\r\n<title>SMS marketing til vinhandlere | Skab loyalitet og mersalg -<\/title>\r\n<meta name=\"description\" content=\"Se hvordan vinhandlere bruger SMS til events, nye \u00e5rgange og VIP-kunder. F\u00e5 konkrete eksempler p\u00e5 SMS marketing i vinbranchen.\" \/>\r\n<meta name=\"robots\" content=\"index, follow, max-snippet:-1, max-image-preview:large, max-video-preview:-1\" \/>\r\n<link rel=\"canonical\" href=\"https:\/\/suresms.com\/pl\/marketing-sms-dla-sprzedawcow-win-06-01-2026-145233\/\" \/>\r\n<meta property=\"og:locale\" content=\"pl_PL\" \/>\r\n<meta property=\"og:type\" content=\"article\" \/>\r\n<meta property=\"og:title\" content=\"SMS marketing til vinhandlere | Skab loyalitet og mersalg\" \/>\r\n<meta property=\"og:description\" content=\"Se hvordan vinhandlere bruger SMS til events, nye \u00e5rgange og VIP-kunder. F\u00e5 konkrete eksempler p\u00e5 SMS marketing i vinbranchen.\" \/>\r\n<meta property=\"og:url\" content=\"https:\/\/suresms.com\/pl\/marketing-sms-dla-sprzedawcow-win-06-01-2026-145233\/\" \/>\r\n<meta property=\"article:publisher\" content=\"https:\/\/www.facebook.com\/p\/SureSMS-100044607956149\/\" \/>\r\n<meta property=\"article:modified_time\" content=\"2026-01-06T13:56:57+00:00\" \/>\r\n<meta property=\"og:image\" content=\"https:\/\/suresms.com\/wp-content\/plugins\/bb-plugin\/img\/pixel.png\" \/>\r\n<meta name=\"twitter:card\" content=\"summary_large_image\" \/>\r\n<meta name=\"twitter:label1\" content=\"Szacowany czas czytania\" \/>\n\t<meta name=\"twitter:data1\" content=\"8 minut\" \/>\r\n<script type=\"application\/ld+json\" class=\"yoast-schema-graph\">{\"@context\":\"https:\\\/\\\/schema.org\",\"@graph\":[{\"@type\":\"WebPage\",\"@id\":\"https:\\\/\\\/suresms.com\\\/sms-marketing-for-vinhandlere06-01-2026-145233\\\/\",\"url\":\"https:\\\/\\\/suresms.com\\\/sms-marketing-for-vinhandlere06-01-2026-145233\\\/\",\"name\":\"SMS marketing til vinhandlere | Skab loyalitet og mersalg -\",\"isPartOf\":{\"@id\":\"https:\\\/\\\/suresms.com\\\/en\\\/#website\"},\"primaryImageOfPage\":{\"@id\":\"https:\\\/\\\/suresms.com\\\/sms-marketing-for-vinhandlere06-01-2026-145233\\\/#primaryimage\"},\"image\":{\"@id\":\"https:\\\/\\\/suresms.com\\\/sms-marketing-for-vinhandlere06-01-2026-145233\\\/#primaryimage\"},\"thumbnailUrl\":\"https:\\\/\\\/suresms.com\\\/wp-content\\\/plugins\\\/bb-plugin\\\/img\\\/pixel.png\",\"datePublished\":\"2026-01-06T13:52:34+00:00\",\"dateModified\":\"2026-01-06T13:56:57+00:00\",\"description\":\"Se hvordan vinhandlere bruger SMS til events, nye \u00e5rgange og VIP-kunder. F\u00e5 konkrete eksempler p\u00e5 SMS marketing i vinbranchen.\",\"breadcrumb\":{\"@id\":\"https:\\\/\\\/suresms.com\\\/sms-marketing-for-vinhandlere06-01-2026-145233\\\/#breadcrumb\"},\"inLanguage\":\"pl-PL\",\"potentialAction\":[{\"@type\":\"ReadAction\",\"target\":[\"https:\\\/\\\/suresms.com\\\/sms-marketing-for-vinhandlere06-01-2026-145233\\\/\"]}]},{\"@type\":\"ImageObject\",\"inLanguage\":\"pl-PL\",\"@id\":\"https:\\\/\\\/suresms.com\\\/sms-marketing-for-vinhandlere06-01-2026-145233\\\/#primaryimage\",\"url\":\"https:\\\/\\\/suresms.com\\\/wp-content\\\/plugins\\\/bb-plugin\\\/img\\\/pixel.png\",\"contentUrl\":\"https:\\\/\\\/suresms.com\\\/wp-content\\\/plugins\\\/bb-plugin\\\/img\\\/pixel.png\"},{\"@type\":\"BreadcrumbList\",\"@id\":\"https:\\\/\\\/suresms.com\\\/sms-marketing-for-vinhandlere06-01-2026-145233\\\/#breadcrumb\",\"itemListElement\":[{\"@type\":\"ListItem\",\"position\":1,\"name\":\"Home\",\"item\":\"https:\\\/\\\/suresms.com\\\/dk\\\/\"},{\"@type\":\"ListItem\",\"position\":2,\"name\":\"SMS marketing til vinhandlere | Skab loyalitet og mersalg\"}]},{\"@type\":\"WebSite\",\"@id\":\"https:\\\/\\\/suresms.com\\\/en\\\/#website\",\"url\":\"https:\\\/\\\/suresms.com\\\/en\\\/\",\"name\":\"SureSMS\",\"description\":\"Professionel SMS Gateway\",\"publisher\":{\"@id\":\"https:\\\/\\\/suresms.com\\\/en\\\/#organization\"},\"potentialAction\":[{\"@type\":\"SearchAction\",\"target\":{\"@type\":\"EntryPoint\",\"urlTemplate\":\"https:\\\/\\\/suresms.com\\\/en\\\/?s={search_term_string}\"},\"query-input\":{\"@type\":\"PropertyValueSpecification\",\"valueRequired\":true,\"valueName\":\"search_term_string\"}}],\"inLanguage\":\"pl-PL\"},{\"@type\":\"Organization\",\"@id\":\"https:\\\/\\\/suresms.com\\\/en\\\/#organization\",\"name\":\"SureSMS\",\"url\":\"https:\\\/\\\/suresms.com\\\/en\\\/\",\"logo\":{\"@type\":\"ImageObject\",\"inLanguage\":\"pl-PL\",\"@id\":\"https:\\\/\\\/suresms.com\\\/en\\\/#\\\/schema\\\/logo\\\/image\\\/\",\"url\":\"https:\\\/\\\/suresms.com\\\/wp-content\\\/uploads\\\/2024\\\/11\\\/suresms-300x65-1.png\",\"contentUrl\":\"https:\\\/\\\/suresms.com\\\/wp-content\\\/uploads\\\/2024\\\/11\\\/suresms-300x65-1.png\",\"width\":300,\"height\":65,\"caption\":\"SureSMS\"},\"image\":{\"@id\":\"https:\\\/\\\/suresms.com\\\/en\\\/#\\\/schema\\\/logo\\\/image\\\/\"},\"sameAs\":[\"https:\\\/\\\/www.facebook.com\\\/p\\\/SureSMS-100044607956149\\\/\"]}]}<\/script>\r\n<!-- \/ Yoast SEO Premium plugin. -->","yoast_head_json":{"title":"Marketing SMS dla sprzedawc\u00f3w win | Buduj lojalno\u015b\u0107 i zwi\u0119kszaj sprzeda\u017c -","description":"Zobacz, jak sprzedawcy win wykorzystuj\u0105 SMS-y do promowania wydarze\u0144, nowych rocznik\u00f3w i klient\u00f3w VIP. Znajd\u017a konkretne przyk\u0142ady marketingu SMS-owego w bran\u017cy winiarskiej.","robots":{"index":"index","follow":"follow","max-snippet":"max-snippet:-1","max-image-preview":"max-image-preview:large","max-video-preview":"max-video-preview:-1"},"canonical":"https:\/\/suresms.com\/pl\/marketing-sms-dla-sprzedawcow-win-06-01-2026-145233\/","og_locale":"pl_PL","og_type":"article","og_title":"SMS marketing til vinhandlere | Skab loyalitet og mersalg","og_description":"Se hvordan vinhandlere bruger SMS til events, nye \u00e5rgange og VIP-kunder. F\u00e5 konkrete eksempler p\u00e5 SMS marketing i vinbranchen.","og_url":"https:\/\/suresms.com\/pl\/marketing-sms-dla-sprzedawcow-win-06-01-2026-145233\/","article_publisher":"https:\/\/www.facebook.com\/p\/SureSMS-100044607956149\/","article_modified_time":"2026-01-06T13:56:57+00:00","og_image":[{"url":"https:\/\/suresms.com\/wp-content\/plugins\/bb-plugin\/img\/pixel.png","type":"","width":"","height":""}],"twitter_card":"summary_large_image","twitter_misc":{"Szacowany czas czytania":"8 minut"},"schema":{"@context":"https:\/\/schema.org","@graph":[{"@type":"WebPage","@id":"https:\/\/suresms.com\/sms-marketing-for-vinhandlere06-01-2026-145233\/","url":"https:\/\/suresms.com\/sms-marketing-for-vinhandlere06-01-2026-145233\/","name":"Marketing SMS dla sprzedawc\u00f3w win | Buduj lojalno\u015b\u0107 i zwi\u0119kszaj sprzeda\u017c -","isPartOf":{"@id":"https:\/\/suresms.com\/en\/#website"},"primaryImageOfPage":{"@id":"https:\/\/suresms.com\/sms-marketing-for-vinhandlere06-01-2026-145233\/#primaryimage"},"image":{"@id":"https:\/\/suresms.com\/sms-marketing-for-vinhandlere06-01-2026-145233\/#primaryimage"},"thumbnailUrl":"https:\/\/suresms.com\/wp-content\/plugins\/bb-plugin\/img\/pixel.png","datePublished":"2026-01-06T13:52:34+00:00","dateModified":"2026-01-06T13:56:57+00:00","description":"Zobacz, jak sprzedawcy win wykorzystuj\u0105 SMS-y do promowania wydarze\u0144, nowych rocznik\u00f3w i klient\u00f3w VIP. Znajd\u017a konkretne przyk\u0142ady marketingu SMS-owego w bran\u017cy winiarskiej.","breadcrumb":{"@id":"https:\/\/suresms.com\/sms-marketing-for-vinhandlere06-01-2026-145233\/#breadcrumb"},"inLanguage":"pl-PL","potentialAction":[{"@type":"ReadAction","target":["https:\/\/suresms.com\/sms-marketing-for-vinhandlere06-01-2026-145233\/"]}]},{"@type":"ImageObject","inLanguage":"pl-PL","@id":"https:\/\/suresms.com\/sms-marketing-for-vinhandlere06-01-2026-145233\/#primaryimage","url":"https:\/\/suresms.com\/wp-content\/plugins\/bb-plugin\/img\/pixel.png","contentUrl":"https:\/\/suresms.com\/wp-content\/plugins\/bb-plugin\/img\/pixel.png"},{"@type":"BreadcrumbList","@id":"https:\/\/suresms.com\/sms-marketing-for-vinhandlere06-01-2026-145233\/#breadcrumb","itemListElement":[{"@type":"ListItem","position":1,"name":"Home","item":"https:\/\/suresms.com\/dk\/"},{"@type":"ListItem","position":2,"name":"SMS marketing til vinhandlere | Skab loyalitet og mersalg"}]},{"@type":"WebSite","@id":"https:\/\/suresms.com\/en\/#website","url":"https:\/\/suresms.com\/en\/","name":"SureSMS","description":"Profesjonalna bramka SMS","publisher":{"@id":"https:\/\/suresms.com\/en\/#organization"},"potentialAction":[{"@type":"SearchAction","target":{"@type":"EntryPoint","urlTemplate":"https:\/\/suresms.com\/en\/?s={search_term_string}"},"query-input":{"@type":"PropertyValueSpecification","valueRequired":true,"valueName":"search_term_string"}}],"inLanguage":"pl-PL"},{"@type":"Organization","@id":"https:\/\/suresms.com\/en\/#organization","name":"SureSMS","url":"https:\/\/suresms.com\/en\/","logo":{"@type":"ImageObject","inLanguage":"pl-PL","@id":"https:\/\/suresms.com\/en\/#\/schema\/logo\/image\/","url":"https:\/\/suresms.com\/wp-content\/uploads\/2024\/11\/suresms-300x65-1.png","contentUrl":"https:\/\/suresms.com\/wp-content\/uploads\/2024\/11\/suresms-300x65-1.png","width":300,"height":65,"caption":"SureSMS"},"image":{"@id":"https:\/\/suresms.com\/en\/#\/schema\/logo\/image\/"},"sameAs":["https:\/\/www.facebook.com\/p\/SureSMS-100044607956149\/"]}]}},"_links":{"self":[{"href":"https:\/\/suresms.com\/pl\/wp-json\/wp\/v2\/pages\/23765","targetHints":{"allow":["GET"]}}],"collection":[{"href":"https:\/\/suresms.com\/pl\/wp-json\/wp\/v2\/pages"}],"about":[{"href":"https:\/\/suresms.com\/pl\/wp-json\/wp\/v2\/types\/page"}],"author":[{"embeddable":true,"href":"https:\/\/suresms.com\/pl\/wp-json\/wp\/v2\/users\/1"}],"replies":[{"embeddable":true,"href":"https:\/\/suresms.com\/pl\/wp-json\/wp\/v2\/comments?post=23765"}],"version-history":[{"count":1,"href":"https:\/\/suresms.com\/pl\/wp-json\/wp\/v2\/pages\/23765\/revisions"}],"predecessor-version":[{"id":23766,"href":"https:\/\/suresms.com\/pl\/wp-json\/wp\/v2\/pages\/23765\/revisions\/23766"}],"wp:attachment":[{"href":"https:\/\/suresms.com\/pl\/wp-json\/wp\/v2\/media?parent=23765"}],"wp:term":[{"taxonomy":"category","embeddable":true,"href":"https:\/\/suresms.com\/pl\/wp-json\/wp\/v2\/categories?post=23765"},{"taxonomy":"post_tag","embeddable":true,"href":"https:\/\/suresms.com\/pl\/wp-json\/wp\/v2\/tags?post=23765"}],"curies":[{"name":"wp","href":"https:\/\/api.w.org\/{rel}","templated":true}]}}