{"id":23544,"date":"2025-11-14T14:41:25","date_gmt":"2025-11-14T14:41:25","guid":{"rendered":"https:\/\/suresms.com\/?page_id=23544"},"modified":"2025-11-14T14:47:30","modified_gmt":"2025-11-14T14:47:30","slug":"bezpieczenstwo-konta","status":"publish","type":"page","link":"https:\/\/suresms.com\/pl\/docs\/account\/kontosikkerhed\/","title":{"rendered":"Bezpiecze\u0144stwo konta"},"content":{"rendered":"<!-- Flexy Breadcrumb -->\r\n\t\t\t<div class=\"fbc fbc-page\">\r\n\r\n\t\t\t\t<!-- Breadcrumb wrapper -->\r\n\t\t\t\t<div class=\"fbc-wrap\">\r\n\r\n\t\t\t\t\t<!-- Ordered list-->\r\n\t\t\t\t\t<ol class=\"fbc-items\" itemscope itemtype=\"https:\/\/schema.org\/BreadcrumbList\">\r\n\t\t\t\t\t\t            <li itemprop=\"itemListElement\" itemscope itemtype=\"https:\/\/schema.org\/ListItem\">\r\n                <span itemprop=\"name\">\r\n                    <!-- Home Link -->\r\n                    <a itemprop=\"item\" href=\"https:\/\/suresms.com\/pl\/\">\r\n                    \r\n                                                    <i class=\"fa fa-home\" aria-hidden=\"true\"><\/i>Strona g\u0142\u00f3wna                    <\/a>\r\n                <\/span>\r\n                <meta itemprop=\"position\" content=\"1\" \/><!-- Meta Position-->\r\n             <\/li><li><span class=\"fbc-separator\">\/<\/span><\/li><li class=\"active\" itemprop=\"itemListElement\" itemscope itemtype=\"https:\/\/schema.org\/ListItem\"><span itemprop=\"name\" title=\"Bezpiecze\u0144stwo konta\">Bezpiecze\u0144stwo konta<\/span><meta itemprop=\"position\" content=\"2\" \/><\/li>\t\t\t\t\t<\/ol>\r\n\t\t\t\t\t<div class=\"clearfix\"><\/div>\r\n\t\t\t\t<\/div>\r\n\t\t\t<\/div>\r\n\t\t\t\n<h1>\n\t\t\tBezpiecze\u0144stwo konta\t<\/h1>\n\tSureSMS zawiera szereg funkcji bezpiecze\u0144stwa, kt\u00f3re pomagaj\u0105 chroni\u0107 dane, unika\u0107 nadu\u017cy\u0107 i spe\u0142nia\u0107 wymogi RODO. Na tej stronie omawiamy wszystkie ustawienia zabezpiecze\u0144, kt\u00f3re mo\u017cna w\u0142\u0105czy\u0107 na swoim koncie - a tak\u017ce jedn\u0105 dodatkow\u0105 funkcj\u0119, kt\u00f3r\u0105 mo\u017cemy w\u0142\u0105czy\u0107 tylko za po\u015brednictwem pomocy technicznej.\nWszystkie funkcje mo\u017cna znale\u017a\u0107 poni\u017cej:<br data-start=\"1551\" data-end=\"1554\" \/><strong data-start=\"1554\" data-end=\"1591\">Ustawienia \u2192 Konto \u2192 Bezpiecze\u0144stwo<\/strong>\n<h2>\n\t\t\tBia\u0142a lista adres\u00f3w IP dla Email-to-SMS\t<\/h2>\n\tPodczas wysy\u0142ania wiadomo\u015bci SMS za po\u015brednictwem Email-to-SMS mo\u017cna chroni\u0107 swoje konto za pomoc\u0105 bia\u0142ej listy adres\u00f3w IP.<br data-start=\"1723\" data-end=\"1726\" \/>Ta funkcja zapewnia, \u017ce tylko wiadomo\u015bci e-mail wys\u0142ane z autoryzowanych adres\u00f3w IP s\u0105 akceptowane i wysy\u0142ane jako SMS.\n<h3 data-start=\"1826\" data-end=\"1871\"><strong data-start=\"1830\" data-end=\"1871\">Kiedy nale\u017cy u\u017cywa\u0107 bia\u0142ej listy adres\u00f3w IP?<\/strong><\/h3>\n<ul data-start=\"1872\" data-end=\"2067\">\n<li data-start=\"1872\" data-end=\"1926\">\nJe\u015bli wysy\u0142asz z <strong data-start=\"1893\" data-end=\"1924\">W\u0142asny lokalny serwer SMTP<\/strong>\n<\/li>\n<li data-start=\"1927\" data-end=\"1992\">\nJe\u015bli Twoja firma chce <strong data-start=\"1956\" data-end=\"1976\">dodatkowe zabezpieczenia<\/strong> przy wysy\u0142ce\n<\/li>\n<li data-start=\"1993\" data-end=\"2067\">\nJe\u015bli chcesz mie\u0107 pewno\u015b\u0107, \u017ce tylko wiadomo\u015bci e-mail z system\u00f3w wewn\u0119trznych mog\u0105 wysy\u0142a\u0107 wiadomo\u015bci SMS\n<\/li>\n<\/ul>\nWi\u0119kszo\u015b\u0107 dostawc\u00f3w poczty e-mail opartych na chmurze ponownie wykorzystuje adresy IP wielu klient\u00f3w, wi\u0119c w wi\u0119kszo\u015bci przypadk\u00f3w zalecamy wysy\u0142anie za po\u015brednictwem Email-to-SMS z <strong data-start=\"2223\" data-end=\"2256\">Klucz API w adresie nadawcy<\/strong> (format: <em data-start=\"2266\" data-end=\"2296\">phone number.api-key.APIKEY<\/em>).\nAle je\u015bli masz pe\u0142n\u0105 kontrol\u0119 nad w\u0142asnym serwerem pocztowym, bia\u0142a lista jest pot\u0119\u017cnym rozwi\u0105zaniem.\n\t\t\t\t\t<video src=\"https:\/\/suresms.com\/wp-content\/uploads\/2025\/11\/OK - Dokumentation - Konto - Sikkerhed.mp4\" alt=\"hosted-video-thumbnail\"><\/video>\n\t\t<h2>\n\t\t\tOdszyfrowywanie wiadomo\u015bci po X minutach\t<\/h2>\n\tAby zapewni\u0107 zgodno\u015b\u0107 z RODO, SureSMS umo\u017cliwia <strong data-start=\"2489\" data-end=\"2501\">zamieszanie<\/strong> wiadomo\u015bci po okre\u015blonej liczbie minut. Warto\u015b\u0107 domy\u015blna to <strong data-start=\"2555\" data-end=\"2569\">0 minut<\/strong>, co oznacza, \u017ce wiadomo\u015bci nigdy nie s\u0105 szyfrowane.\n<h3 data-start=\"2619\" data-end=\"2667\"><strong data-start=\"2623\" data-end=\"2667\">Co oznacza szyfrowanie wiadomo\u015bci?<\/strong><\/h3>\nGdy wiadomo\u015b\u0107 jest zakodowana:\n<ul data-start=\"2694\" data-end=\"2897\">\n<li data-start=\"2694\" data-end=\"2757\">\nCztery \u015brodkowe cyfry numeru telefonu s\u0105 zast\u0119powane przez <code data-start=\"2752\" data-end=\"2755\">#<\/code>\n<\/li>\n<li data-start=\"2758\" data-end=\"2807\">\nCa\u0142a tre\u015b\u0107 wiadomo\u015bci jest nadpisywana <code data-start=\"2797\" data-end=\"2805\">******<\/code>\n<\/li>\n<li data-start=\"2808\" data-end=\"2897\">\nWci\u0105\u017c mo\u017cna zobaczy\u0107, <em data-start=\"2828\" data-end=\"2832\">\u017ce<\/em> Wiadomo\u015b\u0107 zosta\u0142a wys\u0142ana - ale nie do kogo lub co zosta\u0142o wys\u0142ane\n<\/li>\n<\/ul>\nZapewnia to lepsz\u0105 ochron\u0119 danych, a jednocze\u015bnie pozwala nam udokumentowa\u0107 wykorzystanie wiadomo\u015bci SMS, je\u015bli kiedykolwiek b\u0119dziesz mie\u0107 w\u0105tpliwo\u015bci co do liczby wys\u0142anych wiadomo\u015bci.\n<h3 data-start=\"3049\" data-end=\"3110\"><strong data-start=\"3053\" data-end=\"3110\">Warto wiedzie\u0107 - operatorzy telekomunikacyjni sami przechowuj\u0105 wiadomo\u015bci<\/strong><\/h3>\nNawet je\u015bli SureSMS zakoduje si\u0119 po, powiedzmy, 10 minutach, wiadomo\u015b\u0107 nadal pozostaje u operatora przez okres do <strong data-start=\"3209\" data-end=\"3221\">72 godziny<\/strong>, je\u015bli telefon jest wy\u0142\u0105czony lub poza zasi\u0119giem. Jest to standard w ca\u0142ej infrastrukturze SMS i nie jest to co\u015b, co bramki SMS mog\u0105 zmieni\u0107.\n<h2>\n\t\t\tBlokowanie wysy\u0142ania do wybranych kraj\u00f3w\t<\/h2>\n\tAby unikn\u0105\u0107 niew\u0142a\u015bciwego wysy\u0142ania lub niew\u0142a\u015bciwego u\u017cycia, mo\u017cesz dok\u0142adnie wybra\u0107, kt\u00f3re kraje mog\u0105 otrzymywa\u0107 wiadomo\u015bci SMS z Twojego konta.\n<h3 data-start=\"3519\" data-end=\"3552\"><strong data-start=\"3523\" data-end=\"3552\">Dlaczego jest to wa\u017cne?<\/strong><\/h3>\nSystemy zewn\u0119trzne mog\u0105 czasami wysy\u0142a\u0107 wiadomo\u015bci SMS bez poprawnego kodu kraju.<br data-start=\"3623\" data-end=\"3626\" \/>Przyk\u0142ad:<br data-start=\"3635\" data-end=\"3638\" \/>Liczba zaczynaj\u0105ca si\u0119 od <strong data-start=\"3664\" data-end=\"3670\">21<\/strong> jest w wielu przypadkach interpretowany jako <strong data-start=\"3706\" data-end=\"3718\">Algieria<\/strong>.\nBlokuj\u0105c wszystkie kraje z wyj\u0105tkiem tych, kt\u00f3re chcesz, unikasz:\n<ul data-start=\"3778\" data-end=\"3841\">\n<li data-start=\"3778\" data-end=\"3800\">\nprzypadkowy ruch,\n<\/li>\n<li data-start=\"3801\" data-end=\"3818\">\nFa\u0142szywe numery,\n<\/li>\n<li data-start=\"3819\" data-end=\"3841\">\nniepotrzebne opodatkowanie.\n<\/li>\n<\/ul>\nJe\u015bli wiadomo\u015b\u0107 pr\u00f3buje zosta\u0107 wys\u0142ana do zablokowanego kraju, zatrzymujemy j\u0105 - a u\u017cytkownik nie p\u0142aci za t\u0119 pr\u00f3b\u0119.\n<h2>\n\t\t\tAutomatyczny filtr antyspamowy (mo\u017cna go aktywowa\u0107\/dezaktywowa\u0107 tylko za po\u015brednictwem pomocy technicznej)\t<\/h2>\n\tSureSMS posiada wbudowany filtr antyspamowy zapobiegaj\u0105cy przypadkowemu wysy\u0142aniu duplikat\u00f3w:\n<ul data-start=\"4110\" data-end=\"4296\">\n<li data-start=\"4110\" data-end=\"4213\">\nJe\u015bli <strong data-start=\"4117\" data-end=\"4133\">Ta sama wiadomo\u015b\u0107<\/strong> do <strong data-start=\"4138\" data-end=\"4156\">ten sam odbiornik<\/strong> Wysy\u0142ka w ci\u0105gu <strong data-start=\"4174\" data-end=\"4189\">10 minut<\/strong>, Nr 2 zosta\u0142 odrzucony.\n<\/li>\n<li data-start=\"4214\" data-end=\"4296\">\nDzi\u0119ki temu odbiorca nie pomy\u015bli, \u017ce co\u015b jest nie tak lub nie poczuje si\u0119 spamowany.\n<\/li>\n<\/ul>\n<h3 data-start=\"4298\" data-end=\"4339\"><strong data-start=\"4302\" data-end=\"4339\">Kiedy wy\u0142\u0105czy\u0107 filtr antyspamowy?<\/strong><\/h3>\nNiekt\u00f3re systemy - zw\u0142aszcza urz\u0105dzenia IOT - mog\u0105 wymaga\u0107 wielokrotnego wysy\u0142ania tej samej wiadomo\u015bci SMS w kr\u00f3tkich odst\u0119pach czasu.\nPrzyk\u0142ady:\n<ul data-start=\"4455\" data-end=\"4530\">\n<li data-start=\"4455\" data-end=\"4469\">\nwodomierze\n<\/li>\n<li data-start=\"4470\" data-end=\"4485\">\nciep\u0142omierze\n<\/li>\n<li data-start=\"4486\" data-end=\"4506\">\nalarmy techniczne\n<\/li>\n<li data-start=\"4507\" data-end=\"4530\">\nczujniki przemys\u0142owe\n<\/li>\n<\/ul>\nW takich przypadkach nasza pomoc techniczna mo\u017ce wy\u0142\u0105czy\u0107 filtr antyspamowy na koncie u\u017cytkownika.\n<h2>\n\t\t\tPodsumowanie: Opcje bezpiecze\u0144stwa w SureSMS\t<\/h2>\n<table data-start=\"4667\" data-end=\"5102\">\n<thead data-start=\"4667\" data-end=\"4718\">\n<tr data-start=\"4667\" data-end=\"4718\">\n<th data-start=\"4667\" data-end=\"4678\" data-col-size=\"sm\">Funkcjonalno\u015b\u0107<\/th>\n<th data-start=\"4678\" data-end=\"4693\" data-col-size=\"md\">Co robi<\/th>\n<th data-start=\"4693\" data-end=\"4718\" data-col-size=\"sm\">Gdzie aktywowa\u0107<\/th>\n<\/tr>\n<\/thead>\n<tbody data-start=\"4771\" data-end=\"5102\">\n<tr data-start=\"4771\" data-end=\"4845\">\n<td data-start=\"4771\" data-end=\"4790\" data-col-size=\"sm\"><strong data-start=\"4773\" data-end=\"4789\">Bia\u0142a lista adres\u00f3w IP<\/strong><\/td>\n<td data-start=\"4790\" data-end=\"4824\" data-col-size=\"md\">Zabezpiecza Email-to-SMS przed nadu\u017cyciami<\/td>\n<td data-start=\"4824\" data-end=\"4845\" data-col-size=\"sm\">Konto \u2192 Bezpiecze\u0144stwo<\/td>\n<\/tr>\n<tr data-start=\"4846\" data-end=\"4935\">\n<td data-start=\"4846\" data-end=\"4870\" data-col-size=\"sm\"><strong data-start=\"4848\" data-end=\"4869\">Rozszyfrowane wiadomo\u015bci<\/strong><\/td>\n<td data-start=\"4870\" data-end=\"4914\" data-col-size=\"md\">Maskowanie liczb i zawarto\u015bci po X minutach<\/td>\n<td data-start=\"4914\" data-end=\"4935\" data-col-size=\"sm\">Konto \u2192 Bezpiecze\u0144stwo<\/td>\n<\/tr>\n<tr data-start=\"4936\" data-end=\"5023\">\n<td data-start=\"4936\" data-end=\"4957\" data-col-size=\"sm\"><strong data-start=\"4938\" data-end=\"4956\">Blokowanie kraju<\/strong><\/td>\n<td data-start=\"4957\" data-end=\"5002\" data-col-size=\"md\">Zapobiega wysy\u0142aniu do niechcianych miejsc docelowych<\/td>\n<td data-start=\"5002\" data-end=\"5023\" data-col-size=\"sm\">Konto \u2192 Bezpiecze\u0144stwo<\/td>\n<\/tr>\n<tr data-start=\"5024\" data-end=\"5102\">\n<td data-start=\"5024\" data-end=\"5041\" data-col-size=\"sm\"><strong data-start=\"5026\" data-end=\"5040\">Filtr antyspamowy<\/strong><\/td>\n<td data-start=\"5041\" data-end=\"5083\" data-col-size=\"md\">Zatrzymuje duplikaty w ci\u0105gu 10 minut<\/td>\n<td data-start=\"5083\" data-end=\"5102\" data-col-size=\"sm\">Kontakt z pomoc\u0105 techniczn\u0105<\/td>\n<\/tr>\n<\/tbody>\n<\/table>","protected":false},"excerpt":{"rendered":"<p>Bezpiecze\u0144stwo konta SureSMS zawiera szereg funkcji bezpiecze\u0144stwa, kt\u00f3re pomagaj\u0105 chroni\u0107 dane, unika\u0107 nadu\u017cy\u0107 i spe\u0142nia\u0107 wymogi RODO. Na tej stronie omawiamy wszystkie ustawienia zabezpiecze\u0144, kt\u00f3re mo\u017cna w\u0142\u0105czy\u0107 na swoim koncie - a tak\u017ce jedn\u0105 dodatkow\u0105 funkcj\u0119, kt\u00f3r\u0105 mo\u017cemy w\u0142\u0105czy\u0107 tylko za po\u015brednictwem pomocy technicznej. Wszystkie funkcje mo\u017cna znale\u017a\u0107 w sekcji: Ustawienia \u2192 Konto \u2192 ... <a title=\"Bezpiecze\u0144stwo konta\" class=\"read-more\" href=\"https:\/\/suresms.com\/pl\/docs\/account\/kontosikkerhed\/\" aria-label=\"Dowiedz si\u0119 wi\u0119cej o bezpiecze\u0144stwie konta\">Dowiedz si\u0119 wi\u0119cej<\/a><\/p>","protected":false},"author":1,"featured_media":0,"parent":18156,"menu_order":0,"comment_status":"closed","ping_status":"closed","template":"","meta":{"_fl_builder_enabled":"1","_fl_builder_data":null,"_fl_builder_draft":null,"_fl_builder_data_settings":null,"_fl_builder_css":"","_fl_builder_css_version":"","_fl_builder_js":"","footnotes":""},"categories":[],"tags":[],"class_list":["post-23544","page","type-page","status-publish"],"yoast_head":"<!-- This site is optimized with the Yoast SEO Premium plugin v27.3 (Yoast SEO v27.3) - https:\/\/yoast.com\/product\/yoast-seo-premium-wordpress\/ -->\r\n<title>Konto sikkerhed -<\/title>\r\n<meta name=\"robots\" content=\"index, follow, max-snippet:-1, max-image-preview:large, max-video-preview:-1\" \/>\r\n<link rel=\"canonical\" href=\"https:\/\/suresms.com\/pl\/dokumenty\/konto\/bezpieczenstwo-konta\/\" \/>\r\n<meta property=\"og:locale\" content=\"pl_PL\" \/>\r\n<meta property=\"og:type\" content=\"article\" \/>\r\n<meta property=\"og:title\" content=\"Konto sikkerhed\" \/>\r\n<meta property=\"og:description\" content=\"Kontosikkerhed SureSMS indeholder en r\u00e6kke sikkerhedsfunktioner, som hj\u00e6lper dig med at beskytte dine data, undg\u00e5 misbrug og leve op til GDPR-krav. P\u00e5 denne side gennemg\u00e5r vi alle de sikkerhedsindstillinger, du kan sl\u00e5 til p\u00e5 din konto &#8211; samt \u00e9n ekstra funktion, som vi kun kan aktivere via supporten. Alle funktioner findes under:Indstillinger \u2192 Konto \u2192 ... Dowiedz si\u0119 wi\u0119cej\" \/>\r\n<meta property=\"og:url\" content=\"https:\/\/suresms.com\/pl\/dokumenty\/konto\/bezpieczenstwo-konta\/\" \/>\r\n<meta property=\"article:publisher\" content=\"https:\/\/www.facebook.com\/p\/SureSMS-100044607956149\/\" \/>\r\n<meta property=\"article:modified_time\" content=\"2025-11-14T14:47:30+00:00\" \/>\r\n<meta name=\"twitter:card\" content=\"summary_large_image\" \/>\r\n<meta name=\"twitter:label1\" content=\"Szacowany czas czytania\" \/>\n\t<meta name=\"twitter:data1\" content=\"3 minuty\" \/>\r\n<script type=\"application\/ld+json\" class=\"yoast-schema-graph\">{\"@context\":\"https:\\\/\\\/schema.org\",\"@graph\":[{\"@type\":\"WebPage\",\"@id\":\"https:\\\/\\\/suresms.com\\\/dk\\\/docs\\\/account\\\/kontosikkerhed\\\/\",\"url\":\"https:\\\/\\\/suresms.com\\\/dk\\\/docs\\\/account\\\/kontosikkerhed\\\/\",\"name\":\"Konto sikkerhed -\",\"isPartOf\":{\"@id\":\"https:\\\/\\\/suresms.com\\\/en\\\/#website\"},\"datePublished\":\"2025-11-14T14:41:25+00:00\",\"dateModified\":\"2025-11-14T14:47:30+00:00\",\"breadcrumb\":{\"@id\":\"https:\\\/\\\/suresms.com\\\/dk\\\/docs\\\/account\\\/kontosikkerhed\\\/#breadcrumb\"},\"inLanguage\":\"pl-PL\",\"potentialAction\":[{\"@type\":\"ReadAction\",\"target\":[\"https:\\\/\\\/suresms.com\\\/dk\\\/docs\\\/account\\\/kontosikkerhed\\\/\"]}]},{\"@type\":\"BreadcrumbList\",\"@id\":\"https:\\\/\\\/suresms.com\\\/dk\\\/docs\\\/account\\\/kontosikkerhed\\\/#breadcrumb\",\"itemListElement\":[{\"@type\":\"ListItem\",\"position\":1,\"name\":\"Home\",\"item\":\"https:\\\/\\\/suresms.com\\\/dk\\\/\"},{\"@type\":\"ListItem\",\"position\":2,\"name\":\"Dokumentation\",\"item\":\"https:\\\/\\\/suresms.com\\\/dk\\\/docs\\\/\"},{\"@type\":\"ListItem\",\"position\":3,\"name\":\"Konto\",\"item\":\"https:\\\/\\\/suresms.com\\\/dk\\\/docs\\\/account\\\/\"},{\"@type\":\"ListItem\",\"position\":4,\"name\":\"Konto sikkerhed\"}]},{\"@type\":\"WebSite\",\"@id\":\"https:\\\/\\\/suresms.com\\\/en\\\/#website\",\"url\":\"https:\\\/\\\/suresms.com\\\/en\\\/\",\"name\":\"SureSMS\",\"description\":\"Professionel SMS Gateway\",\"publisher\":{\"@id\":\"https:\\\/\\\/suresms.com\\\/en\\\/#organization\"},\"potentialAction\":[{\"@type\":\"SearchAction\",\"target\":{\"@type\":\"EntryPoint\",\"urlTemplate\":\"https:\\\/\\\/suresms.com\\\/en\\\/?s={search_term_string}\"},\"query-input\":{\"@type\":\"PropertyValueSpecification\",\"valueRequired\":true,\"valueName\":\"search_term_string\"}}],\"inLanguage\":\"pl-PL\"},{\"@type\":\"Organization\",\"@id\":\"https:\\\/\\\/suresms.com\\\/en\\\/#organization\",\"name\":\"SureSMS\",\"url\":\"https:\\\/\\\/suresms.com\\\/en\\\/\",\"logo\":{\"@type\":\"ImageObject\",\"inLanguage\":\"pl-PL\",\"@id\":\"https:\\\/\\\/suresms.com\\\/en\\\/#\\\/schema\\\/logo\\\/image\\\/\",\"url\":\"https:\\\/\\\/suresms.com\\\/wp-content\\\/uploads\\\/2024\\\/11\\\/suresms-300x65-1.png\",\"contentUrl\":\"https:\\\/\\\/suresms.com\\\/wp-content\\\/uploads\\\/2024\\\/11\\\/suresms-300x65-1.png\",\"width\":300,\"height\":65,\"caption\":\"SureSMS\"},\"image\":{\"@id\":\"https:\\\/\\\/suresms.com\\\/en\\\/#\\\/schema\\\/logo\\\/image\\\/\"},\"sameAs\":[\"https:\\\/\\\/www.facebook.com\\\/p\\\/SureSMS-100044607956149\\\/\"]}]}<\/script>\r\n<!-- \/ Yoast SEO Premium plugin. -->","yoast_head_json":{"title":"Bezpiecze\u0144stwo konta","robots":{"index":"index","follow":"follow","max-snippet":"max-snippet:-1","max-image-preview":"max-image-preview:large","max-video-preview":"max-video-preview:-1"},"canonical":"https:\/\/suresms.com\/pl\/dokumenty\/konto\/bezpieczenstwo-konta\/","og_locale":"pl_PL","og_type":"article","og_title":"Konto sikkerhed","og_description":"Kontosikkerhed SureSMS indeholder en r\u00e6kke sikkerhedsfunktioner, som hj\u00e6lper dig med at beskytte dine data, undg\u00e5 misbrug og leve op til GDPR-krav. P\u00e5 denne side gennemg\u00e5r vi alle de sikkerhedsindstillinger, du kan sl\u00e5 til p\u00e5 din konto &#8211; samt \u00e9n ekstra funktion, som vi kun kan aktivere via supporten. Alle funktioner findes under:Indstillinger \u2192 Konto \u2192 ... Dowiedz si\u0119 wi\u0119cej","og_url":"https:\/\/suresms.com\/pl\/dokumenty\/konto\/bezpieczenstwo-konta\/","article_publisher":"https:\/\/www.facebook.com\/p\/SureSMS-100044607956149\/","article_modified_time":"2025-11-14T14:47:30+00:00","twitter_card":"summary_large_image","twitter_misc":{"Szacowany czas czytania":"3 minuty"},"schema":{"@context":"https:\/\/schema.org","@graph":[{"@type":"WebPage","@id":"https:\/\/suresms.com\/dk\/docs\/account\/kontosikkerhed\/","url":"https:\/\/suresms.com\/dk\/docs\/account\/kontosikkerhed\/","name":"Bezpiecze\u0144stwo konta","isPartOf":{"@id":"https:\/\/suresms.com\/en\/#website"},"datePublished":"2025-11-14T14:41:25+00:00","dateModified":"2025-11-14T14:47:30+00:00","breadcrumb":{"@id":"https:\/\/suresms.com\/dk\/docs\/account\/kontosikkerhed\/#breadcrumb"},"inLanguage":"pl-PL","potentialAction":[{"@type":"ReadAction","target":["https:\/\/suresms.com\/dk\/docs\/account\/kontosikkerhed\/"]}]},{"@type":"BreadcrumbList","@id":"https:\/\/suresms.com\/dk\/docs\/account\/kontosikkerhed\/#breadcrumb","itemListElement":[{"@type":"ListItem","position":1,"name":"Home","item":"https:\/\/suresms.com\/dk\/"},{"@type":"ListItem","position":2,"name":"Dokumentation","item":"https:\/\/suresms.com\/dk\/docs\/"},{"@type":"ListItem","position":3,"name":"Konto","item":"https:\/\/suresms.com\/dk\/docs\/account\/"},{"@type":"ListItem","position":4,"name":"Konto sikkerhed"}]},{"@type":"WebSite","@id":"https:\/\/suresms.com\/en\/#website","url":"https:\/\/suresms.com\/en\/","name":"SureSMS","description":"Profesjonalna bramka SMS","publisher":{"@id":"https:\/\/suresms.com\/en\/#organization"},"potentialAction":[{"@type":"SearchAction","target":{"@type":"EntryPoint","urlTemplate":"https:\/\/suresms.com\/en\/?s={search_term_string}"},"query-input":{"@type":"PropertyValueSpecification","valueRequired":true,"valueName":"search_term_string"}}],"inLanguage":"pl-PL"},{"@type":"Organization","@id":"https:\/\/suresms.com\/en\/#organization","name":"SureSMS","url":"https:\/\/suresms.com\/en\/","logo":{"@type":"ImageObject","inLanguage":"pl-PL","@id":"https:\/\/suresms.com\/en\/#\/schema\/logo\/image\/","url":"https:\/\/suresms.com\/wp-content\/uploads\/2024\/11\/suresms-300x65-1.png","contentUrl":"https:\/\/suresms.com\/wp-content\/uploads\/2024\/11\/suresms-300x65-1.png","width":300,"height":65,"caption":"SureSMS"},"image":{"@id":"https:\/\/suresms.com\/en\/#\/schema\/logo\/image\/"},"sameAs":["https:\/\/www.facebook.com\/p\/SureSMS-100044607956149\/"]}]}},"_links":{"self":[{"href":"https:\/\/suresms.com\/pl\/wp-json\/wp\/v2\/pages\/23544","targetHints":{"allow":["GET"]}}],"collection":[{"href":"https:\/\/suresms.com\/pl\/wp-json\/wp\/v2\/pages"}],"about":[{"href":"https:\/\/suresms.com\/pl\/wp-json\/wp\/v2\/types\/page"}],"author":[{"embeddable":true,"href":"https:\/\/suresms.com\/pl\/wp-json\/wp\/v2\/users\/1"}],"replies":[{"embeddable":true,"href":"https:\/\/suresms.com\/pl\/wp-json\/wp\/v2\/comments?post=23544"}],"version-history":[{"count":3,"href":"https:\/\/suresms.com\/pl\/wp-json\/wp\/v2\/pages\/23544\/revisions"}],"predecessor-version":[{"id":23549,"href":"https:\/\/suresms.com\/pl\/wp-json\/wp\/v2\/pages\/23544\/revisions\/23549"}],"up":[{"embeddable":true,"href":"https:\/\/suresms.com\/pl\/wp-json\/wp\/v2\/pages\/18156"}],"wp:attachment":[{"href":"https:\/\/suresms.com\/pl\/wp-json\/wp\/v2\/media?parent=23544"}],"wp:term":[{"taxonomy":"category","embeddable":true,"href":"https:\/\/suresms.com\/pl\/wp-json\/wp\/v2\/categories?post=23544"},{"taxonomy":"post_tag","embeddable":true,"href":"https:\/\/suresms.com\/pl\/wp-json\/wp\/v2\/tags?post=23544"}],"curies":[{"name":"wp","href":"https:\/\/api.w.org\/{rel}","templated":true}]}}