{"id":23531,"date":"2025-11-11T09:58:32","date_gmt":"2025-11-11T09:58:32","guid":{"rendered":"https:\/\/suresms.com\/?page_id=23531"},"modified":"2025-11-11T10:47:34","modified_gmt":"2025-11-11T10:47:34","slug":"konfiguracja-sms-2-sms","status":"publish","type":"page","link":"https:\/\/suresms.com\/pl\/docs\/guides\/sms-2-sms-opstning\/","title":{"rendered":"Konfiguracja SMS-2-SMS"},"content":{"rendered":"<!-- Flexy Breadcrumb -->\r\n\t\t\t<div class=\"fbc fbc-page\">\r\n\r\n\t\t\t\t<!-- Breadcrumb wrapper -->\r\n\t\t\t\t<div class=\"fbc-wrap\">\r\n\r\n\t\t\t\t\t<!-- Ordered list-->\r\n\t\t\t\t\t<ol class=\"fbc-items\" itemscope itemtype=\"https:\/\/schema.org\/BreadcrumbList\">\r\n\t\t\t\t\t\t            <li itemprop=\"itemListElement\" itemscope itemtype=\"https:\/\/schema.org\/ListItem\">\r\n                <span itemprop=\"name\">\r\n                    <!-- Home Link -->\r\n                    <a itemprop=\"item\" href=\"https:\/\/suresms.com\/pl\/\">\r\n                    \r\n                                                    <i class=\"fa fa-home\" aria-hidden=\"true\"><\/i>Strona g\u0142\u00f3wna                    <\/a>\r\n                <\/span>\r\n                <meta itemprop=\"position\" content=\"1\" \/><!-- Meta Position-->\r\n             <\/li><li><span class=\"fbc-separator\">\/<\/span><\/li><li class=\"active\" itemprop=\"itemListElement\" itemscope itemtype=\"https:\/\/schema.org\/ListItem\"><span itemprop=\"name\" title=\"Konfiguracja SMS-2-SMS\">Konfiguracja SMS-2-SMS<\/span><meta itemprop=\"position\" content=\"2\" \/><\/li>\t\t\t\t\t<\/ol>\r\n\t\t\t\t\t<div class=\"clearfix\"><\/div>\r\n\t\t\t\t<\/div>\r\n\t\t\t<\/div>\r\n\t\t\t\n<h1>\n\t\t\tKonfiguracja SMS-2-SMS\t<\/h1>\n\t<p>SMS2SMS to pot\u0119\u017cna funkcja, kt\u00f3ra umo\u017cliwia automatyczne wysy\u0142anie wiadomo\u015bci SMS do wcze\u015bniej zdefiniowanej grupy za po\u015brednictwem pojedynczej przychodz\u0105cej wiadomo\u015bci SMS. Chocia\u017c mo\u017ce to brzmie\u0107 jak objazd, ta forma automatyzacji SMS otwiera wiele skutecznych scenariuszy komunikacji.<\/p>\n<p>W tym przewodniku dowiesz si\u0119, czym jest SMS2SMS, jak mo\u017cna go wykorzysta\u0107 w praktyce oraz jak \u0142atwo go skonfigurowa\u0107 i przetestowa\u0107 na platformie SureSMS.<\/p>\n<h2>\n\t\t\tCzym jest SMS2SMS?\t<\/h2>\n\t<p>Podstaw\u0105 funkcjonalno\u015bci SMS2SMS jest przekszta\u0142cenie pojedynczej przychodz\u0105cej wiadomo\u015bci SMS w masow\u0105 transmisj\u0119 SMS. U\u017cytkownik wysy\u0142a wiadomo\u015b\u0107 SMS na dedykowany wirtualny numer telefonu na platformie SureSMS. Wiadomo\u015b\u0107 musi zaczyna\u0107 si\u0119 od okre\u015blonego s\u0142owa kluczowego SMS powi\u0105zanego z grup\u0105 kontakt\u00f3w.<\/p>\n<p>Platforma rozpoznaje s\u0142owo kluczowe, usuwa je z wiadomo\u015bci i przesy\u0142a pozosta\u0142y tekst do wszystkich cz\u0142onk\u00f3w danej grupy. Tworzy to prost\u0105, ale skuteczn\u0105 bramk\u0119 SMS do komunikacji grupowej bez konieczno\u015bci logowania si\u0119 do platformy lub uzyskiwania dost\u0119pu do pe\u0142nych list kontakt\u00f3w.<\/p>\n<h2>\n\t\t\tW jakich scenariuszach mo\u017cna wykorzysta\u0107 SMS2SMS?\t<\/h2>\n\t<p>Elastyczno\u015b\u0107 SMS2SMS sprawia, \u017ce jest on przydatny w wielu r\u00f3\u017cnych sytuacjach, w kt\u00f3rych potrzebna jest szybka i ukierunkowana komunikacja. Oto kilka przyk\u0142ad\u00f3w:<\/p>\n\t\t\t\t<table>\n\t\t\t\t\t<thead>\n\t\t\t\t\t\t\t\t\t\t\t\t\t\t<tr>\n\t\t\t\t\t\t\t\t\t\t\t\t\t\t\t<th rowspan=\"\" colspan=\"\">\n\t\t\t\t\t\t\t\t\t\t\t\t\t\t\t\t\t<label>\n\t\t\t\t\t\t\t\t\t\t<\/label><label> Scenariusz <\/label>\n\t\t\t\t\t\t\t\t\t\n\t\t\t\t\t\t\t\t\t\t\t\t\t\t\t\t\t<\/th>\n\t\t\t\t\t\t\t\t\t\t\t\t\t\t<th rowspan=\"\" colspan=\"\">\n\t\t\t\t\t\t\t\t\t\t\t\t\t\t\t\t\t<label>\n\t\t\t\t\t\t\t\t\t\t<\/label><label> Opis zastosowania <\/label>\n\t\t\t\t\t\t\t\t\t\n\t\t\t\t\t\t\t\t\t\t\t\t\t\t\t\t\t<\/th>\n\t\t\t\t\t\t\t\t\t\t\t<\/tr><\/thead>\n\t\t\t\t\t<tbody>\n\t\t\t\t\t\t\t\t\t\t\t\t\t\t\t<tr>\n\t\t\t\t\t\t\t\t\t\t\t\t\t\t\t\t\t\t\t\t<td colspan=\"\" rowspan=\"\">\n\t\t\t\t\t\t\t\t\t\t\t\t\t\t\t\t\t\t\t\t\t\t\t Sp\u00f3\u0142dzielnie mieszkaniowe \n\t\t\t\t\t\t\t\t\t\t\t\t\t\t\t\t\t\t\t\t\t\t\t<\/td>\n\t\t\t\t\t\t\t\t\t\t\t\t\t\t\t\t<td colspan=\"\" rowspan=\"\">\n\t\t\t\t\t\t\t\t\t\t\t\t\t\t\t Wykonawca mo\u017ce wys\u0142a\u0107 wiadomo\u015b\u0107 na centralny numer ze s\u0142owem kluczowym dla okre\u015blonego bloku mieszkalnego (np. \u201cBlok 5A Wy\u0142\u0105czamy wod\u0119 o 14:00\u201d). Wiadomo\u015b\u0107 jest automatycznie wysy\u0142ana do wszystkich mieszka\u0144c\u00f3w danego bloku, a wykonawca nie ma dost\u0119pu do ich prywatnych numer\u00f3w telefon\u00f3w. \n\t\t\t\t\t\t\t\t\t\t\t\t\t\t\t\t\t\t\t\t\t\t\t\t<\/td>\n\t\t\t\t\t\t\t\t\t\t\t\t\t\t\t<\/tr><tr>\n\t\t\t\t\t\t\t\t\t\t\t\t\t\t\t\t\t\t\t\t<td colspan=\"\" rowspan=\"\">\n\t\t\t\t\t\t\t\t\t\t\t\t\t\t\t\t\t\t\t\t\t\t\t Pracownicy w terenie \n\t\t\t\t\t\t\t\t\t\t\t\t\t\t\t\t\t\t\t\t\t\t\t<\/td>\n\t\t\t\t\t\t\t\t\t\t\t\t\t\t\t\t<td colspan=\"\" rowspan=\"\">\n\t\t\t\t\t\t\t\t\t\t\t\t\t\t\t\t\t\t\t\t\t\t\t Pracownik, kt\u00f3ry potrzebuje pomocy, mo\u017ce wys\u0142a\u0107 wiadomo\u015b\u0107 SMS do grupy na podstawie po\u0142o\u017cenia geograficznego (np. \u201cHJ\u00d8RRING Potrzebuj\u0119 pomocy pod adresem X\u201d). System wy\u015ble wiadomo\u015b\u0107 do wszystkich wsp\u00f3\u0142pracownik\u00f3w w zespole Hj\u00f8rring. \n\t\t\t\t\t\t\t\t\t\t\t\t\t\t\t\t\t\t\t\t\t\t\t<\/td>\n\t\t\t\t\t\t\t\t\t\t\t\t\t\t\t<\/tr><tr>\n\t\t\t\t\t\t\t\t\t\t\t\t\t\t\t\t\t\t\t\t<td colspan=\"\" rowspan=\"\">\n\t\t\t\t\t\t\t\t\t\t\t\t\t\t\t\t\t\t\t\t\t\t\t Transport autobusem szkolnym \n\t\t\t\t\t\t\t\t\t\t\t\t\t\t\t\t\t\t\t\t\t\t\t<\/td>\n\t\t\t\t\t\t\t\t\t\t\t\t\t\t\t\t<td colspan=\"\" rowspan=\"\">\n\t\t\t\t\t\t\t\t\t\t\t\t\t\t\t\t\t\t\t\t\t\t\t Kierowca, kt\u00f3ry si\u0119 sp\u00f3\u017ania, mo\u017ce szybko poinformowa\u0107 wszystkich rodzic\u00f3w na okre\u015blonej trasie, wysy\u0142aj\u0105c SMS o tre\u015bci \u201cAutobus ROUTE1 sp\u00f3\u017ani si\u0119 20 minut z powodu kork\u00f3w\u201d. \n\t\t\t\t\t\t\t\t\t\t\t\t\t\t\t\t\t\t\t\t\t\t\t<\/td>\n\t\t\t\t\t\t\t\t\t\t\t\t\t\t\t<\/tr><tr>\n\t\t\t\t\t\t\t\t\t\t\t\t\t\t\t\t\t\t\t\t<td colspan=\"\" rowspan=\"\">\n\t\t\t\t\t\t\t\t\t\t\t\t\t\t\t\t\t\t\t\t\t\t\t Kluby sportowe \n\t\t\t\t\t\t\t\t\t\t\t\t\t\t\t\t\t\t\t\t\t\t\t<\/td>\n\t\t\t\t\t\t\t\t\t\t\t\t\t\t\t\t<td colspan=\"\" rowspan=\"\">\n\t\t\t\t\t\t\t\t\t\t\t\t\t\t\t\t\t\t\t\t\t\t\t Trener pi\u0142ki no\u017cnej mo\u017ce odwo\u0142a\u0107 trening w ostatniej chwili, wysy\u0142aj\u0105c wiadomo\u015b\u0107 do s\u0142owa kluczowego swojej dru\u017cyny (np. \u201cTrening U12 TEAM odwo\u0142any z powodu deszczu\u201d). Wiadomo\u015b\u0107 zostanie wys\u0142ana do wszystkich zawodnik\u00f3w i rodzic\u00f3w znajduj\u0105cych si\u0119 na li\u015bcie. \n\t\t\t\t\t\t\t\t\t\t\t\t\t\t\t\t\t\t\t\t\t\t\t<\/td>\n\t\t\t\t\t\t\t\t\t\t\t<\/tr><\/tbody>\n\t\t\t\t<\/table>\n\t<p>Scenariusze te ilustruj\u0105, w jaki spos\u00f3b automatyzacja SMS-\u00f3w mo\u017ce scentralizowa\u0107 i upro\u015bci\u0107 komunikacj\u0119 przy jednoczesnym zachowaniu bezpiecze\u0144stwa danych, poniewa\u017c nadawca nie musi zarz\u0105dza\u0107 listami odbiorc\u00f3w ani mie\u0107 do nich dost\u0119pu.<\/p>\n<h2>\n\t\t\tJak skonfigurowa\u0107 SMS2SMS w SureSMS?\t<\/h2>\n\t<p>Konfiguracja SMS2SMS na platformie SureSMS obejmuje trzy g\u0142\u00f3wne kroki: zam\u00f3wienie numeru przychodz\u0105cego, utworzenie grupy kontakt\u00f3w ze s\u0142owem kluczowym i skonfigurowanie ustawie\u0144 grupy. Oto przewodnik krok po kroku:<\/p>\n<h3>\n\t\t\tKrok 1: Zam\u00f3wienie przychodz\u0105cego numeru telefonu\t<\/h3>\n\t<p>Aby otrzymywa\u0107 wiadomo\u015bci SMS, musisz mie\u0107 dedykowany numer na platformie.<\/p>\n<ul>\n<li>Przejd\u017a do Ustawie\u0144 i wybierz Nazw\u0119 nadawcy.<\/li>\n<li>Kliknij przycisk Zam\u00f3w, aby wy\u015bwietli\u0107 list\u0119 dost\u0119pnych wirtualnych numer\u00f3w telefon\u00f3w.<\/li>\n<li>Wybierz numer z listy i potwierd\u017a zam\u00f3wienie.<\/li>\n<li>Gdy numer pojawi si\u0119 na li\u015bcie warto\u015bci nadawcy, zaznacz go jako numer domy\u015blny. Ma to na celu okre\u015blenie, \u017ce jest to numer, kt\u00f3rego platforma powinna u\u017cywa\u0107 do odbierania wiadomo\u015bci przychodz\u0105cych. Numer b\u0119dzie mia\u0142 zielony haczyk wskazuj\u0105cy, \u017ce jest to wirtualny d\u0142ugi numer<\/li>\n<\/ul>\n\t\t\t\t\t<video src=\"https:\/\/suresms.com\/wp-content\/uploads\/2025\/11\/Guides - Setup of SMS-2-SMS.mp4\" alt=\"hosted-video-thumbnail\"><\/video>\n\t\t<h3>\n\t\t\tKrok 2: Utw\u00f3rz grup\u0119 kontakt\u00f3w i s\u0142owo kluczowe\t<\/h3>\n\t<p>Nast\u0119pnym krokiem jest zorganizowanie kontakt\u00f3w, kt\u00f3re b\u0119d\u0105 otrzymywa\u0107 wiadomo\u015bci, w grup\u0119 i przypisanie im unikalnego s\u0142owa kluczowego.<\/p>\n<ul>\n<li>Przejd\u017a do Ksi\u0105\u017cki adresowej i wybierz Grupy.<\/li>\n<li>Utw\u00f3rz now\u0105 grup\u0119 lub edytuj istniej\u0105c\u0105.<\/li>\n<li>Nazwa grupy: Wybierz wewn\u0119trzn\u0105 nazw\u0119 grupy (np. \u201cBallgame2025\u201d).<\/li>\n<li>S\u0142owo kluczowe: Jest to najwa\u017cniejsze pole. Wybierz unikalne i \u0142atwo rozpoznawalne s\u0142owo kluczowe SMS (np. \u201cgra w pi\u0142k\u0119\u201d). Jest to s\u0142owo, od kt\u00f3rego nadawca musi rozpocz\u0105\u0107 swoj\u0105 wiadomo\u015b\u0107 SMS, aby wys\u0142a\u0107 j\u0105 do tej grupy.<\/li>\n<li>Dodaj kontakty do grupy. Mo\u017cna to zrobi\u0107 r\u0119cznie lub zaimportowa\u0107 list\u0119.<\/li>\n<\/ul>\n<h3>\n\t\t\tKrok 3: Konfiguracja ustawie\u0144 grupy\t<\/h3>\n\t<p>Aby funkcja SMS2SMS dzia\u0142a\u0142a poprawnie, nale\u017cy skonfigurowa\u0107 ustawienia grupy.<\/p>\n<ul>\n<li>Zawsze u\u017cywaj nazwy nadawcy: Tutaj decydujesz, co powinno by\u0107 nadawc\u0105 wiadomo\u015bci SMS wysy\u0142anych do grupy.\n<ul>\n<li>Nieustawione: Odbiorcy zobacz\u0105 w\u0142asny numer telefonu nadawcy (np. rzemie\u015blnika). Odpowiedzi b\u0119d\u0105 kierowane bezpo\u015brednio do tej osoby.<\/li>\n<li>Okre\u015blony numer\/nazwa: Mo\u017cesz wybra\u0107 jeden ze zweryfikowanych numer\u00f3w lub alfanumeryczny identyfikator nadawcy (np. \u201cSureSMS\u201d), na kt\u00f3ry nie mo\u017cna odpowiedzie\u0107. Jest to idealne rozwi\u0105zanie do komunikacji jednokierunkowej.<\/li>\n<\/ul>\n<\/li>\n<li>Tylko autoryzowani nadawcy: Aby unikn\u0105\u0107 nadu\u017cy\u0107, mo\u017cesz ograniczy\u0107, kto mo\u017ce wysy\u0142a\u0107 wiadomo\u015bci do grupy. W tym polu mo\u017cna wybra\u0107 inn\u0105 grup\u0119 (np. \u201cRzemie\u015blnicy\u201d lub \u201cTrenerzy\u201d) i tylko cz\u0142onkowie tej grupy b\u0119d\u0105 uprawnieni do korzystania z funkcji SMS2SMS.\n<ul>\n<li>Je\u015bli pole jest ustawione na Nie ustawione, ka\u017cdy, kto zna numer przychodz\u0105cy i s\u0142owo kluczowe, mo\u017ce wys\u0142a\u0107 wiadomo\u015b\u0107 do grupy.<\/li>\n<\/ul>\n<\/li>\n<li>Wy\u0142\u0105cz przychodz\u0105ce wiadomo\u015bci SMS do grupy: Upewnij si\u0119, \u017ce ta funkcja nie jest w\u0142\u0105czona, poniewa\u017c zablokuje ona funkcj\u0119 SMS2SMS.<\/li>\n<li>Zapisz ustawienia.<\/li>\n<\/ul>\n<h2>\n\t\t\tPrzetestuj konfiguracj\u0119 SMS2SMS\t<\/h2>\n\t<p>Po zako\u0144czeniu konfiguracji mo\u017cna \u0142atwo sprawdzi\u0107, czy automatyzacja SMS dzia\u0142a zgodnie z przeznaczeniem.<\/p>\n<ul>\n<li>Upewnij si\u0119, \u017ce nadawca jest autoryzowany: Je\u015bli ustawiono ograniczenie dotycz\u0105ce tego, kto mo\u017ce wysy\u0142a\u0107 wiadomo\u015bci (krok 3, punkt 2), upewnij si\u0119, \u017ce numer telefonu, z kt\u00f3rego wysy\u0142asz, nale\u017cy do zatwierdzonej grupy nadawc\u00f3w.<\/li>\n<li>Wy\u015blij testow\u0105 wiadomo\u015b\u0107 SMS: Z telefonu kom\u00f3rkowego (lub innego telefonu znajduj\u0105cego si\u0119 na li\u015bcie zatwierdzonych nadawc\u00f3w) wy\u015blij wiadomo\u015b\u0107 SMS na numer przychodz\u0105cy zam\u00f3wiony w kroku 1.<\/li>\n<li>Poprawna struktura wiadomo\u015bci: Rozpocznij wiadomo\u015b\u0107 od wybranego s\u0142owa kluczowego, po kt\u00f3rym nast\u0119puje spacja, a nast\u0119pnie sama wiadomo\u015b\u0107.\n<ul>\n<li>Przyk\u0142ad: <u>Gra w pi\u0142k\u0119 Dzisiejszy trening zosta\u0142 przeniesiony na godzin\u0119 19:00.<\/u><\/li>\n<\/ul>\n<\/li>\n<li>Weryfikacja w skrzynce nadawczej: Przejd\u017a do skrzynki nadawczej na platformie SureSMS. Tutaj b\u0119dziesz m\u00f3g\u0142 zobaczy\u0107:\n<ul>\n<li>Oryginalna przychodz\u0105ca wiadomo\u015b\u0107 SMS z numeru telefonu zawieraj\u0105ca s\u0142owo kluczowe.<\/li>\n<li>Seria nowych wychodz\u0105cych wiadomo\u015bci SMS (po jednej dla ka\u017cdego kontaktu w grupie). Tekst tych wiadomo\u015bci b\u0119dzie taki sam jak oryginalnej wiadomo\u015bci, ale bez s\u0142owa kluczowego.<\/li>\n<\/ul>\n<\/li>\n<\/ul>\n<p>&nbsp;<\/p>\n<p>Je\u015bli wiadomo\u015bci wychodz\u0105ce zosta\u0142y wygenerowane i wys\u0142ane do wszystkich kontakt\u00f3w w grupie, konfiguracja SMS2SMS zako\u0144czy\u0142a si\u0119 sukcesem. Masz teraz w pe\u0142ni funkcjonalne rozwi\u0105zanie do szybkiego i wydajnego grupowego wysy\u0142ania wiadomo\u015bci SMS.<\/p>","protected":false},"excerpt":{"rendered":"<p>Konfiguracja SMS-2-SMS SMS2SMS to pot\u0119\u017cna funkcja, kt\u00f3ra umo\u017cliwia automatyczne wysy\u0142anie wiadomo\u015bci SMS do wcze\u015bniej zdefiniowanej grupy za po\u015brednictwem pojedynczej przychodz\u0105cej wiadomo\u015bci SMS. Chocia\u017c mo\u017ce to brzmie\u0107 jak objazd, ta forma automatyzacji SMS otwiera wiele skutecznych scenariuszy komunikacji. W tym przewodniku om\u00f3wimy, czym jest SMS2SMS, jak mo\u017cna go wykorzysta\u0107 w praktyce i jak... <a title=\"Konfiguracja SMS-2-SMS\" class=\"read-more\" href=\"https:\/\/suresms.com\/pl\/docs\/guides\/sms-2-sms-opstning\/\" aria-label=\"Dowiedz si\u0119 wi\u0119cej o konfiguracji SMS-2-SMS\">Dowiedz si\u0119 wi\u0119cej<\/a><\/p>","protected":false},"author":1,"featured_media":0,"parent":23423,"menu_order":0,"comment_status":"closed","ping_status":"closed","template":"","meta":{"_fl_builder_enabled":"1","_fl_builder_data":null,"_fl_builder_draft":null,"_fl_builder_data_settings":null,"_fl_builder_css":"","_fl_builder_css_version":"","_fl_builder_js":"","footnotes":""},"categories":[],"tags":[],"class_list":["post-23531","page","type-page","status-publish"],"yoast_head":"<!-- This site is optimized with the Yoast SEO Premium plugin v27.3 (Yoast SEO v27.3) - https:\/\/yoast.com\/product\/yoast-seo-premium-wordpress\/ -->\r\n<title>SMS-2-SMS ops\u00e6tning -<\/title>\r\n<meta name=\"robots\" content=\"index, follow, max-snippet:-1, max-image-preview:large, max-video-preview:-1\" \/>\r\n<link rel=\"canonical\" href=\"https:\/\/suresms.com\/pl\/dokumenty\/przewodniki\/konfiguracja-sms-2-sms\/\" \/>\r\n<meta property=\"og:locale\" content=\"pl_PL\" \/>\r\n<meta property=\"og:type\" content=\"article\" \/>\r\n<meta property=\"og:title\" content=\"SMS-2-SMS ops\u00e6tning\" \/>\r\n<meta property=\"og:description\" content=\"SMS-2-SMS ops\u00e6tning SMS2SMS er en kraftfuld funktion, der muligg\u00f8r automatisk udsendelse af SMS-beskeder til en foruddefineret gruppe via en enkelt indg\u00e5ende SMS. Selvom det kan lyde som en omvej, \u00e5bner denne form for SMS-automatisering op for en r\u00e6kke effektive kommunikationsscenarier. Denne guide vil gennemg\u00e5, hvad SMS2SMS er, hvordan det kan anvendes i praksis, og hvordan ... Dowiedz si\u0119 wi\u0119cej\" \/>\r\n<meta property=\"og:url\" content=\"https:\/\/suresms.com\/pl\/dokumenty\/przewodniki\/konfiguracja-sms-2-sms\/\" \/>\r\n<meta property=\"article:publisher\" content=\"https:\/\/www.facebook.com\/p\/SureSMS-100044607956149\/\" \/>\r\n<meta property=\"article:modified_time\" content=\"2025-11-11T10:47:34+00:00\" \/>\r\n<meta name=\"twitter:card\" content=\"summary_large_image\" \/>\r\n<meta name=\"twitter:label1\" content=\"Szacowany czas czytania\" \/>\n\t<meta name=\"twitter:data1\" content=\"2 minuty\" \/>\r\n<script type=\"application\/ld+json\" class=\"yoast-schema-graph\">{\"@context\":\"https:\\\/\\\/schema.org\",\"@graph\":[{\"@type\":\"WebPage\",\"@id\":\"https:\\\/\\\/suresms.com\\\/dk\\\/docs\\\/guides\\\/sms-2-sms-opstning\\\/\",\"url\":\"https:\\\/\\\/suresms.com\\\/dk\\\/docs\\\/guides\\\/sms-2-sms-opstning\\\/\",\"name\":\"SMS-2-SMS ops\u00e6tning -\",\"isPartOf\":{\"@id\":\"https:\\\/\\\/suresms.com\\\/en\\\/#website\"},\"datePublished\":\"2025-11-11T09:58:32+00:00\",\"dateModified\":\"2025-11-11T10:47:34+00:00\",\"breadcrumb\":{\"@id\":\"https:\\\/\\\/suresms.com\\\/dk\\\/docs\\\/guides\\\/sms-2-sms-opstning\\\/#breadcrumb\"},\"inLanguage\":\"pl-PL\",\"potentialAction\":[{\"@type\":\"ReadAction\",\"target\":[\"https:\\\/\\\/suresms.com\\\/dk\\\/docs\\\/guides\\\/sms-2-sms-opstning\\\/\"]}]},{\"@type\":\"BreadcrumbList\",\"@id\":\"https:\\\/\\\/suresms.com\\\/dk\\\/docs\\\/guides\\\/sms-2-sms-opstning\\\/#breadcrumb\",\"itemListElement\":[{\"@type\":\"ListItem\",\"position\":1,\"name\":\"Home\",\"item\":\"https:\\\/\\\/suresms.com\\\/dk\\\/\"},{\"@type\":\"ListItem\",\"position\":2,\"name\":\"Dokumentation\",\"item\":\"https:\\\/\\\/suresms.com\\\/dk\\\/docs\\\/\"},{\"@type\":\"ListItem\",\"position\":3,\"name\":\"Vejledninger\",\"item\":\"https:\\\/\\\/suresms.com\\\/dk\\\/docs\\\/guides\\\/\"},{\"@type\":\"ListItem\",\"position\":4,\"name\":\"SMS-2-SMS ops\u00e6tning\"}]},{\"@type\":\"WebSite\",\"@id\":\"https:\\\/\\\/suresms.com\\\/en\\\/#website\",\"url\":\"https:\\\/\\\/suresms.com\\\/en\\\/\",\"name\":\"SureSMS\",\"description\":\"Professionel SMS Gateway\",\"publisher\":{\"@id\":\"https:\\\/\\\/suresms.com\\\/en\\\/#organization\"},\"potentialAction\":[{\"@type\":\"SearchAction\",\"target\":{\"@type\":\"EntryPoint\",\"urlTemplate\":\"https:\\\/\\\/suresms.com\\\/en\\\/?s={search_term_string}\"},\"query-input\":{\"@type\":\"PropertyValueSpecification\",\"valueRequired\":true,\"valueName\":\"search_term_string\"}}],\"inLanguage\":\"pl-PL\"},{\"@type\":\"Organization\",\"@id\":\"https:\\\/\\\/suresms.com\\\/en\\\/#organization\",\"name\":\"SureSMS\",\"url\":\"https:\\\/\\\/suresms.com\\\/en\\\/\",\"logo\":{\"@type\":\"ImageObject\",\"inLanguage\":\"pl-PL\",\"@id\":\"https:\\\/\\\/suresms.com\\\/en\\\/#\\\/schema\\\/logo\\\/image\\\/\",\"url\":\"https:\\\/\\\/suresms.com\\\/wp-content\\\/uploads\\\/2024\\\/11\\\/suresms-300x65-1.png\",\"contentUrl\":\"https:\\\/\\\/suresms.com\\\/wp-content\\\/uploads\\\/2024\\\/11\\\/suresms-300x65-1.png\",\"width\":300,\"height\":65,\"caption\":\"SureSMS\"},\"image\":{\"@id\":\"https:\\\/\\\/suresms.com\\\/en\\\/#\\\/schema\\\/logo\\\/image\\\/\"},\"sameAs\":[\"https:\\\/\\\/www.facebook.com\\\/p\\\/SureSMS-100044607956149\\\/\"]}]}<\/script>\r\n<!-- \/ Yoast SEO Premium plugin. -->","yoast_head_json":{"title":"Konfiguracja SMS-2-SMS - Konfiguracja SMS-2-SMS","robots":{"index":"index","follow":"follow","max-snippet":"max-snippet:-1","max-image-preview":"max-image-preview:large","max-video-preview":"max-video-preview:-1"},"canonical":"https:\/\/suresms.com\/pl\/dokumenty\/przewodniki\/konfiguracja-sms-2-sms\/","og_locale":"pl_PL","og_type":"article","og_title":"SMS-2-SMS ops\u00e6tning","og_description":"SMS-2-SMS ops\u00e6tning SMS2SMS er en kraftfuld funktion, der muligg\u00f8r automatisk udsendelse af SMS-beskeder til en foruddefineret gruppe via en enkelt indg\u00e5ende SMS. Selvom det kan lyde som en omvej, \u00e5bner denne form for SMS-automatisering op for en r\u00e6kke effektive kommunikationsscenarier. Denne guide vil gennemg\u00e5, hvad SMS2SMS er, hvordan det kan anvendes i praksis, og hvordan ... Dowiedz si\u0119 wi\u0119cej","og_url":"https:\/\/suresms.com\/pl\/dokumenty\/przewodniki\/konfiguracja-sms-2-sms\/","article_publisher":"https:\/\/www.facebook.com\/p\/SureSMS-100044607956149\/","article_modified_time":"2025-11-11T10:47:34+00:00","twitter_card":"summary_large_image","twitter_misc":{"Szacowany czas czytania":"2 minuty"},"schema":{"@context":"https:\/\/schema.org","@graph":[{"@type":"WebPage","@id":"https:\/\/suresms.com\/dk\/docs\/guides\/sms-2-sms-opstning\/","url":"https:\/\/suresms.com\/dk\/docs\/guides\/sms-2-sms-opstning\/","name":"Konfiguracja SMS-2-SMS - Konfiguracja SMS-2-SMS","isPartOf":{"@id":"https:\/\/suresms.com\/en\/#website"},"datePublished":"2025-11-11T09:58:32+00:00","dateModified":"2025-11-11T10:47:34+00:00","breadcrumb":{"@id":"https:\/\/suresms.com\/dk\/docs\/guides\/sms-2-sms-opstning\/#breadcrumb"},"inLanguage":"pl-PL","potentialAction":[{"@type":"ReadAction","target":["https:\/\/suresms.com\/dk\/docs\/guides\/sms-2-sms-opstning\/"]}]},{"@type":"BreadcrumbList","@id":"https:\/\/suresms.com\/dk\/docs\/guides\/sms-2-sms-opstning\/#breadcrumb","itemListElement":[{"@type":"ListItem","position":1,"name":"Home","item":"https:\/\/suresms.com\/dk\/"},{"@type":"ListItem","position":2,"name":"Dokumentation","item":"https:\/\/suresms.com\/dk\/docs\/"},{"@type":"ListItem","position":3,"name":"Vejledninger","item":"https:\/\/suresms.com\/dk\/docs\/guides\/"},{"@type":"ListItem","position":4,"name":"SMS-2-SMS ops\u00e6tning"}]},{"@type":"WebSite","@id":"https:\/\/suresms.com\/en\/#website","url":"https:\/\/suresms.com\/en\/","name":"SureSMS","description":"Profesjonalna bramka SMS","publisher":{"@id":"https:\/\/suresms.com\/en\/#organization"},"potentialAction":[{"@type":"SearchAction","target":{"@type":"EntryPoint","urlTemplate":"https:\/\/suresms.com\/en\/?s={search_term_string}"},"query-input":{"@type":"PropertyValueSpecification","valueRequired":true,"valueName":"search_term_string"}}],"inLanguage":"pl-PL"},{"@type":"Organization","@id":"https:\/\/suresms.com\/en\/#organization","name":"SureSMS","url":"https:\/\/suresms.com\/en\/","logo":{"@type":"ImageObject","inLanguage":"pl-PL","@id":"https:\/\/suresms.com\/en\/#\/schema\/logo\/image\/","url":"https:\/\/suresms.com\/wp-content\/uploads\/2024\/11\/suresms-300x65-1.png","contentUrl":"https:\/\/suresms.com\/wp-content\/uploads\/2024\/11\/suresms-300x65-1.png","width":300,"height":65,"caption":"SureSMS"},"image":{"@id":"https:\/\/suresms.com\/en\/#\/schema\/logo\/image\/"},"sameAs":["https:\/\/www.facebook.com\/p\/SureSMS-100044607956149\/"]}]}},"_links":{"self":[{"href":"https:\/\/suresms.com\/pl\/wp-json\/wp\/v2\/pages\/23531","targetHints":{"allow":["GET"]}}],"collection":[{"href":"https:\/\/suresms.com\/pl\/wp-json\/wp\/v2\/pages"}],"about":[{"href":"https:\/\/suresms.com\/pl\/wp-json\/wp\/v2\/types\/page"}],"author":[{"embeddable":true,"href":"https:\/\/suresms.com\/pl\/wp-json\/wp\/v2\/users\/1"}],"replies":[{"embeddable":true,"href":"https:\/\/suresms.com\/pl\/wp-json\/wp\/v2\/comments?post=23531"}],"version-history":[{"count":6,"href":"https:\/\/suresms.com\/pl\/wp-json\/wp\/v2\/pages\/23531\/revisions"}],"predecessor-version":[{"id":23541,"href":"https:\/\/suresms.com\/pl\/wp-json\/wp\/v2\/pages\/23531\/revisions\/23541"}],"up":[{"embeddable":true,"href":"https:\/\/suresms.com\/pl\/wp-json\/wp\/v2\/pages\/23423"}],"wp:attachment":[{"href":"https:\/\/suresms.com\/pl\/wp-json\/wp\/v2\/media?parent=23531"}],"wp:term":[{"taxonomy":"category","embeddable":true,"href":"https:\/\/suresms.com\/pl\/wp-json\/wp\/v2\/categories?post=23531"},{"taxonomy":"post_tag","embeddable":true,"href":"https:\/\/suresms.com\/pl\/wp-json\/wp\/v2\/tags?post=23531"}],"curies":[{"name":"wp","href":"https:\/\/api.w.org\/{rel}","templated":true}]}}