{"id":23483,"date":"2025-10-08T12:02:13","date_gmt":"2025-10-08T12:02:13","guid":{"rendered":"https:\/\/suresms.com\/?page_id=23483"},"modified":"2025-10-08T12:08:32","modified_gmt":"2025-10-08T12:08:32","slug":"aplikacja-windows","status":"publish","type":"page","link":"https:\/\/suresms.com\/pl\/docs\/guides\/windows-app\/","title":{"rendered":"Aplikacja dla systemu Windows"},"content":{"rendered":"<!-- Flexy Breadcrumb -->\r\n\t\t\t<div class=\"fbc fbc-page\">\r\n\r\n\t\t\t\t<!-- Breadcrumb wrapper -->\r\n\t\t\t\t<div class=\"fbc-wrap\">\r\n\r\n\t\t\t\t\t<!-- Ordered list-->\r\n\t\t\t\t\t<ol class=\"fbc-items\" itemscope itemtype=\"https:\/\/schema.org\/BreadcrumbList\">\r\n\t\t\t\t\t\t            <li itemprop=\"itemListElement\" itemscope itemtype=\"https:\/\/schema.org\/ListItem\">\r\n                <span itemprop=\"name\">\r\n                    <!-- Home Link -->\r\n                    <a itemprop=\"item\" href=\"https:\/\/suresms.com\/pl\/\">\r\n                    \r\n                                                    <i class=\"fa fa-home\" aria-hidden=\"true\"><\/i>Strona g\u0142\u00f3wna                    <\/a>\r\n                <\/span>\r\n                <meta itemprop=\"position\" content=\"1\" \/><!-- Meta Position-->\r\n             <\/li><li><span class=\"fbc-separator\">\/<\/span><\/li><li class=\"active\" itemprop=\"itemListElement\" itemscope itemtype=\"https:\/\/schema.org\/ListItem\"><span itemprop=\"name\" title=\"Aplikacja dla systemu Windows\">Aplikacja dla systemu Windows<\/span><meta itemprop=\"position\" content=\"2\" \/><\/li>\t\t\t\t\t<\/ol>\r\n\t\t\t\t\t<div class=\"clearfix\"><\/div>\r\n\t\t\t\t<\/div>\r\n\t\t\t<\/div>\r\n\t\t\t\n<h1>\n\t\t\tPobierz SureSMS jako aplikacj\u0119 dla systemu Windows\t<\/h1>\n\t<p>Czy wiesz, \u017ce mo\u017cesz u\u017cywa\u0107 SureSMS jako aplikacji bezpo\u015brednio z komputera - bez instalowania czegokolwiek?<\/p>\n<p>Za pomoc\u0105 kilku klikni\u0119\u0107 mo\u017cna zmieni\u0107 przegl\u0105dark\u0119 (np. Google Chrome, Edge lub Brave) w \"program uruchamiaj\u0105cy aplikacje\", dzi\u0119ki czemu SureSMS otwiera si\u0119 jako samodzielna aplikacja z ikon\u0105 na pasku zada\u0144 - tak jak zwyk\u0142a aplikacja.<\/p>\n<p>Dzi\u0119ki temu dost\u0119p do SureSMS jest \u0142atwiejszy i szybszy, a u\u017cytkownik nie musi trzyma\u0107 otwartej karty w przegl\u0105darce.<\/p>\n<p>Korzy\u015bci s\u0105 nast\u0119puj\u0105ce<\/p>\n<ul>\n<li data-start=\"1463\" data-end=\"1513\">\nUruchamia si\u0119 szybko - bez otwierania ca\u0142ej przegl\u0105darki.\n<\/li>\n<li data-start=\"1514\" data-end=\"1573\">\nDzia\u0142a jak zwyk\u0142a aplikacja z ikon\u0105 i skr\u00f3tem.\n<\/li>\n<li data-start=\"1574\" data-end=\"1622\">\nMniej zak\u0142\u00f3ce\u0144 - tylko SureSMS w oknie.\n<\/li>\n<li data-start=\"1623\" data-end=\"1688\">\nAutomatyczne logowanie, je\u015bli u\u017cytkownik jest ju\u017c zalogowany w przegl\u0105darce.\n<\/li>\n<\/ul>\n<h2>\n\t\t\tChrome - jak to zrobi\u0107\t<\/h2>\n\t<ul>\n<li data-start=\"726\" data-end=\"784\">\nPrzejd\u017a do <a href=\"https:\/\/app.suresms.com\" target=\"_blank\" rel=\"noopener\" data-start=\"739\" data-end=\"781\">app.suresms.com<\/a>.\n<\/li>\n<li data-start=\"785\" data-end=\"852\">\nKliknij przycisk <strong data-start=\"796\" data-end=\"814\">trzy kropki<\/strong> W prawym g\u00f3rnym rogu przegl\u0105darki Chrome (menu).\n<\/li>\n<li data-start=\"853\" data-end=\"969\">\nWybierz <strong data-start=\"861\" data-end=\"875\">Przesy\u0142anie, zapisywanie i udost\u0119pnianie<\/strong> \u2192 <strong data-start=\"878\" data-end=\"905\">Zainstaluj aplikacj\u0119 SureSMS<\/strong> <em data-start=\"906\" data-end=\"966\">(lub \"Zainstaluj SureSMS\" w zale\u017cno\u015bci od wersji przegl\u0105darki Chrome).<\/em>.\n<\/li>\n<li data-start=\"970\" data-end=\"994\">\nPrasa <strong data-start=\"978\" data-end=\"991\">Instalacja<\/strong>.\n<\/li>\n<li data-start=\"995\" data-end=\"1112\">\nTeraz SureSMS otwiera si\u0119 jako samodzielna aplikacja - mo\u017cna j\u0105 przypi\u0105\u0107 do paska zada\u0144, menu Start lub pulpitu.\n<\/li>\n<\/ul>\n<h2>\n\t\t\tEdge - jak to zrobi\u0107\t<\/h2>\n\t<ul>\n<li data-start=\"1155\" data-end=\"1207\">\nOtw\u00f3rz <a href=\"https:\/\/app.suresms.com\" target=\"_new\" rel=\"noopener\" data-start=\"1162\" data-end=\"1204\">app.suresms.com<\/a>.\n<\/li>\n<li data-start=\"1208\" data-end=\"1257\">\nKliknij przycisk <strong data-start=\"1219\" data-end=\"1237\">trzy kropki<\/strong> Prawy g\u00f3rny r\u00f3g.\n<\/li>\n<li data-start=\"1258\" data-end=\"1318\">\nWybierz <strong data-start=\"1266\" data-end=\"1274\">Aplikacje<\/strong> \u2192 <strong data-start=\"1277\" data-end=\"1315\">Zainstaluj t\u0119 witryn\u0119 jako aplikacj\u0119<\/strong>.\n<\/li>\n<li data-start=\"1319\" data-end=\"1408\">\nPrasa <strong data-start=\"1327\" data-end=\"1340\">Instalacja<\/strong> i wybierz, czy chcesz doda\u0107 skr\u00f3ty (pasek zada\u0144, menu Start itp.).\n<\/li>\n<\/ul>","protected":false},"excerpt":{"rendered":"<p>Pobierz SureSMS jako aplikacj\u0119 Windows Czy wiesz, \u017ce mo\u017cesz u\u017cywa\u0107 SureSMS jako aplikacji bezpo\u015brednio z komputera - bez instalowania czegokolwiek? Wystarczy kilka klikni\u0119\u0107, aby zmieni\u0107 przegl\u0105dark\u0119 (np. Google Chrome, Edge lub Brave) w \"program uruchamiaj\u0105cy aplikacje\", dzi\u0119ki czemu SureSMS otworzy si\u0119 jako samodzielna aplikacja z ikon\u0105 na pasku zada\u0144 - tak jak... <a title=\"Aplikacja dla systemu Windows\" class=\"read-more\" href=\"https:\/\/suresms.com\/pl\/docs\/guides\/windows-app\/\" aria-label=\"Dowiedz si\u0119 wi\u0119cej o aplikacji Windows\">Dowiedz si\u0119 wi\u0119cej<\/a><\/p>","protected":false},"author":1,"featured_media":0,"parent":23423,"menu_order":0,"comment_status":"closed","ping_status":"closed","template":"","meta":{"_fl_builder_enabled":"1","_fl_builder_data":null,"_fl_builder_draft":null,"_fl_builder_data_settings":null,"_fl_builder_css":"","_fl_builder_css_version":"","_fl_builder_js":"","footnotes":""},"categories":[],"tags":[],"class_list":["post-23483","page","type-page","status-publish"],"yoast_head":"<!-- This site is optimized with the Yoast SEO Premium plugin v27.3 (Yoast SEO v27.3) - https:\/\/yoast.com\/product\/yoast-seo-premium-wordpress\/ -->\r\n<title>Windows applikation -<\/title>\r\n<meta name=\"robots\" content=\"index, follow, max-snippet:-1, max-image-preview:large, max-video-preview:-1\" \/>\r\n<link rel=\"canonical\" href=\"https:\/\/suresms.com\/pl\/dokumenty\/przewodniki\/aplikacja-windows\/\" \/>\r\n<meta property=\"og:locale\" content=\"pl_PL\" \/>\r\n<meta property=\"og:type\" content=\"article\" \/>\r\n<meta property=\"og:title\" content=\"Windows applikation\" \/>\r\n<meta property=\"og:description\" content=\"F\u00e5 SureSMS som Windows app Vidste du, at du kan bruge SureSMS som en app direkte fra din computer &#8211; uden at installere noget? Med f\u00e5 klik kan du g\u00f8re din browser (f.eks. Google Chrome, Edge eller Brave) til din &#8220;app-launcher&#8221;, s\u00e5 SureSMS \u00e5bnes som et selvst\u00e6ndigt program med ikon p\u00e5 proceslinjen &#8211; pr\u00e6cis som ... Dowiedz si\u0119 wi\u0119cej\" \/>\r\n<meta property=\"og:url\" content=\"https:\/\/suresms.com\/pl\/dokumenty\/przewodniki\/aplikacja-windows\/\" \/>\r\n<meta property=\"article:publisher\" content=\"https:\/\/www.facebook.com\/p\/SureSMS-100044607956149\/\" \/>\r\n<meta property=\"article:modified_time\" content=\"2025-10-08T12:08:32+00:00\" \/>\r\n<meta name=\"twitter:card\" content=\"summary_large_image\" \/>\r\n<meta name=\"twitter:label1\" content=\"Szacowany czas czytania\" \/>\n\t<meta name=\"twitter:data1\" content=\"5 minut\" \/>\r\n<script type=\"application\/ld+json\" class=\"yoast-schema-graph\">{\"@context\":\"https:\\\/\\\/schema.org\",\"@graph\":[{\"@type\":\"WebPage\",\"@id\":\"https:\\\/\\\/suresms.com\\\/docs\\\/guides\\\/windows-app\\\/\",\"url\":\"https:\\\/\\\/suresms.com\\\/docs\\\/guides\\\/windows-app\\\/\",\"name\":\"Windows applikation -\",\"isPartOf\":{\"@id\":\"https:\\\/\\\/suresms.com\\\/en\\\/#website\"},\"datePublished\":\"2025-10-08T12:02:13+00:00\",\"dateModified\":\"2025-10-08T12:08:32+00:00\",\"breadcrumb\":{\"@id\":\"https:\\\/\\\/suresms.com\\\/docs\\\/guides\\\/windows-app\\\/#breadcrumb\"},\"inLanguage\":\"pl-PL\",\"potentialAction\":[{\"@type\":\"ReadAction\",\"target\":[\"https:\\\/\\\/suresms.com\\\/docs\\\/guides\\\/windows-app\\\/\"]}]},{\"@type\":\"BreadcrumbList\",\"@id\":\"https:\\\/\\\/suresms.com\\\/docs\\\/guides\\\/windows-app\\\/#breadcrumb\",\"itemListElement\":[{\"@type\":\"ListItem\",\"position\":1,\"name\":\"Home\",\"item\":\"https:\\\/\\\/suresms.com\\\/dk\\\/\"},{\"@type\":\"ListItem\",\"position\":2,\"name\":\"Dokumentation\",\"item\":\"https:\\\/\\\/suresms.com\\\/dk\\\/docs\\\/\"},{\"@type\":\"ListItem\",\"position\":3,\"name\":\"Vejledninger\",\"item\":\"https:\\\/\\\/suresms.com\\\/dk\\\/docs\\\/guides\\\/\"},{\"@type\":\"ListItem\",\"position\":4,\"name\":\"Windows applikation\"}]},{\"@type\":\"WebSite\",\"@id\":\"https:\\\/\\\/suresms.com\\\/en\\\/#website\",\"url\":\"https:\\\/\\\/suresms.com\\\/en\\\/\",\"name\":\"SureSMS\",\"description\":\"Professionel SMS Gateway\",\"publisher\":{\"@id\":\"https:\\\/\\\/suresms.com\\\/en\\\/#organization\"},\"potentialAction\":[{\"@type\":\"SearchAction\",\"target\":{\"@type\":\"EntryPoint\",\"urlTemplate\":\"https:\\\/\\\/suresms.com\\\/en\\\/?s={search_term_string}\"},\"query-input\":{\"@type\":\"PropertyValueSpecification\",\"valueRequired\":true,\"valueName\":\"search_term_string\"}}],\"inLanguage\":\"pl-PL\"},{\"@type\":\"Organization\",\"@id\":\"https:\\\/\\\/suresms.com\\\/en\\\/#organization\",\"name\":\"SureSMS\",\"url\":\"https:\\\/\\\/suresms.com\\\/en\\\/\",\"logo\":{\"@type\":\"ImageObject\",\"inLanguage\":\"pl-PL\",\"@id\":\"https:\\\/\\\/suresms.com\\\/en\\\/#\\\/schema\\\/logo\\\/image\\\/\",\"url\":\"https:\\\/\\\/suresms.com\\\/wp-content\\\/uploads\\\/2024\\\/11\\\/suresms-300x65-1.png\",\"contentUrl\":\"https:\\\/\\\/suresms.com\\\/wp-content\\\/uploads\\\/2024\\\/11\\\/suresms-300x65-1.png\",\"width\":300,\"height\":65,\"caption\":\"SureSMS\"},\"image\":{\"@id\":\"https:\\\/\\\/suresms.com\\\/en\\\/#\\\/schema\\\/logo\\\/image\\\/\"},\"sameAs\":[\"https:\\\/\\\/www.facebook.com\\\/p\\\/SureSMS-100044607956149\\\/\"]}]}<\/script>\r\n<!-- \/ Yoast SEO Premium plugin. -->","yoast_head_json":{"title":"Aplikacja dla systemu Windows","robots":{"index":"index","follow":"follow","max-snippet":"max-snippet:-1","max-image-preview":"max-image-preview:large","max-video-preview":"max-video-preview:-1"},"canonical":"https:\/\/suresms.com\/pl\/dokumenty\/przewodniki\/aplikacja-windows\/","og_locale":"pl_PL","og_type":"article","og_title":"Windows applikation","og_description":"F\u00e5 SureSMS som Windows app Vidste du, at du kan bruge SureSMS som en app direkte fra din computer &#8211; uden at installere noget? Med f\u00e5 klik kan du g\u00f8re din browser (f.eks. Google Chrome, Edge eller Brave) til din &#8220;app-launcher&#8221;, s\u00e5 SureSMS \u00e5bnes som et selvst\u00e6ndigt program med ikon p\u00e5 proceslinjen &#8211; pr\u00e6cis som ... Dowiedz si\u0119 wi\u0119cej","og_url":"https:\/\/suresms.com\/pl\/dokumenty\/przewodniki\/aplikacja-windows\/","article_publisher":"https:\/\/www.facebook.com\/p\/SureSMS-100044607956149\/","article_modified_time":"2025-10-08T12:08:32+00:00","twitter_card":"summary_large_image","twitter_misc":{"Szacowany czas czytania":"5 minut"},"schema":{"@context":"https:\/\/schema.org","@graph":[{"@type":"WebPage","@id":"https:\/\/suresms.com\/docs\/guides\/windows-app\/","url":"https:\/\/suresms.com\/docs\/guides\/windows-app\/","name":"Aplikacja dla systemu Windows","isPartOf":{"@id":"https:\/\/suresms.com\/en\/#website"},"datePublished":"2025-10-08T12:02:13+00:00","dateModified":"2025-10-08T12:08:32+00:00","breadcrumb":{"@id":"https:\/\/suresms.com\/docs\/guides\/windows-app\/#breadcrumb"},"inLanguage":"pl-PL","potentialAction":[{"@type":"ReadAction","target":["https:\/\/suresms.com\/docs\/guides\/windows-app\/"]}]},{"@type":"BreadcrumbList","@id":"https:\/\/suresms.com\/docs\/guides\/windows-app\/#breadcrumb","itemListElement":[{"@type":"ListItem","position":1,"name":"Home","item":"https:\/\/suresms.com\/dk\/"},{"@type":"ListItem","position":2,"name":"Dokumentation","item":"https:\/\/suresms.com\/dk\/docs\/"},{"@type":"ListItem","position":3,"name":"Vejledninger","item":"https:\/\/suresms.com\/dk\/docs\/guides\/"},{"@type":"ListItem","position":4,"name":"Windows applikation"}]},{"@type":"WebSite","@id":"https:\/\/suresms.com\/en\/#website","url":"https:\/\/suresms.com\/en\/","name":"SureSMS","description":"Profesjonalna bramka SMS","publisher":{"@id":"https:\/\/suresms.com\/en\/#organization"},"potentialAction":[{"@type":"SearchAction","target":{"@type":"EntryPoint","urlTemplate":"https:\/\/suresms.com\/en\/?s={search_term_string}"},"query-input":{"@type":"PropertyValueSpecification","valueRequired":true,"valueName":"search_term_string"}}],"inLanguage":"pl-PL"},{"@type":"Organization","@id":"https:\/\/suresms.com\/en\/#organization","name":"SureSMS","url":"https:\/\/suresms.com\/en\/","logo":{"@type":"ImageObject","inLanguage":"pl-PL","@id":"https:\/\/suresms.com\/en\/#\/schema\/logo\/image\/","url":"https:\/\/suresms.com\/wp-content\/uploads\/2024\/11\/suresms-300x65-1.png","contentUrl":"https:\/\/suresms.com\/wp-content\/uploads\/2024\/11\/suresms-300x65-1.png","width":300,"height":65,"caption":"SureSMS"},"image":{"@id":"https:\/\/suresms.com\/en\/#\/schema\/logo\/image\/"},"sameAs":["https:\/\/www.facebook.com\/p\/SureSMS-100044607956149\/"]}]}},"_links":{"self":[{"href":"https:\/\/suresms.com\/pl\/wp-json\/wp\/v2\/pages\/23483","targetHints":{"allow":["GET"]}}],"collection":[{"href":"https:\/\/suresms.com\/pl\/wp-json\/wp\/v2\/pages"}],"about":[{"href":"https:\/\/suresms.com\/pl\/wp-json\/wp\/v2\/types\/page"}],"author":[{"embeddable":true,"href":"https:\/\/suresms.com\/pl\/wp-json\/wp\/v2\/users\/1"}],"replies":[{"embeddable":true,"href":"https:\/\/suresms.com\/pl\/wp-json\/wp\/v2\/comments?post=23483"}],"version-history":[{"count":3,"href":"https:\/\/suresms.com\/pl\/wp-json\/wp\/v2\/pages\/23483\/revisions"}],"predecessor-version":[{"id":23488,"href":"https:\/\/suresms.com\/pl\/wp-json\/wp\/v2\/pages\/23483\/revisions\/23488"}],"up":[{"embeddable":true,"href":"https:\/\/suresms.com\/pl\/wp-json\/wp\/v2\/pages\/23423"}],"wp:attachment":[{"href":"https:\/\/suresms.com\/pl\/wp-json\/wp\/v2\/media?parent=23483"}],"wp:term":[{"taxonomy":"category","embeddable":true,"href":"https:\/\/suresms.com\/pl\/wp-json\/wp\/v2\/categories?post=23483"},{"taxonomy":"post_tag","embeddable":true,"href":"https:\/\/suresms.com\/pl\/wp-json\/wp\/v2\/tags?post=23483"}],"curies":[{"name":"wp","href":"https:\/\/api.w.org\/{rel}","templated":true}]}}