{"id":2043,"date":"2016-02-29T16:51:29","date_gmt":"2016-02-29T14:51:29","guid":{"rendered":"https:\/\/www.suresms.com\/dk\/?page_id=2043"},"modified":"2025-01-04T23:56:41","modified_gmt":"2025-01-04T23:56:41","slug":"polityka-plikow-cookie-i-prywatnosci-suresms","status":"publish","type":"page","link":"https:\/\/suresms.com\/pl\/politikker\/cookie-og-privatlivspolitik-suresms\/","title":{"rendered":"Polityka plik\u00f3w cookie i prywatno\u015bci dla SureSMS"},"content":{"rendered":"<h1>\n\t\tSureSMS ApS - Pliki cookie i polityka prywatno\u015bci\n\t<\/h1>\n\t\t\t\t<img loading=\"lazy\" decoding=\"async\" src=\"https:\/\/suresms.com\/wp-content\/uploads\/2016\/02\/cookies-pc-550x281-1.jpg\" alt=\"ciasteczka pc 550x281\" itemprop=\"image\" height=\"281\" width=\"550\" title=\"ciasteczka pc 550x281\" onerror=\"this.style.display='none'\"  \/>\n\t<h4>\u00a0<\/h4>\n<h4><strong>Informacje o plikach cookie<\/strong><\/h4>\n<p><strong>\"Plik cookie to ma\u0142y plik tekstowy, kt\u00f3ry jest przechowywany w przegl\u0105darce w celu rozpoznania komputera podczas kolejnych wizyt. W naszych plikach cookie nie s\u0105 przechowywane \u017cadne dane osobowe i NIE mog\u0105 one zawiera\u0107 wirus\u00f3w.\"<\/strong><\/p>\n<p>\u00a0<\/p>\n\t<h4>Nasza strona internetowa wykorzystuje pliki cookie do nast\u0119puj\u0105cych cel\u00f3w:<\/h4>\n<ul>\n<li>Funkcjonalno\u015b\u0107 techniczna umo\u017cliwiaj\u0105ca zapami\u0119tanie preferencji u\u017cytkownika.<\/li>\n<li>Pomiar ruchu, aby\u015bmy wiedzieli, ile os\u00f3b odwiedza nasz\u0105 witryn\u0119 i jak z niej korzystaj\u0105.<\/li>\n<li>Zapami\u0119tywanie akceptacji plik\u00f3w cookie przez u\u017cytkownika, aby\u015bmy nie pytali go o to za ka\u017cdym razem, gdy odwiedza nasze witryny.<\/li>\n<\/ul>\n\t\t<h4>Ta strona jest dostarczana przez:<\/h4><strong>SureSMS ApS<br \/>\n<\/strong>Industrialholmen 82<br \/>\n2650 Hvidovre, Dania<br \/>\nTelefon: 50 322 322<br \/>\nE-mail: <a href=\"mailto:info@suresms.com\">info@suresms.com<\/a>\n\t<h4><strong>Do czego wykorzystywane s\u0105 pliki cookie na naszej stronie internetowej<\/strong><\/h4>\n<p>Pliki cookie s\u0105 wykorzystywane do prowadzenia statystyk dotycz\u0105cych liczby u\u017cytkownik\u00f3w, wy\u015bwietlanych tre\u015bci oraz informacji o geografii i zainteresowaniach naszych u\u017cytkownik\u00f3w w celu odpowiedniego dostosowania tre\u015bci i reklam. U\u017cywamy r\u00f3wnie\u017c plik\u00f3w cookie do przechowywania akceptacji plik\u00f3w cookie podczas zmiany stron.<\/p>\n<p>Przegl\u0105d naszych plik\u00f3w cookie mo\u017cna znale\u017a\u0107 w poni\u017cszej tabeli:<\/p>\n<table border=\"1\">\n<tbody>\n<tr>\n<td><strong>Opis<\/strong><\/td>\n<td><strong>Zawiera<br \/> osobisty<br \/> informacja<\/strong><\/td>\n<td><strong>Tre\u015b\u0107<\/strong><\/td>\n<td><strong>Jak u\u017cywa\u0107<\/strong><\/td>\n<td><strong>Usuni\u0119to<br \/> po<\/strong><\/td>\n<\/tr>\n<tr>\n<td>Plik cookie sesji<\/td>\n<td>Nie, nie mo\u017cesz.<\/td>\n<td>Losowy klucz wygenerowany przez nasz serwer.<\/td>\n<td>Niezb\u0119dne do obs\u0142ugi klienta.<\/td>\n<td>Po zamkni\u0119ciu przegl\u0105darki<\/td>\n<\/tr>\n<tr>\n<td>Plik cookie \"Akceptuj pliki cookie<\/td>\n<td>Nie, nie mo\u017cesz.<\/td>\n<td>Przechowywane na komputerze u\u017cytkownika po zaakceptowaniu plik\u00f3w cookie.<\/td>\n<td>Niezb\u0119dne, aby u\u017cytkownik nie musia\u0142 akceptowa\u0107 plik\u00f3w cookie za ka\u017cdym razem, gdy odwiedza nasz\u0105 witryn\u0119.<\/td>\n<td>10 lat<\/td>\n<\/tr>\n<tr>\n<td>Google Analytics<\/td>\n<td>Nie, nie mo\u017cesz.<\/td>\n<td>Unikalny identyfikator generowany przez Google Analytics.<\/td>\n<td>Niezb\u0119dne dla Google Analytics do tworzenia statystyk dotycz\u0105cych korzystania z naszej strony internetowej.<\/td>\n<td>\u00a02 lata<\/td>\n<\/tr>\n<tr>\n<td>Ciasteczko Olark<\/td>\n<td>Nie, nie mo\u017cesz.<\/td>\n<td>Unikalny identyfikator wygenerowany przez Olark.<\/td>\n<td>Niezb\u0119dne do zapewnienia czatu online naszym u\u017cytkownikom.<\/td>\n<td>Po zamkni\u0119ciu przegl\u0105darki<\/td>\n<\/tr>\n<\/tbody>\n<\/table>\n<p>\u00a0<\/p>\n\t<p><strong>Jak usun\u0105\u0107 pliki cookie<\/strong><\/p>\n<p>Zobacz instrukcje tutaj:\u00a0<a href=\"http:\/\/minecookies.org\/cookiehandtering\">http:\/\/minecookies.org\/cookiehandtering<\/a><\/p>\n<p><strong>Jak unikn\u0105\u0107 plik\u00f3w cookie?<\/strong><\/p>\n<p>Je\u015bli nie chcesz otrzymywa\u0107 plik\u00f3w cookie, mo\u017cesz je zablokowa\u0107. Instrukcje znajduj\u0105 si\u0119 tutaj:<a href=\"http:\/\/minecookies.org\/cookiehandtering\">http:\/\/minecookies.org\/cookiehandtering<\/a>.<\/p>\n<p><strong>Wykorzystanie danych osobowych<\/strong><\/p>\n<p>Dane osobowe nigdy nie s\u0105 ujawniane stronom trzecim, chyba \u017ce u\u017cytkownik wyra\u017anie wyrazi na to zgod\u0119, a my nigdy nie gromadzimy danych osobowych, chyba \u017ce u\u017cytkownik przekaza\u0142 nam te informacje poprzez rejestracj\u0119, zakup lub udzia\u0142 w ankiecie itp.<\/p>\n<p>Dane osobowe s\u0105 wykorzystywane w celu realizacji zakupu lub us\u0142ugi, dla kt\u00f3rej dane zosta\u0142y zebrane. Informacje te s\u0105 r\u00f3wnie\u017c wykorzystywane, aby dowiedzie\u0107 si\u0119 wi\u0119cej o u\u017cytkowniku i innych u\u017cytkownikach witryny.<\/p>\n<p><strong>Kontakt w sprawie danych osobowych<\/strong><\/p>\n<p>Je\u015bli chcesz uzyska\u0107 dost\u0119p do informacji zarejestrowanych na Tw\u00f3j temat w SureSMS, skontaktuj si\u0119 z nami pod adresem\u00a0<a href=\"mailto:info@suresms.com\">info@suresms.com<\/a> Je\u015bli zarejestrowano nieprawid\u0142owe dane lub je\u015bli u\u017cytkownik ma inne zastrze\u017cenia, mo\u017ce skontaktowa\u0107 si\u0119 z tym samym miejscem. U\u017cytkownik ma mo\u017cliwo\u015b\u0107 uzyskania wgl\u0105du w to, jakie informacje na jego temat zosta\u0142y zarejestrowane i mo\u017ce sprzeciwi\u0107 si\u0119 rejestracji zgodnie z zasadami okre\u015blonymi w ustawie o danych osobowych.<\/p>\n<p><strong>Ochrona danych osobowych<\/strong><\/p>\n<p>Zgodnie z ustaw\u0105 o danych osobowych dane osobowe u\u017cytkownika musz\u0105 by\u0107 przechowywane w spos\u00f3b bezpieczny i poufny. Przechowujemy dane osobowe u\u017cytkownik\u00f3w na komputerach z ograniczonym dost\u0119pem znajduj\u0105cych si\u0119 w kontrolowanych obiektach, a nasze \u015brodki bezpiecze\u0144stwa s\u0105 stale monitorowane w celu ustalenia, czy informacje o u\u017cytkownikach s\u0105 przetwarzane w spos\u00f3b bezpieczny i z ci\u0105g\u0142ym uwzgl\u0119dnieniem praw u\u017cytkownika. Nie mo\u017cemy jednak zagwarantowa\u0107 stuprocentowego bezpiecze\u0144stwa przesy\u0142ania danych przez Internet. Oznacza to, \u017ce mo\u017ce istnie\u0107 ryzyko nieautoryzowanego dost\u0119pu do informacji, gdy dane s\u0105 przesy\u0142ane i przechowywane elektronicznie. W zwi\u0105zku z tym u\u017cytkownik podaje swoje dane osobowe na w\u0142asne ryzyko.<\/p>\n<p>Szybki rozw\u00f3j Internetu oznacza, \u017ce zmiany w przetwarzaniu przez nas danych osobowych mog\u0105 okaza\u0107 si\u0119 konieczne. W zwi\u0105zku z tym zastrzegamy sobie prawo do aktualizacji i zmiany niniejszych wytycznych dotycz\u0105cych przetwarzania danych osobowych. Je\u015bli to zrobimy, oczywi\u015bcie poprawimy dat\u0119 \"ostatniej aktualizacji\" na dole strony. W przypadku istotnych zmian powiadomimy u\u017cytkownika w formie widocznej informacji na naszej stronie internetowej.<\/p>\n<p>W zakresie, w jakim przetwarzane s\u0105 dane osobowe u\u017cytkownika, u\u017cytkownik ma prawo, zgodnie z ustaw\u0105 o danych osobowych, do uzyskania informacji, kt\u00f3re dane osobowe mo\u017cna mu przypisa\u0107. Je\u015bli oka\u017ce si\u0119, \u017ce przetwarzane informacje lub dane o u\u017cytkowniku s\u0105 nieprawid\u0142owe lub wprowadzaj\u0105ce w b\u0142\u0105d, u\u017cytkownik ma prawo za\u017c\u0105da\u0107 ich poprawienia, usuni\u0119cia lub zablokowania. U\u017cytkownik mo\u017ce w dowolnym momencie sprzeciwi\u0107 si\u0119 przetwarzaniu informacji na jego temat. U\u017cytkownik mo\u017ce r\u00f3wnie\u017c w dowolnym momencie wycofa\u0107 swoj\u0105 zgod\u0119. U\u017cytkownik ma prawo do z\u0142o\u017cenia skargi dotycz\u0105cej przetwarzania dotycz\u0105cych go informacji i danych. Skargi sk\u0142ada si\u0119 do Du\u0144skiej Agencji Ochrony Danych, por. sekcja 58(1) ustawy o danych osobowych.<\/p>\n<p><strong>Niniejsza polityka dotycz\u0105ca plik\u00f3w cookie i prywatno\u015bci jest oparta na szablonie z Minecookies.org i zosta\u0142a ostatnio zaktualizowana w dniu 1\/3 2016 r.<\/strong><\/p>","protected":false},"excerpt":{"rendered":"<p>SureSMS ApS - Cookie i Polityka Prywatno\u015bci Informacje o plikach cookie \"Cookie to ma\u0142y plik tekstowy, kt\u00f3ry jest przechowywany w przegl\u0105darce, aby rozpozna\u0107 komputer podczas ponownych odwiedzin. W naszych plikach cookie nie s\u0105 przechowywane \u017cadne dane osobowe i NIE mog\u0105 one zawiera\u0107 wirus\u00f3w.\"   Nasza strona internetowa wykorzystuje pliki cookie do nast\u0119puj\u0105cych cel\u00f3w: Funkcjonalno\u015b\u0107 techniczna, aby... <a title=\"Polityka plik\u00f3w cookie i prywatno\u015bci dla SureSMS\" class=\"read-more\" href=\"https:\/\/suresms.com\/pl\/politikker\/cookie-og-privatlivspolitik-suresms\/\" aria-label=\"Dowiedz si\u0119 wi\u0119cej o Polityce plik\u00f3w cookie i prywatno\u015bci SureSMS\">Dowiedz si\u0119 wi\u0119cej<\/a><\/p>","protected":false},"author":1,"featured_media":0,"parent":19124,"menu_order":1,"comment_status":"closed","ping_status":"closed","template":"","meta":{"_fl_builder_enabled":"1","_fl_builder_data":null,"_fl_builder_draft":null,"_fl_builder_data_settings":null,"_fl_builder_css":"","_fl_builder_css_version":"","_fl_builder_js":"","footnotes":""},"categories":[],"tags":[],"class_list":["post-2043","page","type-page","status-publish"],"yoast_head":"<!-- This site is optimized with the Yoast SEO Premium plugin v27.3 (Yoast SEO v27.3) - https:\/\/yoast.com\/product\/yoast-seo-premium-wordpress\/ -->\r\n<title>Cookie- og privatlivspolitik for SureSMS -<\/title>\r\n<meta name=\"description\" content=\"Cookie og privatlivspolitik for SureSMS, Hvordan vi bruger cookies p\u00e5 SureSMS website, Vi deler ikke cookies med 3. part.\" \/>\r\n<meta name=\"robots\" content=\"index, follow, max-snippet:-1, max-image-preview:large, max-video-preview:-1\" \/>\r\n<link rel=\"canonical\" href=\"https:\/\/suresms.com\/pl\/polityki\/polityka-plikow-cookie-i-prywatnosci-suresms\/\" \/>\r\n<meta property=\"og:locale\" content=\"pl_PL\" \/>\r\n<meta property=\"og:type\" content=\"article\" \/>\r\n<meta property=\"og:title\" content=\"Cookie- og privatlivspolitik for SureSMS\" \/>\r\n<meta property=\"og:description\" content=\"Cookie og privatlivspolitik for SureSMS, Hvordan vi bruger cookies p\u00e5 SureSMS website, Vi deler ikke cookies med 3. part.\" \/>\r\n<meta property=\"og:url\" content=\"https:\/\/suresms.com\/pl\/polityki\/polityka-plikow-cookie-i-prywatnosci-suresms\/\" \/>\r\n<meta property=\"article:publisher\" content=\"https:\/\/www.facebook.com\/p\/SureSMS-100044607956149\/\" \/>\r\n<meta property=\"article:modified_time\" content=\"2025-01-04T23:56:41+00:00\" \/>\r\n<meta property=\"og:image\" content=\"https:\/\/suresms.com\/wp-content\/uploads\/2016\/02\/cookies-pc-550x281-1.jpg\" \/>\r\n<meta name=\"twitter:card\" content=\"summary_large_image\" \/>\r\n<meta name=\"twitter:label1\" content=\"Szacowany czas czytania\" \/>\n\t<meta name=\"twitter:data1\" content=\"4 minuty\" \/>\r\n<script type=\"application\/ld+json\" class=\"yoast-schema-graph\">{\"@context\":\"https:\\\/\\\/schema.org\",\"@graph\":[{\"@type\":\"WebPage\",\"@id\":\"https:\\\/\\\/suresms.com\\\/politikker\\\/cookie-og-privatlivspolitik-suresms\\\/\",\"url\":\"https:\\\/\\\/suresms.com\\\/politikker\\\/cookie-og-privatlivspolitik-suresms\\\/\",\"name\":\"Cookie- og privatlivspolitik for SureSMS -\",\"isPartOf\":{\"@id\":\"https:\\\/\\\/suresms.com\\\/en\\\/#website\"},\"primaryImageOfPage\":{\"@id\":\"https:\\\/\\\/suresms.com\\\/politikker\\\/cookie-og-privatlivspolitik-suresms\\\/#primaryimage\"},\"image\":{\"@id\":\"https:\\\/\\\/suresms.com\\\/politikker\\\/cookie-og-privatlivspolitik-suresms\\\/#primaryimage\"},\"thumbnailUrl\":\"https:\\\/\\\/suresms.com\\\/wp-content\\\/uploads\\\/2016\\\/02\\\/cookies-pc-550x281-1.jpg\",\"datePublished\":\"2016-02-29T14:51:29+00:00\",\"dateModified\":\"2025-01-04T23:56:41+00:00\",\"description\":\"Cookie og privatlivspolitik for SureSMS, Hvordan vi bruger cookies p\u00e5 SureSMS website, Vi deler ikke cookies med 3. part.\",\"breadcrumb\":{\"@id\":\"https:\\\/\\\/suresms.com\\\/politikker\\\/cookie-og-privatlivspolitik-suresms\\\/#breadcrumb\"},\"inLanguage\":\"pl-PL\",\"potentialAction\":[{\"@type\":\"ReadAction\",\"target\":[\"https:\\\/\\\/suresms.com\\\/politikker\\\/cookie-og-privatlivspolitik-suresms\\\/\"]}]},{\"@type\":\"ImageObject\",\"inLanguage\":\"pl-PL\",\"@id\":\"https:\\\/\\\/suresms.com\\\/politikker\\\/cookie-og-privatlivspolitik-suresms\\\/#primaryimage\",\"url\":\"https:\\\/\\\/suresms.com\\\/wp-content\\\/uploads\\\/2016\\\/02\\\/cookies-pc-550x281-1.jpg\",\"contentUrl\":\"https:\\\/\\\/suresms.com\\\/wp-content\\\/uploads\\\/2016\\\/02\\\/cookies-pc-550x281-1.jpg\"},{\"@type\":\"BreadcrumbList\",\"@id\":\"https:\\\/\\\/suresms.com\\\/politikker\\\/cookie-og-privatlivspolitik-suresms\\\/#breadcrumb\",\"itemListElement\":[{\"@type\":\"ListItem\",\"position\":1,\"name\":\"Home\",\"item\":\"https:\\\/\\\/suresms.com\\\/dk\\\/\"},{\"@type\":\"ListItem\",\"position\":2,\"name\":\"Politikker\",\"item\":\"https:\\\/\\\/suresms.com\\\/politikker\\\/\"},{\"@type\":\"ListItem\",\"position\":3,\"name\":\"Cookie- og privatlivspolitik for SureSMS\"}]},{\"@type\":\"WebSite\",\"@id\":\"https:\\\/\\\/suresms.com\\\/en\\\/#website\",\"url\":\"https:\\\/\\\/suresms.com\\\/en\\\/\",\"name\":\"SureSMS\",\"description\":\"Professionel SMS Gateway\",\"publisher\":{\"@id\":\"https:\\\/\\\/suresms.com\\\/en\\\/#organization\"},\"potentialAction\":[{\"@type\":\"SearchAction\",\"target\":{\"@type\":\"EntryPoint\",\"urlTemplate\":\"https:\\\/\\\/suresms.com\\\/en\\\/?s={search_term_string}\"},\"query-input\":{\"@type\":\"PropertyValueSpecification\",\"valueRequired\":true,\"valueName\":\"search_term_string\"}}],\"inLanguage\":\"pl-PL\"},{\"@type\":\"Organization\",\"@id\":\"https:\\\/\\\/suresms.com\\\/en\\\/#organization\",\"name\":\"SureSMS\",\"url\":\"https:\\\/\\\/suresms.com\\\/en\\\/\",\"logo\":{\"@type\":\"ImageObject\",\"inLanguage\":\"pl-PL\",\"@id\":\"https:\\\/\\\/suresms.com\\\/en\\\/#\\\/schema\\\/logo\\\/image\\\/\",\"url\":\"https:\\\/\\\/suresms.com\\\/wp-content\\\/uploads\\\/2024\\\/11\\\/suresms-300x65-1.png\",\"contentUrl\":\"https:\\\/\\\/suresms.com\\\/wp-content\\\/uploads\\\/2024\\\/11\\\/suresms-300x65-1.png\",\"width\":300,\"height\":65,\"caption\":\"SureSMS\"},\"image\":{\"@id\":\"https:\\\/\\\/suresms.com\\\/en\\\/#\\\/schema\\\/logo\\\/image\\\/\"},\"sameAs\":[\"https:\\\/\\\/www.facebook.com\\\/p\\\/SureSMS-100044607956149\\\/\"]}]}<\/script>\r\n<!-- \/ Yoast SEO Premium plugin. -->","yoast_head_json":{"title":"Pliki cookie i polityka prywatno\u015bci SureSMS - SureSMS","description":"Polityka plik\u00f3w cookie i prywatno\u015bci dla SureSMS, Jak u\u017cywamy plik\u00f3w cookie na stronie SureSMS, Nie udost\u0119pniamy plik\u00f3w cookie stronom trzecim.","robots":{"index":"index","follow":"follow","max-snippet":"max-snippet:-1","max-image-preview":"max-image-preview:large","max-video-preview":"max-video-preview:-1"},"canonical":"https:\/\/suresms.com\/pl\/polityki\/polityka-plikow-cookie-i-prywatnosci-suresms\/","og_locale":"pl_PL","og_type":"article","og_title":"Cookie- og privatlivspolitik for SureSMS","og_description":"Cookie og privatlivspolitik for SureSMS, Hvordan vi bruger cookies p\u00e5 SureSMS website, Vi deler ikke cookies med 3. part.","og_url":"https:\/\/suresms.com\/pl\/polityki\/polityka-plikow-cookie-i-prywatnosci-suresms\/","article_publisher":"https:\/\/www.facebook.com\/p\/SureSMS-100044607956149\/","article_modified_time":"2025-01-04T23:56:41+00:00","og_image":[{"url":"https:\/\/suresms.com\/wp-content\/uploads\/2016\/02\/cookies-pc-550x281-1.jpg","type":"","width":"","height":""}],"twitter_card":"summary_large_image","twitter_misc":{"Szacowany czas czytania":"4 minuty"},"schema":{"@context":"https:\/\/schema.org","@graph":[{"@type":"WebPage","@id":"https:\/\/suresms.com\/politikker\/cookie-og-privatlivspolitik-suresms\/","url":"https:\/\/suresms.com\/politikker\/cookie-og-privatlivspolitik-suresms\/","name":"Pliki cookie i polityka prywatno\u015bci SureSMS - SureSMS","isPartOf":{"@id":"https:\/\/suresms.com\/en\/#website"},"primaryImageOfPage":{"@id":"https:\/\/suresms.com\/politikker\/cookie-og-privatlivspolitik-suresms\/#primaryimage"},"image":{"@id":"https:\/\/suresms.com\/politikker\/cookie-og-privatlivspolitik-suresms\/#primaryimage"},"thumbnailUrl":"https:\/\/suresms.com\/wp-content\/uploads\/2016\/02\/cookies-pc-550x281-1.jpg","datePublished":"2016-02-29T14:51:29+00:00","dateModified":"2025-01-04T23:56:41+00:00","description":"Polityka plik\u00f3w cookie i prywatno\u015bci dla SureSMS, Jak u\u017cywamy plik\u00f3w cookie na stronie SureSMS, Nie udost\u0119pniamy plik\u00f3w cookie stronom trzecim.","breadcrumb":{"@id":"https:\/\/suresms.com\/politikker\/cookie-og-privatlivspolitik-suresms\/#breadcrumb"},"inLanguage":"pl-PL","potentialAction":[{"@type":"ReadAction","target":["https:\/\/suresms.com\/politikker\/cookie-og-privatlivspolitik-suresms\/"]}]},{"@type":"ImageObject","inLanguage":"pl-PL","@id":"https:\/\/suresms.com\/politikker\/cookie-og-privatlivspolitik-suresms\/#primaryimage","url":"https:\/\/suresms.com\/wp-content\/uploads\/2016\/02\/cookies-pc-550x281-1.jpg","contentUrl":"https:\/\/suresms.com\/wp-content\/uploads\/2016\/02\/cookies-pc-550x281-1.jpg"},{"@type":"BreadcrumbList","@id":"https:\/\/suresms.com\/politikker\/cookie-og-privatlivspolitik-suresms\/#breadcrumb","itemListElement":[{"@type":"ListItem","position":1,"name":"Home","item":"https:\/\/suresms.com\/dk\/"},{"@type":"ListItem","position":2,"name":"Politikker","item":"https:\/\/suresms.com\/politikker\/"},{"@type":"ListItem","position":3,"name":"Cookie- og privatlivspolitik for SureSMS"}]},{"@type":"WebSite","@id":"https:\/\/suresms.com\/en\/#website","url":"https:\/\/suresms.com\/en\/","name":"SureSMS","description":"Profesjonalna bramka SMS","publisher":{"@id":"https:\/\/suresms.com\/en\/#organization"},"potentialAction":[{"@type":"SearchAction","target":{"@type":"EntryPoint","urlTemplate":"https:\/\/suresms.com\/en\/?s={search_term_string}"},"query-input":{"@type":"PropertyValueSpecification","valueRequired":true,"valueName":"search_term_string"}}],"inLanguage":"pl-PL"},{"@type":"Organization","@id":"https:\/\/suresms.com\/en\/#organization","name":"SureSMS","url":"https:\/\/suresms.com\/en\/","logo":{"@type":"ImageObject","inLanguage":"pl-PL","@id":"https:\/\/suresms.com\/en\/#\/schema\/logo\/image\/","url":"https:\/\/suresms.com\/wp-content\/uploads\/2024\/11\/suresms-300x65-1.png","contentUrl":"https:\/\/suresms.com\/wp-content\/uploads\/2024\/11\/suresms-300x65-1.png","width":300,"height":65,"caption":"SureSMS"},"image":{"@id":"https:\/\/suresms.com\/en\/#\/schema\/logo\/image\/"},"sameAs":["https:\/\/www.facebook.com\/p\/SureSMS-100044607956149\/"]}]}},"_links":{"self":[{"href":"https:\/\/suresms.com\/pl\/wp-json\/wp\/v2\/pages\/2043","targetHints":{"allow":["GET"]}}],"collection":[{"href":"https:\/\/suresms.com\/pl\/wp-json\/wp\/v2\/pages"}],"about":[{"href":"https:\/\/suresms.com\/pl\/wp-json\/wp\/v2\/types\/page"}],"author":[{"embeddable":true,"href":"https:\/\/suresms.com\/pl\/wp-json\/wp\/v2\/users\/1"}],"replies":[{"embeddable":true,"href":"https:\/\/suresms.com\/pl\/wp-json\/wp\/v2\/comments?post=2043"}],"version-history":[{"count":7,"href":"https:\/\/suresms.com\/pl\/wp-json\/wp\/v2\/pages\/2043\/revisions"}],"predecessor-version":[{"id":20990,"href":"https:\/\/suresms.com\/pl\/wp-json\/wp\/v2\/pages\/2043\/revisions\/20990"}],"up":[{"embeddable":true,"href":"https:\/\/suresms.com\/pl\/wp-json\/wp\/v2\/pages\/19124"}],"wp:attachment":[{"href":"https:\/\/suresms.com\/pl\/wp-json\/wp\/v2\/media?parent=2043"}],"wp:term":[{"taxonomy":"category","embeddable":true,"href":"https:\/\/suresms.com\/pl\/wp-json\/wp\/v2\/categories?post=2043"},{"taxonomy":"post_tag","embeddable":true,"href":"https:\/\/suresms.com\/pl\/wp-json\/wp\/v2\/tags?post=2043"}],"curies":[{"name":"wp","href":"https:\/\/api.w.org\/{rel}","templated":true}]}}