{"id":19303,"date":"2024-11-28T16:00:39","date_gmt":"2024-11-28T16:00:39","guid":{"rendered":"https:\/\/suresms.com\/?page_id=19303"},"modified":"2024-11-28T16:00:39","modified_gmt":"2024-11-28T16:00:39","slug":"umowa-o-przetwarzanie-danych","status":"publish","type":"page","link":"https:\/\/suresms.com\/pl\/ressourcer\/gdpr\/databehandleraftale\/","title":{"rendered":"Umowa o przetwarzanie danych"},"content":{"rendered":"<!-- Flexy Breadcrumb -->\r\n\t\t\t<div class=\"fbc fbc-page\">\r\n\r\n\t\t\t\t<!-- Breadcrumb wrapper -->\r\n\t\t\t\t<div class=\"fbc-wrap\">\r\n\r\n\t\t\t\t\t<!-- Ordered list-->\r\n\t\t\t\t\t<ol class=\"fbc-items\" itemscope itemtype=\"https:\/\/schema.org\/BreadcrumbList\">\r\n\t\t\t\t\t\t            <li itemprop=\"itemListElement\" itemscope itemtype=\"https:\/\/schema.org\/ListItem\">\r\n                <span itemprop=\"name\">\r\n                    <!-- Home Link -->\r\n                    <a itemprop=\"item\" href=\"https:\/\/suresms.com\/pl\/\">\r\n                    \r\n                                                    <i class=\"fa fa-home\" aria-hidden=\"true\"><\/i>Strona g\u0142\u00f3wna                    <\/a>\r\n                <\/span>\r\n                <meta itemprop=\"position\" content=\"1\" \/><!-- Meta Position-->\r\n             <\/li><li><span class=\"fbc-separator\">\/<\/span><\/li><li class=\"active\" itemprop=\"itemListElement\" itemscope itemtype=\"https:\/\/schema.org\/ListItem\"><span itemprop=\"name\" title=\"Umowa o przetwarzanie danych\">Umowa o przetwarzanie danych<\/span><meta itemprop=\"position\" content=\"2\" \/><\/li>\t\t\t\t\t<\/ol>\r\n\t\t\t\t\t<div class=\"clearfix\"><\/div>\r\n\t\t\t\t<\/div>\r\n\t\t\t<\/div>\r\n\t\t\t\n\t<h1>Umowa o przetwarzanie danych dla SureSMS<\/h1>\n<p>Oferujemy nasz\u0105 umow\u0119 o przetwarzaniu danych, kt\u00f3ra zosta\u0142a opracowana zgodnie z og\u00f3lnym rozporz\u0105dzeniem o ochronie danych (RODO). Umowa ta zapewnia prawid\u0142owe i bezpieczne przetwarzanie danych osobowych, kt\u00f3re SureSMS przetwarza w imieniu naszych klient\u00f3w. Wa\u017cne jest, aby\u015b jako klient wype\u0142ni\u0142 w\u0142asne informacje, aby umowa by\u0142a wa\u017cna.<\/p>\n\t<h2>Co nale\u017cy uzupe\u0142ni\u0107?<\/h2>\n<p>Umowa o przetwarzanie danych zawiera pola, kt\u00f3re musz\u0105 zosta\u0107 wype\u0142nione przez u\u017cytkownika jako klienta w celu prawid\u0142owego dostosowania jej do potrzeb jego firmy:<\/p>\n<ul>\n<li><strong>Nazwa i adres klienta<\/strong>Wpisz nazw\u0119 firmy, adres i numer rejestracyjny firmy.<\/li>\n<li><strong>Dane kontaktowe<\/strong>Wprowad\u017a odpowiednie dane kontaktowe, takie jak imi\u0119 i nazwisko, adres e-mail i numer telefonu.<\/li>\n<li><strong>Cel przetwarzania danych<\/strong>Dostosuj cel wiadomo\u015bci SMS wysy\u0142anych przez Twoj\u0105 firm\u0119. Mo\u017ce to by\u0107 na przyk\u0142ad \"informowanie o rezerwacjach, dostawach lub ofertach\".<\/li>\n<li><strong>Kategorie danych<\/strong>Nale\u017cy okre\u015bli\u0107 rodzaje przetwarzanych danych osobowych, takich jak imi\u0119 i nazwisko, adres lub numer telefonu, a tak\u017ce kategorie os\u00f3b, kt\u00f3rych dane dotycz\u0105 (np. klienci, pracownicy).<\/li>\n<\/ul>\n<p>Wszystkie pola, w kt\u00f3rych nale\u017cy poda\u0107 okre\u015blone informacje, s\u0105 oznaczone, dzi\u0119ki czemu mo\u017cna je \u0142atwo zidentyfikowa\u0107 i wype\u0142ni\u0107.<\/p>\n\t<h2>Pobierz umow\u0119 o przetwarzaniu danych<\/h2>\n<p>Mo\u017cesz pobra\u0107 nasz\u0105 standardow\u0105 umow\u0119 o przetwarzanie danych i wype\u0142ni\u0107 j\u0105 swoimi danymi. Kliknij poni\u017cszy przycisk, aby pobra\u0107 go w formacie Word.<\/p>\n<p><a href=\"https:\/\/suresms.com\/wp-content\/uploads\/2024\/11\/Databehandleraftale-for-SureSMS.docx\">Pobierz umow\u0119 o przetwarzaniu danych dla SureSMS<\/a><\/p>\n\t<h2>Potrzebujesz niestandardowego rozwi\u0105zania?<\/h2>\n<p>Je\u015bli nasza standardowa umowa nie odpowiada Twoim potrzebom, jeste\u015bmy gotowi pom\u00f3c Ci w zawarciu spersonalizowanej umowy o przetwarzanie danych. Dostosowana umowa gwarantuje, \u017ce wszystkie specyficzne warunki i wymagania s\u0105 uwzgl\u0119dnione, aby zapewni\u0107 najlepsze bezpiecze\u0144stwo i zgodno\u015b\u0107 z obowi\u0105zuj\u0105cymi przepisami.<\/p>\n<p>Oferujemy to dostosowanie w oparciu o stawk\u0119 godzinow\u0105 w cenie 1 295 DKK za godzin\u0119.<\/p>\n<p><a href=\"mailto:support@suresms.com\"><strong>Skontaktuj si\u0119 z nami<\/strong><\/a> aby dowiedzie\u0107 si\u0119 wi\u0119cej i uzyska\u0107 rozwi\u0105zanie idealne dla Twojej firmy.<\/p>","protected":false},"excerpt":{"rendered":"<p>Umowa o przetwarzaniu danych SureSMS Oferujemy nasz\u0105 umow\u0119 o przetwarzaniu danych opracowan\u0105 zgodnie z og\u00f3lnym rozporz\u0105dzeniem o ochronie danych (RODO). Umowa ta zapewnia prawid\u0142owe i bezpieczne przetwarzanie danych osobowych, kt\u00f3re SureSMS przetwarza w imieniu naszych klient\u00f3w. Wa\u017cne jest, aby\u015b jako klient wype\u0142ni\u0142 w\u0142asne informacje, aby umowa by\u0142a wa\u017cna. Co nale\u017cy wype\u0142ni\u0107? Umowa o przetwarzaniu danych zawiera pola, kt\u00f3re... <a title=\"Umowa o przetwarzanie danych\" class=\"read-more\" href=\"https:\/\/suresms.com\/pl\/ressourcer\/gdpr\/databehandleraftale\/\" aria-label=\"Dowiedz si\u0119 wi\u0119cej o umowie przetwarzania danych\">Dowiedz si\u0119 wi\u0119cej<\/a><\/p>","protected":false},"author":1,"featured_media":0,"parent":5221,"menu_order":0,"comment_status":"closed","ping_status":"closed","template":"","meta":{"_fl_builder_enabled":"1","_fl_builder_data":null,"_fl_builder_draft":null,"_fl_builder_data_settings":null,"_fl_builder_css":"","_fl_builder_css_version":"","_fl_builder_js":"","footnotes":""},"categories":[],"tags":[],"class_list":["post-19303","page","type-page","status-publish"],"yoast_head":"<!-- This site is optimized with the Yoast SEO Premium plugin v27.3 (Yoast SEO v27.3) - https:\/\/yoast.com\/product\/yoast-seo-premium-wordpress\/ -->\r\n<title>Databehandleraftale -<\/title>\r\n<meta name=\"robots\" content=\"index, follow, max-snippet:-1, max-image-preview:large, max-video-preview:-1\" \/>\r\n<link rel=\"canonical\" href=\"https:\/\/suresms.com\/pl\/zasoby\/gdpr\/umowa-o-przetwarzanie-danych\/\" \/>\r\n<meta property=\"og:locale\" content=\"pl_PL\" \/>\r\n<meta property=\"og:type\" content=\"article\" \/>\r\n<meta property=\"og:title\" content=\"Databehandleraftale\" \/>\r\n<meta property=\"og:description\" content=\"Databehandleraftale for SureSMS Vi tilbyder vores databehandleraftale, som er udviklet i overensstemmelse med databeskyttelsesforordningen (GDPR). Denne aftale sikrer en korrekt og sikker h\u00e5ndtering af personoplysninger, som SureSMS behandler p\u00e5 vegne af vores kunder. Det er vigtigt, at du som kunde udfylder dine egne oplysninger for at g\u00f8re aftalen gyldig. Hvad skal udfyldes? Databehandleraftalen indeholder felter, ... Dowiedz si\u0119 wi\u0119cej\" \/>\r\n<meta property=\"og:url\" content=\"https:\/\/suresms.com\/pl\/zasoby\/gdpr\/umowa-o-przetwarzanie-danych\/\" \/>\r\n<meta property=\"article:publisher\" content=\"https:\/\/www.facebook.com\/p\/SureSMS-100044607956149\/\" \/>\r\n<meta name=\"twitter:card\" content=\"summary_large_image\" \/>\r\n<meta name=\"twitter:label1\" content=\"Szacowany czas czytania\" \/>\n\t<meta name=\"twitter:data1\" content=\"2 minuty\" \/>\r\n<script type=\"application\/ld+json\" class=\"yoast-schema-graph\">{\"@context\":\"https:\\\/\\\/schema.org\",\"@graph\":[{\"@type\":\"WebPage\",\"@id\":\"https:\\\/\\\/suresms.com\\\/dk\\\/ressourcer\\\/gdpr\\\/databehandleraftale\\\/\",\"url\":\"https:\\\/\\\/suresms.com\\\/dk\\\/ressourcer\\\/gdpr\\\/databehandleraftale\\\/\",\"name\":\"Databehandleraftale -\",\"isPartOf\":{\"@id\":\"https:\\\/\\\/suresms.com\\\/en\\\/#website\"},\"datePublished\":\"2024-11-28T16:00:39+00:00\",\"breadcrumb\":{\"@id\":\"https:\\\/\\\/suresms.com\\\/dk\\\/ressourcer\\\/gdpr\\\/databehandleraftale\\\/#breadcrumb\"},\"inLanguage\":\"pl-PL\",\"potentialAction\":[{\"@type\":\"ReadAction\",\"target\":[\"https:\\\/\\\/suresms.com\\\/dk\\\/ressourcer\\\/gdpr\\\/databehandleraftale\\\/\"]}]},{\"@type\":\"BreadcrumbList\",\"@id\":\"https:\\\/\\\/suresms.com\\\/dk\\\/ressourcer\\\/gdpr\\\/databehandleraftale\\\/#breadcrumb\",\"itemListElement\":[{\"@type\":\"ListItem\",\"position\":1,\"name\":\"Home\",\"item\":\"https:\\\/\\\/suresms.com\\\/dk\\\/\"},{\"@type\":\"ListItem\",\"position\":2,\"name\":\"Ressourcer\",\"item\":\"https:\\\/\\\/suresms.com\\\/ressourcer\\\/\"},{\"@type\":\"ListItem\",\"position\":3,\"name\":\"GDPR\",\"item\":\"https:\\\/\\\/suresms.com\\\/dk\\\/ressourcer\\\/gdpr\\\/\"},{\"@type\":\"ListItem\",\"position\":4,\"name\":\"Databehandleraftale\"}]},{\"@type\":\"WebSite\",\"@id\":\"https:\\\/\\\/suresms.com\\\/en\\\/#website\",\"url\":\"https:\\\/\\\/suresms.com\\\/en\\\/\",\"name\":\"SureSMS\",\"description\":\"Professionel SMS Gateway\",\"publisher\":{\"@id\":\"https:\\\/\\\/suresms.com\\\/en\\\/#organization\"},\"potentialAction\":[{\"@type\":\"SearchAction\",\"target\":{\"@type\":\"EntryPoint\",\"urlTemplate\":\"https:\\\/\\\/suresms.com\\\/en\\\/?s={search_term_string}\"},\"query-input\":{\"@type\":\"PropertyValueSpecification\",\"valueRequired\":true,\"valueName\":\"search_term_string\"}}],\"inLanguage\":\"pl-PL\"},{\"@type\":\"Organization\",\"@id\":\"https:\\\/\\\/suresms.com\\\/en\\\/#organization\",\"name\":\"SureSMS\",\"url\":\"https:\\\/\\\/suresms.com\\\/en\\\/\",\"logo\":{\"@type\":\"ImageObject\",\"inLanguage\":\"pl-PL\",\"@id\":\"https:\\\/\\\/suresms.com\\\/en\\\/#\\\/schema\\\/logo\\\/image\\\/\",\"url\":\"https:\\\/\\\/suresms.com\\\/wp-content\\\/uploads\\\/2024\\\/11\\\/suresms-300x65-1.png\",\"contentUrl\":\"https:\\\/\\\/suresms.com\\\/wp-content\\\/uploads\\\/2024\\\/11\\\/suresms-300x65-1.png\",\"width\":300,\"height\":65,\"caption\":\"SureSMS\"},\"image\":{\"@id\":\"https:\\\/\\\/suresms.com\\\/en\\\/#\\\/schema\\\/logo\\\/image\\\/\"},\"sameAs\":[\"https:\\\/\\\/www.facebook.com\\\/p\\\/SureSMS-100044607956149\\\/\"]}]}<\/script>\r\n<!-- \/ Yoast SEO Premium plugin. -->","yoast_head_json":{"title":"Umowa o przetwarzanie danych","robots":{"index":"index","follow":"follow","max-snippet":"max-snippet:-1","max-image-preview":"max-image-preview:large","max-video-preview":"max-video-preview:-1"},"canonical":"https:\/\/suresms.com\/pl\/zasoby\/gdpr\/umowa-o-przetwarzanie-danych\/","og_locale":"pl_PL","og_type":"article","og_title":"Databehandleraftale","og_description":"Databehandleraftale for SureSMS Vi tilbyder vores databehandleraftale, som er udviklet i overensstemmelse med databeskyttelsesforordningen (GDPR). Denne aftale sikrer en korrekt og sikker h\u00e5ndtering af personoplysninger, som SureSMS behandler p\u00e5 vegne af vores kunder. Det er vigtigt, at du som kunde udfylder dine egne oplysninger for at g\u00f8re aftalen gyldig. Hvad skal udfyldes? Databehandleraftalen indeholder felter, ... Dowiedz si\u0119 wi\u0119cej","og_url":"https:\/\/suresms.com\/pl\/zasoby\/gdpr\/umowa-o-przetwarzanie-danych\/","article_publisher":"https:\/\/www.facebook.com\/p\/SureSMS-100044607956149\/","twitter_card":"summary_large_image","twitter_misc":{"Szacowany czas czytania":"2 minuty"},"schema":{"@context":"https:\/\/schema.org","@graph":[{"@type":"WebPage","@id":"https:\/\/suresms.com\/dk\/ressourcer\/gdpr\/databehandleraftale\/","url":"https:\/\/suresms.com\/dk\/ressourcer\/gdpr\/databehandleraftale\/","name":"Umowa o przetwarzanie danych","isPartOf":{"@id":"https:\/\/suresms.com\/en\/#website"},"datePublished":"2024-11-28T16:00:39+00:00","breadcrumb":{"@id":"https:\/\/suresms.com\/dk\/ressourcer\/gdpr\/databehandleraftale\/#breadcrumb"},"inLanguage":"pl-PL","potentialAction":[{"@type":"ReadAction","target":["https:\/\/suresms.com\/dk\/ressourcer\/gdpr\/databehandleraftale\/"]}]},{"@type":"BreadcrumbList","@id":"https:\/\/suresms.com\/dk\/ressourcer\/gdpr\/databehandleraftale\/#breadcrumb","itemListElement":[{"@type":"ListItem","position":1,"name":"Home","item":"https:\/\/suresms.com\/dk\/"},{"@type":"ListItem","position":2,"name":"Ressourcer","item":"https:\/\/suresms.com\/ressourcer\/"},{"@type":"ListItem","position":3,"name":"GDPR","item":"https:\/\/suresms.com\/dk\/ressourcer\/gdpr\/"},{"@type":"ListItem","position":4,"name":"Databehandleraftale"}]},{"@type":"WebSite","@id":"https:\/\/suresms.com\/en\/#website","url":"https:\/\/suresms.com\/en\/","name":"SureSMS","description":"Profesjonalna bramka SMS","publisher":{"@id":"https:\/\/suresms.com\/en\/#organization"},"potentialAction":[{"@type":"SearchAction","target":{"@type":"EntryPoint","urlTemplate":"https:\/\/suresms.com\/en\/?s={search_term_string}"},"query-input":{"@type":"PropertyValueSpecification","valueRequired":true,"valueName":"search_term_string"}}],"inLanguage":"pl-PL"},{"@type":"Organization","@id":"https:\/\/suresms.com\/en\/#organization","name":"SureSMS","url":"https:\/\/suresms.com\/en\/","logo":{"@type":"ImageObject","inLanguage":"pl-PL","@id":"https:\/\/suresms.com\/en\/#\/schema\/logo\/image\/","url":"https:\/\/suresms.com\/wp-content\/uploads\/2024\/11\/suresms-300x65-1.png","contentUrl":"https:\/\/suresms.com\/wp-content\/uploads\/2024\/11\/suresms-300x65-1.png","width":300,"height":65,"caption":"SureSMS"},"image":{"@id":"https:\/\/suresms.com\/en\/#\/schema\/logo\/image\/"},"sameAs":["https:\/\/www.facebook.com\/p\/SureSMS-100044607956149\/"]}]}},"_links":{"self":[{"href":"https:\/\/suresms.com\/pl\/wp-json\/wp\/v2\/pages\/19303","targetHints":{"allow":["GET"]}}],"collection":[{"href":"https:\/\/suresms.com\/pl\/wp-json\/wp\/v2\/pages"}],"about":[{"href":"https:\/\/suresms.com\/pl\/wp-json\/wp\/v2\/types\/page"}],"author":[{"embeddable":true,"href":"https:\/\/suresms.com\/pl\/wp-json\/wp\/v2\/users\/1"}],"replies":[{"embeddable":true,"href":"https:\/\/suresms.com\/pl\/wp-json\/wp\/v2\/comments?post=19303"}],"version-history":[{"count":2,"href":"https:\/\/suresms.com\/pl\/wp-json\/wp\/v2\/pages\/19303\/revisions"}],"predecessor-version":[{"id":19307,"href":"https:\/\/suresms.com\/pl\/wp-json\/wp\/v2\/pages\/19303\/revisions\/19307"}],"up":[{"embeddable":true,"href":"https:\/\/suresms.com\/pl\/wp-json\/wp\/v2\/pages\/5221"}],"wp:attachment":[{"href":"https:\/\/suresms.com\/pl\/wp-json\/wp\/v2\/media?parent=19303"}],"wp:term":[{"taxonomy":"category","embeddable":true,"href":"https:\/\/suresms.com\/pl\/wp-json\/wp\/v2\/categories?post=19303"},{"taxonomy":"post_tag","embeddable":true,"href":"https:\/\/suresms.com\/pl\/wp-json\/wp\/v2\/tags?post=19303"}],"curies":[{"name":"wp","href":"https:\/\/api.w.org\/{rel}","templated":true}]}}