{"id":19129,"date":"2024-11-24T17:01:27","date_gmt":"2024-11-24T17:01:27","guid":{"rendered":"https:\/\/suresms.com\/?page_id=19129"},"modified":"2025-07-17T07:31:16","modified_gmt":"2025-07-17T07:31:16","slug":"antyspam","status":"publish","type":"page","link":"https:\/\/suresms.com\/pl\/politikker\/anti-spam\/","title":{"rendered":"Polityka antyspamowa"},"content":{"rendered":"<h1><strong>Polityka antyspamowa SureSMS<\/strong><\/h1>\n<p>W SureSMS mamy <strong>polityka zerowej tolerancji<\/strong> przeciwko spamowi. Spam jest definiowany jako niechciana komunikacja z u\u017cytkownikami telefon\u00f3w kom\u00f3rkowych, kt\u00f3rzy nie wyrazili wyra\u017anej zgody (opt-in) na otrzymywanie wiadomo\u015bci SMS.<\/p>\n<p>Je\u015bli dowiemy si\u0119, \u017ce u\u017cytkownik narusza niniejsze zasady, jego konto zostanie <strong>zamkni\u0119te ze skutkiem natychmiastowym<\/strong>. Je\u015bli podejrzewasz, \u017ce jeden z naszych klient\u00f3w narusza nasze zasady, skontaktuj si\u0119 z nami za po\u015brednictwem <strong><a rel=\"noopener\">support@suresms.com<\/a><\/strong>.<\/p>\n\t<h2>Wymagania dotycz\u0105ce zgody<\/h2>\n<p>Aby korzysta\u0107 z SureSMS, wystarczy wysy\u0142a\u0107 wiadomo\u015bci SMS do odbiorc\u00f3w, kt\u00f3rzy udzielili <strong>aktywna zgoda<\/strong>. Zgod\u0119 mo\u017cna na przyk\u0142ad uzyska\u0107 poprzez:<\/p>\n<ul>\n<li>U\u017cytkownik telefonu kom\u00f3rkowego wysy\u0142a wiadomo\u015b\u0107 SMS na kr\u00f3tki kod, np. 1245.<\/li>\n<li>Zarejestruj si\u0119 za pomoc\u0105 formularza na swojej stronie internetowej.<\/li>\n<li>Akceptowanie newsletter\u00f3w w sklepie internetowym lub na stronie internetowej.<\/li>\n<li>Udzia\u0142 w konkursach, w kt\u00f3rych wyra\u017anie okre\u015blono, co obejmuje zgoda.<\/li>\n<\/ul>\n<p>Niedostarczenie dowodu zgody jest uznawane za istotne naruszenie umowy, a konto u\u017cytkownika pozostanie zamkni\u0119te.<\/p>\n\t<h2>Zabronione tre\u015bci<\/h2>\n<p>SureSMS nie zezwala na wiadomo\u015bci SMS o nast\u0119puj\u0105cej tre\u015bci:<\/p>\n<ul>\n<li>Pornografia, us\u0142ugi towarzyskie lub materia\u0142y wykorzystuj\u0105ce dzieci poni\u017cej 18 roku \u017cycia.<\/li>\n<li>Nielegalne towary, substancje lub dzia\u0142ania, w tym pirackie oprogramowanie i instrukcje produkcji broni.<\/li>\n<li>Materia\u0142y zawieraj\u0105ce przemoc, rasizm, nienawi\u015b\u0107, gro\u017aby, oszustwa lub materia\u0142y niezgodne z prawem.<\/li>\n<li>Tre\u015bci naruszaj\u0105ce prawa w\u0142asno\u015bci intelektualnej (prawa autorskie, znaki towarowe itp.).<\/li>\n<li>Tre\u015bci promuj\u0105ce produkty lub us\u0142ugi nielegalne w lokalizacji odbiorcy.<\/li>\n<li>Linki do wirus\u00f3w, z\u0142o\u015bliwego oprogramowania lub trojan\u00f3w.<\/li>\n<li>Zach\u0119ca\u0142 do przemocy wobec os\u00f3b, grup lub organizacji.<\/li>\n<\/ul>\n\t<h2>Procedura dotycz\u0105ca narusze\u0144<\/h2>\n<p>Je\u015bli podejrzewamy spam, dokonamy oceny:<\/p>\n<ol>\n<li>Tre\u015b\u0107 wys\u0142anych wiadomo\u015bci SMS.<\/li>\n<li>Dokumentacja zgody od u\u017cytkownik\u00f3w mobilnych.<\/li>\n<li>Skarga dotycz\u0105ca spamu i spos\u00f3b\/czy osoba sk\u0142adaj\u0105ca skarg\u0119 jest zarejestrowana.<\/li>\n<\/ol>\n<p>Je\u015bli stwierdzimy, \u017ce u\u017cytkownik wysy\u0142a\u0142 spam, jego konto zostanie trwale zamkni\u0119te.<\/p>\n\t<h2>Otrzyma\u0142e\u015b spam?<\/h2>\n<p>Dok\u0142adamy wszelkich stara\u0144, aby zapobiega\u0107 spamowi, ale przy ponad 10 milionach wiadomo\u015bci SMS wysy\u0142anych ka\u017cdego miesi\u0105ca mog\u0105 wyst\u0105pi\u0107 b\u0142\u0119dy. Je\u015bli otrzyma\u0142e\u015b niechcian\u0105 wiadomo\u015b\u0107 SMS, prosimy:<\/p>\n<ol>\n<li>Zrezygnuj z subskrypcji, post\u0119puj\u0105c zgodnie z instrukcjami zawartymi w wiadomo\u015bci SMS (zwyk\u0142a stawka SMS).<\/li>\n<li>Prze\u015blij tre\u015b\u0107 wiadomo\u015bci i dane nadawcy na adres <strong><a rel=\"noopener\">support@suresms.com<\/a><\/strong>aby\u015bmy mogli zbada\u0107 spraw\u0119 i skontaktowa\u0107 si\u0119 z klientem.<\/li>\n<\/ol>\n<p>Bezpiecze\u0144stwo i zaufanie u\u017cytkownik\u00f3w jest naszym najwy\u017cszym priorytetem. Nie tolerujemy \u017cadnych narusze\u0144 tej polityki.<\/p>","protected":false},"excerpt":{"rendered":"<p>Polityka antyspamowa SureSMS W SureSMS stosujemy polityk\u0119 zerowej tolerancji dla spamu. Spam jest definiowany jako niechciana komunikacja z u\u017cytkownikami telefon\u00f3w kom\u00f3rkowych, kt\u00f3rzy nie wyrazili wyra\u017anej zgody (opt-in) na otrzymywanie wiadomo\u015bci SMS. Je\u015bli dowiemy si\u0119, \u017ce naruszasz t\u0119 polityk\u0119, Twoje konto zostanie zamkni\u0119te ze skutkiem natychmiastowym. Je\u015bli podejrzewasz, \u017ce ... <a title=\"Polityka antyspamowa\" class=\"read-more\" href=\"https:\/\/suresms.com\/pl\/politikker\/anti-spam\/\" aria-label=\"Dowiedz si\u0119 wi\u0119cej o polityce antyspamowej\">Dowiedz si\u0119 wi\u0119cej<\/a><\/p>","protected":false},"author":1,"featured_media":0,"parent":19124,"menu_order":0,"comment_status":"closed","ping_status":"closed","template":"","meta":{"_fl_builder_enabled":"1","_fl_builder_data":null,"_fl_builder_draft":null,"_fl_builder_data_settings":null,"_fl_builder_css":"","_fl_builder_css_version":"","_fl_builder_js":"","footnotes":""},"categories":[],"tags":[],"class_list":["post-19129","page","type-page","status-publish"],"yoast_head":"<!-- This site is optimized with the Yoast SEO Premium plugin v27.3 (Yoast SEO v27.3) - https:\/\/yoast.com\/product\/yoast-seo-premium-wordpress\/ -->\r\n<title>Anti-spam politik -<\/title>\r\n<meta name=\"robots\" content=\"index, follow, max-snippet:-1, max-image-preview:large, max-video-preview:-1\" \/>\r\n<link rel=\"canonical\" href=\"https:\/\/suresms.com\/pl\/polityki\/antyspam\/\" \/>\r\n<meta property=\"og:locale\" content=\"pl_PL\" \/>\r\n<meta property=\"og:type\" content=\"article\" \/>\r\n<meta property=\"og:title\" content=\"Anti-spam politik\" \/>\r\n<meta property=\"og:description\" content=\"SureSMS Anti-Spam Politik Hos SureSMS har vi en nultolerancepolitik over for spam. Spam defineres som uopfordret kommunikation til mobilbrugere, som ikke har givet deres eksplicitte samtykke (opt-in) til at modtage dine SMS-beskeder. Hvis vi bliver opm\u00e6rksomme p\u00e5, at du overtr\u00e6der denne politik, vil din konto blive lukket med \u00f8jeblikkelig virkning. Har du mistanke om, at ... Dowiedz si\u0119 wi\u0119cej\" \/>\r\n<meta property=\"og:url\" content=\"https:\/\/suresms.com\/pl\/polityki\/antyspam\/\" \/>\r\n<meta property=\"article:publisher\" content=\"https:\/\/www.facebook.com\/p\/SureSMS-100044607956149\/\" \/>\r\n<meta property=\"article:modified_time\" content=\"2025-07-17T07:31:16+00:00\" \/>\r\n<meta name=\"twitter:card\" content=\"summary_large_image\" \/>\r\n<meta name=\"twitter:label1\" content=\"Szacowany czas czytania\" \/>\n\t<meta name=\"twitter:data1\" content=\"2 minuty\" \/>\r\n<script type=\"application\/ld+json\" class=\"yoast-schema-graph\">{\"@context\":\"https:\\\/\\\/schema.org\",\"@graph\":[{\"@type\":\"WebPage\",\"@id\":\"https:\\\/\\\/suresms.com\\\/dk\\\/politikker\\\/anti-spam\\\/\",\"url\":\"https:\\\/\\\/suresms.com\\\/dk\\\/politikker\\\/anti-spam\\\/\",\"name\":\"Anti-spam politik -\",\"isPartOf\":{\"@id\":\"https:\\\/\\\/suresms.com\\\/en\\\/#website\"},\"datePublished\":\"2024-11-24T17:01:27+00:00\",\"dateModified\":\"2025-07-17T07:31:16+00:00\",\"breadcrumb\":{\"@id\":\"https:\\\/\\\/suresms.com\\\/dk\\\/politikker\\\/anti-spam\\\/#breadcrumb\"},\"inLanguage\":\"pl-PL\",\"potentialAction\":[{\"@type\":\"ReadAction\",\"target\":[\"https:\\\/\\\/suresms.com\\\/dk\\\/politikker\\\/anti-spam\\\/\"]}]},{\"@type\":\"BreadcrumbList\",\"@id\":\"https:\\\/\\\/suresms.com\\\/dk\\\/politikker\\\/anti-spam\\\/#breadcrumb\",\"itemListElement\":[{\"@type\":\"ListItem\",\"position\":1,\"name\":\"Home\",\"item\":\"https:\\\/\\\/suresms.com\\\/dk\\\/\"},{\"@type\":\"ListItem\",\"position\":2,\"name\":\"Politikker\",\"item\":\"https:\\\/\\\/suresms.com\\\/politikker\\\/\"},{\"@type\":\"ListItem\",\"position\":3,\"name\":\"Anti-spam politik\"}]},{\"@type\":\"WebSite\",\"@id\":\"https:\\\/\\\/suresms.com\\\/en\\\/#website\",\"url\":\"https:\\\/\\\/suresms.com\\\/en\\\/\",\"name\":\"SureSMS\",\"description\":\"Professionel SMS Gateway\",\"publisher\":{\"@id\":\"https:\\\/\\\/suresms.com\\\/en\\\/#organization\"},\"potentialAction\":[{\"@type\":\"SearchAction\",\"target\":{\"@type\":\"EntryPoint\",\"urlTemplate\":\"https:\\\/\\\/suresms.com\\\/en\\\/?s={search_term_string}\"},\"query-input\":{\"@type\":\"PropertyValueSpecification\",\"valueRequired\":true,\"valueName\":\"search_term_string\"}}],\"inLanguage\":\"pl-PL\"},{\"@type\":\"Organization\",\"@id\":\"https:\\\/\\\/suresms.com\\\/en\\\/#organization\",\"name\":\"SureSMS\",\"url\":\"https:\\\/\\\/suresms.com\\\/en\\\/\",\"logo\":{\"@type\":\"ImageObject\",\"inLanguage\":\"pl-PL\",\"@id\":\"https:\\\/\\\/suresms.com\\\/en\\\/#\\\/schema\\\/logo\\\/image\\\/\",\"url\":\"https:\\\/\\\/suresms.com\\\/wp-content\\\/uploads\\\/2024\\\/11\\\/suresms-300x65-1.png\",\"contentUrl\":\"https:\\\/\\\/suresms.com\\\/wp-content\\\/uploads\\\/2024\\\/11\\\/suresms-300x65-1.png\",\"width\":300,\"height\":65,\"caption\":\"SureSMS\"},\"image\":{\"@id\":\"https:\\\/\\\/suresms.com\\\/en\\\/#\\\/schema\\\/logo\\\/image\\\/\"},\"sameAs\":[\"https:\\\/\\\/www.facebook.com\\\/p\\\/SureSMS-100044607956149\\\/\"]}]}<\/script>\r\n<!-- \/ Yoast SEO Premium plugin. -->","yoast_head_json":{"title":"Polityka antyspamowa","robots":{"index":"index","follow":"follow","max-snippet":"max-snippet:-1","max-image-preview":"max-image-preview:large","max-video-preview":"max-video-preview:-1"},"canonical":"https:\/\/suresms.com\/pl\/polityki\/antyspam\/","og_locale":"pl_PL","og_type":"article","og_title":"Anti-spam politik","og_description":"SureSMS Anti-Spam Politik Hos SureSMS har vi en nultolerancepolitik over for spam. Spam defineres som uopfordret kommunikation til mobilbrugere, som ikke har givet deres eksplicitte samtykke (opt-in) til at modtage dine SMS-beskeder. Hvis vi bliver opm\u00e6rksomme p\u00e5, at du overtr\u00e6der denne politik, vil din konto blive lukket med \u00f8jeblikkelig virkning. Har du mistanke om, at ... Dowiedz si\u0119 wi\u0119cej","og_url":"https:\/\/suresms.com\/pl\/polityki\/antyspam\/","article_publisher":"https:\/\/www.facebook.com\/p\/SureSMS-100044607956149\/","article_modified_time":"2025-07-17T07:31:16+00:00","twitter_card":"summary_large_image","twitter_misc":{"Szacowany czas czytania":"2 minuty"},"schema":{"@context":"https:\/\/schema.org","@graph":[{"@type":"WebPage","@id":"https:\/\/suresms.com\/dk\/politikker\/anti-spam\/","url":"https:\/\/suresms.com\/dk\/politikker\/anti-spam\/","name":"Polityka antyspamowa","isPartOf":{"@id":"https:\/\/suresms.com\/en\/#website"},"datePublished":"2024-11-24T17:01:27+00:00","dateModified":"2025-07-17T07:31:16+00:00","breadcrumb":{"@id":"https:\/\/suresms.com\/dk\/politikker\/anti-spam\/#breadcrumb"},"inLanguage":"pl-PL","potentialAction":[{"@type":"ReadAction","target":["https:\/\/suresms.com\/dk\/politikker\/anti-spam\/"]}]},{"@type":"BreadcrumbList","@id":"https:\/\/suresms.com\/dk\/politikker\/anti-spam\/#breadcrumb","itemListElement":[{"@type":"ListItem","position":1,"name":"Home","item":"https:\/\/suresms.com\/dk\/"},{"@type":"ListItem","position":2,"name":"Politikker","item":"https:\/\/suresms.com\/politikker\/"},{"@type":"ListItem","position":3,"name":"Anti-spam politik"}]},{"@type":"WebSite","@id":"https:\/\/suresms.com\/en\/#website","url":"https:\/\/suresms.com\/en\/","name":"SureSMS","description":"Profesjonalna bramka SMS","publisher":{"@id":"https:\/\/suresms.com\/en\/#organization"},"potentialAction":[{"@type":"SearchAction","target":{"@type":"EntryPoint","urlTemplate":"https:\/\/suresms.com\/en\/?s={search_term_string}"},"query-input":{"@type":"PropertyValueSpecification","valueRequired":true,"valueName":"search_term_string"}}],"inLanguage":"pl-PL"},{"@type":"Organization","@id":"https:\/\/suresms.com\/en\/#organization","name":"SureSMS","url":"https:\/\/suresms.com\/en\/","logo":{"@type":"ImageObject","inLanguage":"pl-PL","@id":"https:\/\/suresms.com\/en\/#\/schema\/logo\/image\/","url":"https:\/\/suresms.com\/wp-content\/uploads\/2024\/11\/suresms-300x65-1.png","contentUrl":"https:\/\/suresms.com\/wp-content\/uploads\/2024\/11\/suresms-300x65-1.png","width":300,"height":65,"caption":"SureSMS"},"image":{"@id":"https:\/\/suresms.com\/en\/#\/schema\/logo\/image\/"},"sameAs":["https:\/\/www.facebook.com\/p\/SureSMS-100044607956149\/"]}]}},"_links":{"self":[{"href":"https:\/\/suresms.com\/pl\/wp-json\/wp\/v2\/pages\/19129","targetHints":{"allow":["GET"]}}],"collection":[{"href":"https:\/\/suresms.com\/pl\/wp-json\/wp\/v2\/pages"}],"about":[{"href":"https:\/\/suresms.com\/pl\/wp-json\/wp\/v2\/types\/page"}],"author":[{"embeddable":true,"href":"https:\/\/suresms.com\/pl\/wp-json\/wp\/v2\/users\/1"}],"replies":[{"embeddable":true,"href":"https:\/\/suresms.com\/pl\/wp-json\/wp\/v2\/comments?post=19129"}],"version-history":[{"count":4,"href":"https:\/\/suresms.com\/pl\/wp-json\/wp\/v2\/pages\/19129\/revisions"}],"predecessor-version":[{"id":23452,"href":"https:\/\/suresms.com\/pl\/wp-json\/wp\/v2\/pages\/19129\/revisions\/23452"}],"up":[{"embeddable":true,"href":"https:\/\/suresms.com\/pl\/wp-json\/wp\/v2\/pages\/19124"}],"wp:attachment":[{"href":"https:\/\/suresms.com\/pl\/wp-json\/wp\/v2\/media?parent=19129"}],"wp:term":[{"taxonomy":"category","embeddable":true,"href":"https:\/\/suresms.com\/pl\/wp-json\/wp\/v2\/categories?post=19129"},{"taxonomy":"post_tag","embeddable":true,"href":"https:\/\/suresms.com\/pl\/wp-json\/wp\/v2\/tags?post=19129"}],"curies":[{"name":"wp","href":"https:\/\/api.w.org\/{rel}","templated":true}]}}