{"id":19124,"date":"2024-11-24T16:54:29","date_gmt":"2024-11-24T16:54:29","guid":{"rendered":"https:\/\/suresms.com\/?page_id=19124"},"modified":"2024-11-24T17:09:19","modified_gmt":"2024-11-24T17:09:19","slug":"polityki","status":"publish","type":"page","link":"https:\/\/suresms.com\/pl\/politikker\/","title":{"rendered":"Zasady"},"content":{"rendered":"<!-- Flexy Breadcrumb -->\r\n\t\t\t<div class=\"fbc fbc-page\">\r\n\r\n\t\t\t\t<!-- Breadcrumb wrapper -->\r\n\t\t\t\t<div class=\"fbc-wrap\">\r\n\r\n\t\t\t\t\t<!-- Ordered list-->\r\n\t\t\t\t\t<ol class=\"fbc-items\" itemscope itemtype=\"https:\/\/schema.org\/BreadcrumbList\">\r\n\t\t\t\t\t\t            <li itemprop=\"itemListElement\" itemscope itemtype=\"https:\/\/schema.org\/ListItem\">\r\n                <span itemprop=\"name\">\r\n                    <!-- Home Link -->\r\n                    <a itemprop=\"item\" href=\"https:\/\/suresms.com\/pl\/\">\r\n                    \r\n                                                    <i class=\"fa fa-home\" aria-hidden=\"true\"><\/i>Strona g\u0142\u00f3wna                    <\/a>\r\n                <\/span>\r\n                <meta itemprop=\"position\" content=\"1\" \/><!-- Meta Position-->\r\n             <\/li><li><span class=\"fbc-separator\">\/<\/span><\/li><li class=\"active\" itemprop=\"itemListElement\" itemscope itemtype=\"https:\/\/schema.org\/ListItem\"><span itemprop=\"name\" title=\"Zasady\">Zasady<\/span><meta itemprop=\"position\" content=\"2\" \/><\/li>\t\t\t\t\t<\/ol>\r\n\t\t\t\t\t<div class=\"clearfix\"><\/div>\r\n\t\t\t\t<\/div>\r\n\t\t\t<\/div>\r\n\t\t\t\n\t<h1>Zasady<\/h1>\n<p>W SureSMS cenimy przejrzysto\u015b\u0107 i odpowiedzialno\u015b\u0107. Zebrali\u015bmy tutaj nasze zasady, aby\u015b m\u00f3g\u0142 \u0142atwo znale\u017a\u0107 informacje o tym, jak chronimy Twoje prawa, przetwarzamy dane i zapewniamy, \u017ce nasze us\u0142ugi spe\u0142niaj\u0105 najwy\u017csze standardy.<\/p>\n<h3>Nasze zasady<\/h3>\n<ul>\n<li><strong><a href=\"https:\/\/suresms.com\/pl\/o-suresms\/polityka-danych-osobowych\/\">Polityka prywatno\u015bci<\/a>:<\/strong> Powa\u017cnie traktujemy prywatno\u015b\u0107 u\u017cytkownik\u00f3w. Przeczytaj, w jaki spos\u00f3b chronimy Twoje dane osobowe i zapewniamy, \u017ce s\u0105 one przetwarzane zgodnie z obowi\u0105zuj\u0105cymi przepisami.<\/li>\n<li><strong><a href=\"https:\/\/suresms.com\/pl\/gdpr\/\">Polityka przetwarzania danych<\/a>:<\/strong> Zapewniamy bezpieczne i odpowiedzialne post\u0119powanie z danymi u\u017cytkownika, w tym przechowywanie, przetwarzanie i udost\u0119pnianie informacji.<\/li>\n<li><strong><a href=\"https:\/\/suresms.com\/pl\/o-suresms\/polityka-plikow-cookie-i-prywatnosci-suresms\/\">Pliki cookie i \u015bledzenie<\/a>:<\/strong> Aby zapewni\u0107 najlepsz\u0105 obs\u0142ug\u0119, u\u017cywamy plik\u00f3w cookie. Tutaj mo\u017cesz przeczyta\u0107 o tym, jak s\u0105 one u\u017cywane i jak mo\u017cesz dostosowa\u0107 swoje preferencje.<\/li>\n<li><strong><a href=\"https:\/\/suresms.com\/pl\/polityki\/antyspam\/\">Polityka antyspamowa<\/a>:<\/strong> Szanujemy Twoj\u0105 skrzynk\u0119 odbiorcz\u0105. Zobacz, jak pracujemy, aby unikn\u0105\u0107 spamu i zapewni\u0107 tylko odpowiedni\u0105 komunikacj\u0119.<\/li>\n<\/ul>\n<p>Je\u015bli masz jakiekolwiek pytania lub potrzebujesz dodatkowych informacji na temat naszych zasad, zawsze mo\u017cesz si\u0119 z nami skontaktowa\u0107. Naszym celem jest zapewnienie, \u017ce u\u017cytkownik czuje si\u0119 bezpiecznie i jest dobrze poinformowany podczas korzystania z naszych us\u0142ug.<\/p>","protected":false},"excerpt":{"rendered":"<p>Zasady W SureSMS cenimy przejrzysto\u015b\u0107 i odpowiedzialno\u015b\u0107. Zebrali\u015bmy tutaj nasze zasady, aby\u015b m\u00f3g\u0142 \u0142atwo znale\u017a\u0107 informacje o tym, jak chronimy Twoje prawa, przetwarzamy dane i zapewniamy, \u017ce nasze us\u0142ugi spe\u0142niaj\u0105 najwy\u017csze standardy. Nasze zasady Polityka prywatno\u015bci: Powa\u017cnie traktujemy Twoj\u0105 prywatno\u015b\u0107. Przeczytaj, jak chronimy Twoje dane osobowe ... <a title=\"Zasady\" class=\"read-more\" href=\"https:\/\/suresms.com\/pl\/politikker\/\" aria-label=\"Dowiedz si\u0119 wi\u0119cej o Politikker\">Dowiedz si\u0119 wi\u0119cej<\/a><\/p>","protected":false},"author":1,"featured_media":0,"parent":0,"menu_order":3,"comment_status":"closed","ping_status":"closed","template":"","meta":{"_fl_builder_enabled":"1","_fl_builder_data":null,"_fl_builder_draft":null,"_fl_builder_data_settings":null,"_fl_builder_css":"","_fl_builder_css_version":"","_fl_builder_js":"","footnotes":""},"categories":[],"tags":[],"class_list":["post-19124","page","type-page","status-publish"],"yoast_head":"<!-- This site is optimized with the Yoast SEO Premium plugin v27.3 (Yoast SEO v27.3) - https:\/\/yoast.com\/product\/yoast-seo-premium-wordpress\/ -->\r\n<title>Sms markedsf\u00f8ring | Hvad betyder dette ? \u2192 Brug suresms.com<\/title>\r\n<meta name=\"description\" content=\"Hvad betyder det? F\u00e5 den n\u00f8dvendige hj\u00e6lp lige her til sms markedsf\u00f8ring. Suresms.com giver gode r\u00e5d, n\u00e5r det g\u00e6lder markedsf\u00f8ring.\" \/>\r\n<meta name=\"robots\" content=\"index, follow, max-snippet:-1, max-image-preview:large, max-video-preview:-1\" \/>\r\n<link rel=\"canonical\" href=\"https:\/\/suresms.com\/pl\/polityki\/\" \/>\r\n<meta property=\"og:locale\" content=\"pl_PL\" \/>\r\n<meta property=\"og:type\" content=\"article\" \/>\r\n<meta property=\"og:title\" content=\"Fleksibele SMS l\u00f8sninger til udviklere og virksomheder\" \/>\r\n<meta property=\"og:description\" content=\"Se de mange funktioner og features, som f\u00f8lger med vores SureSMS L\u00f8sning. Find inspiration til , hvordan du let kan bruge SMS&#039;er til kkommunikation med alle typer brugere og systemer.\" \/>\r\n<meta property=\"og:url\" content=\"https:\/\/suresms.com\/pl\/polityki\/\" \/>\r\n<meta property=\"article:publisher\" content=\"https:\/\/www.facebook.com\/p\/SureSMS-100044607956149\/\" \/>\r\n<meta property=\"article:modified_time\" content=\"2024-11-24T17:09:19+00:00\" \/>\r\n<meta property=\"og:image\" content=\"https:\/\/suresms.com\/wp-content\/uploads\/2016\/06\/SMS-til-butikker.jpg\" \/>\r\n\t<meta property=\"og:image:width\" content=\"400\" \/>\r\n\t<meta property=\"og:image:height\" content=\"266\" \/>\r\n\t<meta property=\"og:image:type\" content=\"image\/jpeg\" \/>\r\n<meta name=\"twitter:card\" content=\"summary_large_image\" \/>\r\n<meta name=\"twitter:title\" content=\"Politikker\" \/>\r\n<meta name=\"twitter:label1\" content=\"Szacowany czas czytania\" \/>\n\t<meta name=\"twitter:data1\" content=\"7 minut\" \/>\r\n<script type=\"application\/ld+json\" class=\"yoast-schema-graph\">{\"@context\":\"https:\\\/\\\/schema.org\",\"@graph\":[{\"@type\":\"WebPage\",\"@id\":\"https:\\\/\\\/suresms.com\\\/politikker\\\/\",\"url\":\"https:\\\/\\\/suresms.com\\\/politikker\\\/\",\"name\":\"Sms markedsf\u00f8ring | Hvad betyder dette ? \u2192 Brug suresms.com\",\"isPartOf\":{\"@id\":\"https:\\\/\\\/suresms.com\\\/en\\\/#website\"},\"datePublished\":\"2024-11-24T16:54:29+00:00\",\"dateModified\":\"2024-11-24T17:09:19+00:00\",\"description\":\"Hvad betyder det? F\u00e5 den n\u00f8dvendige hj\u00e6lp lige her til sms markedsf\u00f8ring. Suresms.com giver gode r\u00e5d, n\u00e5r det g\u00e6lder markedsf\u00f8ring.\",\"breadcrumb\":{\"@id\":\"https:\\\/\\\/suresms.com\\\/politikker\\\/#breadcrumb\"},\"inLanguage\":\"pl-PL\",\"potentialAction\":[{\"@type\":\"ReadAction\",\"target\":[\"https:\\\/\\\/suresms.com\\\/politikker\\\/\"]}]},{\"@type\":\"BreadcrumbList\",\"@id\":\"https:\\\/\\\/suresms.com\\\/politikker\\\/#breadcrumb\",\"itemListElement\":[{\"@type\":\"ListItem\",\"position\":1,\"name\":\"Home\",\"item\":\"https:\\\/\\\/suresms.com\\\/dk\\\/\"},{\"@type\":\"ListItem\",\"position\":2,\"name\":\"Politikker\"}]},{\"@type\":\"WebSite\",\"@id\":\"https:\\\/\\\/suresms.com\\\/en\\\/#website\",\"url\":\"https:\\\/\\\/suresms.com\\\/en\\\/\",\"name\":\"SureSMS\",\"description\":\"Professionel SMS Gateway\",\"publisher\":{\"@id\":\"https:\\\/\\\/suresms.com\\\/en\\\/#organization\"},\"potentialAction\":[{\"@type\":\"SearchAction\",\"target\":{\"@type\":\"EntryPoint\",\"urlTemplate\":\"https:\\\/\\\/suresms.com\\\/en\\\/?s={search_term_string}\"},\"query-input\":{\"@type\":\"PropertyValueSpecification\",\"valueRequired\":true,\"valueName\":\"search_term_string\"}}],\"inLanguage\":\"pl-PL\"},{\"@type\":\"Organization\",\"@id\":\"https:\\\/\\\/suresms.com\\\/en\\\/#organization\",\"name\":\"SureSMS\",\"url\":\"https:\\\/\\\/suresms.com\\\/en\\\/\",\"logo\":{\"@type\":\"ImageObject\",\"inLanguage\":\"pl-PL\",\"@id\":\"https:\\\/\\\/suresms.com\\\/en\\\/#\\\/schema\\\/logo\\\/image\\\/\",\"url\":\"https:\\\/\\\/suresms.com\\\/wp-content\\\/uploads\\\/2024\\\/11\\\/suresms-300x65-1.png\",\"contentUrl\":\"https:\\\/\\\/suresms.com\\\/wp-content\\\/uploads\\\/2024\\\/11\\\/suresms-300x65-1.png\",\"width\":300,\"height\":65,\"caption\":\"SureSMS\"},\"image\":{\"@id\":\"https:\\\/\\\/suresms.com\\\/en\\\/#\\\/schema\\\/logo\\\/image\\\/\"},\"sameAs\":[\"https:\\\/\\\/www.facebook.com\\\/p\\\/SureSMS-100044607956149\\\/\"]}]}<\/script>\r\n<!-- \/ Yoast SEO Premium plugin. -->","yoast_head_json":{"title":"Marketing SMS | Co to oznacza? \u2192 U\u017cyj suresms.com","description":"Co to oznacza? Uzyskaj potrzebn\u0105 pomoc w zakresie marketingu SMS tutaj. Suresms.com oferuje \u015bwietne porady dotycz\u0105ce marketingu.","robots":{"index":"index","follow":"follow","max-snippet":"max-snippet:-1","max-image-preview":"max-image-preview:large","max-video-preview":"max-video-preview:-1"},"canonical":"https:\/\/suresms.com\/pl\/polityki\/","og_locale":"pl_PL","og_type":"article","og_title":"Fleksibele SMS l\u00f8sninger til udviklere og virksomheder","og_description":"Se de mange funktioner og features, som f\u00f8lger med vores SureSMS L\u00f8sning. Find inspiration til , hvordan du let kan bruge SMS'er til kkommunikation med alle typer brugere og systemer.","og_url":"https:\/\/suresms.com\/pl\/polityki\/","article_publisher":"https:\/\/www.facebook.com\/p\/SureSMS-100044607956149\/","article_modified_time":"2024-11-24T17:09:19+00:00","og_image":[{"width":400,"height":266,"url":"https:\/\/suresms.com\/wp-content\/uploads\/2016\/06\/SMS-til-butikker.jpg","type":"image\/jpeg"}],"twitter_card":"summary_large_image","twitter_title":"Politikker","twitter_misc":{"Szacowany czas czytania":"7 minut"},"schema":{"@context":"https:\/\/schema.org","@graph":[{"@type":"WebPage","@id":"https:\/\/suresms.com\/politikker\/","url":"https:\/\/suresms.com\/politikker\/","name":"Marketing SMS | Co to oznacza? \u2192 U\u017cyj suresms.com","isPartOf":{"@id":"https:\/\/suresms.com\/en\/#website"},"datePublished":"2024-11-24T16:54:29+00:00","dateModified":"2024-11-24T17:09:19+00:00","description":"Co to oznacza? Uzyskaj potrzebn\u0105 pomoc w zakresie marketingu SMS tutaj. Suresms.com oferuje \u015bwietne porady dotycz\u0105ce marketingu.","breadcrumb":{"@id":"https:\/\/suresms.com\/politikker\/#breadcrumb"},"inLanguage":"pl-PL","potentialAction":[{"@type":"ReadAction","target":["https:\/\/suresms.com\/politikker\/"]}]},{"@type":"BreadcrumbList","@id":"https:\/\/suresms.com\/politikker\/#breadcrumb","itemListElement":[{"@type":"ListItem","position":1,"name":"Home","item":"https:\/\/suresms.com\/dk\/"},{"@type":"ListItem","position":2,"name":"Politikker"}]},{"@type":"WebSite","@id":"https:\/\/suresms.com\/en\/#website","url":"https:\/\/suresms.com\/en\/","name":"SureSMS","description":"Profesjonalna bramka SMS","publisher":{"@id":"https:\/\/suresms.com\/en\/#organization"},"potentialAction":[{"@type":"SearchAction","target":{"@type":"EntryPoint","urlTemplate":"https:\/\/suresms.com\/en\/?s={search_term_string}"},"query-input":{"@type":"PropertyValueSpecification","valueRequired":true,"valueName":"search_term_string"}}],"inLanguage":"pl-PL"},{"@type":"Organization","@id":"https:\/\/suresms.com\/en\/#organization","name":"SureSMS","url":"https:\/\/suresms.com\/en\/","logo":{"@type":"ImageObject","inLanguage":"pl-PL","@id":"https:\/\/suresms.com\/en\/#\/schema\/logo\/image\/","url":"https:\/\/suresms.com\/wp-content\/uploads\/2024\/11\/suresms-300x65-1.png","contentUrl":"https:\/\/suresms.com\/wp-content\/uploads\/2024\/11\/suresms-300x65-1.png","width":300,"height":65,"caption":"SureSMS"},"image":{"@id":"https:\/\/suresms.com\/en\/#\/schema\/logo\/image\/"},"sameAs":["https:\/\/www.facebook.com\/p\/SureSMS-100044607956149\/"]}]}},"_links":{"self":[{"href":"https:\/\/suresms.com\/pl\/wp-json\/wp\/v2\/pages\/19124","targetHints":{"allow":["GET"]}}],"collection":[{"href":"https:\/\/suresms.com\/pl\/wp-json\/wp\/v2\/pages"}],"about":[{"href":"https:\/\/suresms.com\/pl\/wp-json\/wp\/v2\/types\/page"}],"author":[{"embeddable":true,"href":"https:\/\/suresms.com\/pl\/wp-json\/wp\/v2\/users\/1"}],"replies":[{"embeddable":true,"href":"https:\/\/suresms.com\/pl\/wp-json\/wp\/v2\/comments?post=19124"}],"version-history":[{"count":4,"href":"https:\/\/suresms.com\/pl\/wp-json\/wp\/v2\/pages\/19124\/revisions"}],"predecessor-version":[{"id":19138,"href":"https:\/\/suresms.com\/pl\/wp-json\/wp\/v2\/pages\/19124\/revisions\/19138"}],"wp:attachment":[{"href":"https:\/\/suresms.com\/pl\/wp-json\/wp\/v2\/media?parent=19124"}],"wp:term":[{"taxonomy":"category","embeddable":true,"href":"https:\/\/suresms.com\/pl\/wp-json\/wp\/v2\/categories?post=19124"},{"taxonomy":"post_tag","embeddable":true,"href":"https:\/\/suresms.com\/pl\/wp-json\/wp\/v2\/tags?post=19124"}],"curies":[{"name":"wp","href":"https:\/\/api.w.org\/{rel}","templated":true}]}}