{"id":19014,"date":"2024-11-19T19:02:34","date_gmt":"2024-11-19T19:02:34","guid":{"rendered":"https:\/\/suresms.com\/?page_id=19014"},"modified":"2025-01-04T23:12:33","modified_gmt":"2025-01-04T23:12:33","slug":"centralny-biznes","status":"publish","type":"page","link":"https:\/\/suresms.com\/pl\/integrationer\/fagsystem-sms-integration\/businnes-central\/","title":{"rendered":"Rozwi\u0105zanie SMS dla Business Central"},"content":{"rendered":"<h1>\n\t\tBusiness Central\n\t<\/h1>\n<p><strong>Integracja z Business Central: wydajna komunikacja SMS<\/strong><\/p>\n<p>Nasz modu\u0142 SMS dla Business Central zapewnia firmom prosty i skuteczny spos\u00f3b integracji komunikacji SMS bezpo\u015brednio z istniej\u0105cym systemem biznesowym. Integracja ta ma na celu u\u0142atwienie firmom wysy\u0142ania i \u015bledzenia wiadomo\u015bci SMS, niezale\u017cnie od tego, czy s\u0105 one wysy\u0142ane do klient\u00f3w, partner\u00f3w czy pracownik\u00f3w. Oto, czego mo\u017cna si\u0119 spodziewa\u0107:<\/p>\n<hr \/>\n<h3><strong>Funkcje i opcje<\/strong><\/h3>\n<p><strong>1. Wysy\u0142anie wiadomo\u015bci SMS bezpo\u015brednio z Business Central<\/strong><\/p>\n<ul>\n<li>Wysy\u0142aj wiadomo\u015bci z r\u00f3\u017cnych modu\u0142\u00f3w, takich jak zam\u00f3wienia sprzeda\u017cy, oferty i zlecenia serwisowe.<\/li>\n<li>Skonfiguruj domy\u015blne komunikaty rozpoczynaj\u0105ce i ko\u0144cz\u0105ce zam\u00f3wienia, np. \"Tw\u00f3j przedmiot jest gotowy do odbioru\".<\/li>\n<\/ul>\n<p><strong>2. Dziennik i aktualizacja statusu<\/strong><\/p>\n<ul>\n<li>Wszystkie wys\u0142ane wiadomo\u015bci s\u0105 przechowywane w dzienniku, z kt\u00f3rego mo\u017cna przegl\u0105da\u0107 i pobiera\u0107 status dostawy.<\/li>\n<li>Opcja r\u0119cznej aktualizacji statusu pozwala \u015bledzi\u0107, czy wiadomo\u015bci zosta\u0142y dostarczone.<\/li>\n<\/ul>\n<p><strong>3. Zautomatyzowane procesy<\/strong><\/p>\n<ul>\n<li>Skonfiguruj regu\u0142y dotycz\u0105ce u\u017cywanych numer\u00f3w telefon\u00f3w kom\u00f3rkowych, np. od d\u0142u\u017cnika lub domy\u015blnej osoby kontaktowej.<\/li>\n<li>Narz\u0119dzia raportuj\u0105ce do masowej dystrybucji w oparciu o okre\u015blone kryteria, np. na potrzeby kampanii lub przypomnie\u0144.<\/li>\n<\/ul>\n<p><strong>4. rozwi\u0105zanie w chmurze lub lokalne<\/strong><\/p>\n<ul>\n<li>Modu\u0142 dzia\u0142a zar\u00f3wno w chmurze, jak i na lokalnych instalacjach Business Central.<\/li>\n<\/ul>\n<hr \/>\n<h3><strong>Korzy\u015bci z integracji<\/strong><\/h3>\n<ul>\n<li><strong>Oszcz\u0119dno\u015b\u0107 czasu:<\/strong> Unikaj r\u0119cznego logowania do zewn\u0119trznych platform SMS. Wszystko jest dost\u0119pne bezpo\u015brednio w Business Central.<\/li>\n<li><strong>Lepsza obs\u0142uga klienta:<\/strong> Informuj swoich klient\u00f3w za pomoc\u0105 szybkich i dok\u0142adnych wiadomo\u015bci o statusie zam\u00f3wienia i spotkaniach.<\/li>\n<li><strong>Przejrzysta administracja:<\/strong> Uzyskaj pe\u0142ny przegl\u0105d wiadomo\u015bci SMS z dziennikiem i aktualizacjami statusu.<\/li>\n<li><strong>Elastyczno\u015b\u0107:<\/strong> Dostosuj wiadomo\u015bci do swoich konkretnych potrzeb i proces\u00f3w.<\/li>\n<\/ul>\n<hr \/>\n<h3><strong>Cena<\/strong><\/h3>\n<p>Koszty modu\u0142u <strong>100 kr. miesi\u0119cznie<\/strong>. Dzi\u0119ki tak niskiej cenie mo\u017cna szybko zaoszcz\u0119dzi\u0107 czas i usprawni\u0107 komunikacj\u0119. Dla firm, kt\u00f3re ju\u017c u\u017cywaj\u0105 SMS-\u00f3w jako cz\u0119\u015bci swoich operacji, oszcz\u0119dno\u015bci czasu pracy i zasob\u00f3w s\u0105 znacz\u0105ce.<\/p>\n<hr \/>\n<h3><strong>Rozpocznij<\/strong><\/h3>\n<p>Skontaktuj si\u0119 z nami w celu demonstracji lub je\u015bli masz jakiekolwiek pytania dotycz\u0105ce sposobu wdro\u017cenia modu\u0142u w Twoim rozwi\u0105zaniu. Ch\u0119tnie pomo\u017cemy w konfiguracji i dostosowaniu do potrzeb biznesowych.<\/p>\n<p>Wype\u0142nij poni\u017cszy formularz lub zadzwo\u0144 do nas ju\u017c dzi\u015b, aby uzyska\u0107 wi\u0119cej informacji.<\/p>","protected":false},"excerpt":{"rendered":"<p>Integracja Business Central dla Business Central: Wydajna komunikacja SMS Nasz modu\u0142 SMS dla Business Central zapewnia firmom prosty i wydajny spos\u00f3b integracji komunikacji SMS bezpo\u015brednio z istniej\u0105cym systemem biznesowym. Integracja ta zosta\u0142a zaprojektowana, aby u\u0142atwi\u0107 firmom wysy\u0142anie i \u015bledzenie wiadomo\u015bci SMS, niezale\u017cnie od tego, czy s\u0105 one wysy\u0142ane do klient\u00f3w, partner\u00f3w czy pracownik\u00f3w. Oto ... <a title=\"Rozwi\u0105zanie SMS dla Business Central\" class=\"read-more\" href=\"https:\/\/suresms.com\/pl\/integrationer\/fagsystem-sms-integration\/businnes-central\/\" aria-label=\"Dowiedz si\u0119 wi\u0119cej o rozwi\u0105zaniu SMS dla Business Central\">Dowiedz si\u0119 wi\u0119cej<\/a><\/p>","protected":false},"author":1,"featured_media":0,"parent":18069,"menu_order":0,"comment_status":"closed","ping_status":"closed","template":"","meta":{"_fl_builder_enabled":"1","_fl_builder_data":null,"_fl_builder_draft":null,"_fl_builder_data_settings":null,"_fl_builder_css":"","_fl_builder_css_version":"","_fl_builder_js":"","footnotes":""},"categories":[],"tags":[],"class_list":["post-19014","page","type-page","status-publish"],"yoast_head":"<!-- This site is optimized with the Yoast SEO Premium plugin v27.3 (Yoast SEO v27.3) - https:\/\/yoast.com\/product\/yoast-seo-premium-wordpress\/ -->\r\n<title>Fbs \u2192 Nem oprettelse og hurtige resultater med dette system<\/title>\r\n<meta name=\"description\" content=\"Find et nemt online system med SMS services og f\u00e5 hurtigt kontakt til dine kunder. Ny og effektiv SMS l\u00f8sning til fbs.\" \/>\r\n<meta name=\"robots\" content=\"index, follow, max-snippet:-1, max-image-preview:large, max-video-preview:-1\" \/>\r\n<link rel=\"canonical\" href=\"https:\/\/suresms.com\/pl\/integracje\/integracja-sms-z-systemem-tematycznym\/centralny-biznes\/\" \/>\r\n<meta property=\"og:locale\" content=\"pl_PL\" \/>\r\n<meta property=\"og:type\" content=\"article\" \/>\r\n<meta property=\"og:title\" content=\"SMS L\u00f8sning til F\u00e6lles Bibliotekssystem (FBS) Cicero\" \/>\r\n<meta property=\"og:description\" content=\"Lige nu udrulles Cicero (FBS) p\u00e5 folkebiblioteker og p\u00e6dagogiske l\u00e6ringscentre rundt omkring i landet. SureSMS leverer en kvalitets SMS l\u00f8sning fuldt integrerbar med det nye system. Nem ops\u00e6tning, gratis oprettelse og intet abonnement. 14 \u00f8re pr. SMS.\" \/>\r\n<meta property=\"og:url\" content=\"https:\/\/suresms.com\/pl\/integracje\/integracja-sms-z-systemem-tematycznym\/centralny-biznes\/\" \/>\r\n<meta property=\"article:publisher\" content=\"https:\/\/www.facebook.com\/p\/SureSMS-100044607956149\/\" \/>\r\n<meta property=\"article:modified_time\" content=\"2025-01-04T23:12:33+00:00\" \/>\r\n<meta property=\"og:image\" content=\"https:\/\/suresms.com\/wp-content\/uploads\/2016\/10\/SMS-Loesning-til-FBS-1.jpg\" \/>\r\n\t<meta property=\"og:image:width\" content=\"1200\" \/>\r\n\t<meta property=\"og:image:height\" content=\"600\" \/>\r\n\t<meta property=\"og:image:type\" content=\"image\/jpeg\" \/>\r\n<meta name=\"twitter:card\" content=\"summary_large_image\" \/>\r\n<meta name=\"twitter:title\" content=\"SMS l\u00f8sning til Business Central\" \/>\r\n<meta name=\"twitter:label1\" content=\"Szacowany czas czytania\" \/>\n\t<meta name=\"twitter:data1\" content=\"5 minut\" \/>\r\n<script type=\"application\/ld+json\" class=\"yoast-schema-graph\">{\"@context\":\"https:\\\/\\\/schema.org\",\"@graph\":[{\"@type\":\"WebPage\",\"@id\":\"https:\\\/\\\/suresms.com\\\/dk\\\/integrationer\\\/fagsystem-sms-integration\\\/businnes-central\\\/\",\"url\":\"https:\\\/\\\/suresms.com\\\/dk\\\/integrationer\\\/fagsystem-sms-integration\\\/businnes-central\\\/\",\"name\":\"Fbs \u2192 Nem oprettelse og hurtige resultater med dette system\",\"isPartOf\":{\"@id\":\"https:\\\/\\\/suresms.com\\\/en\\\/#website\"},\"datePublished\":\"2024-11-19T19:02:34+00:00\",\"dateModified\":\"2025-01-04T23:12:33+00:00\",\"description\":\"Find et nemt online system med SMS services og f\u00e5 hurtigt kontakt til dine kunder. Ny og effektiv SMS l\u00f8sning til fbs.\",\"breadcrumb\":{\"@id\":\"https:\\\/\\\/suresms.com\\\/dk\\\/integrationer\\\/fagsystem-sms-integration\\\/businnes-central\\\/#breadcrumb\"},\"inLanguage\":\"pl-PL\",\"potentialAction\":[{\"@type\":\"ReadAction\",\"target\":[\"https:\\\/\\\/suresms.com\\\/dk\\\/integrationer\\\/fagsystem-sms-integration\\\/businnes-central\\\/\"]}]},{\"@type\":\"BreadcrumbList\",\"@id\":\"https:\\\/\\\/suresms.com\\\/dk\\\/integrationer\\\/fagsystem-sms-integration\\\/businnes-central\\\/#breadcrumb\",\"itemListElement\":[{\"@type\":\"ListItem\",\"position\":1,\"name\":\"Home\",\"item\":\"https:\\\/\\\/suresms.com\\\/dk\\\/\"},{\"@type\":\"ListItem\",\"position\":2,\"name\":\"Integrationer\",\"item\":\"https:\\\/\\\/suresms.com\\\/dk\\\/integrationer\\\/\"},{\"@type\":\"ListItem\",\"position\":3,\"name\":\"SMS integration til fagsystemer\",\"item\":\"https:\\\/\\\/suresms.com\\\/dk\\\/integrationer\\\/fagsystem-sms-integration\\\/\"},{\"@type\":\"ListItem\",\"position\":4,\"name\":\"SMS l\u00f8sning til Business Central\"}]},{\"@type\":\"WebSite\",\"@id\":\"https:\\\/\\\/suresms.com\\\/en\\\/#website\",\"url\":\"https:\\\/\\\/suresms.com\\\/en\\\/\",\"name\":\"SureSMS\",\"description\":\"Professionel SMS Gateway\",\"publisher\":{\"@id\":\"https:\\\/\\\/suresms.com\\\/en\\\/#organization\"},\"potentialAction\":[{\"@type\":\"SearchAction\",\"target\":{\"@type\":\"EntryPoint\",\"urlTemplate\":\"https:\\\/\\\/suresms.com\\\/en\\\/?s={search_term_string}\"},\"query-input\":{\"@type\":\"PropertyValueSpecification\",\"valueRequired\":true,\"valueName\":\"search_term_string\"}}],\"inLanguage\":\"pl-PL\"},{\"@type\":\"Organization\",\"@id\":\"https:\\\/\\\/suresms.com\\\/en\\\/#organization\",\"name\":\"SureSMS\",\"url\":\"https:\\\/\\\/suresms.com\\\/en\\\/\",\"logo\":{\"@type\":\"ImageObject\",\"inLanguage\":\"pl-PL\",\"@id\":\"https:\\\/\\\/suresms.com\\\/en\\\/#\\\/schema\\\/logo\\\/image\\\/\",\"url\":\"https:\\\/\\\/suresms.com\\\/wp-content\\\/uploads\\\/2024\\\/11\\\/suresms-300x65-1.png\",\"contentUrl\":\"https:\\\/\\\/suresms.com\\\/wp-content\\\/uploads\\\/2024\\\/11\\\/suresms-300x65-1.png\",\"width\":300,\"height\":65,\"caption\":\"SureSMS\"},\"image\":{\"@id\":\"https:\\\/\\\/suresms.com\\\/en\\\/#\\\/schema\\\/logo\\\/image\\\/\"},\"sameAs\":[\"https:\\\/\\\/www.facebook.com\\\/p\\\/SureSMS-100044607956149\\\/\"]}]}<\/script>\r\n<!-- \/ Yoast SEO Premium plugin. -->","yoast_head_json":{"title":"Fbs \u2192 \u0141atwe tworzenie i szybkie wyniki dzi\u0119ki temu systemowi","description":"Znajd\u017a \u0142atwy system online z us\u0142ugami SMS i szybko \u0142\u0105cz si\u0119 ze swoimi klientami. Nowe i wydajne rozwi\u0105zanie SMS dla fbs.","robots":{"index":"index","follow":"follow","max-snippet":"max-snippet:-1","max-image-preview":"max-image-preview:large","max-video-preview":"max-video-preview:-1"},"canonical":"https:\/\/suresms.com\/pl\/integracje\/integracja-sms-z-systemem-tematycznym\/centralny-biznes\/","og_locale":"pl_PL","og_type":"article","og_title":"SMS L\u00f8sning til F\u00e6lles Bibliotekssystem (FBS) Cicero","og_description":"Lige nu udrulles Cicero (FBS) p\u00e5 folkebiblioteker og p\u00e6dagogiske l\u00e6ringscentre rundt omkring i landet. SureSMS leverer en kvalitets SMS l\u00f8sning fuldt integrerbar med det nye system. Nem ops\u00e6tning, gratis oprettelse og intet abonnement. 14 \u00f8re pr. SMS.","og_url":"https:\/\/suresms.com\/pl\/integracje\/integracja-sms-z-systemem-tematycznym\/centralny-biznes\/","article_publisher":"https:\/\/www.facebook.com\/p\/SureSMS-100044607956149\/","article_modified_time":"2025-01-04T23:12:33+00:00","og_image":[{"width":1200,"height":600,"url":"https:\/\/suresms.com\/wp-content\/uploads\/2016\/10\/SMS-Loesning-til-FBS-1.jpg","type":"image\/jpeg"}],"twitter_card":"summary_large_image","twitter_title":"SMS l\u00f8sning til Business Central","twitter_misc":{"Szacowany czas czytania":"5 minut"},"schema":{"@context":"https:\/\/schema.org","@graph":[{"@type":"WebPage","@id":"https:\/\/suresms.com\/dk\/integrationer\/fagsystem-sms-integration\/businnes-central\/","url":"https:\/\/suresms.com\/dk\/integrationer\/fagsystem-sms-integration\/businnes-central\/","name":"Fbs \u2192 \u0141atwe tworzenie i szybkie wyniki dzi\u0119ki temu systemowi","isPartOf":{"@id":"https:\/\/suresms.com\/en\/#website"},"datePublished":"2024-11-19T19:02:34+00:00","dateModified":"2025-01-04T23:12:33+00:00","description":"Znajd\u017a \u0142atwy system online z us\u0142ugami SMS i szybko \u0142\u0105cz si\u0119 ze swoimi klientami. Nowe i wydajne rozwi\u0105zanie SMS dla fbs.","breadcrumb":{"@id":"https:\/\/suresms.com\/dk\/integrationer\/fagsystem-sms-integration\/businnes-central\/#breadcrumb"},"inLanguage":"pl-PL","potentialAction":[{"@type":"ReadAction","target":["https:\/\/suresms.com\/dk\/integrationer\/fagsystem-sms-integration\/businnes-central\/"]}]},{"@type":"BreadcrumbList","@id":"https:\/\/suresms.com\/dk\/integrationer\/fagsystem-sms-integration\/businnes-central\/#breadcrumb","itemListElement":[{"@type":"ListItem","position":1,"name":"Home","item":"https:\/\/suresms.com\/dk\/"},{"@type":"ListItem","position":2,"name":"Integrationer","item":"https:\/\/suresms.com\/dk\/integrationer\/"},{"@type":"ListItem","position":3,"name":"SMS integration til fagsystemer","item":"https:\/\/suresms.com\/dk\/integrationer\/fagsystem-sms-integration\/"},{"@type":"ListItem","position":4,"name":"SMS l\u00f8sning til Business Central"}]},{"@type":"WebSite","@id":"https:\/\/suresms.com\/en\/#website","url":"https:\/\/suresms.com\/en\/","name":"SureSMS","description":"Profesjonalna bramka SMS","publisher":{"@id":"https:\/\/suresms.com\/en\/#organization"},"potentialAction":[{"@type":"SearchAction","target":{"@type":"EntryPoint","urlTemplate":"https:\/\/suresms.com\/en\/?s={search_term_string}"},"query-input":{"@type":"PropertyValueSpecification","valueRequired":true,"valueName":"search_term_string"}}],"inLanguage":"pl-PL"},{"@type":"Organization","@id":"https:\/\/suresms.com\/en\/#organization","name":"SureSMS","url":"https:\/\/suresms.com\/en\/","logo":{"@type":"ImageObject","inLanguage":"pl-PL","@id":"https:\/\/suresms.com\/en\/#\/schema\/logo\/image\/","url":"https:\/\/suresms.com\/wp-content\/uploads\/2024\/11\/suresms-300x65-1.png","contentUrl":"https:\/\/suresms.com\/wp-content\/uploads\/2024\/11\/suresms-300x65-1.png","width":300,"height":65,"caption":"SureSMS"},"image":{"@id":"https:\/\/suresms.com\/en\/#\/schema\/logo\/image\/"},"sameAs":["https:\/\/www.facebook.com\/p\/SureSMS-100044607956149\/"]}]}},"_links":{"self":[{"href":"https:\/\/suresms.com\/pl\/wp-json\/wp\/v2\/pages\/19014","targetHints":{"allow":["GET"]}}],"collection":[{"href":"https:\/\/suresms.com\/pl\/wp-json\/wp\/v2\/pages"}],"about":[{"href":"https:\/\/suresms.com\/pl\/wp-json\/wp\/v2\/types\/page"}],"author":[{"embeddable":true,"href":"https:\/\/suresms.com\/pl\/wp-json\/wp\/v2\/users\/1"}],"replies":[{"embeddable":true,"href":"https:\/\/suresms.com\/pl\/wp-json\/wp\/v2\/comments?post=19014"}],"version-history":[{"count":5,"href":"https:\/\/suresms.com\/pl\/wp-json\/wp\/v2\/pages\/19014\/revisions"}],"predecessor-version":[{"id":19883,"href":"https:\/\/suresms.com\/pl\/wp-json\/wp\/v2\/pages\/19014\/revisions\/19883"}],"up":[{"embeddable":true,"href":"https:\/\/suresms.com\/pl\/wp-json\/wp\/v2\/pages\/18069"}],"wp:attachment":[{"href":"https:\/\/suresms.com\/pl\/wp-json\/wp\/v2\/media?parent=19014"}],"wp:term":[{"taxonomy":"category","embeddable":true,"href":"https:\/\/suresms.com\/pl\/wp-json\/wp\/v2\/categories?post=19014"},{"taxonomy":"post_tag","embeddable":true,"href":"https:\/\/suresms.com\/pl\/wp-json\/wp\/v2\/tags?post=19014"}],"curies":[{"name":"wp","href":"https:\/\/api.w.org\/{rel}","templated":true}]}}