{"id":18649,"date":"2016-03-02T16:42:36","date_gmt":"2016-03-02T14:42:36","guid":{"rendered":"https:\/\/www.suresms.com\/dk\/?page_id=2100"},"modified":"2025-11-13T14:19:35","modified_gmt":"2025-11-13T14:19:35","slug":"grupa-sms","status":"publish","type":"page","link":"https:\/\/suresms.com\/pl\/funktioner\/gruppe-sms\/","title":{"rendered":"Grupowe wiadomo\u015bci SMS: tworzenie i wysy\u0142anie do grup"},"content":{"rendered":"<!-- Flexy Breadcrumb -->\r\n\t\t\t<div class=\"fbc fbc-page\">\r\n\r\n\t\t\t\t<!-- Breadcrumb wrapper -->\r\n\t\t\t\t<div class=\"fbc-wrap\">\r\n\r\n\t\t\t\t\t<!-- Ordered list-->\r\n\t\t\t\t\t<ol class=\"fbc-items\" itemscope itemtype=\"https:\/\/schema.org\/BreadcrumbList\">\r\n\t\t\t\t\t\t            <li itemprop=\"itemListElement\" itemscope itemtype=\"https:\/\/schema.org\/ListItem\">\r\n                <span itemprop=\"name\">\r\n                    <!-- Home Link -->\r\n                    <a itemprop=\"item\" href=\"https:\/\/suresms.com\/pl\/\">\r\n                    \r\n                                                    <i class=\"fa fa-home\" aria-hidden=\"true\"><\/i>Strona g\u0142\u00f3wna                    <\/a>\r\n                <\/span>\r\n                <meta itemprop=\"position\" content=\"1\" \/><!-- Meta Position-->\r\n             <\/li><li><span class=\"fbc-separator\">\/<\/span><\/li><li class=\"active\" itemprop=\"itemListElement\" itemscope itemtype=\"https:\/\/schema.org\/ListItem\"><span itemprop=\"name\" title=\"Grupowe wiadomo\u015bci SMS: tworzenie i wysy\u0142anie do grup\">Grupowe wiadomo\u015bci SMS: Tworzenie i...<\/span><meta itemprop=\"position\" content=\"2\" \/><\/li>\t\t\t\t\t<\/ol>\r\n\t\t\t\t\t<div class=\"clearfix\"><\/div>\r\n\t\t\t\t<\/div>\r\n\t\t\t<\/div>\r\n\t\t\t\n\t<h1><strong>Grupowe wiadomo\u015bci SMS... Jedna funkcja - wiele mo\u017cliwo\u015bci<\/strong><\/h1>\n\t\t\t\t<img decoding=\"async\" src=\"https:\/\/suresms.com\/wp-content\/uploads\/2020\/11\/TeenagersTexting-1-1.png\" alt=\"Grupa SMS\" itemprop=\"image\" height=\"311\" width=\"948\" title=\"NastolatkiTekst\" onerror=\"this.style.display='none'\" loading=\"lazy\" \/>\n\t<h4>Grupy - Listy - Kluby klient\u00f3w - Newslettery... To wszystko ma wiele nazw! Dzi\u0119ki grupowemu kontu SMS w SureSMS mo\u017cesz \u0142atwo i szybko wysy\u0142a\u0107 wiele wiadomo\u015bci do klient\u00f3w, u\u017cytkownik\u00f3w, pracownik\u00f3w, cz\u0142onk\u00f3w i nie tylko. Przeczytaj poni\u017cej, jak odnie\u015b\u0107 sukces dzi\u0119ki grupowym wiadomo\u015bciom SMS.<\/h4>\n\t<p>Nie tego szuka\u0142e\u015b? Poni\u017cej znajduj\u0105 si\u0119 dwa kr\u00f3tkie przewodniki po grupowych wiadomo\u015bciach SMS na Androida i iPhone'a.<\/p>\n\t\t\t\t\t<a href=\"#\"  id=\"fl-accordion--label-0\" tabindex=\"0\" aria-controls=\"fl-accordion--panel-0\">Grupowe wiadomo\u015bci SMS na Androida<\/a>\n\t\t\t\t\t\t\t\t\t\t\t<a href=\"#\" id=\"fl-accordion--icon-0\"  tabindex=\"0\"><i title=\"Rozwi\u0144\">Rozwi\u0144<\/i><\/a>\n\t\t\t\t\t<h2>Grupowe wiadomo\u015bci SMS na Androida<\/h2>\n<p>Mo\u017cliwe jest wys\u0142anie wiadomo\u015bci SMS do grupy z poziomu zwyk\u0142ej aplikacji SMS na telefonie z systemem Android. Dok\u0142adny spos\u00f3b wykonania tej czynno\u015bci zale\u017cy nieco od interfejsu u\u017cytkownika, w tym zar\u00f3wno od wersji Androida, jak i posiadanego telefonu. Ale og\u00f3lnie rzecz bior\u0105c, ten przewodnik dzia\u0142a, je\u015bli jeste\u015b troch\u0119 kreatywny w zrozumieniu intencji. Czasami przyciski znajduj\u0105 si\u0119 w r\u00f3\u017cnych miejscach i maj\u0105 nieco inne nazwy.<\/p>\n<p>Wad\u0105 grupowych wiadomo\u015bci SMS na Androidzie jest to, \u017ce odpowiedzi trafiaj\u0105 do w\u0105tku danej osoby. Nie mo\u017cna wi\u0119c zobaczy\u0107 odpowiedzi na wiadomo\u015b\u0107 SMS w tym samym w\u0105tku, w kt\u00f3rym zosta\u0142a wys\u0142ana.<\/p>\n<p>Po pierwsze, nale\u017cy zmieni\u0107 spos\u00f3b wysy\u0142ania wiadomo\u015bci grupowych:<\/p>\n<ol>\n<li>\n<ol>\n<li>Najpierw nale\u017cy otworzy\u0107 \"Wiadomo\u015bci\"<\/li>\n<\/ol>\n<\/li>\n<\/ol>\n<p>&nbsp;<\/p>\n<ol>\n<li>\n<ol>\n<li>Nast\u0119pnie dotknij wi\u0119cej <img decoding=\"async\" src=\"https:\/\/lh3.googleusercontent.com\/371ki_ho7Q7_dJxxV12NuChwxiAZagKhHiP1EKLXEGmTJjm5pOTKd9hkWdvSZm5eKw=w36-h36\" alt=\"Wi\u0119cej\" \/> a nast\u0119pnie na<\/li>\n<\/ol>\n<\/li>\n<\/ol>\n<p>&nbsp;<\/p>\n<ol>\n<li>\n<ol>\n<li>Ustawienia i preferencje <img loading=\"lazy\" decoding=\"async\" src=\"https:\/\/lh3.googleusercontent.com\/3_l97rr0GvhSP2XV5OoCkV2ZDTIisAOczrSdzNCBxhIKWrjXjHucxNwocghoUa39gw=w36-h36\" alt=\"Grupowa wiadomo\u015b\u0107 SMS krok 2\" width=\"24\" height=\"24\" \/>Zaawansowany <img loading=\"lazy\" decoding=\"async\" src=\"https:\/\/lh3.googleusercontent.com\/3_l97rr0GvhSP2XV5OoCkV2ZDTIisAOczrSdzNCBxhIKWrjXjHucxNwocghoUa39gw=w36-h36\" alt=\"Grupowa wiadomo\u015b\u0107 SMS krok 1\" width=\"24\" height=\"24\" \/>Wiadomo\u015bci grupowe<\/li>\n<\/ol>\n<\/li>\n<\/ol>\n<p>&nbsp;<\/p>\n<ol>\n<li>\n<ol>\n<li>Nast\u0119pnie wybierz \"masowe wiadomo\u015bci SMS\" lub \"grupowe wiadomo\u015bci SMS\" jako domy\u015blne.<\/li>\n<\/ol>\n<\/li>\n<\/ol>\n<p>&nbsp;<\/p>\n<p>Teraz mo\u017cesz wybra\u0107 wielu odbiorc\u00f3w lub grup podczas tworzenia nowej wiadomo\u015bci SMS.<\/p>\n<p>&nbsp;<\/p>\n\t\t\t\t\t<a href=\"#\"  id=\"fl-accordion--label-0\" tabindex=\"0\" aria-controls=\"fl-accordion--panel-0\">Grupowe wiadomo\u015bci SMS na telefonie iPhone<\/a>\n\t\t\t\t\t\t\t\t\t\t\t<a href=\"#\" id=\"fl-accordion--icon-0\"  tabindex=\"0\"><i title=\"Rozwi\u0144\">Rozwi\u0144<\/i><\/a>\n\t\t\t\t\t<p>Apple stworzy\u0142o bardzo fajny przewodnik po wysy\u0142aniu grupowych wiadomo\u015bci SMS z iPhone'a. Mo\u017cna go zobaczy\u0107 tutaj: <a href=\"https:\/\/support.apple.com\/da-dk\/HT202724\" target=\"_blank\" rel=\"noopener\">Grupowe wiadomo\u015bci SMS z iPhone'a.<\/a><\/p>\n\t<h2>Informacje o grupowych wiadomo\u015bciach SMS<\/h2>\n<p>Wysy\u0142anie grupowych wiadomo\u015bci tekstowych do klient\u00f3w, u\u017cytkownik\u00f3w, cz\u0142onk\u00f3w i innych grup jest jedn\u0105 z najcz\u0119\u015bciej u\u017cywanych funkcji naszego rozwi\u0105zania. Niezale\u017cnie od tego, czy jest to firma wysy\u0142aj\u0105ca oferty do klient\u00f3w, organizacja wysy\u0142aj\u0105ca biuletyny i wydarzenia do cz\u0142onk\u00f3w, czy agencja pracy tymczasowej wysy\u0142aj\u0105ca informacje do pracownik\u00f3w o nadchodz\u0105cych zmianach. Grupy i listy to prosty i tani spos\u00f3b na wysy\u0142anie informacji, kt\u00f3re s\u0105 faktycznie CZYTANE przez odbiorc\u0119!<\/p>\n<p>Dost\u0119p do naszego nadawcy SMS bezpo\u015brednio z naszej strony internetowej. Z tego miejsca mo\u017cna szybko i \u0142atwo utworzy\u0107 grup\u0119 i wysy\u0142a\u0107 wiadomo\u015bci SMS do ca\u0142ej grupy. Oszcz\u0119dzasz czas pisania i otrzymujesz szybki i \u0142atwy przegl\u0105d wys\u0142anych wiadomo\u015bci SMS. Mo\u017cna to zrobi\u0107 bezpo\u015brednio z komputera.<\/p>\n\t<h2>Korzy\u015bci z grupowych wiadomo\u015bci SMS<\/h2>\n\n<ul> \t\n<li>Wszyscy odbiorcy natychmiast otrzymuj\u0105 potrzebne informacje.<\/li>\n\n<li>Zdecyduj si\u0119 na w\u0142asn\u0105 nazw\u0119 nadawcy, np. Biblioteka - zapewnia to branding w\u0142asnej firmy\/produktu.<\/li>\n\n<li>Funkcje scalania - np. \"Droga Nino...\" lub inne informacje<\/li>\n\n<li>\u0141atwy import wszystkich odbiorc\u00f3w z programu Excel (za po\u015brednictwem plik\u00f3w .csv).<\/li>\n\n<li>Zaplanuj czas wysy\u0142ania wiadomo\u015bci SMS i przekazuj informacje we w\u0142a\u015bciwym czasie.<\/li>\n\n<li>Tworzenie nieograniczonej liczby grup i kontakt\u00f3w.<\/li>\n\n<li>Zobacz histori\u0119 statusu dor\u0119czenia do wszystkich odbiorc\u00f3w.<\/li>\n<\/ul>\n<p>Je\u015bli wolisz pracowa\u0107 na iPadzie, tablecie lub telefonie kom\u00f3rkowym, nie ma problemu. Nasz interfejs sieciowy dzia\u0142a na wszystkich urz\u0105dzeniach i we wszystkich przegl\u0105darkach.<\/p>\n\t<p>Obejrzyj nasz kr\u00f3tki film instrukta\u017cowy poni\u017cej:<\/p>\n\t\t\t\t\t<video src=\"https:\/\/suresms.com\/wp-content\/uploads\/2024\/10\/Dokumentation-Skabeloner-i-beskeder.mp4\" alt=\"hosted-video-thumbnail\"><\/video>\n\t<p><strong>Tworzenie kontakt\u00f3w i grup:<\/strong><\/p>\n<ol>\n<li>Utw\u00f3rz kontakty w ksi\u0105\u017cce adresowej.<\/li>\n<li>Utw\u00f3rz grup\u0119 i wybierz kontakty, kt\u00f3re powinny si\u0119 w niej znale\u017a\u0107.<\/li>\n<li>Napisz wiadomo\u015b\u0107 i naci\u015bnij przycisk Wy\u015blij!<\/li>\n<li>Zosta\u0142a wys\u0142ana grupowa wiadomo\u015b\u0107 tekstowa.<\/li>\n<\/ol>\nPo lewej stronie mo\u017cna szybko utworzy\u0107 konto testowe z 50 darmowymi wiadomo\u015bciami SMS i samodzielnie wypr\u00f3bowa\u0107 grupowe wiadomo\u015bci SMS.\u00a0<strong><br \/>\n<\/strong>\n<p>Mo\u017cesz r\u00f3wnie\u017c przeczyta\u0107 ca\u0142\u0105 <a href=\"https:\/\/suresms.com\/pl\/dokumenty\/ksiazka-adresowa\/grupy-i-listy\/\">przewodnik tutaj.\u00a0<\/a><\/p>\n\t<h3>Wi\u0119cej funkcji dzi\u0119ki grupowym wiadomo\u015bciom SMS.<\/h3>\n\t<ul>\n\t\t<li>\t\t\t\t\n\t\t<h3>Wszystkie grupy, kt\u00f3re chcesz<\/h3><p>W naszym nadawcy GroupSMS nie ma ogranicze\u0144 co do liczby grup. Mo\u017cesz tworzy\u0107 dowolne grupy. Wszyscy odbiorcy mog\u0105 nale\u017ce\u0107 do tej samej grupy, a grupy mog\u0105 sk\u0142ada\u0107 si\u0119 tylko z kilku os\u00f3b.<\/p><\/li><li>\t\t\t\t\n\t\t<h3>Wszyscy odbiorcy, kt\u00f3rych chcesz<\/h3><p>Liczba odbiorc\u00f3w nie jest ograniczona. Mo\u017cesz utworzy\u0107 dowoln\u0105 liczb\u0119 odbiorc\u00f3w. Niekt\u00f3rzy z naszych klient\u00f3w maj\u0105 do 100 000 odbiorc\u00f3w w swojej grupie i wysy\u0142aj\u0105 SMS-y do wszystkich odbiorc\u00f3w jednocze\u015bnie.<\/p><\/li><li>\t\t\t\t\n\t\t<h3>\u0141atwa rejestracja<\/h3><p>Istnieje wiele sposob\u00f3w na do\u0142\u0105czenie do grupy. Umo\u017cliwiamy umieszczenie formularza rejestracji na w\u0142asnej stronie internetowej, rejestracj\u0119 za po\u015brednictwem wiadomo\u015bci SMS lub e-mail, a tak\u017ce \u0142atwe u\u017cycie kodu QR do rejestracji, na przyk\u0142ad w sklepie stacjonarnym.<\/p><\/li><li>\t\t\t\t\n\t\t<h3>Wy\u015blij przez SMS<\/h3><p>Nasze grupowe wiadomo\u015bci SMS r\u00f3wnie\u017c umo\u017cliwiaj\u0105 wysy\u0142anie wiadomo\u015bci SMS. Oznacza to, \u017ce wysy\u0142asz jedn\u0105 wiadomo\u015b\u0107 SMS do SureSMS, kt\u00f3ry nast\u0119pnie wysy\u0142a t\u0119 sam\u0105 wiadomo\u015b\u0107 SMS do ca\u0142ej listy.<\/p><\/li>\t<\/ul>\n\t<p>&nbsp;<\/p>\n<p><a href=\"mailto:support@suresms.com\">Napisz do nas<\/a>je\u015bli masz jakiekolwiek pytania dotycz\u0105ce funkcji grupowych wiadomo\u015bci SMS.<\/p>\n\t<h4><strong>\u00a0Tutaj mo\u017cesz przeczyta\u0107 kilka przyk\u0142ad\u00f3w tego, jak nasi klienci korzystaj\u0105 dzi\u015b z funkcji \"Grupowe SMS-y\"<\/strong><\/h4>\n\n<ul> \t\n<li>\u015aredniej wielko\u015bci firma transportowa z Jutlandii wykorzystuje grupowe wiadomo\u015bci SMS do wysy\u0142ania zada\u0144 do swoich kierowc\u00f3w. Wysy\u0142ane wiadomo\u015bci SMS zawieraj\u0105 informacje logistyczne dotycz\u0105ce towar\u00f3w, lokalizacji i odbioru.<\/li>\n\n<li>Firma zajmuj\u0105ca si\u0119 grami online zdobywa nowych klient\u00f3w, wysy\u0142aj\u0105c swoim u\u017cytkownikom grupowe wiadomo\u015bci tekstowe z linkami do mo\u017cliwych gier online.<\/li>\n\n<li>W du\u0144skim szpitalu kierownik sto\u0142\u00f3wki regularnie wysy\u0142a grupowe wiadomo\u015bci tekstowe do szcz\u0119\u015bliwego personelu o wydarzeniach towarzyskich i wa\u017cnych wydarzeniach: \"Dzi\u015b w sto\u0142\u00f3wce jest ciasto!\" lub \"Jutro \u015bwi\u0119tujemy lato pi\u0105tkowym grillem na dziedzi\u0144cu\". lub \"Jutro \u015bwi\u0119tujemy lato pi\u0105tkowym grillem na dziedzi\u0144cu!\".<\/li>\n<\/ul>","protected":false},"excerpt":{"rendered":"<p>Grupowe wiadomo\u015bci SMS... Jedna funkcja - wiele mo\u017cliwo\u015bci Grupy - Listy - Kluby klient\u00f3w - Newslettery... To wiele nazw! Z kontem Group SMS w SureSMS mo\u017cesz \u0142atwo i szybko wysy\u0142a\u0107 wiele wiadomo\u015bci do klient\u00f3w, u\u017cytkownik\u00f3w, pracownik\u00f3w, cz\u0142onk\u00f3w i nie tylko. Przeczytaj poni\u017cej, jak odnie\u015b\u0107 sukces dzi\u0119ki grupowym wiadomo\u015bciom SMS. Czy nie tego w\u0142a\u015bnie ... <a title=\"Grupowe wiadomo\u015bci SMS: tworzenie i wysy\u0142anie do grup\" class=\"read-more\" href=\"https:\/\/suresms.com\/pl\/funktioner\/gruppe-sms\/\" aria-label=\"Dowiedz si\u0119 wi\u0119cej o grupowych wiadomo\u015bciach SMS: tworzenie i wysy\u0142anie do grup\">Dowiedz si\u0119 wi\u0119cej<\/a><\/p>","protected":false},"author":1,"featured_media":0,"parent":958,"menu_order":12,"comment_status":"closed","ping_status":"closed","template":"","meta":{"_fl_builder_enabled":"1","_fl_builder_data":null,"_fl_builder_draft":null,"_fl_builder_data_settings":null,"_fl_builder_css":"","_fl_builder_css_version":"","_fl_builder_js":"","footnotes":""},"categories":[17],"tags":[],"class_list":{"0":"post-18649","1":"page","2":"type-page","3":"status-publish","5":"category-linkfracornorstone"},"yoast_head":"<!-- This site is optimized with the Yoast SEO Premium plugin v27.3 (Yoast SEO v27.3) - https:\/\/yoast.com\/product\/yoast-seo-premium-wordpress\/ -->\r\n<title>Gruppe SMS: Opret &amp; send til grupper - gratis konto<\/title>\r\n<meta name=\"description\" content=\"L\u00e6s om vores gruppe SMS sender og dens utallige gratis funktioner. Kraftig og fleksibel .SMS gateway med ubegr\u00e6nset antal grupper.\" \/>\r\n<meta name=\"robots\" content=\"index, follow, max-snippet:-1, max-image-preview:large, max-video-preview:-1\" \/>\r\n<link rel=\"canonical\" href=\"https:\/\/suresms.com\/pl\/cechy\/grupa-sms\/\" \/>\r\n<meta property=\"og:locale\" content=\"pl_PL\" \/>\r\n<meta property=\"og:type\" content=\"article\" \/>\r\n<meta property=\"og:title\" content=\"Gruppe SMS: Opret &amp; send til grupper\" \/>\r\n<meta property=\"og:description\" content=\"L\u00e6s om vores gruppe SMS sender og dens utallige gratis funktioner. Kraftig og fleksibel .SMS gateway med ubegr\u00e6nset antal grupper.\" \/>\r\n<meta property=\"og:url\" content=\"https:\/\/suresms.com\/pl\/cechy\/grupa-sms\/\" \/>\r\n<meta property=\"article:publisher\" content=\"https:\/\/www.facebook.com\/p\/SureSMS-100044607956149\/\" \/>\r\n<meta property=\"article:modified_time\" content=\"2025-11-13T14:19:35+00:00\" \/>\r\n<meta property=\"og:image\" content=\"https:\/\/suresms.com\/wp-content\/uploads\/2020\/11\/TeenagersTexting-1-1.png\" \/>\r\n<meta name=\"twitter:card\" content=\"summary_large_image\" \/>\r\n<meta name=\"twitter:label1\" content=\"Szacowany czas czytania\" \/>\n\t<meta name=\"twitter:data1\" content=\"7 minut\" \/>\r\n<script type=\"application\/ld+json\" class=\"yoast-schema-graph\">{\"@context\":\"https:\\\/\\\/schema.org\",\"@graph\":[{\"@type\":\"WebPage\",\"@id\":\"https:\\\/\\\/suresms.com\\\/dk\\\/funktioner\\\/gruppe-sms\\\/\",\"url\":\"https:\\\/\\\/suresms.com\\\/dk\\\/funktioner\\\/gruppe-sms\\\/\",\"name\":\"Gruppe SMS: Opret &amp; send til grupper - gratis konto\",\"isPartOf\":{\"@id\":\"https:\\\/\\\/suresms.com\\\/en\\\/#website\"},\"primaryImageOfPage\":{\"@id\":\"https:\\\/\\\/suresms.com\\\/dk\\\/funktioner\\\/gruppe-sms\\\/#primaryimage\"},\"image\":{\"@id\":\"https:\\\/\\\/suresms.com\\\/dk\\\/funktioner\\\/gruppe-sms\\\/#primaryimage\"},\"thumbnailUrl\":\"https:\\\/\\\/suresms.com\\\/wp-content\\\/uploads\\\/2020\\\/11\\\/TeenagersTexting-1-1.png\",\"datePublished\":\"2016-03-02T14:42:36+00:00\",\"dateModified\":\"2025-11-13T14:19:35+00:00\",\"description\":\"L\u00e6s om vores gruppe SMS sender og dens utallige gratis funktioner. Kraftig og fleksibel .SMS gateway med ubegr\u00e6nset antal grupper.\",\"breadcrumb\":{\"@id\":\"https:\\\/\\\/suresms.com\\\/dk\\\/funktioner\\\/gruppe-sms\\\/#breadcrumb\"},\"inLanguage\":\"pl-PL\",\"potentialAction\":[{\"@type\":\"ReadAction\",\"target\":[\"https:\\\/\\\/suresms.com\\\/dk\\\/funktioner\\\/gruppe-sms\\\/\"]}]},{\"@type\":\"ImageObject\",\"inLanguage\":\"pl-PL\",\"@id\":\"https:\\\/\\\/suresms.com\\\/dk\\\/funktioner\\\/gruppe-sms\\\/#primaryimage\",\"url\":\"https:\\\/\\\/suresms.com\\\/wp-content\\\/uploads\\\/2020\\\/11\\\/TeenagersTexting-1-1.png\",\"contentUrl\":\"https:\\\/\\\/suresms.com\\\/wp-content\\\/uploads\\\/2020\\\/11\\\/TeenagersTexting-1-1.png\"},{\"@type\":\"BreadcrumbList\",\"@id\":\"https:\\\/\\\/suresms.com\\\/dk\\\/funktioner\\\/gruppe-sms\\\/#breadcrumb\",\"itemListElement\":[{\"@type\":\"ListItem\",\"position\":1,\"name\":\"Home\",\"item\":\"https:\\\/\\\/suresms.com\\\/dk\\\/\"},{\"@type\":\"ListItem\",\"position\":2,\"name\":\"Funktioner\",\"item\":\"https:\\\/\\\/suresms.com\\\/dk\\\/funktioner\\\/\"},{\"@type\":\"ListItem\",\"position\":3,\"name\":\"Gruppe SMS: Opret &amp; send til grupper\"}]},{\"@type\":\"WebSite\",\"@id\":\"https:\\\/\\\/suresms.com\\\/en\\\/#website\",\"url\":\"https:\\\/\\\/suresms.com\\\/en\\\/\",\"name\":\"SureSMS\",\"description\":\"Professionel SMS Gateway\",\"publisher\":{\"@id\":\"https:\\\/\\\/suresms.com\\\/en\\\/#organization\"},\"potentialAction\":[{\"@type\":\"SearchAction\",\"target\":{\"@type\":\"EntryPoint\",\"urlTemplate\":\"https:\\\/\\\/suresms.com\\\/en\\\/?s={search_term_string}\"},\"query-input\":{\"@type\":\"PropertyValueSpecification\",\"valueRequired\":true,\"valueName\":\"search_term_string\"}}],\"inLanguage\":\"pl-PL\"},{\"@type\":\"Organization\",\"@id\":\"https:\\\/\\\/suresms.com\\\/en\\\/#organization\",\"name\":\"SureSMS\",\"url\":\"https:\\\/\\\/suresms.com\\\/en\\\/\",\"logo\":{\"@type\":\"ImageObject\",\"inLanguage\":\"pl-PL\",\"@id\":\"https:\\\/\\\/suresms.com\\\/en\\\/#\\\/schema\\\/logo\\\/image\\\/\",\"url\":\"https:\\\/\\\/suresms.com\\\/wp-content\\\/uploads\\\/2024\\\/11\\\/suresms-300x65-1.png\",\"contentUrl\":\"https:\\\/\\\/suresms.com\\\/wp-content\\\/uploads\\\/2024\\\/11\\\/suresms-300x65-1.png\",\"width\":300,\"height\":65,\"caption\":\"SureSMS\"},\"image\":{\"@id\":\"https:\\\/\\\/suresms.com\\\/en\\\/#\\\/schema\\\/logo\\\/image\\\/\"},\"sameAs\":[\"https:\\\/\\\/www.facebook.com\\\/p\\\/SureSMS-100044607956149\\\/\"]}]}<\/script>\r\n<!-- \/ Yoast SEO Premium plugin. -->","yoast_head_json":{"title":"Grupowe wiadomo\u015bci SMS: tworzenie i wysy\u0142anie do grup - darmowe konto","description":"Przeczytaj o naszym grupowym nadawcy SMS i jego niezliczonych bezp\u0142atnych funkcjach. Pot\u0119\u017cna i elastyczna bramka .SMS z nieograniczon\u0105 liczb\u0105 grup.","robots":{"index":"index","follow":"follow","max-snippet":"max-snippet:-1","max-image-preview":"max-image-preview:large","max-video-preview":"max-video-preview:-1"},"canonical":"https:\/\/suresms.com\/pl\/cechy\/grupa-sms\/","og_locale":"pl_PL","og_type":"article","og_title":"Gruppe SMS: Opret &amp; send til grupper","og_description":"L\u00e6s om vores gruppe SMS sender og dens utallige gratis funktioner. Kraftig og fleksibel .SMS gateway med ubegr\u00e6nset antal grupper.","og_url":"https:\/\/suresms.com\/pl\/cechy\/grupa-sms\/","article_publisher":"https:\/\/www.facebook.com\/p\/SureSMS-100044607956149\/","article_modified_time":"2025-11-13T14:19:35+00:00","og_image":[{"url":"https:\/\/suresms.com\/wp-content\/uploads\/2020\/11\/TeenagersTexting-1-1.png","type":"","width":"","height":""}],"twitter_card":"summary_large_image","twitter_misc":{"Szacowany czas czytania":"7 minut"},"schema":{"@context":"https:\/\/schema.org","@graph":[{"@type":"WebPage","@id":"https:\/\/suresms.com\/dk\/funktioner\/gruppe-sms\/","url":"https:\/\/suresms.com\/dk\/funktioner\/gruppe-sms\/","name":"Grupowe wiadomo\u015bci SMS: tworzenie i wysy\u0142anie do grup - darmowe konto","isPartOf":{"@id":"https:\/\/suresms.com\/en\/#website"},"primaryImageOfPage":{"@id":"https:\/\/suresms.com\/dk\/funktioner\/gruppe-sms\/#primaryimage"},"image":{"@id":"https:\/\/suresms.com\/dk\/funktioner\/gruppe-sms\/#primaryimage"},"thumbnailUrl":"https:\/\/suresms.com\/wp-content\/uploads\/2020\/11\/TeenagersTexting-1-1.png","datePublished":"2016-03-02T14:42:36+00:00","dateModified":"2025-11-13T14:19:35+00:00","description":"Przeczytaj o naszym grupowym nadawcy SMS i jego niezliczonych bezp\u0142atnych funkcjach. Pot\u0119\u017cna i elastyczna bramka .SMS z nieograniczon\u0105 liczb\u0105 grup.","breadcrumb":{"@id":"https:\/\/suresms.com\/dk\/funktioner\/gruppe-sms\/#breadcrumb"},"inLanguage":"pl-PL","potentialAction":[{"@type":"ReadAction","target":["https:\/\/suresms.com\/dk\/funktioner\/gruppe-sms\/"]}]},{"@type":"ImageObject","inLanguage":"pl-PL","@id":"https:\/\/suresms.com\/dk\/funktioner\/gruppe-sms\/#primaryimage","url":"https:\/\/suresms.com\/wp-content\/uploads\/2020\/11\/TeenagersTexting-1-1.png","contentUrl":"https:\/\/suresms.com\/wp-content\/uploads\/2020\/11\/TeenagersTexting-1-1.png"},{"@type":"BreadcrumbList","@id":"https:\/\/suresms.com\/dk\/funktioner\/gruppe-sms\/#breadcrumb","itemListElement":[{"@type":"ListItem","position":1,"name":"Home","item":"https:\/\/suresms.com\/dk\/"},{"@type":"ListItem","position":2,"name":"Funktioner","item":"https:\/\/suresms.com\/dk\/funktioner\/"},{"@type":"ListItem","position":3,"name":"Gruppe SMS: Opret &amp; send til grupper"}]},{"@type":"WebSite","@id":"https:\/\/suresms.com\/en\/#website","url":"https:\/\/suresms.com\/en\/","name":"SureSMS","description":"Profesjonalna bramka SMS","publisher":{"@id":"https:\/\/suresms.com\/en\/#organization"},"potentialAction":[{"@type":"SearchAction","target":{"@type":"EntryPoint","urlTemplate":"https:\/\/suresms.com\/en\/?s={search_term_string}"},"query-input":{"@type":"PropertyValueSpecification","valueRequired":true,"valueName":"search_term_string"}}],"inLanguage":"pl-PL"},{"@type":"Organization","@id":"https:\/\/suresms.com\/en\/#organization","name":"SureSMS","url":"https:\/\/suresms.com\/en\/","logo":{"@type":"ImageObject","inLanguage":"pl-PL","@id":"https:\/\/suresms.com\/en\/#\/schema\/logo\/image\/","url":"https:\/\/suresms.com\/wp-content\/uploads\/2024\/11\/suresms-300x65-1.png","contentUrl":"https:\/\/suresms.com\/wp-content\/uploads\/2024\/11\/suresms-300x65-1.png","width":300,"height":65,"caption":"SureSMS"},"image":{"@id":"https:\/\/suresms.com\/en\/#\/schema\/logo\/image\/"},"sameAs":["https:\/\/www.facebook.com\/p\/SureSMS-100044607956149\/"]}]}},"_links":{"self":[{"href":"https:\/\/suresms.com\/pl\/wp-json\/wp\/v2\/pages\/18649","targetHints":{"allow":["GET"]}}],"collection":[{"href":"https:\/\/suresms.com\/pl\/wp-json\/wp\/v2\/pages"}],"about":[{"href":"https:\/\/suresms.com\/pl\/wp-json\/wp\/v2\/types\/page"}],"author":[{"embeddable":true,"href":"https:\/\/suresms.com\/pl\/wp-json\/wp\/v2\/users\/1"}],"replies":[{"embeddable":true,"href":"https:\/\/suresms.com\/pl\/wp-json\/wp\/v2\/comments?post=18649"}],"version-history":[{"count":9,"href":"https:\/\/suresms.com\/pl\/wp-json\/wp\/v2\/pages\/18649\/revisions"}],"predecessor-version":[{"id":23543,"href":"https:\/\/suresms.com\/pl\/wp-json\/wp\/v2\/pages\/18649\/revisions\/23543"}],"up":[{"embeddable":true,"href":"https:\/\/suresms.com\/pl\/wp-json\/wp\/v2\/pages\/958"}],"wp:attachment":[{"href":"https:\/\/suresms.com\/pl\/wp-json\/wp\/v2\/media?parent=18649"}],"wp:term":[{"taxonomy":"category","embeddable":true,"href":"https:\/\/suresms.com\/pl\/wp-json\/wp\/v2\/categories?post=18649"},{"taxonomy":"post_tag","embeddable":true,"href":"https:\/\/suresms.com\/pl\/wp-json\/wp\/v2\/tags?post=18649"}],"curies":[{"name":"wp","href":"https:\/\/api.w.org\/{rel}","templated":true}]}}