{"id":18648,"date":"2015-12-14T15:47:13","date_gmt":"2015-12-14T13:47:13","guid":{"rendered":"https:\/\/www.suresms.com\/dk\/?page_id=1404"},"modified":"2024-12-05T15:38:05","modified_gmt":"2024-12-05T15:38:05","slug":"wysylanie-wiadomosci-tekstowych-z-okreslonym-czasem","status":"publish","type":"page","link":"https:\/\/suresms.com\/pl\/funktioner\/send-tidsindstillede-sms-beskeder\/","title":{"rendered":"Zaplanowane wiadomo\u015bci SMS - Zaplanuj wiadomo\u015bci"},"content":{"rendered":"<!-- Flexy Breadcrumb -->\r\n\t\t\t<div class=\"fbc fbc-page\">\r\n\r\n\t\t\t\t<!-- Breadcrumb wrapper -->\r\n\t\t\t\t<div class=\"fbc-wrap\">\r\n\r\n\t\t\t\t\t<!-- Ordered list-->\r\n\t\t\t\t\t<ol class=\"fbc-items\" itemscope itemtype=\"https:\/\/schema.org\/BreadcrumbList\">\r\n\t\t\t\t\t\t            <li itemprop=\"itemListElement\" itemscope itemtype=\"https:\/\/schema.org\/ListItem\">\r\n                <span itemprop=\"name\">\r\n                    <!-- Home Link -->\r\n                    <a itemprop=\"item\" href=\"https:\/\/suresms.com\/pl\/\">\r\n                    \r\n                                                    <i class=\"fa fa-home\" aria-hidden=\"true\"><\/i>Strona g\u0142\u00f3wna                    <\/a>\r\n                <\/span>\r\n                <meta itemprop=\"position\" content=\"1\" \/><!-- Meta Position-->\r\n             <\/li><li><span class=\"fbc-separator\">\/<\/span><\/li><li class=\"active\" itemprop=\"itemListElement\" itemscope itemtype=\"https:\/\/schema.org\/ListItem\"><span itemprop=\"name\" title=\"Zaplanowane wiadomo\u015bci SMS - Zaplanuj wiadomo\u015bci\">Czasowe wiadomo\u015bci SMS -...<\/span><meta itemprop=\"position\" content=\"2\" \/><\/li>\t\t\t\t\t<\/ol>\r\n\t\t\t\t\t<div class=\"clearfix\"><\/div>\r\n\t\t\t\t<\/div>\r\n\t\t\t<\/div>\r\n\t\t\t\n<h2>\n\t\tPlanowanie wiadomo\u015bci\n\t<\/h2>\n\t<p>SureSMS posiada wbudowany kalendarz. Funkcja ta pozwala zdecydowa\u0107 i ustawi\u0107, kiedy wiadomo\u015bci zostan\u0105 wys\u0142ane.<\/p>\n\t\t<h3>Przypomnienia SMS<\/h3><p>Prawdopodobnie najcz\u0119stszym zastosowaniem bramek SMS w Danii jest obecnie wysy\u0142anie przypomnie\u0144. Prawdopodobnie znasz to od fryzjera, dentysty, mechanika, biblioteki i wielu innych miejsc.<\/p>\n<p>Zazwyczaj system u\u017cywany przez fryzjera, dentyst\u0119 lub bibliotek\u0119 (system \u017ar\u00f3d\u0142owy) jest po\u0142\u0105czony z bramk\u0105 SMS. Gdy w systemie \u017ar\u00f3d\u0142owym wyst\u0105pi zdarzenie - na przyk\u0142ad zwrot ksi\u0105\u017cki - system \u017ar\u00f3d\u0142owy wysy\u0142a wiadomo\u015b\u0107 do bramki SMS w celu wys\u0142ania wiadomo\u015bci. Zadaniem bramki SMS jest zapewnienie dostarczenia wiadomo\u015bci SMS.<\/p>\n\t\t<h3>Zaplanuj wysy\u0142anie wiadomo\u015bci SMS<\/h3><p>Umo\u017cliwienie naszej bramie wysy\u0142ania zaplanowanych wiadomo\u015bci i przypomnie\u0144 do u\u017cytkownik\u00f3w jest \u0142atw\u0105 i prost\u0105 funkcj\u0105, z kt\u00f3rej korzysta wielu naszych klient\u00f3w.<\/p>\n<p>Niezale\u017cnie od tego, czy jest to instruktor jogi wysy\u0142aj\u0105cy wiadomo\u015bci o zaj\u0119ciach, czy dentysta wysy\u0142aj\u0105cy powiadomienia o wizytach kontrolnych. To klasyczna funkcja Gateway z wieloma mo\u017cliwo\u015bciami.<\/p>\n\t\t<h3>Zaplanuj wysy\u0142k\u0119 do list<\/h3><p>SureSMS ma funkcj\u0119 PREMIUM, kt\u00f3ra obs\u0142uguje ustawianie wiadomo\u015bci do wysy\u0142ania codziennie, w dni powszednie, co tydzie\u0144, co miesi\u0105c lub co rok. U nas wszyscy klienci s\u0105 klientami Premium!<\/p>\n\t\t<h3>Komputer nie powinien by\u0107 w\u0142\u0105czony<\/h3><p>System wy\u015ble wiadomo\u015bci niezale\u017cnie od tego, czy komputer jest w\u0142\u0105czony, czy nie, poniewa\u017c wiadomo\u015b\u0107 znajduje si\u0119 ju\u017c na naszym serwerze.<\/p>\n<p>A nasze serwery s\u0105 ZAWSZE w\u0142\u0105czone!<\/p>\n\t\t<h3>Cofnij zaplanowane wiadomo\u015bci<\/h3><p>Zaplanowane wiadomo\u015bci mo\u017cna zawsze usun\u0105\u0107. Podobnie jak w przypadku skrzynki odbiorczej i nadawczej w kliencie pocztowym, istnieje r\u00f3wnie\u017c folder \"Zaplanowane wiadomo\u015bci\", w kt\u00f3rym przechowywane s\u0105 wszystkie wiadomo\u015bci zaplanowane na przysz\u0142o\u015b\u0107. Znalezienie i edytowanie wiadomo\u015bci jest \u0142atwe i proste.<\/p>\n\t<iframe loading=\"lazy\" src=\"https:\/\/youtube.com\/embed\/98gDGwR5hYU?rel=0\" width=\"560\" height=\"315\" frameborder=\"0\" allowfullscreen=\"allowfullscreen\"><\/iframe>\n\t<p><strong>Jak \u0142atwo jest zaplanowa\u0107 wysy\u0142anie wiadomo\u015bci SMS<\/strong><\/p>\n<ol>\n<li>Wpisz wiadomo\u015b\u0107 w polu tekstowym<\/li>\n<li>Kliknij przycisk \"Wi\u0119cej\" w menu<\/li>\n<li>Wybierz dat\u0119 i godzin\u0119 wysy\u0142ki<\/li>\n<li>Kliknij Wy\u015blij!<\/li>\n<\/ol>\n<p>Nie masz jeszcze konta? Na tej stronie mo\u017cesz szybko utworzy\u0107 konto testowe z 50 darmowymi SMS-ami!<\/p>\n\t<h4><strong>Tutaj mo\u017cesz przeczyta\u0107 kilka przyk\u0142ad\u00f3w tego, jak nasi klienci obecnie korzystaj\u0105 z tej funkcji: \"Timed SMS\".<\/strong><\/h4>\n<ul>\n<li>Autoryzowany przez pa\u0144stwo podiatra wykorzystuje wiadomo\u015bci SMS do wysy\u0142ania powiadomie\u0144 do klient\u00f3w, aby nie zapomnieli o zarezerwowanej wizycie. Oznacza to mniej anulowanych wizyt dla ma\u0142ej firmy, kt\u00f3ra jest finansowo zale\u017cna od pe\u0142nego kalendarza.<\/li>\n<li>Jutlandzka firma zajmuj\u0105ca si\u0119 sprzeda\u017c\u0105 odzie\u017cy korporacyjnej korzysta z funkcji czasowych wiadomo\u015bci SMS do wysy\u0142ania klientom wiadomo\u015bci o odbiorze towar\u00f3w.<\/li>\n<li>\"Pami\u0119taj, aby zapisa\u0107 si\u0119 na p\u0142ywanie dla dzieci\" to jedna z wiadomo\u015bci, kt\u00f3re lokalny klub sportowy wysy\u0142a za po\u015brednictwem naszej strony internetowej na kilka dni przed rozpocz\u0119ciem kolejnych zaj\u0119\u0107.<\/li>\n<\/ul>","protected":false},"excerpt":{"rendered":"<p>Planowanie wiadomo\u015bci SureSMS ma wbudowany kalendarz. Funkcja ta pozwala zdecydowa\u0107 i ustawi\u0107, kiedy wiadomo\u015bci zostan\u0105 wys\u0142ane. Przypomnienia SMS Prawdopodobnie najcz\u0119stszym zastosowaniem bramek SMS w Danii jest obecnie wysy\u0142anie przypomnie\u0144. Prawdopodobnie znasz to od fryzjera, dentysty, mechanika, biblioteki... <a title=\"Zaplanowane wiadomo\u015bci SMS - Zaplanuj wiadomo\u015bci\" class=\"read-more\" href=\"https:\/\/suresms.com\/pl\/funktioner\/send-tidsindstillede-sms-beskeder\/\" aria-label=\"Dowiedz si\u0119 wi\u0119cej o Timed SMS - Zaplanuj wiadomo\u015bci\">Dowiedz si\u0119 wi\u0119cej<\/a><\/p>","protected":false},"author":1,"featured_media":0,"parent":958,"menu_order":9,"comment_status":"closed","ping_status":"closed","template":"","meta":{"_fl_builder_enabled":"1","_fl_builder_data":null,"_fl_builder_draft":null,"_fl_builder_data_settings":null,"_fl_builder_css":"","_fl_builder_css_version":"","_fl_builder_js":"","footnotes":""},"categories":[17],"tags":[],"class_list":{"0":"post-18648","1":"page","2":"type-page","3":"status-publish","5":"category-linkfracornorstone"},"yoast_head":"<!-- This site is optimized with the Yoast SEO Premium plugin v27.3 (Yoast SEO v27.3) - https:\/\/yoast.com\/product\/yoast-seo-premium-wordpress\/ -->\r\n<title>Tidsindstillet SMS | Send nemt tidsindstillede SMS beskeder \u2713<\/title>\r\n<meta name=\"description\" content=\"Planl\u00e6g og afsend tidsbestemte SMS fra SureSMS WEB portal. Send p\u00e5mindelser om aftaler, f\u00f8dselsdagshilsener. Integreret funktion i vores gratis abonnement.\" \/>\r\n<meta name=\"robots\" content=\"index, follow, max-snippet:-1, max-image-preview:large, max-video-preview:-1\" \/>\r\n<link rel=\"canonical\" href=\"https:\/\/suresms.com\/pl\/cechy\/wysylanie-wiadomosci-tekstowych-z-okreslonym-czasem\/\" \/>\r\n<meta property=\"og:locale\" content=\"pl_PL\" \/>\r\n<meta property=\"og:type\" content=\"article\" \/>\r\n<meta property=\"og:title\" content=\"Tidsindstillede SMS&#039;er - Planl\u00e6g beskeder\" \/>\r\n<meta property=\"og:description\" content=\"Planl\u00e6g og afsend tidsbestemte SMS fra SureSMS WEB portal. Send p\u00e5mindelser om aftaler, f\u00f8dselsdagshilsener. Integreret funktion i vores gratis abonnement.\" \/>\r\n<meta property=\"og:url\" content=\"https:\/\/suresms.com\/pl\/cechy\/wysylanie-wiadomosci-tekstowych-z-okreslonym-czasem\/\" \/>\r\n<meta property=\"article:publisher\" content=\"https:\/\/www.facebook.com\/p\/SureSMS-100044607956149\/\" \/>\r\n<meta property=\"article:modified_time\" content=\"2024-12-05T15:38:05+00:00\" \/>\r\n<meta name=\"twitter:card\" content=\"summary_large_image\" \/>\r\n<meta name=\"twitter:label1\" content=\"Szacowany czas czytania\" \/>\n\t<meta name=\"twitter:data1\" content=\"7 minut\" \/>\r\n<script type=\"application\/ld+json\" class=\"yoast-schema-graph\">{\"@context\":\"https:\\\/\\\/schema.org\",\"@graph\":[{\"@type\":\"WebPage\",\"@id\":\"https:\\\/\\\/suresms.com\\\/dk\\\/funktioner\\\/send-tidsindstillede-sms-beskeder\\\/\",\"url\":\"https:\\\/\\\/suresms.com\\\/dk\\\/funktioner\\\/send-tidsindstillede-sms-beskeder\\\/\",\"name\":\"Tidsindstillet SMS | Send nemt tidsindstillede SMS beskeder \u2713\",\"isPartOf\":{\"@id\":\"https:\\\/\\\/suresms.com\\\/en\\\/#website\"},\"datePublished\":\"2015-12-14T13:47:13+00:00\",\"dateModified\":\"2024-12-05T15:38:05+00:00\",\"description\":\"Planl\u00e6g og afsend tidsbestemte SMS fra SureSMS WEB portal. Send p\u00e5mindelser om aftaler, f\u00f8dselsdagshilsener. Integreret funktion i vores gratis abonnement.\",\"breadcrumb\":{\"@id\":\"https:\\\/\\\/suresms.com\\\/dk\\\/funktioner\\\/send-tidsindstillede-sms-beskeder\\\/#breadcrumb\"},\"inLanguage\":\"pl-PL\",\"potentialAction\":[{\"@type\":\"ReadAction\",\"target\":[\"https:\\\/\\\/suresms.com\\\/dk\\\/funktioner\\\/send-tidsindstillede-sms-beskeder\\\/\"]}]},{\"@type\":\"BreadcrumbList\",\"@id\":\"https:\\\/\\\/suresms.com\\\/dk\\\/funktioner\\\/send-tidsindstillede-sms-beskeder\\\/#breadcrumb\",\"itemListElement\":[{\"@type\":\"ListItem\",\"position\":1,\"name\":\"Home\",\"item\":\"https:\\\/\\\/suresms.com\\\/dk\\\/\"},{\"@type\":\"ListItem\",\"position\":2,\"name\":\"Funktioner\",\"item\":\"https:\\\/\\\/suresms.com\\\/dk\\\/funktioner\\\/\"},{\"@type\":\"ListItem\",\"position\":3,\"name\":\"Tidsindstillede SMS&#039;er &#8211; Planl\u00e6g beskeder\"}]},{\"@type\":\"WebSite\",\"@id\":\"https:\\\/\\\/suresms.com\\\/en\\\/#website\",\"url\":\"https:\\\/\\\/suresms.com\\\/en\\\/\",\"name\":\"SureSMS\",\"description\":\"Professionel SMS Gateway\",\"publisher\":{\"@id\":\"https:\\\/\\\/suresms.com\\\/en\\\/#organization\"},\"potentialAction\":[{\"@type\":\"SearchAction\",\"target\":{\"@type\":\"EntryPoint\",\"urlTemplate\":\"https:\\\/\\\/suresms.com\\\/en\\\/?s={search_term_string}\"},\"query-input\":{\"@type\":\"PropertyValueSpecification\",\"valueRequired\":true,\"valueName\":\"search_term_string\"}}],\"inLanguage\":\"pl-PL\"},{\"@type\":\"Organization\",\"@id\":\"https:\\\/\\\/suresms.com\\\/en\\\/#organization\",\"name\":\"SureSMS\",\"url\":\"https:\\\/\\\/suresms.com\\\/en\\\/\",\"logo\":{\"@type\":\"ImageObject\",\"inLanguage\":\"pl-PL\",\"@id\":\"https:\\\/\\\/suresms.com\\\/en\\\/#\\\/schema\\\/logo\\\/image\\\/\",\"url\":\"https:\\\/\\\/suresms.com\\\/wp-content\\\/uploads\\\/2024\\\/11\\\/suresms-300x65-1.png\",\"contentUrl\":\"https:\\\/\\\/suresms.com\\\/wp-content\\\/uploads\\\/2024\\\/11\\\/suresms-300x65-1.png\",\"width\":300,\"height\":65,\"caption\":\"SureSMS\"},\"image\":{\"@id\":\"https:\\\/\\\/suresms.com\\\/en\\\/#\\\/schema\\\/logo\\\/image\\\/\"},\"sameAs\":[\"https:\\\/\\\/www.facebook.com\\\/p\\\/SureSMS-100044607956149\\\/\"]}]}<\/script>\r\n<!-- \/ Yoast SEO Premium plugin. -->","yoast_head_json":{"title":"Czasowe wiadomo\u015bci SMS | \u0141atwe wysy\u0142anie czasowych wiadomo\u015bci SMS \u2713","description":"Planowanie i wysy\u0142anie wiadomo\u015bci SMS z portalu SureSMS WEB. Wysy\u0142aj przypomnienia o spotkaniach, \u017cyczenia urodzinowe. Zintegrowana funkcja w naszej bezp\u0142atnej subskrypcji.","robots":{"index":"index","follow":"follow","max-snippet":"max-snippet:-1","max-image-preview":"max-image-preview:large","max-video-preview":"max-video-preview:-1"},"canonical":"https:\/\/suresms.com\/pl\/cechy\/wysylanie-wiadomosci-tekstowych-z-okreslonym-czasem\/","og_locale":"pl_PL","og_type":"article","og_title":"Tidsindstillede SMS&#039;er - Planl\u00e6g beskeder","og_description":"Planl\u00e6g og afsend tidsbestemte SMS fra SureSMS WEB portal. Send p\u00e5mindelser om aftaler, f\u00f8dselsdagshilsener. Integreret funktion i vores gratis abonnement.","og_url":"https:\/\/suresms.com\/pl\/cechy\/wysylanie-wiadomosci-tekstowych-z-okreslonym-czasem\/","article_publisher":"https:\/\/www.facebook.com\/p\/SureSMS-100044607956149\/","article_modified_time":"2024-12-05T15:38:05+00:00","twitter_card":"summary_large_image","twitter_misc":{"Szacowany czas czytania":"7 minut"},"schema":{"@context":"https:\/\/schema.org","@graph":[{"@type":"WebPage","@id":"https:\/\/suresms.com\/dk\/funktioner\/send-tidsindstillede-sms-beskeder\/","url":"https:\/\/suresms.com\/dk\/funktioner\/send-tidsindstillede-sms-beskeder\/","name":"Czasowe wiadomo\u015bci SMS | \u0141atwe wysy\u0142anie czasowych wiadomo\u015bci SMS \u2713","isPartOf":{"@id":"https:\/\/suresms.com\/en\/#website"},"datePublished":"2015-12-14T13:47:13+00:00","dateModified":"2024-12-05T15:38:05+00:00","description":"Planowanie i wysy\u0142anie wiadomo\u015bci SMS z portalu SureSMS WEB. Wysy\u0142aj przypomnienia o spotkaniach, \u017cyczenia urodzinowe. Zintegrowana funkcja w naszej bezp\u0142atnej subskrypcji.","breadcrumb":{"@id":"https:\/\/suresms.com\/dk\/funktioner\/send-tidsindstillede-sms-beskeder\/#breadcrumb"},"inLanguage":"pl-PL","potentialAction":[{"@type":"ReadAction","target":["https:\/\/suresms.com\/dk\/funktioner\/send-tidsindstillede-sms-beskeder\/"]}]},{"@type":"BreadcrumbList","@id":"https:\/\/suresms.com\/dk\/funktioner\/send-tidsindstillede-sms-beskeder\/#breadcrumb","itemListElement":[{"@type":"ListItem","position":1,"name":"Home","item":"https:\/\/suresms.com\/dk\/"},{"@type":"ListItem","position":2,"name":"Funktioner","item":"https:\/\/suresms.com\/dk\/funktioner\/"},{"@type":"ListItem","position":3,"name":"Tidsindstillede SMS&#039;er &#8211; Planl\u00e6g beskeder"}]},{"@type":"WebSite","@id":"https:\/\/suresms.com\/en\/#website","url":"https:\/\/suresms.com\/en\/","name":"SureSMS","description":"Profesjonalna bramka SMS","publisher":{"@id":"https:\/\/suresms.com\/en\/#organization"},"potentialAction":[{"@type":"SearchAction","target":{"@type":"EntryPoint","urlTemplate":"https:\/\/suresms.com\/en\/?s={search_term_string}"},"query-input":{"@type":"PropertyValueSpecification","valueRequired":true,"valueName":"search_term_string"}}],"inLanguage":"pl-PL"},{"@type":"Organization","@id":"https:\/\/suresms.com\/en\/#organization","name":"SureSMS","url":"https:\/\/suresms.com\/en\/","logo":{"@type":"ImageObject","inLanguage":"pl-PL","@id":"https:\/\/suresms.com\/en\/#\/schema\/logo\/image\/","url":"https:\/\/suresms.com\/wp-content\/uploads\/2024\/11\/suresms-300x65-1.png","contentUrl":"https:\/\/suresms.com\/wp-content\/uploads\/2024\/11\/suresms-300x65-1.png","width":300,"height":65,"caption":"SureSMS"},"image":{"@id":"https:\/\/suresms.com\/en\/#\/schema\/logo\/image\/"},"sameAs":["https:\/\/www.facebook.com\/p\/SureSMS-100044607956149\/"]}]}},"_links":{"self":[{"href":"https:\/\/suresms.com\/pl\/wp-json\/wp\/v2\/pages\/18648","targetHints":{"allow":["GET"]}}],"collection":[{"href":"https:\/\/suresms.com\/pl\/wp-json\/wp\/v2\/pages"}],"about":[{"href":"https:\/\/suresms.com\/pl\/wp-json\/wp\/v2\/types\/page"}],"author":[{"embeddable":true,"href":"https:\/\/suresms.com\/pl\/wp-json\/wp\/v2\/users\/1"}],"replies":[{"embeddable":true,"href":"https:\/\/suresms.com\/pl\/wp-json\/wp\/v2\/comments?post=18648"}],"version-history":[{"count":3,"href":"https:\/\/suresms.com\/pl\/wp-json\/wp\/v2\/pages\/18648\/revisions"}],"predecessor-version":[{"id":19442,"href":"https:\/\/suresms.com\/pl\/wp-json\/wp\/v2\/pages\/18648\/revisions\/19442"}],"up":[{"embeddable":true,"href":"https:\/\/suresms.com\/pl\/wp-json\/wp\/v2\/pages\/958"}],"wp:attachment":[{"href":"https:\/\/suresms.com\/pl\/wp-json\/wp\/v2\/media?parent=18648"}],"wp:term":[{"taxonomy":"category","embeddable":true,"href":"https:\/\/suresms.com\/pl\/wp-json\/wp\/v2\/categories?post=18648"},{"taxonomy":"post_tag","embeddable":true,"href":"https:\/\/suresms.com\/pl\/wp-json\/wp\/v2\/tags?post=18648"}],"curies":[{"name":"wp","href":"https:\/\/api.w.org\/{rel}","templated":true}]}}