{"id":18594,"date":"2013-11-26T08:53:12","date_gmt":"2013-11-26T06:53:12","guid":{"rendered":"http:\/\/suresms-gateway.dk\/?page_id=9"},"modified":"2025-11-19T10:58:14","modified_gmt":"2025-11-19T10:58:14","slug":"o-suresms","status":"publish","type":"page","link":"https:\/\/suresms.com\/pl\/om-suresms\/","title":{"rendered":"Informacje o SureSMS"},"content":{"rendered":"<h1>\n\t\t\tInformacje o SureSMS\t<\/h1>\n\t<p>W Sure SMS tworzymy elastyczne i trwa\u0142e rozwi\u0105zania SMS dla profesjonalnych u\u017cytkownik\u00f3w. Oferujemy dobrze udokumentowane API dla stabilnej bramki SMS dla programist\u00f3w.<br \/>Jeste\u015bmy dobrzy w tym, co robimy! Wierzymy, \u017ce dzi\u0119ki dobremu rzemios\u0142u i wyra\u017anemu skupieniu si\u0119 na nowych rozwi\u0105zaniach technologicznych, tworzymy najlepsze rozwi\u0105zania w \u015bcis\u0142ej wsp\u00f3\u0142pracy z naszymi klientami.<\/p>\n\t\t\t\t<img decoding=\"async\" src=\"https:\/\/suresms.com\/wp-content\/uploads\/2013\/11\/startup550x250px.jpg\" alt=\"O wsp\u00f3\u0142pracy z klientami suresms\" itemprop=\"image\" height=\"250\" width=\"500\" title=\"o wsp\u00f3\u0142pracy z Suresms\" onerror=\"this.style.display='none'\" loading=\"lazy\" \/>\n<h3>Wsp\u00f3\u0142praca z nami<\/h3>Jeste\u015bmy przekonani, \u017ce osi\u0105gamy najlepsze wyniki, je\u015bli dzia\u0142amy zgodnie z opiniami naszych klient\u00f3w!<br \/>\nDlatego nie wystarczy, \u017ce zawsze zapewniamy niezawodn\u0105 bramk\u0119, kt\u00f3ra oferuje najlepsz\u0105 jako\u015b\u0107 i czas dzia\u0142ania dla dostarczania wiadomo\u015bci SMS.<br \/>\nZ nami mo\u017cesz oczekiwa\u0107 nieco wi\u0119cej. Nasze wsparcie jest zawsze zorientowane na obs\u0142ug\u0119 i spersonalizowane. Nie mamy \u017bADNYCH linii telefonicznych i nasi klienci powinni zawsze mie\u0107 mo\u017cliwo\u015b\u0107 \u0142atwego skontaktowania si\u0119 z \u017cywym, kompetentnym pracownikiem, kt\u00f3ry mo\u017ce bezp\u0142atnie pom\u00f3c w rozwi\u0105zaniu konkretnych problem\u00f3w lub udzieli\u0107 porady.<br \/>\nW SureSMS za\u0142atwiamy sprawy!\n\t\t\t\t<img decoding=\"async\" src=\"https:\/\/suresms.com\/wp-content\/uploads\/2013\/11\/bordfodbold-500x250px1.jpg\" alt=\"Informacje o bramce SMS SureSMS\" itemprop=\"image\" height=\"250\" width=\"500\" title=\"pi\u0142karzyki 500x250px\" onerror=\"this.style.display='none'\" loading=\"lazy\" \/>\n<h3>Nasz zesp\u00f3\u0142<\/h3>Jeste\u015bmy zespo\u0142em do\u015bwiadczonych i wysoko wykwalifikowanych du\u0144skich programist\u00f3w i operator\u00f3w, kt\u00f3rzy pracuj\u0105 z bramkami SMS i infrastruktur\u0105, w tym sieciami, bezpiecze\u0144stwem i serwerami od ponad 20 lat.<br \/>\nWraz z naszymi wykwalifikowanymi pracownikami ds. komunikacji i sprzeda\u017cy, ambitnie pracujemy nad stworzeniem najlepszej us\u0142ugi dla naszych klient\u00f3w.<br \/>\nZ naszej siedziby w Hvidovre w Danii wsp\u00f3\u0142pracujemy z naszymi programistami na ca\u0142ym \u015bwiecie, aby stale rozwija\u0107 nasz produkt, nasze us\u0142ugi i nasz\u0105 komunikacj\u0119, aby bezpiecznie dostarcza\u0107 wiadomo\u015bci do dowolnego telefonu kom\u00f3rkowego na \u015bwiecie\n<h3>\n\t\t\tWy\u015blij nam wiadomo\u015b\u0107\t<\/h3>\n<h3>\n\t\t\tTutaj mieszkamy\t<\/h3>\n<h3>\n\t\t\tSureSMS ApS\t<\/h3>\n\t<h5>Industrialholmen 82<br \/>DK-2650 Hvidovre, Dania<\/h5>\n\n<h5>KONTAKT:<br \/>Tel: +45 50 322 322<br \/>E-mail: info@suresms.com<br \/>CVR: 33263104<\/h5>\n\t\t<h3>Historia SureSMS<\/h3><p>SureSMS Aps to du\u0144ska firma z siedzib\u0105 w Hvidovre, kt\u00f3ra wysy\u0142a wiadomo\u015bci SMS od 2003 roku. Pomagamy firmom w Danii i za granic\u0105 dostarcza\u0107 rozwi\u0105zania SMS najwy\u017cszej jako\u015bci.<\/p>\n<h4>\n\t\t<a href=\"https:\/\/suresms.com\/pl\/kontakt\/\" title=\"W SureSMS zawsze otrzymujesz bezp\u0142atne wsparcie. Zadzwo\u0144 do nas pod numer 50 322 322 lub wy\u015blij nam wiadomo\u015b\u0107 e-mail TUTAJ!\"  target=\"_self\">\n\t\t\tW SureSMS zawsze otrzymujesz bezp\u0142atne wsparcie. Zadzwo\u0144 do nas pod numer 50 322 322 lub wy\u015blij nam wiadomo\u015b\u0107 e-mail TUTAJ!\t\t<\/a>\n\t<\/h4>","protected":false},"excerpt":{"rendered":"<p>O SureSMS W Sure SMS tworzymy elastyczne i trwa\u0142e rozwi\u0105zania SMS dla profesjonalnych u\u017cytkownik\u00f3w. Oferujemy dobrze udokumentowane API dla stabilnej bramki SMS dla programist\u00f3w. Wierzymy, \u017ce dzi\u0119ki dobremu rzemios\u0142u i wyra\u017anemu ukierunkowaniu na nowe rozwi\u0105zania technologiczne, tworzymy najlepsze rozwi\u0105zania w \u015bcis\u0142ej wsp\u00f3\u0142pracy z ... <a title=\"Informacje o SureSMS\" class=\"read-more\" href=\"https:\/\/suresms.com\/pl\/om-suresms\/\" aria-label=\"Dowiedz si\u0119 wi\u0119cej o Om SureSMS\">Dowiedz si\u0119 wi\u0119cej<\/a><\/p>","protected":false},"author":1,"featured_media":0,"parent":0,"menu_order":7,"comment_status":"closed","ping_status":"closed","template":"","meta":{"_fl_builder_enabled":"1","_fl_builder_data":null,"_fl_builder_draft":null,"_fl_builder_data_settings":null,"_fl_builder_css":"","_fl_builder_css_version":"","_fl_builder_js":"","footnotes":""},"categories":[],"tags":[],"class_list":["post-18594","page","type-page","status-publish"],"yoast_head":"<!-- This site is optimized with the Yoast SEO Premium plugin v27.3 (Yoast SEO v27.3) - https:\/\/yoast.com\/product\/yoast-seo-premium-wordpress\/ -->\r\n<title>Om SureSMS - F\u00e5 et indblik i vores erfaring og kompetencer<\/title>\r\n<meta name=\"description\" content=\"L\u00e6s her om SureSMS. Med 13 \u00e5rs erfaring p\u00e5 SMS markedet, er vi den professionelle l\u00f8sning til virksomheder og udviklere. SMS GAteway med kunden i centrum.\" \/>\r\n<meta name=\"robots\" content=\"index, follow, max-snippet:-1, max-image-preview:large, max-video-preview:-1\" \/>\r\n<link rel=\"canonical\" href=\"https:\/\/suresms.com\/pl\/o-suresms\/\" \/>\r\n<meta property=\"og:locale\" content=\"pl_PL\" \/>\r\n<meta property=\"og:type\" content=\"article\" \/>\r\n<meta property=\"og:title\" content=\"Om SureSMS\" \/>\r\n<meta property=\"og:description\" content=\"L\u00e6s om SureSMS en professionel SMS Gateway med kvalitetsl\u00f8sninger til professionelle.\" \/>\r\n<meta property=\"og:url\" content=\"https:\/\/suresms.com\/pl\/o-suresms\/\" \/>\r\n<meta property=\"article:publisher\" content=\"https:\/\/www.facebook.com\/p\/SureSMS-100044607956149\/\" \/>\r\n<meta property=\"article:modified_time\" content=\"2025-11-19T10:58:14+00:00\" \/>\r\n<meta name=\"twitter:card\" content=\"summary_large_image\" \/>\r\n<meta name=\"twitter:image\" content=\"https:\/\/suresms.com\/wp-content\/uploads\/2013\/11\/startup550x250px.jpg\" \/>\r\n<meta name=\"twitter:label1\" content=\"Szacowany czas czytania\" \/>\n\t<meta name=\"twitter:data1\" content=\"3 minuty\" \/>\r\n<script type=\"application\/ld+json\" class=\"yoast-schema-graph\">{\"@context\":\"https:\\\/\\\/schema.org\",\"@graph\":[{\"@type\":\"WebPage\",\"@id\":\"https:\\\/\\\/suresms.com\\\/dk\\\/om-suresms\\\/\",\"url\":\"https:\\\/\\\/suresms.com\\\/dk\\\/om-suresms\\\/\",\"name\":\"Om SureSMS - F\u00e5 et indblik i vores erfaring og kompetencer\",\"isPartOf\":{\"@id\":\"https:\\\/\\\/suresms.com\\\/en\\\/#website\"},\"primaryImageOfPage\":{\"@id\":\"https:\\\/\\\/suresms.com\\\/dk\\\/om-suresms\\\/#primaryimage\"},\"image\":{\"@id\":\"https:\\\/\\\/suresms.com\\\/dk\\\/om-suresms\\\/#primaryimage\"},\"thumbnailUrl\":\"https:\\\/\\\/suresms.com\\\/wp-content\\\/uploads\\\/2013\\\/11\\\/startup550x250px.jpg\",\"datePublished\":\"2013-11-26T06:53:12+00:00\",\"dateModified\":\"2025-11-19T10:58:14+00:00\",\"description\":\"L\u00e6s her om SureSMS. Med 13 \u00e5rs erfaring p\u00e5 SMS markedet, er vi den professionelle l\u00f8sning til virksomheder og udviklere. SMS GAteway med kunden i centrum.\",\"breadcrumb\":{\"@id\":\"https:\\\/\\\/suresms.com\\\/dk\\\/om-suresms\\\/#breadcrumb\"},\"inLanguage\":\"pl-PL\",\"potentialAction\":[{\"@type\":\"ReadAction\",\"target\":[\"https:\\\/\\\/suresms.com\\\/dk\\\/om-suresms\\\/\"]}]},{\"@type\":\"ImageObject\",\"inLanguage\":\"pl-PL\",\"@id\":\"https:\\\/\\\/suresms.com\\\/dk\\\/om-suresms\\\/#primaryimage\",\"url\":\"https:\\\/\\\/suresms.com\\\/wp-content\\\/uploads\\\/2013\\\/11\\\/startup550x250px.jpg\",\"contentUrl\":\"https:\\\/\\\/suresms.com\\\/wp-content\\\/uploads\\\/2013\\\/11\\\/startup550x250px.jpg\"},{\"@type\":\"BreadcrumbList\",\"@id\":\"https:\\\/\\\/suresms.com\\\/dk\\\/om-suresms\\\/#breadcrumb\",\"itemListElement\":[{\"@type\":\"ListItem\",\"position\":1,\"name\":\"Home\",\"item\":\"https:\\\/\\\/suresms.com\\\/dk\\\/\"},{\"@type\":\"ListItem\",\"position\":2,\"name\":\"Om SureSMS\"}]},{\"@type\":\"WebSite\",\"@id\":\"https:\\\/\\\/suresms.com\\\/en\\\/#website\",\"url\":\"https:\\\/\\\/suresms.com\\\/en\\\/\",\"name\":\"SureSMS\",\"description\":\"Professionel SMS Gateway\",\"publisher\":{\"@id\":\"https:\\\/\\\/suresms.com\\\/en\\\/#organization\"},\"potentialAction\":[{\"@type\":\"SearchAction\",\"target\":{\"@type\":\"EntryPoint\",\"urlTemplate\":\"https:\\\/\\\/suresms.com\\\/en\\\/?s={search_term_string}\"},\"query-input\":{\"@type\":\"PropertyValueSpecification\",\"valueRequired\":true,\"valueName\":\"search_term_string\"}}],\"inLanguage\":\"pl-PL\"},{\"@type\":\"Organization\",\"@id\":\"https:\\\/\\\/suresms.com\\\/en\\\/#organization\",\"name\":\"SureSMS\",\"url\":\"https:\\\/\\\/suresms.com\\\/en\\\/\",\"logo\":{\"@type\":\"ImageObject\",\"inLanguage\":\"pl-PL\",\"@id\":\"https:\\\/\\\/suresms.com\\\/en\\\/#\\\/schema\\\/logo\\\/image\\\/\",\"url\":\"https:\\\/\\\/suresms.com\\\/wp-content\\\/uploads\\\/2024\\\/11\\\/suresms-300x65-1.png\",\"contentUrl\":\"https:\\\/\\\/suresms.com\\\/wp-content\\\/uploads\\\/2024\\\/11\\\/suresms-300x65-1.png\",\"width\":300,\"height\":65,\"caption\":\"SureSMS\"},\"image\":{\"@id\":\"https:\\\/\\\/suresms.com\\\/en\\\/#\\\/schema\\\/logo\\\/image\\\/\"},\"sameAs\":[\"https:\\\/\\\/www.facebook.com\\\/p\\\/SureSMS-100044607956149\\\/\"]}]}<\/script>\r\n<!-- \/ Yoast SEO Premium plugin. -->","yoast_head_json":{"title":"O SureSMS - Poznaj nasze do\u015bwiadczenie i kompetencje","description":"Przeczytaj tutaj o SureSMS. Dzi\u0119ki 13-letniemu do\u015bwiadczeniu na rynku SMS jeste\u015bmy profesjonalnym rozwi\u0105zaniem dla firm i deweloper\u00f3w. SMS GAteway z klientem w centrum uwagi.","robots":{"index":"index","follow":"follow","max-snippet":"max-snippet:-1","max-image-preview":"max-image-preview:large","max-video-preview":"max-video-preview:-1"},"canonical":"https:\/\/suresms.com\/pl\/o-suresms\/","og_locale":"pl_PL","og_type":"article","og_title":"Om SureSMS","og_description":"L\u00e6s om SureSMS en professionel SMS Gateway med kvalitetsl\u00f8sninger til professionelle.","og_url":"https:\/\/suresms.com\/pl\/o-suresms\/","article_publisher":"https:\/\/www.facebook.com\/p\/SureSMS-100044607956149\/","article_modified_time":"2025-11-19T10:58:14+00:00","twitter_card":"summary_large_image","twitter_image":"https:\/\/suresms.com\/wp-content\/uploads\/2013\/11\/startup550x250px.jpg","twitter_misc":{"Szacowany czas czytania":"3 minuty"},"schema":{"@context":"https:\/\/schema.org","@graph":[{"@type":"WebPage","@id":"https:\/\/suresms.com\/dk\/om-suresms\/","url":"https:\/\/suresms.com\/dk\/om-suresms\/","name":"O SureSMS - Poznaj nasze do\u015bwiadczenie i kompetencje","isPartOf":{"@id":"https:\/\/suresms.com\/en\/#website"},"primaryImageOfPage":{"@id":"https:\/\/suresms.com\/dk\/om-suresms\/#primaryimage"},"image":{"@id":"https:\/\/suresms.com\/dk\/om-suresms\/#primaryimage"},"thumbnailUrl":"https:\/\/suresms.com\/wp-content\/uploads\/2013\/11\/startup550x250px.jpg","datePublished":"2013-11-26T06:53:12+00:00","dateModified":"2025-11-19T10:58:14+00:00","description":"Przeczytaj tutaj o SureSMS. Dzi\u0119ki 13-letniemu do\u015bwiadczeniu na rynku SMS jeste\u015bmy profesjonalnym rozwi\u0105zaniem dla firm i deweloper\u00f3w. SMS GAteway z klientem w centrum uwagi.","breadcrumb":{"@id":"https:\/\/suresms.com\/dk\/om-suresms\/#breadcrumb"},"inLanguage":"pl-PL","potentialAction":[{"@type":"ReadAction","target":["https:\/\/suresms.com\/dk\/om-suresms\/"]}]},{"@type":"ImageObject","inLanguage":"pl-PL","@id":"https:\/\/suresms.com\/dk\/om-suresms\/#primaryimage","url":"https:\/\/suresms.com\/wp-content\/uploads\/2013\/11\/startup550x250px.jpg","contentUrl":"https:\/\/suresms.com\/wp-content\/uploads\/2013\/11\/startup550x250px.jpg"},{"@type":"BreadcrumbList","@id":"https:\/\/suresms.com\/dk\/om-suresms\/#breadcrumb","itemListElement":[{"@type":"ListItem","position":1,"name":"Home","item":"https:\/\/suresms.com\/dk\/"},{"@type":"ListItem","position":2,"name":"Om SureSMS"}]},{"@type":"WebSite","@id":"https:\/\/suresms.com\/en\/#website","url":"https:\/\/suresms.com\/en\/","name":"SureSMS","description":"Profesjonalna bramka SMS","publisher":{"@id":"https:\/\/suresms.com\/en\/#organization"},"potentialAction":[{"@type":"SearchAction","target":{"@type":"EntryPoint","urlTemplate":"https:\/\/suresms.com\/en\/?s={search_term_string}"},"query-input":{"@type":"PropertyValueSpecification","valueRequired":true,"valueName":"search_term_string"}}],"inLanguage":"pl-PL"},{"@type":"Organization","@id":"https:\/\/suresms.com\/en\/#organization","name":"SureSMS","url":"https:\/\/suresms.com\/en\/","logo":{"@type":"ImageObject","inLanguage":"pl-PL","@id":"https:\/\/suresms.com\/en\/#\/schema\/logo\/image\/","url":"https:\/\/suresms.com\/wp-content\/uploads\/2024\/11\/suresms-300x65-1.png","contentUrl":"https:\/\/suresms.com\/wp-content\/uploads\/2024\/11\/suresms-300x65-1.png","width":300,"height":65,"caption":"SureSMS"},"image":{"@id":"https:\/\/suresms.com\/en\/#\/schema\/logo\/image\/"},"sameAs":["https:\/\/www.facebook.com\/p\/SureSMS-100044607956149\/"]}]}},"_links":{"self":[{"href":"https:\/\/suresms.com\/pl\/wp-json\/wp\/v2\/pages\/18594","targetHints":{"allow":["GET"]}}],"collection":[{"href":"https:\/\/suresms.com\/pl\/wp-json\/wp\/v2\/pages"}],"about":[{"href":"https:\/\/suresms.com\/pl\/wp-json\/wp\/v2\/types\/page"}],"author":[{"embeddable":true,"href":"https:\/\/suresms.com\/pl\/wp-json\/wp\/v2\/users\/1"}],"replies":[{"embeddable":true,"href":"https:\/\/suresms.com\/pl\/wp-json\/wp\/v2\/comments?post=18594"}],"version-history":[{"count":7,"href":"https:\/\/suresms.com\/pl\/wp-json\/wp\/v2\/pages\/18594\/revisions"}],"predecessor-version":[{"id":23554,"href":"https:\/\/suresms.com\/pl\/wp-json\/wp\/v2\/pages\/18594\/revisions\/23554"}],"wp:attachment":[{"href":"https:\/\/suresms.com\/pl\/wp-json\/wp\/v2\/media?parent=18594"}],"wp:term":[{"taxonomy":"category","embeddable":true,"href":"https:\/\/suresms.com\/pl\/wp-json\/wp\/v2\/categories?post=18594"},{"taxonomy":"post_tag","embeddable":true,"href":"https:\/\/suresms.com\/pl\/wp-json\/wp\/v2\/tags?post=18594"}],"curies":[{"name":"wp","href":"https:\/\/api.w.org\/{rel}","templated":true}]}}