{"id":18292,"date":"2024-08-26T13:27:40","date_gmt":"2024-08-26T11:27:40","guid":{"rendered":"https:\/\/www.suresms.com\/dk\/?page_id=18292"},"modified":"2025-01-15T14:18:17","modified_gmt":"2025-01-15T14:18:17","slug":"kontakty","status":"publish","type":"page","link":"https:\/\/suresms.com\/pl\/docs\/addressbook\/contacts\/","title":{"rendered":"Kontakty"},"content":{"rendered":"<!-- Flexy Breadcrumb -->\r\n\t\t\t<div class=\"fbc fbc-page\">\r\n\r\n\t\t\t\t<!-- Breadcrumb wrapper -->\r\n\t\t\t\t<div class=\"fbc-wrap\">\r\n\r\n\t\t\t\t\t<!-- Ordered list-->\r\n\t\t\t\t\t<ol class=\"fbc-items\" itemscope itemtype=\"https:\/\/schema.org\/BreadcrumbList\">\r\n\t\t\t\t\t\t            <li itemprop=\"itemListElement\" itemscope itemtype=\"https:\/\/schema.org\/ListItem\">\r\n                <span itemprop=\"name\">\r\n                    <!-- Home Link -->\r\n                    <a itemprop=\"item\" href=\"https:\/\/suresms.com\/pl\/\">\r\n                    \r\n                                                    <i class=\"fa fa-home\" aria-hidden=\"true\"><\/i>Strona g\u0142\u00f3wna                    <\/a>\r\n                <\/span>\r\n                <meta itemprop=\"position\" content=\"1\" \/><!-- Meta Position-->\r\n             <\/li><li><span class=\"fbc-separator\">\/<\/span><\/li><li class=\"active\" itemprop=\"itemListElement\" itemscope itemtype=\"https:\/\/schema.org\/ListItem\"><span itemprop=\"name\" title=\"Kontakty\">Kontakty<\/span><meta itemprop=\"position\" content=\"2\" \/><\/li>\t\t\t\t\t<\/ol>\r\n\t\t\t\t\t<div class=\"clearfix\"><\/div>\r\n\t\t\t\t<\/div>\r\n\t\t\t<\/div>\r\n\t\t\t\n<h1>\n\t\tKontakty\n\t<\/h1>\n\t<p>Tutaj mo\u017cna przeczyta\u0107 o ksi\u0105\u017cce adresowej w aplikacji SureSMS. Ksi\u0105\u017cka adresowa sk\u0142ada si\u0119 z Kontakt\u00f3w i Grup. Mo\u017cesz przeczyta\u0107 o <a href=\"https:\/\/suresms.com\/pl\/dokumenty\/ksiazka-adresowa\/grupy-i-listy\/\">Grupa tutaj<\/a>. Poni\u017cej mo\u017cna przeczyta\u0107, jak utworzy\u0107, edytowa\u0107 i usun\u0105\u0107 kontakt w ksi\u0105\u017cce adresowej.<\/p>\n<h2>\n\t\tLista kontakt\u00f3w\n\t<\/h2>\n\t<p>Zacznijmy od ekranu, na kt\u00f3rym wy\u015bwietlana jest lista kontakt\u00f3w. Zrzut ekranu mo\u017ce wygl\u0105da\u0107 nast\u0119puj\u0105co:<\/p>\n\t<p>Jak wida\u0107, lista zawiera najpierw ma\u0142y kwadrat, w kt\u00f3rym mo\u017cna wybra\u0107 kontakt. Nast\u0119pnie wy\u015bwietlane s\u0105 nast\u0119puj\u0105ce informacje: pe\u0142na nazwa kontaktu, kod kraju i numer telefonu.<\/p>\n<p>Je\u015bli wprowadzono adres e-mail kontaktu, pojawi si\u0119 on tutaj. Wy\u015bwietlane s\u0105 r\u00f3wnie\u017c wszelkie dodatkowe informacje, kt\u00f3re mog\u0142e\u015b wprowadzi\u0107 - wi\u0119cej na ten temat p\u00f3\u017aniej. Nast\u0119pnie mo\u017cesz zobaczy\u0107 liczb\u0119 pokazuj\u0105c\u0105, w ilu grupach znajduje si\u0119 kontakt i kiedy zosta\u0142 utworzony.<\/p>\n<p>Je\u015bli klikniesz o\u0142\u00f3wek obok prze\u0142\u0105cznika, b\u0119dziesz mie\u0107 mo\u017cliwo\u015b\u0107 poprawienia tych informacji.<\/p>\n\t\t\t\t<img loading=\"lazy\" decoding=\"async\" src=\"https:\/\/suresms.com\/wp-content\/uploads\/2024\/08\/Skaermbillede-2024-08-26-133800-1.png\" alt=\"Lista w ksi\u0105\u017cce adresowej\" itemprop=\"image\" height=\"1097\" width=\"2012\" title=\"Zrzut ekranu 2024-08-26 133800\" onerror=\"this.style.display='none'\"  \/>\n\t\t\t\t<img decoding=\"async\" src=\"https:\/\/suresms.com\/wp-content\/plugins\/bb-plugin\/img\/pixel.png\" alt=\"\" itemprop=\"image\" onerror=\"this.style.display='none'\"  \/>\n\t<p>W g\u00f3rnej cz\u0119\u015bci listy znajduje si\u0119 pasek akcji. Po pierwsze, mo\u017cesz przeszukiwa\u0107 swoje kontakty w polu wyszukiwania, mo\u017cesz wybra\u0107, ile kontakt\u00f3w chcesz zobaczy\u0107 naraz. Dost\u0119pny jest r\u00f3wnie\u017c przycisk \"Filtruj\". Jego klikni\u0119cie spowoduje rozwini\u0119cie menu filtrowania i wy\u015bwietlenie tylko tych kontakt\u00f3w, kt\u00f3re nale\u017c\u0105 do okre\u015blonej grupy. Jak pokazano powy\u017cej.<\/p>\n<h2>\n\t\tTworzenie, edytowanie lub usuwanie kontakt\u00f3w\n\t<\/h2>\n\t<p>Aby utworzy\u0107 kontakt, kliknij \"Opcje\" w prawym g\u00f3rnym rogu. Nast\u0119pnie wybierz\u00a0<em>Utw\u00f3rz nowy<\/em>.<\/p>\n\t<p>Wype\u0142nij ekran danymi kontaktowymi nowego kontaktu, jak pokazano na filmie po prawej stronie.<\/p>\n<p>Imi\u0119 i nazwisko, kod kraju i numer telefonu s\u0105 obowi\u0105zkowe. Adres e-mail i dodatkowe informacje s\u0105 opcjonalne.<\/p>\n<p>Kliknij o\u0142\u00f3wek obok kontaktu, je\u015bli chcesz poprawi\u0107 informacje na jego temat.<\/p>\n<p><em>PAMI\u0118TAJ: aby klikn\u0105\u0107 Zapisz po zmianie grup, do kt\u00f3rych nale\u017cy kontakt.<\/em><\/p>\n\t\t\t\t\t<video src=\"https:\/\/suresms.com\/wp-content\/uploads\/2024\/08\/Dokumentation-Opret-ret-og-slet-kontakt-1.mp4\" alt=\"hosted-video-thumbnail\"><\/video>\n\t\t<h2>\n\t\tImport lub eksport listy kontakt\u00f3w\n\t<\/h2>\n\t<p>Mo\u017cliwe jest importowanie kontakt\u00f3w z pliku. Mo\u017ce to by\u0107 plik CSV z systemu cz\u0142onkostwa, ksi\u0119gowo\u015bci lub systemu CRM. Kontakty s\u0105 importowane \"nad\" istniej\u0105cymi lub jako zupe\u0142nie nowy import - mo\u017cesz wybra\u0107.<\/p>\n\t<p>Zaloguj si\u0119 do swojego konta SureSMS tutaj : <a href=\"https:\/\/app.suresms.com\" target=\"_blank\" rel=\"noopener\">https:\/\/app.suresms.com<\/a><\/p>\n<p>W menu wybierz <em>Ksi\u0105\u017cka adresowa-&gt; Kontakty<\/em><\/p>\n<p>Kliknij przycisk <em>Wyb\u00f3r <\/em>w prawym g\u00f3rnym rogu<\/p>\n<p>Wybierz pozycj\u0119 menu\u00a0<em>Import z pliku<\/em><\/p>\n<p>Wybierz plik z komputera lokalnego<\/p>\n<p>Kliknij przycisk\u00a0<em>Analizatory<\/em><\/p>\n<p>Kliknij przycisk\u00a0<em>Import<\/em><\/p>\n<p>Nowe kontakty mo\u017cna teraz wy\u015bwietli\u0107 w ksi\u0105\u017cce adresowej.<\/p>\n<p>&nbsp;<\/p>\n<p>&nbsp;<\/p>\n\t\t\t\t\t<video src=\"https:\/\/suresms.com\/wp-content\/uploads\/2024\/10\/Dokumentation-Import-af-kontakter-til-adressebogen.mp4\" alt=\"hosted-video-thumbnail\"><\/video>\n\t\t<h2>\n\t\tDodaj tagi do kontaktu\n\t<\/h2>\n\t<p>Do kontaktu mo\u017cna dodawa\u0107 tagi lub etykiety. Ten tag mo\u017ce by\u0107 p\u00f3\u017aniej u\u017cyty do segmentacji wysy\u0142ki. Na przyk\u0142ad, je\u015bli jeste\u015b mechanikiem, mo\u017cesz doda\u0107 tag, kt\u00f3ry m\u00f3wi, jak\u0105 mark\u0119 samochodu ma odbiorca. Je\u015bli masz sklep internetowy, kt\u00f3ry sprzedaje zwierz\u0119ta, mo\u017cesz doda\u0107, jakie zwierz\u0119 ma kontakt - kota, psa, borsuka :-).<\/p>\n<p>Dodaj etykiet\u0119 z przegl\u0105du kontakt\u00f3w, zaznaczaj\u0105c kontakty, kt\u00f3re powinny mie\u0107 etykiet\u0119\/etykiet\u0119.<\/p>\n<p>&nbsp;<\/p>\n\t\t\t\t<img decoding=\"async\" src=\"https:\/\/suresms.com\/wp-content\/plugins\/bb-plugin\/img\/pixel.png\" alt=\"\" itemprop=\"image\" onerror=\"this.style.display='none'\"  \/>\n\t<p>Nast\u0119pnie kliknij\u00a0<em>Wyb\u00f3r<\/em> w prawym g\u00f3rnym rogu i kliknij \"Dodaj tag\".<\/p>\n<p>&nbsp;<\/p>\n\t\t\t\t<img decoding=\"async\" src=\"https:\/\/suresms.com\/wp-content\/plugins\/bb-plugin\/img\/pixel.png\" alt=\"\" itemprop=\"image\" onerror=\"this.style.display='none'\"  \/>\n\t<p>Nast\u0119pnie wpisz etykiet\u0119, kt\u00f3r\u0105 chcesz do\u0142\u0105czy\u0107 do kontaktu. W tym przypadku wybrali\u015bmy <em>Ketchers\u00a0<\/em>jako naklejka.<\/p>\n<p>&nbsp;<\/p>","protected":false},"excerpt":{"rendered":"<p>Kontakty Tutaj mo\u017cna przeczyta\u0107 o ksi\u0105\u017cce adresowej w aplikacji SureSMS. Ksi\u0105\u017cka adresowa sk\u0142ada si\u0119 z Kontakt\u00f3w i Grup. Informacje o grupach mo\u017cna znale\u017a\u0107 tutaj. Poni\u017cej mo\u017cna przeczyta\u0107, jak utworzy\u0107, edytowa\u0107 i usun\u0105\u0107 kontakt w ksi\u0105\u017cce adresowej. Lista kontakt\u00f3w Zacznijmy od ekranu, na kt\u00f3rym widoczna jest lista kontakt\u00f3w. Zrzut ekranu... <a title=\"Kontakty\" class=\"read-more\" href=\"https:\/\/suresms.com\/pl\/docs\/addressbook\/contacts\/\" aria-label=\"Dowiedz si\u0119 wi\u0119cej o Kontaktach\">Dowiedz si\u0119 wi\u0119cej<\/a><\/p>","protected":false},"author":1,"featured_media":0,"parent":18172,"menu_order":0,"comment_status":"closed","ping_status":"closed","template":"","meta":{"_fl_builder_enabled":"1","_fl_builder_data":null,"_fl_builder_draft":null,"_fl_builder_data_settings":null,"_fl_builder_css":"","_fl_builder_css_version":"","_fl_builder_js":"","footnotes":""},"categories":[],"tags":[],"class_list":["post-18292","page","type-page","status-publish"],"yoast_head":"<!-- This site is optimized with the Yoast SEO Premium plugin v27.3 (Yoast SEO v27.3) - https:\/\/yoast.com\/product\/yoast-seo-premium-wordpress\/ -->\r\n<title>Kontakter -<\/title>\r\n<meta name=\"robots\" content=\"index, follow, max-snippet:-1, max-image-preview:large, max-video-preview:-1\" \/>\r\n<link rel=\"canonical\" href=\"https:\/\/suresms.com\/pl\/dokumenty\/ksiazka-adresowa\/kontakty\/\" \/>\r\n<meta property=\"og:locale\" content=\"pl_PL\" \/>\r\n<meta property=\"og:type\" content=\"article\" \/>\r\n<meta property=\"og:title\" content=\"Kontakter\" \/>\r\n<meta property=\"og:description\" content=\"Kontakter Her kan du l\u00e6se om adressebogen i SureSMS. Adressebogen best\u00e5r af Kontakter og Grupper. Du kan l\u00e6se om Grupper her. Herunder kan du l\u00e6se hvordan du opretter, retter og sletter en kontakt i din adressebog. Liste over kontakter Lad os starte med at se p\u00e5 det sk\u00e6rmbillede hvor man ser listen af kontakter. Sk\u00e6rmbilledet ... Dowiedz si\u0119 wi\u0119cej\" \/>\r\n<meta property=\"og:url\" content=\"https:\/\/suresms.com\/pl\/dokumenty\/ksiazka-adresowa\/kontakty\/\" \/>\r\n<meta property=\"article:publisher\" content=\"https:\/\/www.facebook.com\/p\/SureSMS-100044607956149\/\" \/>\r\n<meta property=\"article:modified_time\" content=\"2025-01-15T14:18:17+00:00\" \/>\r\n<meta property=\"og:image\" content=\"https:\/\/suresms.com\/wp-content\/uploads\/2024\/08\/Skaermbillede-2024-08-26-133800-1.png\" \/>\r\n<meta name=\"twitter:card\" content=\"summary_large_image\" \/>\r\n<meta name=\"twitter:label1\" content=\"Szacowany czas czytania\" \/>\n\t<meta name=\"twitter:data1\" content=\"3 minuty\" \/>\r\n<script type=\"application\/ld+json\" class=\"yoast-schema-graph\">{\"@context\":\"https:\\\/\\\/schema.org\",\"@graph\":[{\"@type\":\"WebPage\",\"@id\":\"https:\\\/\\\/suresms.com\\\/dk\\\/docs\\\/addressbook\\\/contacts\\\/\",\"url\":\"https:\\\/\\\/suresms.com\\\/dk\\\/docs\\\/addressbook\\\/contacts\\\/\",\"name\":\"Kontakter -\",\"isPartOf\":{\"@id\":\"https:\\\/\\\/suresms.com\\\/en\\\/#website\"},\"primaryImageOfPage\":{\"@id\":\"https:\\\/\\\/suresms.com\\\/dk\\\/docs\\\/addressbook\\\/contacts\\\/#primaryimage\"},\"image\":{\"@id\":\"https:\\\/\\\/suresms.com\\\/dk\\\/docs\\\/addressbook\\\/contacts\\\/#primaryimage\"},\"thumbnailUrl\":\"https:\\\/\\\/suresms.com\\\/wp-content\\\/uploads\\\/2024\\\/08\\\/Skaermbillede-2024-08-26-133800-1.png\",\"datePublished\":\"2024-08-26T11:27:40+00:00\",\"dateModified\":\"2025-01-15T14:18:17+00:00\",\"breadcrumb\":{\"@id\":\"https:\\\/\\\/suresms.com\\\/dk\\\/docs\\\/addressbook\\\/contacts\\\/#breadcrumb\"},\"inLanguage\":\"pl-PL\",\"potentialAction\":[{\"@type\":\"ReadAction\",\"target\":[\"https:\\\/\\\/suresms.com\\\/dk\\\/docs\\\/addressbook\\\/contacts\\\/\"]}]},{\"@type\":\"ImageObject\",\"inLanguage\":\"pl-PL\",\"@id\":\"https:\\\/\\\/suresms.com\\\/dk\\\/docs\\\/addressbook\\\/contacts\\\/#primaryimage\",\"url\":\"https:\\\/\\\/suresms.com\\\/wp-content\\\/uploads\\\/2024\\\/08\\\/Skaermbillede-2024-08-26-133800-1.png\",\"contentUrl\":\"https:\\\/\\\/suresms.com\\\/wp-content\\\/uploads\\\/2024\\\/08\\\/Skaermbillede-2024-08-26-133800-1.png\"},{\"@type\":\"BreadcrumbList\",\"@id\":\"https:\\\/\\\/suresms.com\\\/dk\\\/docs\\\/addressbook\\\/contacts\\\/#breadcrumb\",\"itemListElement\":[{\"@type\":\"ListItem\",\"position\":1,\"name\":\"Home\",\"item\":\"https:\\\/\\\/suresms.com\\\/dk\\\/\"},{\"@type\":\"ListItem\",\"position\":2,\"name\":\"Dokumentation\",\"item\":\"https:\\\/\\\/suresms.com\\\/dk\\\/docs\\\/\"},{\"@type\":\"ListItem\",\"position\":3,\"name\":\"Adressebog\",\"item\":\"https:\\\/\\\/suresms.com\\\/dk\\\/docs\\\/addressbook\\\/\"},{\"@type\":\"ListItem\",\"position\":4,\"name\":\"Kontakter\"}]},{\"@type\":\"WebSite\",\"@id\":\"https:\\\/\\\/suresms.com\\\/en\\\/#website\",\"url\":\"https:\\\/\\\/suresms.com\\\/en\\\/\",\"name\":\"SureSMS\",\"description\":\"Professionel SMS Gateway\",\"publisher\":{\"@id\":\"https:\\\/\\\/suresms.com\\\/en\\\/#organization\"},\"potentialAction\":[{\"@type\":\"SearchAction\",\"target\":{\"@type\":\"EntryPoint\",\"urlTemplate\":\"https:\\\/\\\/suresms.com\\\/en\\\/?s={search_term_string}\"},\"query-input\":{\"@type\":\"PropertyValueSpecification\",\"valueRequired\":true,\"valueName\":\"search_term_string\"}}],\"inLanguage\":\"pl-PL\"},{\"@type\":\"Organization\",\"@id\":\"https:\\\/\\\/suresms.com\\\/en\\\/#organization\",\"name\":\"SureSMS\",\"url\":\"https:\\\/\\\/suresms.com\\\/en\\\/\",\"logo\":{\"@type\":\"ImageObject\",\"inLanguage\":\"pl-PL\",\"@id\":\"https:\\\/\\\/suresms.com\\\/en\\\/#\\\/schema\\\/logo\\\/image\\\/\",\"url\":\"https:\\\/\\\/suresms.com\\\/wp-content\\\/uploads\\\/2024\\\/11\\\/suresms-300x65-1.png\",\"contentUrl\":\"https:\\\/\\\/suresms.com\\\/wp-content\\\/uploads\\\/2024\\\/11\\\/suresms-300x65-1.png\",\"width\":300,\"height\":65,\"caption\":\"SureSMS\"},\"image\":{\"@id\":\"https:\\\/\\\/suresms.com\\\/en\\\/#\\\/schema\\\/logo\\\/image\\\/\"},\"sameAs\":[\"https:\\\/\\\/www.facebook.com\\\/p\\\/SureSMS-100044607956149\\\/\"]}]}<\/script>\r\n<!-- \/ Yoast SEO Premium plugin. -->","yoast_head_json":{"title":"Kontakty -","robots":{"index":"index","follow":"follow","max-snippet":"max-snippet:-1","max-image-preview":"max-image-preview:large","max-video-preview":"max-video-preview:-1"},"canonical":"https:\/\/suresms.com\/pl\/dokumenty\/ksiazka-adresowa\/kontakty\/","og_locale":"pl_PL","og_type":"article","og_title":"Kontakter","og_description":"Kontakter Her kan du l\u00e6se om adressebogen i SureSMS. Adressebogen best\u00e5r af Kontakter og Grupper. Du kan l\u00e6se om Grupper her. Herunder kan du l\u00e6se hvordan du opretter, retter og sletter en kontakt i din adressebog. Liste over kontakter Lad os starte med at se p\u00e5 det sk\u00e6rmbillede hvor man ser listen af kontakter. Sk\u00e6rmbilledet ... Dowiedz si\u0119 wi\u0119cej","og_url":"https:\/\/suresms.com\/pl\/dokumenty\/ksiazka-adresowa\/kontakty\/","article_publisher":"https:\/\/www.facebook.com\/p\/SureSMS-100044607956149\/","article_modified_time":"2025-01-15T14:18:17+00:00","og_image":[{"url":"https:\/\/suresms.com\/wp-content\/uploads\/2024\/08\/Skaermbillede-2024-08-26-133800-1.png","type":"","width":"","height":""}],"twitter_card":"summary_large_image","twitter_misc":{"Szacowany czas czytania":"3 minuty"},"schema":{"@context":"https:\/\/schema.org","@graph":[{"@type":"WebPage","@id":"https:\/\/suresms.com\/dk\/docs\/addressbook\/contacts\/","url":"https:\/\/suresms.com\/dk\/docs\/addressbook\/contacts\/","name":"Kontakty -","isPartOf":{"@id":"https:\/\/suresms.com\/en\/#website"},"primaryImageOfPage":{"@id":"https:\/\/suresms.com\/dk\/docs\/addressbook\/contacts\/#primaryimage"},"image":{"@id":"https:\/\/suresms.com\/dk\/docs\/addressbook\/contacts\/#primaryimage"},"thumbnailUrl":"https:\/\/suresms.com\/wp-content\/uploads\/2024\/08\/Skaermbillede-2024-08-26-133800-1.png","datePublished":"2024-08-26T11:27:40+00:00","dateModified":"2025-01-15T14:18:17+00:00","breadcrumb":{"@id":"https:\/\/suresms.com\/dk\/docs\/addressbook\/contacts\/#breadcrumb"},"inLanguage":"pl-PL","potentialAction":[{"@type":"ReadAction","target":["https:\/\/suresms.com\/dk\/docs\/addressbook\/contacts\/"]}]},{"@type":"ImageObject","inLanguage":"pl-PL","@id":"https:\/\/suresms.com\/dk\/docs\/addressbook\/contacts\/#primaryimage","url":"https:\/\/suresms.com\/wp-content\/uploads\/2024\/08\/Skaermbillede-2024-08-26-133800-1.png","contentUrl":"https:\/\/suresms.com\/wp-content\/uploads\/2024\/08\/Skaermbillede-2024-08-26-133800-1.png"},{"@type":"BreadcrumbList","@id":"https:\/\/suresms.com\/dk\/docs\/addressbook\/contacts\/#breadcrumb","itemListElement":[{"@type":"ListItem","position":1,"name":"Home","item":"https:\/\/suresms.com\/dk\/"},{"@type":"ListItem","position":2,"name":"Dokumentation","item":"https:\/\/suresms.com\/dk\/docs\/"},{"@type":"ListItem","position":3,"name":"Adressebog","item":"https:\/\/suresms.com\/dk\/docs\/addressbook\/"},{"@type":"ListItem","position":4,"name":"Kontakter"}]},{"@type":"WebSite","@id":"https:\/\/suresms.com\/en\/#website","url":"https:\/\/suresms.com\/en\/","name":"SureSMS","description":"Profesjonalna bramka SMS","publisher":{"@id":"https:\/\/suresms.com\/en\/#organization"},"potentialAction":[{"@type":"SearchAction","target":{"@type":"EntryPoint","urlTemplate":"https:\/\/suresms.com\/en\/?s={search_term_string}"},"query-input":{"@type":"PropertyValueSpecification","valueRequired":true,"valueName":"search_term_string"}}],"inLanguage":"pl-PL"},{"@type":"Organization","@id":"https:\/\/suresms.com\/en\/#organization","name":"SureSMS","url":"https:\/\/suresms.com\/en\/","logo":{"@type":"ImageObject","inLanguage":"pl-PL","@id":"https:\/\/suresms.com\/en\/#\/schema\/logo\/image\/","url":"https:\/\/suresms.com\/wp-content\/uploads\/2024\/11\/suresms-300x65-1.png","contentUrl":"https:\/\/suresms.com\/wp-content\/uploads\/2024\/11\/suresms-300x65-1.png","width":300,"height":65,"caption":"SureSMS"},"image":{"@id":"https:\/\/suresms.com\/en\/#\/schema\/logo\/image\/"},"sameAs":["https:\/\/www.facebook.com\/p\/SureSMS-100044607956149\/"]}]}},"_links":{"self":[{"href":"https:\/\/suresms.com\/pl\/wp-json\/wp\/v2\/pages\/18292","targetHints":{"allow":["GET"]}}],"collection":[{"href":"https:\/\/suresms.com\/pl\/wp-json\/wp\/v2\/pages"}],"about":[{"href":"https:\/\/suresms.com\/pl\/wp-json\/wp\/v2\/types\/page"}],"author":[{"embeddable":true,"href":"https:\/\/suresms.com\/pl\/wp-json\/wp\/v2\/users\/1"}],"replies":[{"embeddable":true,"href":"https:\/\/suresms.com\/pl\/wp-json\/wp\/v2\/comments?post=18292"}],"version-history":[{"count":8,"href":"https:\/\/suresms.com\/pl\/wp-json\/wp\/v2\/pages\/18292\/revisions"}],"predecessor-version":[{"id":21535,"href":"https:\/\/suresms.com\/pl\/wp-json\/wp\/v2\/pages\/18292\/revisions\/21535"}],"up":[{"embeddable":true,"href":"https:\/\/suresms.com\/pl\/wp-json\/wp\/v2\/pages\/18172"}],"wp:attachment":[{"href":"https:\/\/suresms.com\/pl\/wp-json\/wp\/v2\/media?parent=18292"}],"wp:term":[{"taxonomy":"category","embeddable":true,"href":"https:\/\/suresms.com\/pl\/wp-json\/wp\/v2\/categories?post=18292"},{"taxonomy":"post_tag","embeddable":true,"href":"https:\/\/suresms.com\/pl\/wp-json\/wp\/v2\/tags?post=18292"}],"curies":[{"name":"wp","href":"https:\/\/api.w.org\/{rel}","templated":true}]}}