{"id":18290,"date":"2024-08-26T13:26:01","date_gmt":"2024-08-26T11:26:01","guid":{"rendered":"https:\/\/www.suresms.com\/dk\/?page_id=18290"},"modified":"2025-07-05T04:12:22","modified_gmt":"2025-07-05T04:12:22","slug":"grupy-i-listy","status":"publish","type":"page","link":"https:\/\/suresms.com\/pl\/docs\/addressbook\/groups-and-lists\/","title":{"rendered":"Grupy i listy"},"content":{"rendered":"<!-- Flexy Breadcrumb -->\r\n\t\t\t<div class=\"fbc fbc-page\">\r\n\r\n\t\t\t\t<!-- Breadcrumb wrapper -->\r\n\t\t\t\t<div class=\"fbc-wrap\">\r\n\r\n\t\t\t\t\t<!-- Ordered list-->\r\n\t\t\t\t\t<ol class=\"fbc-items\" itemscope itemtype=\"https:\/\/schema.org\/BreadcrumbList\">\r\n\t\t\t\t\t\t            <li itemprop=\"itemListElement\" itemscope itemtype=\"https:\/\/schema.org\/ListItem\">\r\n                <span itemprop=\"name\">\r\n                    <!-- Home Link -->\r\n                    <a itemprop=\"item\" href=\"https:\/\/suresms.com\/pl\/\">\r\n                    \r\n                                                    <i class=\"fa fa-home\" aria-hidden=\"true\"><\/i>Strona g\u0142\u00f3wna                    <\/a>\r\n                <\/span>\r\n                <meta itemprop=\"position\" content=\"1\" \/><!-- Meta Position-->\r\n             <\/li><li><span class=\"fbc-separator\">\/<\/span><\/li><li class=\"active\" itemprop=\"itemListElement\" itemscope itemtype=\"https:\/\/schema.org\/ListItem\"><span itemprop=\"name\" title=\"Grupy i listy\">Grupy i listy<\/span><meta itemprop=\"position\" content=\"2\" \/><\/li>\t\t\t\t\t<\/ol>\r\n\t\t\t\t\t<div class=\"clearfix\"><\/div>\r\n\t\t\t\t<\/div>\r\n\t\t\t<\/div>\r\n\t\t\t\n<h1>\n\t\t\tGrupy i listy\t<\/h1>\n\t<p>Poni\u017cej mo\u017cesz przeczyta\u0107 o zrzucie ekranu\u00a0<em>Grupy<\/em>. Ka\u017cde pole jest wyja\u015bnione, a dla niekt\u00f3rych opis\u00f3w dost\u0119pne s\u0105 szczeg\u00f3\u0142owe linki.<\/p>\n<h2>\n\t\t\tUtw\u00f3rz now\u0105 grup\u0119\t<\/h2>\n\t<p>Zacznijmy od przyjrzenia si\u0119, jak utworzy\u0107 grup\u0119.<\/p>\n\t<p>Zaloguj si\u0119 do swojego konta SureSMS tutaj : <a href=\"https:\/\/app.suresms.com\" target=\"_blank\" rel=\"noopener\">https:\/\/app.suresms.com<\/a><\/p>\n<p>W menu wybierz <em>Ksi\u0105\u017cka adresowa -&gt; Grupy<\/em><\/p>\n<p>W prawym g\u00f3rnym rogu kliknij <em>\"Wyb\u00f3r\"<\/em><\/p>\n<p>Wybierz <em>Utw\u00f3rz nowy <\/em>\u00a0w podmenu<\/p>\n<p>Wprowad\u017a przynajmniej nazw\u0119 grupy. Poni\u017cej znajduje si\u0119 zrzut ekranu z obja\u015bnieniami dla ka\u017cdego pola.<\/p>\n<p>Zako\u0144cz, klikaj\u0105c <em>Klejnot<\/em><\/p>\n\t\t\t\t\t<video src=\"https:\/\/suresms.com\/wp-content\/uploads\/2024\/07\/Dokumentation-Bestille-afsendernavn.mp4\" alt=\"hosted-video-thumbnail\"><\/video>\n\t\t<h2>\n\t\t\tPola grupy\t<\/h2>\n\t\t\t\t<img decoding=\"async\" src=\"https:\/\/suresms.com\/wp-content\/uploads\/2025\/01\/Adressebog-Grupper-01.png\" alt=\"Ksi\u0105\u017cka adresowa - Grupy - 01\" itemprop=\"image\" title=\"Ksi\u0105\u017cka adresowa - Grupy - 01\" onerror=\"this.style.display='none'\" loading='lazy' \/>\n\t\t\t\t\t\t\t\t\t\t<h4 tabindex=\"0\">Nazwa grupy<\/h4>\n\t\t\t\t\t<p>Jest to nazwa samej grupy. Istnieje tutaj rozs\u0105dna swoboda wyboru. Grupa nie mo\u017ce jednak zaczyna\u0107 si\u0119 od liczby. Niedozwolone jest r\u00f3wnie\u017c u\u017cywanie nawias\u00f3w.\u00a0<\/p>\n\t\t\t\t\t\t\t\t\t\t<h4 tabindex=\"0\">Adres URL dla niestandardowego CSS<\/h4>\n\t\t\t\t\t<p>Je\u015bli publicznie dost\u0119pny formularz rejestracji musi korzysta\u0107 z arkusza styl\u00f3w z w\u0142asnej witryny, mo\u017cesz wstawi\u0107 tutaj adres URL. Oznacza to, \u017ce ten adres URL b\u0119dzie zazwyczaj wskazywa\u0142 na plik CSS na twojej w\u0142asnej stronie.\u00a0<\/p>\n\t\t\t\t\t\t\t\t\t\t<h4 tabindex=\"0\">Opis<\/h4>\n\t\t\t\t\t<p>Tutaj mo\u017cna utworzy\u0107 opis grupy. Je\u015bli masz s\u0142ab\u0105 pami\u0119\u0107 lub je\u015bli kilku z was korzysta z grup w tym samym czasie. Opis mo\u017ce r\u00f3wnie\u017c pojawi\u0107 si\u0119 w formularzu rejestracyjnym, je\u015bli chcesz.\u00a0<\/p>\n\t\t\t\t\t\t\t\t\t\t<h4 tabindex=\"0\">Adres URL do obrazu t\u0142a<\/h4>\n\t\t\t\t\t<p>Je\u015bli chcesz, aby obraz by\u0142 t\u0142em formularza rejestracyjnego, mo\u017cesz doda\u0107 go tutaj.\u00a0<\/p>\n\t\t\t\t\t\t\t\t\t\t<h4 tabindex=\"0\">Zawsze u\u017cywaj nazwy nadawcy<\/h4>\n\t\t\t\t\t<p>To ustawienie okre\u015bla nazw\u0119 nadawcy u\u017cywan\u0105 podczas wysy\u0142ania do grupy. Nazw\u0119 mo\u017cna wybra\u0107 z listy. Mo\u017cna r\u00f3wnie\u017c wybra\u0107 opcj\u0119 nie ustawiania.\u00a0<\/p>\n\t\t\t\t\t\t\t\t\t\t<h4 tabindex=\"0\">Wy\u0142\u0105czanie przychodz\u0105cych wiadomo\u015bci SMS do grupy<\/h4>\n\t\t\t\t\t<p>Mo\u017cna wys\u0142a\u0107 wiadomo\u015b\u0107 SMS do SureSMS, kt\u00f3ra zostanie nast\u0119pnie przekazana do grupy. To zaznaczenie wy\u0142\u0105cza t\u0119 funkcj\u0119.\u00a0<\/p>\n\t\t\t\t\t\t\t\t\t\t<h4 tabindex=\"0\">Podw\u00f3jna zgoda<\/h4>\n\t\t\t\t\t<p>Je\u015bli u\u017cytkownik zapisuje si\u0119 na list\u0119 za po\u015brednictwem strony internetowej, nie mamy pewno\u015bci, czy wprowadzi\u0142 sw\u00f3j w\u0142asny numer, czy po prostu wprowadzi\u0142 go poprawnie. W przypadku podw\u00f3jnej zgody wysy\u0142amy wiadomo\u015b\u0107 SMS na numer, na kt\u00f3ry nale\u017cy odpowiedzie\u0107, zanim subskrypcja stanie si\u0119 aktywna.\u00a0<\/p>\n<h2>\n\t\t\tDodawanie nowych cz\u0142onk\u00f3w do grupy\t<\/h2>\n\t<p>Zawsze mo\u017cna doda\u0107 nowych cz\u0142onk\u00f3w do istniej\u0105cej grupy. Przed dodaniem kontaktu do istniej\u0105cej grupy nale\u017cy utworzy\u0107 nowy kontakt. <a href=\"https:\/\/suresms.com\/pl\/dokumenty\/ksiazka-adresowa\/kontakty\/#___Opret_ret_eller_slet_kontakt__\">Tutaj mo\u017cesz zobaczy\u0107, jak utworzy\u0107 nowy kontakt.\u00a0<\/a><\/p>\n\t<p>W menu wybierz opcj\u0119 Ksi\u0105\u017cka adresowa <em>-&gt; Grupy\u00a0<\/em><\/p>\n<p>Obok grupy, do kt\u00f3rej chcesz doda\u0107 cz\u0142onka, kliknij niebieski o\u0142\u00f3wek, aby edytowa\u0107 grup\u0119.<\/p>\n<p>Po prawej stronie ekranu znajduj\u0105 si\u0119 dwie listy: Kontakty i Cz\u0142onkowie. Kontakty to wszystkie Twoje kontakty, a Cz\u0142onkowie to lista kontakt\u00f3w, kt\u00f3re s\u0105 cz\u0142onkami tej grupy.<\/p>\n<p>Zaznacz pola wyboru obok znak\u00f3w po lewej stronie, kt\u00f3re chcesz uwzgl\u0119dni\u0107 w grupie.<\/p>\n<p>Kliknij zielon\u0105 strza\u0142k\u0119.<\/p>\n<p>Kliknij przycisk Zapisz<\/p>\n<p>Teraz do grupy do\u0142\u0105czy\u0142y nowe kontakty.<\/p>\n<h2>\n\t\t\tUsuwanie kontaktu z grupy\t<\/h2>\n\t<p>Mo\u017cliwe jest usuni\u0119cie kontaktu z grupy. Mo\u017cna to zrobi\u0107 poprzez ca\u0142kowite usuni\u0119cie kontaktu (<a href=\"https:\/\/suresms.com\/pl\/dokumenty\/ksiazka-adresowa\/kontakty\/#___Opret_ret_eller_slet_kontakt__\">wi\u0119cej informacji tutaj<\/a>) lub mo\u017cesz wypisa\u0107 kontakt z grupy. Zobacz, jak to zrobi\u0107 poni\u017cej:<\/p>\n\t<p>W menu wybierz Ksi\u0105\u017cka adresowa -&gt; Grupy<\/p>\n<p>Obok grupy, do kt\u00f3rej chcesz doda\u0107 cz\u0142onka, kliknij niebieski o\u0142\u00f3wek, aby edytowa\u0107 grup\u0119.<\/p>\n<p>Po prawej stronie ekranu znajduj\u0105 si\u0119 dwie listy: Kontakty i Cz\u0142onkowie. Kontakty to wszystkie Twoje kontakty, a Cz\u0142onkowie to lista kontakt\u00f3w, kt\u00f3re s\u0105 cz\u0142onkami tej grupy.<\/p>\n<p>Znajd\u017a na prawej li\u015bcie kontakt, kt\u00f3ry chcesz usun\u0105\u0107. Zaznacz ten kontakt.<\/p>\n<p>Kliknij czerwon\u0105 strza\u0142k\u0119.<\/p>\n<p>Kliknij przycisk Zapisz<\/p>\n<p>Teraz kontakt jest usuwany z grupy, ale nie z ksi\u0105\u017cki adresowej.<\/p>","protected":false},"excerpt":{"rendered":"<p>Grupy i listy Poni\u017cej znajduj\u0105 si\u0119 informacje na temat ekranu Grupy. Ka\u017cde pole jest wyja\u015bnione, a dla niekt\u00f3rych opis\u00f3w dost\u0119pne s\u0105 szczeg\u00f3\u0142owe linki. Tworzenie nowej grupy Zacznijmy od przyjrzenia si\u0119, jak utworzy\u0107 grup\u0119. Zaloguj si\u0119 do swojego konta SureSMS tutaj: https:\/\/app.suresms.com W menu wybierz Ksi\u0105\u017cka adresowa -&gt; Grupy W prawym g\u00f3rnym... <a title=\"Grupy i listy\" class=\"read-more\" href=\"https:\/\/suresms.com\/pl\/docs\/addressbook\/groups-and-lists\/\" aria-label=\"Dowiedz si\u0119 wi\u0119cej o grupach i formach\">Dowiedz si\u0119 wi\u0119cej<\/a><\/p>","protected":false},"author":1,"featured_media":0,"parent":18172,"menu_order":0,"comment_status":"closed","ping_status":"closed","template":"","meta":{"_fl_builder_enabled":"1","_fl_builder_data":null,"_fl_builder_draft":null,"_fl_builder_data_settings":null,"_fl_builder_css":"","_fl_builder_css_version":"","_fl_builder_js":"","footnotes":""},"categories":[],"tags":[],"class_list":["post-18290","page","type-page","status-publish"],"yoast_head":"<!-- This site is optimized with the Yoast SEO Premium plugin v27.3 (Yoast SEO v27.3) - https:\/\/yoast.com\/product\/yoast-seo-premium-wordpress\/ -->\r\n<title>Grupper og Lister -<\/title>\r\n<meta name=\"robots\" content=\"index, follow, max-snippet:-1, max-image-preview:large, max-video-preview:-1\" \/>\r\n<link rel=\"canonical\" href=\"https:\/\/suresms.com\/pl\/dokumenty\/ksiazka-adresowa\/grupy-i-listy\/\" \/>\r\n<meta property=\"og:locale\" content=\"pl_PL\" \/>\r\n<meta property=\"og:type\" content=\"article\" \/>\r\n<meta property=\"og:title\" content=\"Grupper og Lister\" \/>\r\n<meta property=\"og:description\" content=\"Grupper og Lister Herunder kan du l\u00e6se om sk\u00e6rmbilledet\u00a0Grupper. Hvert felt er forklaret og uddybende link er tilg\u00e6ngelige for nogle beskrivelser. Opret ny gruppe Lad os starte med at se p\u00e5 hvordan man opretter en gruppe. Log ind p\u00e5 din SureSMS konto her : https:\/\/app.suresms.com I menuen v\u00e6lger du Adressebog -&gt; Grupper I \u00f8verste h\u00f8jre ... Dowiedz si\u0119 wi\u0119cej\" \/>\r\n<meta property=\"og:url\" content=\"https:\/\/suresms.com\/pl\/dokumenty\/ksiazka-adresowa\/grupy-i-listy\/\" \/>\r\n<meta property=\"article:publisher\" content=\"https:\/\/www.facebook.com\/p\/SureSMS-100044607956149\/\" \/>\r\n<meta property=\"article:modified_time\" content=\"2025-07-05T04:12:22+00:00\" \/>\r\n<meta property=\"og:image\" content=\"https:\/\/suresms.com\/wp-content\/uploads\/2025\/01\/Adressebog-Grupper-01.png\" \/>\r\n<meta name=\"twitter:card\" content=\"summary_large_image\" \/>\r\n<meta name=\"twitter:label1\" content=\"Szacowany czas czytania\" \/>\n\t<meta name=\"twitter:data1\" content=\"3 minuty\" \/>\r\n<script type=\"application\/ld+json\" class=\"yoast-schema-graph\">{\"@context\":\"https:\\\/\\\/schema.org\",\"@graph\":[{\"@type\":\"WebPage\",\"@id\":\"https:\\\/\\\/suresms.com\\\/dk\\\/docs\\\/addressbook\\\/groups-and-lists\\\/\",\"url\":\"https:\\\/\\\/suresms.com\\\/dk\\\/docs\\\/addressbook\\\/groups-and-lists\\\/\",\"name\":\"Grupper og Lister -\",\"isPartOf\":{\"@id\":\"https:\\\/\\\/suresms.com\\\/en\\\/#website\"},\"primaryImageOfPage\":{\"@id\":\"https:\\\/\\\/suresms.com\\\/dk\\\/docs\\\/addressbook\\\/groups-and-lists\\\/#primaryimage\"},\"image\":{\"@id\":\"https:\\\/\\\/suresms.com\\\/dk\\\/docs\\\/addressbook\\\/groups-and-lists\\\/#primaryimage\"},\"thumbnailUrl\":\"https:\\\/\\\/suresms.com\\\/wp-content\\\/uploads\\\/2025\\\/01\\\/Adressebog-Grupper-01.png\",\"datePublished\":\"2024-08-26T11:26:01+00:00\",\"dateModified\":\"2025-07-05T04:12:22+00:00\",\"breadcrumb\":{\"@id\":\"https:\\\/\\\/suresms.com\\\/dk\\\/docs\\\/addressbook\\\/groups-and-lists\\\/#breadcrumb\"},\"inLanguage\":\"pl-PL\",\"potentialAction\":[{\"@type\":\"ReadAction\",\"target\":[\"https:\\\/\\\/suresms.com\\\/dk\\\/docs\\\/addressbook\\\/groups-and-lists\\\/\"]}]},{\"@type\":\"ImageObject\",\"inLanguage\":\"pl-PL\",\"@id\":\"https:\\\/\\\/suresms.com\\\/dk\\\/docs\\\/addressbook\\\/groups-and-lists\\\/#primaryimage\",\"url\":\"https:\\\/\\\/suresms.com\\\/wp-content\\\/uploads\\\/2025\\\/01\\\/Adressebog-Grupper-01.png\",\"contentUrl\":\"https:\\\/\\\/suresms.com\\\/wp-content\\\/uploads\\\/2025\\\/01\\\/Adressebog-Grupper-01.png\"},{\"@type\":\"BreadcrumbList\",\"@id\":\"https:\\\/\\\/suresms.com\\\/dk\\\/docs\\\/addressbook\\\/groups-and-lists\\\/#breadcrumb\",\"itemListElement\":[{\"@type\":\"ListItem\",\"position\":1,\"name\":\"Home\",\"item\":\"https:\\\/\\\/suresms.com\\\/dk\\\/\"},{\"@type\":\"ListItem\",\"position\":2,\"name\":\"Dokumentation\",\"item\":\"https:\\\/\\\/suresms.com\\\/dk\\\/docs\\\/\"},{\"@type\":\"ListItem\",\"position\":3,\"name\":\"Adressebog\",\"item\":\"https:\\\/\\\/suresms.com\\\/dk\\\/docs\\\/addressbook\\\/\"},{\"@type\":\"ListItem\",\"position\":4,\"name\":\"Grupper og Lister\"}]},{\"@type\":\"WebSite\",\"@id\":\"https:\\\/\\\/suresms.com\\\/en\\\/#website\",\"url\":\"https:\\\/\\\/suresms.com\\\/en\\\/\",\"name\":\"SureSMS\",\"description\":\"Professionel SMS Gateway\",\"publisher\":{\"@id\":\"https:\\\/\\\/suresms.com\\\/en\\\/#organization\"},\"potentialAction\":[{\"@type\":\"SearchAction\",\"target\":{\"@type\":\"EntryPoint\",\"urlTemplate\":\"https:\\\/\\\/suresms.com\\\/en\\\/?s={search_term_string}\"},\"query-input\":{\"@type\":\"PropertyValueSpecification\",\"valueRequired\":true,\"valueName\":\"search_term_string\"}}],\"inLanguage\":\"pl-PL\"},{\"@type\":\"Organization\",\"@id\":\"https:\\\/\\\/suresms.com\\\/en\\\/#organization\",\"name\":\"SureSMS\",\"url\":\"https:\\\/\\\/suresms.com\\\/en\\\/\",\"logo\":{\"@type\":\"ImageObject\",\"inLanguage\":\"pl-PL\",\"@id\":\"https:\\\/\\\/suresms.com\\\/en\\\/#\\\/schema\\\/logo\\\/image\\\/\",\"url\":\"https:\\\/\\\/suresms.com\\\/wp-content\\\/uploads\\\/2024\\\/11\\\/suresms-300x65-1.png\",\"contentUrl\":\"https:\\\/\\\/suresms.com\\\/wp-content\\\/uploads\\\/2024\\\/11\\\/suresms-300x65-1.png\",\"width\":300,\"height\":65,\"caption\":\"SureSMS\"},\"image\":{\"@id\":\"https:\\\/\\\/suresms.com\\\/en\\\/#\\\/schema\\\/logo\\\/image\\\/\"},\"sameAs\":[\"https:\\\/\\\/www.facebook.com\\\/p\\\/SureSMS-100044607956149\\\/\"]}]}<\/script>\r\n<!-- \/ Yoast SEO Premium plugin. -->","yoast_head_json":{"title":"Grupy i listy - Grupy i listy","robots":{"index":"index","follow":"follow","max-snippet":"max-snippet:-1","max-image-preview":"max-image-preview:large","max-video-preview":"max-video-preview:-1"},"canonical":"https:\/\/suresms.com\/pl\/dokumenty\/ksiazka-adresowa\/grupy-i-listy\/","og_locale":"pl_PL","og_type":"article","og_title":"Grupper og Lister","og_description":"Grupper og Lister Herunder kan du l\u00e6se om sk\u00e6rmbilledet\u00a0Grupper. Hvert felt er forklaret og uddybende link er tilg\u00e6ngelige for nogle beskrivelser. Opret ny gruppe Lad os starte med at se p\u00e5 hvordan man opretter en gruppe. Log ind p\u00e5 din SureSMS konto her : https:\/\/app.suresms.com I menuen v\u00e6lger du Adressebog -&gt; Grupper I \u00f8verste h\u00f8jre ... Dowiedz si\u0119 wi\u0119cej","og_url":"https:\/\/suresms.com\/pl\/dokumenty\/ksiazka-adresowa\/grupy-i-listy\/","article_publisher":"https:\/\/www.facebook.com\/p\/SureSMS-100044607956149\/","article_modified_time":"2025-07-05T04:12:22+00:00","og_image":[{"url":"https:\/\/suresms.com\/wp-content\/uploads\/2025\/01\/Adressebog-Grupper-01.png","type":"","width":"","height":""}],"twitter_card":"summary_large_image","twitter_misc":{"Szacowany czas czytania":"3 minuty"},"schema":{"@context":"https:\/\/schema.org","@graph":[{"@type":"WebPage","@id":"https:\/\/suresms.com\/dk\/docs\/addressbook\/groups-and-lists\/","url":"https:\/\/suresms.com\/dk\/docs\/addressbook\/groups-and-lists\/","name":"Grupy i listy - Grupy i listy","isPartOf":{"@id":"https:\/\/suresms.com\/en\/#website"},"primaryImageOfPage":{"@id":"https:\/\/suresms.com\/dk\/docs\/addressbook\/groups-and-lists\/#primaryimage"},"image":{"@id":"https:\/\/suresms.com\/dk\/docs\/addressbook\/groups-and-lists\/#primaryimage"},"thumbnailUrl":"https:\/\/suresms.com\/wp-content\/uploads\/2025\/01\/Adressebog-Grupper-01.png","datePublished":"2024-08-26T11:26:01+00:00","dateModified":"2025-07-05T04:12:22+00:00","breadcrumb":{"@id":"https:\/\/suresms.com\/dk\/docs\/addressbook\/groups-and-lists\/#breadcrumb"},"inLanguage":"pl-PL","potentialAction":[{"@type":"ReadAction","target":["https:\/\/suresms.com\/dk\/docs\/addressbook\/groups-and-lists\/"]}]},{"@type":"ImageObject","inLanguage":"pl-PL","@id":"https:\/\/suresms.com\/dk\/docs\/addressbook\/groups-and-lists\/#primaryimage","url":"https:\/\/suresms.com\/wp-content\/uploads\/2025\/01\/Adressebog-Grupper-01.png","contentUrl":"https:\/\/suresms.com\/wp-content\/uploads\/2025\/01\/Adressebog-Grupper-01.png"},{"@type":"BreadcrumbList","@id":"https:\/\/suresms.com\/dk\/docs\/addressbook\/groups-and-lists\/#breadcrumb","itemListElement":[{"@type":"ListItem","position":1,"name":"Home","item":"https:\/\/suresms.com\/dk\/"},{"@type":"ListItem","position":2,"name":"Dokumentation","item":"https:\/\/suresms.com\/dk\/docs\/"},{"@type":"ListItem","position":3,"name":"Adressebog","item":"https:\/\/suresms.com\/dk\/docs\/addressbook\/"},{"@type":"ListItem","position":4,"name":"Grupper og Lister"}]},{"@type":"WebSite","@id":"https:\/\/suresms.com\/en\/#website","url":"https:\/\/suresms.com\/en\/","name":"SureSMS","description":"Profesjonalna bramka SMS","publisher":{"@id":"https:\/\/suresms.com\/en\/#organization"},"potentialAction":[{"@type":"SearchAction","target":{"@type":"EntryPoint","urlTemplate":"https:\/\/suresms.com\/en\/?s={search_term_string}"},"query-input":{"@type":"PropertyValueSpecification","valueRequired":true,"valueName":"search_term_string"}}],"inLanguage":"pl-PL"},{"@type":"Organization","@id":"https:\/\/suresms.com\/en\/#organization","name":"SureSMS","url":"https:\/\/suresms.com\/en\/","logo":{"@type":"ImageObject","inLanguage":"pl-PL","@id":"https:\/\/suresms.com\/en\/#\/schema\/logo\/image\/","url":"https:\/\/suresms.com\/wp-content\/uploads\/2024\/11\/suresms-300x65-1.png","contentUrl":"https:\/\/suresms.com\/wp-content\/uploads\/2024\/11\/suresms-300x65-1.png","width":300,"height":65,"caption":"SureSMS"},"image":{"@id":"https:\/\/suresms.com\/en\/#\/schema\/logo\/image\/"},"sameAs":["https:\/\/www.facebook.com\/p\/SureSMS-100044607956149\/"]}]}},"_links":{"self":[{"href":"https:\/\/suresms.com\/pl\/wp-json\/wp\/v2\/pages\/18290","targetHints":{"allow":["GET"]}}],"collection":[{"href":"https:\/\/suresms.com\/pl\/wp-json\/wp\/v2\/pages"}],"about":[{"href":"https:\/\/suresms.com\/pl\/wp-json\/wp\/v2\/types\/page"}],"author":[{"embeddable":true,"href":"https:\/\/suresms.com\/pl\/wp-json\/wp\/v2\/users\/1"}],"replies":[{"embeddable":true,"href":"https:\/\/suresms.com\/pl\/wp-json\/wp\/v2\/comments?post=18290"}],"version-history":[{"count":4,"href":"https:\/\/suresms.com\/pl\/wp-json\/wp\/v2\/pages\/18290\/revisions"}],"predecessor-version":[{"id":23450,"href":"https:\/\/suresms.com\/pl\/wp-json\/wp\/v2\/pages\/18290\/revisions\/23450"}],"up":[{"embeddable":true,"href":"https:\/\/suresms.com\/pl\/wp-json\/wp\/v2\/pages\/18172"}],"wp:attachment":[{"href":"https:\/\/suresms.com\/pl\/wp-json\/wp\/v2\/media?parent=18290"}],"wp:term":[{"taxonomy":"category","embeddable":true,"href":"https:\/\/suresms.com\/pl\/wp-json\/wp\/v2\/categories?post=18290"},{"taxonomy":"post_tag","embeddable":true,"href":"https:\/\/suresms.com\/pl\/wp-json\/wp\/v2\/tags?post=18290"}],"curies":[{"name":"wp","href":"https:\/\/api.w.org\/{rel}","templated":true}]}}